{"id":8223,"date":"2023-11-30T11:06:09","date_gmt":"2023-11-30T11:06:09","guid":{"rendered":"https:\/\/riwal-wpn.acceptatie.indicia-interactiv.nl\/nl\/?page_id=8223"},"modified":"2024-01-03T14:18:43","modified_gmt":"2024-01-03T14:18:43","slug":"bouw","status":"publish","type":"page","link":"https:\/\/riwal-wpn.acceptatie.indicia-interactiv.nl\/be\/expertise\/sectoren\/bouw\/","title":{"rendered":"Bouw"},"content":{"rendered":"<div class=\"rental-wp-default-block rental-theme-block-default-margin\">\n\t\t\t\t\t\t\t\t<div class=\"container\">\n<div class=\"wp-block-columns is-layout-flex wp-container-core-columns-is-layout-28f84493 wp-block-columns-is-layout-flex\">\n<div class=\"wp-block-column is-layout-flow wp-block-column-is-layout-flow\" style=\"flex-basis:66.66%\">\n<h1 class=\"wp-block-heading\" id=\"h-veilig-werken-op-hoogte-de-perfecte-hoogwerkers-voor-in-de-bouw-0\">Veilig werken op hoogte, de perfecte hoogwerkers voor in de bouw<\/h1>\n\n\n\n<p>Riwal heeft jarenlange ervaring in de bouwsector en biedt voor ieder bouwproject de juiste oplossing. Wij zijn een totaalleverancier van hoogwerkers, verreikers en heftrucks. Zo vind je bij ons alles onder \u00e9\u00e9n dak, waardoor je met \u00e9\u00e9n leverancier kunt werken en de transportbeweging op jouw bouwproject minimaal houdt.<\/p>\n\n\n\n<p>Ruim assortiment specialistische machines voor de bouw, zoals ruwterrein- en rupshoogwerkers.<br>Riwal kan je adviseren tijdens de planning van het bouwproject en zelfs een on-site machinedepot leveren, waardoor je tijdig de juiste machine voorhanden hebt en kosten bespaart op transport.<br><br>We bieden verschillende maatwerkoplossingen, zoals 230V aansluiting, verlichting, extra brede werkbak en een hijsjib op verreikers.Wij komen graag langs voor een werkopname en voorzien u van passend advies.<\/p>\n<\/div>\n\n\n\n<div class=\"wp-block-column is-layout-flow wp-block-column-is-layout-flow\" style=\"flex-basis:33.33%\">\n<figure class=\"wp-block-image size-full is-resized\"><img loading=\"lazy\" decoding=\"async\" width=\"900\" height=\"900\" src=\"https:\/\/riwal-wpn.acceptatie.indicia-interactiv.nl\/app\/uploads\/sites\/34\/2023\/08\/JLG-H340AJ-1.jpg\" alt=\"\" class=\"wp-image-2692\" style=\"width:335px;height:auto\" srcset=\"https:\/\/riwal-wpn.acceptatie.indicia-interactiv.nl\/app\/uploads\/sites\/34\/2023\/08\/JLG-H340AJ-1.jpg 900w, https:\/\/riwal-wpn.acceptatie.indicia-interactiv.nl\/app\/uploads\/sites\/34\/2023\/08\/JLG-H340AJ-1-300x300.jpg 300w, https:\/\/riwal-wpn.acceptatie.indicia-interactiv.nl\/app\/uploads\/sites\/34\/2023\/08\/JLG-H340AJ-1-150x150.jpg 150w, https:\/\/riwal-wpn.acceptatie.indicia-interactiv.nl\/app\/uploads\/sites\/34\/2023\/08\/JLG-H340AJ-1-768x768.jpg 768w, https:\/\/riwal-wpn.acceptatie.indicia-interactiv.nl\/app\/uploads\/sites\/34\/2023\/08\/JLG-H340AJ-1-178x178.jpg 178w, https:\/\/riwal-wpn.acceptatie.indicia-interactiv.nl\/app\/uploads\/sites\/34\/2023\/08\/JLG-H340AJ-1-390x390.jpg 390w, https:\/\/riwal-wpn.acceptatie.indicia-interactiv.nl\/app\/uploads\/sites\/34\/2023\/08\/JLG-H340AJ-1-628x628.jpg 628w, https:\/\/riwal-wpn.acceptatie.indicia-interactiv.nl\/app\/uploads\/sites\/34\/2023\/08\/JLG-H340AJ-1-726x726.jpg 726w, https:\/\/riwal-wpn.acceptatie.indicia-interactiv.nl\/app\/uploads\/sites\/34\/2023\/08\/JLG-H340AJ-1-200x200.jpg 200w, https:\/\/riwal-wpn.acceptatie.indicia-interactiv.nl\/app\/uploads\/sites\/34\/2023\/08\/JLG-H340AJ-1-490x490.jpg 490w, https:\/\/riwal-wpn.acceptatie.indicia-interactiv.nl\/app\/uploads\/sites\/34\/2023\/08\/JLG-H340AJ-1-237x237.jpg 237w, https:\/\/riwal-wpn.acceptatie.indicia-interactiv.nl\/app\/uploads\/sites\/34\/2023\/08\/JLG-H340AJ-1-474x474.jpg 474w\" sizes=\"auto, (max-width: 900px) 100vw, 900px\" \/><\/figure>\n<\/div>\n<\/div>\n<\/div>\n\t\t\t\t\t\t\t<\/div> \n\n<div class=\"rental-wp-default-block rental-theme-block-default-margin\">\n\t\t\t\t\t\t\t\t<div class=\"container\">\n<div class=\"wp-block-columns is-layout-flex wp-container-core-columns-is-layout-28f84493 wp-block-columns-is-layout-flex\">\n<div class=\"wp-block-column is-layout-flow wp-block-column-is-layout-flow\" style=\"flex-basis:33.33%\">\n<figure class=\"wp-block-image size-full is-resized\"><img loading=\"lazy\" decoding=\"async\" width=\"1024\" height=\"683\" src=\"https:\/\/riwal-wpn.acceptatie.indicia-interactiv.nl\/app\/uploads\/sites\/34\/2023\/11\/RWL-1024x683-huurvloot.jpg\" alt=\"\" class=\"wp-image-7750\" style=\"width:382px;height:auto\" srcset=\"https:\/\/riwal-wpn.acceptatie.indicia-interactiv.nl\/app\/uploads\/sites\/34\/2023\/11\/RWL-1024x683-huurvloot.jpg 1024w, https:\/\/riwal-wpn.acceptatie.indicia-interactiv.nl\/app\/uploads\/sites\/34\/2023\/11\/RWL-1024x683-huurvloot-300x200.jpg 300w, https:\/\/riwal-wpn.acceptatie.indicia-interactiv.nl\/app\/uploads\/sites\/34\/2023\/11\/RWL-1024x683-huurvloot-768x512.jpg 768w, https:\/\/riwal-wpn.acceptatie.indicia-interactiv.nl\/app\/uploads\/sites\/34\/2023\/11\/RWL-1024x683-huurvloot-178x119.jpg 178w, https:\/\/riwal-wpn.acceptatie.indicia-interactiv.nl\/app\/uploads\/sites\/34\/2023\/11\/RWL-1024x683-huurvloot-390x260.jpg 390w, https:\/\/riwal-wpn.acceptatie.indicia-interactiv.nl\/app\/uploads\/sites\/34\/2023\/11\/RWL-1024x683-huurvloot-830x554.jpg 830w, https:\/\/riwal-wpn.acceptatie.indicia-interactiv.nl\/app\/uploads\/sites\/34\/2023\/11\/RWL-1024x683-huurvloot-250x167.jpg 250w, https:\/\/riwal-wpn.acceptatie.indicia-interactiv.nl\/app\/uploads\/sites\/34\/2023\/11\/RWL-1024x683-huurvloot-620x414.jpg 620w, https:\/\/riwal-wpn.acceptatie.indicia-interactiv.nl\/app\/uploads\/sites\/34\/2023\/11\/RWL-1024x683-huurvloot-237x158.jpg 237w, https:\/\/riwal-wpn.acceptatie.indicia-interactiv.nl\/app\/uploads\/sites\/34\/2023\/11\/RWL-1024x683-huurvloot-474x316.jpg 474w\" sizes=\"auto, (max-width: 1024px) 100vw, 1024px\" \/><\/figure>\n<\/div>\n\n\n\n<div class=\"wp-block-column is-layout-flow wp-block-column-is-layout-flow\" style=\"flex-basis:66.66%\">\n<h2 class=\"wp-block-heading\" id=\"h-veilig-werken-op-hoogte\">Veilig werken op hoogte<\/h2>\n\n\n\n<p>Riwal verzorgt opleidingen op hoog niveau. Tijdens deze opleidingen leert u de machines of hijssystemen waar u dagelijks mee werkt optimaal te bedienen. Onze instructeurs zijn expert in veilig, ergonomisch en effici\u00ebnt werken op hoogte. Jaarlijks leiden we meer dan 2.000 cursisten op tot vakkundige bedieners. Als u de opleiding correct afrondt ontvangt u het waardevolle IPAF, SOG of TCVT certificaat. Hiermee kunt u aantonen dat u voldoet aan de wettelijke verplichting van deskundigheid. Belangrijker nog, u weet precies hoe u uw werkzaamheden zo effici\u00ebnt mogelijk en op een veilige manier kunt uitvoeren.<\/p>\n\n\n\n<div class=\"wp-block-buttons is-content-justification-right is-layout-flex wp-container-core-buttons-is-layout-d445cf74 wp-block-buttons-is-layout-flex\"><\/div>\n<\/div>\n<\/div>\n<\/div>\n\t\t\t\t\t\t\t<\/div> ","protected":false},"excerpt":{"rendered":"<p>Veilig werken op hoogte, de perfecte hoogwerkers voor in de bouw Riwal heeft jarenlange ervaring in de bouwsector en biedt voor ieder bouwproject de juiste oplossing. Wij zijn een totaalleverancier van hoogwerkers, verreikers en heftrucks. Zo vind je bij ons alles onder \u00e9\u00e9n dak, waardoor je met \u00e9\u00e9n leverancier kunt werken en de transportbeweging op &hellip; <a href=\"https:\/\/riwal-wpn.acceptatie.indicia-interactiv.nl\/be\/expertise\/sectoren\/bouw\/\">Verder<\/a><\/p>\n","protected":false},"author":50,"featured_media":0,"parent":8172,"menu_order":2,"comment_status":"closed","ping_status":"closed","template":"","meta":{"_acf_changed":false,"editor_notices":[],"footnotes":""},"class_list":["post-8223","page","type-page","status-publish","hentry"],"acf":[],"yoast_head":"<!-- This site is optimized with the Yoast SEO Premium plugin v27.1 (Yoast SEO v27.1.1) - https:\/\/yoast.com\/product\/yoast-seo-premium-wordpress\/ -->\n<title>Bouw - Riwal Belgium<\/title>\n<meta name=\"robots\" content=\"noindex, follow, max-snippet:-1, max-image-preview:large, max-video-preview:-1\" \/>\n<meta property=\"og:locale\" content=\"nl_BE\" \/>\n<meta property=\"og:type\" content=\"article\" \/>\n<meta property=\"og:title\" content=\"Bouw\" \/>\n<meta property=\"og:description\" content=\"Veilig werken op hoogte, de perfecte hoogwerkers voor in de bouw Riwal heeft jarenlange ervaring in de bouwsector en biedt voor ieder bouwproject de juiste oplossing. Wij zijn een totaalleverancier van hoogwerkers, verreikers en heftrucks. Zo vind je bij ons alles onder \u00e9\u00e9n dak, waardoor je met \u00e9\u00e9n leverancier kunt werken en de transportbeweging op &hellip; Verder\" \/>\n<meta property=\"og:url\" content=\"http:\/\/riwal-wpn.acceptatie.indicia-interactiv.nl\/be\/expertise\/sectoren\/bouw\/\" \/>\n<meta property=\"og:site_name\" content=\"Riwal Belgium\" \/>\n<meta property=\"article:modified_time\" content=\"2024-01-03T14:18:43+00:00\" \/>\n<meta property=\"og:image\" content=\"https:\/\/riwal-wpn.acceptatie.indicia-interactiv.nl\/app\/uploads\/sites\/34\/2023\/08\/JLG-H340AJ-1.jpg\" \/>\n<meta name=\"twitter:card\" content=\"summary_large_image\" \/>\n<meta name=\"twitter:label1\" content=\"Est. reading time\" \/>\n\t<meta name=\"twitter:data1\" content=\"2 minuten\" \/>\n<script type=\"application\/ld+json\" class=\"yoast-schema-graph\">{\"@context\":\"https:\/\/schema.org\",\"@graph\":[{\"@type\":\"WebPage\",\"@id\":\"http:\/\/riwal-wpn.acceptatie.indicia-interactiv.nl\/be\/expertise\/sectoren\/bouw\/\",\"url\":\"http:\/\/riwal-wpn.acceptatie.indicia-interactiv.nl\/be\/expertise\/sectoren\/bouw\/\",\"name\":\"Bouw - Riwal Belgium\",\"isPartOf\":{\"@id\":\"https:\/\/riwal-wpn.acceptatie.indicia-interactiv.nl\/be\/#website\"},\"primaryImageOfPage\":{\"@id\":\"http:\/\/riwal-wpn.acceptatie.indicia-interactiv.nl\/be\/expertise\/sectoren\/bouw\/#primaryimage\"},\"image\":{\"@id\":\"http:\/\/riwal-wpn.acceptatie.indicia-interactiv.nl\/be\/expertise\/sectoren\/bouw\/#primaryimage\"},\"thumbnailUrl\":\"https:\/\/riwal-wpn.acceptatie.indicia-interactiv.nl\/app\/uploads\/sites\/34\/2023\/08\/JLG-H340AJ-1.jpg\",\"datePublished\":\"2023-11-30T11:06:09+00:00\",\"dateModified\":\"2024-01-03T14:18:43+00:00\",\"breadcrumb\":{\"@id\":\"http:\/\/riwal-wpn.acceptatie.indicia-interactiv.nl\/be\/expertise\/sectoren\/bouw\/#breadcrumb\"},\"inLanguage\":\"nl-BE\",\"potentialAction\":[{\"@type\":\"ReadAction\",\"target\":[\"http:\/\/riwal-wpn.acceptatie.indicia-interactiv.nl\/be\/expertise\/sectoren\/bouw\/\"]}]},{\"@type\":\"ImageObject\",\"inLanguage\":\"nl-BE\",\"@id\":\"http:\/\/riwal-wpn.acceptatie.indicia-interactiv.nl\/be\/expertise\/sectoren\/bouw\/#primaryimage\",\"url\":\"https:\/\/riwal-wpn.acceptatie.indicia-interactiv.nl\/app\/uploads\/sites\/34\/2023\/08\/JLG-H340AJ-1.jpg\",\"contentUrl\":\"https:\/\/riwal-wpn.acceptatie.indicia-interactiv.nl\/app\/uploads\/sites\/34\/2023\/08\/JLG-H340AJ-1.jpg\"},{\"@type\":\"BreadcrumbList\",\"@id\":\"http:\/\/riwal-wpn.acceptatie.indicia-interactiv.nl\/be\/expertise\/sectoren\/bouw\/#breadcrumb\",\"itemListElement\":[{\"@type\":\"ListItem\",\"position\":1,\"name\":\"Homepage\",\"item\":\"http:\/\/riwal-wpn.acceptatie.indicia-interactiv.nl\/be\/\"},{\"@type\":\"ListItem\",\"position\":2,\"name\":\"Expertise\",\"item\":\"http:\/\/riwal-wpn.acceptatie.indicia-interactiv.nl\/be\/expertise\/\"},{\"@type\":\"ListItem\",\"position\":3,\"name\":\"Sectoren\",\"item\":\"http:\/\/riwal-wpn.acceptatie.indicia-interactiv.nl\/be\/expertise\/sectoren\/\"},{\"@type\":\"ListItem\",\"position\":4,\"name\":\"Bouw\"}]},{\"@type\":\"WebSite\",\"@id\":\"https:\/\/riwal-wpn.acceptatie.indicia-interactiv.nl\/be\/#website\",\"url\":\"https:\/\/riwal-wpn.acceptatie.indicia-interactiv.nl\/be\/\",\"name\":\"Riwal\",\"description\":\"Hoogwerker verhuur en verkoop\",\"publisher\":{\"@id\":\"https:\/\/riwal-wpn.acceptatie.indicia-interactiv.nl\/be\/#organization\"},\"potentialAction\":[{\"@type\":\"SearchAction\",\"target\":{\"@type\":\"EntryPoint\",\"urlTemplate\":\"https:\/\/riwal-wpn.acceptatie.indicia-interactiv.nl\/be\/?s={search_term_string}\"},\"query-input\":{\"@type\":\"PropertyValueSpecification\",\"valueRequired\":true,\"valueName\":\"search_term_string\"}}],\"inLanguage\":\"nl-BE\"},{\"@type\":\"Organization\",\"@id\":\"https:\/\/riwal-wpn.acceptatie.indicia-interactiv.nl\/be\/#organization\",\"name\":\"Riwal\",\"url\":\"https:\/\/riwal-wpn.acceptatie.indicia-interactiv.nl\/be\/\",\"logo\":{\"@type\":\"ImageObject\",\"inLanguage\":\"nl-BE\",\"@id\":\"https:\/\/riwal-wpn.acceptatie.indicia-interactiv.nl\/be\/#\/schema\/logo\/image\/\",\"url\":\"\",\"contentUrl\":\"\",\"caption\":\"Riwal\"},\"image\":{\"@id\":\"https:\/\/riwal-wpn.acceptatie.indicia-interactiv.nl\/be\/#\/schema\/logo\/image\/\"}}]}<\/script>\n<!-- \/ Yoast SEO Premium plugin. -->","yoast_head_json":{"title":"Bouw - Riwal Belgium","robots":{"index":"noindex","follow":"follow","max-snippet":"max-snippet:-1","max-image-preview":"max-image-preview:large","max-video-preview":"max-video-preview:-1"},"og_locale":"nl_BE","og_type":"article","og_title":"Bouw","og_description":"Veilig werken op hoogte, de perfecte hoogwerkers voor in de bouw Riwal heeft jarenlange ervaring in de bouwsector en biedt voor ieder bouwproject de juiste oplossing. Wij zijn een totaalleverancier van hoogwerkers, verreikers en heftrucks. Zo vind je bij ons alles onder \u00e9\u00e9n dak, waardoor je met \u00e9\u00e9n leverancier kunt werken en de transportbeweging op &hellip; Verder","og_url":"http:\/\/riwal-wpn.acceptatie.indicia-interactiv.nl\/be\/expertise\/sectoren\/bouw\/","og_site_name":"Riwal Belgium","article_modified_time":"2024-01-03T14:18:43+00:00","og_image":[{"url":"https:\/\/riwal-wpn.acceptatie.indicia-interactiv.nl\/app\/uploads\/sites\/34\/2023\/08\/JLG-H340AJ-1.jpg","type":"","width":"","height":""}],"twitter_card":"summary_large_image","twitter_misc":{"Est. reading time":"2 minuten"},"schema":{"@context":"https:\/\/schema.org","@graph":[{"@type":"WebPage","@id":"http:\/\/riwal-wpn.acceptatie.indicia-interactiv.nl\/be\/expertise\/sectoren\/bouw\/","url":"http:\/\/riwal-wpn.acceptatie.indicia-interactiv.nl\/be\/expertise\/sectoren\/bouw\/","name":"Bouw - Riwal Belgium","isPartOf":{"@id":"https:\/\/riwal-wpn.acceptatie.indicia-interactiv.nl\/be\/#website"},"primaryImageOfPage":{"@id":"http:\/\/riwal-wpn.acceptatie.indicia-interactiv.nl\/be\/expertise\/sectoren\/bouw\/#primaryimage"},"image":{"@id":"http:\/\/riwal-wpn.acceptatie.indicia-interactiv.nl\/be\/expertise\/sectoren\/bouw\/#primaryimage"},"thumbnailUrl":"https:\/\/riwal-wpn.acceptatie.indicia-interactiv.nl\/app\/uploads\/sites\/34\/2023\/08\/JLG-H340AJ-1.jpg","datePublished":"2023-11-30T11:06:09+00:00","dateModified":"2024-01-03T14:18:43+00:00","breadcrumb":{"@id":"http:\/\/riwal-wpn.acceptatie.indicia-interactiv.nl\/be\/expertise\/sectoren\/bouw\/#breadcrumb"},"inLanguage":"nl-BE","potentialAction":[{"@type":"ReadAction","target":["http:\/\/riwal-wpn.acceptatie.indicia-interactiv.nl\/be\/expertise\/sectoren\/bouw\/"]}]},{"@type":"ImageObject","inLanguage":"nl-BE","@id":"http:\/\/riwal-wpn.acceptatie.indicia-interactiv.nl\/be\/expertise\/sectoren\/bouw\/#primaryimage","url":"https:\/\/riwal-wpn.acceptatie.indicia-interactiv.nl\/app\/uploads\/sites\/34\/2023\/08\/JLG-H340AJ-1.jpg","contentUrl":"https:\/\/riwal-wpn.acceptatie.indicia-interactiv.nl\/app\/uploads\/sites\/34\/2023\/08\/JLG-H340AJ-1.jpg"},{"@type":"BreadcrumbList","@id":"http:\/\/riwal-wpn.acceptatie.indicia-interactiv.nl\/be\/expertise\/sectoren\/bouw\/#breadcrumb","itemListElement":[{"@type":"ListItem","position":1,"name":"Homepage","item":"http:\/\/riwal-wpn.acceptatie.indicia-interactiv.nl\/be\/"},{"@type":"ListItem","position":2,"name":"Expertise","item":"http:\/\/riwal-wpn.acceptatie.indicia-interactiv.nl\/be\/expertise\/"},{"@type":"ListItem","position":3,"name":"Sectoren","item":"http:\/\/riwal-wpn.acceptatie.indicia-interactiv.nl\/be\/expertise\/sectoren\/"},{"@type":"ListItem","position":4,"name":"Bouw"}]},{"@type":"WebSite","@id":"https:\/\/riwal-wpn.acceptatie.indicia-interactiv.nl\/be\/#website","url":"https:\/\/riwal-wpn.acceptatie.indicia-interactiv.nl\/be\/","name":"Riwal","description":"Hoogwerker verhuur en verkoop","publisher":{"@id":"https:\/\/riwal-wpn.acceptatie.indicia-interactiv.nl\/be\/#organization"},"potentialAction":[{"@type":"SearchAction","target":{"@type":"EntryPoint","urlTemplate":"https:\/\/riwal-wpn.acceptatie.indicia-interactiv.nl\/be\/?s={search_term_string}"},"query-input":{"@type":"PropertyValueSpecification","valueRequired":true,"valueName":"search_term_string"}}],"inLanguage":"nl-BE"},{"@type":"Organization","@id":"https:\/\/riwal-wpn.acceptatie.indicia-interactiv.nl\/be\/#organization","name":"Riwal","url":"https:\/\/riwal-wpn.acceptatie.indicia-interactiv.nl\/be\/","logo":{"@type":"ImageObject","inLanguage":"nl-BE","@id":"https:\/\/riwal-wpn.acceptatie.indicia-interactiv.nl\/be\/#\/schema\/logo\/image\/","url":"","contentUrl":"","caption":"Riwal"},"image":{"@id":"https:\/\/riwal-wpn.acceptatie.indicia-interactiv.nl\/be\/#\/schema\/logo\/image\/"}}]}},"_links":{"self":[{"href":"https:\/\/riwal-wpn.acceptatie.indicia-interactiv.nl\/be\/wp-json\/wp\/v2\/pages\/8223","targetHints":{"allow":["GET"]}}],"collection":[{"href":"https:\/\/riwal-wpn.acceptatie.indicia-interactiv.nl\/be\/wp-json\/wp\/v2\/pages"}],"about":[{"href":"https:\/\/riwal-wpn.acceptatie.indicia-interactiv.nl\/be\/wp-json\/wp\/v2\/types\/page"}],"author":[{"embeddable":true,"href":"https:\/\/riwal-wpn.acceptatie.indicia-interactiv.nl\/be\/wp-json\/wp\/v2\/users\/50"}],"replies":[{"embeddable":true,"href":"https:\/\/riwal-wpn.acceptatie.indicia-interactiv.nl\/be\/wp-json\/wp\/v2\/comments?post=8223"}],"version-history":[{"count":3,"href":"https:\/\/riwal-wpn.acceptatie.indicia-interactiv.nl\/be\/wp-json\/wp\/v2\/pages\/8223\/revisions"}],"predecessor-version":[{"id":8542,"href":"https:\/\/riwal-wpn.acceptatie.indicia-interactiv.nl\/be\/wp-json\/wp\/v2\/pages\/8223\/revisions\/8542"}],"up":[{"embeddable":true,"href":"https:\/\/riwal-wpn.acceptatie.indicia-interactiv.nl\/be\/wp-json\/wp\/v2\/pages\/8172"}],"wp:attachment":[{"href":"https:\/\/riwal-wpn.acceptatie.indicia-interactiv.nl\/be\/wp-json\/wp\/v2\/media?parent=8223"}],"curies":[{"name":"wp","href":"https:\/\/api.w.org\/{rel}","templated":true}]}}