{"id":3512,"date":"2023-08-15T11:23:53","date_gmt":"2023-08-15T11:23:53","guid":{"rendered":"https:\/\/riwal-wpn.acceptatie.indicia-interactiv.nl\/da\/?page_id=3512"},"modified":"2024-01-23T12:10:45","modified_gmt":"2024-01-23T12:10:45","slug":"service-og-eftersyn-af-lifte","status":"publish","type":"page","link":"https:\/\/riwal-wpn.acceptatie.indicia-interactiv.nl\/da\/service-og-eftersyn-af-lifte\/","title":{"rendered":"Service og eftersyn af lifte"},"content":{"rendered":"<div class=\"container\">\n<h1 class=\"wp-block-heading\" id=\"h-service-og-eftersyn-af-lifte\">Service og eftersyn af lifte<\/h1>\n<\/div>\n\n<div class=\"container\">\n<p>At arbejde sikkert i h\u00f8jden kan kun lade sig g\u00f8re, hvis dine maskiner er sikre og efterset af kvalificerede kontroll\u00f8rer. Riwal er en del af <a href=\"https:\/\/www.materielsektionen.dk\/om-materielsektionen\/kontrolordninger\/liftkontrol\/\">liftkontrolordningen<\/a> under <a href=\"https:\/\/www.materielsektionen.dk\/\">Materielsektion<\/a>, og som leverand\u00f8r af l\u00f8sninger inden for maskinudlejning yder Riwal grundig service og eftersyn af lifte, teleskopl\u00e6ssere, trucks og minikraner fra vores udlejningsfl\u00e5de. <\/p>\n<\/div>\n\n<div class=\"container\">\n<p><strong>Dette kan efter \u00f8nske omfatte:<\/strong><\/p>\n<\/div>\n\n<div class=\"container\">\n<ul class=\"wp-block-list\">\n<li>Lovpligtig \u00e5rlig inspektion (Riwal indkalder materiellet til \u00e5rlig inspektion)<\/li>\n\n\n\n<li>Forebyggende vedligehold<\/li>\n\n\n\n<li>Reparation p\u00e5 vore v\u00e6rksteder<\/li>\n\n\n\n<li>Assistance i marken i tilf\u00e6lde af nedbrud<\/li>\n<\/ul>\n<\/div>\n\n<div class=\"container\">\n<figure class=\"wp-block-image size-large\"><img loading=\"lazy\" decoding=\"async\" width=\"1024\" height=\"683\" src=\"https:\/\/riwal-wpn.acceptatie.indicia-interactiv.nl\/app\/uploads\/sites\/14\/2023\/06\/riwal-aerial-work-platform-rental-sales-79-1024x683.webp\" alt=\"\" class=\"wp-image-1151\" srcset=\"https:\/\/riwal-wpn.acceptatie.indicia-interactiv.nl\/app\/uploads\/sites\/14\/2023\/06\/riwal-aerial-work-platform-rental-sales-79-1024x683.webp 1024w, https:\/\/riwal-wpn.acceptatie.indicia-interactiv.nl\/app\/uploads\/sites\/14\/2023\/06\/riwal-aerial-work-platform-rental-sales-79-2048x1365.webp 2048w, https:\/\/riwal-wpn.acceptatie.indicia-interactiv.nl\/app\/uploads\/sites\/14\/2023\/06\/riwal-aerial-work-platform-rental-sales-79-1388x925.webp 1388w, https:\/\/riwal-wpn.acceptatie.indicia-interactiv.nl\/app\/uploads\/sites\/14\/2023\/06\/riwal-aerial-work-platform-rental-sales-79-830x553.webp 830w, https:\/\/riwal-wpn.acceptatie.indicia-interactiv.nl\/app\/uploads\/sites\/14\/2023\/06\/riwal-aerial-work-platform-rental-sales-79-250x167.webp 250w, https:\/\/riwal-wpn.acceptatie.indicia-interactiv.nl\/app\/uploads\/sites\/14\/2023\/06\/riwal-aerial-work-platform-rental-sales-79-300x200.webp 300w, https:\/\/riwal-wpn.acceptatie.indicia-interactiv.nl\/app\/uploads\/sites\/14\/2023\/06\/riwal-aerial-work-platform-rental-sales-79-768x512.webp 768w, https:\/\/riwal-wpn.acceptatie.indicia-interactiv.nl\/app\/uploads\/sites\/14\/2023\/06\/riwal-aerial-work-platform-rental-sales-79-1536x1024.webp 1536w, https:\/\/riwal-wpn.acceptatie.indicia-interactiv.nl\/app\/uploads\/sites\/14\/2023\/06\/riwal-aerial-work-platform-rental-sales-79-178x119.webp 178w, https:\/\/riwal-wpn.acceptatie.indicia-interactiv.nl\/app\/uploads\/sites\/14\/2023\/06\/riwal-aerial-work-platform-rental-sales-79-390x260.webp 390w\" sizes=\"auto, (max-width: 1024px) 100vw, 1024px\" \/><\/figure>\n<\/div>\n\n<div class=\"container\">\n<p><\/p>\n<\/div>\n\n<div class=\"container\">\n<h2 class=\"wp-block-heading\" id=\"h-arligt-eftersyn-af-lift-er-lovpligtigt\">\u00c5rligt eftersyn af lift er lovpligtigt<\/h2>\n<\/div>\n\n<div class=\"container\">\n<p>Et \u00e5rligt eftersyn af lifte og tilh\u00f8rende arbejdsudstyr er lovpligtigt. Hvis liften ikke fungerer korrekt, kan det f\u00f8re til alvorlige ulykker og skader, og derfor er det vigtigt at udf\u00f8re regelm\u00e6ssige eftersyn og vedligeholdelse. Hvis en fejl opdages under en inspektion, kan teknikeren reparere problemet, f\u00f8r det udvikler sig til en st\u00f8rre sikkerhedsrisiko.&nbsp;<\/p>\n<\/div>\n\n<div class=\"container\">\n<p>Det \u00e5rlige eftersyn af vores lifte og tilh\u00f8rende arbejdsudstyr spiller en afg\u00f8rende rolle i vores fortsatte bestr\u00e6belser p\u00e5 at tilbyde sikkert arbejde i h\u00f8jden. Riwal&#8217;s engagement i liftkontrolordningen under Dansk Byggeri&#8217;s Materielsektion understreger vores dedikation til kvalitet og sikkerhed i alle aspekter af vores service.<\/p>\n<\/div>\n\n<div class=\"container\">\n<p>Vores dygtige og kvalificerede mekanikere ved Riwal gennemf\u00f8rer omhyggelige inspektioner og eftersyn, der g\u00e5r ud over blot at opfylde de lovpligtige krav. Vi str\u00e6ber efter at identificere potentielle problemer p\u00e5 et tidligt stadie og udf\u00f8re forebyggende vedligeholdelse, s\u00e5 vores maskiner forbliver i optimal stand og reducerer risikoen for uforudsete nedbrud.<\/p>\n<\/div>\n\n<div class=\"container\">\n<p>I tilf\u00e6lde af uventede udfordringer er vores teknikere klar til at yde hurtig og p\u00e5lidelig assistance, uanset om det er p\u00e5 vores v\u00e6rksteder eller direkte p\u00e5 arbejdsstedet. Vores m\u00e5l er at minimere driftsafbrydelser og sikre, at dit projekt forl\u00f8ber gnidningsfrit og sikkert.<\/p>\n<\/div>\n\n<div class=\"container\">\n<p><\/p>\n<\/div>\n\n<div class=\"container\">\n<h2 class=\"wp-block-heading\" id=\"h-riwals-certificeringer\">Riwals certificeringer <\/h2>\n<\/div>\n\n<div class=\"container\">\n<p>Riwal er ISO-, OHSAS, og DRA certificeret. Disse certificeringer er et klart udtryk for vores dedikation til at opretholde h\u00f8je standarder for kvalitet, milj\u00f8hensyn og arbejdssikkerhed. Gennem vores kontinuerlige forbedringer og t\u00e6tte overholdelse af disse standarder str\u00e6ber vi altid efter at levere den bedste mulige service til vores kunder. <\/p>\n<\/div>\n\n<div class=\"rental-wp-default-block rental-theme-block-default-margin\">\n\t\t\t\t\t\t\t\t<div class=\"container\">\n<div class=\"wp-block-buttons is-layout-flex wp-block-buttons-is-layout-flex\">\n<div class=\"wp-block-button\"><a class=\"wp-block-button__link wp-element-button\" href=\"https:\/\/riwal-wpn.acceptatie.indicia-interactiv.nl\/da\/riwal-er-certificeret-liftudlejningsvirksomhed\/\">L\u00e6s mere om vores certificeringer<\/a><\/div>\n<\/div>\n<\/div>\n\t\t\t\t\t\t\t<\/div> ","protected":false},"excerpt":{"rendered":"<p>Service og eftersyn af lifte At arbejde sikkert i h\u00f8jden kan kun lade sig g\u00f8re, hvis dine maskiner er sikre og efterset af kvalificerede kontroll\u00f8rer. Riwal er en del af liftkontrolordningen under Materielsektion, og som leverand\u00f8r af l\u00f8sninger inden for maskinudlejning yder Riwal grundig service og eftersyn af lifte, teleskopl\u00e6ssere, trucks og minikraner fra vores &hellip; <a href=\"https:\/\/riwal-wpn.acceptatie.indicia-interactiv.nl\/da\/service-og-eftersyn-af-lifte\/\">Fortsat<\/a><\/p>\n","protected":false},"author":18,"featured_media":0,"parent":0,"menu_order":0,"comment_status":"closed","ping_status":"closed","template":"","meta":{"_acf_changed":false,"editor_notices":[],"footnotes":""},"class_list":["post-3512","page","type-page","status-publish","hentry"],"acf":[],"yoast_head":"<!-- This site is optimized with the Yoast SEO Premium plugin v27.1 (Yoast SEO v27.1.1) - https:\/\/yoast.com\/product\/yoast-seo-premium-wordpress\/ -->\n<title>Service og eftersyn af lifte | Riwal<\/title>\n<meta name=\"description\" content=\"Riwal tilbyder lifte i h\u00f8jeste kvalitet. Det er derfor afg\u00f8rende at vi udf\u00f8rer service og eftersyn af vores lifte. L\u00e6s mere her.\" \/>\n<meta name=\"robots\" content=\"noindex, follow, max-snippet:-1, max-image-preview:large, max-video-preview:-1\" \/>\n<meta property=\"og:locale\" content=\"da_DK\" \/>\n<meta property=\"og:type\" content=\"article\" \/>\n<meta property=\"og:title\" content=\"Service og eftersyn af lifte\" \/>\n<meta property=\"og:description\" content=\"Riwal tilbyder lifte i h\u00f8jeste kvalitet. Det er derfor afg\u00f8rende at vi udf\u00f8rer service og eftersyn af vores lifte. L\u00e6s mere her.\" \/>\n<meta property=\"og:url\" content=\"https:\/\/riwal-wpn.acceptatie.indicia-interactiv.nl\/da\/service-og-eftersyn-af-lifte\/\" \/>\n<meta property=\"og:site_name\" content=\"Riwal Danmark\" \/>\n<meta property=\"article:modified_time\" content=\"2024-01-23T12:10:45+00:00\" \/>\n<meta property=\"og:image\" content=\"https:\/\/riwal-wpn.acceptatie.indicia-interactiv.nl\/app\/uploads\/sites\/14\/2023\/06\/riwal-aerial-work-platform-rental-sales-79-1024x683.webp\" \/>\n<meta name=\"twitter:card\" content=\"summary_large_image\" \/>\n<meta name=\"twitter:label1\" content=\"Est. reading time\" \/>\n\t<meta name=\"twitter:data1\" content=\"3 minutter\" \/>\n<script type=\"application\/ld+json\" class=\"yoast-schema-graph\">{\"@context\":\"https:\/\/schema.org\",\"@graph\":[{\"@type\":\"WebPage\",\"@id\":\"https:\/\/riwal-wpn.acceptatie.indicia-interactiv.nl\/da\/service-og-eftersyn-af-lifte\/\",\"url\":\"https:\/\/riwal-wpn.acceptatie.indicia-interactiv.nl\/da\/service-og-eftersyn-af-lifte\/\",\"name\":\"Service og eftersyn af lifte | Riwal\",\"isPartOf\":{\"@id\":\"https:\/\/riwal-wpn.acceptatie.indicia-interactiv.nl\/da\/#website\"},\"primaryImageOfPage\":{\"@id\":\"https:\/\/riwal-wpn.acceptatie.indicia-interactiv.nl\/da\/service-og-eftersyn-af-lifte\/#primaryimage\"},\"image\":{\"@id\":\"https:\/\/riwal-wpn.acceptatie.indicia-interactiv.nl\/da\/service-og-eftersyn-af-lifte\/#primaryimage\"},\"thumbnailUrl\":\"https:\/\/riwal-wpn.acceptatie.indicia-interactiv.nl\/app\/uploads\/sites\/14\/2023\/06\/riwal-aerial-work-platform-rental-sales-79-1024x683.webp\",\"datePublished\":\"2023-08-15T11:23:53+00:00\",\"dateModified\":\"2024-01-23T12:10:45+00:00\",\"description\":\"Riwal tilbyder lifte i h\u00f8jeste kvalitet. Det er derfor afg\u00f8rende at vi udf\u00f8rer service og eftersyn af vores lifte. L\u00e6s mere her.\",\"breadcrumb\":{\"@id\":\"https:\/\/riwal-wpn.acceptatie.indicia-interactiv.nl\/da\/service-og-eftersyn-af-lifte\/#breadcrumb\"},\"inLanguage\":\"da-DK\",\"potentialAction\":[{\"@type\":\"ReadAction\",\"target\":[\"https:\/\/riwal-wpn.acceptatie.indicia-interactiv.nl\/da\/service-og-eftersyn-af-lifte\/\"]}]},{\"@type\":\"ImageObject\",\"inLanguage\":\"da-DK\",\"@id\":\"https:\/\/riwal-wpn.acceptatie.indicia-interactiv.nl\/da\/service-og-eftersyn-af-lifte\/#primaryimage\",\"url\":\"https:\/\/riwal-wpn.acceptatie.indicia-interactiv.nl\/app\/uploads\/sites\/14\/2023\/06\/riwal-aerial-work-platform-rental-sales-79-1024x683.webp\",\"contentUrl\":\"https:\/\/riwal-wpn.acceptatie.indicia-interactiv.nl\/app\/uploads\/sites\/14\/2023\/06\/riwal-aerial-work-platform-rental-sales-79-1024x683.webp\"},{\"@type\":\"BreadcrumbList\",\"@id\":\"https:\/\/riwal-wpn.acceptatie.indicia-interactiv.nl\/da\/service-og-eftersyn-af-lifte\/#breadcrumb\",\"itemListElement\":[{\"@type\":\"ListItem\",\"position\":1,\"name\":\"Forside\",\"item\":\"https:\/\/riwal-wpn.acceptatie.indicia-interactiv.nl\/da\/\"},{\"@type\":\"ListItem\",\"position\":2,\"name\":\"Service og eftersyn af lifte\"}]},{\"@type\":\"WebSite\",\"@id\":\"https:\/\/riwal-wpn.acceptatie.indicia-interactiv.nl\/da\/#website\",\"url\":\"https:\/\/riwal-wpn.acceptatie.indicia-interactiv.nl\/da\/\",\"name\":\"Riwal\",\"description\":\"Arial work platform &amp; Telehandler Rental\/Sales\",\"publisher\":{\"@id\":\"https:\/\/riwal-wpn.acceptatie.indicia-interactiv.nl\/da\/#organization\"},\"potentialAction\":[{\"@type\":\"SearchAction\",\"target\":{\"@type\":\"EntryPoint\",\"urlTemplate\":\"https:\/\/riwal-wpn.acceptatie.indicia-interactiv.nl\/da\/?s={search_term_string}\"},\"query-input\":{\"@type\":\"PropertyValueSpecification\",\"valueRequired\":true,\"valueName\":\"search_term_string\"}}],\"inLanguage\":\"da-DK\"},{\"@type\":\"Organization\",\"@id\":\"https:\/\/riwal-wpn.acceptatie.indicia-interactiv.nl\/da\/#organization\",\"name\":\"Riwal\",\"url\":\"https:\/\/riwal-wpn.acceptatie.indicia-interactiv.nl\/da\/\",\"logo\":{\"@type\":\"ImageObject\",\"inLanguage\":\"da-DK\",\"@id\":\"https:\/\/riwal-wpn.acceptatie.indicia-interactiv.nl\/da\/#\/schema\/logo\/image\/\",\"url\":\"\",\"contentUrl\":\"\",\"caption\":\"Riwal\"},\"image\":{\"@id\":\"https:\/\/riwal-wpn.acceptatie.indicia-interactiv.nl\/da\/#\/schema\/logo\/image\/\"}}]}<\/script>\n<!-- \/ Yoast SEO Premium plugin. -->","yoast_head_json":{"title":"Service og eftersyn af lifte | Riwal","description":"Riwal tilbyder lifte i h\u00f8jeste kvalitet. Det er derfor afg\u00f8rende at vi udf\u00f8rer service og eftersyn af vores lifte. L\u00e6s mere her.","robots":{"index":"noindex","follow":"follow","max-snippet":"max-snippet:-1","max-image-preview":"max-image-preview:large","max-video-preview":"max-video-preview:-1"},"og_locale":"da_DK","og_type":"article","og_title":"Service og eftersyn af lifte","og_description":"Riwal tilbyder lifte i h\u00f8jeste kvalitet. Det er derfor afg\u00f8rende at vi udf\u00f8rer service og eftersyn af vores lifte. L\u00e6s mere her.","og_url":"https:\/\/riwal-wpn.acceptatie.indicia-interactiv.nl\/da\/service-og-eftersyn-af-lifte\/","og_site_name":"Riwal Danmark","article_modified_time":"2024-01-23T12:10:45+00:00","og_image":[{"url":"https:\/\/riwal-wpn.acceptatie.indicia-interactiv.nl\/app\/uploads\/sites\/14\/2023\/06\/riwal-aerial-work-platform-rental-sales-79-1024x683.webp","type":"","width":"","height":""}],"twitter_card":"summary_large_image","twitter_misc":{"Est. reading time":"3 minutter"},"schema":{"@context":"https:\/\/schema.org","@graph":[{"@type":"WebPage","@id":"https:\/\/riwal-wpn.acceptatie.indicia-interactiv.nl\/da\/service-og-eftersyn-af-lifte\/","url":"https:\/\/riwal-wpn.acceptatie.indicia-interactiv.nl\/da\/service-og-eftersyn-af-lifte\/","name":"Service og eftersyn af lifte | Riwal","isPartOf":{"@id":"https:\/\/riwal-wpn.acceptatie.indicia-interactiv.nl\/da\/#website"},"primaryImageOfPage":{"@id":"https:\/\/riwal-wpn.acceptatie.indicia-interactiv.nl\/da\/service-og-eftersyn-af-lifte\/#primaryimage"},"image":{"@id":"https:\/\/riwal-wpn.acceptatie.indicia-interactiv.nl\/da\/service-og-eftersyn-af-lifte\/#primaryimage"},"thumbnailUrl":"https:\/\/riwal-wpn.acceptatie.indicia-interactiv.nl\/app\/uploads\/sites\/14\/2023\/06\/riwal-aerial-work-platform-rental-sales-79-1024x683.webp","datePublished":"2023-08-15T11:23:53+00:00","dateModified":"2024-01-23T12:10:45+00:00","description":"Riwal tilbyder lifte i h\u00f8jeste kvalitet. Det er derfor afg\u00f8rende at vi udf\u00f8rer service og eftersyn af vores lifte. L\u00e6s mere her.","breadcrumb":{"@id":"https:\/\/riwal-wpn.acceptatie.indicia-interactiv.nl\/da\/service-og-eftersyn-af-lifte\/#breadcrumb"},"inLanguage":"da-DK","potentialAction":[{"@type":"ReadAction","target":["https:\/\/riwal-wpn.acceptatie.indicia-interactiv.nl\/da\/service-og-eftersyn-af-lifte\/"]}]},{"@type":"ImageObject","inLanguage":"da-DK","@id":"https:\/\/riwal-wpn.acceptatie.indicia-interactiv.nl\/da\/service-og-eftersyn-af-lifte\/#primaryimage","url":"https:\/\/riwal-wpn.acceptatie.indicia-interactiv.nl\/app\/uploads\/sites\/14\/2023\/06\/riwal-aerial-work-platform-rental-sales-79-1024x683.webp","contentUrl":"https:\/\/riwal-wpn.acceptatie.indicia-interactiv.nl\/app\/uploads\/sites\/14\/2023\/06\/riwal-aerial-work-platform-rental-sales-79-1024x683.webp"},{"@type":"BreadcrumbList","@id":"https:\/\/riwal-wpn.acceptatie.indicia-interactiv.nl\/da\/service-og-eftersyn-af-lifte\/#breadcrumb","itemListElement":[{"@type":"ListItem","position":1,"name":"Forside","item":"https:\/\/riwal-wpn.acceptatie.indicia-interactiv.nl\/da\/"},{"@type":"ListItem","position":2,"name":"Service og eftersyn af lifte"}]},{"@type":"WebSite","@id":"https:\/\/riwal-wpn.acceptatie.indicia-interactiv.nl\/da\/#website","url":"https:\/\/riwal-wpn.acceptatie.indicia-interactiv.nl\/da\/","name":"Riwal","description":"Arial work platform &amp; Telehandler Rental\/Sales","publisher":{"@id":"https:\/\/riwal-wpn.acceptatie.indicia-interactiv.nl\/da\/#organization"},"potentialAction":[{"@type":"SearchAction","target":{"@type":"EntryPoint","urlTemplate":"https:\/\/riwal-wpn.acceptatie.indicia-interactiv.nl\/da\/?s={search_term_string}"},"query-input":{"@type":"PropertyValueSpecification","valueRequired":true,"valueName":"search_term_string"}}],"inLanguage":"da-DK"},{"@type":"Organization","@id":"https:\/\/riwal-wpn.acceptatie.indicia-interactiv.nl\/da\/#organization","name":"Riwal","url":"https:\/\/riwal-wpn.acceptatie.indicia-interactiv.nl\/da\/","logo":{"@type":"ImageObject","inLanguage":"da-DK","@id":"https:\/\/riwal-wpn.acceptatie.indicia-interactiv.nl\/da\/#\/schema\/logo\/image\/","url":"","contentUrl":"","caption":"Riwal"},"image":{"@id":"https:\/\/riwal-wpn.acceptatie.indicia-interactiv.nl\/da\/#\/schema\/logo\/image\/"}}]}},"_links":{"self":[{"href":"https:\/\/riwal-wpn.acceptatie.indicia-interactiv.nl\/da\/wp-json\/wp\/v2\/pages\/3512","targetHints":{"allow":["GET"]}}],"collection":[{"href":"https:\/\/riwal-wpn.acceptatie.indicia-interactiv.nl\/da\/wp-json\/wp\/v2\/pages"}],"about":[{"href":"https:\/\/riwal-wpn.acceptatie.indicia-interactiv.nl\/da\/wp-json\/wp\/v2\/types\/page"}],"author":[{"embeddable":true,"href":"https:\/\/riwal-wpn.acceptatie.indicia-interactiv.nl\/da\/wp-json\/wp\/v2\/users\/18"}],"replies":[{"embeddable":true,"href":"https:\/\/riwal-wpn.acceptatie.indicia-interactiv.nl\/da\/wp-json\/wp\/v2\/comments?post=3512"}],"version-history":[{"count":7,"href":"https:\/\/riwal-wpn.acceptatie.indicia-interactiv.nl\/da\/wp-json\/wp\/v2\/pages\/3512\/revisions"}],"predecessor-version":[{"id":7158,"href":"https:\/\/riwal-wpn.acceptatie.indicia-interactiv.nl\/da\/wp-json\/wp\/v2\/pages\/3512\/revisions\/7158"}],"wp:attachment":[{"href":"https:\/\/riwal-wpn.acceptatie.indicia-interactiv.nl\/da\/wp-json\/wp\/v2\/media?parent=3512"}],"curies":[{"name":"wp","href":"https:\/\/api.w.org\/{rel}","templated":true}]}}