{"id":3528,"date":"2023-08-16T09:58:01","date_gmt":"2023-08-16T09:58:01","guid":{"rendered":"https:\/\/riwal-wpn.acceptatie.indicia-interactiv.nl\/da\/?page_id=3528"},"modified":"2024-02-20T12:22:17","modified_gmt":"2024-02-20T12:22:17","slug":"riwal-leverer-lifte-til-byggebranchen","status":"publish","type":"page","link":"https:\/\/riwal-wpn.acceptatie.indicia-interactiv.nl\/da\/brancher\/riwal-leverer-lifte-til-byggebranchen\/","title":{"rendered":"Lifte til byggebranchen"},"content":{"rendered":"<div class=\"container\">\n<h1 class=\"wp-block-heading\" id=\"h-riwal-leverer-lifte-til-byggebranchen\">Riwal leverer lifte til byggebranchen<\/h1>\n<\/div>\n\n<div class=\"container\">\n<p><strong>Riwal Group har over halvtreds \u00e5r leveret lifte til kunder indenfor byggebranchen. Og med alle de mange \u00e5rs erfaring har vi f\u00e5et viden om, hvad det kr\u00e6ver at f\u00e5 et job gjort hurtigt, effektivt og sikkert. S\u00e5 uanset hvilke krav du stiller til lifte, teleskopl\u00e6ssere og minikraner, og om du leder efter at leje eller k\u00f8be lifte , s\u00e5 kan vi tilbyde passende l\u00f8sninger.<\/strong><\/p>\n<\/div>\n\n<div class=\"container\">\n<p>Vores samlede servicepakke omfatter vedligeholdelse med originale reservedele og uddannelse i drift og sikkerhed af alt vores udstyr.<\/p>\n<\/div>\n\n<div class=\"container\">\n<h3 class=\"wp-block-heading\" id=\"h-lifte-til-enhver-opgave-i-byggebranchen\"><strong>Lifte til enhver opgave i byggebranchen<\/strong><\/h3>\n<\/div>\n\n<div class=\"container\">\n<p>N\u00e5r det kommer til lifte, som kan f\u00e5 dig i h\u00f8jden og arbejde, s\u00e5 har Riwal en af Danmarks st\u00f8rste udlejningsfl\u00e5der. Derfor vil vi med vores brede udvalg af lifte, teleskopl\u00e6ssere og minikraner kunne hj\u00e6lpe dig med en maskine som passer til lige netop dit behov.  <\/p>\n<\/div>\n\n<div class=\"container\">\n<p>Vores brede liftfl\u00e5de best\u00e5r udelukkende af lifte fra de mest anerkendte brands i liftbranchen, som f.eks. <a href=\"https:\/\/www.jlg.com\/en\">JLG<\/a>, <a href=\"https:\/\/www.genielift.com\/en-gb\/\">Genie<\/a>, <a href=\"https:\/\/www.skyjack.com\/en-eu\">Skyjack<\/a> med flere.<\/p>\n<\/div>\n\n<div class=\"rental-wp-default-block rental-theme-block-default-margin\">\n\t\t\t\t\t\t\t\t<div class=\"container\">\n<div class=\"wp-block-media-text is-stacked-on-mobile\"><figure class=\"wp-block-media-text__media\"><img loading=\"lazy\" decoding=\"async\" width=\"800\" height=\"600\" src=\"https:\/\/riwal-wpn.acceptatie.indicia-interactiv.nl\/app\/uploads\/sites\/14\/2023\/08\/JLG-520AJ-5.jpg\" alt=\"\" class=\"wp-image-2908 size-full\" srcset=\"https:\/\/riwal-wpn.acceptatie.indicia-interactiv.nl\/app\/uploads\/sites\/14\/2023\/08\/JLG-520AJ-5.jpg 800w, https:\/\/riwal-wpn.acceptatie.indicia-interactiv.nl\/app\/uploads\/sites\/14\/2023\/08\/JLG-520AJ-5-250x188.jpg 250w, https:\/\/riwal-wpn.acceptatie.indicia-interactiv.nl\/app\/uploads\/sites\/14\/2023\/08\/JLG-520AJ-5-300x225.jpg 300w, https:\/\/riwal-wpn.acceptatie.indicia-interactiv.nl\/app\/uploads\/sites\/14\/2023\/08\/JLG-520AJ-5-768x576.jpg 768w, https:\/\/riwal-wpn.acceptatie.indicia-interactiv.nl\/app\/uploads\/sites\/14\/2023\/08\/JLG-520AJ-5-178x134.jpg 178w, https:\/\/riwal-wpn.acceptatie.indicia-interactiv.nl\/app\/uploads\/sites\/14\/2023\/08\/JLG-520AJ-5-390x293.jpg 390w\" sizes=\"auto, (max-width: 800px) 100vw, 800px\" \/><\/figure><div class=\"wp-block-media-text__content\">\n<p><strong>Vores maskinfl\u00e5de omfatter f\u00f8lgende maskinkategorier:<\/strong><\/p>\n\n\n\n<ul class=\"wp-block-list\">\n<li><a href=\"https:\/\/riwal-wpn.acceptatie.indicia-interactiv.nl\/da\/udlejning\/?_overview_rental_sort=working_height_ascending&amp;_overview_rental_category=bomlift\">Bomlifte<\/a><\/li>\n\n\n\n<li><a href=\"https:\/\/riwal-wpn.acceptatie.indicia-interactiv.nl\/da\/udlejning\/?_overview_rental_sort=working_height_ascending&amp;_overview_rental_category=saxlift\">Saxlifte<\/a><\/li>\n\n\n\n<li><a href=\"https:\/\/riwal-wpn.acceptatie.indicia-interactiv.nl\/da\/udlejning\/?_overview_rental_sort=working_height_ascending&amp;_overview_rental_category=soejlelift-lift\">S\u00f8jlelifte<\/a> <\/li>\n\n\n\n<li><a href=\"https:\/\/riwal-wpn.acceptatie.indicia-interactiv.nl\/da\/udlejning\/?_overview_rental_sort=working_height_ascending&amp;_overview_rental_category=baeltelift\">B\u00e6ltelifte<\/a><\/li>\n\n\n\n<li><a href=\"https:\/\/riwal-wpn.acceptatie.indicia-interactiv.nl\/da\/udlejning\/?_overview_rental_sort=working_height_ascending&amp;_overview_rental_category=edderkoplift-lift\">Edderkoppelifte<\/a><\/li>\n\n\n\n<li><a href=\"https:\/\/riwal-wpn.acceptatie.indicia-interactiv.nl\/da\/udlejning\/?_overview_rental_sort=working_height_ascending&amp;_overview_rental_category=billift\">Lastbillifte<\/a><\/li>\n\n\n\n<li><a href=\"https:\/\/riwal-wpn.acceptatie.indicia-interactiv.nl\/da\/udlejning\/?_overview_rental_sort=working_height_ascending&amp;_overview_rental_category=roterende-teleskoplaessere%2Cteleskoplaessere\">Teleskopl\u00e6ssere<\/a><\/li>\n\n\n\n<li><a href=\"https:\/\/riwal-wpn.acceptatie.indicia-interactiv.nl\/da\/udlejning\/?_overview_rental_sort=working_height_ascending&amp;_overview_rental_category=minikran\">Minikraner<\/a><\/li>\n\n\n\n<li><a href=\"https:\/\/riwal-wpn.acceptatie.indicia-interactiv.nl\/da\/udlejning\/?_overview_rental_sort=working_height_ascending&amp;_overview_rental_category=truck\">Trucks<\/a><\/li>\n<\/ul>\n<\/div><\/div>\n<\/div>\n\t\t\t\t\t\t\t<\/div> \n\n<div class=\"container\">\n<p>Vores brede udvalg giver kunderne mulighed for at v\u00e6lge de ideelle lifte til deres specifikke projekt, uanset om det er et stort byggeprojekt eller en mindre opgave.<\/p>\n<\/div>\n\n<div class=\"container\">\n<h3 class=\"wp-block-heading\" id=\"h-lifte-til-byggebranchen-skraeddersyet-til-jeres-projekt\"><strong>Lifte til byggebranchen skr\u00e6ddersyet til jeres projekt<\/strong><\/h3>\n<\/div>\n\n<div class=\"container\">\n<p>Hvis vi ikke skulle have pr\u00e6cis den maskine som passer til dit projekt, s\u00e5 hj\u00e6lper Riwal dig med at finde en skr\u00e6ddersyet l\u00f8sning til din specifikke situation. Udover de maskiner vi allerede har i vores udlejningsfl\u00e5de, som ogs\u00e5 omfatter speciallifte s\u00e5som terr\u00e6ng\u00e5ende bomlifte og b\u00e6ltelifte. Men vores skr\u00e6ddersyede l\u00f8sninger g\u00e5r ud over det: vi ved, at enhver situation er lidt anderledes, s\u00e5 vi er i stand til at levere udstyr til dine meget specielle behov, fx ekstra brede kurve eller udliggere p\u00e5 teleskopl\u00e6ssere. Vi har endda konverteret dieseldrevne maskiner til 100% elektriske maskiner, s\u00e5 de kan bruges med et reduceret milj\u00f8- og st\u00f8judslip og endda indend\u00f8rs. <\/p>\n<\/div>\n\n<div class=\"container\">\n<p>Vi kan r\u00e5dgive dig under planl\u00e6gningen af et byggeprojekt eller etablere et on-site maskindepot for at sikre, at den rigtige lift er tilg\u00e6ngelig, n\u00e5r du har brug for den.<\/p>\n<\/div>\n\n<div class=\"container\">\n<p>Vi forst\u00e5r, at byggeprojekter kan v\u00e6re komplekse og varierende. Derfor tilbyder de fleksible l\u00f8sninger, der kan tilpasses forskellige projektkrav. Dette inkluderer b\u00e5de korttidsleje og langtidsleje, hvilket giver kunderne mulighed for at v\u00e6lge den bedste l\u00f8sning, der passer til deres tidsramme og budget.<\/p>\n<\/div>\n\n<div class=\"container\">\n<h3 class=\"wp-block-heading\" id=\"h-kvalitet-og-sikkerhed-som-en-prioritet\"><strong>Kvalitet og sikkerhed som en prioritet<\/strong><\/h3>\n<\/div>\n\n<div class=\"container\">\n<p>N\u00e5r man arbejder p\u00e5 en byggeplads er sikkerhed altafg\u00f8rende &#8211; s\u00e6rligt n\u00e5r man arbejde p\u00e5 lifte i h\u00f8jden. Riwal tager dette ansvar alvorligt og prioriterer sikkerheden h\u00f8jt i alle aspekter af vores arbejde. Alle vores maskiner gennemg\u00e5r regelm\u00e6ssige inspektioner og vedligeholdelse for at sikre, at de lever op til de h\u00f8jeste sikkerhedsstandarder. Derudover har vi en kursusafdeling, <a href=\"https:\/\/riwal-wpn.acceptatie.indicia-interactiv.nl\/da\/riwal-safety-training\/\">Riwal Safety Training<\/a>, som uddyber en r\u00e6kke af sikkerhedskurser relevante for ansatte i byggebranchen, herunder IPAF kurser, som uddanner kursister i at bruge liftene korrekt og sikkert.<\/p>\n<\/div>\n\n<div class=\"container\">\n<h3 class=\"wp-block-heading\" id=\"h-kundeservice-i-saerklasse\"><strong>Kundeservice i s\u00e6rklasse <\/strong><\/h3>\n<\/div>\n\n<div class=\"container\">\n<p>En af vores styrker er vores kundeservice &#8211; vi \u00f8nsker at levere den bedste kundeoplevelse i branchen. Vores team er altid klar til at r\u00e5dgive vores kunder og hj\u00e6lpe med at v\u00e6lge den rette lift til givne projekt. Derudover tilbyder vi ogs\u00e5 teknisk support og assistance, hvis der mod forventning skulle opst\u00e5 problemer under brugen af liften.<\/p>\n<\/div>\n\n<div class=\"container\">\n<p>Kontakt os her hvis vi skal hj\u00e6lpe jer med lifte til jeres byggeprojekt. <\/p>\n<\/div>","protected":false},"excerpt":{"rendered":"<p>Riwal leverer lifte til byggebranchen Riwal Group har over halvtreds \u00e5r leveret lifte til kunder indenfor byggebranchen. Og med alle de mange \u00e5rs erfaring har vi f\u00e5et viden om, hvad det kr\u00e6ver at f\u00e5 et job gjort hurtigt, effektivt og sikkert. S\u00e5 uanset hvilke krav du stiller til lifte, teleskopl\u00e6ssere og minikraner, og om du &hellip; <a href=\"https:\/\/riwal-wpn.acceptatie.indicia-interactiv.nl\/da\/brancher\/riwal-leverer-lifte-til-byggebranchen\/\">Fortsat<\/a><\/p>\n","protected":false},"author":18,"featured_media":0,"parent":6424,"menu_order":0,"comment_status":"closed","ping_status":"closed","template":"","meta":{"_acf_changed":false,"editor_notices":[],"footnotes":""},"class_list":["post-3528","page","type-page","status-publish","hentry"],"acf":[],"yoast_head":"<!-- This site is optimized with the Yoast SEO Premium plugin v27.1 (Yoast SEO v27.1.1) - https:\/\/yoast.com\/product\/yoast-seo-premium-wordpress\/ -->\n<title>Lifte til byggebranchen | Riwal<\/title>\n<meta name=\"description\" content=\"Riwal har levereret lifte til byggebranchen i over 50 \u00e5r. Vores ekspertise og brede maskinfl\u00e5de sikrer hurtig, sikker og effektiv udf\u00f8relse.\" \/>\n<meta name=\"robots\" content=\"noindex, follow, max-snippet:-1, max-image-preview:large, max-video-preview:-1\" \/>\n<meta property=\"og:locale\" content=\"da_DK\" \/>\n<meta property=\"og:type\" content=\"article\" \/>\n<meta property=\"og:title\" content=\"Lifte til byggebranchen\" \/>\n<meta property=\"og:description\" content=\"Riwal har levereret lifte til byggebranchen i over 50 \u00e5r. Vores ekspertise og brede maskinfl\u00e5de sikrer hurtig, sikker og effektiv udf\u00f8relse.\" \/>\n<meta property=\"og:url\" content=\"https:\/\/riwal-wpn.acceptatie.indicia-interactiv.nl\/da\/brancher\/riwal-leverer-lifte-til-byggebranchen\/\" \/>\n<meta property=\"og:site_name\" content=\"Riwal Danmark\" \/>\n<meta property=\"article:modified_time\" content=\"2024-02-20T12:22:17+00:00\" \/>\n<meta property=\"og:image\" content=\"https:\/\/riwal-wpn.acceptatie.indicia-interactiv.nl\/app\/uploads\/sites\/14\/2023\/08\/JLG-520AJ-5.jpg\" \/>\n<meta name=\"twitter:card\" content=\"summary_large_image\" \/>\n<meta name=\"twitter:label1\" content=\"Est. reading time\" \/>\n\t<meta name=\"twitter:data1\" content=\"4 minutter\" \/>\n<script type=\"application\/ld+json\" class=\"yoast-schema-graph\">{\"@context\":\"https:\/\/schema.org\",\"@graph\":[{\"@type\":\"WebPage\",\"@id\":\"https:\/\/riwal-wpn.acceptatie.indicia-interactiv.nl\/da\/brancher\/riwal-leverer-lifte-til-byggebranchen\/\",\"url\":\"https:\/\/riwal-wpn.acceptatie.indicia-interactiv.nl\/da\/brancher\/riwal-leverer-lifte-til-byggebranchen\/\",\"name\":\"Lifte til byggebranchen | Riwal\",\"isPartOf\":{\"@id\":\"https:\/\/riwal-wpn.acceptatie.indicia-interactiv.nl\/da\/#website\"},\"primaryImageOfPage\":{\"@id\":\"https:\/\/riwal-wpn.acceptatie.indicia-interactiv.nl\/da\/brancher\/riwal-leverer-lifte-til-byggebranchen\/#primaryimage\"},\"image\":{\"@id\":\"https:\/\/riwal-wpn.acceptatie.indicia-interactiv.nl\/da\/brancher\/riwal-leverer-lifte-til-byggebranchen\/#primaryimage\"},\"thumbnailUrl\":\"https:\/\/riwal-wpn.acceptatie.indicia-interactiv.nl\/app\/uploads\/sites\/14\/2023\/08\/JLG-520AJ-5.jpg\",\"datePublished\":\"2023-08-16T09:58:01+00:00\",\"dateModified\":\"2024-02-20T12:22:17+00:00\",\"description\":\"Riwal har levereret lifte til byggebranchen i over 50 \u00e5r. Vores ekspertise og brede maskinfl\u00e5de sikrer hurtig, sikker og effektiv udf\u00f8relse.\",\"breadcrumb\":{\"@id\":\"https:\/\/riwal-wpn.acceptatie.indicia-interactiv.nl\/da\/brancher\/riwal-leverer-lifte-til-byggebranchen\/#breadcrumb\"},\"inLanguage\":\"da-DK\",\"potentialAction\":[{\"@type\":\"ReadAction\",\"target\":[\"https:\/\/riwal-wpn.acceptatie.indicia-interactiv.nl\/da\/brancher\/riwal-leverer-lifte-til-byggebranchen\/\"]}]},{\"@type\":\"ImageObject\",\"inLanguage\":\"da-DK\",\"@id\":\"https:\/\/riwal-wpn.acceptatie.indicia-interactiv.nl\/da\/brancher\/riwal-leverer-lifte-til-byggebranchen\/#primaryimage\",\"url\":\"https:\/\/riwal-wpn.acceptatie.indicia-interactiv.nl\/app\/uploads\/sites\/14\/2023\/08\/JLG-520AJ-5.jpg\",\"contentUrl\":\"https:\/\/riwal-wpn.acceptatie.indicia-interactiv.nl\/app\/uploads\/sites\/14\/2023\/08\/JLG-520AJ-5.jpg\"},{\"@type\":\"BreadcrumbList\",\"@id\":\"https:\/\/riwal-wpn.acceptatie.indicia-interactiv.nl\/da\/brancher\/riwal-leverer-lifte-til-byggebranchen\/#breadcrumb\",\"itemListElement\":[{\"@type\":\"ListItem\",\"position\":1,\"name\":\"Forside\",\"item\":\"https:\/\/riwal-wpn.acceptatie.indicia-interactiv.nl\/da\/\"},{\"@type\":\"ListItem\",\"position\":2,\"name\":\"Brancher\",\"item\":\"https:\/\/riwal-wpn.acceptatie.indicia-interactiv.nl\/da\/brancher\/\"},{\"@type\":\"ListItem\",\"position\":3,\"name\":\"Lifte til byggebranchen\"}]},{\"@type\":\"WebSite\",\"@id\":\"https:\/\/riwal-wpn.acceptatie.indicia-interactiv.nl\/da\/#website\",\"url\":\"https:\/\/riwal-wpn.acceptatie.indicia-interactiv.nl\/da\/\",\"name\":\"Riwal\",\"description\":\"Arial work platform &amp; Telehandler Rental\/Sales\",\"publisher\":{\"@id\":\"https:\/\/riwal-wpn.acceptatie.indicia-interactiv.nl\/da\/#organization\"},\"potentialAction\":[{\"@type\":\"SearchAction\",\"target\":{\"@type\":\"EntryPoint\",\"urlTemplate\":\"https:\/\/riwal-wpn.acceptatie.indicia-interactiv.nl\/da\/?s={search_term_string}\"},\"query-input\":{\"@type\":\"PropertyValueSpecification\",\"valueRequired\":true,\"valueName\":\"search_term_string\"}}],\"inLanguage\":\"da-DK\"},{\"@type\":\"Organization\",\"@id\":\"https:\/\/riwal-wpn.acceptatie.indicia-interactiv.nl\/da\/#organization\",\"name\":\"Riwal\",\"url\":\"https:\/\/riwal-wpn.acceptatie.indicia-interactiv.nl\/da\/\",\"logo\":{\"@type\":\"ImageObject\",\"inLanguage\":\"da-DK\",\"@id\":\"https:\/\/riwal-wpn.acceptatie.indicia-interactiv.nl\/da\/#\/schema\/logo\/image\/\",\"url\":\"\",\"contentUrl\":\"\",\"caption\":\"Riwal\"},\"image\":{\"@id\":\"https:\/\/riwal-wpn.acceptatie.indicia-interactiv.nl\/da\/#\/schema\/logo\/image\/\"}}]}<\/script>\n<!-- \/ Yoast SEO Premium plugin. -->","yoast_head_json":{"title":"Lifte til byggebranchen | Riwal","description":"Riwal har levereret lifte til byggebranchen i over 50 \u00e5r. Vores ekspertise og brede maskinfl\u00e5de sikrer hurtig, sikker og effektiv udf\u00f8relse.","robots":{"index":"noindex","follow":"follow","max-snippet":"max-snippet:-1","max-image-preview":"max-image-preview:large","max-video-preview":"max-video-preview:-1"},"og_locale":"da_DK","og_type":"article","og_title":"Lifte til byggebranchen","og_description":"Riwal har levereret lifte til byggebranchen i over 50 \u00e5r. Vores ekspertise og brede maskinfl\u00e5de sikrer hurtig, sikker og effektiv udf\u00f8relse.","og_url":"https:\/\/riwal-wpn.acceptatie.indicia-interactiv.nl\/da\/brancher\/riwal-leverer-lifte-til-byggebranchen\/","og_site_name":"Riwal Danmark","article_modified_time":"2024-02-20T12:22:17+00:00","og_image":[{"url":"https:\/\/riwal-wpn.acceptatie.indicia-interactiv.nl\/app\/uploads\/sites\/14\/2023\/08\/JLG-520AJ-5.jpg","type":"","width":"","height":""}],"twitter_card":"summary_large_image","twitter_misc":{"Est. reading time":"4 minutter"},"schema":{"@context":"https:\/\/schema.org","@graph":[{"@type":"WebPage","@id":"https:\/\/riwal-wpn.acceptatie.indicia-interactiv.nl\/da\/brancher\/riwal-leverer-lifte-til-byggebranchen\/","url":"https:\/\/riwal-wpn.acceptatie.indicia-interactiv.nl\/da\/brancher\/riwal-leverer-lifte-til-byggebranchen\/","name":"Lifte til byggebranchen | Riwal","isPartOf":{"@id":"https:\/\/riwal-wpn.acceptatie.indicia-interactiv.nl\/da\/#website"},"primaryImageOfPage":{"@id":"https:\/\/riwal-wpn.acceptatie.indicia-interactiv.nl\/da\/brancher\/riwal-leverer-lifte-til-byggebranchen\/#primaryimage"},"image":{"@id":"https:\/\/riwal-wpn.acceptatie.indicia-interactiv.nl\/da\/brancher\/riwal-leverer-lifte-til-byggebranchen\/#primaryimage"},"thumbnailUrl":"https:\/\/riwal-wpn.acceptatie.indicia-interactiv.nl\/app\/uploads\/sites\/14\/2023\/08\/JLG-520AJ-5.jpg","datePublished":"2023-08-16T09:58:01+00:00","dateModified":"2024-02-20T12:22:17+00:00","description":"Riwal har levereret lifte til byggebranchen i over 50 \u00e5r. Vores ekspertise og brede maskinfl\u00e5de sikrer hurtig, sikker og effektiv udf\u00f8relse.","breadcrumb":{"@id":"https:\/\/riwal-wpn.acceptatie.indicia-interactiv.nl\/da\/brancher\/riwal-leverer-lifte-til-byggebranchen\/#breadcrumb"},"inLanguage":"da-DK","potentialAction":[{"@type":"ReadAction","target":["https:\/\/riwal-wpn.acceptatie.indicia-interactiv.nl\/da\/brancher\/riwal-leverer-lifte-til-byggebranchen\/"]}]},{"@type":"ImageObject","inLanguage":"da-DK","@id":"https:\/\/riwal-wpn.acceptatie.indicia-interactiv.nl\/da\/brancher\/riwal-leverer-lifte-til-byggebranchen\/#primaryimage","url":"https:\/\/riwal-wpn.acceptatie.indicia-interactiv.nl\/app\/uploads\/sites\/14\/2023\/08\/JLG-520AJ-5.jpg","contentUrl":"https:\/\/riwal-wpn.acceptatie.indicia-interactiv.nl\/app\/uploads\/sites\/14\/2023\/08\/JLG-520AJ-5.jpg"},{"@type":"BreadcrumbList","@id":"https:\/\/riwal-wpn.acceptatie.indicia-interactiv.nl\/da\/brancher\/riwal-leverer-lifte-til-byggebranchen\/#breadcrumb","itemListElement":[{"@type":"ListItem","position":1,"name":"Forside","item":"https:\/\/riwal-wpn.acceptatie.indicia-interactiv.nl\/da\/"},{"@type":"ListItem","position":2,"name":"Brancher","item":"https:\/\/riwal-wpn.acceptatie.indicia-interactiv.nl\/da\/brancher\/"},{"@type":"ListItem","position":3,"name":"Lifte til byggebranchen"}]},{"@type":"WebSite","@id":"https:\/\/riwal-wpn.acceptatie.indicia-interactiv.nl\/da\/#website","url":"https:\/\/riwal-wpn.acceptatie.indicia-interactiv.nl\/da\/","name":"Riwal","description":"Arial work platform &amp; Telehandler Rental\/Sales","publisher":{"@id":"https:\/\/riwal-wpn.acceptatie.indicia-interactiv.nl\/da\/#organization"},"potentialAction":[{"@type":"SearchAction","target":{"@type":"EntryPoint","urlTemplate":"https:\/\/riwal-wpn.acceptatie.indicia-interactiv.nl\/da\/?s={search_term_string}"},"query-input":{"@type":"PropertyValueSpecification","valueRequired":true,"valueName":"search_term_string"}}],"inLanguage":"da-DK"},{"@type":"Organization","@id":"https:\/\/riwal-wpn.acceptatie.indicia-interactiv.nl\/da\/#organization","name":"Riwal","url":"https:\/\/riwal-wpn.acceptatie.indicia-interactiv.nl\/da\/","logo":{"@type":"ImageObject","inLanguage":"da-DK","@id":"https:\/\/riwal-wpn.acceptatie.indicia-interactiv.nl\/da\/#\/schema\/logo\/image\/","url":"","contentUrl":"","caption":"Riwal"},"image":{"@id":"https:\/\/riwal-wpn.acceptatie.indicia-interactiv.nl\/da\/#\/schema\/logo\/image\/"}}]}},"_links":{"self":[{"href":"https:\/\/riwal-wpn.acceptatie.indicia-interactiv.nl\/da\/wp-json\/wp\/v2\/pages\/3528","targetHints":{"allow":["GET"]}}],"collection":[{"href":"https:\/\/riwal-wpn.acceptatie.indicia-interactiv.nl\/da\/wp-json\/wp\/v2\/pages"}],"about":[{"href":"https:\/\/riwal-wpn.acceptatie.indicia-interactiv.nl\/da\/wp-json\/wp\/v2\/types\/page"}],"author":[{"embeddable":true,"href":"https:\/\/riwal-wpn.acceptatie.indicia-interactiv.nl\/da\/wp-json\/wp\/v2\/users\/18"}],"replies":[{"embeddable":true,"href":"https:\/\/riwal-wpn.acceptatie.indicia-interactiv.nl\/da\/wp-json\/wp\/v2\/comments?post=3528"}],"version-history":[{"count":7,"href":"https:\/\/riwal-wpn.acceptatie.indicia-interactiv.nl\/da\/wp-json\/wp\/v2\/pages\/3528\/revisions"}],"predecessor-version":[{"id":9147,"href":"https:\/\/riwal-wpn.acceptatie.indicia-interactiv.nl\/da\/wp-json\/wp\/v2\/pages\/3528\/revisions\/9147"}],"up":[{"embeddable":true,"href":"https:\/\/riwal-wpn.acceptatie.indicia-interactiv.nl\/da\/wp-json\/wp\/v2\/pages\/6424"}],"wp:attachment":[{"href":"https:\/\/riwal-wpn.acceptatie.indicia-interactiv.nl\/da\/wp-json\/wp\/v2\/media?parent=3528"}],"curies":[{"name":"wp","href":"https:\/\/api.w.org\/{rel}","templated":true}]}}