{"id":3680,"date":"2023-08-25T06:50:28","date_gmt":"2023-08-25T06:50:28","guid":{"rendered":"https:\/\/riwal-wpn.acceptatie.indicia-interactiv.nl\/da\/?page_id=3680"},"modified":"2024-02-20T12:20:47","modified_gmt":"2024-02-20T12:20:47","slug":"lej-lifte-og-teleskoplaessere-til-events","status":"publish","type":"page","link":"https:\/\/riwal-wpn.acceptatie.indicia-interactiv.nl\/da\/brancher\/lej-lifte-og-teleskoplaessere-til-events\/","title":{"rendered":"Udlejning af maskiner til events"},"content":{"rendered":"<div class=\"container\">\n<h1 class=\"wp-block-heading\" id=\"h-lej-lifte-og-teleskoplaessere-til-events\">Lej lifte og teleskopl\u00e6ssere til events<\/h1>\n<\/div>\n\n<div class=\"container\">\n<p><strong>Hos Riwal kan man leje lifte og teleskopl\u00e6ssere til events. S\u00e6rligt n\u00e5r det kommer til ops\u00e6tning af events, er sikkerhed og effektivitet af afg\u00f8rende betydning. Is\u00e6r n\u00e5r arbejdet skal udf\u00f8res i h\u00f8jden, som det ofte er tilf\u00e6ldet ved ops\u00e6tning af events s\u00e5som festivaler, koncerter, sportsbegivenheder og TV-produktioner og meget mere. Her kommer Riwal ind i billedet. Vi er eksperter i at udlejere lifte og teleskopl\u00e6ssere til events af enhver type og skala. Med vores omfattende liftfl\u00e5de og ekspertise i arbejde i h\u00f8jden er Riwal klar til at levere maskiner til events b\u00e5de nationalt og globalt. <\/strong><\/p>\n<\/div>\n\n<div class=\"container\">\n<h3 class=\"wp-block-heading\" id=\"h-fleksibilitet-og-muligheder-med-riwal-liftudlejning\"><strong>Fleksibilitet og muligheder med Riwal liftudlejning<\/strong><\/h3>\n<\/div>\n\n<div class=\"container\">\n<p>Riwal er kendt for sin imponerende liftfl\u00e5de, der omfatter et bredt udvalg af lifte og teleskopl\u00e6ssere. Dette giver dem en enest\u00e5ende fleksibilitet og evne til at im\u00f8dekomme de forskellige krav, som events kan have. Uanset om det er behovet for at opbygge scener, ops\u00e6tte belysning, udf\u00f8re vedligeholdelse i h\u00f8jder eller andet, s\u00e5 har Riwal den n\u00f8dvendige udstyrsl\u00f8sning. <\/p>\n<\/div>\n\n<div class=\"container\">\n<p>Vi leverer bl.a. maskiner til ops\u00e6tning af landets st\u00f8rste festivaler, herunder <a href=\"https:\/\/www.roskilde-festival.dk\/da\/\">Roskilde Festival<\/a>. I videoen nedenfor kan man se hvordan vores lifte blev benyttet til ops\u00e6tningen af Roskilde Festival i 2018:<\/p>\n<\/div>\n\n<div class=\"rental-wp-default-block rental-theme-block-default-margin\"><div class=\"container\">\n<figure class=\"wp-block-embed is-type-video is-provider-youtube wp-block-embed-youtube\"><div class=\"wp-block-embed__wrapper\">\n<iframe title=\"Riwal p\u00e5 Roskilde Festival 2018\" width=\"500\" height=\"281\" data-icn-src=\"https:\/\/www.youtube.com\/embed\/0Sc72lt56HE?feature=oembed\" frameborder=\"0\" allow=\"accelerometer; autoplay; clipboard-write; encrypted-media; gyroscope; picture-in-picture; web-share\" referrerpolicy=\"strict-origin-when-cross-origin\" allowfullscreen><\/iframe>\n<\/div><\/figure>\n<\/div><\/div>\n\n<div class=\"container\">\n<h3 class=\"wp-block-heading\" id=\"h-udlejning-af-lifte-til-globale-events\"><strong>Udlejning af lifte til globale events<\/strong><\/h3>\n<\/div>\n\n<div class=\"container\">\n<p>Riwal&#8217;s ekspertise stopper ikke ved landets gr\u00e6nser. Med evnen til at levere udstyr og support p\u00e5 globalt plan er Riwal ideel til begivenheder, der str\u00e6kker sig ud over landets gr\u00e6nser. Dette g\u00f8r Riwal til en v\u00e6rdifuld samarbejdspartner til internationale events, hvor effektivitet, sikkerhed og kvalitet er af st\u00f8rste vigtighed. <\/p>\n<\/div>\n\n<div class=\"container\">\n<p>Vi har bl.a. v\u00e6ret officiel leverand\u00f8r af maskiner til <a href=\"https:\/\/www.theoceanrace.com\/\">Volvo Ocean Race<\/a>, hvor vores lifte blev brugt til konstruktion af bygninger ved m\u00e5lbyerne, samt til at komme op i h\u00f8jden for at kunne reperere og servicere b\u00e5dene. <\/p>\n<\/div>\n\n<div class=\"container\">\n<figure class=\"wp-block-image size-full\"><img loading=\"lazy\" decoding=\"async\" width=\"1000\" height=\"667\" src=\"https:\/\/riwal-wpn.acceptatie.indicia-interactiv.nl\/app\/uploads\/sites\/14\/2023\/08\/Volvo-ocean-race-Riwal.jpg\" alt=\"\" class=\"wp-image-3683\" srcset=\"https:\/\/riwal-wpn.acceptatie.indicia-interactiv.nl\/app\/uploads\/sites\/14\/2023\/08\/Volvo-ocean-race-Riwal.jpg 1000w, https:\/\/riwal-wpn.acceptatie.indicia-interactiv.nl\/app\/uploads\/sites\/14\/2023\/08\/Volvo-ocean-race-Riwal-830x554.jpg 830w, https:\/\/riwal-wpn.acceptatie.indicia-interactiv.nl\/app\/uploads\/sites\/14\/2023\/08\/Volvo-ocean-race-Riwal-300x200.jpg 300w, https:\/\/riwal-wpn.acceptatie.indicia-interactiv.nl\/app\/uploads\/sites\/14\/2023\/08\/Volvo-ocean-race-Riwal-768x512.jpg 768w, https:\/\/riwal-wpn.acceptatie.indicia-interactiv.nl\/app\/uploads\/sites\/14\/2023\/08\/Volvo-ocean-race-Riwal-178x119.jpg 178w, https:\/\/riwal-wpn.acceptatie.indicia-interactiv.nl\/app\/uploads\/sites\/14\/2023\/08\/Volvo-ocean-race-Riwal-390x260.jpg 390w, https:\/\/riwal-wpn.acceptatie.indicia-interactiv.nl\/app\/uploads\/sites\/14\/2023\/08\/Volvo-ocean-race-Riwal-250x167.jpg 250w\" sizes=\"auto, (max-width: 1000px) 100vw, 1000px\" \/><\/figure>\n<\/div>\n\n<div class=\"container\">\n<h3 class=\"wp-block-heading\" id=\"h-leje-af-lifte-til-events-med-sikkerhed-i-fokus\"><strong>Leje af lifte til events med sikkerhed i fokus<\/strong><\/h3>\n<\/div>\n\n<div class=\"container\">\n<p>N\u00e5r man arbejder i h\u00f8jden, er sikkerheden altafg\u00f8rende. Riwal tager dette ansvar alvorligt og sikrer, at alt udstyr er omhyggeligt vedligeholdt og inspiceret i overensstemmelse med branchestandarder. Deres professionelle team er ogs\u00e5 tr\u00e6net til at give r\u00e5d om, hvordan man bedst h\u00e5ndterer lift- og teleskopl\u00e6ssere sikkert og effektivt. Dette fokus p\u00e5 sikkerhed er afg\u00f8rende for at minimere risici og skabe en tryg arbejdsoplevelse for alle involverede.<\/p>\n<\/div>\n\n<div class=\"container\">\n<figure class=\"wp-block-image size-full\"><img loading=\"lazy\" decoding=\"async\" width=\"1000\" height=\"667\" src=\"https:\/\/riwal-wpn.acceptatie.indicia-interactiv.nl\/app\/uploads\/sites\/14\/2023\/08\/Danish-Championship-2019-Riwal-Cycling-1.jpg\" alt=\"Riwal udlejer lifte til events s\u00e5som festivaler og sportsbegivenheder. P\u00e5 billedet st\u00e5r en kameramand og filmer DM i Cykling fra en Riwal lift. \" class=\"wp-image-3688\" srcset=\"https:\/\/riwal-wpn.acceptatie.indicia-interactiv.nl\/app\/uploads\/sites\/14\/2023\/08\/Danish-Championship-2019-Riwal-Cycling-1.jpg 1000w, https:\/\/riwal-wpn.acceptatie.indicia-interactiv.nl\/app\/uploads\/sites\/14\/2023\/08\/Danish-Championship-2019-Riwal-Cycling-1-830x554.jpg 830w, https:\/\/riwal-wpn.acceptatie.indicia-interactiv.nl\/app\/uploads\/sites\/14\/2023\/08\/Danish-Championship-2019-Riwal-Cycling-1-300x200.jpg 300w, https:\/\/riwal-wpn.acceptatie.indicia-interactiv.nl\/app\/uploads\/sites\/14\/2023\/08\/Danish-Championship-2019-Riwal-Cycling-1-768x512.jpg 768w, https:\/\/riwal-wpn.acceptatie.indicia-interactiv.nl\/app\/uploads\/sites\/14\/2023\/08\/Danish-Championship-2019-Riwal-Cycling-1-178x119.jpg 178w, https:\/\/riwal-wpn.acceptatie.indicia-interactiv.nl\/app\/uploads\/sites\/14\/2023\/08\/Danish-Championship-2019-Riwal-Cycling-1-390x260.jpg 390w, https:\/\/riwal-wpn.acceptatie.indicia-interactiv.nl\/app\/uploads\/sites\/14\/2023\/08\/Danish-Championship-2019-Riwal-Cycling-1-250x167.jpg 250w\" sizes=\"auto, (max-width: 1000px) 100vw, 1000px\" \/><\/figure>\n<\/div>\n\n<div class=\"container\">\n<h3 class=\"wp-block-heading\" id=\"h-kontakt-riwal-for-udlejning-af-lifte-til-jeres-event\"><strong>Kontakt Riwal for udlejning af lifte til jeres event<\/strong><\/h3>\n<\/div>\n\n<div class=\"container\">\n<p>Er du klar til at l\u00f8fte dine events til nye h\u00f8jder med sikkerhed og effektivitet? Uanset om du planl\u00e6gger en musikfestival, en koncert, en sportsbegivenhed eller en TV-produktion, er Riwal din p\u00e5lidelige partner i h\u00f8jden. <\/p>\n<\/div>\n\n<div class=\"container\">\n<p>VI er klar til at hj\u00e6lpe jer med at finde de rette maskiner til jeres behov. <\/p>\n<\/div>\n\n<div class=\"container\">\n<p>Se vores udvalg af lifte, teleskopl\u00e6ssere, minikraner og trucks her eller kontakt os direkte for personlig r\u00e5dgivning og tilbud.<\/p>\n<\/div>\n\n<div class=\"container\">\n<p><strong><a href=\"https:\/\/riwal-wpn.acceptatie.indicia-interactiv.nl\/da\/kontakt-riwal\/\">Kontakt os:<\/a><\/strong><\/p>\n<\/div>\n\n<div class=\"container\">\n<p><strong>Email: <\/strong>lift_dk@riwal.com<\/p>\n<\/div>\n\n<div class=\"container\">\n<p><strong>Tlf: <\/strong>+45 70 10 00 97<\/p>\n<\/div>","protected":false},"excerpt":{"rendered":"<p>Lej lifte og teleskopl\u00e6ssere til events Hos Riwal kan man leje lifte og teleskopl\u00e6ssere til events. S\u00e6rligt n\u00e5r det kommer til ops\u00e6tning af events, er sikkerhed og effektivitet af afg\u00f8rende betydning. Is\u00e6r n\u00e5r arbejdet skal udf\u00f8res i h\u00f8jden, som det ofte er tilf\u00e6ldet ved ops\u00e6tning af events s\u00e5som festivaler, koncerter, sportsbegivenheder og TV-produktioner og meget &hellip; <a href=\"https:\/\/riwal-wpn.acceptatie.indicia-interactiv.nl\/da\/brancher\/lej-lifte-og-teleskoplaessere-til-events\/\">Fortsat<\/a><\/p>\n","protected":false},"author":18,"featured_media":0,"parent":6424,"menu_order":0,"comment_status":"closed","ping_status":"closed","template":"","meta":{"_acf_changed":false,"editor_notices":[],"footnotes":""},"class_list":["post-3680","page","type-page","status-publish","hentry"],"acf":[],"yoast_head":"<!-- This site is optimized with the Yoast SEO Premium plugin v27.1 (Yoast SEO v27.1.1) - https:\/\/yoast.com\/product\/yoast-seo-premium-wordpress\/ -->\n<title>Lifte til events | Lej maskiner hos Riwal<\/title>\n<meta name=\"description\" content=\"Lej lifte og teleskopl\u00e6ssere til ops\u00e6tning af events hos Riwal. Vores omfattende udvalg d\u00e6kker alt fra festivaler til TV-produktioner.\" \/>\n<meta name=\"robots\" content=\"noindex, follow, max-snippet:-1, max-image-preview:large, max-video-preview:-1\" \/>\n<meta property=\"og:locale\" content=\"da_DK\" \/>\n<meta property=\"og:type\" content=\"article\" \/>\n<meta property=\"og:title\" content=\"Udlejning af maskiner til events\" \/>\n<meta property=\"og:description\" content=\"Lej lifte og teleskopl\u00e6ssere til ops\u00e6tning af events hos Riwal. Vores omfattende udvalg d\u00e6kker alt fra festivaler til TV-produktioner.\" \/>\n<meta property=\"og:url\" content=\"https:\/\/riwal-wpn.acceptatie.indicia-interactiv.nl\/da\/brancher\/lej-lifte-og-teleskoplaessere-til-events\/\" \/>\n<meta property=\"og:site_name\" content=\"Riwal Danmark\" \/>\n<meta property=\"article:modified_time\" content=\"2024-02-20T12:20:47+00:00\" \/>\n<meta property=\"og:image\" content=\"https:\/\/riwal-wpn.acceptatie.indicia-interactiv.nl\/app\/uploads\/sites\/14\/2023\/08\/Volvo-ocean-race-Riwal.jpg\" \/>\n<meta name=\"twitter:card\" content=\"summary_large_image\" \/>\n<meta name=\"twitter:label1\" content=\"Est. reading time\" \/>\n\t<meta name=\"twitter:data1\" content=\"3 minutter\" \/>\n<script type=\"application\/ld+json\" class=\"yoast-schema-graph\">{\"@context\":\"https:\/\/schema.org\",\"@graph\":[{\"@type\":\"WebPage\",\"@id\":\"https:\/\/riwal-wpn.acceptatie.indicia-interactiv.nl\/da\/brancher\/lej-lifte-og-teleskoplaessere-til-events\/\",\"url\":\"https:\/\/riwal-wpn.acceptatie.indicia-interactiv.nl\/da\/brancher\/lej-lifte-og-teleskoplaessere-til-events\/\",\"name\":\"Lifte til events | Lej maskiner hos Riwal\",\"isPartOf\":{\"@id\":\"https:\/\/riwal-wpn.acceptatie.indicia-interactiv.nl\/da\/#website\"},\"primaryImageOfPage\":{\"@id\":\"https:\/\/riwal-wpn.acceptatie.indicia-interactiv.nl\/da\/brancher\/lej-lifte-og-teleskoplaessere-til-events\/#primaryimage\"},\"image\":{\"@id\":\"https:\/\/riwal-wpn.acceptatie.indicia-interactiv.nl\/da\/brancher\/lej-lifte-og-teleskoplaessere-til-events\/#primaryimage\"},\"thumbnailUrl\":\"https:\/\/riwal-wpn.acceptatie.indicia-interactiv.nl\/app\/uploads\/sites\/14\/2023\/08\/Volvo-ocean-race-Riwal.jpg\",\"datePublished\":\"2023-08-25T06:50:28+00:00\",\"dateModified\":\"2024-02-20T12:20:47+00:00\",\"description\":\"Lej lifte og teleskopl\u00e6ssere til ops\u00e6tning af events hos Riwal. Vores omfattende udvalg d\u00e6kker alt fra festivaler til TV-produktioner.\",\"breadcrumb\":{\"@id\":\"https:\/\/riwal-wpn.acceptatie.indicia-interactiv.nl\/da\/brancher\/lej-lifte-og-teleskoplaessere-til-events\/#breadcrumb\"},\"inLanguage\":\"da-DK\",\"potentialAction\":[{\"@type\":\"ReadAction\",\"target\":[\"https:\/\/riwal-wpn.acceptatie.indicia-interactiv.nl\/da\/brancher\/lej-lifte-og-teleskoplaessere-til-events\/\"]}]},{\"@type\":\"ImageObject\",\"inLanguage\":\"da-DK\",\"@id\":\"https:\/\/riwal-wpn.acceptatie.indicia-interactiv.nl\/da\/brancher\/lej-lifte-og-teleskoplaessere-til-events\/#primaryimage\",\"url\":\"https:\/\/riwal-wpn.acceptatie.indicia-interactiv.nl\/app\/uploads\/sites\/14\/2023\/08\/Volvo-ocean-race-Riwal.jpg\",\"contentUrl\":\"https:\/\/riwal-wpn.acceptatie.indicia-interactiv.nl\/app\/uploads\/sites\/14\/2023\/08\/Volvo-ocean-race-Riwal.jpg\"},{\"@type\":\"BreadcrumbList\",\"@id\":\"https:\/\/riwal-wpn.acceptatie.indicia-interactiv.nl\/da\/brancher\/lej-lifte-og-teleskoplaessere-til-events\/#breadcrumb\",\"itemListElement\":[{\"@type\":\"ListItem\",\"position\":1,\"name\":\"Forside\",\"item\":\"https:\/\/riwal-wpn.acceptatie.indicia-interactiv.nl\/da\/\"},{\"@type\":\"ListItem\",\"position\":2,\"name\":\"Brancher\",\"item\":\"https:\/\/riwal-wpn.acceptatie.indicia-interactiv.nl\/da\/brancher\/\"},{\"@type\":\"ListItem\",\"position\":3,\"name\":\"Udlejning af maskiner til events\"}]},{\"@type\":\"WebSite\",\"@id\":\"https:\/\/riwal-wpn.acceptatie.indicia-interactiv.nl\/da\/#website\",\"url\":\"https:\/\/riwal-wpn.acceptatie.indicia-interactiv.nl\/da\/\",\"name\":\"Riwal\",\"description\":\"Arial work platform &amp; Telehandler Rental\/Sales\",\"publisher\":{\"@id\":\"https:\/\/riwal-wpn.acceptatie.indicia-interactiv.nl\/da\/#organization\"},\"potentialAction\":[{\"@type\":\"SearchAction\",\"target\":{\"@type\":\"EntryPoint\",\"urlTemplate\":\"https:\/\/riwal-wpn.acceptatie.indicia-interactiv.nl\/da\/?s={search_term_string}\"},\"query-input\":{\"@type\":\"PropertyValueSpecification\",\"valueRequired\":true,\"valueName\":\"search_term_string\"}}],\"inLanguage\":\"da-DK\"},{\"@type\":\"Organization\",\"@id\":\"https:\/\/riwal-wpn.acceptatie.indicia-interactiv.nl\/da\/#organization\",\"name\":\"Riwal\",\"url\":\"https:\/\/riwal-wpn.acceptatie.indicia-interactiv.nl\/da\/\",\"logo\":{\"@type\":\"ImageObject\",\"inLanguage\":\"da-DK\",\"@id\":\"https:\/\/riwal-wpn.acceptatie.indicia-interactiv.nl\/da\/#\/schema\/logo\/image\/\",\"url\":\"\",\"contentUrl\":\"\",\"caption\":\"Riwal\"},\"image\":{\"@id\":\"https:\/\/riwal-wpn.acceptatie.indicia-interactiv.nl\/da\/#\/schema\/logo\/image\/\"}}]}<\/script>\n<!-- \/ Yoast SEO Premium plugin. -->","yoast_head_json":{"title":"Lifte til events | Lej maskiner hos Riwal","description":"Lej lifte og teleskopl\u00e6ssere til ops\u00e6tning af events hos Riwal. Vores omfattende udvalg d\u00e6kker alt fra festivaler til TV-produktioner.","robots":{"index":"noindex","follow":"follow","max-snippet":"max-snippet:-1","max-image-preview":"max-image-preview:large","max-video-preview":"max-video-preview:-1"},"og_locale":"da_DK","og_type":"article","og_title":"Udlejning af maskiner til events","og_description":"Lej lifte og teleskopl\u00e6ssere til ops\u00e6tning af events hos Riwal. Vores omfattende udvalg d\u00e6kker alt fra festivaler til TV-produktioner.","og_url":"https:\/\/riwal-wpn.acceptatie.indicia-interactiv.nl\/da\/brancher\/lej-lifte-og-teleskoplaessere-til-events\/","og_site_name":"Riwal Danmark","article_modified_time":"2024-02-20T12:20:47+00:00","og_image":[{"url":"https:\/\/riwal-wpn.acceptatie.indicia-interactiv.nl\/app\/uploads\/sites\/14\/2023\/08\/Volvo-ocean-race-Riwal.jpg","type":"","width":"","height":""}],"twitter_card":"summary_large_image","twitter_misc":{"Est. reading time":"3 minutter"},"schema":{"@context":"https:\/\/schema.org","@graph":[{"@type":"WebPage","@id":"https:\/\/riwal-wpn.acceptatie.indicia-interactiv.nl\/da\/brancher\/lej-lifte-og-teleskoplaessere-til-events\/","url":"https:\/\/riwal-wpn.acceptatie.indicia-interactiv.nl\/da\/brancher\/lej-lifte-og-teleskoplaessere-til-events\/","name":"Lifte til events | Lej maskiner hos Riwal","isPartOf":{"@id":"https:\/\/riwal-wpn.acceptatie.indicia-interactiv.nl\/da\/#website"},"primaryImageOfPage":{"@id":"https:\/\/riwal-wpn.acceptatie.indicia-interactiv.nl\/da\/brancher\/lej-lifte-og-teleskoplaessere-til-events\/#primaryimage"},"image":{"@id":"https:\/\/riwal-wpn.acceptatie.indicia-interactiv.nl\/da\/brancher\/lej-lifte-og-teleskoplaessere-til-events\/#primaryimage"},"thumbnailUrl":"https:\/\/riwal-wpn.acceptatie.indicia-interactiv.nl\/app\/uploads\/sites\/14\/2023\/08\/Volvo-ocean-race-Riwal.jpg","datePublished":"2023-08-25T06:50:28+00:00","dateModified":"2024-02-20T12:20:47+00:00","description":"Lej lifte og teleskopl\u00e6ssere til ops\u00e6tning af events hos Riwal. Vores omfattende udvalg d\u00e6kker alt fra festivaler til TV-produktioner.","breadcrumb":{"@id":"https:\/\/riwal-wpn.acceptatie.indicia-interactiv.nl\/da\/brancher\/lej-lifte-og-teleskoplaessere-til-events\/#breadcrumb"},"inLanguage":"da-DK","potentialAction":[{"@type":"ReadAction","target":["https:\/\/riwal-wpn.acceptatie.indicia-interactiv.nl\/da\/brancher\/lej-lifte-og-teleskoplaessere-til-events\/"]}]},{"@type":"ImageObject","inLanguage":"da-DK","@id":"https:\/\/riwal-wpn.acceptatie.indicia-interactiv.nl\/da\/brancher\/lej-lifte-og-teleskoplaessere-til-events\/#primaryimage","url":"https:\/\/riwal-wpn.acceptatie.indicia-interactiv.nl\/app\/uploads\/sites\/14\/2023\/08\/Volvo-ocean-race-Riwal.jpg","contentUrl":"https:\/\/riwal-wpn.acceptatie.indicia-interactiv.nl\/app\/uploads\/sites\/14\/2023\/08\/Volvo-ocean-race-Riwal.jpg"},{"@type":"BreadcrumbList","@id":"https:\/\/riwal-wpn.acceptatie.indicia-interactiv.nl\/da\/brancher\/lej-lifte-og-teleskoplaessere-til-events\/#breadcrumb","itemListElement":[{"@type":"ListItem","position":1,"name":"Forside","item":"https:\/\/riwal-wpn.acceptatie.indicia-interactiv.nl\/da\/"},{"@type":"ListItem","position":2,"name":"Brancher","item":"https:\/\/riwal-wpn.acceptatie.indicia-interactiv.nl\/da\/brancher\/"},{"@type":"ListItem","position":3,"name":"Udlejning af maskiner til events"}]},{"@type":"WebSite","@id":"https:\/\/riwal-wpn.acceptatie.indicia-interactiv.nl\/da\/#website","url":"https:\/\/riwal-wpn.acceptatie.indicia-interactiv.nl\/da\/","name":"Riwal","description":"Arial work platform &amp; Telehandler Rental\/Sales","publisher":{"@id":"https:\/\/riwal-wpn.acceptatie.indicia-interactiv.nl\/da\/#organization"},"potentialAction":[{"@type":"SearchAction","target":{"@type":"EntryPoint","urlTemplate":"https:\/\/riwal-wpn.acceptatie.indicia-interactiv.nl\/da\/?s={search_term_string}"},"query-input":{"@type":"PropertyValueSpecification","valueRequired":true,"valueName":"search_term_string"}}],"inLanguage":"da-DK"},{"@type":"Organization","@id":"https:\/\/riwal-wpn.acceptatie.indicia-interactiv.nl\/da\/#organization","name":"Riwal","url":"https:\/\/riwal-wpn.acceptatie.indicia-interactiv.nl\/da\/","logo":{"@type":"ImageObject","inLanguage":"da-DK","@id":"https:\/\/riwal-wpn.acceptatie.indicia-interactiv.nl\/da\/#\/schema\/logo\/image\/","url":"","contentUrl":"","caption":"Riwal"},"image":{"@id":"https:\/\/riwal-wpn.acceptatie.indicia-interactiv.nl\/da\/#\/schema\/logo\/image\/"}}]}},"_links":{"self":[{"href":"https:\/\/riwal-wpn.acceptatie.indicia-interactiv.nl\/da\/wp-json\/wp\/v2\/pages\/3680","targetHints":{"allow":["GET"]}}],"collection":[{"href":"https:\/\/riwal-wpn.acceptatie.indicia-interactiv.nl\/da\/wp-json\/wp\/v2\/pages"}],"about":[{"href":"https:\/\/riwal-wpn.acceptatie.indicia-interactiv.nl\/da\/wp-json\/wp\/v2\/types\/page"}],"author":[{"embeddable":true,"href":"https:\/\/riwal-wpn.acceptatie.indicia-interactiv.nl\/da\/wp-json\/wp\/v2\/users\/18"}],"replies":[{"embeddable":true,"href":"https:\/\/riwal-wpn.acceptatie.indicia-interactiv.nl\/da\/wp-json\/wp\/v2\/comments?post=3680"}],"version-history":[{"count":5,"href":"https:\/\/riwal-wpn.acceptatie.indicia-interactiv.nl\/da\/wp-json\/wp\/v2\/pages\/3680\/revisions"}],"predecessor-version":[{"id":9144,"href":"https:\/\/riwal-wpn.acceptatie.indicia-interactiv.nl\/da\/wp-json\/wp\/v2\/pages\/3680\/revisions\/9144"}],"up":[{"embeddable":true,"href":"https:\/\/riwal-wpn.acceptatie.indicia-interactiv.nl\/da\/wp-json\/wp\/v2\/pages\/6424"}],"wp:attachment":[{"href":"https:\/\/riwal-wpn.acceptatie.indicia-interactiv.nl\/da\/wp-json\/wp\/v2\/media?parent=3680"}],"curies":[{"name":"wp","href":"https:\/\/api.w.org\/{rel}","templated":true}]}}