{"id":5067,"date":"2023-09-26T12:25:45","date_gmt":"2023-09-26T12:25:45","guid":{"rendered":"https:\/\/riwal-wpn.acceptatie.indicia-interactiv.nl\/da\/?page_id=5067"},"modified":"2024-01-23T08:23:36","modified_gmt":"2024-01-23T08:23:36","slug":"download-bim-modeller-af-riwals-maskinflaad","status":"publish","type":"page","link":"https:\/\/riwal-wpn.acceptatie.indicia-interactiv.nl\/da\/download-bim-modeller-af-riwals-maskinflaad\/","title":{"rendered":"BIM"},"content":{"rendered":"<div class=\"container\">\n<h1 class=\"wp-block-heading\" id=\"h-bim-download-bim-modeller-af-riwal-lifte\">BIM: Download BIM-modeller af Riwal lifte<\/h1>\n<\/div>\n\n<div class=\"container\">\n<p><strong>BIM<\/strong> <strong><strong>(building information modeling)<\/strong> &#8211; BIM-filer er digitale 3D-modeller af fysiske objekter s\u00e5som bygninger, maskiner, m\u00f8bler, beplantning og meget mere.<\/strong><\/p>\n<\/div>\n\n<div class=\"container\">\n<figure class=\"wp-block-image size-full is-resized\"><img loading=\"lazy\" decoding=\"async\" width=\"850\" height=\"303\" src=\"https:\/\/riwal-wpn.acceptatie.indicia-interactiv.nl\/app\/uploads\/sites\/14\/2023\/09\/image-5.png\" alt=\"BIM-modeller - JLG X20JP\" class=\"wp-image-5070\" style=\"width:700px;height:249px\" srcset=\"https:\/\/riwal-wpn.acceptatie.indicia-interactiv.nl\/app\/uploads\/sites\/14\/2023\/09\/image-5.png 850w, https:\/\/riwal-wpn.acceptatie.indicia-interactiv.nl\/app\/uploads\/sites\/14\/2023\/09\/image-5-830x296.png 830w, https:\/\/riwal-wpn.acceptatie.indicia-interactiv.nl\/app\/uploads\/sites\/14\/2023\/09\/image-5-300x107.png 300w, https:\/\/riwal-wpn.acceptatie.indicia-interactiv.nl\/app\/uploads\/sites\/14\/2023\/09\/image-5-768x274.png 768w, https:\/\/riwal-wpn.acceptatie.indicia-interactiv.nl\/app\/uploads\/sites\/14\/2023\/09\/image-5-178x63.png 178w, https:\/\/riwal-wpn.acceptatie.indicia-interactiv.nl\/app\/uploads\/sites\/14\/2023\/09\/image-5-390x139.png 390w, https:\/\/riwal-wpn.acceptatie.indicia-interactiv.nl\/app\/uploads\/sites\/14\/2023\/09\/image-5-250x89.png 250w\" sizes=\"auto, (max-width: 850px) 100vw, 850px\" \/><\/figure>\n<\/div>\n\n<div class=\"container\">\n<h2 class=\"wp-block-heading\" id=\"h-fordele-ved-bim-teknologien\">Fordele ved BIM-teknologien<\/h2>\n<\/div>\n\n<div class=\"container\">\n<p>Ved at bruge BIM-teknologien f\u00e5r du mere kontrol over dine maskiner. P\u00e5 denne m\u00e5de kan du reducere og\/eller eliminere omkostninger i forbindelse med leje af forkerte maskiner. BIM-teknologien kan samtidig danne et overblik over hvor mange maskiner der reelt er brug for p\u00e5 byggepladsen, og reducerer dermed byggepladsens CO2-udslip. BIM kan dermed hj\u00e6lpe dig med at planl\u00e6gge dine projekter p\u00e5 en effektiv m\u00e5de og forudse problemer, f\u00f8r de opst\u00e5r. I sidste ende betyder dette lavere fejlomkostninger og tidsbesparelser.<\/p>\n<\/div>\n\n<div class=\"rental-wp-default-block rental-theme-block-default-margin\"><div class=\"container\">\n<figure class=\"wp-block-embed is-type-video is-provider-youtube wp-block-embed-youtube\"><div class=\"wp-block-embed__wrapper\">\n<iframe loading=\"lazy\" title=\"Brug BIM og 3D-modeller til at projektere dine byggepladser\" width=\"500\" height=\"281\" src=\"https:\/\/www.youtube.com\/embed\/AAuaI5gIOc4?feature=oembed\" frameborder=\"0\" allow=\"accelerometer; autoplay; clipboard-write; encrypted-media; gyroscope; picture-in-picture; web-share\" referrerpolicy=\"strict-origin-when-cross-origin\" allowfullscreen><\/iframe>\n<\/div><\/figure>\n<\/div><\/div>\n\n<div class=\"container\">\n<h2 class=\"wp-block-heading\">BIM-modeller giver dig:<\/h2>\n<\/div>\n\n<div class=\"container\">\n<ul class=\"wp-block-list\">\n<li>Mulighed for at v\u00e6lge den korrekte maskine.&nbsp;<\/li>\n\n\n\n<li>Et planl\u00e6gningsv\u00e6rkt\u00f8j, s\u00e5 du effektivt kan planl\u00e6gge hvor maskinerne skal placeres.&nbsp;<\/li>\n\n\n\n<li>Et overblik over byggepladsen, og hvor mulige forhindringer med liftene kan opst\u00e5.&nbsp;<\/li>\n\n\n\n<li>Et overblik over alle maskinerne p\u00e5 byggepladsen.&nbsp;<\/li>\n\n\n\n<li>Bedre vedligeholdelse i fremtiden. Indgangene til bygningerne kan justeres s\u00e5 liftene bedre kan navigere indenfor.&nbsp;<\/li>\n\n\n\n<li>\u00d8get effektivitet p\u00e5 tv\u00e6rs af store projekter.&nbsp;<\/li>\n\n\n\n<li>Adgang til Riwals in-house konsulenter, som i samarbejde med dig kan v\u00e6lge de bedste maskiner og hj\u00e6lpe dig med at implementere Riwals BIM modeller i en BIM fil, som d\u00e6kker over din byggeplads.&nbsp;<\/li>\n<\/ul>\n<\/div>\n\n<div class=\"container\">\n<p><\/p>\n<\/div>\n\n<div class=\"container\">\n<h3 class=\"wp-block-heading\" id=\"h-du-bliver-langt-mere-effektiv-med-bim\"><strong>Du bliver langt mere effektiv med BIM<\/strong><\/h3>\n<\/div>\n\n<div class=\"container\">\n<p>Riwal tilbyder 62 BIM-modeller af lifte fra vores egen maskinfl\u00e5de. Her kan du bl.a. finde vores saxlifte, bomlifte og edderkoplifte. <\/p>\n<\/div>\n\n<div class=\"container\">\n<p>Hvis BIM lyder interessant for dig &#8211; kan du pr\u00f8ve og l\u00e6se mere om BIM her <\/p>\n<\/div>\n\n<div class=\"rental-wp-default-block rental-theme-block-default-margin\">\n\t\t\t\t\t\t\t\t<div class=\"container\">\n<div class=\"wp-block-buttons is-layout-flex wp-block-buttons-is-layout-flex\">\n<div class=\"wp-block-button\"><a class=\"wp-block-button__link wp-element-button\" href=\"https:\/\/www.bimobject.com\/en\/riwal\">     Pr\u00f8v BIM her<\/a><\/div>\n<\/div>\n<\/div>\n\t\t\t\t\t\t\t<\/div> \n\n<div class=\"container\">\n<p><\/p>\n<\/div>\n\n<div class=\"container\">\n<h2 class=\"wp-block-heading\" id=\"h-billedgalleri\">Billedgalleri:<\/h2>\n<\/div>\n\n<div class=\"container\">\n<p>BIM giver dig meget mere kontrol over byggeriet og projekterne. BIM neds\u00e6tter simpelthen risikoen for fejl. BIM er nemlig udviklet til, at identificere problemer inden de opst\u00e5r &#8211; og give dig l\u00f8sningsforslag i god tid, s\u00e5 arbejdet p\u00e5 byggepladsen ikke g\u00e5r i st\u00e5 eller tager l\u00e6ngere tid end planlagt.&nbsp;<\/p>\n<\/div>\n\n<div class=\"container\">\n<p>BIM-modellerne er alle et udpluk fra Riwals egen fl\u00e5de. Alle vores BIM modeller er i samme m\u00e5l som de findes i fl\u00e5den. S\u00e5dan kan du altid regne med specifikationerne af maskinerne og dimensionerne i dine BIM-systemer. For eksempel kan du finde denne\u00a0<a href=\"https:\/\/riwal-wpn.acceptatie.indicia-interactiv.nl\/da\/udlejning\/lift\/bomlift\/jlg-1500sj\/bomlift-diesel-48m\/\">JLG 1500 SJ via vores hjemmeside<\/a>\u00a0og tage kontakt\u00a0<a href=\"https:\/\/riwal-wpn.acceptatie.indicia-interactiv.nl\/da\/medarbejdere\/\">til vores s\u00e6lgere<\/a>\u00a0og bede om en grundig vejledning i brugen af BIM.\u00a0<\/p>\n<\/div>\n\n<div class=\"container\">\n<figure class=\"wp-block-image size-full is-resized\"><img loading=\"lazy\" decoding=\"async\" width=\"900\" height=\"600\" src=\"https:\/\/riwal-wpn.acceptatie.indicia-interactiv.nl\/app\/uploads\/sites\/14\/2023\/08\/JLG-1500SJ-2.jpg\" alt=\"\" class=\"wp-image-2694\" style=\"aspect-ratio:1.858910891089109;width:642px;height:auto\" srcset=\"https:\/\/riwal-wpn.acceptatie.indicia-interactiv.nl\/app\/uploads\/sites\/14\/2023\/08\/JLG-1500SJ-2.jpg 900w, https:\/\/riwal-wpn.acceptatie.indicia-interactiv.nl\/app\/uploads\/sites\/14\/2023\/08\/JLG-1500SJ-2-830x553.jpg 830w, https:\/\/riwal-wpn.acceptatie.indicia-interactiv.nl\/app\/uploads\/sites\/14\/2023\/08\/JLG-1500SJ-2-250x167.jpg 250w, https:\/\/riwal-wpn.acceptatie.indicia-interactiv.nl\/app\/uploads\/sites\/14\/2023\/08\/JLG-1500SJ-2-300x200.jpg 300w, https:\/\/riwal-wpn.acceptatie.indicia-interactiv.nl\/app\/uploads\/sites\/14\/2023\/08\/JLG-1500SJ-2-768x512.jpg 768w, https:\/\/riwal-wpn.acceptatie.indicia-interactiv.nl\/app\/uploads\/sites\/14\/2023\/08\/JLG-1500SJ-2-178x119.jpg 178w, https:\/\/riwal-wpn.acceptatie.indicia-interactiv.nl\/app\/uploads\/sites\/14\/2023\/08\/JLG-1500SJ-2-390x260.jpg 390w\" sizes=\"auto, (max-width: 900px) 100vw, 900px\" \/><\/figure>\n<\/div>\n\n<div class=\"container\">\n<p>Byggepladser kan ofte v\u00e6re sv\u00e6re at navigere i. Med BIM-objekter f\u00e5r du et direkte og visuelt indblik i, hvordan maskinerne passer ind p\u00e5 en byggeplads. For Riwal er service en kernekompetence, og vores prim\u00e6re funktion er, at s\u00f8rge for, at kunderne v\u00e6lger de rigtige maskiner.&nbsp;<\/p>\n<\/div>\n\n<div class=\"container\">\n<p>Her ses\u00a0<a href=\"https:\/\/riwal-wpn.acceptatie.indicia-interactiv.nl\/da\/udlejning\/lift\/saxlift\/\">Riwals meget popul\u00e6re saxlift<\/a> fra\u00a0<a href=\"https:\/\/www.jlg.com\/en\">JLG<\/a>, nemlig\u00a0<a href=\"https:\/\/riwal-wpn.acceptatie.indicia-interactiv.nl\/da\/udlejning\/lift\/saxlift\/jlg-1930es\/saxlift-el-8m\/\">JLG 1930<\/a>, som ikke udleder noget CO2 og er meget st\u00f8jsvag. Liften egner sig godt til sm\u00e5 og lukkede rum. For god ordens skyld, anbefaler vi, at du downloader BIM objekter af dine maskiner, s\u00e5 du bedre kan planl\u00e6gge liftenes st\u00f8rrelser i overensstemmelse med dimensionerne fra byggepladsen.\u00a0P\u00e5 billedet ses ogs\u00e5 den elektriske bomlift,\u00a0<a href=\"https:\/\/riwal-wpn.acceptatie.indicia-interactiv.nl\/da\/udlejning\/lift\/bomlift\/jlg-e600jp\/bomlift-el-20m\/\">JLG E600 JP<\/a>, som i dette byggeri er et fantastisk match, da den har et stort udl\u00e6g og er milj\u00f8venlig (et krav fra bygherren).\u00a0<\/p>\n<\/div>\n\n<div class=\"container\">\n<figure class=\"wp-block-image size-full is-resized\"><img loading=\"lazy\" decoding=\"async\" width=\"900\" height=\"600\" src=\"https:\/\/riwal-wpn.acceptatie.indicia-interactiv.nl\/app\/uploads\/sites\/14\/2023\/08\/JLG-2032ES-1.jpg\" alt=\"\" class=\"wp-image-2730\" style=\"aspect-ratio:2.162857142857143;width:637px;height:auto\" srcset=\"https:\/\/riwal-wpn.acceptatie.indicia-interactiv.nl\/app\/uploads\/sites\/14\/2023\/08\/JLG-2032ES-1.jpg 900w, https:\/\/riwal-wpn.acceptatie.indicia-interactiv.nl\/app\/uploads\/sites\/14\/2023\/08\/JLG-2032ES-1-830x553.jpg 830w, https:\/\/riwal-wpn.acceptatie.indicia-interactiv.nl\/app\/uploads\/sites\/14\/2023\/08\/JLG-2032ES-1-250x167.jpg 250w, https:\/\/riwal-wpn.acceptatie.indicia-interactiv.nl\/app\/uploads\/sites\/14\/2023\/08\/JLG-2032ES-1-300x200.jpg 300w, https:\/\/riwal-wpn.acceptatie.indicia-interactiv.nl\/app\/uploads\/sites\/14\/2023\/08\/JLG-2032ES-1-768x512.jpg 768w, https:\/\/riwal-wpn.acceptatie.indicia-interactiv.nl\/app\/uploads\/sites\/14\/2023\/08\/JLG-2032ES-1-178x119.jpg 178w, https:\/\/riwal-wpn.acceptatie.indicia-interactiv.nl\/app\/uploads\/sites\/14\/2023\/08\/JLG-2032ES-1-390x260.jpg 390w\" sizes=\"auto, (max-width: 900px) 100vw, 900px\" \/><\/figure>\n<\/div>\n\n<div class=\"container\">\n<p><a href=\"https:\/\/riwal-wpn.acceptatie.indicia-interactiv.nl\/da\/kontakt-riwal\/\">Kontakt os allerede i dag<\/a>\u00a0og h\u00f8r om de mange fordele og hvordan BIM kan \u00f8ge din produktivitet og effektivitet.<\/p>\n<\/div>\n\n<div class=\"container\">\n<figure class=\"wp-block-image size-large is-resized\"><img loading=\"lazy\" decoding=\"async\" width=\"1024\" height=\"538\" src=\"https:\/\/riwal-wpn.acceptatie.indicia-interactiv.nl\/app\/uploads\/sites\/14\/2023\/09\/Facebook-and-LinkedIn-BIM-Images-High-Resolution-1024x538.png\" alt=\"BIM-modeller: BIM model af to JLG-lifte\" class=\"wp-image-5083\" style=\"aspect-ratio:1.9052369077306732;width:632px;height:auto\" srcset=\"https:\/\/riwal-wpn.acceptatie.indicia-interactiv.nl\/app\/uploads\/sites\/14\/2023\/09\/Facebook-and-LinkedIn-BIM-Images-High-Resolution-1024x538.png 1024w, https:\/\/riwal-wpn.acceptatie.indicia-interactiv.nl\/app\/uploads\/sites\/14\/2023\/09\/Facebook-and-LinkedIn-BIM-Images-High-Resolution-830x436.png 830w, https:\/\/riwal-wpn.acceptatie.indicia-interactiv.nl\/app\/uploads\/sites\/14\/2023\/09\/Facebook-and-LinkedIn-BIM-Images-High-Resolution-300x158.png 300w, https:\/\/riwal-wpn.acceptatie.indicia-interactiv.nl\/app\/uploads\/sites\/14\/2023\/09\/Facebook-and-LinkedIn-BIM-Images-High-Resolution-768x403.png 768w, https:\/\/riwal-wpn.acceptatie.indicia-interactiv.nl\/app\/uploads\/sites\/14\/2023\/09\/Facebook-and-LinkedIn-BIM-Images-High-Resolution-178x93.png 178w, https:\/\/riwal-wpn.acceptatie.indicia-interactiv.nl\/app\/uploads\/sites\/14\/2023\/09\/Facebook-and-LinkedIn-BIM-Images-High-Resolution-390x205.png 390w, https:\/\/riwal-wpn.acceptatie.indicia-interactiv.nl\/app\/uploads\/sites\/14\/2023\/09\/Facebook-and-LinkedIn-BIM-Images-High-Resolution-250x131.png 250w, https:\/\/riwal-wpn.acceptatie.indicia-interactiv.nl\/app\/uploads\/sites\/14\/2023\/09\/Facebook-and-LinkedIn-BIM-Images-High-Resolution.png 1200w\" sizes=\"auto, (max-width: 1024px) 100vw, 1024px\" \/><\/figure>\n<\/div>","protected":false},"excerpt":{"rendered":"<p>BIM: Download BIM-modeller af Riwal lifte BIM (building information modeling) &#8211; BIM-filer er digitale 3D-modeller af fysiske objekter s\u00e5som bygninger, maskiner, m\u00f8bler, beplantning og meget mere. Fordele ved BIM-teknologien Ved at bruge BIM-teknologien f\u00e5r du mere kontrol over dine maskiner. P\u00e5 denne m\u00e5de kan du reducere og\/eller eliminere omkostninger i forbindelse med leje af forkerte &hellip; <a href=\"https:\/\/riwal-wpn.acceptatie.indicia-interactiv.nl\/da\/download-bim-modeller-af-riwals-maskinflaad\/\">Fortsat<\/a><\/p>\n","protected":false},"author":18,"featured_media":0,"parent":0,"menu_order":0,"comment_status":"closed","ping_status":"closed","template":"","meta":{"_acf_changed":false,"editor_notices":[],"footnotes":""},"class_list":["post-5067","page","type-page","status-publish","hentry"],"acf":[],"yoast_head":"<!-- This site is optimized with the Yoast SEO Premium plugin v27.1 (Yoast SEO v27.1.1) - https:\/\/yoast.com\/product\/yoast-seo-premium-wordpress\/ -->\n<title>BIM: Download modeller af Riwals maskinfl\u00e5de | Riwal<\/title>\n<meta name=\"description\" content=\"BIM: Download modeller af Riwals maskinfl\u00e5de. Riwal tilbyder 62 BIM-modeller af lifte fra vores egen fl\u00e5de. L\u00e6s mere her.\" \/>\n<meta name=\"robots\" content=\"noindex, follow, max-snippet:-1, max-image-preview:large, max-video-preview:-1\" \/>\n<meta property=\"og:locale\" content=\"da_DK\" \/>\n<meta property=\"og:type\" content=\"article\" \/>\n<meta property=\"og:title\" content=\"BIM\" \/>\n<meta property=\"og:description\" content=\"BIM: Download modeller af Riwals maskinfl\u00e5de. Riwal tilbyder 62 BIM-modeller af lifte fra vores egen fl\u00e5de. L\u00e6s mere her.\" \/>\n<meta property=\"og:url\" content=\"https:\/\/riwal-wpn.acceptatie.indicia-interactiv.nl\/da\/download-bim-modeller-af-riwals-maskinflaad\/\" \/>\n<meta property=\"og:site_name\" content=\"Riwal Danmark\" \/>\n<meta property=\"article:modified_time\" content=\"2024-01-23T08:23:36+00:00\" \/>\n<meta property=\"og:image\" content=\"https:\/\/riwal-wpn.acceptatie.indicia-interactiv.nl\/app\/uploads\/sites\/14\/2023\/09\/image-5.png\" \/>\n<meta name=\"twitter:card\" content=\"summary_large_image\" \/>\n<meta name=\"twitter:label1\" content=\"Est. reading time\" \/>\n\t<meta name=\"twitter:data1\" content=\"4 minutter\" \/>\n<script type=\"application\/ld+json\" class=\"yoast-schema-graph\">{\"@context\":\"https:\/\/schema.org\",\"@graph\":[{\"@type\":\"WebPage\",\"@id\":\"https:\/\/riwal-wpn.acceptatie.indicia-interactiv.nl\/da\/download-bim-modeller-af-riwals-maskinflaad\/\",\"url\":\"https:\/\/riwal-wpn.acceptatie.indicia-interactiv.nl\/da\/download-bim-modeller-af-riwals-maskinflaad\/\",\"name\":\"BIM: Download modeller af Riwals maskinfl\u00e5de | Riwal\",\"isPartOf\":{\"@id\":\"https:\/\/riwal-wpn.acceptatie.indicia-interactiv.nl\/da\/#website\"},\"primaryImageOfPage\":{\"@id\":\"https:\/\/riwal-wpn.acceptatie.indicia-interactiv.nl\/da\/download-bim-modeller-af-riwals-maskinflaad\/#primaryimage\"},\"image\":{\"@id\":\"https:\/\/riwal-wpn.acceptatie.indicia-interactiv.nl\/da\/download-bim-modeller-af-riwals-maskinflaad\/#primaryimage\"},\"thumbnailUrl\":\"https:\/\/riwal-wpn.acceptatie.indicia-interactiv.nl\/app\/uploads\/sites\/14\/2023\/09\/image-5.png\",\"datePublished\":\"2023-09-26T12:25:45+00:00\",\"dateModified\":\"2024-01-23T08:23:36+00:00\",\"description\":\"BIM: Download modeller af Riwals maskinfl\u00e5de. Riwal tilbyder 62 BIM-modeller af lifte fra vores egen fl\u00e5de. L\u00e6s mere her.\",\"breadcrumb\":{\"@id\":\"https:\/\/riwal-wpn.acceptatie.indicia-interactiv.nl\/da\/download-bim-modeller-af-riwals-maskinflaad\/#breadcrumb\"},\"inLanguage\":\"da-DK\",\"potentialAction\":[{\"@type\":\"ReadAction\",\"target\":[\"https:\/\/riwal-wpn.acceptatie.indicia-interactiv.nl\/da\/download-bim-modeller-af-riwals-maskinflaad\/\"]}]},{\"@type\":\"ImageObject\",\"inLanguage\":\"da-DK\",\"@id\":\"https:\/\/riwal-wpn.acceptatie.indicia-interactiv.nl\/da\/download-bim-modeller-af-riwals-maskinflaad\/#primaryimage\",\"url\":\"https:\/\/riwal-wpn.acceptatie.indicia-interactiv.nl\/app\/uploads\/sites\/14\/2023\/09\/image-5.png\",\"contentUrl\":\"https:\/\/riwal-wpn.acceptatie.indicia-interactiv.nl\/app\/uploads\/sites\/14\/2023\/09\/image-5.png\"},{\"@type\":\"BreadcrumbList\",\"@id\":\"https:\/\/riwal-wpn.acceptatie.indicia-interactiv.nl\/da\/download-bim-modeller-af-riwals-maskinflaad\/#breadcrumb\",\"itemListElement\":[{\"@type\":\"ListItem\",\"position\":1,\"name\":\"Forside\",\"item\":\"https:\/\/riwal-wpn.acceptatie.indicia-interactiv.nl\/da\/\"},{\"@type\":\"ListItem\",\"position\":2,\"name\":\"BIM\"}]},{\"@type\":\"WebSite\",\"@id\":\"https:\/\/riwal-wpn.acceptatie.indicia-interactiv.nl\/da\/#website\",\"url\":\"https:\/\/riwal-wpn.acceptatie.indicia-interactiv.nl\/da\/\",\"name\":\"Riwal\",\"description\":\"Arial work platform &amp; Telehandler Rental\/Sales\",\"publisher\":{\"@id\":\"https:\/\/riwal-wpn.acceptatie.indicia-interactiv.nl\/da\/#organization\"},\"potentialAction\":[{\"@type\":\"SearchAction\",\"target\":{\"@type\":\"EntryPoint\",\"urlTemplate\":\"https:\/\/riwal-wpn.acceptatie.indicia-interactiv.nl\/da\/?s={search_term_string}\"},\"query-input\":{\"@type\":\"PropertyValueSpecification\",\"valueRequired\":true,\"valueName\":\"search_term_string\"}}],\"inLanguage\":\"da-DK\"},{\"@type\":\"Organization\",\"@id\":\"https:\/\/riwal-wpn.acceptatie.indicia-interactiv.nl\/da\/#organization\",\"name\":\"Riwal\",\"url\":\"https:\/\/riwal-wpn.acceptatie.indicia-interactiv.nl\/da\/\",\"logo\":{\"@type\":\"ImageObject\",\"inLanguage\":\"da-DK\",\"@id\":\"https:\/\/riwal-wpn.acceptatie.indicia-interactiv.nl\/da\/#\/schema\/logo\/image\/\",\"url\":\"\",\"contentUrl\":\"\",\"caption\":\"Riwal\"},\"image\":{\"@id\":\"https:\/\/riwal-wpn.acceptatie.indicia-interactiv.nl\/da\/#\/schema\/logo\/image\/\"}}]}<\/script>\n<!-- \/ Yoast SEO Premium plugin. -->","yoast_head_json":{"title":"BIM: Download modeller af Riwals maskinfl\u00e5de | Riwal","description":"BIM: Download modeller af Riwals maskinfl\u00e5de. Riwal tilbyder 62 BIM-modeller af lifte fra vores egen fl\u00e5de. L\u00e6s mere her.","robots":{"index":"noindex","follow":"follow","max-snippet":"max-snippet:-1","max-image-preview":"max-image-preview:large","max-video-preview":"max-video-preview:-1"},"og_locale":"da_DK","og_type":"article","og_title":"BIM","og_description":"BIM: Download modeller af Riwals maskinfl\u00e5de. Riwal tilbyder 62 BIM-modeller af lifte fra vores egen fl\u00e5de. L\u00e6s mere her.","og_url":"https:\/\/riwal-wpn.acceptatie.indicia-interactiv.nl\/da\/download-bim-modeller-af-riwals-maskinflaad\/","og_site_name":"Riwal Danmark","article_modified_time":"2024-01-23T08:23:36+00:00","og_image":[{"url":"https:\/\/riwal-wpn.acceptatie.indicia-interactiv.nl\/app\/uploads\/sites\/14\/2023\/09\/image-5.png","type":"","width":"","height":""}],"twitter_card":"summary_large_image","twitter_misc":{"Est. reading time":"4 minutter"},"schema":{"@context":"https:\/\/schema.org","@graph":[{"@type":"WebPage","@id":"https:\/\/riwal-wpn.acceptatie.indicia-interactiv.nl\/da\/download-bim-modeller-af-riwals-maskinflaad\/","url":"https:\/\/riwal-wpn.acceptatie.indicia-interactiv.nl\/da\/download-bim-modeller-af-riwals-maskinflaad\/","name":"BIM: Download modeller af Riwals maskinfl\u00e5de | Riwal","isPartOf":{"@id":"https:\/\/riwal-wpn.acceptatie.indicia-interactiv.nl\/da\/#website"},"primaryImageOfPage":{"@id":"https:\/\/riwal-wpn.acceptatie.indicia-interactiv.nl\/da\/download-bim-modeller-af-riwals-maskinflaad\/#primaryimage"},"image":{"@id":"https:\/\/riwal-wpn.acceptatie.indicia-interactiv.nl\/da\/download-bim-modeller-af-riwals-maskinflaad\/#primaryimage"},"thumbnailUrl":"https:\/\/riwal-wpn.acceptatie.indicia-interactiv.nl\/app\/uploads\/sites\/14\/2023\/09\/image-5.png","datePublished":"2023-09-26T12:25:45+00:00","dateModified":"2024-01-23T08:23:36+00:00","description":"BIM: Download modeller af Riwals maskinfl\u00e5de. Riwal tilbyder 62 BIM-modeller af lifte fra vores egen fl\u00e5de. L\u00e6s mere her.","breadcrumb":{"@id":"https:\/\/riwal-wpn.acceptatie.indicia-interactiv.nl\/da\/download-bim-modeller-af-riwals-maskinflaad\/#breadcrumb"},"inLanguage":"da-DK","potentialAction":[{"@type":"ReadAction","target":["https:\/\/riwal-wpn.acceptatie.indicia-interactiv.nl\/da\/download-bim-modeller-af-riwals-maskinflaad\/"]}]},{"@type":"ImageObject","inLanguage":"da-DK","@id":"https:\/\/riwal-wpn.acceptatie.indicia-interactiv.nl\/da\/download-bim-modeller-af-riwals-maskinflaad\/#primaryimage","url":"https:\/\/riwal-wpn.acceptatie.indicia-interactiv.nl\/app\/uploads\/sites\/14\/2023\/09\/image-5.png","contentUrl":"https:\/\/riwal-wpn.acceptatie.indicia-interactiv.nl\/app\/uploads\/sites\/14\/2023\/09\/image-5.png"},{"@type":"BreadcrumbList","@id":"https:\/\/riwal-wpn.acceptatie.indicia-interactiv.nl\/da\/download-bim-modeller-af-riwals-maskinflaad\/#breadcrumb","itemListElement":[{"@type":"ListItem","position":1,"name":"Forside","item":"https:\/\/riwal-wpn.acceptatie.indicia-interactiv.nl\/da\/"},{"@type":"ListItem","position":2,"name":"BIM"}]},{"@type":"WebSite","@id":"https:\/\/riwal-wpn.acceptatie.indicia-interactiv.nl\/da\/#website","url":"https:\/\/riwal-wpn.acceptatie.indicia-interactiv.nl\/da\/","name":"Riwal","description":"Arial work platform &amp; Telehandler Rental\/Sales","publisher":{"@id":"https:\/\/riwal-wpn.acceptatie.indicia-interactiv.nl\/da\/#organization"},"potentialAction":[{"@type":"SearchAction","target":{"@type":"EntryPoint","urlTemplate":"https:\/\/riwal-wpn.acceptatie.indicia-interactiv.nl\/da\/?s={search_term_string}"},"query-input":{"@type":"PropertyValueSpecification","valueRequired":true,"valueName":"search_term_string"}}],"inLanguage":"da-DK"},{"@type":"Organization","@id":"https:\/\/riwal-wpn.acceptatie.indicia-interactiv.nl\/da\/#organization","name":"Riwal","url":"https:\/\/riwal-wpn.acceptatie.indicia-interactiv.nl\/da\/","logo":{"@type":"ImageObject","inLanguage":"da-DK","@id":"https:\/\/riwal-wpn.acceptatie.indicia-interactiv.nl\/da\/#\/schema\/logo\/image\/","url":"","contentUrl":"","caption":"Riwal"},"image":{"@id":"https:\/\/riwal-wpn.acceptatie.indicia-interactiv.nl\/da\/#\/schema\/logo\/image\/"}}]}},"_links":{"self":[{"href":"https:\/\/riwal-wpn.acceptatie.indicia-interactiv.nl\/da\/wp-json\/wp\/v2\/pages\/5067","targetHints":{"allow":["GET"]}}],"collection":[{"href":"https:\/\/riwal-wpn.acceptatie.indicia-interactiv.nl\/da\/wp-json\/wp\/v2\/pages"}],"about":[{"href":"https:\/\/riwal-wpn.acceptatie.indicia-interactiv.nl\/da\/wp-json\/wp\/v2\/types\/page"}],"author":[{"embeddable":true,"href":"https:\/\/riwal-wpn.acceptatie.indicia-interactiv.nl\/da\/wp-json\/wp\/v2\/users\/18"}],"replies":[{"embeddable":true,"href":"https:\/\/riwal-wpn.acceptatie.indicia-interactiv.nl\/da\/wp-json\/wp\/v2\/comments?post=5067"}],"version-history":[{"count":22,"href":"https:\/\/riwal-wpn.acceptatie.indicia-interactiv.nl\/da\/wp-json\/wp\/v2\/pages\/5067\/revisions"}],"predecessor-version":[{"id":7122,"href":"https:\/\/riwal-wpn.acceptatie.indicia-interactiv.nl\/da\/wp-json\/wp\/v2\/pages\/5067\/revisions\/7122"}],"wp:attachment":[{"href":"https:\/\/riwal-wpn.acceptatie.indicia-interactiv.nl\/da\/wp-json\/wp\/v2\/media?parent=5067"}],"curies":[{"name":"wp","href":"https:\/\/api.w.org\/{rel}","templated":true}]}}