{"id":6261,"date":"2023-11-07T10:16:24","date_gmt":"2023-11-07T10:16:24","guid":{"rendered":"https:\/\/riwal-wpn.acceptatie.indicia-interactiv.nl\/da\/?page_id=6261"},"modified":"2024-02-20T12:16:47","modified_gmt":"2024-02-20T12:16:47","slug":"rengoeringsbranchen","status":"publish","type":"page","link":"https:\/\/riwal-wpn.acceptatie.indicia-interactiv.nl\/da\/brancher\/rengoeringsbranchen\/","title":{"rendered":"Vedligeholdelse &amp; Reng\u00f8ring"},"content":{"rendered":"<div class=\"container\">\n<h1 class=\"wp-block-heading\" id=\"h-vedligeholdelse-amp-rengoring\">Vedligeholdelse &amp; Reng\u00f8ring<\/h1>\n<\/div>\n\n<div class=\"container\">\n<p><strong>Reng\u00f8ringsbranchen. Forskning viser, at fald er en af de mest almindelige \u00e5rsager til arbejdsulykker. Flere af disse ulykker sker i brugen af trapper og stiger, der er typiske redskaber til reng\u00f8ring i h\u00f8jden. <\/strong><\/p>\n<\/div>\n\n<div class=\"container\">\n<p>L\u00f8fteplatforme er et sikkert og effektivt alternativ. Med vores brede udvalg af maskiner tilbyder vi l\u00f8sninger til alle typer af reng\u00f8ringsopgaver i h\u00f8jden. Takket v\u00e6re vores landsd\u00e6kkende service kan Riwal hurtigt levere l\u00f8fteplatforme direkte til din \u00f8nskede placering. At leje en lift til arbejde i reng\u00f8ringsbranchen hos, kan derfor \u00f8ge sikkerheden hos dine kollegaer. Derudover kan du hurtigt og effektivt skifte placering, hvilket ville tage l\u00e6ngere tid med trapper eller stiger.<\/p>\n<\/div>\n\n<div class=\"rental-wp-default-block rental-theme-block-default-margin\">\n\t\t\t\t\t\t\t\t<div class=\"container\">\n<div class=\"wp-block-media-text is-stacked-on-mobile\" style=\"grid-template-columns:47% auto\"><figure class=\"wp-block-media-text__media\"><img loading=\"lazy\" decoding=\"async\" width=\"574\" height=\"900\" src=\"https:\/\/riwal-wpn.acceptatie.indicia-interactiv.nl\/app\/uploads\/sites\/14\/2023\/08\/JLG-520AJ-2.jpg\" alt=\"\" class=\"wp-image-2904 size-full\" srcset=\"https:\/\/riwal-wpn.acceptatie.indicia-interactiv.nl\/app\/uploads\/sites\/14\/2023\/08\/JLG-520AJ-2.jpg 574w, https:\/\/riwal-wpn.acceptatie.indicia-interactiv.nl\/app\/uploads\/sites\/14\/2023\/08\/JLG-520AJ-2-401x628.jpg 401w, https:\/\/riwal-wpn.acceptatie.indicia-interactiv.nl\/app\/uploads\/sites\/14\/2023\/08\/JLG-520AJ-2-128x200.jpg 128w, https:\/\/riwal-wpn.acceptatie.indicia-interactiv.nl\/app\/uploads\/sites\/14\/2023\/08\/JLG-520AJ-2-191x300.jpg 191w, https:\/\/riwal-wpn.acceptatie.indicia-interactiv.nl\/app\/uploads\/sites\/14\/2023\/08\/JLG-520AJ-2-178x279.jpg 178w, https:\/\/riwal-wpn.acceptatie.indicia-interactiv.nl\/app\/uploads\/sites\/14\/2023\/08\/JLG-520AJ-2-351x550.jpg 351w\" sizes=\"auto, (max-width: 574px) 100vw, 574px\" \/><\/figure><div class=\"wp-block-media-text__content\">\n<h3 class=\"wp-block-heading\" id=\"h-eksempler-pa-lifte-maskiner-til-arbejde-i-rengoringsbranchen\"><strong>Eksempler p\u00e5 lifte\/maskiner til arbejde i reng\u00f8ringsbranchen<\/strong><\/h3>\n\n\n\n<ul class=\"wp-block-list\">\n<li><a href=\"https:\/\/riwal-wpn.acceptatie.indicia-interactiv.nl\/da\/udlejning\/lift\/bomlift\/jlg-660sj\/bomlift-diesel-22m\/\">JLG 660SJ<\/a> &#8211; Teleskopbomlift<\/li>\n\n\n\n<li><a href=\"https:\/\/riwal-wpn.acceptatie.indicia-interactiv.nl\/da\/udlejning\/lift\/edderkoplift-lift\/jlg-x26jl\/edderkoplift-lift-el-26m\/\">JLG X26J+L<\/a> &#8211; Edderkoplift<\/li>\n\n\n\n<li><a href=\"https:\/\/riwal-wpn.acceptatie.indicia-interactiv.nl\/da\/udlejning\/lift\/saxlift\/jlg-ert4769\/saxlift-el-16m\/\">JLG-ERT4769<\/a> &#8211; Saxlift<\/li>\n<\/ul>\n<\/div><\/div>\n<\/div>\n\t\t\t\t\t\t\t<\/div> \n\n<div class=\"container\">\n<h3 class=\"wp-block-heading\" id=\"h-kvalitet-og-sikkerhed\"><br><strong>Kvalitet og sikkerhed<\/strong><\/h3>\n<\/div>\n\n<div class=\"container\">\n<p>Sikkerhed er en af vores kernev\u00e6rdier hos Riwal. Vi overholder de h\u00f8jeste sikkerhedsstandarder med vedligeholdt kvalitetsudstyr fra f\u00f8rende m\u00e6rker i branchen, s\u00e5som <a href=\"https:\/\/www.jlg.com\/\">JLG<\/a>. Maskinerne inspiceres inden hver levering og certificeres i overensstemmelse med lokale bestemmelser. Vi driver tr\u00e6ningscentre til tilpasset operat\u00f8r tr\u00e6ning og tilbyder kurser hos din virksomhed&nbsp; p\u00e5 flere sprog. Vi er desuden ogs\u00e5 b\u00e5de&nbsp; ISO- og VCA-certificerede (Sikkerhedscertifikat for entrepren\u00f8rer).<\/p>\n<\/div>","protected":false},"excerpt":{"rendered":"<p>Vedligeholdelse &amp; Reng\u00f8ring Reng\u00f8ringsbranchen. Forskning viser, at fald er en af de mest almindelige \u00e5rsager til arbejdsulykker. Flere af disse ulykker sker i brugen af trapper og stiger, der er typiske redskaber til reng\u00f8ring i h\u00f8jden. L\u00f8fteplatforme er et sikkert og effektivt alternativ. Med vores brede udvalg af maskiner tilbyder vi l\u00f8sninger til alle typer &hellip; <a href=\"https:\/\/riwal-wpn.acceptatie.indicia-interactiv.nl\/da\/brancher\/rengoeringsbranchen\/\">Fortsat<\/a><\/p>\n","protected":false},"author":36,"featured_media":6275,"parent":6424,"menu_order":0,"comment_status":"closed","ping_status":"closed","template":"","meta":{"_acf_changed":false,"editor_notices":[],"footnotes":""},"class_list":["post-6261","page","type-page","status-publish","has-post-thumbnail","hentry"],"acf":[],"yoast_head":"<!-- This site is optimized with the Yoast SEO Premium plugin v27.1 (Yoast SEO v27.1.1) - https:\/\/yoast.com\/product\/yoast-seo-premium-wordpress\/ -->\n<title>Vedligeholdelse &amp; Reng\u00f8ring - Brancher - Riwal<\/title>\n<meta name=\"description\" content=\"Reng\u00f8ringsbranchen. L\u00e6s her om fordelene ved at benytte en lift til reng\u00f8ringsarbejde i h\u00f8jden. Du er altid velkommen til at kontakte os.\" \/>\n<meta name=\"robots\" content=\"noindex, follow, max-snippet:-1, max-image-preview:large, max-video-preview:-1\" \/>\n<meta property=\"og:locale\" content=\"da_DK\" \/>\n<meta property=\"og:type\" content=\"article\" \/>\n<meta property=\"og:title\" content=\"Vedligeholdelse &amp; Reng\u00f8ring\" \/>\n<meta property=\"og:description\" content=\"Reng\u00f8ringsbranchen. L\u00e6s her om fordelene ved at benytte en lift til reng\u00f8ringsarbejde i h\u00f8jden. Du er altid velkommen til at kontakte os.\" \/>\n<meta property=\"og:url\" content=\"https:\/\/riwal-wpn.acceptatie.indicia-interactiv.nl\/da\/brancher\/rengoeringsbranchen\/\" \/>\n<meta property=\"og:site_name\" content=\"Riwal Danmark\" \/>\n<meta property=\"article:modified_time\" content=\"2024-02-20T12:16:47+00:00\" \/>\n<meta property=\"og:image\" content=\"https:\/\/riwal-wpn.acceptatie.indicia-interactiv.nl\/app\/uploads\/sites\/14\/2023\/11\/NIF-HR15N-e1699352484709.jpg\" \/>\n\t<meta property=\"og:image:width\" content=\"643\" \/>\n\t<meta property=\"og:image:height\" content=\"643\" \/>\n\t<meta property=\"og:image:type\" content=\"image\/jpeg\" \/>\n<meta name=\"twitter:card\" content=\"summary_large_image\" \/>\n<meta name=\"twitter:label1\" content=\"Est. reading time\" \/>\n\t<meta name=\"twitter:data1\" content=\"2 minutter\" \/>\n<script type=\"application\/ld+json\" class=\"yoast-schema-graph\">{\"@context\":\"https:\/\/schema.org\",\"@graph\":[{\"@type\":\"WebPage\",\"@id\":\"https:\/\/riwal-wpn.acceptatie.indicia-interactiv.nl\/da\/brancher\/rengoeringsbranchen\/\",\"url\":\"https:\/\/riwal-wpn.acceptatie.indicia-interactiv.nl\/da\/brancher\/rengoeringsbranchen\/\",\"name\":\"Vedligeholdelse & Reng\u00f8ring - Brancher - Riwal\",\"isPartOf\":{\"@id\":\"https:\/\/riwal-wpn.acceptatie.indicia-interactiv.nl\/da\/#website\"},\"primaryImageOfPage\":{\"@id\":\"https:\/\/riwal-wpn.acceptatie.indicia-interactiv.nl\/da\/brancher\/rengoeringsbranchen\/#primaryimage\"},\"image\":{\"@id\":\"https:\/\/riwal-wpn.acceptatie.indicia-interactiv.nl\/da\/brancher\/rengoeringsbranchen\/#primaryimage\"},\"thumbnailUrl\":\"https:\/\/riwal-wpn.acceptatie.indicia-interactiv.nl\/app\/uploads\/sites\/14\/2023\/11\/NIF-HR15N-e1699352484709.jpg\",\"datePublished\":\"2023-11-07T10:16:24+00:00\",\"dateModified\":\"2024-02-20T12:16:47+00:00\",\"description\":\"Reng\u00f8ringsbranchen. L\u00e6s her om fordelene ved at benytte en lift til reng\u00f8ringsarbejde i h\u00f8jden. Du er altid velkommen til at kontakte os.\",\"breadcrumb\":{\"@id\":\"https:\/\/riwal-wpn.acceptatie.indicia-interactiv.nl\/da\/brancher\/rengoeringsbranchen\/#breadcrumb\"},\"inLanguage\":\"da-DK\",\"potentialAction\":[{\"@type\":\"ReadAction\",\"target\":[\"https:\/\/riwal-wpn.acceptatie.indicia-interactiv.nl\/da\/brancher\/rengoeringsbranchen\/\"]}]},{\"@type\":\"ImageObject\",\"inLanguage\":\"da-DK\",\"@id\":\"https:\/\/riwal-wpn.acceptatie.indicia-interactiv.nl\/da\/brancher\/rengoeringsbranchen\/#primaryimage\",\"url\":\"https:\/\/riwal-wpn.acceptatie.indicia-interactiv.nl\/app\/uploads\/sites\/14\/2023\/11\/NIF-HR15N-e1699352484709.jpg\",\"contentUrl\":\"https:\/\/riwal-wpn.acceptatie.indicia-interactiv.nl\/app\/uploads\/sites\/14\/2023\/11\/NIF-HR15N-e1699352484709.jpg\",\"width\":643,\"height\":643},{\"@type\":\"BreadcrumbList\",\"@id\":\"https:\/\/riwal-wpn.acceptatie.indicia-interactiv.nl\/da\/brancher\/rengoeringsbranchen\/#breadcrumb\",\"itemListElement\":[{\"@type\":\"ListItem\",\"position\":1,\"name\":\"Forside\",\"item\":\"https:\/\/riwal-wpn.acceptatie.indicia-interactiv.nl\/da\/\"},{\"@type\":\"ListItem\",\"position\":2,\"name\":\"Brancher\",\"item\":\"https:\/\/riwal-wpn.acceptatie.indicia-interactiv.nl\/da\/brancher\/\"},{\"@type\":\"ListItem\",\"position\":3,\"name\":\"Vedligeholdelse &amp; Reng\u00f8ring\"}]},{\"@type\":\"WebSite\",\"@id\":\"https:\/\/riwal-wpn.acceptatie.indicia-interactiv.nl\/da\/#website\",\"url\":\"https:\/\/riwal-wpn.acceptatie.indicia-interactiv.nl\/da\/\",\"name\":\"Riwal\",\"description\":\"Arial work platform &amp; Telehandler Rental\/Sales\",\"publisher\":{\"@id\":\"https:\/\/riwal-wpn.acceptatie.indicia-interactiv.nl\/da\/#organization\"},\"potentialAction\":[{\"@type\":\"SearchAction\",\"target\":{\"@type\":\"EntryPoint\",\"urlTemplate\":\"https:\/\/riwal-wpn.acceptatie.indicia-interactiv.nl\/da\/?s={search_term_string}\"},\"query-input\":{\"@type\":\"PropertyValueSpecification\",\"valueRequired\":true,\"valueName\":\"search_term_string\"}}],\"inLanguage\":\"da-DK\"},{\"@type\":\"Organization\",\"@id\":\"https:\/\/riwal-wpn.acceptatie.indicia-interactiv.nl\/da\/#organization\",\"name\":\"Riwal\",\"url\":\"https:\/\/riwal-wpn.acceptatie.indicia-interactiv.nl\/da\/\",\"logo\":{\"@type\":\"ImageObject\",\"inLanguage\":\"da-DK\",\"@id\":\"https:\/\/riwal-wpn.acceptatie.indicia-interactiv.nl\/da\/#\/schema\/logo\/image\/\",\"url\":\"\",\"contentUrl\":\"\",\"caption\":\"Riwal\"},\"image\":{\"@id\":\"https:\/\/riwal-wpn.acceptatie.indicia-interactiv.nl\/da\/#\/schema\/logo\/image\/\"}}]}<\/script>\n<!-- \/ Yoast SEO Premium plugin. -->","yoast_head_json":{"title":"Vedligeholdelse & Reng\u00f8ring - Brancher - Riwal","description":"Reng\u00f8ringsbranchen. L\u00e6s her om fordelene ved at benytte en lift til reng\u00f8ringsarbejde i h\u00f8jden. Du er altid velkommen til at kontakte os.","robots":{"index":"noindex","follow":"follow","max-snippet":"max-snippet:-1","max-image-preview":"max-image-preview:large","max-video-preview":"max-video-preview:-1"},"og_locale":"da_DK","og_type":"article","og_title":"Vedligeholdelse &amp; Reng\u00f8ring","og_description":"Reng\u00f8ringsbranchen. L\u00e6s her om fordelene ved at benytte en lift til reng\u00f8ringsarbejde i h\u00f8jden. Du er altid velkommen til at kontakte os.","og_url":"https:\/\/riwal-wpn.acceptatie.indicia-interactiv.nl\/da\/brancher\/rengoeringsbranchen\/","og_site_name":"Riwal Danmark","article_modified_time":"2024-02-20T12:16:47+00:00","og_image":[{"width":643,"height":643,"url":"https:\/\/riwal-wpn.acceptatie.indicia-interactiv.nl\/app\/uploads\/sites\/14\/2023\/11\/NIF-HR15N-e1699352484709.jpg","type":"image\/jpeg"}],"twitter_card":"summary_large_image","twitter_misc":{"Est. reading time":"2 minutter"},"schema":{"@context":"https:\/\/schema.org","@graph":[{"@type":"WebPage","@id":"https:\/\/riwal-wpn.acceptatie.indicia-interactiv.nl\/da\/brancher\/rengoeringsbranchen\/","url":"https:\/\/riwal-wpn.acceptatie.indicia-interactiv.nl\/da\/brancher\/rengoeringsbranchen\/","name":"Vedligeholdelse & Reng\u00f8ring - Brancher - Riwal","isPartOf":{"@id":"https:\/\/riwal-wpn.acceptatie.indicia-interactiv.nl\/da\/#website"},"primaryImageOfPage":{"@id":"https:\/\/riwal-wpn.acceptatie.indicia-interactiv.nl\/da\/brancher\/rengoeringsbranchen\/#primaryimage"},"image":{"@id":"https:\/\/riwal-wpn.acceptatie.indicia-interactiv.nl\/da\/brancher\/rengoeringsbranchen\/#primaryimage"},"thumbnailUrl":"https:\/\/riwal-wpn.acceptatie.indicia-interactiv.nl\/app\/uploads\/sites\/14\/2023\/11\/NIF-HR15N-e1699352484709.jpg","datePublished":"2023-11-07T10:16:24+00:00","dateModified":"2024-02-20T12:16:47+00:00","description":"Reng\u00f8ringsbranchen. L\u00e6s her om fordelene ved at benytte en lift til reng\u00f8ringsarbejde i h\u00f8jden. Du er altid velkommen til at kontakte os.","breadcrumb":{"@id":"https:\/\/riwal-wpn.acceptatie.indicia-interactiv.nl\/da\/brancher\/rengoeringsbranchen\/#breadcrumb"},"inLanguage":"da-DK","potentialAction":[{"@type":"ReadAction","target":["https:\/\/riwal-wpn.acceptatie.indicia-interactiv.nl\/da\/brancher\/rengoeringsbranchen\/"]}]},{"@type":"ImageObject","inLanguage":"da-DK","@id":"https:\/\/riwal-wpn.acceptatie.indicia-interactiv.nl\/da\/brancher\/rengoeringsbranchen\/#primaryimage","url":"https:\/\/riwal-wpn.acceptatie.indicia-interactiv.nl\/app\/uploads\/sites\/14\/2023\/11\/NIF-HR15N-e1699352484709.jpg","contentUrl":"https:\/\/riwal-wpn.acceptatie.indicia-interactiv.nl\/app\/uploads\/sites\/14\/2023\/11\/NIF-HR15N-e1699352484709.jpg","width":643,"height":643},{"@type":"BreadcrumbList","@id":"https:\/\/riwal-wpn.acceptatie.indicia-interactiv.nl\/da\/brancher\/rengoeringsbranchen\/#breadcrumb","itemListElement":[{"@type":"ListItem","position":1,"name":"Forside","item":"https:\/\/riwal-wpn.acceptatie.indicia-interactiv.nl\/da\/"},{"@type":"ListItem","position":2,"name":"Brancher","item":"https:\/\/riwal-wpn.acceptatie.indicia-interactiv.nl\/da\/brancher\/"},{"@type":"ListItem","position":3,"name":"Vedligeholdelse &amp; Reng\u00f8ring"}]},{"@type":"WebSite","@id":"https:\/\/riwal-wpn.acceptatie.indicia-interactiv.nl\/da\/#website","url":"https:\/\/riwal-wpn.acceptatie.indicia-interactiv.nl\/da\/","name":"Riwal","description":"Arial work platform &amp; Telehandler Rental\/Sales","publisher":{"@id":"https:\/\/riwal-wpn.acceptatie.indicia-interactiv.nl\/da\/#organization"},"potentialAction":[{"@type":"SearchAction","target":{"@type":"EntryPoint","urlTemplate":"https:\/\/riwal-wpn.acceptatie.indicia-interactiv.nl\/da\/?s={search_term_string}"},"query-input":{"@type":"PropertyValueSpecification","valueRequired":true,"valueName":"search_term_string"}}],"inLanguage":"da-DK"},{"@type":"Organization","@id":"https:\/\/riwal-wpn.acceptatie.indicia-interactiv.nl\/da\/#organization","name":"Riwal","url":"https:\/\/riwal-wpn.acceptatie.indicia-interactiv.nl\/da\/","logo":{"@type":"ImageObject","inLanguage":"da-DK","@id":"https:\/\/riwal-wpn.acceptatie.indicia-interactiv.nl\/da\/#\/schema\/logo\/image\/","url":"","contentUrl":"","caption":"Riwal"},"image":{"@id":"https:\/\/riwal-wpn.acceptatie.indicia-interactiv.nl\/da\/#\/schema\/logo\/image\/"}}]}},"_links":{"self":[{"href":"https:\/\/riwal-wpn.acceptatie.indicia-interactiv.nl\/da\/wp-json\/wp\/v2\/pages\/6261","targetHints":{"allow":["GET"]}}],"collection":[{"href":"https:\/\/riwal-wpn.acceptatie.indicia-interactiv.nl\/da\/wp-json\/wp\/v2\/pages"}],"about":[{"href":"https:\/\/riwal-wpn.acceptatie.indicia-interactiv.nl\/da\/wp-json\/wp\/v2\/types\/page"}],"author":[{"embeddable":true,"href":"https:\/\/riwal-wpn.acceptatie.indicia-interactiv.nl\/da\/wp-json\/wp\/v2\/users\/36"}],"replies":[{"embeddable":true,"href":"https:\/\/riwal-wpn.acceptatie.indicia-interactiv.nl\/da\/wp-json\/wp\/v2\/comments?post=6261"}],"version-history":[{"count":13,"href":"https:\/\/riwal-wpn.acceptatie.indicia-interactiv.nl\/da\/wp-json\/wp\/v2\/pages\/6261\/revisions"}],"predecessor-version":[{"id":9141,"href":"https:\/\/riwal-wpn.acceptatie.indicia-interactiv.nl\/da\/wp-json\/wp\/v2\/pages\/6261\/revisions\/9141"}],"up":[{"embeddable":true,"href":"https:\/\/riwal-wpn.acceptatie.indicia-interactiv.nl\/da\/wp-json\/wp\/v2\/pages\/6424"}],"wp:featuredmedia":[{"embeddable":true,"href":"https:\/\/riwal-wpn.acceptatie.indicia-interactiv.nl\/da\/wp-json\/wp\/v2\/media\/6275"}],"wp:attachment":[{"href":"https:\/\/riwal-wpn.acceptatie.indicia-interactiv.nl\/da\/wp-json\/wp\/v2\/media?parent=6261"}],"curies":[{"name":"wp","href":"https:\/\/api.w.org\/{rel}","templated":true}]}}