{"id":6429,"date":"2024-01-16T07:21:58","date_gmt":"2024-01-16T07:21:58","guid":{"rendered":"https:\/\/riwal-wpn.acceptatie.indicia-interactiv.nl\/da\/?page_id=6429"},"modified":"2024-01-23T12:51:24","modified_gmt":"2024-01-23T12:51:24","slug":"vores-medarbejdere","status":"publish","type":"page","link":"https:\/\/riwal-wpn.acceptatie.indicia-interactiv.nl\/da\/om-riwal\/vores-medarbejdere\/","title":{"rendered":"Vores medarbejdere"},"content":{"rendered":"<div class=\"container\">\n<h1 class=\"wp-block-heading\" id=\"h-vores-medarbejdere-betyder-alt\">Vores medarbejdere betyder alt!<\/h1>\n<\/div>\n\n<div class=\"rental-wp-default-block rental-theme-block-default-margin\">\n\t\t\t\t\t\t\t\t<div class=\"container\">\n<div class=\"wp-block-media-text has-media-on-the-right is-stacked-on-mobile\"><div class=\"wp-block-media-text__content\">\n<p>Vores fokus er altid at udvikle vores medarbejdere. Vores medarbejdere er vores st\u00f8rste styrke. Hos Riwal ans\u00e6tter vi motiverede medarbejdere, som str\u00e6ber efter at blive bedre hver dag. Vi giver vores medarbejdere medbestemmelse, kreativ frihed og muligheder for at g\u00f8re vores virksomhed bedre. S\u00e5 hvis du br\u00e6nder for at dygtigg\u00f8re dig, m\u00f8de mange forskellige mennesker og udvikle dig som person, er Riwal den perfekte arbejdsplads for dig.\u00a0<\/p>\n<\/div><figure class=\"wp-block-media-text__media\"><img loading=\"lazy\" decoding=\"async\" width=\"1024\" height=\"794\" src=\"https:\/\/riwal-wpn.acceptatie.indicia-interactiv.nl\/app\/uploads\/sites\/14\/2024\/01\/Riwal-activity-scaled-e1704974747196-1024x794.jpg\" alt=\"\" class=\"wp-image-6717 size-full\" srcset=\"https:\/\/riwal-wpn.acceptatie.indicia-interactiv.nl\/app\/uploads\/sites\/14\/2024\/01\/Riwal-activity-scaled-e1704974747196-1024x794.jpg 1024w, https:\/\/riwal-wpn.acceptatie.indicia-interactiv.nl\/app\/uploads\/sites\/14\/2024\/01\/Riwal-activity-scaled-e1704974747196-300x233.jpg 300w, https:\/\/riwal-wpn.acceptatie.indicia-interactiv.nl\/app\/uploads\/sites\/14\/2024\/01\/Riwal-activity-scaled-e1704974747196-768x595.jpg 768w, https:\/\/riwal-wpn.acceptatie.indicia-interactiv.nl\/app\/uploads\/sites\/14\/2024\/01\/Riwal-activity-scaled-e1704974747196-1536x1191.jpg 1536w, https:\/\/riwal-wpn.acceptatie.indicia-interactiv.nl\/app\/uploads\/sites\/14\/2024\/01\/Riwal-activity-scaled-e1704974747196-2048x1588.jpg 2048w, https:\/\/riwal-wpn.acceptatie.indicia-interactiv.nl\/app\/uploads\/sites\/14\/2024\/01\/Riwal-activity-scaled-e1704974747196-178x138.jpg 178w, https:\/\/riwal-wpn.acceptatie.indicia-interactiv.nl\/app\/uploads\/sites\/14\/2024\/01\/Riwal-activity-scaled-e1704974747196-1193x925.jpg 1193w, https:\/\/riwal-wpn.acceptatie.indicia-interactiv.nl\/app\/uploads\/sites\/14\/2024\/01\/Riwal-activity-scaled-e1704974747196-390x302.jpg 390w, https:\/\/riwal-wpn.acceptatie.indicia-interactiv.nl\/app\/uploads\/sites\/14\/2024\/01\/Riwal-activity-scaled-e1704974747196-810x628.jpg 810w, https:\/\/riwal-wpn.acceptatie.indicia-interactiv.nl\/app\/uploads\/sites\/14\/2024\/01\/Riwal-activity-scaled-e1704974747196-250x194.jpg 250w, https:\/\/riwal-wpn.acceptatie.indicia-interactiv.nl\/app\/uploads\/sites\/14\/2024\/01\/Riwal-activity-scaled-e1704974747196-620x481.jpg 620w, https:\/\/riwal-wpn.acceptatie.indicia-interactiv.nl\/app\/uploads\/sites\/14\/2024\/01\/Riwal-activity-scaled-e1704974747196-237x184.jpg 237w, https:\/\/riwal-wpn.acceptatie.indicia-interactiv.nl\/app\/uploads\/sites\/14\/2024\/01\/Riwal-activity-scaled-e1704974747196-474x367.jpg 474w\" sizes=\"auto, (max-width: 1024px) 100vw, 1024px\" \/><\/figure><\/div>\n<\/div>\n\t\t\t\t\t\t\t<\/div> \n\n<div class=\"wp-block-rental-theme-featured rental-theme-block-default-padding\">\n\t<div class=\"container\">\n\t\t<div class=\"wp-block-rental-theme-featured-container\">\n\t\t\t<div class=\"wp-block-rental-theme-featured__image\">\n\t\t\t\t<div class=\"wp-block-rental-theme-featured-image-container\">\n\t\t\t\t\t\t\t\t\t\t\t<div class=\"main-image\">\n\t\t\t\t\t\t\t<img loading=\"lazy\" decoding=\"async\" width=\"620\" height=\"413\" src=\"https:\/\/riwal-wpn.acceptatie.indicia-interactiv.nl\/app\/uploads\/sites\/14\/2023\/06\/riwal-aerial-work-platform-rental-sales-33-scaled.webp\" class=\"attachment-featured_block_image size-featured_block_image\" alt=\"\" srcset=\"https:\/\/riwal-wpn.acceptatie.indicia-interactiv.nl\/app\/uploads\/sites\/14\/2023\/06\/riwal-aerial-work-platform-rental-sales-33-scaled.webp 2560w, https:\/\/riwal-wpn.acceptatie.indicia-interactiv.nl\/app\/uploads\/sites\/14\/2023\/06\/riwal-aerial-work-platform-rental-sales-33-2048x1365.webp 2048w, https:\/\/riwal-wpn.acceptatie.indicia-interactiv.nl\/app\/uploads\/sites\/14\/2023\/06\/riwal-aerial-work-platform-rental-sales-33-1388x925.webp 1388w, https:\/\/riwal-wpn.acceptatie.indicia-interactiv.nl\/app\/uploads\/sites\/14\/2023\/06\/riwal-aerial-work-platform-rental-sales-33-830x553.webp 830w, https:\/\/riwal-wpn.acceptatie.indicia-interactiv.nl\/app\/uploads\/sites\/14\/2023\/06\/riwal-aerial-work-platform-rental-sales-33-250x167.webp 250w, https:\/\/riwal-wpn.acceptatie.indicia-interactiv.nl\/app\/uploads\/sites\/14\/2023\/06\/riwal-aerial-work-platform-rental-sales-33-300x200.webp 300w, https:\/\/riwal-wpn.acceptatie.indicia-interactiv.nl\/app\/uploads\/sites\/14\/2023\/06\/riwal-aerial-work-platform-rental-sales-33-768x512.webp 768w, https:\/\/riwal-wpn.acceptatie.indicia-interactiv.nl\/app\/uploads\/sites\/14\/2023\/06\/riwal-aerial-work-platform-rental-sales-33-1024x683.webp 1024w, https:\/\/riwal-wpn.acceptatie.indicia-interactiv.nl\/app\/uploads\/sites\/14\/2023\/06\/riwal-aerial-work-platform-rental-sales-33-1536x1024.webp 1536w, https:\/\/riwal-wpn.acceptatie.indicia-interactiv.nl\/app\/uploads\/sites\/14\/2023\/06\/riwal-aerial-work-platform-rental-sales-33-178x119.webp 178w, https:\/\/riwal-wpn.acceptatie.indicia-interactiv.nl\/app\/uploads\/sites\/14\/2023\/06\/riwal-aerial-work-platform-rental-sales-33-390x260.webp 390w\" sizes=\"auto, (max-width: 620px) 100vw, 620px\" \/>\t\t\t\t\t\t<\/div>\n\t\t\t\t\t\t\t\t\t\t<div class=\"wp-block-rental-theme-featured-image-container__subtext\">\n\t\t\t\t\t\t\t\t\t\t\t<\/div>\n\t\t\t\t<\/div>\n\t\t\t<\/div>\n\t\t\t<div class=\"wp-block-rental-theme-featured-content\">\n\t\t\t\t<div>\n\t\t\t\t\t<h2 class=\"wp-block-rental-theme-featured-title\">St\u00e6rke teams og international kultur<\/h2>\n\t\t\t\t\t<div class=\"wp-block-rental-theme-featured-text\">\n\n<p>Hos Riwal tager vi vores arbejde seri\u00f8st, men vi har ogs\u00e5 en kultur med masser af plads til grin og smil. Atmosf\u00e6ren i virksomheden er jordn\u00e6r og behagelig. Vi har st\u00e6rke teams i virksomheden, med forskellige baggrunde, som er dygtige holdspiller. I Riwal samarbejder vi p\u00e5 tv\u00e6rs af lande. Sammen kan vi l\u00f8se alle opgaver.<\/p>\n\n<\/div>\n\t\t\t\t<\/div>\n\t\t\t<\/div>\n\t\t<\/div>\n\t<\/div>\n<\/div>\n\n\n<div class=\"rental-wp-default-block rental-theme-block-default-margin\">\n\t\t\t\t\t\t\t\t<div class=\"container\">\n<div class=\"wp-block-columns is-layout-flex wp-container-core-columns-is-layout-28f84493 wp-block-columns-is-layout-flex\">\n<div class=\"wp-block-column is-layout-flow wp-block-column-is-layout-flow\" style=\"flex-basis:33.33%\">\n<h2 class=\"wp-block-heading\" id=\"h-tag-din-karriere-til-nye-hojder-hos-riwal\">Tag din karriere til nye h\u00f8jder hos Riwal<\/h2>\n<\/div>\n\n\n\n<div class=\"wp-block-column is-layout-flow wp-block-column-is-layout-flow\" style=\"flex-basis:66.66%\">\n<p>Som specialister i l\u00f8fteudstyr, er vi ikke kun en udlejningsvirksomhed. Vi t\u00e6nker ogs\u00e5 i skr\u00e6ddersyede l\u00f8sninger til virksomheder med udfordrende arbejdsopgaver. Kundeoplevelsen er altafg\u00f8rende for os. Samtidig skaber vi muligheden for udvikling, b\u00e5de personligt og karrierem\u00e6ssigt. Hvis dette lyder som en arbejdsplads for dig, ser vi frem til at modtage din <a href=\"https:\/\/riwal-wpn.acceptatie.indicia-interactiv.nl\/da\/ledige-stillinger-hos-riwal\/\">ans\u00f8gning<\/a>.<\/p>\n<\/div>\n<\/div>\n<\/div>\n\t\t\t\t\t\t\t<\/div> \n\n<div class=\"rental-wp-default-block rental-theme-block-default-margin\">\n\t\t\t\t\t\t\t\t<div class=\"container\"><\/div>\n\t\t\t\t\t\t\t<\/div> ","protected":false},"excerpt":{"rendered":"<p>Vores medarbejdere betyder alt! Vores fokus er altid at udvikle vores medarbejdere. Vores medarbejdere er vores st\u00f8rste styrke. Hos Riwal ans\u00e6tter vi motiverede medarbejdere, som str\u00e6ber efter at blive bedre hver dag. Vi giver vores medarbejdere medbestemmelse, kreativ frihed og muligheder for at g\u00f8re vores virksomhed bedre. S\u00e5 hvis du br\u00e6nder for at dygtigg\u00f8re dig, &hellip; <a href=\"https:\/\/riwal-wpn.acceptatie.indicia-interactiv.nl\/da\/om-riwal\/vores-medarbejdere\/\">Fortsat<\/a><\/p>\n","protected":false},"author":36,"featured_media":0,"parent":6447,"menu_order":0,"comment_status":"closed","ping_status":"closed","template":"","meta":{"_acf_changed":false,"editor_notices":[],"footnotes":""},"class_list":["post-6429","page","type-page","status-publish","hentry"],"acf":[],"yoast_head":"<!-- This site is optimized with the Yoast SEO Premium plugin v27.1 (Yoast SEO v27.1.1) - https:\/\/yoast.com\/product\/yoast-seo-premium-wordpress\/ -->\n<title>Vores medarbejdere | Om Riwal | Riwal<\/title>\n<meta name=\"description\" content=\"Vores medarbejdere er vores st\u00f8rste styrke. Hos Riwal ans\u00e6tter vi motiverede medarbejdere, som str\u00e6ber efter at blive bedre hver dag.\" \/>\n<meta name=\"robots\" content=\"noindex, follow, max-snippet:-1, max-image-preview:large, max-video-preview:-1\" \/>\n<meta property=\"og:locale\" content=\"da_DK\" \/>\n<meta property=\"og:type\" content=\"article\" \/>\n<meta property=\"og:title\" content=\"Vores medarbejdere\" \/>\n<meta property=\"og:description\" content=\"Vores medarbejdere er vores st\u00f8rste styrke. Hos Riwal ans\u00e6tter vi motiverede medarbejdere, som str\u00e6ber efter at blive bedre hver dag.\" \/>\n<meta property=\"og:url\" content=\"https:\/\/riwal-wpn.acceptatie.indicia-interactiv.nl\/da\/om-riwal\/vores-medarbejdere\/\" \/>\n<meta property=\"og:site_name\" content=\"Riwal Danmark\" \/>\n<meta property=\"article:modified_time\" content=\"2024-01-23T12:51:24+00:00\" \/>\n<meta property=\"og:image\" content=\"https:\/\/riwal-wpn.acceptatie.indicia-interactiv.nl\/app\/uploads\/sites\/14\/2024\/01\/Riwal-activity-scaled-e1704974747196-1024x794.jpg\" \/>\n<meta name=\"twitter:card\" content=\"summary_large_image\" \/>\n<meta name=\"twitter:label1\" content=\"Est. reading time\" \/>\n\t<meta name=\"twitter:data1\" content=\"2 minutter\" \/>\n<script type=\"application\/ld+json\" class=\"yoast-schema-graph\">{\"@context\":\"https:\/\/schema.org\",\"@graph\":[{\"@type\":\"WebPage\",\"@id\":\"https:\/\/riwal-wpn.acceptatie.indicia-interactiv.nl\/da\/om-riwal\/vores-medarbejdere\/\",\"url\":\"https:\/\/riwal-wpn.acceptatie.indicia-interactiv.nl\/da\/om-riwal\/vores-medarbejdere\/\",\"name\":\"Vores medarbejdere | Om Riwal | Riwal\",\"isPartOf\":{\"@id\":\"https:\/\/riwal-wpn.acceptatie.indicia-interactiv.nl\/da\/#website\"},\"primaryImageOfPage\":{\"@id\":\"https:\/\/riwal-wpn.acceptatie.indicia-interactiv.nl\/da\/om-riwal\/vores-medarbejdere\/#primaryimage\"},\"image\":{\"@id\":\"https:\/\/riwal-wpn.acceptatie.indicia-interactiv.nl\/da\/om-riwal\/vores-medarbejdere\/#primaryimage\"},\"thumbnailUrl\":\"https:\/\/riwal-wpn.acceptatie.indicia-interactiv.nl\/app\/uploads\/sites\/14\/2024\/01\/Riwal-activity-scaled-e1704974747196-1024x794.jpg\",\"datePublished\":\"2024-01-16T07:21:58+00:00\",\"dateModified\":\"2024-01-23T12:51:24+00:00\",\"description\":\"Vores medarbejdere er vores st\u00f8rste styrke. Hos Riwal ans\u00e6tter vi motiverede medarbejdere, som str\u00e6ber efter at blive bedre hver dag.\",\"breadcrumb\":{\"@id\":\"https:\/\/riwal-wpn.acceptatie.indicia-interactiv.nl\/da\/om-riwal\/vores-medarbejdere\/#breadcrumb\"},\"inLanguage\":\"da-DK\",\"potentialAction\":[{\"@type\":\"ReadAction\",\"target\":[\"https:\/\/riwal-wpn.acceptatie.indicia-interactiv.nl\/da\/om-riwal\/vores-medarbejdere\/\"]}]},{\"@type\":\"ImageObject\",\"inLanguage\":\"da-DK\",\"@id\":\"https:\/\/riwal-wpn.acceptatie.indicia-interactiv.nl\/da\/om-riwal\/vores-medarbejdere\/#primaryimage\",\"url\":\"https:\/\/riwal-wpn.acceptatie.indicia-interactiv.nl\/app\/uploads\/sites\/14\/2024\/01\/Riwal-activity-scaled-e1704974747196-1024x794.jpg\",\"contentUrl\":\"https:\/\/riwal-wpn.acceptatie.indicia-interactiv.nl\/app\/uploads\/sites\/14\/2024\/01\/Riwal-activity-scaled-e1704974747196-1024x794.jpg\"},{\"@type\":\"BreadcrumbList\",\"@id\":\"https:\/\/riwal-wpn.acceptatie.indicia-interactiv.nl\/da\/om-riwal\/vores-medarbejdere\/#breadcrumb\",\"itemListElement\":[{\"@type\":\"ListItem\",\"position\":1,\"name\":\"Forside\",\"item\":\"https:\/\/riwal-wpn.acceptatie.indicia-interactiv.nl\/da\/\"},{\"@type\":\"ListItem\",\"position\":2,\"name\":\"Om Riwal\",\"item\":\"https:\/\/riwal-wpn.acceptatie.indicia-interactiv.nl\/da\/om-riwal\/\"},{\"@type\":\"ListItem\",\"position\":3,\"name\":\"Vores medarbejdere\"}]},{\"@type\":\"WebSite\",\"@id\":\"https:\/\/riwal-wpn.acceptatie.indicia-interactiv.nl\/da\/#website\",\"url\":\"https:\/\/riwal-wpn.acceptatie.indicia-interactiv.nl\/da\/\",\"name\":\"Riwal\",\"description\":\"Arial work platform &amp; Telehandler Rental\/Sales\",\"publisher\":{\"@id\":\"https:\/\/riwal-wpn.acceptatie.indicia-interactiv.nl\/da\/#organization\"},\"potentialAction\":[{\"@type\":\"SearchAction\",\"target\":{\"@type\":\"EntryPoint\",\"urlTemplate\":\"https:\/\/riwal-wpn.acceptatie.indicia-interactiv.nl\/da\/?s={search_term_string}\"},\"query-input\":{\"@type\":\"PropertyValueSpecification\",\"valueRequired\":true,\"valueName\":\"search_term_string\"}}],\"inLanguage\":\"da-DK\"},{\"@type\":\"Organization\",\"@id\":\"https:\/\/riwal-wpn.acceptatie.indicia-interactiv.nl\/da\/#organization\",\"name\":\"Riwal\",\"url\":\"https:\/\/riwal-wpn.acceptatie.indicia-interactiv.nl\/da\/\",\"logo\":{\"@type\":\"ImageObject\",\"inLanguage\":\"da-DK\",\"@id\":\"https:\/\/riwal-wpn.acceptatie.indicia-interactiv.nl\/da\/#\/schema\/logo\/image\/\",\"url\":\"\",\"contentUrl\":\"\",\"caption\":\"Riwal\"},\"image\":{\"@id\":\"https:\/\/riwal-wpn.acceptatie.indicia-interactiv.nl\/da\/#\/schema\/logo\/image\/\"}}]}<\/script>\n<!-- \/ Yoast SEO Premium plugin. -->","yoast_head_json":{"title":"Vores medarbejdere | Om Riwal | Riwal","description":"Vores medarbejdere er vores st\u00f8rste styrke. Hos Riwal ans\u00e6tter vi motiverede medarbejdere, som str\u00e6ber efter at blive bedre hver dag.","robots":{"index":"noindex","follow":"follow","max-snippet":"max-snippet:-1","max-image-preview":"max-image-preview:large","max-video-preview":"max-video-preview:-1"},"og_locale":"da_DK","og_type":"article","og_title":"Vores medarbejdere","og_description":"Vores medarbejdere er vores st\u00f8rste styrke. Hos Riwal ans\u00e6tter vi motiverede medarbejdere, som str\u00e6ber efter at blive bedre hver dag.","og_url":"https:\/\/riwal-wpn.acceptatie.indicia-interactiv.nl\/da\/om-riwal\/vores-medarbejdere\/","og_site_name":"Riwal Danmark","article_modified_time":"2024-01-23T12:51:24+00:00","og_image":[{"url":"https:\/\/riwal-wpn.acceptatie.indicia-interactiv.nl\/app\/uploads\/sites\/14\/2024\/01\/Riwal-activity-scaled-e1704974747196-1024x794.jpg","type":"","width":"","height":""}],"twitter_card":"summary_large_image","twitter_misc":{"Est. reading time":"2 minutter"},"schema":{"@context":"https:\/\/schema.org","@graph":[{"@type":"WebPage","@id":"https:\/\/riwal-wpn.acceptatie.indicia-interactiv.nl\/da\/om-riwal\/vores-medarbejdere\/","url":"https:\/\/riwal-wpn.acceptatie.indicia-interactiv.nl\/da\/om-riwal\/vores-medarbejdere\/","name":"Vores medarbejdere | Om Riwal | Riwal","isPartOf":{"@id":"https:\/\/riwal-wpn.acceptatie.indicia-interactiv.nl\/da\/#website"},"primaryImageOfPage":{"@id":"https:\/\/riwal-wpn.acceptatie.indicia-interactiv.nl\/da\/om-riwal\/vores-medarbejdere\/#primaryimage"},"image":{"@id":"https:\/\/riwal-wpn.acceptatie.indicia-interactiv.nl\/da\/om-riwal\/vores-medarbejdere\/#primaryimage"},"thumbnailUrl":"https:\/\/riwal-wpn.acceptatie.indicia-interactiv.nl\/app\/uploads\/sites\/14\/2024\/01\/Riwal-activity-scaled-e1704974747196-1024x794.jpg","datePublished":"2024-01-16T07:21:58+00:00","dateModified":"2024-01-23T12:51:24+00:00","description":"Vores medarbejdere er vores st\u00f8rste styrke. Hos Riwal ans\u00e6tter vi motiverede medarbejdere, som str\u00e6ber efter at blive bedre hver dag.","breadcrumb":{"@id":"https:\/\/riwal-wpn.acceptatie.indicia-interactiv.nl\/da\/om-riwal\/vores-medarbejdere\/#breadcrumb"},"inLanguage":"da-DK","potentialAction":[{"@type":"ReadAction","target":["https:\/\/riwal-wpn.acceptatie.indicia-interactiv.nl\/da\/om-riwal\/vores-medarbejdere\/"]}]},{"@type":"ImageObject","inLanguage":"da-DK","@id":"https:\/\/riwal-wpn.acceptatie.indicia-interactiv.nl\/da\/om-riwal\/vores-medarbejdere\/#primaryimage","url":"https:\/\/riwal-wpn.acceptatie.indicia-interactiv.nl\/app\/uploads\/sites\/14\/2024\/01\/Riwal-activity-scaled-e1704974747196-1024x794.jpg","contentUrl":"https:\/\/riwal-wpn.acceptatie.indicia-interactiv.nl\/app\/uploads\/sites\/14\/2024\/01\/Riwal-activity-scaled-e1704974747196-1024x794.jpg"},{"@type":"BreadcrumbList","@id":"https:\/\/riwal-wpn.acceptatie.indicia-interactiv.nl\/da\/om-riwal\/vores-medarbejdere\/#breadcrumb","itemListElement":[{"@type":"ListItem","position":1,"name":"Forside","item":"https:\/\/riwal-wpn.acceptatie.indicia-interactiv.nl\/da\/"},{"@type":"ListItem","position":2,"name":"Om Riwal","item":"https:\/\/riwal-wpn.acceptatie.indicia-interactiv.nl\/da\/om-riwal\/"},{"@type":"ListItem","position":3,"name":"Vores medarbejdere"}]},{"@type":"WebSite","@id":"https:\/\/riwal-wpn.acceptatie.indicia-interactiv.nl\/da\/#website","url":"https:\/\/riwal-wpn.acceptatie.indicia-interactiv.nl\/da\/","name":"Riwal","description":"Arial work platform &amp; Telehandler Rental\/Sales","publisher":{"@id":"https:\/\/riwal-wpn.acceptatie.indicia-interactiv.nl\/da\/#organization"},"potentialAction":[{"@type":"SearchAction","target":{"@type":"EntryPoint","urlTemplate":"https:\/\/riwal-wpn.acceptatie.indicia-interactiv.nl\/da\/?s={search_term_string}"},"query-input":{"@type":"PropertyValueSpecification","valueRequired":true,"valueName":"search_term_string"}}],"inLanguage":"da-DK"},{"@type":"Organization","@id":"https:\/\/riwal-wpn.acceptatie.indicia-interactiv.nl\/da\/#organization","name":"Riwal","url":"https:\/\/riwal-wpn.acceptatie.indicia-interactiv.nl\/da\/","logo":{"@type":"ImageObject","inLanguage":"da-DK","@id":"https:\/\/riwal-wpn.acceptatie.indicia-interactiv.nl\/da\/#\/schema\/logo\/image\/","url":"","contentUrl":"","caption":"Riwal"},"image":{"@id":"https:\/\/riwal-wpn.acceptatie.indicia-interactiv.nl\/da\/#\/schema\/logo\/image\/"}}]}},"_links":{"self":[{"href":"https:\/\/riwal-wpn.acceptatie.indicia-interactiv.nl\/da\/wp-json\/wp\/v2\/pages\/6429","targetHints":{"allow":["GET"]}}],"collection":[{"href":"https:\/\/riwal-wpn.acceptatie.indicia-interactiv.nl\/da\/wp-json\/wp\/v2\/pages"}],"about":[{"href":"https:\/\/riwal-wpn.acceptatie.indicia-interactiv.nl\/da\/wp-json\/wp\/v2\/types\/page"}],"author":[{"embeddable":true,"href":"https:\/\/riwal-wpn.acceptatie.indicia-interactiv.nl\/da\/wp-json\/wp\/v2\/users\/36"}],"replies":[{"embeddable":true,"href":"https:\/\/riwal-wpn.acceptatie.indicia-interactiv.nl\/da\/wp-json\/wp\/v2\/comments?post=6429"}],"version-history":[{"count":6,"href":"https:\/\/riwal-wpn.acceptatie.indicia-interactiv.nl\/da\/wp-json\/wp\/v2\/pages\/6429\/revisions"}],"predecessor-version":[{"id":7066,"href":"https:\/\/riwal-wpn.acceptatie.indicia-interactiv.nl\/da\/wp-json\/wp\/v2\/pages\/6429\/revisions\/7066"}],"up":[{"embeddable":true,"href":"https:\/\/riwal-wpn.acceptatie.indicia-interactiv.nl\/da\/wp-json\/wp\/v2\/pages\/6447"}],"wp:attachment":[{"href":"https:\/\/riwal-wpn.acceptatie.indicia-interactiv.nl\/da\/wp-json\/wp\/v2\/media?parent=6429"}],"curies":[{"name":"wp","href":"https:\/\/api.w.org\/{rel}","templated":true}]}}