{"id":8528,"date":"2024-02-08T13:02:43","date_gmt":"2024-02-08T13:02:43","guid":{"rendered":"https:\/\/riwal-wpn.acceptatie.indicia-interactiv.nl\/da\/?page_id=8528"},"modified":"2024-02-08T14:27:39","modified_gmt":"2024-02-08T14:27:39","slug":"kursuskatalog","status":"publish","type":"page","link":"https:\/\/riwal-wpn.acceptatie.indicia-interactiv.nl\/da\/riwal-safety-training\/kursuskatalog\/","title":{"rendered":"Kursuskatalog"},"content":{"rendered":"<div class=\"container\">\n<h1 class=\"wp-block-heading\" id=\"h-kursuskatalog\">Kursuskatalog<\/h1>\n<\/div>\n\n<div class=\"container\">\n<p>Hos <a href=\"https:\/\/riwal-wpn.acceptatie.indicia-interactiv.nl\/da\/riwal-safety-training\/\">Riwal Safety Training<\/a> udbyder vi kurser inden for sikkerhed og arbejdet i h\u00f8jden, som sikrer kvalitetsuddannelse til liftoperat\u00f8rer og andre branchefolk. Med vores ekspertise og erfaring inden for arbejdssikkerhed er Riwal Safety Training anerkendt for vores omfattende kurser, der fokuserer p\u00e5 at styrke kursisternes kompetencer og g\u00f8re dem i stand til at handle korrekt, n\u00e5r farlige situationer opst\u00e5r i arbejdet med lifte. <\/p>\n<\/div>\n\n<div class=\"container\">\n<p>Foruden vores kurser i liftbetjening, udbyder vi ogs\u00e5 kurser s\u00e5som <a href=\"https:\/\/riwal-wpn.acceptatie.indicia-interactiv.nl\/da\/sikkerhedskursus\/confined-space\/confined-space\/\" data-type=\"link\" data-id=\"https:\/\/riwal-wpn.acceptatie.indicia-interactiv.nl\/da\/sikkerhedskursus\/confined-space\/confined-space\/\">Confined Space<\/a>, hvor kursisten udvikler nye kompetencer og f\u00e5r en\u00a0forst\u00e5else for arbejdet i sm\u00e5, lukkede rum. Derudover udbyder vi ogs\u00e5 <a href=\"https:\/\/riwal-wpn.acceptatie.indicia-interactiv.nl\/da\/sikkerhedskursus\/foerstehjaelp\/foerstehjaelpskursus-basalt\/\" data-type=\"link\" data-id=\"https:\/\/riwal-wpn.acceptatie.indicia-interactiv.nl\/da\/sikkerhedskursus\/foerstehjaelp\/foerstehjaelpskursus-basalt\/\">F\u00f8rstehj\u00e6lpskurser<\/a>, hvor kursisterne kan tilmelde sig et basalt og et avanceret niveau. <\/p>\n<\/div>\n\n<div class=\"container\">\n<p>Du kan se alle kurser og downloade vores kursuskatalog her: <\/p>\n<\/div>\n\n<div class=\"rental-wp-default-block rental-theme-block-default-margin\">\n\t\t\t\t\t\t\t\t<div class=\"container\">\n<div class=\"wp-block-buttons is-layout-flex wp-block-buttons-is-layout-flex\">\n<div class=\"wp-block-button\"><a class=\"wp-block-button__link wp-element-button\" href=\"https:\/\/www.paperturn-view.com\/?pid=MTQ143785&amp;v=8.1\">Download katalog<\/a><\/div>\n<\/div>\n<\/div>\n\t\t\t\t\t\t\t<\/div> \n\n<div class=\"rental-wp-default-block rental-theme-block-default-margin\">\n\t\t\t\t\t\t\t\t<div class=\"container\">\n<div class=\"wp-block-media-text has-media-on-the-right is-stacked-on-mobile\"><div class=\"wp-block-media-text__content\">\n<h3 class=\"wp-block-heading\" id=\"h-invester-i-dine-medarbejderes-sikkerhed\">Invester i dine medarbejderes sikkerhed<\/h3>\n\n\n\n<p>Uanset om det drejer sig om at opfylde lovgivningsm\u00e6ssige krav, forbedre arbejdssikkerheden p\u00e5 din arbejdsplads eller \u00f8ge produktiviteten og effektiviteten, er Riwal Safety Training en p\u00e5lidelig partner for virksomheder, der \u00f8nsker at investere i deres medarbejderes sikkerhed og trivsel.<\/p>\n<\/div><figure class=\"wp-block-media-text__media\"><img loading=\"lazy\" decoding=\"async\" width=\"1024\" height=\"682\" src=\"https:\/\/riwal-wpn.acceptatie.indicia-interactiv.nl\/app\/uploads\/sites\/14\/2023\/10\/Sikkerhedskurser-hos-Riwal-Safety-Training-e1696512347769-1024x682.jpg\" alt=\"Riwal Safety Training tilbyder en r\u00e6kke af sikkerhedskurser.\" class=\"wp-image-5118 size-full\" srcset=\"https:\/\/riwal-wpn.acceptatie.indicia-interactiv.nl\/app\/uploads\/sites\/14\/2023\/10\/Sikkerhedskurser-hos-Riwal-Safety-Training-e1696512347769-1024x682.jpg 1024w, https:\/\/riwal-wpn.acceptatie.indicia-interactiv.nl\/app\/uploads\/sites\/14\/2023\/10\/Sikkerhedskurser-hos-Riwal-Safety-Training-e1696512347769-300x200.jpg 300w, https:\/\/riwal-wpn.acceptatie.indicia-interactiv.nl\/app\/uploads\/sites\/14\/2023\/10\/Sikkerhedskurser-hos-Riwal-Safety-Training-e1696512347769-768x512.jpg 768w, https:\/\/riwal-wpn.acceptatie.indicia-interactiv.nl\/app\/uploads\/sites\/14\/2023\/10\/Sikkerhedskurser-hos-Riwal-Safety-Training-e1696512347769-178x119.jpg 178w, https:\/\/riwal-wpn.acceptatie.indicia-interactiv.nl\/app\/uploads\/sites\/14\/2023\/10\/Sikkerhedskurser-hos-Riwal-Safety-Training-e1696512347769-1388x925.jpg 1388w, https:\/\/riwal-wpn.acceptatie.indicia-interactiv.nl\/app\/uploads\/sites\/14\/2023\/10\/Sikkerhedskurser-hos-Riwal-Safety-Training-e1696512347769-390x260.jpg 390w, https:\/\/riwal-wpn.acceptatie.indicia-interactiv.nl\/app\/uploads\/sites\/14\/2023\/10\/Sikkerhedskurser-hos-Riwal-Safety-Training-e1696512347769-830x553.jpg 830w, https:\/\/riwal-wpn.acceptatie.indicia-interactiv.nl\/app\/uploads\/sites\/14\/2023\/10\/Sikkerhedskurser-hos-Riwal-Safety-Training-e1696512347769-250x167.jpg 250w, https:\/\/riwal-wpn.acceptatie.indicia-interactiv.nl\/app\/uploads\/sites\/14\/2023\/10\/Sikkerhedskurser-hos-Riwal-Safety-Training-e1696512347769.jpg 1390w\" sizes=\"auto, (max-width: 1024px) 100vw, 1024px\" \/><\/figure><\/div>\n<\/div>\n\t\t\t\t\t\t\t<\/div> ","protected":false},"excerpt":{"rendered":"<p>Kursuskatalog Hos Riwal Safety Training udbyder vi kurser inden for sikkerhed og arbejdet i h\u00f8jden, som sikrer kvalitetsuddannelse til liftoperat\u00f8rer og andre branchefolk. Med vores ekspertise og erfaring inden for arbejdssikkerhed er Riwal Safety Training anerkendt for vores omfattende kurser, der fokuserer p\u00e5 at styrke kursisternes kompetencer og g\u00f8re dem i stand til at handle &hellip; <a href=\"https:\/\/riwal-wpn.acceptatie.indicia-interactiv.nl\/da\/riwal-safety-training\/kursuskatalog\/\">Fortsat<\/a><\/p>\n","protected":false},"author":36,"featured_media":5118,"parent":1257,"menu_order":0,"comment_status":"closed","ping_status":"closed","template":"","meta":{"_acf_changed":false,"editor_notices":[],"footnotes":""},"class_list":["post-8528","page","type-page","status-publish","has-post-thumbnail","hentry"],"acf":[],"yoast_head":"<!-- This site is optimized with the Yoast SEO Premium plugin v27.1 (Yoast SEO v27.1.1) - https:\/\/yoast.com\/product\/yoast-seo-premium-wordpress\/ -->\n<title>Kursuskatalog - Riwal Danmark<\/title>\n<meta name=\"robots\" content=\"noindex, follow, max-snippet:-1, max-image-preview:large, max-video-preview:-1\" \/>\n<meta property=\"og:locale\" content=\"da_DK\" \/>\n<meta property=\"og:type\" content=\"article\" \/>\n<meta property=\"og:title\" content=\"Kursuskatalog\" \/>\n<meta property=\"og:description\" content=\"Kursuskatalog Hos Riwal Safety Training udbyder vi kurser inden for sikkerhed og arbejdet i h\u00f8jden, som sikrer kvalitetsuddannelse til liftoperat\u00f8rer og andre branchefolk. Med vores ekspertise og erfaring inden for arbejdssikkerhed er Riwal Safety Training anerkendt for vores omfattende kurser, der fokuserer p\u00e5 at styrke kursisternes kompetencer og g\u00f8re dem i stand til at handle &hellip; Fortsat\" \/>\n<meta property=\"og:url\" content=\"https:\/\/riwal-wpn.acceptatie.indicia-interactiv.nl\/da\/riwal-safety-training\/kursuskatalog\/\" \/>\n<meta property=\"og:site_name\" content=\"Riwal Danmark\" \/>\n<meta property=\"article:modified_time\" content=\"2024-02-08T14:27:39+00:00\" \/>\n<meta property=\"og:image\" content=\"https:\/\/riwal-wpn.acceptatie.indicia-interactiv.nl\/app\/uploads\/sites\/14\/2023\/10\/Sikkerhedskurser-hos-Riwal-Safety-Training-e1696512347769.jpg\" \/>\n\t<meta property=\"og:image:width\" content=\"1390\" \/>\n\t<meta property=\"og:image:height\" content=\"926\" \/>\n\t<meta property=\"og:image:type\" content=\"image\/jpeg\" \/>\n<meta name=\"twitter:card\" content=\"summary_large_image\" \/>\n<script type=\"application\/ld+json\" class=\"yoast-schema-graph\">{\"@context\":\"https:\/\/schema.org\",\"@graph\":[{\"@type\":\"WebPage\",\"@id\":\"https:\/\/riwal-wpn.acceptatie.indicia-interactiv.nl\/da\/riwal-safety-training\/kursuskatalog\/\",\"url\":\"https:\/\/riwal-wpn.acceptatie.indicia-interactiv.nl\/da\/riwal-safety-training\/kursuskatalog\/\",\"name\":\"Kursuskatalog - Riwal Danmark\",\"isPartOf\":{\"@id\":\"https:\/\/riwal-wpn.acceptatie.indicia-interactiv.nl\/da\/#website\"},\"primaryImageOfPage\":{\"@id\":\"https:\/\/riwal-wpn.acceptatie.indicia-interactiv.nl\/da\/riwal-safety-training\/kursuskatalog\/#primaryimage\"},\"image\":{\"@id\":\"https:\/\/riwal-wpn.acceptatie.indicia-interactiv.nl\/da\/riwal-safety-training\/kursuskatalog\/#primaryimage\"},\"thumbnailUrl\":\"https:\/\/riwal-wpn.acceptatie.indicia-interactiv.nl\/app\/uploads\/sites\/14\/2023\/10\/Sikkerhedskurser-hos-Riwal-Safety-Training-e1696512347769.jpg\",\"datePublished\":\"2024-02-08T13:02:43+00:00\",\"dateModified\":\"2024-02-08T14:27:39+00:00\",\"breadcrumb\":{\"@id\":\"https:\/\/riwal-wpn.acceptatie.indicia-interactiv.nl\/da\/riwal-safety-training\/kursuskatalog\/#breadcrumb\"},\"inLanguage\":\"da-DK\",\"potentialAction\":[{\"@type\":\"ReadAction\",\"target\":[\"https:\/\/riwal-wpn.acceptatie.indicia-interactiv.nl\/da\/riwal-safety-training\/kursuskatalog\/\"]}]},{\"@type\":\"ImageObject\",\"inLanguage\":\"da-DK\",\"@id\":\"https:\/\/riwal-wpn.acceptatie.indicia-interactiv.nl\/da\/riwal-safety-training\/kursuskatalog\/#primaryimage\",\"url\":\"https:\/\/riwal-wpn.acceptatie.indicia-interactiv.nl\/app\/uploads\/sites\/14\/2023\/10\/Sikkerhedskurser-hos-Riwal-Safety-Training-e1696512347769.jpg\",\"contentUrl\":\"https:\/\/riwal-wpn.acceptatie.indicia-interactiv.nl\/app\/uploads\/sites\/14\/2023\/10\/Sikkerhedskurser-hos-Riwal-Safety-Training-e1696512347769.jpg\",\"width\":1390,\"height\":926,\"caption\":\"Riwal Safety Training tilbyder en r\u00e6kke af sikkerhedskurser.\"},{\"@type\":\"BreadcrumbList\",\"@id\":\"https:\/\/riwal-wpn.acceptatie.indicia-interactiv.nl\/da\/riwal-safety-training\/kursuskatalog\/#breadcrumb\",\"itemListElement\":[{\"@type\":\"ListItem\",\"position\":1,\"name\":\"Forside\",\"item\":\"https:\/\/riwal-wpn.acceptatie.indicia-interactiv.nl\/da\/\"},{\"@type\":\"ListItem\",\"position\":2,\"name\":\"Riwal Safety Training\",\"item\":\"https:\/\/riwal-wpn.acceptatie.indicia-interactiv.nl\/da\/riwal-safety-training\/\"},{\"@type\":\"ListItem\",\"position\":3,\"name\":\"Kursuskatalog\"}]},{\"@type\":\"WebSite\",\"@id\":\"https:\/\/riwal-wpn.acceptatie.indicia-interactiv.nl\/da\/#website\",\"url\":\"https:\/\/riwal-wpn.acceptatie.indicia-interactiv.nl\/da\/\",\"name\":\"Riwal\",\"description\":\"Arial work platform &amp; Telehandler Rental\/Sales\",\"publisher\":{\"@id\":\"https:\/\/riwal-wpn.acceptatie.indicia-interactiv.nl\/da\/#organization\"},\"potentialAction\":[{\"@type\":\"SearchAction\",\"target\":{\"@type\":\"EntryPoint\",\"urlTemplate\":\"https:\/\/riwal-wpn.acceptatie.indicia-interactiv.nl\/da\/?s={search_term_string}\"},\"query-input\":{\"@type\":\"PropertyValueSpecification\",\"valueRequired\":true,\"valueName\":\"search_term_string\"}}],\"inLanguage\":\"da-DK\"},{\"@type\":\"Organization\",\"@id\":\"https:\/\/riwal-wpn.acceptatie.indicia-interactiv.nl\/da\/#organization\",\"name\":\"Riwal\",\"url\":\"https:\/\/riwal-wpn.acceptatie.indicia-interactiv.nl\/da\/\",\"logo\":{\"@type\":\"ImageObject\",\"inLanguage\":\"da-DK\",\"@id\":\"https:\/\/riwal-wpn.acceptatie.indicia-interactiv.nl\/da\/#\/schema\/logo\/image\/\",\"url\":\"\",\"contentUrl\":\"\",\"caption\":\"Riwal\"},\"image\":{\"@id\":\"https:\/\/riwal-wpn.acceptatie.indicia-interactiv.nl\/da\/#\/schema\/logo\/image\/\"}}]}<\/script>\n<!-- \/ Yoast SEO Premium plugin. -->","yoast_head_json":{"title":"Kursuskatalog - Riwal Danmark","robots":{"index":"noindex","follow":"follow","max-snippet":"max-snippet:-1","max-image-preview":"max-image-preview:large","max-video-preview":"max-video-preview:-1"},"og_locale":"da_DK","og_type":"article","og_title":"Kursuskatalog","og_description":"Kursuskatalog Hos Riwal Safety Training udbyder vi kurser inden for sikkerhed og arbejdet i h\u00f8jden, som sikrer kvalitetsuddannelse til liftoperat\u00f8rer og andre branchefolk. Med vores ekspertise og erfaring inden for arbejdssikkerhed er Riwal Safety Training anerkendt for vores omfattende kurser, der fokuserer p\u00e5 at styrke kursisternes kompetencer og g\u00f8re dem i stand til at handle &hellip; Fortsat","og_url":"https:\/\/riwal-wpn.acceptatie.indicia-interactiv.nl\/da\/riwal-safety-training\/kursuskatalog\/","og_site_name":"Riwal Danmark","article_modified_time":"2024-02-08T14:27:39+00:00","og_image":[{"width":1390,"height":926,"url":"https:\/\/riwal-wpn.acceptatie.indicia-interactiv.nl\/app\/uploads\/sites\/14\/2023\/10\/Sikkerhedskurser-hos-Riwal-Safety-Training-e1696512347769.jpg","type":"image\/jpeg"}],"twitter_card":"summary_large_image","schema":{"@context":"https:\/\/schema.org","@graph":[{"@type":"WebPage","@id":"https:\/\/riwal-wpn.acceptatie.indicia-interactiv.nl\/da\/riwal-safety-training\/kursuskatalog\/","url":"https:\/\/riwal-wpn.acceptatie.indicia-interactiv.nl\/da\/riwal-safety-training\/kursuskatalog\/","name":"Kursuskatalog - Riwal Danmark","isPartOf":{"@id":"https:\/\/riwal-wpn.acceptatie.indicia-interactiv.nl\/da\/#website"},"primaryImageOfPage":{"@id":"https:\/\/riwal-wpn.acceptatie.indicia-interactiv.nl\/da\/riwal-safety-training\/kursuskatalog\/#primaryimage"},"image":{"@id":"https:\/\/riwal-wpn.acceptatie.indicia-interactiv.nl\/da\/riwal-safety-training\/kursuskatalog\/#primaryimage"},"thumbnailUrl":"https:\/\/riwal-wpn.acceptatie.indicia-interactiv.nl\/app\/uploads\/sites\/14\/2023\/10\/Sikkerhedskurser-hos-Riwal-Safety-Training-e1696512347769.jpg","datePublished":"2024-02-08T13:02:43+00:00","dateModified":"2024-02-08T14:27:39+00:00","breadcrumb":{"@id":"https:\/\/riwal-wpn.acceptatie.indicia-interactiv.nl\/da\/riwal-safety-training\/kursuskatalog\/#breadcrumb"},"inLanguage":"da-DK","potentialAction":[{"@type":"ReadAction","target":["https:\/\/riwal-wpn.acceptatie.indicia-interactiv.nl\/da\/riwal-safety-training\/kursuskatalog\/"]}]},{"@type":"ImageObject","inLanguage":"da-DK","@id":"https:\/\/riwal-wpn.acceptatie.indicia-interactiv.nl\/da\/riwal-safety-training\/kursuskatalog\/#primaryimage","url":"https:\/\/riwal-wpn.acceptatie.indicia-interactiv.nl\/app\/uploads\/sites\/14\/2023\/10\/Sikkerhedskurser-hos-Riwal-Safety-Training-e1696512347769.jpg","contentUrl":"https:\/\/riwal-wpn.acceptatie.indicia-interactiv.nl\/app\/uploads\/sites\/14\/2023\/10\/Sikkerhedskurser-hos-Riwal-Safety-Training-e1696512347769.jpg","width":1390,"height":926,"caption":"Riwal Safety Training tilbyder en r\u00e6kke af sikkerhedskurser."},{"@type":"BreadcrumbList","@id":"https:\/\/riwal-wpn.acceptatie.indicia-interactiv.nl\/da\/riwal-safety-training\/kursuskatalog\/#breadcrumb","itemListElement":[{"@type":"ListItem","position":1,"name":"Forside","item":"https:\/\/riwal-wpn.acceptatie.indicia-interactiv.nl\/da\/"},{"@type":"ListItem","position":2,"name":"Riwal Safety Training","item":"https:\/\/riwal-wpn.acceptatie.indicia-interactiv.nl\/da\/riwal-safety-training\/"},{"@type":"ListItem","position":3,"name":"Kursuskatalog"}]},{"@type":"WebSite","@id":"https:\/\/riwal-wpn.acceptatie.indicia-interactiv.nl\/da\/#website","url":"https:\/\/riwal-wpn.acceptatie.indicia-interactiv.nl\/da\/","name":"Riwal","description":"Arial work platform &amp; Telehandler Rental\/Sales","publisher":{"@id":"https:\/\/riwal-wpn.acceptatie.indicia-interactiv.nl\/da\/#organization"},"potentialAction":[{"@type":"SearchAction","target":{"@type":"EntryPoint","urlTemplate":"https:\/\/riwal-wpn.acceptatie.indicia-interactiv.nl\/da\/?s={search_term_string}"},"query-input":{"@type":"PropertyValueSpecification","valueRequired":true,"valueName":"search_term_string"}}],"inLanguage":"da-DK"},{"@type":"Organization","@id":"https:\/\/riwal-wpn.acceptatie.indicia-interactiv.nl\/da\/#organization","name":"Riwal","url":"https:\/\/riwal-wpn.acceptatie.indicia-interactiv.nl\/da\/","logo":{"@type":"ImageObject","inLanguage":"da-DK","@id":"https:\/\/riwal-wpn.acceptatie.indicia-interactiv.nl\/da\/#\/schema\/logo\/image\/","url":"","contentUrl":"","caption":"Riwal"},"image":{"@id":"https:\/\/riwal-wpn.acceptatie.indicia-interactiv.nl\/da\/#\/schema\/logo\/image\/"}}]}},"_links":{"self":[{"href":"https:\/\/riwal-wpn.acceptatie.indicia-interactiv.nl\/da\/wp-json\/wp\/v2\/pages\/8528","targetHints":{"allow":["GET"]}}],"collection":[{"href":"https:\/\/riwal-wpn.acceptatie.indicia-interactiv.nl\/da\/wp-json\/wp\/v2\/pages"}],"about":[{"href":"https:\/\/riwal-wpn.acceptatie.indicia-interactiv.nl\/da\/wp-json\/wp\/v2\/types\/page"}],"author":[{"embeddable":true,"href":"https:\/\/riwal-wpn.acceptatie.indicia-interactiv.nl\/da\/wp-json\/wp\/v2\/users\/36"}],"replies":[{"embeddable":true,"href":"https:\/\/riwal-wpn.acceptatie.indicia-interactiv.nl\/da\/wp-json\/wp\/v2\/comments?post=8528"}],"version-history":[{"count":10,"href":"https:\/\/riwal-wpn.acceptatie.indicia-interactiv.nl\/da\/wp-json\/wp\/v2\/pages\/8528\/revisions"}],"predecessor-version":[{"id":8540,"href":"https:\/\/riwal-wpn.acceptatie.indicia-interactiv.nl\/da\/wp-json\/wp\/v2\/pages\/8528\/revisions\/8540"}],"up":[{"embeddable":true,"href":"https:\/\/riwal-wpn.acceptatie.indicia-interactiv.nl\/da\/wp-json\/wp\/v2\/pages\/1257"}],"wp:featuredmedia":[{"embeddable":true,"href":"https:\/\/riwal-wpn.acceptatie.indicia-interactiv.nl\/da\/wp-json\/wp\/v2\/media\/5118"}],"wp:attachment":[{"href":"https:\/\/riwal-wpn.acceptatie.indicia-interactiv.nl\/da\/wp-json\/wp\/v2\/media?parent=8528"}],"curies":[{"name":"wp","href":"https:\/\/api.w.org\/{rel}","templated":true}]}}