{"id":4394,"date":"2023-11-07T11:00:06","date_gmt":"2023-11-07T11:00:06","guid":{"rendered":"https:\/\/riwal-wpn.acceptatie.indicia-interactiv.nl\/de\/?page_id=4394"},"modified":"2023-11-07T11:26:04","modified_gmt":"2023-11-07T11:26:04","slug":"philosophie","status":"publish","type":"page","link":"https:\/\/riwal-wpn.acceptatie.indicia-interactiv.nl\/de\/philosophie\/","title":{"rendered":"Philosophie"},"content":{"rendered":"<div class=\"rental-wp-default-block rental-theme-block-default-margin\">\n\t\t\t\t\t\t\t\t<div class=\"container\">\n<div class=\"wp-block-columns is-layout-flex wp-container-core-columns-is-layout-28f84493 wp-block-columns-is-layout-flex\">\n<div class=\"wp-block-column is-layout-flow wp-block-column-is-layout-flow\" style=\"flex-basis:33.33%\">\n<h1 class=\"wp-block-heading\" id=\"h-lernen-sie-uns-kennen\">Lernen Sie uns kennen<\/h1>\n<\/div>\n\n\n\n<div class=\"wp-block-column is-layout-flow wp-block-column-is-layout-flow\" style=\"flex-basis:66.66%\">\n<p>Wir wissen alles, was man \u00fcber das Arbeiten in der H\u00f6he wissen muss. Mit einer 55-j\u00e4hrigen Geschichte und Niederlassungen in 14 L\u00e4ndern weltweit ist Riwal Ihr erfahrener Partner f\u00fcr H\u00f6henzugangstechnik.<\/p>\n\n\n\n<p>Unsere Geschichte begann 1968 mit der Er\u00f6ffnung einer Niederlassung des britischen Kranverleihers Richards &amp; Wallington in den Niederlanden. Im Jahr 1980 wurde dieses Unternehmen privatisiert. Der T\u00e4tigkeitsbereich wurde 1986 durch die Gr\u00fcndung eines separaten Unternehmens erweitert, das sich auf die Vermietung von Hubarbeitsb\u00fchnen spezialisierte: Riwal Lift (Riwal ist eine Kombination aus den Anfangsbuchstaben von Richards und Wallington). Seit 2007 konzentrieren wir uns ausschlie\u00dflich auf Arbeitsb\u00fchnenl\u00f6sungen.<\/p>\n<\/div>\n<\/div>\n<\/div>\n\t\t\t\t\t\t\t<\/div> \n\n<div class=\"wp-block-rental-theme-featured rental-theme-block-default-padding\">\n\t<div class=\"container\">\n\t\t<div class=\"wp-block-rental-theme-featured-container\">\n\t\t\t<div class=\"wp-block-rental-theme-featured__image\">\n\t\t\t\t<div class=\"wp-block-rental-theme-featured-image-container\">\n\t\t\t\t\t\t\t\t\t\t\t<div class=\"main-image\">\n\t\t\t\t\t\t\t<img loading=\"lazy\" decoding=\"async\" width=\"620\" height=\"413\" src=\"https:\/\/riwal-wpn.acceptatie.indicia-interactiv.nl\/app\/uploads\/sites\/8\/2023\/04\/riwal-rental-expertise-on-site-min-620x413.jpg\" class=\"attachment-featured_block_image size-featured_block_image\" alt=\"\" srcset=\"https:\/\/riwal-wpn.acceptatie.indicia-interactiv.nl\/app\/uploads\/sites\/8\/2023\/04\/riwal-rental-expertise-on-site-min-620x413.jpg 620w, https:\/\/riwal-wpn.acceptatie.indicia-interactiv.nl\/app\/uploads\/sites\/8\/2023\/04\/riwal-rental-expertise-on-site-min-300x200.jpg 300w, https:\/\/riwal-wpn.acceptatie.indicia-interactiv.nl\/app\/uploads\/sites\/8\/2023\/04\/riwal-rental-expertise-on-site-min-1024x683.jpg 1024w, https:\/\/riwal-wpn.acceptatie.indicia-interactiv.nl\/app\/uploads\/sites\/8\/2023\/04\/riwal-rental-expertise-on-site-min-768x512.jpg 768w, https:\/\/riwal-wpn.acceptatie.indicia-interactiv.nl\/app\/uploads\/sites\/8\/2023\/04\/riwal-rental-expertise-on-site-min-1536x1024.jpg 1536w, https:\/\/riwal-wpn.acceptatie.indicia-interactiv.nl\/app\/uploads\/sites\/8\/2023\/04\/riwal-rental-expertise-on-site-min-2048x1365.jpg 2048w, https:\/\/riwal-wpn.acceptatie.indicia-interactiv.nl\/app\/uploads\/sites\/8\/2023\/04\/riwal-rental-expertise-on-site-min-178x119.jpg 178w, https:\/\/riwal-wpn.acceptatie.indicia-interactiv.nl\/app\/uploads\/sites\/8\/2023\/04\/riwal-rental-expertise-on-site-min-1388x925.jpg 1388w, https:\/\/riwal-wpn.acceptatie.indicia-interactiv.nl\/app\/uploads\/sites\/8\/2023\/04\/riwal-rental-expertise-on-site-min-390x260.jpg 390w, https:\/\/riwal-wpn.acceptatie.indicia-interactiv.nl\/app\/uploads\/sites\/8\/2023\/04\/riwal-rental-expertise-on-site-min-830x553.jpg 830w, https:\/\/riwal-wpn.acceptatie.indicia-interactiv.nl\/app\/uploads\/sites\/8\/2023\/04\/riwal-rental-expertise-on-site-min-250x167.jpg 250w, https:\/\/riwal-wpn.acceptatie.indicia-interactiv.nl\/app\/uploads\/sites\/8\/2023\/04\/riwal-rental-expertise-on-site-min-237x158.jpg 237w, https:\/\/riwal-wpn.acceptatie.indicia-interactiv.nl\/app\/uploads\/sites\/8\/2023\/04\/riwal-rental-expertise-on-site-min-474x316.jpg 474w\" sizes=\"auto, (max-width: 620px) 100vw, 620px\" \/>\t\t\t\t\t\t<\/div>\n\t\t\t\t\t\t\t\t\t\t<div class=\"wp-block-rental-theme-featured-image-container__subtext\">\n\t\t\t\t\t\t\t\t\t\t\t<\/div>\n\t\t\t\t<\/div>\n\t\t\t<\/div>\n\t\t\t<div class=\"wp-block-rental-theme-featured-content\">\n\t\t\t\t<div>\n\t\t\t\t\t<h2 class=\"wp-block-rental-theme-featured-title\">Lieferant und Wissenspartner<\/h2>\n\t\t\t\t\t<div class=\"wp-block-rental-theme-featured-text\">\n\n<p>Als Lieferant k\u00f6nnen wir jede Art von Maschine liefern, die Sie ben\u00f6tigen, um Ihre Arbeiten in der H\u00f6he perfekt ausf\u00fchren zu k\u00f6nnen. Unsere Flotte von 20.000 Hubarbeitsb\u00fchnen, Teleskopstaplern und Gabelstaplern gew\u00e4hrleistet die beste Verf\u00fcgbarkeit weltweit: Wir k\u00f6nnen Ihnen bei jeder Herausforderung helfen und bieten dabei 24\/7 technische Unterst\u00fctzung.<\/p>\n\n\n\n<p>Als Wissenspartner beraten wir unsere internationalen Kunden, bieten Schulungen und Services an, entwickeln intelligente L\u00f6sungen und ermutigen den Markt zu Innovationen. Unsere Spezialisten sorgen f\u00fcr ein optimales Kundenerlebnis und teilen gerne ihr Fachwissen \u00fcber Sicherheit, Effizienz und Nachhaltigkeit mit Ihnen.<\/p>\n\n<\/div>\n\t\t\t\t<\/div>\n\t\t\t<\/div>\n\t\t<\/div>\n\t<\/div>\n<\/div>\n\n\n<div class=\"container\">\n<p><\/p>\n<\/div>\n\n<div class=\"rental-wp-default-block rental-theme-block-default-margin\">\n\t\t\t\t\t\t\t\t<div class=\"container\">\n<div class=\"wp-block-rental-theme-title-text rental-theme-block-default-margin\">\n\t<div class=\"wp-block-rental-theme-title-text__container\">\n\t\t<div class=\"wp-block-rental-theme-title-text__wrapper\">\n\t\t\t<h1 class='wp-block-rental-theme-title-text__title'>Unternehmens-f\u00fchrung<\/h1>\t\t<\/div>\n\t\t<div class='wp-block-rental-theme-title-text__text'>\n\n<h3 class=\"wp-block-heading\" id=\"h-der-riwal-verhaltenskodex\">Der Riwal-Verhaltenskodex<\/h3>\n\n\n\n<p>Riwal hat sich verpflichtet, mit Integrit\u00e4t, Zuverl\u00e4ssigkeit und Verantwortung gegen\u00fcber seinen Stakeholdern zu handeln. Wir bekr\u00e4ftigen diese Werte, indem wir unseren Riwal-Verhaltenskodex auf alle unsere T\u00e4tigkeiten anwenden.<\/p>\n\n\n\n<p>Der Riwal-Verhaltenskodex ber\u00fccksichtigt die Interessen unserer verschiedenen Stakeholder. Dazu geh\u00f6ren Mitarbeiter, Aktion\u00e4re und Finanzinstitute, Lieferanten, Kunden, Beh\u00f6rden, Bildungs- und Wissenseinrichtungen, Industrie- und Gesellschaftsverb\u00e4nde (einschlie\u00dflich Nichtregierungsorganisationen) und die Gemeinden, in denen wir t\u00e4tig sind.<\/p>\n\n<\/div>\n\t<\/div>\n<\/div><\/div>\n\t\t\t\t\t\t\t<\/div> \n\n\n<div class=\"wp-block-rental-theme-industries rental-theme-block-default-padding\">\n\t<div class=\"container\">\n\t\t<div class=\"wp-block-rental-theme-industries-header\">\n\t\t\t<div class=\"wp-block-rental-theme-industries-arrow-lines-left\">\n\t\t\t\t<svg width=\"469\" height=\"145\" viewBox=\"0 0 372 145\" fill=\"none\" xmlns=\"http:\/\/www.w3.org\/2000\/svg\"><path d=\"m-47.506 88.086 68.592-68.592h37.281v37.281l-68.592 68.593h-37.281V88.086Zm294.138-31.311 68.593 68.593h37.281V88.087l-68.592-68.593h-37.282v37.281Z\" stroke=\"#5B728B\"\/><mask id=\"path-3-inside-1_1619_471\" fill=\"#fff\"><path fill-rule=\"evenodd\" clip-rule=\"evenodd\" d=\"M169.967 18.994h-37.988L63.094 87.88v37.989h37.988l49.891-49.891 49.891 49.891h37.988v-37.99l-68.885-68.885Z\"\/><\/mask><path d=\"M131.979 18.994v-1h-.414l-.293.293.707.707Zm37.988 0 .707-.707-.293-.293h-.414v1ZM63.094 87.88l-.707-.707-.293.293v.414h1Zm0 37.989h-1v1h1v-1Zm37.988 0v1h.414l.293-.293-.707-.707Zm49.891-49.891.707-.707-.707-.707-.707.707.707.707Zm49.891 49.891-.707.707.293.293h.414v-1Zm37.988 0v1h1v-1h-1Zm0-37.989h1v-.414l-.292-.293-.708.707ZM131.979 19.994h37.988v-2h-37.988v2ZM63.801 88.587 132.686 19.7l-1.414-1.414-68.885 68.885 1.414 1.415Zm.293 37.281V87.879h-2v37.989h2Zm36.988-1H63.094v2h37.988v-2Zm49.184-49.598-49.891 49.891 1.414 1.414 49.891-49.891-1.414-1.414Zm0 1.414 49.891 49.891 1.414-1.414L151.68 75.27l-1.414 1.414Zm50.598 50.184h37.988v-2h-37.988v2Zm38.988-1V87.879h-2v37.989h2Zm-.292-38.696-68.886-68.885-1.414 1.414 68.885 68.886 1.415-1.415Z\" fill=\"#5B728B\" mask=\"url(#path-3-inside-1_1619_471)\"\/><\/svg>\t\t\t<\/div>\n\t\t\t<div class=\"wp-block-rental-theme-industries-title\">\n\t\t\t\t<h2 class='h2 wp-block-rental-theme-industries-title-field'>Code of Conduct und SHEQ-Politik<\/h2>\t\t\t<\/div>\n\t\t<\/div>\n\t\t<div class=\"wp-block-rental-theme-industries__items\">\n\t\t\t\t\t\t\t<div class=\"wp-block-rental-theme-industries__item-content\">\n\t\t\t\t\t\t\t\t\t\t<div class=\"wp-block-rental-theme-industries__item-content__text\">\n\t\t\t\t\t\t<div class=\"wp-block-rental-theme-industries__item-content__text-title\">\n\t\t\t\t\t\t\tVerhaltenskodex f\u00fcr Lieferanten\t\t\t\t\t\t<\/div>\n\t\t\t\t\t\t<div class=\"wp-block-rental-theme-industries__item-content__text-content\">\n\t\t\t\t\t\t\t<p>Riwal legt f\u00fcr seine Lieferanten von Waren und Dienstleistungen die gleichen Grunds\u00e4tze fest wie f\u00fcr sich selbst. Sie basieren auf unseren Grundwerten, unserer Verpflichtung gegen\u00fcber unseren Mitarbeitern, unseren Kunden, unseren Investoren, der Umwelt und den Gemeinden, in denen wir arbeiten. Neben der Qualit\u00e4t, der Lieferzuverl\u00e4ssigkeit und dem Preis w\u00e4hlen wir unsere Lieferanten auch auf der Grundlage ihrer \u00f6kologischen und sozialen Leistung aus, einschlie\u00dflich Sicherheit und Nachhaltigkeit.<\/p>\t\t\t\t\t\t<\/div>\n\t\t\t\t\t<\/div>\n\t\t\t\t<\/div>\n\t\t\t\t\t\t\t<div class=\"wp-block-rental-theme-industries__item-content\">\n\t\t\t\t\t\t\t\t\t\t<div class=\"wp-block-rental-theme-industries__item-content__text\">\n\t\t\t\t\t\t<div class=\"wp-block-rental-theme-industries__item-content__text-title\">\n\t\t\t\t\t\t\tVerhaltenskodex f\u00fcr Mitarbeiter\t\t\t\t\t\t<\/div>\n\t\t\t\t\t\t<div class=\"wp-block-rental-theme-industries__item-content__text-content\">\n\t\t\t\t\t\t\t<p>Unser Verhaltenskodex f\u00fcr Mitarbeiter basiert auf internationalen Richtlinien wie der Allgemeinen Erkl\u00e4rung der Menschenrechte und ist Teil der Arbeitsvertr\u00e4ge aller Riwal-Mitarbeiter. Der Kodex enth\u00e4lt eine Richtlinie zur Bek\u00e4mpfung von Bestechung und Korruption sowie eine Richtlinie zur Meldung von Missst\u00e4nden. <\/p>\t\t\t\t\t\t<\/div>\n\t\t\t\t\t<\/div>\n\t\t\t\t<\/div>\n\t\t\t\t\t\t\t<div class=\"wp-block-rental-theme-industries__item-content\">\n\t\t\t\t\t\t\t\t\t\t<div class=\"wp-block-rental-theme-industries__item-content__text\">\n\t\t\t\t\t\t<div class=\"wp-block-rental-theme-industries__item-content__text-title\">\n\t\t\t\t\t\t\tSHEQ-Politik\t\t\t\t\t\t<\/div>\n\t\t\t\t\t\t<div class=\"wp-block-rental-theme-industries__item-content__text-content\">\n\t\t\t\t\t\t\t<p>Die Riwal Holding Gruppe setzt mit ihrem konzernweiten SHEQ-Managementsystem, das zentral koordiniert und \u00fcberwacht wird, hohe Standards f\u00fcr die Einhaltung. Wir sind st\u00e4ndig bestrebt, unseren Kunden die beste Erfahrung zu bieten, indem wir L\u00f6sungen f\u00fcr sicheres und effizientes Arbeiten in der H\u00f6he anbieten. Sicherheit steht dabei stets im Mittelpunkt unseres Handelns, und wir suchen st\u00e4ndig nach M\u00f6glichkeiten, unsere Leistung in diesem Punkt zu verbessern. Wir verpflichten uns au\u00dferdem, unser Fachwissen zu nutzen, um eine nachhaltigere Zukunft zu erm\u00f6glichen, indem wir Nachhaltigkeit als integralen Bestandteil unserer Gesch\u00e4ftst\u00e4tigkeit und Entscheidungsfindung betrachten.<\/p>\t\t\t\t\t\t<\/div>\n\t\t\t\t\t<\/div>\n\t\t\t\t<\/div>\n\t\t\t\t\t<\/div>\n\t<\/div>\n<\/div>\n\n\n<div class=\"rental-wp-default-block rental-theme-block-default-margin\">\n\t\t\t\t\t\t\t\t<div class=\"container\"><div class=\"wp-block-rental-theme-latest-news\">\n\t<div class=\"wp-block-rental-theme-latest-news-container\">\n\t\t\t\t<div class=\"wp-block-rental-theme-latest-news__content\">\n\t\t\t\t\t\t\t\t<div class=\"wp-block-rental-theme-latest-news__article\">\n\t\t\t\t\t\t<div class=\"wp-block-rental-theme-latest-news__article--date\">\n\t\t\t\t\t\t\t15 &#8211; 12 &#8211; 2024\t\t\t\t\t\t<\/div>\n\t\t\t\t\t\t<a class=\"wp-block-rental-theme-latest-news__article--link\" href=\"https:\/\/riwal-wpn.acceptatie.indicia-interactiv.nl\/de\/newsroom\/blog\/nicht-vergessen-die-jaehrliche-unterweisungspflicht-fuer-bediener-von-hubarbeitsbuehnen\/\">\n\t\t\t\t\t\t\t<div class=\"wp-block-rental-theme-latest-news__article--title\">\n\t\t\t\t\t\t\t\tNicht vergessen: die j\u00e4hrliche Unterweisungspflicht f\u00fcr Bediener von Hubarbeitsb\u00fchnen\t\t\t\t\t\t\t<\/div>\n\t\t\t\t\t\t<\/a>\n\t\t\t\t\t\t<div class=\"wp-block-rental-theme-latest-news__article--content\">\n\t\t\t\t\t\t\tEin Jahr geht schnell vorbei und schnell ist sie vergessen: die j\u00e4hrliche Unterweisungspflicht f\u00fcr Bediener von Hubarbeitsb\u00fchnen. Das kann mitunter teuer werden! Denn nach \u00a712 Arbeitsschutzgesetz, \u00a712 Betriebssicherheitsverordnung und \u00a74 DGUV Vorschrift 1 hat der Arbeitgeber seine Besch\u00e4ftigten regelm\u00e4\u00dfig, das bedeutet j\u00e4hrlich, hinsichtlich des sicheren Umgangs mit Hubarbeitsb\u00fchnen zu unterweisen. Gem\u00e4\u00df DGUV Vorschrift 1 wird dar\u00fcber hinaus ein schriftlicher Nachweis gefordert. \t\t\t\t\t\t<\/div>\n\t\t\t\t\t\t<div class=\"wp-block-rental-theme-latest-news__article--more\">\n\t\t\t\t\t\t\t<a class=\"wp-block-rental-theme-latest-news__article--link\" href=\"https:\/\/riwal-wpn.acceptatie.indicia-interactiv.nl\/de\/newsroom\/blog\/nicht-vergessen-die-jaehrliche-unterweisungspflicht-fuer-bediener-von-hubarbeitsbuehnen\/\">Mehr lesen&#8230;<\/a>\n\t\t\t\t\t\t<\/div>\n\t\t\t\t\t<\/div>\n\t\t\t\t\t\t\t\t\t<div class=\"wp-block-rental-theme-latest-news__article\">\n\t\t\t\t\t\t<div class=\"wp-block-rental-theme-latest-news__article--date\">\n\t\t\t\t\t\t\t01 &#8211; 02 &#8211; 2024\t\t\t\t\t\t<\/div>\n\t\t\t\t\t\t<a class=\"wp-block-rental-theme-latest-news__article--link\" href=\"https:\/\/riwal-wpn.acceptatie.indicia-interactiv.nl\/de\/newsroom\/blog\/bis-zu-welcher-windstaerke-darf-ich-eigentlich-auf-eine-hubarbeitsbuehne\/\">\n\t\t\t\t\t\t\t<div class=\"wp-block-rental-theme-latest-news__article--title\">\n\t\t\t\t\t\t\t\tBis zu welcher Windst\u00e4rke darf ich eigentlich auf eine Hubarbeitsb\u00fchne?\t\t\t\t\t\t\t<\/div>\n\t\t\t\t\t\t<\/a>\n\t\t\t\t\t\t<div class=\"wp-block-rental-theme-latest-news__article--content\">\n\t\t\t\t\t\t\tKennen Sie das? Sie oder Ihre Mitarbeiter wollen mit einer Hubarbeitsb\u00fchne in die H\u00f6he fahren. Leider bl\u00e4st aber ein frischer Wind. Wie sieht es eigentlich rechtlich aus? Bis zu welcher Windst\u00e4rke ist die Arbeit auf einer Hubarbeitsb\u00fchne erlaubt? Und wie und wo misst man den Wind eigentlich?\t\t\t\t\t\t<\/div>\n\t\t\t\t\t\t<div class=\"wp-block-rental-theme-latest-news__article--more\">\n\t\t\t\t\t\t\t<a class=\"wp-block-rental-theme-latest-news__article--link\" href=\"https:\/\/riwal-wpn.acceptatie.indicia-interactiv.nl\/de\/newsroom\/blog\/bis-zu-welcher-windstaerke-darf-ich-eigentlich-auf-eine-hubarbeitsbuehne\/\">Mehr lesen&#8230;<\/a>\n\t\t\t\t\t\t<\/div>\n\t\t\t\t\t<\/div>\n\t\t\t\t\t\t\t\t\t<div class=\"wp-block-rental-theme-latest-news__article\">\n\t\t\t\t\t\t<div class=\"wp-block-rental-theme-latest-news__article--date\">\n\t\t\t\t\t\t\t03 &#8211; 01 &#8211; 2024\t\t\t\t\t\t<\/div>\n\t\t\t\t\t\t<a class=\"wp-block-rental-theme-latest-news__article--link\" href=\"https:\/\/riwal-wpn.acceptatie.indicia-interactiv.nl\/de\/newsroom\/news\/jetzt-in-neuer-auflage-das-riwal-mietprogramm\/\">\n\t\t\t\t\t\t\t<div class=\"wp-block-rental-theme-latest-news__article--title\">\n\t\t\t\t\t\t\t\tJetzt in neuer Auflage: das Riwal Mietprogramm\t\t\t\t\t\t\t<\/div>\n\t\t\t\t\t\t<\/a>\n\t\t\t\t\t\t<div class=\"wp-block-rental-theme-latest-news__article--content\">\n\t\t\t\t\t\t\tRiwal hat sein neues, mehr als 170 Seiten umfassendes Mietprogramm ver\u00f6ffentlicht. Die aktualisierte Ausgabe steht ab sofort zum Download bereit. \t\t\t\t\t\t<\/div>\n\t\t\t\t\t\t<div class=\"wp-block-rental-theme-latest-news__article--more\">\n\t\t\t\t\t\t\t<a class=\"wp-block-rental-theme-latest-news__article--link\" href=\"https:\/\/riwal-wpn.acceptatie.indicia-interactiv.nl\/de\/newsroom\/news\/jetzt-in-neuer-auflage-das-riwal-mietprogramm\/\">Mehr lesen&#8230;<\/a>\n\t\t\t\t\t\t<\/div>\n\t\t\t\t\t<\/div>\n\t\t\t\t\t\t<\/div>\n\t<\/div>\n<\/div>\n<\/div>\n\t\t\t\t\t\t\t<\/div> ","protected":false},"excerpt":{"rendered":"<p>Lernen Sie uns kennen Wir wissen alles, was man \u00fcber das Arbeiten in der H\u00f6he wissen muss. Mit einer 55-j\u00e4hrigen Geschichte und Niederlassungen in 14 L\u00e4ndern weltweit ist Riwal Ihr erfahrener Partner f\u00fcr H\u00f6henzugangstechnik. Unsere Geschichte begann 1968 mit der Er\u00f6ffnung einer Niederlassung des britischen Kranverleihers Richards &amp; Wallington in den Niederlanden. Im Jahr 1980 &hellip; <a href=\"https:\/\/riwal-wpn.acceptatie.indicia-interactiv.nl\/de\/philosophie\/\">Weiter<\/a><\/p>\n","protected":false},"author":15,"featured_media":0,"parent":0,"menu_order":0,"comment_status":"closed","ping_status":"closed","template":"","meta":{"_acf_changed":false,"editor_notices":[],"footnotes":""},"class_list":["post-4394","page","type-page","status-publish","hentry"],"acf":[],"yoast_head":"<!-- This site is optimized with the Yoast SEO Premium plugin v27.1 (Yoast SEO v27.1.1) - https:\/\/yoast.com\/product\/yoast-seo-premium-wordpress\/ -->\n<title>Philosophie - Riwal - Deutschland<\/title>\n<meta name=\"description\" content=\"Riwal arbeitet nach strikten ethischen Grunds\u00e4tzen, um das Wohl aller Mitarbeiter, Lieferanten und des eigenen Unternehmens zu sch\u00fctzen.\" \/>\n<meta name=\"robots\" content=\"noindex, follow, max-snippet:-1, max-image-preview:large, max-video-preview:-1\" \/>\n<meta property=\"og:locale\" content=\"de_DE\" \/>\n<meta property=\"og:type\" content=\"article\" \/>\n<meta property=\"og:title\" content=\"Philosophie\" \/>\n<meta property=\"og:description\" content=\"Riwal arbeitet nach strikten ethischen Grunds\u00e4tzen, um das Wohl aller Mitarbeiter, Lieferanten und des eigenen Unternehmens zu sch\u00fctzen.\" \/>\n<meta property=\"og:url\" content=\"https:\/\/riwal-wpn.acceptatie.indicia-interactiv.nl\/de\/philosophie\/\" \/>\n<meta property=\"og:site_name\" content=\"Riwal - Deutschland\" \/>\n<meta property=\"article:modified_time\" content=\"2023-11-07T11:26:04+00:00\" \/>\n<meta name=\"twitter:card\" content=\"summary_large_image\" \/>\n<meta name=\"twitter:label1\" content=\"Gesch\u00e4tzte Lesezeit\" \/>\n\t<meta name=\"twitter:data1\" content=\"2\u00a0Minuten\" \/>\n<script type=\"application\/ld+json\" class=\"yoast-schema-graph\">{\"@context\":\"https:\/\/schema.org\",\"@graph\":[{\"@type\":\"WebPage\",\"@id\":\"https:\/\/riwal-wpn.acceptatie.indicia-interactiv.nl\/de\/philosophie\/\",\"url\":\"https:\/\/riwal-wpn.acceptatie.indicia-interactiv.nl\/de\/philosophie\/\",\"name\":\"Philosophie - Riwal - Deutschland\",\"isPartOf\":{\"@id\":\"https:\/\/riwal-wpn.acceptatie.indicia-interactiv.nl\/de\/#website\"},\"datePublished\":\"2023-11-07T11:00:06+00:00\",\"dateModified\":\"2023-11-07T11:26:04+00:00\",\"description\":\"Riwal arbeitet nach strikten ethischen Grunds\u00e4tzen, um das Wohl aller Mitarbeiter, Lieferanten und des eigenen Unternehmens zu sch\u00fctzen.\",\"breadcrumb\":{\"@id\":\"https:\/\/riwal-wpn.acceptatie.indicia-interactiv.nl\/de\/philosophie\/#breadcrumb\"},\"inLanguage\":\"de\",\"potentialAction\":[{\"@type\":\"ReadAction\",\"target\":[\"https:\/\/riwal-wpn.acceptatie.indicia-interactiv.nl\/de\/philosophie\/\"]}]},{\"@type\":\"BreadcrumbList\",\"@id\":\"https:\/\/riwal-wpn.acceptatie.indicia-interactiv.nl\/de\/philosophie\/#breadcrumb\",\"itemListElement\":[{\"@type\":\"ListItem\",\"position\":1,\"name\":\"Home\",\"item\":\"https:\/\/riwal-wpn.acceptatie.indicia-interactiv.nl\/de\/\"},{\"@type\":\"ListItem\",\"position\":2,\"name\":\"Philosophie\"}]},{\"@type\":\"WebSite\",\"@id\":\"https:\/\/riwal-wpn.acceptatie.indicia-interactiv.nl\/de\/#website\",\"url\":\"https:\/\/riwal-wpn.acceptatie.indicia-interactiv.nl\/de\/\",\"name\":\"Riwal\",\"description\":\"Arial work platform &amp; Telehandler Rental\/Sales\",\"publisher\":{\"@id\":\"https:\/\/riwal-wpn.acceptatie.indicia-interactiv.nl\/de\/#organization\"},\"potentialAction\":[{\"@type\":\"SearchAction\",\"target\":{\"@type\":\"EntryPoint\",\"urlTemplate\":\"https:\/\/riwal-wpn.acceptatie.indicia-interactiv.nl\/de\/?s={search_term_string}\"},\"query-input\":{\"@type\":\"PropertyValueSpecification\",\"valueRequired\":true,\"valueName\":\"search_term_string\"}}],\"inLanguage\":\"de\"},{\"@type\":\"Organization\",\"@id\":\"https:\/\/riwal-wpn.acceptatie.indicia-interactiv.nl\/de\/#organization\",\"name\":\"Riwal\",\"url\":\"https:\/\/riwal-wpn.acceptatie.indicia-interactiv.nl\/de\/\",\"logo\":{\"@type\":\"ImageObject\",\"inLanguage\":\"de\",\"@id\":\"https:\/\/riwal-wpn.acceptatie.indicia-interactiv.nl\/de\/#\/schema\/logo\/image\/\",\"url\":\"\",\"contentUrl\":\"\",\"caption\":\"Riwal\"},\"image\":{\"@id\":\"https:\/\/riwal-wpn.acceptatie.indicia-interactiv.nl\/de\/#\/schema\/logo\/image\/\"}}]}<\/script>\n<!-- \/ Yoast SEO Premium plugin. -->","yoast_head_json":{"title":"Philosophie - Riwal - Deutschland","description":"Riwal arbeitet nach strikten ethischen Grunds\u00e4tzen, um das Wohl aller Mitarbeiter, Lieferanten und des eigenen Unternehmens zu sch\u00fctzen.","robots":{"index":"noindex","follow":"follow","max-snippet":"max-snippet:-1","max-image-preview":"max-image-preview:large","max-video-preview":"max-video-preview:-1"},"og_locale":"de_DE","og_type":"article","og_title":"Philosophie","og_description":"Riwal arbeitet nach strikten ethischen Grunds\u00e4tzen, um das Wohl aller Mitarbeiter, Lieferanten und des eigenen Unternehmens zu sch\u00fctzen.","og_url":"https:\/\/riwal-wpn.acceptatie.indicia-interactiv.nl\/de\/philosophie\/","og_site_name":"Riwal - Deutschland","article_modified_time":"2023-11-07T11:26:04+00:00","twitter_card":"summary_large_image","twitter_misc":{"Gesch\u00e4tzte Lesezeit":"2\u00a0Minuten"},"schema":{"@context":"https:\/\/schema.org","@graph":[{"@type":"WebPage","@id":"https:\/\/riwal-wpn.acceptatie.indicia-interactiv.nl\/de\/philosophie\/","url":"https:\/\/riwal-wpn.acceptatie.indicia-interactiv.nl\/de\/philosophie\/","name":"Philosophie - Riwal - Deutschland","isPartOf":{"@id":"https:\/\/riwal-wpn.acceptatie.indicia-interactiv.nl\/de\/#website"},"datePublished":"2023-11-07T11:00:06+00:00","dateModified":"2023-11-07T11:26:04+00:00","description":"Riwal arbeitet nach strikten ethischen Grunds\u00e4tzen, um das Wohl aller Mitarbeiter, Lieferanten und des eigenen Unternehmens zu sch\u00fctzen.","breadcrumb":{"@id":"https:\/\/riwal-wpn.acceptatie.indicia-interactiv.nl\/de\/philosophie\/#breadcrumb"},"inLanguage":"de","potentialAction":[{"@type":"ReadAction","target":["https:\/\/riwal-wpn.acceptatie.indicia-interactiv.nl\/de\/philosophie\/"]}]},{"@type":"BreadcrumbList","@id":"https:\/\/riwal-wpn.acceptatie.indicia-interactiv.nl\/de\/philosophie\/#breadcrumb","itemListElement":[{"@type":"ListItem","position":1,"name":"Home","item":"https:\/\/riwal-wpn.acceptatie.indicia-interactiv.nl\/de\/"},{"@type":"ListItem","position":2,"name":"Philosophie"}]},{"@type":"WebSite","@id":"https:\/\/riwal-wpn.acceptatie.indicia-interactiv.nl\/de\/#website","url":"https:\/\/riwal-wpn.acceptatie.indicia-interactiv.nl\/de\/","name":"Riwal","description":"Arial work platform &amp; Telehandler Rental\/Sales","publisher":{"@id":"https:\/\/riwal-wpn.acceptatie.indicia-interactiv.nl\/de\/#organization"},"potentialAction":[{"@type":"SearchAction","target":{"@type":"EntryPoint","urlTemplate":"https:\/\/riwal-wpn.acceptatie.indicia-interactiv.nl\/de\/?s={search_term_string}"},"query-input":{"@type":"PropertyValueSpecification","valueRequired":true,"valueName":"search_term_string"}}],"inLanguage":"de"},{"@type":"Organization","@id":"https:\/\/riwal-wpn.acceptatie.indicia-interactiv.nl\/de\/#organization","name":"Riwal","url":"https:\/\/riwal-wpn.acceptatie.indicia-interactiv.nl\/de\/","logo":{"@type":"ImageObject","inLanguage":"de","@id":"https:\/\/riwal-wpn.acceptatie.indicia-interactiv.nl\/de\/#\/schema\/logo\/image\/","url":"","contentUrl":"","caption":"Riwal"},"image":{"@id":"https:\/\/riwal-wpn.acceptatie.indicia-interactiv.nl\/de\/#\/schema\/logo\/image\/"}}]}},"_links":{"self":[{"href":"https:\/\/riwal-wpn.acceptatie.indicia-interactiv.nl\/de\/wp-json\/wp\/v2\/pages\/4394","targetHints":{"allow":["GET"]}}],"collection":[{"href":"https:\/\/riwal-wpn.acceptatie.indicia-interactiv.nl\/de\/wp-json\/wp\/v2\/pages"}],"about":[{"href":"https:\/\/riwal-wpn.acceptatie.indicia-interactiv.nl\/de\/wp-json\/wp\/v2\/types\/page"}],"author":[{"embeddable":true,"href":"https:\/\/riwal-wpn.acceptatie.indicia-interactiv.nl\/de\/wp-json\/wp\/v2\/users\/15"}],"replies":[{"embeddable":true,"href":"https:\/\/riwal-wpn.acceptatie.indicia-interactiv.nl\/de\/wp-json\/wp\/v2\/comments?post=4394"}],"version-history":[{"count":7,"href":"https:\/\/riwal-wpn.acceptatie.indicia-interactiv.nl\/de\/wp-json\/wp\/v2\/pages\/4394\/revisions"}],"predecessor-version":[{"id":4408,"href":"https:\/\/riwal-wpn.acceptatie.indicia-interactiv.nl\/de\/wp-json\/wp\/v2\/pages\/4394\/revisions\/4408"}],"wp:attachment":[{"href":"https:\/\/riwal-wpn.acceptatie.indicia-interactiv.nl\/de\/wp-json\/wp\/v2\/media?parent=4394"}],"curies":[{"name":"wp","href":"https:\/\/api.w.org\/{rel}","templated":true}]}}