{"id":4412,"date":"2023-11-07T12:35:04","date_gmt":"2023-11-07T12:35:04","guid":{"rendered":"https:\/\/riwal-wpn.acceptatie.indicia-interactiv.nl\/de\/?page_id=4412"},"modified":"2024-02-06T08:38:41","modified_gmt":"2024-02-06T08:38:41","slug":"nachhaltigkeitsbericht","status":"publish","type":"page","link":"https:\/\/riwal-wpn.acceptatie.indicia-interactiv.nl\/de\/nachhaltigkeitsbericht\/","title":{"rendered":"Nachhaltigkeitsbericht"},"content":{"rendered":"<div class=\"rental-wp-default-block rental-theme-block-default-margin\">\n\t\t\t\t\t\t\t\t<div class=\"container\">\n<div class=\"wp-block-columns is-layout-flex wp-container-core-columns-is-layout-28f84493 wp-block-columns-is-layout-flex\">\n<div class=\"wp-block-column is-layout-flow wp-block-column-is-layout-flow\" style=\"flex-basis:33.33%\">\n<h2 class=\"wp-block-heading\" id=\"h-riwal-nachhaltigkeits-bericht\">Riwal Nachhaltigkeits-bericht<\/h2>\n<\/div>\n\n\n\n<div class=\"wp-block-column is-layout-flow wp-block-column-is-layout-flow\" style=\"flex-basis:66.66%\">\n<p>Durch die Einbeziehung sozialer, \u00f6kologischer und wirtschaftlicher Faktoren in unsere Betriebsabl\u00e4ufe und Entscheidungsprozesse haben wir die Nachhaltigkeit als integralen Bestandteil unserer Gesch\u00e4ftsf\u00e4higkeiten verinnerlicht. In unserem Nachhaltigkeitsbericht, der im Einklang mit der Global Reporting Initiative steht, k\u00f6nnen Sie alles \u00fcber unsere Bem\u00fchungen lesen, diese wichtigen Entwicklungen voranzutreiben.<\/p>\n\n\n\n<p>Worauf konzentrieren wir uns in unserer t\u00e4glichen Arbeit? Dies sind die wichtigsten Punkte:<\/p>\n<\/div>\n<\/div>\n<\/div>\n\t\t\t\t\t\t\t<\/div> \n\n<div class=\"rental-wp-default-block rental-theme-block-default-margin\">\n\t\t\t\t\t\t\t\t<div class=\"container\">\n<div class=\"wp-block-columns is-layout-flex wp-container-core-columns-is-layout-28f84493 wp-block-columns-is-layout-flex\">\n<div class=\"wp-block-column is-layout-flow wp-block-column-is-layout-flow\">\n<h2 class=\"wp-block-heading\" id=\"h-aktiver-un-teilnehmer\">Aktiver UN-Teilnehmer<\/h2>\n\n\n\n<p>Im Jahr 2023 wurde Riwal Teilnehmer des UN Global Compact. Unsere Ausrichtung auf die UN-Agenda 2030 bedeutet, dass wir einen bedeutenden Beitrag leisten k\u00f6nnen, indem wir uns auf 7 der 17 UN-Ziele f\u00fcr nachhaltige Entwicklung (Sustainable Development Goals, SGD) konzentrieren: Verbesserung des Abfallmanagements, der Gesundheit und des Wohlbefindens, Erweiterung der Wissensbasis in der Industrie, Steigerung der Wasser-, Energie- und Ressourceneffizienz sowie Erh\u00f6hung der Vielfalt und des Engagements unserer Mitarbeiter. Wir sind davon \u00fcberzeugt, dass wir durch den Austausch von Ideen und bew\u00e4hrten Verfahren und die F\u00f6rderung des Engagements der Riwal-L\u00e4nder unsere Ziele f\u00fcr 2030 erreichen und die Nachhaltigkeit in unserem Unternehmen verbessern k\u00f6nnen.<\/p>\n<\/div>\n\n\n\n<div class=\"wp-block-column is-layout-flow wp-block-column-is-layout-flow\">\n<h2 class=\"wp-block-heading\" id=\"h-wesentlichkeitsbewertung\">Wesentlichkeitsbewertung<\/h2>\n\n\n\n<p>Im Rahmen unseres systematischen Ansatzes f\u00fchren wir regelm\u00e4\u00dfig ein Materiality- oder Wesentlichkeitsprozess durch, der uns die M\u00f6glichkeit bietet, unsere Risiken und Chancen in den Bereichen Umwelt, Soziales und Unternehmensf\u00fchrung zu analysieren. Auf diese Weise k\u00f6nnen wir die potenziellen Auswirkungen unserer Gesch\u00e4ftst\u00e4tigkeiten ermitteln, regelm\u00e4\u00dfig \u00fcberpr\u00fcfen und unsere Ma\u00dfnahmen auf die f\u00fcr unsere Stakeholder wichtigsten und relevantesten Themen konzentrieren. Wir beobachten auch externe Trends und andere Branchen, um zu verstehen, wie wir unser Gesch\u00e4ft nachhaltig ausbauen und unsere Gesch\u00e4ftsstrategie bei Bedarf anpassen k\u00f6nnen.<\/p>\n<\/div>\n<\/div>\n<\/div>\n\t\t\t\t\t\t\t<\/div> \n\n<div class=\"rental-wp-default-block rental-theme-block-default-margin\">\n\t\t\t\t\t\t\t\t<div class=\"container\">\n<div class=\"wp-block-columns is-layout-flex wp-container-core-columns-is-layout-28f84493 wp-block-columns-is-layout-flex\">\n<div class=\"wp-block-column is-layout-flow wp-block-column-is-layout-flow\">\n<h2 class=\"wp-block-heading\" id=\"h-nachhaltige-beschaffung\">Nachhaltige Beschaffung<\/h2>\n\n\n\n<p>Nicht nur unsere eigenen Betriebsabl\u00e4ufe und Beschaffungsentscheidungen gestalten wir nachhaltiger, sondern wir ermutigen auch den Markt zu Innovationen und zur Bereitstellung nachhaltiger Produkte und Dienstleistungen. Unsere Lieferanten spielen eine sehr wichtige Rolle bei der Erreichung unserer Ziele. Wir erwarten von unseren derzeitigen und k\u00fcnftigen Partnern, dass sie die neuesten Compliance-Anforderungen einhalten und sich an \u00e4hnliche Werte wie wir halten, z. B. die F\u00f6rderung der Vielfalt in der Belegschaft und Investitionen in umweltfreundliche Technologien.<\/p>\n\n\n\n<div class=\"wp-block-rental-theme-downloads\">\n\t<h3 class='wp-block-rental-theme-downloads__title'>Nachhaltigkeitsbericht 2022 herunterladen<\/h3>\t\n\t<a href=\"https:\/\/riwal-wpn.acceptatie.indicia-interactiv.nl\/en\/download\/5092\/?tmstv=1699361381\" class=\"wp-block-rental-theme-download-item wp-block-rental-theme-download-item--link\">\n\t\t<div class=\"wp-block-rental-theme-download-item__row\">\n\t\t\t<div class=\"wp-block-rental-theme-download-item__left\">\n\t\t\t\t\t\t\t\t<div class=\"wp-block-rental-theme-download-item__title\">Riwal | Corporate Sustainability Report 2022<\/div>\n\t\t\t<\/div>\n\t\t\t<div class=\"wp-block-rental-theme-download-item__date\">16 Aug 2023<\/div>\n\t\t\t<div class=\"wp-block-rental-theme-download-item__type\">pdf<\/div>\n\t\t\t\t\t\t\t<div class=\"wp-block-rental-theme-download-item__size\">8.18 mb<\/div>\n\t\t\t\t\t\t<div>\n\t\t\t\t<svg width=\"18\" height=\"18\" viewBox=\"0 0 18 18\" fill=\"none\" xmlns=\"http:\/\/www.w3.org\/2000\/svg\"><path d=\"M18 15.546v-3.273a.857.857 0 0 0-.22-.579.72.72 0 0 0-.53-.24.72.72 0 0 0-.53.24.857.857 0 0 0-.22.579v3.273a.857.857 0 0 1-.22.578.72.72 0 0 1-.53.24H2.25a.72.72 0 0 1-.53-.24.857.857 0 0 1-.22-.578v-3.273a.857.857 0 0 0-.22-.579.72.72 0 0 0-.53-.24.72.72 0 0 0-.53.24.857.857 0 0 0-.22.579v3.273c0 .65.237 1.275.659 1.735.422.46.994.719 1.591.719h13.5a2.16 2.16 0 0 0 1.591-.719c.422-.46.659-1.085.659-1.735Zm-4.785-4.271-3.75 3.272a.712.712 0 0 1-.465.176.712.712 0 0 1-.465-.176l-3.75-3.273a.85.85 0 0 1-.233-.536.87.87 0 0 1 .16-.567.74.74 0 0 1 .471-.3.7.7 0 0 1 .532.127l2.535 2.21V.817c0-.217.079-.425.22-.578A.72.72 0 0 1 9 0a.72.72 0 0 1 .53.24c.141.153.22.361.22.578v11.39l2.535-2.21a.742.742 0 0 1 .263-.175.693.693 0 0 1 .602.046.768.768 0 0 1 .237.215.847.847 0 0 1 .138.3.893.893 0 0 1-.094.65.79.79 0 0 1-.216.24Z\" fill=\"#000\"\/><\/svg>\t\t\t<\/div>\n\t\t<\/div>\n\t<\/a>\n\n<\/div>\n<\/div>\n\n\n\n<div class=\"wp-block-column is-layout-flow wp-block-column-is-layout-flow\">\n<figure class=\"wp-block-image size-large\"><img decoding=\"async\" src=\"https:\/\/riwal-wpn.acceptatie.indicia-interactiv.nl\/app\/themes\/rental\/dist\/images\/patterns\/sustainability_report_1.webp\" alt=\"\" class=\"wp-image-1129\" \/><\/figure>\n<\/div>\n<\/div>\n<\/div>\n\t\t\t\t\t\t\t<\/div> ","protected":false},"excerpt":{"rendered":"<p>Riwal Nachhaltigkeits-bericht Durch die Einbeziehung sozialer, \u00f6kologischer und wirtschaftlicher Faktoren in unsere Betriebsabl\u00e4ufe und Entscheidungsprozesse haben wir die Nachhaltigkeit als integralen Bestandteil unserer Gesch\u00e4ftsf\u00e4higkeiten verinnerlicht. In unserem Nachhaltigkeitsbericht, der im Einklang mit der Global Reporting Initiative steht, k\u00f6nnen Sie alles \u00fcber unsere Bem\u00fchungen lesen, diese wichtigen Entwicklungen voranzutreiben. Worauf konzentrieren wir uns in unserer t\u00e4glichen &hellip; <a href=\"https:\/\/riwal-wpn.acceptatie.indicia-interactiv.nl\/de\/nachhaltigkeitsbericht\/\">Weiter<\/a><\/p>\n","protected":false},"author":15,"featured_media":0,"parent":0,"menu_order":0,"comment_status":"closed","ping_status":"closed","template":"","meta":{"_acf_changed":false,"editor_notices":[],"footnotes":""},"class_list":["post-4412","page","type-page","status-publish","hentry"],"acf":[],"yoast_head":"<!-- This site is optimized with the Yoast SEO Premium plugin v27.1 (Yoast SEO v27.1.1) - https:\/\/yoast.com\/product\/yoast-seo-premium-wordpress\/ -->\n<title>Nachhaltigkeitsbericht - Riwal - Deutschland<\/title>\n<meta name=\"description\" content=\"Im Riwal Nachhaltigkeitsbericht erfahren Sie alles \u00fcber unsere Ma\u00dfnahmen hinsichtlich sozialer, \u00f6kologischer und wirtschaftlicher Faktoren.\" \/>\n<meta name=\"robots\" content=\"noindex, follow, max-snippet:-1, max-image-preview:large, max-video-preview:-1\" \/>\n<meta property=\"og:locale\" content=\"de_DE\" \/>\n<meta property=\"og:type\" content=\"article\" \/>\n<meta property=\"og:title\" content=\"Nachhaltigkeitsbericht\" \/>\n<meta property=\"og:description\" content=\"Im Riwal Nachhaltigkeitsbericht erfahren Sie alles \u00fcber unsere Ma\u00dfnahmen hinsichtlich sozialer, \u00f6kologischer und wirtschaftlicher Faktoren.\" \/>\n<meta property=\"og:url\" content=\"https:\/\/riwal-wpn.acceptatie.indicia-interactiv.nl\/de\/nachhaltigkeitsbericht\/\" \/>\n<meta property=\"og:site_name\" content=\"Riwal - Deutschland\" \/>\n<meta property=\"article:modified_time\" content=\"2024-02-06T08:38:41+00:00\" \/>\n<meta property=\"og:image\" content=\"https:\/\/riwal-wpn.acceptatie.indicia-interactiv.nl\/app\/themes\/rental\/dist\/images\/patterns\/sustainability_report_1.webp\" \/>\n<meta name=\"twitter:card\" content=\"summary_large_image\" \/>\n<meta name=\"twitter:label1\" content=\"Gesch\u00e4tzte Lesezeit\" \/>\n\t<meta name=\"twitter:data1\" content=\"3\u00a0Minuten\" \/>\n<script type=\"application\/ld+json\" class=\"yoast-schema-graph\">{\"@context\":\"https:\/\/schema.org\",\"@graph\":[{\"@type\":\"WebPage\",\"@id\":\"https:\/\/riwal-wpn.acceptatie.indicia-interactiv.nl\/de\/nachhaltigkeitsbericht\/\",\"url\":\"https:\/\/riwal-wpn.acceptatie.indicia-interactiv.nl\/de\/nachhaltigkeitsbericht\/\",\"name\":\"Nachhaltigkeitsbericht - Riwal - Deutschland\",\"isPartOf\":{\"@id\":\"https:\/\/riwal-wpn.acceptatie.indicia-interactiv.nl\/de\/#website\"},\"primaryImageOfPage\":{\"@id\":\"https:\/\/riwal-wpn.acceptatie.indicia-interactiv.nl\/de\/nachhaltigkeitsbericht\/#primaryimage\"},\"image\":{\"@id\":\"https:\/\/riwal-wpn.acceptatie.indicia-interactiv.nl\/de\/nachhaltigkeitsbericht\/#primaryimage\"},\"thumbnailUrl\":\"https:\/\/riwal-wpn.acceptatie.indicia-interactiv.nl\/app\/themes\/rental\/dist\/images\/patterns\/sustainability_report_1.webp\",\"datePublished\":\"2023-11-07T12:35:04+00:00\",\"dateModified\":\"2024-02-06T08:38:41+00:00\",\"description\":\"Im Riwal Nachhaltigkeitsbericht erfahren Sie alles \u00fcber unsere Ma\u00dfnahmen hinsichtlich sozialer, \u00f6kologischer und wirtschaftlicher Faktoren.\",\"breadcrumb\":{\"@id\":\"https:\/\/riwal-wpn.acceptatie.indicia-interactiv.nl\/de\/nachhaltigkeitsbericht\/#breadcrumb\"},\"inLanguage\":\"de\",\"potentialAction\":[{\"@type\":\"ReadAction\",\"target\":[\"https:\/\/riwal-wpn.acceptatie.indicia-interactiv.nl\/de\/nachhaltigkeitsbericht\/\"]}]},{\"@type\":\"ImageObject\",\"inLanguage\":\"de\",\"@id\":\"https:\/\/riwal-wpn.acceptatie.indicia-interactiv.nl\/de\/nachhaltigkeitsbericht\/#primaryimage\",\"url\":\"https:\/\/riwal-wpn.acceptatie.indicia-interactiv.nl\/app\/themes\/rental\/dist\/images\/patterns\/sustainability_report_1.webp\",\"contentUrl\":\"https:\/\/riwal-wpn.acceptatie.indicia-interactiv.nl\/app\/themes\/rental\/dist\/images\/patterns\/sustainability_report_1.webp\"},{\"@type\":\"BreadcrumbList\",\"@id\":\"https:\/\/riwal-wpn.acceptatie.indicia-interactiv.nl\/de\/nachhaltigkeitsbericht\/#breadcrumb\",\"itemListElement\":[{\"@type\":\"ListItem\",\"position\":1,\"name\":\"Home\",\"item\":\"https:\/\/riwal-wpn.acceptatie.indicia-interactiv.nl\/de\/\"},{\"@type\":\"ListItem\",\"position\":2,\"name\":\"Nachhaltigkeitsbericht\"}]},{\"@type\":\"WebSite\",\"@id\":\"https:\/\/riwal-wpn.acceptatie.indicia-interactiv.nl\/de\/#website\",\"url\":\"https:\/\/riwal-wpn.acceptatie.indicia-interactiv.nl\/de\/\",\"name\":\"Riwal\",\"description\":\"Arial work platform &amp; Telehandler Rental\/Sales\",\"publisher\":{\"@id\":\"https:\/\/riwal-wpn.acceptatie.indicia-interactiv.nl\/de\/#organization\"},\"potentialAction\":[{\"@type\":\"SearchAction\",\"target\":{\"@type\":\"EntryPoint\",\"urlTemplate\":\"https:\/\/riwal-wpn.acceptatie.indicia-interactiv.nl\/de\/?s={search_term_string}\"},\"query-input\":{\"@type\":\"PropertyValueSpecification\",\"valueRequired\":true,\"valueName\":\"search_term_string\"}}],\"inLanguage\":\"de\"},{\"@type\":\"Organization\",\"@id\":\"https:\/\/riwal-wpn.acceptatie.indicia-interactiv.nl\/de\/#organization\",\"name\":\"Riwal\",\"url\":\"https:\/\/riwal-wpn.acceptatie.indicia-interactiv.nl\/de\/\",\"logo\":{\"@type\":\"ImageObject\",\"inLanguage\":\"de\",\"@id\":\"https:\/\/riwal-wpn.acceptatie.indicia-interactiv.nl\/de\/#\/schema\/logo\/image\/\",\"url\":\"\",\"contentUrl\":\"\",\"caption\":\"Riwal\"},\"image\":{\"@id\":\"https:\/\/riwal-wpn.acceptatie.indicia-interactiv.nl\/de\/#\/schema\/logo\/image\/\"}}]}<\/script>\n<!-- \/ Yoast SEO Premium plugin. -->","yoast_head_json":{"title":"Nachhaltigkeitsbericht - Riwal - Deutschland","description":"Im Riwal Nachhaltigkeitsbericht erfahren Sie alles \u00fcber unsere Ma\u00dfnahmen hinsichtlich sozialer, \u00f6kologischer und wirtschaftlicher Faktoren.","robots":{"index":"noindex","follow":"follow","max-snippet":"max-snippet:-1","max-image-preview":"max-image-preview:large","max-video-preview":"max-video-preview:-1"},"og_locale":"de_DE","og_type":"article","og_title":"Nachhaltigkeitsbericht","og_description":"Im Riwal Nachhaltigkeitsbericht erfahren Sie alles \u00fcber unsere Ma\u00dfnahmen hinsichtlich sozialer, \u00f6kologischer und wirtschaftlicher Faktoren.","og_url":"https:\/\/riwal-wpn.acceptatie.indicia-interactiv.nl\/de\/nachhaltigkeitsbericht\/","og_site_name":"Riwal - Deutschland","article_modified_time":"2024-02-06T08:38:41+00:00","og_image":[{"url":"https:\/\/riwal-wpn.acceptatie.indicia-interactiv.nl\/app\/themes\/rental\/dist\/images\/patterns\/sustainability_report_1.webp","type":"","width":"","height":""}],"twitter_card":"summary_large_image","twitter_misc":{"Gesch\u00e4tzte Lesezeit":"3\u00a0Minuten"},"schema":{"@context":"https:\/\/schema.org","@graph":[{"@type":"WebPage","@id":"https:\/\/riwal-wpn.acceptatie.indicia-interactiv.nl\/de\/nachhaltigkeitsbericht\/","url":"https:\/\/riwal-wpn.acceptatie.indicia-interactiv.nl\/de\/nachhaltigkeitsbericht\/","name":"Nachhaltigkeitsbericht - Riwal - Deutschland","isPartOf":{"@id":"https:\/\/riwal-wpn.acceptatie.indicia-interactiv.nl\/de\/#website"},"primaryImageOfPage":{"@id":"https:\/\/riwal-wpn.acceptatie.indicia-interactiv.nl\/de\/nachhaltigkeitsbericht\/#primaryimage"},"image":{"@id":"https:\/\/riwal-wpn.acceptatie.indicia-interactiv.nl\/de\/nachhaltigkeitsbericht\/#primaryimage"},"thumbnailUrl":"https:\/\/riwal-wpn.acceptatie.indicia-interactiv.nl\/app\/themes\/rental\/dist\/images\/patterns\/sustainability_report_1.webp","datePublished":"2023-11-07T12:35:04+00:00","dateModified":"2024-02-06T08:38:41+00:00","description":"Im Riwal Nachhaltigkeitsbericht erfahren Sie alles \u00fcber unsere Ma\u00dfnahmen hinsichtlich sozialer, \u00f6kologischer und wirtschaftlicher Faktoren.","breadcrumb":{"@id":"https:\/\/riwal-wpn.acceptatie.indicia-interactiv.nl\/de\/nachhaltigkeitsbericht\/#breadcrumb"},"inLanguage":"de","potentialAction":[{"@type":"ReadAction","target":["https:\/\/riwal-wpn.acceptatie.indicia-interactiv.nl\/de\/nachhaltigkeitsbericht\/"]}]},{"@type":"ImageObject","inLanguage":"de","@id":"https:\/\/riwal-wpn.acceptatie.indicia-interactiv.nl\/de\/nachhaltigkeitsbericht\/#primaryimage","url":"https:\/\/riwal-wpn.acceptatie.indicia-interactiv.nl\/app\/themes\/rental\/dist\/images\/patterns\/sustainability_report_1.webp","contentUrl":"https:\/\/riwal-wpn.acceptatie.indicia-interactiv.nl\/app\/themes\/rental\/dist\/images\/patterns\/sustainability_report_1.webp"},{"@type":"BreadcrumbList","@id":"https:\/\/riwal-wpn.acceptatie.indicia-interactiv.nl\/de\/nachhaltigkeitsbericht\/#breadcrumb","itemListElement":[{"@type":"ListItem","position":1,"name":"Home","item":"https:\/\/riwal-wpn.acceptatie.indicia-interactiv.nl\/de\/"},{"@type":"ListItem","position":2,"name":"Nachhaltigkeitsbericht"}]},{"@type":"WebSite","@id":"https:\/\/riwal-wpn.acceptatie.indicia-interactiv.nl\/de\/#website","url":"https:\/\/riwal-wpn.acceptatie.indicia-interactiv.nl\/de\/","name":"Riwal","description":"Arial work platform &amp; Telehandler Rental\/Sales","publisher":{"@id":"https:\/\/riwal-wpn.acceptatie.indicia-interactiv.nl\/de\/#organization"},"potentialAction":[{"@type":"SearchAction","target":{"@type":"EntryPoint","urlTemplate":"https:\/\/riwal-wpn.acceptatie.indicia-interactiv.nl\/de\/?s={search_term_string}"},"query-input":{"@type":"PropertyValueSpecification","valueRequired":true,"valueName":"search_term_string"}}],"inLanguage":"de"},{"@type":"Organization","@id":"https:\/\/riwal-wpn.acceptatie.indicia-interactiv.nl\/de\/#organization","name":"Riwal","url":"https:\/\/riwal-wpn.acceptatie.indicia-interactiv.nl\/de\/","logo":{"@type":"ImageObject","inLanguage":"de","@id":"https:\/\/riwal-wpn.acceptatie.indicia-interactiv.nl\/de\/#\/schema\/logo\/image\/","url":"","contentUrl":"","caption":"Riwal"},"image":{"@id":"https:\/\/riwal-wpn.acceptatie.indicia-interactiv.nl\/de\/#\/schema\/logo\/image\/"}}]}},"_links":{"self":[{"href":"https:\/\/riwal-wpn.acceptatie.indicia-interactiv.nl\/de\/wp-json\/wp\/v2\/pages\/4412","targetHints":{"allow":["GET"]}}],"collection":[{"href":"https:\/\/riwal-wpn.acceptatie.indicia-interactiv.nl\/de\/wp-json\/wp\/v2\/pages"}],"about":[{"href":"https:\/\/riwal-wpn.acceptatie.indicia-interactiv.nl\/de\/wp-json\/wp\/v2\/types\/page"}],"author":[{"embeddable":true,"href":"https:\/\/riwal-wpn.acceptatie.indicia-interactiv.nl\/de\/wp-json\/wp\/v2\/users\/15"}],"replies":[{"embeddable":true,"href":"https:\/\/riwal-wpn.acceptatie.indicia-interactiv.nl\/de\/wp-json\/wp\/v2\/comments?post=4412"}],"version-history":[{"count":4,"href":"https:\/\/riwal-wpn.acceptatie.indicia-interactiv.nl\/de\/wp-json\/wp\/v2\/pages\/4412\/revisions"}],"predecessor-version":[{"id":8642,"href":"https:\/\/riwal-wpn.acceptatie.indicia-interactiv.nl\/de\/wp-json\/wp\/v2\/pages\/4412\/revisions\/8642"}],"wp:attachment":[{"href":"https:\/\/riwal-wpn.acceptatie.indicia-interactiv.nl\/de\/wp-json\/wp\/v2\/media?parent=4412"}],"curies":[{"name":"wp","href":"https:\/\/api.w.org\/{rel}","templated":true}]}}