{"id":4457,"date":"2023-11-07T15:54:02","date_gmt":"2023-11-07T15:54:02","guid":{"rendered":"https:\/\/riwal-wpn.acceptatie.indicia-interactiv.nl\/de\/?page_id=4457"},"modified":"2023-11-08T17:06:24","modified_gmt":"2023-11-08T17:06:24","slug":"service","status":"publish","type":"page","link":"https:\/\/riwal-wpn.acceptatie.indicia-interactiv.nl\/de\/service\/","title":{"rendered":"Service"},"content":{"rendered":"<div class=\"rental-wp-default-block rental-theme-block-default-margin\">\n\t\t\t\t\t\t\t\t<div class=\"container\">\n<div class=\"wp-block-columns is-layout-flex wp-container-core-columns-is-layout-28f84493 wp-block-columns-is-layout-flex\">\n<div class=\"wp-block-column is-layout-flow wp-block-column-is-layout-flow\" style=\"flex-basis:66.66%\">\n<h1 class=\"wp-block-heading\" id=\"h-ein-service-auf-den-sie-sich-verlassen-konnen\">Ein Service,<br>auf den Sie sich verlassen k\u00f6nnen.<\/h1>\n<\/div>\n\n\n\n<div class=\"wp-block-column is-layout-flow wp-block-column-is-layout-flow\" style=\"flex-basis:33.33%\">\n<p class=\"has-medium-font-size\">Wir von Riwal wollen auch auf lange Sicht Ihr zuverl\u00e4ssiger Partner rund um die H\u00f6henzugangstechnik sein. Daher handeln wir stets nach folgenden Grunds\u00e4tzen:<\/p>\n<\/div>\n<\/div>\n<\/div>\n\t\t\t\t\t\t\t<\/div> \n\n<div class=\"rental-wp-default-block rental-theme-block-default-margin\">\n\t\t\t\t\t\t\t\t<div class=\"container\">\n<div class=\"wp-block-columns is-layout-flex wp-container-core-columns-is-layout-28f84493 wp-block-columns-is-layout-flex\">\n<div class=\"wp-block-column is-layout-flow wp-block-column-is-layout-flow\">\n<h2 class=\"wp-block-heading\" id=\"h-wir-halten-unsere-versprechen\">Wir halten unsere Versprechen<\/h2>\n\n\n\n<p>Unser umfassendes Wissen und unsere Erfahrung machen uns zu Ihrem bevorzugten Lieferanten und Wissenspartner f\u00fcr Arbeitsb\u00fchnen. Wir wissen genau, wovon wir sprechen, und wir unterst\u00fctzen unsere Kunden mit Leidenschaft: Wir halten, was wir Ihnen versprechen. Jedes Mal aufs Neue.<\/p>\n\n\n\n<p><\/p>\n\n\n\n<h2 class=\"wp-block-heading\">Wir finden L\u00f6sungen<\/h2>\n\n\n\n<p>Riwal ist bekannt f\u00fcr seine umfassende <a href=\"https:\/\/riwal-wpn.acceptatie.indicia-interactiv.nl\/de\/ueber-riwal\/\">weltweite Flotte renommierter Marken<\/a>. Aber das ist noch nicht alles. Unsere Branchenexperten teilen gerne ihr Wissen \u00fcber Sicherheit, Nachhaltigkeit und Effizienz. Auf diese Weise finden wir f\u00fcr Sie genau die L\u00f6sung, die Sie f\u00fcr Ihr Projekt ben\u00f6tigen.<br><\/p>\n<\/div>\n\n\n\n<div class=\"wp-block-column is-layout-flow wp-block-column-is-layout-flow\">\n<figure class=\"wp-block-image size-large\"><img decoding=\"async\" src=\"https:\/\/riwal-wpn.acceptatie.indicia-interactiv.nl\/app\/themes\/rental\/dist\/images\/patterns\/about_riwal_our_beliefs_1.webp\" alt=\"\" class=\"wp-image-1222\" \/><\/figure>\n<\/div>\n<\/div>\n<\/div>\n\t\t\t\t\t\t\t<\/div> \n\n<div class=\"rental-wp-default-block rental-theme-block-default-margin\">\n\t\t\t\t\t\t\t\t<div class=\"container\">\n<div class=\"wp-block-columns is-layout-flex wp-container-core-columns-is-layout-28f84493 wp-block-columns-is-layout-flex\">\n<div class=\"wp-block-column is-layout-flow wp-block-column-is-layout-flow\">\n<h2 class=\"wp-block-heading\" id=\"h-wir-schaffen-werte\">Wir schaffen Werte<\/h2>\n\n\n\n<p>Es ist keine Raketenwissenschaft, eine Maschine zu liefern. Was uns von anderen unterscheidet, ist die Schaffung von Mehrwert: Unser Fachwissen macht den gro\u00dfen Unterschied. Der Wert eines pers\u00f6nlichen Kontakts, ein neuer Blickwinkel auf Ihre Herausforderungen, eine L\u00f6sung, die Sie vielleicht nicht in Betracht gezogen haben\u2026 Riwal zeigt Ihnen, was alles m\u00f6glich ist.<\/p>\n<\/div>\n\n\n\n<div class=\"wp-block-column is-layout-flow wp-block-column-is-layout-flow\">\n<h2 class=\"wp-block-heading\" id=\"h-wie-halten-es-einfach\">Wie halten es einfach<\/h2>\n\n\n\n<p>Mit Riwal als Partner k\u00f6nnen Sie es sich einfach machen. Denn wir m\u00f6chten die Dinge einfach halten. Dazu geh\u00f6ren pers\u00f6nlicher Kontakt, digitale Bestellung, Online-\u00dcberpr\u00fcfung der Ger\u00e4teverf\u00fcgbarkeit, Nachverfolgung Ihrer Maschinen \u00fcber unsere Kunden-App und Ausmietung von Mietger\u00e4ten mit einem einfachen Klick \u00fcber das <a href=\"https:\/\/riwal-wpn.acceptatie.indicia-interactiv.nl\/de\/my-riwal\/\">My Riwal-Kundenportal<\/a>, wenn der Auftrag erledigt ist.<\/p>\n<\/div>\n<\/div>\n<\/div>\n\t\t\t\t\t\t\t<\/div> \n\n<div class=\"rental-wp-default-block rental-theme-block-default-margin\">\n\t\t\t\t\t\t\t\t<div class=\"container\">\n<div class=\"wp-block-columns is-layout-flex wp-container-core-columns-is-layout-28f84493 wp-block-columns-is-layout-flex\">\n<div class=\"wp-block-column is-layout-flow wp-block-column-is-layout-flow\">\n<p><\/p>\n\n\n\n<h2 class=\"wp-block-heading\" id=\"h-wir-wollen-jeden-tag-etwas-besser-werden\">Wir wollen jeden Tag etwas besser werden<\/h2>\n\n\n\n<p>Es reicht nicht aus, nur gut zu sein: Wir wollen in jeder Hinsicht die Besten sein. Unser Fuhrpark, unser Kundendienst, unsere Werkzeuge\u2026 In jedem Teil unseres Unternehmens und in jedem Aspekt unseres Tagesgesch\u00e4fts streben wir nach kontinuierlicher Verbesserung. Durch die Entwicklung intelligenter L\u00f6sungen unter dem Dach von <a href=\"https:\/\/riwal-wpn.acceptatie.indicia-interactiv.nl\/de\/the-riwal-way\/\">The Riwal Way<\/a> heben wir die Prozesse unserer Kunden auf ein neues Level und regen mit unserem Ideenreichtum den Markt zu noch mehr Innovationen an.<\/p>\n<\/div>\n<\/div>\n<\/div>\n\t\t\t\t\t\t\t<\/div> ","protected":false},"excerpt":{"rendered":"<p>Ein Service,auf den Sie sich verlassen k\u00f6nnen. Wir von Riwal wollen auch auf lange Sicht Ihr zuverl\u00e4ssiger Partner rund um die H\u00f6henzugangstechnik sein. Daher handeln wir stets nach folgenden Grunds\u00e4tzen: Wir halten unsere Versprechen Unser umfassendes Wissen und unsere Erfahrung machen uns zu Ihrem bevorzugten Lieferanten und Wissenspartner f\u00fcr Arbeitsb\u00fchnen. Wir wissen genau, wovon wir &hellip; <a href=\"https:\/\/riwal-wpn.acceptatie.indicia-interactiv.nl\/de\/service\/\">Weiter<\/a><\/p>\n","protected":false},"author":15,"featured_media":0,"parent":0,"menu_order":0,"comment_status":"closed","ping_status":"closed","template":"","meta":{"_acf_changed":false,"editor_notices":[],"footnotes":""},"class_list":["post-4457","page","type-page","status-publish","hentry"],"acf":[],"yoast_head":"<!-- This site is optimized with the Yoast SEO Premium plugin v27.1 (Yoast SEO v27.1.1) - https:\/\/yoast.com\/product\/yoast-seo-premium-wordpress\/ -->\n<title>Service bei Riwal<\/title>\n<meta name=\"description\" content=\"Wir von Riwal wollen auf auch auf lange Sicht Ihr zuverl\u00e4ssiger Partner ein. Daher folgen wir bestimmten Grunds\u00e4tzen:\" \/>\n<meta name=\"robots\" content=\"noindex, follow, max-snippet:-1, max-image-preview:large, max-video-preview:-1\" \/>\n<meta property=\"og:locale\" content=\"de_DE\" \/>\n<meta property=\"og:type\" content=\"article\" \/>\n<meta property=\"og:title\" content=\"Service\" \/>\n<meta property=\"og:description\" content=\"Wir von Riwal wollen auf auch auf lange Sicht Ihr zuverl\u00e4ssiger Partner ein. Daher folgen wir bestimmten Grunds\u00e4tzen:\" \/>\n<meta property=\"og:url\" content=\"https:\/\/riwal-wpn.acceptatie.indicia-interactiv.nl\/de\/service\/\" \/>\n<meta property=\"og:site_name\" content=\"Riwal - Deutschland\" \/>\n<meta property=\"article:modified_time\" content=\"2023-11-08T17:06:24+00:00\" \/>\n<meta property=\"og:image\" content=\"https:\/\/riwal-wpn.acceptatie.indicia-interactiv.nl\/app\/themes\/rental\/dist\/images\/patterns\/about_riwal_our_beliefs_1.webp\" \/>\n<meta name=\"twitter:card\" content=\"summary_large_image\" \/>\n<meta name=\"twitter:label1\" content=\"Gesch\u00e4tzte Lesezeit\" \/>\n\t<meta name=\"twitter:data1\" content=\"2\u00a0Minuten\" \/>\n<script type=\"application\/ld+json\" class=\"yoast-schema-graph\">{\"@context\":\"https:\/\/schema.org\",\"@graph\":[{\"@type\":\"WebPage\",\"@id\":\"https:\/\/riwal-wpn.acceptatie.indicia-interactiv.nl\/de\/service\/\",\"url\":\"https:\/\/riwal-wpn.acceptatie.indicia-interactiv.nl\/de\/service\/\",\"name\":\"Service bei Riwal\",\"isPartOf\":{\"@id\":\"https:\/\/riwal-wpn.acceptatie.indicia-interactiv.nl\/de\/#website\"},\"primaryImageOfPage\":{\"@id\":\"https:\/\/riwal-wpn.acceptatie.indicia-interactiv.nl\/de\/service\/#primaryimage\"},\"image\":{\"@id\":\"https:\/\/riwal-wpn.acceptatie.indicia-interactiv.nl\/de\/service\/#primaryimage\"},\"thumbnailUrl\":\"https:\/\/riwal-wpn.acceptatie.indicia-interactiv.nl\/app\/themes\/rental\/dist\/images\/patterns\/about_riwal_our_beliefs_1.webp\",\"datePublished\":\"2023-11-07T15:54:02+00:00\",\"dateModified\":\"2023-11-08T17:06:24+00:00\",\"description\":\"Wir von Riwal wollen auf auch auf lange Sicht Ihr zuverl\u00e4ssiger Partner ein. Daher folgen wir bestimmten Grunds\u00e4tzen:\",\"breadcrumb\":{\"@id\":\"https:\/\/riwal-wpn.acceptatie.indicia-interactiv.nl\/de\/service\/#breadcrumb\"},\"inLanguage\":\"de\",\"potentialAction\":[{\"@type\":\"ReadAction\",\"target\":[\"https:\/\/riwal-wpn.acceptatie.indicia-interactiv.nl\/de\/service\/\"]}]},{\"@type\":\"ImageObject\",\"inLanguage\":\"de\",\"@id\":\"https:\/\/riwal-wpn.acceptatie.indicia-interactiv.nl\/de\/service\/#primaryimage\",\"url\":\"https:\/\/riwal-wpn.acceptatie.indicia-interactiv.nl\/app\/themes\/rental\/dist\/images\/patterns\/about_riwal_our_beliefs_1.webp\",\"contentUrl\":\"https:\/\/riwal-wpn.acceptatie.indicia-interactiv.nl\/app\/themes\/rental\/dist\/images\/patterns\/about_riwal_our_beliefs_1.webp\"},{\"@type\":\"BreadcrumbList\",\"@id\":\"https:\/\/riwal-wpn.acceptatie.indicia-interactiv.nl\/de\/service\/#breadcrumb\",\"itemListElement\":[{\"@type\":\"ListItem\",\"position\":1,\"name\":\"Home\",\"item\":\"https:\/\/riwal-wpn.acceptatie.indicia-interactiv.nl\/de\/\"},{\"@type\":\"ListItem\",\"position\":2,\"name\":\"Service\"}]},{\"@type\":\"WebSite\",\"@id\":\"https:\/\/riwal-wpn.acceptatie.indicia-interactiv.nl\/de\/#website\",\"url\":\"https:\/\/riwal-wpn.acceptatie.indicia-interactiv.nl\/de\/\",\"name\":\"Riwal\",\"description\":\"Arial work platform &amp; Telehandler Rental\/Sales\",\"publisher\":{\"@id\":\"https:\/\/riwal-wpn.acceptatie.indicia-interactiv.nl\/de\/#organization\"},\"potentialAction\":[{\"@type\":\"SearchAction\",\"target\":{\"@type\":\"EntryPoint\",\"urlTemplate\":\"https:\/\/riwal-wpn.acceptatie.indicia-interactiv.nl\/de\/?s={search_term_string}\"},\"query-input\":{\"@type\":\"PropertyValueSpecification\",\"valueRequired\":true,\"valueName\":\"search_term_string\"}}],\"inLanguage\":\"de\"},{\"@type\":\"Organization\",\"@id\":\"https:\/\/riwal-wpn.acceptatie.indicia-interactiv.nl\/de\/#organization\",\"name\":\"Riwal\",\"url\":\"https:\/\/riwal-wpn.acceptatie.indicia-interactiv.nl\/de\/\",\"logo\":{\"@type\":\"ImageObject\",\"inLanguage\":\"de\",\"@id\":\"https:\/\/riwal-wpn.acceptatie.indicia-interactiv.nl\/de\/#\/schema\/logo\/image\/\",\"url\":\"\",\"contentUrl\":\"\",\"caption\":\"Riwal\"},\"image\":{\"@id\":\"https:\/\/riwal-wpn.acceptatie.indicia-interactiv.nl\/de\/#\/schema\/logo\/image\/\"}}]}<\/script>\n<!-- \/ Yoast SEO Premium plugin. -->","yoast_head_json":{"title":"Service bei Riwal","description":"Wir von Riwal wollen auf auch auf lange Sicht Ihr zuverl\u00e4ssiger Partner ein. Daher folgen wir bestimmten Grunds\u00e4tzen:","robots":{"index":"noindex","follow":"follow","max-snippet":"max-snippet:-1","max-image-preview":"max-image-preview:large","max-video-preview":"max-video-preview:-1"},"og_locale":"de_DE","og_type":"article","og_title":"Service","og_description":"Wir von Riwal wollen auf auch auf lange Sicht Ihr zuverl\u00e4ssiger Partner ein. Daher folgen wir bestimmten Grunds\u00e4tzen:","og_url":"https:\/\/riwal-wpn.acceptatie.indicia-interactiv.nl\/de\/service\/","og_site_name":"Riwal - Deutschland","article_modified_time":"2023-11-08T17:06:24+00:00","og_image":[{"url":"https:\/\/riwal-wpn.acceptatie.indicia-interactiv.nl\/app\/themes\/rental\/dist\/images\/patterns\/about_riwal_our_beliefs_1.webp","type":"","width":"","height":""}],"twitter_card":"summary_large_image","twitter_misc":{"Gesch\u00e4tzte Lesezeit":"2\u00a0Minuten"},"schema":{"@context":"https:\/\/schema.org","@graph":[{"@type":"WebPage","@id":"https:\/\/riwal-wpn.acceptatie.indicia-interactiv.nl\/de\/service\/","url":"https:\/\/riwal-wpn.acceptatie.indicia-interactiv.nl\/de\/service\/","name":"Service bei Riwal","isPartOf":{"@id":"https:\/\/riwal-wpn.acceptatie.indicia-interactiv.nl\/de\/#website"},"primaryImageOfPage":{"@id":"https:\/\/riwal-wpn.acceptatie.indicia-interactiv.nl\/de\/service\/#primaryimage"},"image":{"@id":"https:\/\/riwal-wpn.acceptatie.indicia-interactiv.nl\/de\/service\/#primaryimage"},"thumbnailUrl":"https:\/\/riwal-wpn.acceptatie.indicia-interactiv.nl\/app\/themes\/rental\/dist\/images\/patterns\/about_riwal_our_beliefs_1.webp","datePublished":"2023-11-07T15:54:02+00:00","dateModified":"2023-11-08T17:06:24+00:00","description":"Wir von Riwal wollen auf auch auf lange Sicht Ihr zuverl\u00e4ssiger Partner ein. Daher folgen wir bestimmten Grunds\u00e4tzen:","breadcrumb":{"@id":"https:\/\/riwal-wpn.acceptatie.indicia-interactiv.nl\/de\/service\/#breadcrumb"},"inLanguage":"de","potentialAction":[{"@type":"ReadAction","target":["https:\/\/riwal-wpn.acceptatie.indicia-interactiv.nl\/de\/service\/"]}]},{"@type":"ImageObject","inLanguage":"de","@id":"https:\/\/riwal-wpn.acceptatie.indicia-interactiv.nl\/de\/service\/#primaryimage","url":"https:\/\/riwal-wpn.acceptatie.indicia-interactiv.nl\/app\/themes\/rental\/dist\/images\/patterns\/about_riwal_our_beliefs_1.webp","contentUrl":"https:\/\/riwal-wpn.acceptatie.indicia-interactiv.nl\/app\/themes\/rental\/dist\/images\/patterns\/about_riwal_our_beliefs_1.webp"},{"@type":"BreadcrumbList","@id":"https:\/\/riwal-wpn.acceptatie.indicia-interactiv.nl\/de\/service\/#breadcrumb","itemListElement":[{"@type":"ListItem","position":1,"name":"Home","item":"https:\/\/riwal-wpn.acceptatie.indicia-interactiv.nl\/de\/"},{"@type":"ListItem","position":2,"name":"Service"}]},{"@type":"WebSite","@id":"https:\/\/riwal-wpn.acceptatie.indicia-interactiv.nl\/de\/#website","url":"https:\/\/riwal-wpn.acceptatie.indicia-interactiv.nl\/de\/","name":"Riwal","description":"Arial work platform &amp; Telehandler Rental\/Sales","publisher":{"@id":"https:\/\/riwal-wpn.acceptatie.indicia-interactiv.nl\/de\/#organization"},"potentialAction":[{"@type":"SearchAction","target":{"@type":"EntryPoint","urlTemplate":"https:\/\/riwal-wpn.acceptatie.indicia-interactiv.nl\/de\/?s={search_term_string}"},"query-input":{"@type":"PropertyValueSpecification","valueRequired":true,"valueName":"search_term_string"}}],"inLanguage":"de"},{"@type":"Organization","@id":"https:\/\/riwal-wpn.acceptatie.indicia-interactiv.nl\/de\/#organization","name":"Riwal","url":"https:\/\/riwal-wpn.acceptatie.indicia-interactiv.nl\/de\/","logo":{"@type":"ImageObject","inLanguage":"de","@id":"https:\/\/riwal-wpn.acceptatie.indicia-interactiv.nl\/de\/#\/schema\/logo\/image\/","url":"","contentUrl":"","caption":"Riwal"},"image":{"@id":"https:\/\/riwal-wpn.acceptatie.indicia-interactiv.nl\/de\/#\/schema\/logo\/image\/"}}]}},"_links":{"self":[{"href":"https:\/\/riwal-wpn.acceptatie.indicia-interactiv.nl\/de\/wp-json\/wp\/v2\/pages\/4457","targetHints":{"allow":["GET"]}}],"collection":[{"href":"https:\/\/riwal-wpn.acceptatie.indicia-interactiv.nl\/de\/wp-json\/wp\/v2\/pages"}],"about":[{"href":"https:\/\/riwal-wpn.acceptatie.indicia-interactiv.nl\/de\/wp-json\/wp\/v2\/types\/page"}],"author":[{"embeddable":true,"href":"https:\/\/riwal-wpn.acceptatie.indicia-interactiv.nl\/de\/wp-json\/wp\/v2\/users\/15"}],"replies":[{"embeddable":true,"href":"https:\/\/riwal-wpn.acceptatie.indicia-interactiv.nl\/de\/wp-json\/wp\/v2\/comments?post=4457"}],"version-history":[{"count":7,"href":"https:\/\/riwal-wpn.acceptatie.indicia-interactiv.nl\/de\/wp-json\/wp\/v2\/pages\/4457\/revisions"}],"predecessor-version":[{"id":4538,"href":"https:\/\/riwal-wpn.acceptatie.indicia-interactiv.nl\/de\/wp-json\/wp\/v2\/pages\/4457\/revisions\/4538"}],"wp:attachment":[{"href":"https:\/\/riwal-wpn.acceptatie.indicia-interactiv.nl\/de\/wp-json\/wp\/v2\/media?parent=4457"}],"curies":[{"name":"wp","href":"https:\/\/api.w.org\/{rel}","templated":true}]}}