{"id":4570,"date":"2024-01-08T12:45:45","date_gmt":"2024-01-08T12:45:45","guid":{"rendered":"https:\/\/riwal-wpn.acceptatie.indicia-interactiv.nl\/de\/?page_id=4570"},"modified":"2024-01-08T12:58:14","modified_gmt":"2024-01-08T12:58:14","slug":"galabau","status":"publish","type":"page","link":"https:\/\/riwal-wpn.acceptatie.indicia-interactiv.nl\/de\/galabau\/","title":{"rendered":"GalaBau"},"content":{"rendered":"<div class=\"container\">\n<h1 class=\"wp-block-heading\" id=\"h-riwal-partner-fur-den-galabau\">Riwal &#8211; Partner f\u00fcr den GalaBau<\/h1>\n<\/div>\n\n<div class=\"rental-wp-default-block rental-theme-block-default-margin\">\n\t\t\t\t\t\t\t\t<div class=\"container\">\n<div class=\"wp-block-media-text has-media-on-the-right is-stacked-on-mobile\"><div class=\"wp-block-media-text__content\">\n<p>Im Garten- und Landschaftsbau gibt es viele Aufgaben, f\u00fcr die eine Hubarbeitsb\u00fchne, ein Teleskoplader oder ein Gabelstapler unverzichtbar sind. Dank unserer umfangreichen Produktpalette bieten wir L\u00f6sungen f\u00fcr jede Art von Projekt \u2013 egal, ob Baumschnitt, Gartenpflege oder Gew\u00e4chshaus-Bau. Riwal bietet die M\u00f6glichkeit, jede Maschine an die jeweilige Aufgabe anzupassen.<\/p>\n\n\n\n<p><strong>Ma\u00dfgeschneiderte L\u00f6sungen<\/strong><\/p>\n\n\n\n<ul class=\"wp-block-list\">\n<li>M\u00f6glichkeit, Stromanschl\u00fcsse in der Arbeitsplattform zu installieren.<\/li>\n\n\n\n<li>Zum Schutz der Bodenfl\u00e4chen k\u00f6nnen Partikelfilter oder Versorgungsstege montiert werden.<\/li>\n\n\n\n<li>S\u00e4geanschl\u00fcsse f\u00fcr hydraulische Schneidwerkzeuge sind im Arbeitskorb installierbar.<\/li>\n<\/ul>\n\n\n\n<p><strong>Qualit\u00e4t und Sicherheit<\/strong><\/p>\n\n\n\n<ul class=\"wp-block-list\">\n<li>The Riwal Way: h\u00f6chste Sicherheitsstandards<\/li>\n\n\n\n<li>Nur Qualit\u00e4tsmaschinen namhafter Hersteller wie JLG<\/li>\n\n\n\n<li>Jede Maschine wird vor ihrem Einsatz eingehend gewartet.<\/li>\n\n\n\n<li>J\u00e4hrliche Inspektionen<\/li>\n\n\n\n<li>Umfassende Bedienerschulungen, auch vor Ort oder online m\u00f6glich<\/li>\n\n\n\n<li>Zertifiziert nach ISO und VCA<\/li>\n<\/ul>\n<\/div><figure class=\"wp-block-media-text__media\"><img loading=\"lazy\" decoding=\"async\" width=\"475\" height=\"356\" src=\"https:\/\/riwal-wpn.acceptatie.indicia-interactiv.nl\/app\/uploads\/sites\/8\/2024\/01\/Hoogwerker-agrarische-sector-Riwal.jpg\" alt=\"\" class=\"wp-image-4571 size-full\" srcset=\"https:\/\/riwal-wpn.acceptatie.indicia-interactiv.nl\/app\/uploads\/sites\/8\/2024\/01\/Hoogwerker-agrarische-sector-Riwal.jpg 475w, https:\/\/riwal-wpn.acceptatie.indicia-interactiv.nl\/app\/uploads\/sites\/8\/2024\/01\/Hoogwerker-agrarische-sector-Riwal-300x225.jpg 300w, https:\/\/riwal-wpn.acceptatie.indicia-interactiv.nl\/app\/uploads\/sites\/8\/2024\/01\/Hoogwerker-agrarische-sector-Riwal-178x133.jpg 178w, https:\/\/riwal-wpn.acceptatie.indicia-interactiv.nl\/app\/uploads\/sites\/8\/2024\/01\/Hoogwerker-agrarische-sector-Riwal-390x292.jpg 390w, https:\/\/riwal-wpn.acceptatie.indicia-interactiv.nl\/app\/uploads\/sites\/8\/2024\/01\/Hoogwerker-agrarische-sector-Riwal-250x187.jpg 250w, https:\/\/riwal-wpn.acceptatie.indicia-interactiv.nl\/app\/uploads\/sites\/8\/2024\/01\/Hoogwerker-agrarische-sector-Riwal-237x178.jpg 237w\" sizes=\"auto, (max-width: 475px) 100vw, 475px\" \/><\/figure><\/div>\n<\/div>\n\t\t\t\t\t\t\t<\/div> ","protected":false},"excerpt":{"rendered":"<p>Riwal &#8211; Partner f\u00fcr den GalaBau<\/p>\n","protected":false},"author":15,"featured_media":0,"parent":0,"menu_order":0,"comment_status":"closed","ping_status":"closed","template":"","meta":{"_acf_changed":false,"editor_notices":[],"footnotes":""},"class_list":["post-4570","page","type-page","status-publish","hentry"],"acf":[],"yoast_head":"<!-- This site is optimized with the Yoast SEO Premium plugin v27.1 (Yoast SEO v27.1.1) - https:\/\/yoast.com\/product\/yoast-seo-premium-wordpress\/ -->\n<title>Riwal: Arbeitsb\u00fchnen f\u00fcr den GalaBau<\/title>\n<meta name=\"description\" content=\"Dank unserer uMietflotte bieten wir L\u00f6sungen f\u00fcr jede Art von Projekt \u2013 egal, ob Baumschnitt, Gartenpflege oder Gew\u00e4chshaus-Bau.\" \/>\n<meta name=\"robots\" content=\"noindex, follow, max-snippet:-1, max-image-preview:large, max-video-preview:-1\" \/>\n<meta property=\"og:locale\" content=\"de_DE\" \/>\n<meta property=\"og:type\" content=\"article\" \/>\n<meta property=\"og:title\" content=\"GalaBau\" \/>\n<meta property=\"og:description\" content=\"Dank unserer uMietflotte bieten wir L\u00f6sungen f\u00fcr jede Art von Projekt \u2013 egal, ob Baumschnitt, Gartenpflege oder Gew\u00e4chshaus-Bau.\" \/>\n<meta property=\"og:url\" content=\"https:\/\/riwal-wpn.acceptatie.indicia-interactiv.nl\/de\/galabau\/\" \/>\n<meta property=\"og:site_name\" content=\"Riwal - Deutschland\" \/>\n<meta property=\"article:modified_time\" content=\"2024-01-08T12:58:14+00:00\" \/>\n<meta property=\"og:image\" content=\"https:\/\/riwal-wpn.acceptatie.indicia-interactiv.nl\/app\/uploads\/sites\/8\/2024\/01\/Hoogwerker-agrarische-sector-Riwal.jpg\" \/>\n<meta name=\"twitter:card\" content=\"summary_large_image\" \/>\n<meta name=\"twitter:label1\" content=\"Gesch\u00e4tzte Lesezeit\" \/>\n\t<meta name=\"twitter:data1\" content=\"1\u00a0Minute\" \/>\n<script type=\"application\/ld+json\" class=\"yoast-schema-graph\">{\"@context\":\"https:\/\/schema.org\",\"@graph\":[{\"@type\":\"WebPage\",\"@id\":\"https:\/\/riwal-wpn.acceptatie.indicia-interactiv.nl\/de\/galabau\/\",\"url\":\"https:\/\/riwal-wpn.acceptatie.indicia-interactiv.nl\/de\/galabau\/\",\"name\":\"Riwal: Arbeitsb\u00fchnen f\u00fcr den GalaBau\",\"isPartOf\":{\"@id\":\"https:\/\/riwal-wpn.acceptatie.indicia-interactiv.nl\/de\/#website\"},\"primaryImageOfPage\":{\"@id\":\"https:\/\/riwal-wpn.acceptatie.indicia-interactiv.nl\/de\/galabau\/#primaryimage\"},\"image\":{\"@id\":\"https:\/\/riwal-wpn.acceptatie.indicia-interactiv.nl\/de\/galabau\/#primaryimage\"},\"thumbnailUrl\":\"https:\/\/riwal-wpn.acceptatie.indicia-interactiv.nl\/app\/uploads\/sites\/8\/2024\/01\/Hoogwerker-agrarische-sector-Riwal.jpg\",\"datePublished\":\"2024-01-08T12:45:45+00:00\",\"dateModified\":\"2024-01-08T12:58:14+00:00\",\"description\":\"Dank unserer uMietflotte bieten wir L\u00f6sungen f\u00fcr jede Art von Projekt \u2013 egal, ob Baumschnitt, Gartenpflege oder Gew\u00e4chshaus-Bau.\",\"breadcrumb\":{\"@id\":\"https:\/\/riwal-wpn.acceptatie.indicia-interactiv.nl\/de\/galabau\/#breadcrumb\"},\"inLanguage\":\"de\",\"potentialAction\":[{\"@type\":\"ReadAction\",\"target\":[\"https:\/\/riwal-wpn.acceptatie.indicia-interactiv.nl\/de\/galabau\/\"]}]},{\"@type\":\"ImageObject\",\"inLanguage\":\"de\",\"@id\":\"https:\/\/riwal-wpn.acceptatie.indicia-interactiv.nl\/de\/galabau\/#primaryimage\",\"url\":\"https:\/\/riwal-wpn.acceptatie.indicia-interactiv.nl\/app\/uploads\/sites\/8\/2024\/01\/Hoogwerker-agrarische-sector-Riwal.jpg\",\"contentUrl\":\"https:\/\/riwal-wpn.acceptatie.indicia-interactiv.nl\/app\/uploads\/sites\/8\/2024\/01\/Hoogwerker-agrarische-sector-Riwal.jpg\"},{\"@type\":\"BreadcrumbList\",\"@id\":\"https:\/\/riwal-wpn.acceptatie.indicia-interactiv.nl\/de\/galabau\/#breadcrumb\",\"itemListElement\":[{\"@type\":\"ListItem\",\"position\":1,\"name\":\"Home\",\"item\":\"https:\/\/riwal-wpn.acceptatie.indicia-interactiv.nl\/de\/\"},{\"@type\":\"ListItem\",\"position\":2,\"name\":\"GalaBau\"}]},{\"@type\":\"WebSite\",\"@id\":\"https:\/\/riwal-wpn.acceptatie.indicia-interactiv.nl\/de\/#website\",\"url\":\"https:\/\/riwal-wpn.acceptatie.indicia-interactiv.nl\/de\/\",\"name\":\"Riwal\",\"description\":\"Arial work platform &amp; Telehandler Rental\/Sales\",\"publisher\":{\"@id\":\"https:\/\/riwal-wpn.acceptatie.indicia-interactiv.nl\/de\/#organization\"},\"potentialAction\":[{\"@type\":\"SearchAction\",\"target\":{\"@type\":\"EntryPoint\",\"urlTemplate\":\"https:\/\/riwal-wpn.acceptatie.indicia-interactiv.nl\/de\/?s={search_term_string}\"},\"query-input\":{\"@type\":\"PropertyValueSpecification\",\"valueRequired\":true,\"valueName\":\"search_term_string\"}}],\"inLanguage\":\"de\"},{\"@type\":\"Organization\",\"@id\":\"https:\/\/riwal-wpn.acceptatie.indicia-interactiv.nl\/de\/#organization\",\"name\":\"Riwal\",\"url\":\"https:\/\/riwal-wpn.acceptatie.indicia-interactiv.nl\/de\/\",\"logo\":{\"@type\":\"ImageObject\",\"inLanguage\":\"de\",\"@id\":\"https:\/\/riwal-wpn.acceptatie.indicia-interactiv.nl\/de\/#\/schema\/logo\/image\/\",\"url\":\"\",\"contentUrl\":\"\",\"caption\":\"Riwal\"},\"image\":{\"@id\":\"https:\/\/riwal-wpn.acceptatie.indicia-interactiv.nl\/de\/#\/schema\/logo\/image\/\"}}]}<\/script>\n<!-- \/ Yoast SEO Premium plugin. -->","yoast_head_json":{"title":"Riwal: Arbeitsb\u00fchnen f\u00fcr den GalaBau","description":"Dank unserer uMietflotte bieten wir L\u00f6sungen f\u00fcr jede Art von Projekt \u2013 egal, ob Baumschnitt, Gartenpflege oder Gew\u00e4chshaus-Bau.","robots":{"index":"noindex","follow":"follow","max-snippet":"max-snippet:-1","max-image-preview":"max-image-preview:large","max-video-preview":"max-video-preview:-1"},"og_locale":"de_DE","og_type":"article","og_title":"GalaBau","og_description":"Dank unserer uMietflotte bieten wir L\u00f6sungen f\u00fcr jede Art von Projekt \u2013 egal, ob Baumschnitt, Gartenpflege oder Gew\u00e4chshaus-Bau.","og_url":"https:\/\/riwal-wpn.acceptatie.indicia-interactiv.nl\/de\/galabau\/","og_site_name":"Riwal - Deutschland","article_modified_time":"2024-01-08T12:58:14+00:00","og_image":[{"url":"https:\/\/riwal-wpn.acceptatie.indicia-interactiv.nl\/app\/uploads\/sites\/8\/2024\/01\/Hoogwerker-agrarische-sector-Riwal.jpg","type":"","width":"","height":""}],"twitter_card":"summary_large_image","twitter_misc":{"Gesch\u00e4tzte Lesezeit":"1\u00a0Minute"},"schema":{"@context":"https:\/\/schema.org","@graph":[{"@type":"WebPage","@id":"https:\/\/riwal-wpn.acceptatie.indicia-interactiv.nl\/de\/galabau\/","url":"https:\/\/riwal-wpn.acceptatie.indicia-interactiv.nl\/de\/galabau\/","name":"Riwal: Arbeitsb\u00fchnen f\u00fcr den GalaBau","isPartOf":{"@id":"https:\/\/riwal-wpn.acceptatie.indicia-interactiv.nl\/de\/#website"},"primaryImageOfPage":{"@id":"https:\/\/riwal-wpn.acceptatie.indicia-interactiv.nl\/de\/galabau\/#primaryimage"},"image":{"@id":"https:\/\/riwal-wpn.acceptatie.indicia-interactiv.nl\/de\/galabau\/#primaryimage"},"thumbnailUrl":"https:\/\/riwal-wpn.acceptatie.indicia-interactiv.nl\/app\/uploads\/sites\/8\/2024\/01\/Hoogwerker-agrarische-sector-Riwal.jpg","datePublished":"2024-01-08T12:45:45+00:00","dateModified":"2024-01-08T12:58:14+00:00","description":"Dank unserer uMietflotte bieten wir L\u00f6sungen f\u00fcr jede Art von Projekt \u2013 egal, ob Baumschnitt, Gartenpflege oder Gew\u00e4chshaus-Bau.","breadcrumb":{"@id":"https:\/\/riwal-wpn.acceptatie.indicia-interactiv.nl\/de\/galabau\/#breadcrumb"},"inLanguage":"de","potentialAction":[{"@type":"ReadAction","target":["https:\/\/riwal-wpn.acceptatie.indicia-interactiv.nl\/de\/galabau\/"]}]},{"@type":"ImageObject","inLanguage":"de","@id":"https:\/\/riwal-wpn.acceptatie.indicia-interactiv.nl\/de\/galabau\/#primaryimage","url":"https:\/\/riwal-wpn.acceptatie.indicia-interactiv.nl\/app\/uploads\/sites\/8\/2024\/01\/Hoogwerker-agrarische-sector-Riwal.jpg","contentUrl":"https:\/\/riwal-wpn.acceptatie.indicia-interactiv.nl\/app\/uploads\/sites\/8\/2024\/01\/Hoogwerker-agrarische-sector-Riwal.jpg"},{"@type":"BreadcrumbList","@id":"https:\/\/riwal-wpn.acceptatie.indicia-interactiv.nl\/de\/galabau\/#breadcrumb","itemListElement":[{"@type":"ListItem","position":1,"name":"Home","item":"https:\/\/riwal-wpn.acceptatie.indicia-interactiv.nl\/de\/"},{"@type":"ListItem","position":2,"name":"GalaBau"}]},{"@type":"WebSite","@id":"https:\/\/riwal-wpn.acceptatie.indicia-interactiv.nl\/de\/#website","url":"https:\/\/riwal-wpn.acceptatie.indicia-interactiv.nl\/de\/","name":"Riwal","description":"Arial work platform &amp; Telehandler Rental\/Sales","publisher":{"@id":"https:\/\/riwal-wpn.acceptatie.indicia-interactiv.nl\/de\/#organization"},"potentialAction":[{"@type":"SearchAction","target":{"@type":"EntryPoint","urlTemplate":"https:\/\/riwal-wpn.acceptatie.indicia-interactiv.nl\/de\/?s={search_term_string}"},"query-input":{"@type":"PropertyValueSpecification","valueRequired":true,"valueName":"search_term_string"}}],"inLanguage":"de"},{"@type":"Organization","@id":"https:\/\/riwal-wpn.acceptatie.indicia-interactiv.nl\/de\/#organization","name":"Riwal","url":"https:\/\/riwal-wpn.acceptatie.indicia-interactiv.nl\/de\/","logo":{"@type":"ImageObject","inLanguage":"de","@id":"https:\/\/riwal-wpn.acceptatie.indicia-interactiv.nl\/de\/#\/schema\/logo\/image\/","url":"","contentUrl":"","caption":"Riwal"},"image":{"@id":"https:\/\/riwal-wpn.acceptatie.indicia-interactiv.nl\/de\/#\/schema\/logo\/image\/"}}]}},"_links":{"self":[{"href":"https:\/\/riwal-wpn.acceptatie.indicia-interactiv.nl\/de\/wp-json\/wp\/v2\/pages\/4570","targetHints":{"allow":["GET"]}}],"collection":[{"href":"https:\/\/riwal-wpn.acceptatie.indicia-interactiv.nl\/de\/wp-json\/wp\/v2\/pages"}],"about":[{"href":"https:\/\/riwal-wpn.acceptatie.indicia-interactiv.nl\/de\/wp-json\/wp\/v2\/types\/page"}],"author":[{"embeddable":true,"href":"https:\/\/riwal-wpn.acceptatie.indicia-interactiv.nl\/de\/wp-json\/wp\/v2\/users\/15"}],"replies":[{"embeddable":true,"href":"https:\/\/riwal-wpn.acceptatie.indicia-interactiv.nl\/de\/wp-json\/wp\/v2\/comments?post=4570"}],"version-history":[{"count":2,"href":"https:\/\/riwal-wpn.acceptatie.indicia-interactiv.nl\/de\/wp-json\/wp\/v2\/pages\/4570\/revisions"}],"predecessor-version":[{"id":4580,"href":"https:\/\/riwal-wpn.acceptatie.indicia-interactiv.nl\/de\/wp-json\/wp\/v2\/pages\/4570\/revisions\/4580"}],"wp:attachment":[{"href":"https:\/\/riwal-wpn.acceptatie.indicia-interactiv.nl\/de\/wp-json\/wp\/v2\/media?parent=4570"}],"curies":[{"name":"wp","href":"https:\/\/api.w.org\/{rel}","templated":true}]}}