{"id":4582,"date":"2024-01-08T13:05:56","date_gmt":"2024-01-08T13:05:56","guid":{"rendered":"https:\/\/riwal-wpn.acceptatie.indicia-interactiv.nl\/de\/?page_id=4582"},"modified":"2024-01-08T13:05:57","modified_gmt":"2024-01-08T13:05:57","slug":"bauindustrie","status":"publish","type":"page","link":"https:\/\/riwal-wpn.acceptatie.indicia-interactiv.nl\/de\/bauindustrie\/","title":{"rendered":"Bauindustrie"},"content":{"rendered":"<div class=\"container\">\n<h1 class=\"wp-block-heading\" id=\"h-riwal-partner-fur-die-bauindustrie\">Riwal &#8211; Partner f\u00fcr die Bauindustrie<\/h1>\n<\/div>\n\n<div class=\"rental-wp-default-block rental-theme-block-default-margin\">\n\t\t\t\t\t\t\t\t<div class=\"container\">\n<div class=\"wp-block-media-text has-media-on-the-right is-stacked-on-mobile\"><div class=\"wp-block-media-text__content\">\n<p>Seit fast f\u00fcnfzig Jahren arbeiten wir mit Partnern aus der Bauwirtschaft zusammen. Durch diese langj\u00e4hrige Erfahrung wissen wir heute, was f\u00fcr eine schnelle, effiziente und sichere Bearbeitung eines Auftrags notwendig ist. Welche Arbeitsb\u00fchnen, Teleskope und Gabelstapler Sie auch ben\u00f6tigen und ob Sie kaufen oder mieten wollen, wir bieten Ihnen passende L\u00f6sungen an.<\/p>\n\n\n\n<p>Unser Servicepaket umfasst die Wartung mit Originalersatzteilen sowie Schulungen zu Betrieb und Sicherheit aller unserer Ger\u00e4te.<\/p>\n\n\n\n<p><strong>Passgenaue L\u00f6sungen<\/strong><\/p>\n\n\n\n<p>Riwal erarbeitet mit Ihnen zusammen die passgenaue L\u00f6sung f\u00fcr Ihre individuelle Situation. Wir verf\u00fcgen \u00fcber eine breite Palette an Bauspezialausr\u00fcstung f\u00fcr die Arbeit in der H\u00f6he in praktisch jeder Umgebung, einschlie\u00dflich Arbeitsb\u00fchnen f\u00fcr unebenes Gel\u00e4nde und Ketten-Hebeb\u00fchnen. Wir k\u00f6nnen Sie bei der Planung eines Bauprojekts beraten oder ein Maschinendepot am Standort einrichten, damit die richtige B\u00fchne bei entsprechendem Bedarf garantiert vorhanden ist.<\/p>\n\n\n\n<p>Aber unsere kundenspezifischen L\u00f6sungen gehen noch weiter: Wir wissen, dass jede Situation anders ist, sodass wir Ausr\u00fcstung f\u00fcr Ihren spezifischen Bedarf liefern k\u00f6nnen, beispielsweise mit 230-Volt-Anschl\u00fcssen, besonderer Beleuchtung, extra gro\u00dfen K\u00f6rben oder Teleskop-Auslegern. Wir k\u00f6nnen sogar eine dieselbetriebene Maschine mit Elektroantrieb f\u00fcr die Benutzung in Innenr\u00e4umen versehen.<\/p>\n\n\n\n<p><strong>Qualit\u00e4t und Sicherheit<\/strong><\/p>\n\n\n\n<p>Wir halten uns an die h\u00f6chsten Sicherheitsstandards mit einwandfrei gewarteter Qualit\u00e4tsausr\u00fcstung branchenf\u00fchrender Marken wie JLG. Die Maschinen werden vor jeder Lieferung inspiziert und j\u00e4hrlich \u00fcberpr\u00fcft.<\/p>\n<\/div><figure class=\"wp-block-media-text__media\"><img loading=\"lazy\" decoding=\"async\" width=\"800\" height=\"600\" src=\"https:\/\/riwal-wpn.acceptatie.indicia-interactiv.nl\/app\/uploads\/sites\/8\/2023\/08\/JLG-450AJ-7.jpg\" alt=\"\" class=\"wp-image-2499 size-full\" srcset=\"https:\/\/riwal-wpn.acceptatie.indicia-interactiv.nl\/app\/uploads\/sites\/8\/2023\/08\/JLG-450AJ-7.jpg 800w, https:\/\/riwal-wpn.acceptatie.indicia-interactiv.nl\/app\/uploads\/sites\/8\/2023\/08\/JLG-450AJ-7-300x225.jpg 300w, https:\/\/riwal-wpn.acceptatie.indicia-interactiv.nl\/app\/uploads\/sites\/8\/2023\/08\/JLG-450AJ-7-768x576.jpg 768w, https:\/\/riwal-wpn.acceptatie.indicia-interactiv.nl\/app\/uploads\/sites\/8\/2023\/08\/JLG-450AJ-7-178x134.jpg 178w, https:\/\/riwal-wpn.acceptatie.indicia-interactiv.nl\/app\/uploads\/sites\/8\/2023\/08\/JLG-450AJ-7-390x293.jpg 390w, https:\/\/riwal-wpn.acceptatie.indicia-interactiv.nl\/app\/uploads\/sites\/8\/2023\/08\/JLG-450AJ-7-250x188.jpg 250w, https:\/\/riwal-wpn.acceptatie.indicia-interactiv.nl\/app\/uploads\/sites\/8\/2023\/08\/JLG-450AJ-7-620x465.jpg 620w, https:\/\/riwal-wpn.acceptatie.indicia-interactiv.nl\/app\/uploads\/sites\/8\/2023\/08\/JLG-450AJ-7-237x178.jpg 237w, https:\/\/riwal-wpn.acceptatie.indicia-interactiv.nl\/app\/uploads\/sites\/8\/2023\/08\/JLG-450AJ-7-474x356.jpg 474w\" sizes=\"auto, (max-width: 800px) 100vw, 800px\" \/><\/figure><\/div>\n<\/div>\n\t\t\t\t\t\t\t<\/div> ","protected":false},"excerpt":{"rendered":"<p>Riwal &#8211; Partner f\u00fcr die Bauindustrie Seit fast f\u00fcnfzig Jahren arbeiten wir mit Partnern aus der Bauwirtschaft zusammen. Durch diese langj\u00e4hrige Erfahrung wissen wir heute, was f\u00fcr eine schnelle, effiziente und sichere Bearbeitung eines Auftrags notwendig ist. Welche Arbeitsb\u00fchnen, Teleskope und Gabelstapler Sie auch ben\u00f6tigen und ob Sie kaufen oder mieten wollen, wir bieten Ihnen &hellip; <a href=\"https:\/\/riwal-wpn.acceptatie.indicia-interactiv.nl\/de\/bauindustrie\/\">Weiter<\/a><\/p>\n","protected":false},"author":15,"featured_media":0,"parent":0,"menu_order":0,"comment_status":"closed","ping_status":"closed","template":"","meta":{"_acf_changed":false,"editor_notices":[],"footnotes":""},"class_list":["post-4582","page","type-page","status-publish","hentry"],"acf":[],"yoast_head":"<!-- This site is optimized with the Yoast SEO Premium plugin v27.1 (Yoast SEO v27.1.1) - https:\/\/yoast.com\/product\/yoast-seo-premium-wordpress\/ -->\n<title>Riwal: Arbeitsb\u00fchnen f\u00fcr deie Bauindustrie<\/title>\n<meta name=\"description\" content=\"Seit fast f\u00fcnfzig Jahren arbeiten wir mit Partnern aus der Bauwirtschaft zusammen. Riwal erarbeitet passgenaue L\u00f6sungen f\u00fcr jeden Bedarf.\" \/>\n<meta name=\"robots\" content=\"noindex, follow, max-snippet:-1, max-image-preview:large, max-video-preview:-1\" \/>\n<meta property=\"og:locale\" content=\"de_DE\" \/>\n<meta property=\"og:type\" content=\"article\" \/>\n<meta property=\"og:title\" content=\"Bauindustrie\" \/>\n<meta property=\"og:description\" content=\"Seit fast f\u00fcnfzig Jahren arbeiten wir mit Partnern aus der Bauwirtschaft zusammen. Riwal erarbeitet passgenaue L\u00f6sungen f\u00fcr jeden Bedarf.\" \/>\n<meta property=\"og:url\" content=\"https:\/\/riwal-wpn.acceptatie.indicia-interactiv.nl\/de\/bauindustrie\/\" \/>\n<meta property=\"og:site_name\" content=\"Riwal - Deutschland\" \/>\n<meta property=\"article:modified_time\" content=\"2024-01-08T13:05:57+00:00\" \/>\n<meta property=\"og:image\" content=\"https:\/\/riwal-wpn.acceptatie.indicia-interactiv.nl\/app\/uploads\/sites\/8\/2023\/08\/JLG-450AJ-7.jpg\" \/>\n<meta name=\"twitter:card\" content=\"summary_large_image\" \/>\n<meta name=\"twitter:label1\" content=\"Gesch\u00e4tzte Lesezeit\" \/>\n\t<meta name=\"twitter:data1\" content=\"2\u00a0Minuten\" \/>\n<script type=\"application\/ld+json\" class=\"yoast-schema-graph\">{\"@context\":\"https:\/\/schema.org\",\"@graph\":[{\"@type\":\"WebPage\",\"@id\":\"https:\/\/riwal-wpn.acceptatie.indicia-interactiv.nl\/de\/bauindustrie\/\",\"url\":\"https:\/\/riwal-wpn.acceptatie.indicia-interactiv.nl\/de\/bauindustrie\/\",\"name\":\"Riwal: Arbeitsb\u00fchnen f\u00fcr deie Bauindustrie\",\"isPartOf\":{\"@id\":\"https:\/\/riwal-wpn.acceptatie.indicia-interactiv.nl\/de\/#website\"},\"primaryImageOfPage\":{\"@id\":\"https:\/\/riwal-wpn.acceptatie.indicia-interactiv.nl\/de\/bauindustrie\/#primaryimage\"},\"image\":{\"@id\":\"https:\/\/riwal-wpn.acceptatie.indicia-interactiv.nl\/de\/bauindustrie\/#primaryimage\"},\"thumbnailUrl\":\"https:\/\/riwal-wpn.acceptatie.indicia-interactiv.nl\/app\/uploads\/sites\/8\/2023\/08\/JLG-450AJ-7.jpg\",\"datePublished\":\"2024-01-08T13:05:56+00:00\",\"dateModified\":\"2024-01-08T13:05:57+00:00\",\"description\":\"Seit fast f\u00fcnfzig Jahren arbeiten wir mit Partnern aus der Bauwirtschaft zusammen. Riwal erarbeitet passgenaue L\u00f6sungen f\u00fcr jeden Bedarf.\",\"breadcrumb\":{\"@id\":\"https:\/\/riwal-wpn.acceptatie.indicia-interactiv.nl\/de\/bauindustrie\/#breadcrumb\"},\"inLanguage\":\"de\",\"potentialAction\":[{\"@type\":\"ReadAction\",\"target\":[\"https:\/\/riwal-wpn.acceptatie.indicia-interactiv.nl\/de\/bauindustrie\/\"]}]},{\"@type\":\"ImageObject\",\"inLanguage\":\"de\",\"@id\":\"https:\/\/riwal-wpn.acceptatie.indicia-interactiv.nl\/de\/bauindustrie\/#primaryimage\",\"url\":\"https:\/\/riwal-wpn.acceptatie.indicia-interactiv.nl\/app\/uploads\/sites\/8\/2023\/08\/JLG-450AJ-7.jpg\",\"contentUrl\":\"https:\/\/riwal-wpn.acceptatie.indicia-interactiv.nl\/app\/uploads\/sites\/8\/2023\/08\/JLG-450AJ-7.jpg\"},{\"@type\":\"BreadcrumbList\",\"@id\":\"https:\/\/riwal-wpn.acceptatie.indicia-interactiv.nl\/de\/bauindustrie\/#breadcrumb\",\"itemListElement\":[{\"@type\":\"ListItem\",\"position\":1,\"name\":\"Home\",\"item\":\"https:\/\/riwal-wpn.acceptatie.indicia-interactiv.nl\/de\/\"},{\"@type\":\"ListItem\",\"position\":2,\"name\":\"Bauindustrie\"}]},{\"@type\":\"WebSite\",\"@id\":\"https:\/\/riwal-wpn.acceptatie.indicia-interactiv.nl\/de\/#website\",\"url\":\"https:\/\/riwal-wpn.acceptatie.indicia-interactiv.nl\/de\/\",\"name\":\"Riwal\",\"description\":\"Arial work platform &amp; Telehandler Rental\/Sales\",\"publisher\":{\"@id\":\"https:\/\/riwal-wpn.acceptatie.indicia-interactiv.nl\/de\/#organization\"},\"potentialAction\":[{\"@type\":\"SearchAction\",\"target\":{\"@type\":\"EntryPoint\",\"urlTemplate\":\"https:\/\/riwal-wpn.acceptatie.indicia-interactiv.nl\/de\/?s={search_term_string}\"},\"query-input\":{\"@type\":\"PropertyValueSpecification\",\"valueRequired\":true,\"valueName\":\"search_term_string\"}}],\"inLanguage\":\"de\"},{\"@type\":\"Organization\",\"@id\":\"https:\/\/riwal-wpn.acceptatie.indicia-interactiv.nl\/de\/#organization\",\"name\":\"Riwal\",\"url\":\"https:\/\/riwal-wpn.acceptatie.indicia-interactiv.nl\/de\/\",\"logo\":{\"@type\":\"ImageObject\",\"inLanguage\":\"de\",\"@id\":\"https:\/\/riwal-wpn.acceptatie.indicia-interactiv.nl\/de\/#\/schema\/logo\/image\/\",\"url\":\"\",\"contentUrl\":\"\",\"caption\":\"Riwal\"},\"image\":{\"@id\":\"https:\/\/riwal-wpn.acceptatie.indicia-interactiv.nl\/de\/#\/schema\/logo\/image\/\"}}]}<\/script>\n<!-- \/ Yoast SEO Premium plugin. -->","yoast_head_json":{"title":"Riwal: Arbeitsb\u00fchnen f\u00fcr deie Bauindustrie","description":"Seit fast f\u00fcnfzig Jahren arbeiten wir mit Partnern aus der Bauwirtschaft zusammen. Riwal erarbeitet passgenaue L\u00f6sungen f\u00fcr jeden Bedarf.","robots":{"index":"noindex","follow":"follow","max-snippet":"max-snippet:-1","max-image-preview":"max-image-preview:large","max-video-preview":"max-video-preview:-1"},"og_locale":"de_DE","og_type":"article","og_title":"Bauindustrie","og_description":"Seit fast f\u00fcnfzig Jahren arbeiten wir mit Partnern aus der Bauwirtschaft zusammen. Riwal erarbeitet passgenaue L\u00f6sungen f\u00fcr jeden Bedarf.","og_url":"https:\/\/riwal-wpn.acceptatie.indicia-interactiv.nl\/de\/bauindustrie\/","og_site_name":"Riwal - Deutschland","article_modified_time":"2024-01-08T13:05:57+00:00","og_image":[{"url":"https:\/\/riwal-wpn.acceptatie.indicia-interactiv.nl\/app\/uploads\/sites\/8\/2023\/08\/JLG-450AJ-7.jpg","type":"","width":"","height":""}],"twitter_card":"summary_large_image","twitter_misc":{"Gesch\u00e4tzte Lesezeit":"2\u00a0Minuten"},"schema":{"@context":"https:\/\/schema.org","@graph":[{"@type":"WebPage","@id":"https:\/\/riwal-wpn.acceptatie.indicia-interactiv.nl\/de\/bauindustrie\/","url":"https:\/\/riwal-wpn.acceptatie.indicia-interactiv.nl\/de\/bauindustrie\/","name":"Riwal: Arbeitsb\u00fchnen f\u00fcr deie Bauindustrie","isPartOf":{"@id":"https:\/\/riwal-wpn.acceptatie.indicia-interactiv.nl\/de\/#website"},"primaryImageOfPage":{"@id":"https:\/\/riwal-wpn.acceptatie.indicia-interactiv.nl\/de\/bauindustrie\/#primaryimage"},"image":{"@id":"https:\/\/riwal-wpn.acceptatie.indicia-interactiv.nl\/de\/bauindustrie\/#primaryimage"},"thumbnailUrl":"https:\/\/riwal-wpn.acceptatie.indicia-interactiv.nl\/app\/uploads\/sites\/8\/2023\/08\/JLG-450AJ-7.jpg","datePublished":"2024-01-08T13:05:56+00:00","dateModified":"2024-01-08T13:05:57+00:00","description":"Seit fast f\u00fcnfzig Jahren arbeiten wir mit Partnern aus der Bauwirtschaft zusammen. Riwal erarbeitet passgenaue L\u00f6sungen f\u00fcr jeden Bedarf.","breadcrumb":{"@id":"https:\/\/riwal-wpn.acceptatie.indicia-interactiv.nl\/de\/bauindustrie\/#breadcrumb"},"inLanguage":"de","potentialAction":[{"@type":"ReadAction","target":["https:\/\/riwal-wpn.acceptatie.indicia-interactiv.nl\/de\/bauindustrie\/"]}]},{"@type":"ImageObject","inLanguage":"de","@id":"https:\/\/riwal-wpn.acceptatie.indicia-interactiv.nl\/de\/bauindustrie\/#primaryimage","url":"https:\/\/riwal-wpn.acceptatie.indicia-interactiv.nl\/app\/uploads\/sites\/8\/2023\/08\/JLG-450AJ-7.jpg","contentUrl":"https:\/\/riwal-wpn.acceptatie.indicia-interactiv.nl\/app\/uploads\/sites\/8\/2023\/08\/JLG-450AJ-7.jpg"},{"@type":"BreadcrumbList","@id":"https:\/\/riwal-wpn.acceptatie.indicia-interactiv.nl\/de\/bauindustrie\/#breadcrumb","itemListElement":[{"@type":"ListItem","position":1,"name":"Home","item":"https:\/\/riwal-wpn.acceptatie.indicia-interactiv.nl\/de\/"},{"@type":"ListItem","position":2,"name":"Bauindustrie"}]},{"@type":"WebSite","@id":"https:\/\/riwal-wpn.acceptatie.indicia-interactiv.nl\/de\/#website","url":"https:\/\/riwal-wpn.acceptatie.indicia-interactiv.nl\/de\/","name":"Riwal","description":"Arial work platform &amp; Telehandler Rental\/Sales","publisher":{"@id":"https:\/\/riwal-wpn.acceptatie.indicia-interactiv.nl\/de\/#organization"},"potentialAction":[{"@type":"SearchAction","target":{"@type":"EntryPoint","urlTemplate":"https:\/\/riwal-wpn.acceptatie.indicia-interactiv.nl\/de\/?s={search_term_string}"},"query-input":{"@type":"PropertyValueSpecification","valueRequired":true,"valueName":"search_term_string"}}],"inLanguage":"de"},{"@type":"Organization","@id":"https:\/\/riwal-wpn.acceptatie.indicia-interactiv.nl\/de\/#organization","name":"Riwal","url":"https:\/\/riwal-wpn.acceptatie.indicia-interactiv.nl\/de\/","logo":{"@type":"ImageObject","inLanguage":"de","@id":"https:\/\/riwal-wpn.acceptatie.indicia-interactiv.nl\/de\/#\/schema\/logo\/image\/","url":"","contentUrl":"","caption":"Riwal"},"image":{"@id":"https:\/\/riwal-wpn.acceptatie.indicia-interactiv.nl\/de\/#\/schema\/logo\/image\/"}}]}},"_links":{"self":[{"href":"https:\/\/riwal-wpn.acceptatie.indicia-interactiv.nl\/de\/wp-json\/wp\/v2\/pages\/4582","targetHints":{"allow":["GET"]}}],"collection":[{"href":"https:\/\/riwal-wpn.acceptatie.indicia-interactiv.nl\/de\/wp-json\/wp\/v2\/pages"}],"about":[{"href":"https:\/\/riwal-wpn.acceptatie.indicia-interactiv.nl\/de\/wp-json\/wp\/v2\/types\/page"}],"author":[{"embeddable":true,"href":"https:\/\/riwal-wpn.acceptatie.indicia-interactiv.nl\/de\/wp-json\/wp\/v2\/users\/15"}],"replies":[{"embeddable":true,"href":"https:\/\/riwal-wpn.acceptatie.indicia-interactiv.nl\/de\/wp-json\/wp\/v2\/comments?post=4582"}],"version-history":[{"count":1,"href":"https:\/\/riwal-wpn.acceptatie.indicia-interactiv.nl\/de\/wp-json\/wp\/v2\/pages\/4582\/revisions"}],"predecessor-version":[{"id":4583,"href":"https:\/\/riwal-wpn.acceptatie.indicia-interactiv.nl\/de\/wp-json\/wp\/v2\/pages\/4582\/revisions\/4583"}],"wp:attachment":[{"href":"https:\/\/riwal-wpn.acceptatie.indicia-interactiv.nl\/de\/wp-json\/wp\/v2\/media?parent=4582"}],"curies":[{"name":"wp","href":"https:\/\/api.w.org\/{rel}","templated":true}]}}