{"id":4586,"date":"2024-01-08T13:12:43","date_gmt":"2024-01-08T13:12:43","guid":{"rendered":"https:\/\/riwal-wpn.acceptatie.indicia-interactiv.nl\/de\/?page_id=4586"},"modified":"2024-01-08T13:53:53","modified_gmt":"2024-01-08T13:53:53","slug":"events","status":"publish","type":"page","link":"https:\/\/riwal-wpn.acceptatie.indicia-interactiv.nl\/de\/events\/","title":{"rendered":"Events &amp; Veranstaltungen"},"content":{"rendered":"<div class=\"container\">\n<h1 class=\"wp-block-heading\" id=\"h-riwal-partner-fur-die-eventindustrie\">Riwal &#8211; Partner f\u00fcr die Eventindustrie<\/h1>\n<\/div>\n\n<div class=\"rental-wp-default-block rental-theme-block-default-margin\">\n\t\t\t\t\t\t\t\t<div class=\"container\">\n<div class=\"wp-block-media-text has-media-on-the-right is-stacked-on-mobile\"><div class=\"wp-block-media-text__content\">\n<p>Riwal ist ein internationaler Full-Service-Verleiher von Arbeitsb\u00fchnen, der eine komplette Palette an Ausr\u00fcstung f\u00fcr alle Arten von kulturellen Ereignissen wie Festivals und Musikkonzerte sowie Firmenfeiern und politische Veranstaltungen anbietet. Riwal unterst\u00fctzt erfolgreich globale und mobile Sportveranstaltungen wie internationale Segel- und Motorsportrennen, Golf- und Fu\u00dfballturniere und vieles mehr.<\/p>\n\n\n\n<p>Wir wissen, wie herausfordernd es sein kann, Ihre Veranstaltung termingenau \u00fcber die B\u00fchne zu bringen. Deshalb sind wir extrem terminorientiert und legen gr\u00f6\u00dften Wert darauf, Ihnen genau das zu liefern, was Sie brauchen \u2013 und zwar genau dann, wann Sie es brauchen.&nbsp;<\/p>\n\n\n\n<p>Sei es, eine B\u00fchne zu errichten, die Ausr\u00fcstung zu bewegen, tempor\u00e4re Sitzgelegenheiten f\u00fcr Zuschauer aufzubauen oder ein Rennen zu \u00fcbertragen, wir haben die Ressourcen, die Erfahrung und die Ausr\u00fcstung, um Sie dabei zu unterst\u00fctzen, Ihre Veranstaltung zum Erfolg zu f\u00fchren.<\/p>\n\n\n\n<p><strong>Ma\u00dfgeschneiderte L\u00f6sungen<\/strong><\/p>\n\n\n\n<ul class=\"wp-block-list\">\n<li>Wir sind ein Full-Service-Dienstleister f\u00fcr Ihre Events und liefern Ihnen die notwendigen Ausr\u00fcstungen.<\/li>\n\n\n\n<li>In Zusammenarbeit mit unserem Partner k\u00f6nnen wir eine breite Palette von Gabelstaplern f\u00fcr Ihre Veranstaltung liefern.<\/li>\n\n\n\n<li>Wir k\u00f6nnen Ihnen ma\u00dfgeschneiderte Maschinen f\u00fcr Ihre Veranstaltung anbieten, wie z.B. die Lackierung einer Hubarbeitsb\u00fchne in Schwarz, so dass sie nachts f\u00fcr die Medienproduktion nicht sichtbar ist.<\/li>\n<\/ul>\n\n\n\n<p><strong>Qualit\u00e4t und Sicherheit<\/strong><\/p>\n\n\n\n<ul class=\"wp-block-list\">\n<li>The Riwal Way: h\u00f6chste Sicherheitsstandards<\/li>\n\n\n\n<li>Nur Qualit\u00e4tsmaschinen namhafter Hersteller wie JLG<\/li>\n\n\n\n<li>Jede Maschine wird vor ihrem Einsatz eingehend gewartet.<\/li>\n\n\n\n<li>J\u00e4hrliche Inspektionen<\/li>\n\n\n\n<li>Umfassende Bedienerschulungen, auch vor Ort oder online m\u00f6glich<\/li>\n<\/ul>\n\n\n\n<p><\/p>\n<\/div><figure class=\"wp-block-media-text__media\"><img loading=\"lazy\" decoding=\"async\" width=\"710\" height=\"900\" src=\"https:\/\/riwal-wpn.acceptatie.indicia-interactiv.nl\/app\/uploads\/sites\/8\/2023\/08\/JLG-150HAX-2.jpg\" alt=\"\" class=\"wp-image-2319 size-full\" srcset=\"https:\/\/riwal-wpn.acceptatie.indicia-interactiv.nl\/app\/uploads\/sites\/8\/2023\/08\/JLG-150HAX-2.jpg 710w, https:\/\/riwal-wpn.acceptatie.indicia-interactiv.nl\/app\/uploads\/sites\/8\/2023\/08\/JLG-150HAX-2-237x300.jpg 237w, https:\/\/riwal-wpn.acceptatie.indicia-interactiv.nl\/app\/uploads\/sites\/8\/2023\/08\/JLG-150HAX-2-178x226.jpg 178w, https:\/\/riwal-wpn.acceptatie.indicia-interactiv.nl\/app\/uploads\/sites\/8\/2023\/08\/JLG-150HAX-2-390x494.jpg 390w, https:\/\/riwal-wpn.acceptatie.indicia-interactiv.nl\/app\/uploads\/sites\/8\/2023\/08\/JLG-150HAX-2-495x628.jpg 495w, https:\/\/riwal-wpn.acceptatie.indicia-interactiv.nl\/app\/uploads\/sites\/8\/2023\/08\/JLG-150HAX-2-158x200.jpg 158w, https:\/\/riwal-wpn.acceptatie.indicia-interactiv.nl\/app\/uploads\/sites\/8\/2023\/08\/JLG-150HAX-2-387x490.jpg 387w, https:\/\/riwal-wpn.acceptatie.indicia-interactiv.nl\/app\/uploads\/sites\/8\/2023\/08\/JLG-150HAX-2-474x601.jpg 474w\" sizes=\"auto, (max-width: 710px) 100vw, 710px\" \/><\/figure><\/div>\n<\/div>\n\t\t\t\t\t\t\t<\/div> ","protected":false},"excerpt":{"rendered":"<p>Riwal &#8211; Partner f\u00fcr die Eventindustrie<\/p>\n","protected":false},"author":15,"featured_media":0,"parent":0,"menu_order":0,"comment_status":"closed","ping_status":"closed","template":"","meta":{"_acf_changed":false,"editor_notices":[],"footnotes":""},"class_list":["post-4586","page","type-page","status-publish","hentry"],"acf":[],"yoast_head":"<!-- This site is optimized with the Yoast SEO Premium plugin v27.1 (Yoast SEO v27.1.1) - https:\/\/yoast.com\/product\/yoast-seo-premium-wordpress\/ -->\n<title>Riwal: Arbeitsb\u00fchnen f\u00fcr die Eventindustrie<\/title>\n<meta name=\"description\" content=\"Riwal bietet komplette Palette an Ausr\u00fcstung f\u00fcr alle Arten von kulturellen Ereignissen wie Festivals, Musikkonzerte sowie Firmenfeiern.\" \/>\n<meta name=\"robots\" content=\"noindex, follow, max-snippet:-1, max-image-preview:large, max-video-preview:-1\" \/>\n<meta property=\"og:locale\" content=\"de_DE\" \/>\n<meta property=\"og:type\" content=\"article\" \/>\n<meta property=\"og:title\" content=\"Events &amp; Veranstaltungen\" \/>\n<meta property=\"og:description\" content=\"Riwal bietet komplette Palette an Ausr\u00fcstung f\u00fcr alle Arten von kulturellen Ereignissen wie Festivals, Musikkonzerte sowie Firmenfeiern.\" \/>\n<meta property=\"og:url\" content=\"https:\/\/riwal-wpn.acceptatie.indicia-interactiv.nl\/de\/events\/\" \/>\n<meta property=\"og:site_name\" content=\"Riwal - Deutschland\" \/>\n<meta property=\"article:modified_time\" content=\"2024-01-08T13:53:53+00:00\" \/>\n<meta property=\"og:image\" content=\"https:\/\/riwal-wpn.acceptatie.indicia-interactiv.nl\/app\/uploads\/sites\/8\/2023\/08\/JLG-150HAX-2.jpg\" \/>\n<meta name=\"twitter:card\" content=\"summary_large_image\" \/>\n<meta name=\"twitter:label1\" content=\"Gesch\u00e4tzte Lesezeit\" \/>\n\t<meta name=\"twitter:data1\" content=\"2\u00a0Minuten\" \/>\n<script type=\"application\/ld+json\" class=\"yoast-schema-graph\">{\"@context\":\"https:\/\/schema.org\",\"@graph\":[{\"@type\":\"WebPage\",\"@id\":\"https:\/\/riwal-wpn.acceptatie.indicia-interactiv.nl\/de\/events\/\",\"url\":\"https:\/\/riwal-wpn.acceptatie.indicia-interactiv.nl\/de\/events\/\",\"name\":\"Riwal: Arbeitsb\u00fchnen f\u00fcr die Eventindustrie\",\"isPartOf\":{\"@id\":\"https:\/\/riwal-wpn.acceptatie.indicia-interactiv.nl\/de\/#website\"},\"primaryImageOfPage\":{\"@id\":\"https:\/\/riwal-wpn.acceptatie.indicia-interactiv.nl\/de\/events\/#primaryimage\"},\"image\":{\"@id\":\"https:\/\/riwal-wpn.acceptatie.indicia-interactiv.nl\/de\/events\/#primaryimage\"},\"thumbnailUrl\":\"https:\/\/riwal-wpn.acceptatie.indicia-interactiv.nl\/app\/uploads\/sites\/8\/2023\/08\/JLG-150HAX-2.jpg\",\"datePublished\":\"2024-01-08T13:12:43+00:00\",\"dateModified\":\"2024-01-08T13:53:53+00:00\",\"description\":\"Riwal bietet komplette Palette an Ausr\u00fcstung f\u00fcr alle Arten von kulturellen Ereignissen wie Festivals, Musikkonzerte sowie Firmenfeiern.\",\"breadcrumb\":{\"@id\":\"https:\/\/riwal-wpn.acceptatie.indicia-interactiv.nl\/de\/events\/#breadcrumb\"},\"inLanguage\":\"de\",\"potentialAction\":[{\"@type\":\"ReadAction\",\"target\":[\"https:\/\/riwal-wpn.acceptatie.indicia-interactiv.nl\/de\/events\/\"]}]},{\"@type\":\"ImageObject\",\"inLanguage\":\"de\",\"@id\":\"https:\/\/riwal-wpn.acceptatie.indicia-interactiv.nl\/de\/events\/#primaryimage\",\"url\":\"https:\/\/riwal-wpn.acceptatie.indicia-interactiv.nl\/app\/uploads\/sites\/8\/2023\/08\/JLG-150HAX-2.jpg\",\"contentUrl\":\"https:\/\/riwal-wpn.acceptatie.indicia-interactiv.nl\/app\/uploads\/sites\/8\/2023\/08\/JLG-150HAX-2.jpg\"},{\"@type\":\"BreadcrumbList\",\"@id\":\"https:\/\/riwal-wpn.acceptatie.indicia-interactiv.nl\/de\/events\/#breadcrumb\",\"itemListElement\":[{\"@type\":\"ListItem\",\"position\":1,\"name\":\"Home\",\"item\":\"https:\/\/riwal-wpn.acceptatie.indicia-interactiv.nl\/de\/\"},{\"@type\":\"ListItem\",\"position\":2,\"name\":\"Events &amp; Veranstaltungen\"}]},{\"@type\":\"WebSite\",\"@id\":\"https:\/\/riwal-wpn.acceptatie.indicia-interactiv.nl\/de\/#website\",\"url\":\"https:\/\/riwal-wpn.acceptatie.indicia-interactiv.nl\/de\/\",\"name\":\"Riwal\",\"description\":\"Arial work platform &amp; Telehandler Rental\/Sales\",\"publisher\":{\"@id\":\"https:\/\/riwal-wpn.acceptatie.indicia-interactiv.nl\/de\/#organization\"},\"potentialAction\":[{\"@type\":\"SearchAction\",\"target\":{\"@type\":\"EntryPoint\",\"urlTemplate\":\"https:\/\/riwal-wpn.acceptatie.indicia-interactiv.nl\/de\/?s={search_term_string}\"},\"query-input\":{\"@type\":\"PropertyValueSpecification\",\"valueRequired\":true,\"valueName\":\"search_term_string\"}}],\"inLanguage\":\"de\"},{\"@type\":\"Organization\",\"@id\":\"https:\/\/riwal-wpn.acceptatie.indicia-interactiv.nl\/de\/#organization\",\"name\":\"Riwal\",\"url\":\"https:\/\/riwal-wpn.acceptatie.indicia-interactiv.nl\/de\/\",\"logo\":{\"@type\":\"ImageObject\",\"inLanguage\":\"de\",\"@id\":\"https:\/\/riwal-wpn.acceptatie.indicia-interactiv.nl\/de\/#\/schema\/logo\/image\/\",\"url\":\"\",\"contentUrl\":\"\",\"caption\":\"Riwal\"},\"image\":{\"@id\":\"https:\/\/riwal-wpn.acceptatie.indicia-interactiv.nl\/de\/#\/schema\/logo\/image\/\"}}]}<\/script>\n<!-- \/ Yoast SEO Premium plugin. -->","yoast_head_json":{"title":"Riwal: Arbeitsb\u00fchnen f\u00fcr die Eventindustrie","description":"Riwal bietet komplette Palette an Ausr\u00fcstung f\u00fcr alle Arten von kulturellen Ereignissen wie Festivals, Musikkonzerte sowie Firmenfeiern.","robots":{"index":"noindex","follow":"follow","max-snippet":"max-snippet:-1","max-image-preview":"max-image-preview:large","max-video-preview":"max-video-preview:-1"},"og_locale":"de_DE","og_type":"article","og_title":"Events &amp; Veranstaltungen","og_description":"Riwal bietet komplette Palette an Ausr\u00fcstung f\u00fcr alle Arten von kulturellen Ereignissen wie Festivals, Musikkonzerte sowie Firmenfeiern.","og_url":"https:\/\/riwal-wpn.acceptatie.indicia-interactiv.nl\/de\/events\/","og_site_name":"Riwal - Deutschland","article_modified_time":"2024-01-08T13:53:53+00:00","og_image":[{"url":"https:\/\/riwal-wpn.acceptatie.indicia-interactiv.nl\/app\/uploads\/sites\/8\/2023\/08\/JLG-150HAX-2.jpg","type":"","width":"","height":""}],"twitter_card":"summary_large_image","twitter_misc":{"Gesch\u00e4tzte Lesezeit":"2\u00a0Minuten"},"schema":{"@context":"https:\/\/schema.org","@graph":[{"@type":"WebPage","@id":"https:\/\/riwal-wpn.acceptatie.indicia-interactiv.nl\/de\/events\/","url":"https:\/\/riwal-wpn.acceptatie.indicia-interactiv.nl\/de\/events\/","name":"Riwal: Arbeitsb\u00fchnen f\u00fcr die Eventindustrie","isPartOf":{"@id":"https:\/\/riwal-wpn.acceptatie.indicia-interactiv.nl\/de\/#website"},"primaryImageOfPage":{"@id":"https:\/\/riwal-wpn.acceptatie.indicia-interactiv.nl\/de\/events\/#primaryimage"},"image":{"@id":"https:\/\/riwal-wpn.acceptatie.indicia-interactiv.nl\/de\/events\/#primaryimage"},"thumbnailUrl":"https:\/\/riwal-wpn.acceptatie.indicia-interactiv.nl\/app\/uploads\/sites\/8\/2023\/08\/JLG-150HAX-2.jpg","datePublished":"2024-01-08T13:12:43+00:00","dateModified":"2024-01-08T13:53:53+00:00","description":"Riwal bietet komplette Palette an Ausr\u00fcstung f\u00fcr alle Arten von kulturellen Ereignissen wie Festivals, Musikkonzerte sowie Firmenfeiern.","breadcrumb":{"@id":"https:\/\/riwal-wpn.acceptatie.indicia-interactiv.nl\/de\/events\/#breadcrumb"},"inLanguage":"de","potentialAction":[{"@type":"ReadAction","target":["https:\/\/riwal-wpn.acceptatie.indicia-interactiv.nl\/de\/events\/"]}]},{"@type":"ImageObject","inLanguage":"de","@id":"https:\/\/riwal-wpn.acceptatie.indicia-interactiv.nl\/de\/events\/#primaryimage","url":"https:\/\/riwal-wpn.acceptatie.indicia-interactiv.nl\/app\/uploads\/sites\/8\/2023\/08\/JLG-150HAX-2.jpg","contentUrl":"https:\/\/riwal-wpn.acceptatie.indicia-interactiv.nl\/app\/uploads\/sites\/8\/2023\/08\/JLG-150HAX-2.jpg"},{"@type":"BreadcrumbList","@id":"https:\/\/riwal-wpn.acceptatie.indicia-interactiv.nl\/de\/events\/#breadcrumb","itemListElement":[{"@type":"ListItem","position":1,"name":"Home","item":"https:\/\/riwal-wpn.acceptatie.indicia-interactiv.nl\/de\/"},{"@type":"ListItem","position":2,"name":"Events &amp; Veranstaltungen"}]},{"@type":"WebSite","@id":"https:\/\/riwal-wpn.acceptatie.indicia-interactiv.nl\/de\/#website","url":"https:\/\/riwal-wpn.acceptatie.indicia-interactiv.nl\/de\/","name":"Riwal","description":"Arial work platform &amp; Telehandler Rental\/Sales","publisher":{"@id":"https:\/\/riwal-wpn.acceptatie.indicia-interactiv.nl\/de\/#organization"},"potentialAction":[{"@type":"SearchAction","target":{"@type":"EntryPoint","urlTemplate":"https:\/\/riwal-wpn.acceptatie.indicia-interactiv.nl\/de\/?s={search_term_string}"},"query-input":{"@type":"PropertyValueSpecification","valueRequired":true,"valueName":"search_term_string"}}],"inLanguage":"de"},{"@type":"Organization","@id":"https:\/\/riwal-wpn.acceptatie.indicia-interactiv.nl\/de\/#organization","name":"Riwal","url":"https:\/\/riwal-wpn.acceptatie.indicia-interactiv.nl\/de\/","logo":{"@type":"ImageObject","inLanguage":"de","@id":"https:\/\/riwal-wpn.acceptatie.indicia-interactiv.nl\/de\/#\/schema\/logo\/image\/","url":"","contentUrl":"","caption":"Riwal"},"image":{"@id":"https:\/\/riwal-wpn.acceptatie.indicia-interactiv.nl\/de\/#\/schema\/logo\/image\/"}}]}},"_links":{"self":[{"href":"https:\/\/riwal-wpn.acceptatie.indicia-interactiv.nl\/de\/wp-json\/wp\/v2\/pages\/4586","targetHints":{"allow":["GET"]}}],"collection":[{"href":"https:\/\/riwal-wpn.acceptatie.indicia-interactiv.nl\/de\/wp-json\/wp\/v2\/pages"}],"about":[{"href":"https:\/\/riwal-wpn.acceptatie.indicia-interactiv.nl\/de\/wp-json\/wp\/v2\/types\/page"}],"author":[{"embeddable":true,"href":"https:\/\/riwal-wpn.acceptatie.indicia-interactiv.nl\/de\/wp-json\/wp\/v2\/users\/15"}],"replies":[{"embeddable":true,"href":"https:\/\/riwal-wpn.acceptatie.indicia-interactiv.nl\/de\/wp-json\/wp\/v2\/comments?post=4586"}],"version-history":[{"count":2,"href":"https:\/\/riwal-wpn.acceptatie.indicia-interactiv.nl\/de\/wp-json\/wp\/v2\/pages\/4586\/revisions"}],"predecessor-version":[{"id":4598,"href":"https:\/\/riwal-wpn.acceptatie.indicia-interactiv.nl\/de\/wp-json\/wp\/v2\/pages\/4586\/revisions\/4598"}],"wp:attachment":[{"href":"https:\/\/riwal-wpn.acceptatie.indicia-interactiv.nl\/de\/wp-json\/wp\/v2\/media?parent=4586"}],"curies":[{"name":"wp","href":"https:\/\/api.w.org\/{rel}","templated":true}]}}