{"id":4590,"date":"2024-01-08T13:35:29","date_gmt":"2024-01-08T13:35:29","guid":{"rendered":"https:\/\/riwal-wpn.acceptatie.indicia-interactiv.nl\/de\/?page_id=4590"},"modified":"2024-01-08T13:35:29","modified_gmt":"2024-01-08T13:35:29","slug":"facility_management","status":"publish","type":"page","link":"https:\/\/riwal-wpn.acceptatie.indicia-interactiv.nl\/de\/facility_management\/","title":{"rendered":"Facility Management"},"content":{"rendered":"<div class=\"container\">\n<h1 class=\"wp-block-heading\" id=\"h-riwal-partner-fur-facility-manager\">Riwal &#8211; Partner f\u00fcr Facility Manager<\/h1>\n<\/div>\n\n<div class=\"rental-wp-default-block rental-theme-block-default-margin\">\n\t\t\t\t\t\t\t\t<div class=\"container\">\n<div class=\"wp-block-media-text has-media-on-the-right is-stacked-on-mobile\"><div class=\"wp-block-media-text__content\">\n<p>Studien belegen, dass St\u00fcrze von Treppen oder Leitern, die typischerweise bei der Reinigung von Geb\u00e4uden zum Einsatz kommen, eine der h\u00e4ufigsten Ursachen von Arbeitsunf\u00e4llen sind. Hubarbeitsb\u00fchnen sind hier eine sicherere und effizientere Alternative. Mit unserem gro\u00dfen Vermietungs- und Verkaufsangebot bieten wir Ihnen L\u00f6sungen f\u00fcr alle Arten von Geb\u00e4udereinigungsarbeiten in der H\u00f6he. Aufgrund unserer nationalen Abdeckung ist Riwal in der Lage, Hubarbeitsb\u00fchnen schnell und direkt an Ihren Standort zu liefern.<\/p>\n\n\n\n<h3 class=\"wp-block-heading\">Ma\u00dfgeschneiderte L\u00f6sungen<\/h3>\n\n\n\n<ul class=\"wp-block-list\">\n<li>Individuelles Reinigungssystem<\/li>\n\n\n\n<li>Stromanschl\u00fcsse im Arbeitskorb<\/li>\n\n\n\n<li>Beleuchtung im Arbeitskorb<\/li>\n<\/ul>\n\n\n\n<h3 class=\"wp-block-heading\">Qualit\u00e4t und Sicherheit<\/h3>\n\n\n\n<ul class=\"wp-block-list\">\n<li>The Riwal Way: h\u00f6chste Sicherheitsstandards<\/li>\n\n\n\n<li>Nur Qualit\u00e4tsmaschinen namhafter Hersteller wie JLG<\/li>\n\n\n\n<li>Jede Maschine wird vor ihrem Einsatz eingehend gewartet.<\/li>\n\n\n\n<li>J\u00e4hrliche Inspektionen<\/li>\n\n\n\n<li>Umfassende Bedienerschulungen, auch vor Ort oder online m\u00f6glich<\/li>\n\n\n\n<li>Zertifiziert nach ISO und VCA&nbsp;<\/li>\n<\/ul>\n\n\n\n<h3 class=\"wp-block-heading\"><strong>Augmented-Reality-Funktion der \u201eMy Riwal Rental App\u201c<\/strong><\/h3>\n\n\n\n<p>Die Augmented-Reality-Funktion der \u201eMy Riwal Rental App\u201c erm\u00f6glicht die ma\u00dfstabsgerechte, virtuelle Darstellung einer Arbeitsb\u00fchne in der realen Arbeitsumgebung. Nutzer k\u00f6nnen somit die Einsatztauglichkeit vor der Miete pr\u00fcfen. Suchen Sie mittels individueller Parameter wie Arbeitsh\u00f6he oder Abmessungen nach einer Hubarbeitsb\u00fchne suchen, die sie mieten m\u00f6chten. Mit der Kamera projiziert die AR-Funktion dann ein digitales Bild der ausgew\u00e4hlten Maschine in die reale Arbeitsumgebung und stellt sie ma\u00dfstabsgerecht auf dem Handydisplay dar. Au\u00dferdem ist es m\u00f6glich, die Maschine vertikal und horizontal innerhalb eines Arbeitsraums zu bewegen. Sie l\u00e4sst sich in der H\u00f6he ausfahren und auf dem Boden bewegen. So kann man beispielsweise vorab testen, ob die Arbeitsh\u00f6he der B\u00fchne f\u00fcr die auszuf\u00fchrende Arbeit ausreichend ist oder ob die B\u00fchne durch ein bestimmtes Tor oder eine bestimmte T\u00fcr passt.<\/p>\n\n\n\n<p><\/p>\n<\/div><figure class=\"wp-block-media-text__media\"><img loading=\"lazy\" decoding=\"async\" width=\"900\" height=\"891\" src=\"https:\/\/riwal-wpn.acceptatie.indicia-interactiv.nl\/app\/uploads\/sites\/8\/2023\/08\/JLG-T1010.jpg\" alt=\"\" class=\"wp-image-2700 size-full\" srcset=\"https:\/\/riwal-wpn.acceptatie.indicia-interactiv.nl\/app\/uploads\/sites\/8\/2023\/08\/JLG-T1010.jpg 900w, https:\/\/riwal-wpn.acceptatie.indicia-interactiv.nl\/app\/uploads\/sites\/8\/2023\/08\/JLG-T1010-300x297.jpg 300w, https:\/\/riwal-wpn.acceptatie.indicia-interactiv.nl\/app\/uploads\/sites\/8\/2023\/08\/JLG-T1010-150x150.jpg 150w, https:\/\/riwal-wpn.acceptatie.indicia-interactiv.nl\/app\/uploads\/sites\/8\/2023\/08\/JLG-T1010-768x760.jpg 768w, https:\/\/riwal-wpn.acceptatie.indicia-interactiv.nl\/app\/uploads\/sites\/8\/2023\/08\/JLG-T1010-178x176.jpg 178w, https:\/\/riwal-wpn.acceptatie.indicia-interactiv.nl\/app\/uploads\/sites\/8\/2023\/08\/JLG-T1010-390x386.jpg 390w, https:\/\/riwal-wpn.acceptatie.indicia-interactiv.nl\/app\/uploads\/sites\/8\/2023\/08\/JLG-T1010-634x628.jpg 634w, https:\/\/riwal-wpn.acceptatie.indicia-interactiv.nl\/app\/uploads\/sites\/8\/2023\/08\/JLG-T1010-202x200.jpg 202w, https:\/\/riwal-wpn.acceptatie.indicia-interactiv.nl\/app\/uploads\/sites\/8\/2023\/08\/JLG-T1010-495x490.jpg 495w, https:\/\/riwal-wpn.acceptatie.indicia-interactiv.nl\/app\/uploads\/sites\/8\/2023\/08\/JLG-T1010-237x235.jpg 237w, https:\/\/riwal-wpn.acceptatie.indicia-interactiv.nl\/app\/uploads\/sites\/8\/2023\/08\/JLG-T1010-474x469.jpg 474w\" sizes=\"auto, (max-width: 900px) 100vw, 900px\" \/><\/figure><\/div>\n<\/div>\n\t\t\t\t\t\t\t<\/div> ","protected":false},"excerpt":{"rendered":"<p>Riwal &#8211; Partner f\u00fcr Facility Manager<\/p>\n","protected":false},"author":15,"featured_media":0,"parent":0,"menu_order":0,"comment_status":"closed","ping_status":"closed","template":"","meta":{"_acf_changed":false,"editor_notices":[],"footnotes":""},"class_list":["post-4590","page","type-page","status-publish","hentry"],"acf":[],"yoast_head":"<!-- This site is optimized with the Yoast SEO Premium plugin v27.1 (Yoast SEO v27.1.1) - https:\/\/yoast.com\/product\/yoast-seo-premium-wordpress\/ -->\n<title>Riwal: Arbeitsb\u00fchnen f\u00fcr die Eventindustrie<\/title>\n<meta name=\"description\" content=\"Riwal bietet mit seinem gro\u00dfen Vermietungs- und Verkaufsangebot L\u00f6sungen f\u00fcr alle Arten von Geb\u00e4udereinigungsarbeiten in der H\u00f6he.\" \/>\n<meta name=\"robots\" content=\"noindex, follow, max-snippet:-1, max-image-preview:large, max-video-preview:-1\" \/>\n<meta property=\"og:locale\" content=\"de_DE\" \/>\n<meta property=\"og:type\" content=\"article\" \/>\n<meta property=\"og:title\" content=\"Facility Management\" \/>\n<meta property=\"og:description\" content=\"Riwal bietet mit seinem gro\u00dfen Vermietungs- und Verkaufsangebot L\u00f6sungen f\u00fcr alle Arten von Geb\u00e4udereinigungsarbeiten in der H\u00f6he.\" \/>\n<meta property=\"og:url\" content=\"https:\/\/riwal-wpn.acceptatie.indicia-interactiv.nl\/de\/facility_management\/\" \/>\n<meta property=\"og:site_name\" content=\"Riwal - Deutschland\" \/>\n<meta property=\"og:image\" content=\"https:\/\/riwal-wpn.acceptatie.indicia-interactiv.nl\/app\/uploads\/sites\/8\/2023\/08\/JLG-T1010.jpg\" \/>\n<meta name=\"twitter:card\" content=\"summary_large_image\" \/>\n<meta name=\"twitter:label1\" content=\"Gesch\u00e4tzte Lesezeit\" \/>\n\t<meta name=\"twitter:data1\" content=\"2\u00a0Minuten\" \/>\n<script type=\"application\/ld+json\" class=\"yoast-schema-graph\">{\"@context\":\"https:\/\/schema.org\",\"@graph\":[{\"@type\":\"WebPage\",\"@id\":\"https:\/\/riwal-wpn.acceptatie.indicia-interactiv.nl\/de\/facility_management\/\",\"url\":\"https:\/\/riwal-wpn.acceptatie.indicia-interactiv.nl\/de\/facility_management\/\",\"name\":\"Riwal: Arbeitsb\u00fchnen f\u00fcr die Eventindustrie\",\"isPartOf\":{\"@id\":\"https:\/\/riwal-wpn.acceptatie.indicia-interactiv.nl\/de\/#website\"},\"primaryImageOfPage\":{\"@id\":\"https:\/\/riwal-wpn.acceptatie.indicia-interactiv.nl\/de\/facility_management\/#primaryimage\"},\"image\":{\"@id\":\"https:\/\/riwal-wpn.acceptatie.indicia-interactiv.nl\/de\/facility_management\/#primaryimage\"},\"thumbnailUrl\":\"https:\/\/riwal-wpn.acceptatie.indicia-interactiv.nl\/app\/uploads\/sites\/8\/2023\/08\/JLG-T1010.jpg\",\"datePublished\":\"2024-01-08T13:35:29+00:00\",\"description\":\"Riwal bietet mit seinem gro\u00dfen Vermietungs- und Verkaufsangebot L\u00f6sungen f\u00fcr alle Arten von Geb\u00e4udereinigungsarbeiten in der H\u00f6he.\",\"breadcrumb\":{\"@id\":\"https:\/\/riwal-wpn.acceptatie.indicia-interactiv.nl\/de\/facility_management\/#breadcrumb\"},\"inLanguage\":\"de\",\"potentialAction\":[{\"@type\":\"ReadAction\",\"target\":[\"https:\/\/riwal-wpn.acceptatie.indicia-interactiv.nl\/de\/facility_management\/\"]}]},{\"@type\":\"ImageObject\",\"inLanguage\":\"de\",\"@id\":\"https:\/\/riwal-wpn.acceptatie.indicia-interactiv.nl\/de\/facility_management\/#primaryimage\",\"url\":\"https:\/\/riwal-wpn.acceptatie.indicia-interactiv.nl\/app\/uploads\/sites\/8\/2023\/08\/JLG-T1010.jpg\",\"contentUrl\":\"https:\/\/riwal-wpn.acceptatie.indicia-interactiv.nl\/app\/uploads\/sites\/8\/2023\/08\/JLG-T1010.jpg\"},{\"@type\":\"BreadcrumbList\",\"@id\":\"https:\/\/riwal-wpn.acceptatie.indicia-interactiv.nl\/de\/facility_management\/#breadcrumb\",\"itemListElement\":[{\"@type\":\"ListItem\",\"position\":1,\"name\":\"Home\",\"item\":\"https:\/\/riwal-wpn.acceptatie.indicia-interactiv.nl\/de\/\"},{\"@type\":\"ListItem\",\"position\":2,\"name\":\"Facility Management\"}]},{\"@type\":\"WebSite\",\"@id\":\"https:\/\/riwal-wpn.acceptatie.indicia-interactiv.nl\/de\/#website\",\"url\":\"https:\/\/riwal-wpn.acceptatie.indicia-interactiv.nl\/de\/\",\"name\":\"Riwal\",\"description\":\"Arial work platform &amp; Telehandler Rental\/Sales\",\"publisher\":{\"@id\":\"https:\/\/riwal-wpn.acceptatie.indicia-interactiv.nl\/de\/#organization\"},\"potentialAction\":[{\"@type\":\"SearchAction\",\"target\":{\"@type\":\"EntryPoint\",\"urlTemplate\":\"https:\/\/riwal-wpn.acceptatie.indicia-interactiv.nl\/de\/?s={search_term_string}\"},\"query-input\":{\"@type\":\"PropertyValueSpecification\",\"valueRequired\":true,\"valueName\":\"search_term_string\"}}],\"inLanguage\":\"de\"},{\"@type\":\"Organization\",\"@id\":\"https:\/\/riwal-wpn.acceptatie.indicia-interactiv.nl\/de\/#organization\",\"name\":\"Riwal\",\"url\":\"https:\/\/riwal-wpn.acceptatie.indicia-interactiv.nl\/de\/\",\"logo\":{\"@type\":\"ImageObject\",\"inLanguage\":\"de\",\"@id\":\"https:\/\/riwal-wpn.acceptatie.indicia-interactiv.nl\/de\/#\/schema\/logo\/image\/\",\"url\":\"\",\"contentUrl\":\"\",\"caption\":\"Riwal\"},\"image\":{\"@id\":\"https:\/\/riwal-wpn.acceptatie.indicia-interactiv.nl\/de\/#\/schema\/logo\/image\/\"}}]}<\/script>\n<!-- \/ Yoast SEO Premium plugin. -->","yoast_head_json":{"title":"Riwal: Arbeitsb\u00fchnen f\u00fcr die Eventindustrie","description":"Riwal bietet mit seinem gro\u00dfen Vermietungs- und Verkaufsangebot L\u00f6sungen f\u00fcr alle Arten von Geb\u00e4udereinigungsarbeiten in der H\u00f6he.","robots":{"index":"noindex","follow":"follow","max-snippet":"max-snippet:-1","max-image-preview":"max-image-preview:large","max-video-preview":"max-video-preview:-1"},"og_locale":"de_DE","og_type":"article","og_title":"Facility Management","og_description":"Riwal bietet mit seinem gro\u00dfen Vermietungs- und Verkaufsangebot L\u00f6sungen f\u00fcr alle Arten von Geb\u00e4udereinigungsarbeiten in der H\u00f6he.","og_url":"https:\/\/riwal-wpn.acceptatie.indicia-interactiv.nl\/de\/facility_management\/","og_site_name":"Riwal - Deutschland","og_image":[{"url":"https:\/\/riwal-wpn.acceptatie.indicia-interactiv.nl\/app\/uploads\/sites\/8\/2023\/08\/JLG-T1010.jpg","type":"","width":"","height":""}],"twitter_card":"summary_large_image","twitter_misc":{"Gesch\u00e4tzte Lesezeit":"2\u00a0Minuten"},"schema":{"@context":"https:\/\/schema.org","@graph":[{"@type":"WebPage","@id":"https:\/\/riwal-wpn.acceptatie.indicia-interactiv.nl\/de\/facility_management\/","url":"https:\/\/riwal-wpn.acceptatie.indicia-interactiv.nl\/de\/facility_management\/","name":"Riwal: Arbeitsb\u00fchnen f\u00fcr die Eventindustrie","isPartOf":{"@id":"https:\/\/riwal-wpn.acceptatie.indicia-interactiv.nl\/de\/#website"},"primaryImageOfPage":{"@id":"https:\/\/riwal-wpn.acceptatie.indicia-interactiv.nl\/de\/facility_management\/#primaryimage"},"image":{"@id":"https:\/\/riwal-wpn.acceptatie.indicia-interactiv.nl\/de\/facility_management\/#primaryimage"},"thumbnailUrl":"https:\/\/riwal-wpn.acceptatie.indicia-interactiv.nl\/app\/uploads\/sites\/8\/2023\/08\/JLG-T1010.jpg","datePublished":"2024-01-08T13:35:29+00:00","description":"Riwal bietet mit seinem gro\u00dfen Vermietungs- und Verkaufsangebot L\u00f6sungen f\u00fcr alle Arten von Geb\u00e4udereinigungsarbeiten in der H\u00f6he.","breadcrumb":{"@id":"https:\/\/riwal-wpn.acceptatie.indicia-interactiv.nl\/de\/facility_management\/#breadcrumb"},"inLanguage":"de","potentialAction":[{"@type":"ReadAction","target":["https:\/\/riwal-wpn.acceptatie.indicia-interactiv.nl\/de\/facility_management\/"]}]},{"@type":"ImageObject","inLanguage":"de","@id":"https:\/\/riwal-wpn.acceptatie.indicia-interactiv.nl\/de\/facility_management\/#primaryimage","url":"https:\/\/riwal-wpn.acceptatie.indicia-interactiv.nl\/app\/uploads\/sites\/8\/2023\/08\/JLG-T1010.jpg","contentUrl":"https:\/\/riwal-wpn.acceptatie.indicia-interactiv.nl\/app\/uploads\/sites\/8\/2023\/08\/JLG-T1010.jpg"},{"@type":"BreadcrumbList","@id":"https:\/\/riwal-wpn.acceptatie.indicia-interactiv.nl\/de\/facility_management\/#breadcrumb","itemListElement":[{"@type":"ListItem","position":1,"name":"Home","item":"https:\/\/riwal-wpn.acceptatie.indicia-interactiv.nl\/de\/"},{"@type":"ListItem","position":2,"name":"Facility Management"}]},{"@type":"WebSite","@id":"https:\/\/riwal-wpn.acceptatie.indicia-interactiv.nl\/de\/#website","url":"https:\/\/riwal-wpn.acceptatie.indicia-interactiv.nl\/de\/","name":"Riwal","description":"Arial work platform &amp; Telehandler Rental\/Sales","publisher":{"@id":"https:\/\/riwal-wpn.acceptatie.indicia-interactiv.nl\/de\/#organization"},"potentialAction":[{"@type":"SearchAction","target":{"@type":"EntryPoint","urlTemplate":"https:\/\/riwal-wpn.acceptatie.indicia-interactiv.nl\/de\/?s={search_term_string}"},"query-input":{"@type":"PropertyValueSpecification","valueRequired":true,"valueName":"search_term_string"}}],"inLanguage":"de"},{"@type":"Organization","@id":"https:\/\/riwal-wpn.acceptatie.indicia-interactiv.nl\/de\/#organization","name":"Riwal","url":"https:\/\/riwal-wpn.acceptatie.indicia-interactiv.nl\/de\/","logo":{"@type":"ImageObject","inLanguage":"de","@id":"https:\/\/riwal-wpn.acceptatie.indicia-interactiv.nl\/de\/#\/schema\/logo\/image\/","url":"","contentUrl":"","caption":"Riwal"},"image":{"@id":"https:\/\/riwal-wpn.acceptatie.indicia-interactiv.nl\/de\/#\/schema\/logo\/image\/"}}]}},"_links":{"self":[{"href":"https:\/\/riwal-wpn.acceptatie.indicia-interactiv.nl\/de\/wp-json\/wp\/v2\/pages\/4590","targetHints":{"allow":["GET"]}}],"collection":[{"href":"https:\/\/riwal-wpn.acceptatie.indicia-interactiv.nl\/de\/wp-json\/wp\/v2\/pages"}],"about":[{"href":"https:\/\/riwal-wpn.acceptatie.indicia-interactiv.nl\/de\/wp-json\/wp\/v2\/types\/page"}],"author":[{"embeddable":true,"href":"https:\/\/riwal-wpn.acceptatie.indicia-interactiv.nl\/de\/wp-json\/wp\/v2\/users\/15"}],"replies":[{"embeddable":true,"href":"https:\/\/riwal-wpn.acceptatie.indicia-interactiv.nl\/de\/wp-json\/wp\/v2\/comments?post=4590"}],"version-history":[{"count":1,"href":"https:\/\/riwal-wpn.acceptatie.indicia-interactiv.nl\/de\/wp-json\/wp\/v2\/pages\/4590\/revisions"}],"predecessor-version":[{"id":4591,"href":"https:\/\/riwal-wpn.acceptatie.indicia-interactiv.nl\/de\/wp-json\/wp\/v2\/pages\/4590\/revisions\/4591"}],"wp:attachment":[{"href":"https:\/\/riwal-wpn.acceptatie.indicia-interactiv.nl\/de\/wp-json\/wp\/v2\/media?parent=4590"}],"curies":[{"name":"wp","href":"https:\/\/api.w.org\/{rel}","templated":true}]}}