{"id":4594,"date":"2024-01-08T13:46:15","date_gmt":"2024-01-08T13:46:15","guid":{"rendered":"https:\/\/riwal-wpn.acceptatie.indicia-interactiv.nl\/de\/?page_id=4594"},"modified":"2024-01-08T13:46:15","modified_gmt":"2024-01-08T13:46:15","slug":"lagerlogistik-regalbau","status":"publish","type":"page","link":"https:\/\/riwal-wpn.acceptatie.indicia-interactiv.nl\/de\/lagerlogistik-regalbau\/","title":{"rendered":"Lagerlogistik &amp; Regalbau"},"content":{"rendered":"<div class=\"container\">\n<h1 class=\"wp-block-heading\" id=\"h-riwal-partner-fur-lagerlogistik-amp-regalbau\">Riwal &#8211; Partner f\u00fcr Lagerlogistik &amp; Regalbau<\/h1>\n<\/div>\n\n<div class=\"rental-wp-default-block rental-theme-block-default-margin\">\n\t\t\t\t\t\t\t\t<div class=\"container\">\n<div class=\"wp-block-media-text has-media-on-the-right is-stacked-on-mobile\"><div class=\"wp-block-media-text__content\">\n<p>Als Spezialist f\u00fcr H\u00f6henarbeiten verf\u00fcgen wir \u00fcber umfangreiche Erfahrung in der Bereitstellung modernster L\u00f6sungen f\u00fcr Sicherheit und Effizienz in der Lagerlogistik und im Regalbau. Wir wissen, dass gerade in dieser Branche die Maschinenverf\u00fcgbarkeit entscheidend ist, um Projektverz\u00f6gerungen bei unseren Kunden zu vermeiden. Deshalb ist unser technischer Service 24 Stunden am Tag, 7 Tage die Woche erreichbar. Wenn unsere Helpdesk-Ingenieure Ihr Problem nicht l\u00f6sen k\u00f6nnen, werden unsere Servicetechniker so schnell wie m\u00f6glich bei Ihnen vor Ort sein.\u00a0<\/p>\n\n\n\n<p>Steigern Sie Ihre Effizienz, indem Sie f\u00fcr hochwertige Ausr\u00fcstungen und Dienstleistungen auf Riwal setzen. Wir garantieren eine p\u00fcnktlich Lieferung an jeden von Ihnen gew\u00fcnschten Standort, auch weltweit.<\/p>\n\n\n\n<p><strong>Ma\u00dfgeschneiderte L\u00f6sungen<\/strong><\/p>\n\n\n\n<ul class=\"wp-block-list\">\n<li>Breites Sortiment an schmalen Scherenarbeitsb\u00fchnen, hervorragend f\u00fcr die Regalmontage geeignet.<\/li>\n\n\n\n<li>M\u00f6glichkeit, zus\u00e4tzliche Ausr\u00fcstung wie Arbeitskabinen oder Lichtmasten bereitzustellen.<\/li>\n\n\n\n<li>Spezielle Rohrtr\u00e4ger, um den Transport von Baustoffen sicherer und einfacher zu machen.<\/li>\n\n\n\n<li>Eine Flotte von deutschlandweit 2.400 Maschinen&nbsp;<\/li>\n<\/ul>\n\n\n\n<p><strong>Qualit\u00e4t und Sicherheit<\/strong><\/p>\n\n\n\n<ul class=\"wp-block-list\">\n<li>The Riwal Way: h\u00f6chste Sicherheitsstandards<\/li>\n\n\n\n<li>Nur Qualit\u00e4tsmaschinen namhafter Hersteller wie JLG<\/li>\n\n\n\n<li>Jede Maschine wird vor ihrem Einsatz eingehend gewartet.<\/li>\n\n\n\n<li>J\u00e4hrliche Inspektionen<\/li>\n\n\n\n<li>Umfassende Bedienerschulungen, auch vor Ort oder online m\u00f6glich<\/li>\n<\/ul>\n\n\n\n<p><\/p>\n<\/div><figure class=\"wp-block-media-text__media\"><img loading=\"lazy\" decoding=\"async\" width=\"900\" height=\"600\" src=\"https:\/\/riwal-wpn.acceptatie.indicia-interactiv.nl\/app\/uploads\/sites\/8\/2023\/08\/HL-X-105EL16.jpg\" alt=\"\" class=\"wp-image-2240 size-full\" srcset=\"https:\/\/riwal-wpn.acceptatie.indicia-interactiv.nl\/app\/uploads\/sites\/8\/2023\/08\/HL-X-105EL16.jpg 900w, https:\/\/riwal-wpn.acceptatie.indicia-interactiv.nl\/app\/uploads\/sites\/8\/2023\/08\/HL-X-105EL16-300x200.jpg 300w, https:\/\/riwal-wpn.acceptatie.indicia-interactiv.nl\/app\/uploads\/sites\/8\/2023\/08\/HL-X-105EL16-768x512.jpg 768w, https:\/\/riwal-wpn.acceptatie.indicia-interactiv.nl\/app\/uploads\/sites\/8\/2023\/08\/HL-X-105EL16-178x119.jpg 178w, https:\/\/riwal-wpn.acceptatie.indicia-interactiv.nl\/app\/uploads\/sites\/8\/2023\/08\/HL-X-105EL16-390x260.jpg 390w, https:\/\/riwal-wpn.acceptatie.indicia-interactiv.nl\/app\/uploads\/sites\/8\/2023\/08\/HL-X-105EL16-830x553.jpg 830w, https:\/\/riwal-wpn.acceptatie.indicia-interactiv.nl\/app\/uploads\/sites\/8\/2023\/08\/HL-X-105EL16-250x167.jpg 250w, https:\/\/riwal-wpn.acceptatie.indicia-interactiv.nl\/app\/uploads\/sites\/8\/2023\/08\/HL-X-105EL16-620x413.jpg 620w, https:\/\/riwal-wpn.acceptatie.indicia-interactiv.nl\/app\/uploads\/sites\/8\/2023\/08\/HL-X-105EL16-237x158.jpg 237w, https:\/\/riwal-wpn.acceptatie.indicia-interactiv.nl\/app\/uploads\/sites\/8\/2023\/08\/HL-X-105EL16-474x316.jpg 474w\" sizes=\"auto, (max-width: 900px) 100vw, 900px\" \/><\/figure><\/div>\n<\/div>\n\t\t\t\t\t\t\t<\/div> ","protected":false},"excerpt":{"rendered":"<p>Riwal &#8211; Partner f\u00fcr Lagerlogistik &amp; Regalbau<\/p>\n","protected":false},"author":15,"featured_media":0,"parent":0,"menu_order":0,"comment_status":"closed","ping_status":"closed","template":"","meta":{"_acf_changed":false,"editor_notices":[],"footnotes":""},"class_list":["post-4594","page","type-page","status-publish","hentry"],"acf":[],"yoast_head":"<!-- This site is optimized with the Yoast SEO Premium plugin v27.1 (Yoast SEO v27.1.1) - https:\/\/yoast.com\/product\/yoast-seo-premium-wordpress\/ -->\n<title>Riwal: Arbeitsb\u00fchnen f\u00fcr Lagerlogistik und Regalbau<\/title>\n<meta name=\"description\" content=\"Als Spezialist f\u00fcr H\u00f6henarbeiten stellt Riwal L\u00f6sungen f\u00fcr Sicherheit und Effizienz in der Lagerlogistik und im Regalbau zur Verf\u00fcgung.\" \/>\n<meta name=\"robots\" content=\"noindex, follow, max-snippet:-1, max-image-preview:large, max-video-preview:-1\" \/>\n<meta property=\"og:locale\" content=\"de_DE\" \/>\n<meta property=\"og:type\" content=\"article\" \/>\n<meta property=\"og:title\" content=\"Lagerlogistik &amp; Regalbau\" \/>\n<meta property=\"og:description\" content=\"Als Spezialist f\u00fcr H\u00f6henarbeiten stellt Riwal L\u00f6sungen f\u00fcr Sicherheit und Effizienz in der Lagerlogistik und im Regalbau zur Verf\u00fcgung.\" \/>\n<meta property=\"og:url\" content=\"https:\/\/riwal-wpn.acceptatie.indicia-interactiv.nl\/de\/lagerlogistik-regalbau\/\" \/>\n<meta property=\"og:site_name\" content=\"Riwal - Deutschland\" \/>\n<meta property=\"og:image\" content=\"https:\/\/riwal-wpn.acceptatie.indicia-interactiv.nl\/app\/uploads\/sites\/8\/2023\/08\/HL-X-105EL16.jpg\" \/>\n<meta name=\"twitter:card\" content=\"summary_large_image\" \/>\n<meta name=\"twitter:label1\" content=\"Gesch\u00e4tzte Lesezeit\" \/>\n\t<meta name=\"twitter:data1\" content=\"2\u00a0Minuten\" \/>\n<script type=\"application\/ld+json\" class=\"yoast-schema-graph\">{\"@context\":\"https:\/\/schema.org\",\"@graph\":[{\"@type\":\"WebPage\",\"@id\":\"https:\/\/riwal-wpn.acceptatie.indicia-interactiv.nl\/de\/lagerlogistik-regalbau\/\",\"url\":\"https:\/\/riwal-wpn.acceptatie.indicia-interactiv.nl\/de\/lagerlogistik-regalbau\/\",\"name\":\"Riwal: Arbeitsb\u00fchnen f\u00fcr Lagerlogistik und Regalbau\",\"isPartOf\":{\"@id\":\"https:\/\/riwal-wpn.acceptatie.indicia-interactiv.nl\/de\/#website\"},\"primaryImageOfPage\":{\"@id\":\"https:\/\/riwal-wpn.acceptatie.indicia-interactiv.nl\/de\/lagerlogistik-regalbau\/#primaryimage\"},\"image\":{\"@id\":\"https:\/\/riwal-wpn.acceptatie.indicia-interactiv.nl\/de\/lagerlogistik-regalbau\/#primaryimage\"},\"thumbnailUrl\":\"https:\/\/riwal-wpn.acceptatie.indicia-interactiv.nl\/app\/uploads\/sites\/8\/2023\/08\/HL-X-105EL16.jpg\",\"datePublished\":\"2024-01-08T13:46:15+00:00\",\"description\":\"Als Spezialist f\u00fcr H\u00f6henarbeiten stellt Riwal L\u00f6sungen f\u00fcr Sicherheit und Effizienz in der Lagerlogistik und im Regalbau zur Verf\u00fcgung.\",\"breadcrumb\":{\"@id\":\"https:\/\/riwal-wpn.acceptatie.indicia-interactiv.nl\/de\/lagerlogistik-regalbau\/#breadcrumb\"},\"inLanguage\":\"de\",\"potentialAction\":[{\"@type\":\"ReadAction\",\"target\":[\"https:\/\/riwal-wpn.acceptatie.indicia-interactiv.nl\/de\/lagerlogistik-regalbau\/\"]}]},{\"@type\":\"ImageObject\",\"inLanguage\":\"de\",\"@id\":\"https:\/\/riwal-wpn.acceptatie.indicia-interactiv.nl\/de\/lagerlogistik-regalbau\/#primaryimage\",\"url\":\"https:\/\/riwal-wpn.acceptatie.indicia-interactiv.nl\/app\/uploads\/sites\/8\/2023\/08\/HL-X-105EL16.jpg\",\"contentUrl\":\"https:\/\/riwal-wpn.acceptatie.indicia-interactiv.nl\/app\/uploads\/sites\/8\/2023\/08\/HL-X-105EL16.jpg\"},{\"@type\":\"BreadcrumbList\",\"@id\":\"https:\/\/riwal-wpn.acceptatie.indicia-interactiv.nl\/de\/lagerlogistik-regalbau\/#breadcrumb\",\"itemListElement\":[{\"@type\":\"ListItem\",\"position\":1,\"name\":\"Home\",\"item\":\"https:\/\/riwal-wpn.acceptatie.indicia-interactiv.nl\/de\/\"},{\"@type\":\"ListItem\",\"position\":2,\"name\":\"Lagerlogistik &amp; Regalbau\"}]},{\"@type\":\"WebSite\",\"@id\":\"https:\/\/riwal-wpn.acceptatie.indicia-interactiv.nl\/de\/#website\",\"url\":\"https:\/\/riwal-wpn.acceptatie.indicia-interactiv.nl\/de\/\",\"name\":\"Riwal\",\"description\":\"Arial work platform &amp; Telehandler Rental\/Sales\",\"publisher\":{\"@id\":\"https:\/\/riwal-wpn.acceptatie.indicia-interactiv.nl\/de\/#organization\"},\"potentialAction\":[{\"@type\":\"SearchAction\",\"target\":{\"@type\":\"EntryPoint\",\"urlTemplate\":\"https:\/\/riwal-wpn.acceptatie.indicia-interactiv.nl\/de\/?s={search_term_string}\"},\"query-input\":{\"@type\":\"PropertyValueSpecification\",\"valueRequired\":true,\"valueName\":\"search_term_string\"}}],\"inLanguage\":\"de\"},{\"@type\":\"Organization\",\"@id\":\"https:\/\/riwal-wpn.acceptatie.indicia-interactiv.nl\/de\/#organization\",\"name\":\"Riwal\",\"url\":\"https:\/\/riwal-wpn.acceptatie.indicia-interactiv.nl\/de\/\",\"logo\":{\"@type\":\"ImageObject\",\"inLanguage\":\"de\",\"@id\":\"https:\/\/riwal-wpn.acceptatie.indicia-interactiv.nl\/de\/#\/schema\/logo\/image\/\",\"url\":\"\",\"contentUrl\":\"\",\"caption\":\"Riwal\"},\"image\":{\"@id\":\"https:\/\/riwal-wpn.acceptatie.indicia-interactiv.nl\/de\/#\/schema\/logo\/image\/\"}}]}<\/script>\n<!-- \/ Yoast SEO Premium plugin. -->","yoast_head_json":{"title":"Riwal: Arbeitsb\u00fchnen f\u00fcr Lagerlogistik und Regalbau","description":"Als Spezialist f\u00fcr H\u00f6henarbeiten stellt Riwal L\u00f6sungen f\u00fcr Sicherheit und Effizienz in der Lagerlogistik und im Regalbau zur Verf\u00fcgung.","robots":{"index":"noindex","follow":"follow","max-snippet":"max-snippet:-1","max-image-preview":"max-image-preview:large","max-video-preview":"max-video-preview:-1"},"og_locale":"de_DE","og_type":"article","og_title":"Lagerlogistik &amp; Regalbau","og_description":"Als Spezialist f\u00fcr H\u00f6henarbeiten stellt Riwal L\u00f6sungen f\u00fcr Sicherheit und Effizienz in der Lagerlogistik und im Regalbau zur Verf\u00fcgung.","og_url":"https:\/\/riwal-wpn.acceptatie.indicia-interactiv.nl\/de\/lagerlogistik-regalbau\/","og_site_name":"Riwal - Deutschland","og_image":[{"url":"https:\/\/riwal-wpn.acceptatie.indicia-interactiv.nl\/app\/uploads\/sites\/8\/2023\/08\/HL-X-105EL16.jpg","type":"","width":"","height":""}],"twitter_card":"summary_large_image","twitter_misc":{"Gesch\u00e4tzte Lesezeit":"2\u00a0Minuten"},"schema":{"@context":"https:\/\/schema.org","@graph":[{"@type":"WebPage","@id":"https:\/\/riwal-wpn.acceptatie.indicia-interactiv.nl\/de\/lagerlogistik-regalbau\/","url":"https:\/\/riwal-wpn.acceptatie.indicia-interactiv.nl\/de\/lagerlogistik-regalbau\/","name":"Riwal: Arbeitsb\u00fchnen f\u00fcr Lagerlogistik und Regalbau","isPartOf":{"@id":"https:\/\/riwal-wpn.acceptatie.indicia-interactiv.nl\/de\/#website"},"primaryImageOfPage":{"@id":"https:\/\/riwal-wpn.acceptatie.indicia-interactiv.nl\/de\/lagerlogistik-regalbau\/#primaryimage"},"image":{"@id":"https:\/\/riwal-wpn.acceptatie.indicia-interactiv.nl\/de\/lagerlogistik-regalbau\/#primaryimage"},"thumbnailUrl":"https:\/\/riwal-wpn.acceptatie.indicia-interactiv.nl\/app\/uploads\/sites\/8\/2023\/08\/HL-X-105EL16.jpg","datePublished":"2024-01-08T13:46:15+00:00","description":"Als Spezialist f\u00fcr H\u00f6henarbeiten stellt Riwal L\u00f6sungen f\u00fcr Sicherheit und Effizienz in der Lagerlogistik und im Regalbau zur Verf\u00fcgung.","breadcrumb":{"@id":"https:\/\/riwal-wpn.acceptatie.indicia-interactiv.nl\/de\/lagerlogistik-regalbau\/#breadcrumb"},"inLanguage":"de","potentialAction":[{"@type":"ReadAction","target":["https:\/\/riwal-wpn.acceptatie.indicia-interactiv.nl\/de\/lagerlogistik-regalbau\/"]}]},{"@type":"ImageObject","inLanguage":"de","@id":"https:\/\/riwal-wpn.acceptatie.indicia-interactiv.nl\/de\/lagerlogistik-regalbau\/#primaryimage","url":"https:\/\/riwal-wpn.acceptatie.indicia-interactiv.nl\/app\/uploads\/sites\/8\/2023\/08\/HL-X-105EL16.jpg","contentUrl":"https:\/\/riwal-wpn.acceptatie.indicia-interactiv.nl\/app\/uploads\/sites\/8\/2023\/08\/HL-X-105EL16.jpg"},{"@type":"BreadcrumbList","@id":"https:\/\/riwal-wpn.acceptatie.indicia-interactiv.nl\/de\/lagerlogistik-regalbau\/#breadcrumb","itemListElement":[{"@type":"ListItem","position":1,"name":"Home","item":"https:\/\/riwal-wpn.acceptatie.indicia-interactiv.nl\/de\/"},{"@type":"ListItem","position":2,"name":"Lagerlogistik &amp; Regalbau"}]},{"@type":"WebSite","@id":"https:\/\/riwal-wpn.acceptatie.indicia-interactiv.nl\/de\/#website","url":"https:\/\/riwal-wpn.acceptatie.indicia-interactiv.nl\/de\/","name":"Riwal","description":"Arial work platform &amp; Telehandler Rental\/Sales","publisher":{"@id":"https:\/\/riwal-wpn.acceptatie.indicia-interactiv.nl\/de\/#organization"},"potentialAction":[{"@type":"SearchAction","target":{"@type":"EntryPoint","urlTemplate":"https:\/\/riwal-wpn.acceptatie.indicia-interactiv.nl\/de\/?s={search_term_string}"},"query-input":{"@type":"PropertyValueSpecification","valueRequired":true,"valueName":"search_term_string"}}],"inLanguage":"de"},{"@type":"Organization","@id":"https:\/\/riwal-wpn.acceptatie.indicia-interactiv.nl\/de\/#organization","name":"Riwal","url":"https:\/\/riwal-wpn.acceptatie.indicia-interactiv.nl\/de\/","logo":{"@type":"ImageObject","inLanguage":"de","@id":"https:\/\/riwal-wpn.acceptatie.indicia-interactiv.nl\/de\/#\/schema\/logo\/image\/","url":"","contentUrl":"","caption":"Riwal"},"image":{"@id":"https:\/\/riwal-wpn.acceptatie.indicia-interactiv.nl\/de\/#\/schema\/logo\/image\/"}}]}},"_links":{"self":[{"href":"https:\/\/riwal-wpn.acceptatie.indicia-interactiv.nl\/de\/wp-json\/wp\/v2\/pages\/4594","targetHints":{"allow":["GET"]}}],"collection":[{"href":"https:\/\/riwal-wpn.acceptatie.indicia-interactiv.nl\/de\/wp-json\/wp\/v2\/pages"}],"about":[{"href":"https:\/\/riwal-wpn.acceptatie.indicia-interactiv.nl\/de\/wp-json\/wp\/v2\/types\/page"}],"author":[{"embeddable":true,"href":"https:\/\/riwal-wpn.acceptatie.indicia-interactiv.nl\/de\/wp-json\/wp\/v2\/users\/15"}],"replies":[{"embeddable":true,"href":"https:\/\/riwal-wpn.acceptatie.indicia-interactiv.nl\/de\/wp-json\/wp\/v2\/comments?post=4594"}],"version-history":[{"count":1,"href":"https:\/\/riwal-wpn.acceptatie.indicia-interactiv.nl\/de\/wp-json\/wp\/v2\/pages\/4594\/revisions"}],"predecessor-version":[{"id":4595,"href":"https:\/\/riwal-wpn.acceptatie.indicia-interactiv.nl\/de\/wp-json\/wp\/v2\/pages\/4594\/revisions\/4595"}],"wp:attachment":[{"href":"https:\/\/riwal-wpn.acceptatie.indicia-interactiv.nl\/de\/wp-json\/wp\/v2\/media?parent=4594"}],"curies":[{"name":"wp","href":"https:\/\/api.w.org\/{rel}","templated":true}]}}