{"id":3219,"date":"2023-12-13T13:29:50","date_gmt":"2023-12-13T13:29:50","guid":{"rendered":"https:\/\/riwal-wpn.acceptatie.indicia-interactiv.nl\/fr\/?page_id=3219"},"modified":"2024-02-06T10:32:02","modified_gmt":"2024-02-06T10:32:02","slug":"evenementiel","status":"publish","type":"page","link":"https:\/\/riwal-wpn.acceptatie.indicia-interactiv.nl\/fr\/secteurs-dactivite\/evenementiel\/","title":{"rendered":"\u00c9v\u00e9nementiel"},"content":{"rendered":"<div class=\"rental-wp-default-block rental-theme-block-default-margin\">\n\t\t\t\t\t\t\t\t<div class=\"container\">\n<div class=\"wp-block-columns is-layout-flex wp-container-core-columns-is-layout-28f84493 wp-block-columns-is-layout-flex\">\n<div class=\"wp-block-column is-layout-flow wp-block-column-is-layout-flow\" style=\"flex-basis:33.33%\">\n<h1 class=\"wp-block-heading\" id=\"h-riwal-au-service-de-l-evenementiel\">Riwal au service de l&rsquo;\u00e9v\u00e9nementiel<\/h1>\n<\/div>\n\n\n\n<div class=\"wp-block-column is-layout-flow wp-block-column-is-layout-flow\" style=\"flex-basis:66.66%\">\n<p>Riwal accompagne les acteurs de l&rsquo;\u00e9v\u00e9nementiel, tel que l&rsquo;industrie du film, production TV. Nous proposons une gamme de machines de qualit\u00e9 et id\u00e9ales pour les tournages, la photographie de sc\u00e8nes a\u00e9riennes&#8230;<\/p>\n\n\n\n<p class=\"has-orange-color has-text-color has-link-color wp-elements-11a09af8f914bae92d9892c04558a59b\">Vous souhaitez en savoir plus, faire une demande de devis ? <a href=\"https:\/\/riwal-wpn.acceptatie.indicia-interactiv.nl\/fr\/besoin-daide\/\">Remplissez ce formulaire rapide !<\/a><\/p>\n<\/div>\n<\/div>\n<\/div>\n\t\t\t\t\t\t\t<\/div> \n\n<div class=\"wp-block-rental-theme-featured rental-theme-block-default-padding\">\n\t<div class=\"container\">\n\t\t<div class=\"wp-block-rental-theme-featured-container\">\n\t\t\t<div class=\"wp-block-rental-theme-featured__image\">\n\t\t\t\t<div class=\"wp-block-rental-theme-featured-image-container\">\n\t\t\t\t\t\t\t\t\t\t\t<div class=\"main-image\">\n\t\t\t\t\t\t\t<img loading=\"lazy\" decoding=\"async\" width=\"620\" height=\"466\" src=\"https:\/\/riwal-wpn.acceptatie.indicia-interactiv.nl\/app\/uploads\/sites\/15\/2023\/12\/Product-Website-Event-Photos-PL-620x466.jpg\" class=\"attachment-featured_block_image size-featured_block_image\" alt=\"Riwal sp\u00e9cialiste de vos \u00e9v\u00e9nements pour vos \u00e9l\u00e9vations\" srcset=\"https:\/\/riwal-wpn.acceptatie.indicia-interactiv.nl\/app\/uploads\/sites\/15\/2023\/12\/Product-Website-Event-Photos-PL-620x466.jpg 620w, https:\/\/riwal-wpn.acceptatie.indicia-interactiv.nl\/app\/uploads\/sites\/15\/2023\/12\/Product-Website-Event-Photos-PL-300x225.jpg 300w, https:\/\/riwal-wpn.acceptatie.indicia-interactiv.nl\/app\/uploads\/sites\/15\/2023\/12\/Product-Website-Event-Photos-PL-768x577.jpg 768w, https:\/\/riwal-wpn.acceptatie.indicia-interactiv.nl\/app\/uploads\/sites\/15\/2023\/12\/Product-Website-Event-Photos-PL-178x134.jpg 178w, https:\/\/riwal-wpn.acceptatie.indicia-interactiv.nl\/app\/uploads\/sites\/15\/2023\/12\/Product-Website-Event-Photos-PL-390x293.jpg 390w, https:\/\/riwal-wpn.acceptatie.indicia-interactiv.nl\/app\/uploads\/sites\/15\/2023\/12\/Product-Website-Event-Photos-PL-830x623.jpg 830w, https:\/\/riwal-wpn.acceptatie.indicia-interactiv.nl\/app\/uploads\/sites\/15\/2023\/12\/Product-Website-Event-Photos-PL-250x188.jpg 250w, https:\/\/riwal-wpn.acceptatie.indicia-interactiv.nl\/app\/uploads\/sites\/15\/2023\/12\/Product-Website-Event-Photos-PL-237x178.jpg 237w, https:\/\/riwal-wpn.acceptatie.indicia-interactiv.nl\/app\/uploads\/sites\/15\/2023\/12\/Product-Website-Event-Photos-PL-474x356.jpg 474w, https:\/\/riwal-wpn.acceptatie.indicia-interactiv.nl\/app\/uploads\/sites\/15\/2023\/12\/Product-Website-Event-Photos-PL.jpg 900w\" sizes=\"auto, (max-width: 620px) 100vw, 620px\" \/>\t\t\t\t\t\t<\/div>\n\t\t\t\t\t\t\t\t\t\t<div class=\"wp-block-rental-theme-featured-image-container__subtext\">\n\t\t\t\t\t\t\t\t\t\t\t<\/div>\n\t\t\t\t<\/div>\n\t\t\t<\/div>\n\t\t\t<div class=\"wp-block-rental-theme-featured-content\">\n\t\t\t\t<div>\n\t\t\t\t\t<h2 class=\"wp-block-rental-theme-featured-title\">\u00c9v\u00e9nementiel<\/h2>\n\t\t\t\t\t<div class=\"wp-block-rental-theme-featured-text\">\n\n<p>Riwal r\u00e9pond pleinement aux imp\u00e9ratifs et exigences de l&rsquo;industrie du film, de la t\u00e9l\u00e9vision et autres \u00e9v\u00e9nements. En tant que sp\u00e9cialiste de l&rsquo;\u00e9l\u00e9vation, nous sommes en mesure de vous offrir une prestation de qualit\u00e9 avec du mat\u00e9riel capable de concr\u00e9tiser tous vos projets, m\u00eame les plus audacieux.<\/p>\n\n\n\n<p><a href=\"https:\/\/riwal-wpn.acceptatie.indicia-interactiv.nl\/fr\/location\/nacelle-elevatrice\/\">Les nacelles \u00e9l\u00e9vatrices<\/a> et <a href=\"https:\/\/riwal-wpn.acceptatie.indicia-interactiv.nl\/fr\/location\/nacelle-elevatrice\/nacelle-ciseaux\/\">plateformes ciseaux<\/a> Riwal ont \u00e9t\u00e9 utilis\u00e9es dans de nombreuses productions prestigieuses telles que Mission Impossible, La Belle et la B\u00eate, le Village Fran\u00e7ais.<\/p>\n\n\n\n<p>En faisant appel \u00e0 nos experts, vous vous assurez d&rsquo;une v\u00e9ritable qualit\u00e9 de conseil et de prestation, afin d&rsquo;opter pour la meilleure solution. Nos experts seront en mesure de d\u00e9terminer vos besoins ainsi que la solution la mieux adapt\u00e9e \u00e0 votre projet.   <\/p>\n\n<\/div>\n\t\t\t\t<\/div>\n\t\t\t<\/div>\n\t\t<\/div>\n\t<\/div>\n<\/div>\n\n\n<div class=\"container\">\n<p class=\"has-white-color has-text-color has-link-color\">a<\/p>\n<\/div>\n\n<div class=\"container\">\n<h2 class=\"wp-block-heading\" id=\"h-decouvrez-notre-gamme-de-materiel\" style=\"font-size:33px\"><strong>D\u00e9couvrez notre gamme de mat\u00e9riel<\/strong><\/h2>\n<\/div>\n\n<div class=\"container\">\n<p class=\"has-white-color has-text-color has-link-color\">a<\/p>\n<\/div>\n\n<div class=\"rental-wp-default-block rental-theme-block-default-margin\">\n\t\t\t\t\t\t\t\t<div class=\"container\">\n<div class=\"wp-block-columns is-layout-flex wp-container-core-columns-is-layout-28f84493 wp-block-columns-is-layout-flex\">\n<div class=\"wp-block-column is-layout-flow wp-block-column-is-layout-flow\">\n<h3 class=\"wp-block-heading has-large-font-size\" id=\"h-nacelle-a-fleche-telescopique\"><strong>Nacelle \u00e0 fl\u00e8che t\u00e9lescopique <\/strong><\/h3>\n\n\n\n<p>La nacelle \u00e0 fl\u00e8che t\u00e9lescopique est une nacelle \u00e9l\u00e9vatrice tout-terrain. Nous vous proposons des nacelles t\u00e9lescopiques diesel et \u00e9galement 100% \u00e9lectrique.<\/p>\n\n\n\n<figure class=\"wp-block-image aligncenter size-full is-resized\"><img loading=\"lazy\" decoding=\"async\" width=\"830\" height=\"553\" src=\"https:\/\/riwal-wpn.acceptatie.indicia-interactiv.nl\/app\/uploads\/sites\/15\/2024\/02\/Nacelle-a-fleche-telescopique-bis-1.jpg\" alt=\"Nacelle \u00e0 fl\u00e8che t\u00e9lescopique\" class=\"wp-image-6985\" style=\"width:329px;height:auto\" srcset=\"https:\/\/riwal-wpn.acceptatie.indicia-interactiv.nl\/app\/uploads\/sites\/15\/2024\/02\/Nacelle-a-fleche-telescopique-bis-1.jpg 830w, https:\/\/riwal-wpn.acceptatie.indicia-interactiv.nl\/app\/uploads\/sites\/15\/2024\/02\/Nacelle-a-fleche-telescopique-bis-1-300x200.jpg 300w, https:\/\/riwal-wpn.acceptatie.indicia-interactiv.nl\/app\/uploads\/sites\/15\/2024\/02\/Nacelle-a-fleche-telescopique-bis-1-768x512.jpg 768w, https:\/\/riwal-wpn.acceptatie.indicia-interactiv.nl\/app\/uploads\/sites\/15\/2024\/02\/Nacelle-a-fleche-telescopique-bis-1-178x119.jpg 178w, https:\/\/riwal-wpn.acceptatie.indicia-interactiv.nl\/app\/uploads\/sites\/15\/2024\/02\/Nacelle-a-fleche-telescopique-bis-1-390x260.jpg 390w, https:\/\/riwal-wpn.acceptatie.indicia-interactiv.nl\/app\/uploads\/sites\/15\/2024\/02\/Nacelle-a-fleche-telescopique-bis-1-250x167.jpg 250w, https:\/\/riwal-wpn.acceptatie.indicia-interactiv.nl\/app\/uploads\/sites\/15\/2024\/02\/Nacelle-a-fleche-telescopique-bis-1-620x413.jpg 620w, https:\/\/riwal-wpn.acceptatie.indicia-interactiv.nl\/app\/uploads\/sites\/15\/2024\/02\/Nacelle-a-fleche-telescopique-bis-1-237x158.jpg 237w, https:\/\/riwal-wpn.acceptatie.indicia-interactiv.nl\/app\/uploads\/sites\/15\/2024\/02\/Nacelle-a-fleche-telescopique-bis-1-474x316.jpg 474w\" sizes=\"auto, (max-width: 830px) 100vw, 830px\" \/><\/figure>\n\n\n\n<div class=\"wp-block-buttons is-layout-flex wp-block-buttons-is-layout-flex\">\n<div class=\"wp-block-button\"><a class=\"wp-block-button__link wp-element-button\" href=\"https:\/\/riwal-wpn.acceptatie.indicia-interactiv.nl\/fr\/location\/nacelle-elevatrice\/nacelle-telescopique\/\">Voir nos nacelles t\u00e9lescopiques<\/a><\/div>\n<\/div>\n<\/div>\n\n\n\n<div class=\"wp-block-column is-layout-flow wp-block-column-is-layout-flow\">\n<h3 class=\"wp-block-heading has-large-font-size\" id=\"h-nacelle-araignee\"><strong>Nacelle araign\u00e9e<\/strong><\/h3>\n\n\n\n<p>La nacelle araign\u00e9e est un type de nacelle \u00e9l\u00e9vatrice sp\u00e9cifique, permettant de r\u00e9aliser des travaux en hauteur dans des environnements difficiles d&rsquo;acc\u00e8s.<\/p>\n\n\n\n<figure class=\"wp-block-image aligncenter size-full is-resized\"><img loading=\"lazy\" decoding=\"async\" width=\"500\" height=\"270\" src=\"https:\/\/riwal-wpn.acceptatie.indicia-interactiv.nl\/app\/uploads\/sites\/15\/2024\/02\/Nacelle-araignee.jpg\" alt=\"Nacelle araign\u00e9e\" class=\"wp-image-6983\" style=\"width:513px;height:auto\" srcset=\"https:\/\/riwal-wpn.acceptatie.indicia-interactiv.nl\/app\/uploads\/sites\/15\/2024\/02\/Nacelle-araignee.jpg 500w, https:\/\/riwal-wpn.acceptatie.indicia-interactiv.nl\/app\/uploads\/sites\/15\/2024\/02\/Nacelle-araignee-300x162.jpg 300w, https:\/\/riwal-wpn.acceptatie.indicia-interactiv.nl\/app\/uploads\/sites\/15\/2024\/02\/Nacelle-araignee-178x96.jpg 178w, https:\/\/riwal-wpn.acceptatie.indicia-interactiv.nl\/app\/uploads\/sites\/15\/2024\/02\/Nacelle-araignee-390x211.jpg 390w, https:\/\/riwal-wpn.acceptatie.indicia-interactiv.nl\/app\/uploads\/sites\/15\/2024\/02\/Nacelle-araignee-250x135.jpg 250w, https:\/\/riwal-wpn.acceptatie.indicia-interactiv.nl\/app\/uploads\/sites\/15\/2024\/02\/Nacelle-araignee-237x128.jpg 237w, https:\/\/riwal-wpn.acceptatie.indicia-interactiv.nl\/app\/uploads\/sites\/15\/2024\/02\/Nacelle-araignee-474x256.jpg 474w\" sizes=\"auto, (max-width: 500px) 100vw, 500px\" \/><\/figure>\n\n\n\n<div class=\"wp-block-buttons is-layout-flex wp-block-buttons-is-layout-flex\">\n<div class=\"wp-block-button\"><a class=\"wp-block-button__link wp-element-button\" href=\"https:\/\/riwal-wpn.acceptatie.indicia-interactiv.nl\/fr\/location\/nacelle-elevatrice\/nacelle-araignee\/\">Voir nos nacelles araign\u00e9es<\/a><\/div>\n<\/div>\n<\/div>\n\n\n\n<div class=\"wp-block-column is-layout-flow wp-block-column-is-layout-flow\">\n<h2 class=\"wp-block-heading has-large-font-size\" id=\"h-nacelle-ciseaux\"><strong>Nacelle ciseaux <\/strong><\/h2>\n\n\n\n<p>La nacelle \u00e0 fl\u00e8che t\u00e9lescopique est une nacelle \u00e9l\u00e9vatrice tout-terrain. Nous vous proposons des nacelles t\u00e9lescopiques diesel et \u00e9galement 100% \u00e9lectrique.<\/p>\n\n\n\n<figure class=\"wp-block-image aligncenter size-full is-resized\"><img loading=\"lazy\" decoding=\"async\" width=\"900\" height=\"676\" src=\"https:\/\/riwal-wpn.acceptatie.indicia-interactiv.nl\/app\/uploads\/sites\/15\/2024\/02\/Product-Website-Event-Photos-PL.jpg\" alt=\"\" class=\"wp-image-6987\" style=\"width:296px;height:auto\" srcset=\"https:\/\/riwal-wpn.acceptatie.indicia-interactiv.nl\/app\/uploads\/sites\/15\/2024\/02\/Product-Website-Event-Photos-PL.jpg 900w, https:\/\/riwal-wpn.acceptatie.indicia-interactiv.nl\/app\/uploads\/sites\/15\/2024\/02\/Product-Website-Event-Photos-PL-300x225.jpg 300w, https:\/\/riwal-wpn.acceptatie.indicia-interactiv.nl\/app\/uploads\/sites\/15\/2024\/02\/Product-Website-Event-Photos-PL-768x577.jpg 768w, https:\/\/riwal-wpn.acceptatie.indicia-interactiv.nl\/app\/uploads\/sites\/15\/2024\/02\/Product-Website-Event-Photos-PL-178x134.jpg 178w, https:\/\/riwal-wpn.acceptatie.indicia-interactiv.nl\/app\/uploads\/sites\/15\/2024\/02\/Product-Website-Event-Photos-PL-390x293.jpg 390w, https:\/\/riwal-wpn.acceptatie.indicia-interactiv.nl\/app\/uploads\/sites\/15\/2024\/02\/Product-Website-Event-Photos-PL-830x623.jpg 830w, https:\/\/riwal-wpn.acceptatie.indicia-interactiv.nl\/app\/uploads\/sites\/15\/2024\/02\/Product-Website-Event-Photos-PL-250x188.jpg 250w, https:\/\/riwal-wpn.acceptatie.indicia-interactiv.nl\/app\/uploads\/sites\/15\/2024\/02\/Product-Website-Event-Photos-PL-620x466.jpg 620w, https:\/\/riwal-wpn.acceptatie.indicia-interactiv.nl\/app\/uploads\/sites\/15\/2024\/02\/Product-Website-Event-Photos-PL-237x178.jpg 237w, https:\/\/riwal-wpn.acceptatie.indicia-interactiv.nl\/app\/uploads\/sites\/15\/2024\/02\/Product-Website-Event-Photos-PL-474x356.jpg 474w\" sizes=\"auto, (max-width: 900px) 100vw, 900px\" \/><\/figure>\n\n\n\n<div class=\"wp-block-buttons is-layout-flex wp-block-buttons-is-layout-flex\">\n<div class=\"wp-block-button\"><a class=\"wp-block-button__link wp-element-button\" href=\"https:\/\/riwal-wpn.acceptatie.indicia-interactiv.nl\/fr\/location\/nacelle-elevatrice\/nacelle-ciseaux\/\">Voir nos nacelles ciseaux<\/a><\/div>\n<\/div>\n<\/div>\n<\/div>\n<\/div>\n\t\t\t\t\t\t\t<\/div> \n\n<div class=\"rental-wp-default-block rental-theme-block-default-margin\">\n\t\t\t\t\t\t\t\t<div class=\"container\">\n<div class=\"wp-block-rental-theme-title-text rental-theme-block-default-margin\">\n\t<div class=\"wp-block-rental-theme-title-text__container\">\n\t\t<div class=\"wp-block-rental-theme-title-text__wrapper\">\n\t\t\t<h2 class='wp-block-rental-theme-title-text__title'>La s\u00e9curit\u00e9, notre priorit\u00e9<\/h2>\t\t<\/div>\n\t\t<div class='wp-block-rental-theme-title-text__text'>\n\n<h3 class=\"wp-block-heading\" id=\"h-\"><\/h3>\n\n\n\n<p>Notre d\u00e9marche repose sur une exigence forte en mati\u00e8re de qualit\u00e9 de service et de mat\u00e9riel.<\/p>\n\n\n\n<ul class=\"wp-block-list\">\n<li>Fiabilit\u00e9 et performance du mat\u00e9riel, s\u00e9lectionn\u00e9 parmi les plus grands constructeurs tels que JLG, G\u00e9nie et Manitou. <\/li>\n\n\n\n<li>Triple certification, ISO 9001, Iso 14001, OHSAS 18001<\/li>\n\n\n\n<li>Riwal vous accompagne \u00e0 travers une offre vari\u00e9e de <a href=\"https:\/\/riwal-wpn.acceptatie.indicia-interactiv.nl\/fr\/formation\/\">formations CACES\u00ae<\/a> &amp; <a href=\"https:\/\/riwal-wpn.acceptatie.indicia-interactiv.nl\/fr\/location\/nacelle-elevatrice\/nacelle-articulee\/\">S\u00e9curit\u00e9<\/a>.<\/li>\n\n\n\n<li>Contr\u00f4le du mat\u00e9riel avant et apr\u00e8s chaque location, et tous les 6 mois par des organismes de contr\u00f4le agr\u00e9\u00e9s. <\/li>\n<\/ul>\n\n<\/div>\n\t<\/div>\n<\/div><\/div>\n\t\t\t\t\t\t\t<\/div> ","protected":false},"excerpt":{"rendered":"<p>Riwal au service de l&rsquo;\u00e9v\u00e9nementiel Riwal accompagne les acteurs de l&rsquo;\u00e9v\u00e9nementiel, tel que l&rsquo;industrie du film, production TV. Nous proposons une gamme de machines de qualit\u00e9 et id\u00e9ales pour les tournages, la photographie de sc\u00e8nes a\u00e9riennes&#8230; Vous souhaitez en savoir plus, faire une demande de devis ? Remplissez ce formulaire rapide ! a D\u00e9couvrez notre &hellip; <a href=\"https:\/\/riwal-wpn.acceptatie.indicia-interactiv.nl\/fr\/secteurs-dactivite\/evenementiel\/\">Voir plus<\/a><\/p>\n","protected":false},"author":17,"featured_media":0,"parent":3212,"menu_order":0,"comment_status":"closed","ping_status":"closed","template":"","meta":{"_acf_changed":false,"editor_notices":[],"footnotes":""},"class_list":["post-3219","page","type-page","status-publish","hentry"],"acf":[],"yoast_head":"<!-- This site is optimized with the Yoast SEO Premium plugin v27.1 (Yoast SEO v27.1.1) - https:\/\/yoast.com\/product\/yoast-seo-premium-wordpress\/ -->\n<title>\u00c9v\u00e9nementiel - Riwal - France<\/title>\n<meta name=\"robots\" content=\"noindex, follow, max-snippet:-1, max-image-preview:large, max-video-preview:-1\" \/>\n<meta property=\"og:locale\" content=\"fr_FR\" \/>\n<meta property=\"og:type\" content=\"article\" \/>\n<meta property=\"og:title\" content=\"\u00c9v\u00e9nementiel\" \/>\n<meta property=\"og:description\" content=\"Riwal au service de l&rsquo;\u00e9v\u00e9nementiel Riwal accompagne les acteurs de l&rsquo;\u00e9v\u00e9nementiel, tel que l&rsquo;industrie du film, production TV. Nous proposons une gamme de machines de qualit\u00e9 et id\u00e9ales pour les tournages, la photographie de sc\u00e8nes a\u00e9riennes&#8230; Vous souhaitez en savoir plus, faire une demande de devis ? Remplissez ce formulaire rapide ! a D\u00e9couvrez notre &hellip; Voir plus\" \/>\n<meta property=\"og:url\" content=\"https:\/\/riwal-wpn.acceptatie.indicia-interactiv.nl\/fr\/secteurs-dactivite\/evenementiel\/\" \/>\n<meta property=\"og:site_name\" content=\"Riwal - France\" \/>\n<meta property=\"article:modified_time\" content=\"2024-02-06T10:32:02+00:00\" \/>\n<meta property=\"og:image\" content=\"https:\/\/riwal-wpn.acceptatie.indicia-interactiv.nl\/app\/uploads\/sites\/15\/2024\/02\/Nacelle-a-fleche-telescopique-bis-1.jpg\" \/>\n<meta name=\"twitter:card\" content=\"summary_large_image\" \/>\n<meta name=\"twitter:label1\" content=\"Est. reading time\" \/>\n\t<meta name=\"twitter:data1\" content=\"2 minutes\" \/>\n<script type=\"application\/ld+json\" class=\"yoast-schema-graph\">{\"@context\":\"https:\/\/schema.org\",\"@graph\":[{\"@type\":\"WebPage\",\"@id\":\"https:\/\/riwal-wpn.acceptatie.indicia-interactiv.nl\/fr\/secteurs-dactivite\/evenementiel\/\",\"url\":\"https:\/\/riwal-wpn.acceptatie.indicia-interactiv.nl\/fr\/secteurs-dactivite\/evenementiel\/\",\"name\":\"\u00c9v\u00e9nementiel - Riwal - France\",\"isPartOf\":{\"@id\":\"https:\/\/riwal-wpn.acceptatie.indicia-interactiv.nl\/fr\/#website\"},\"primaryImageOfPage\":{\"@id\":\"https:\/\/riwal-wpn.acceptatie.indicia-interactiv.nl\/fr\/secteurs-dactivite\/evenementiel\/#primaryimage\"},\"image\":{\"@id\":\"https:\/\/riwal-wpn.acceptatie.indicia-interactiv.nl\/fr\/secteurs-dactivite\/evenementiel\/#primaryimage\"},\"thumbnailUrl\":\"https:\/\/riwal-wpn.acceptatie.indicia-interactiv.nl\/app\/uploads\/sites\/15\/2024\/02\/Nacelle-a-fleche-telescopique-bis-1.jpg\",\"datePublished\":\"2023-12-13T13:29:50+00:00\",\"dateModified\":\"2024-02-06T10:32:02+00:00\",\"breadcrumb\":{\"@id\":\"https:\/\/riwal-wpn.acceptatie.indicia-interactiv.nl\/fr\/secteurs-dactivite\/evenementiel\/#breadcrumb\"},\"inLanguage\":\"fr-FR\",\"potentialAction\":[{\"@type\":\"ReadAction\",\"target\":[\"https:\/\/riwal-wpn.acceptatie.indicia-interactiv.nl\/fr\/secteurs-dactivite\/evenementiel\/\"]}]},{\"@type\":\"ImageObject\",\"inLanguage\":\"fr-FR\",\"@id\":\"https:\/\/riwal-wpn.acceptatie.indicia-interactiv.nl\/fr\/secteurs-dactivite\/evenementiel\/#primaryimage\",\"url\":\"https:\/\/riwal-wpn.acceptatie.indicia-interactiv.nl\/app\/uploads\/sites\/15\/2024\/02\/Nacelle-a-fleche-telescopique-bis-1.jpg\",\"contentUrl\":\"https:\/\/riwal-wpn.acceptatie.indicia-interactiv.nl\/app\/uploads\/sites\/15\/2024\/02\/Nacelle-a-fleche-telescopique-bis-1.jpg\"},{\"@type\":\"BreadcrumbList\",\"@id\":\"https:\/\/riwal-wpn.acceptatie.indicia-interactiv.nl\/fr\/secteurs-dactivite\/evenementiel\/#breadcrumb\",\"itemListElement\":[{\"@type\":\"ListItem\",\"position\":1,\"name\":\"Accueil\",\"item\":\"https:\/\/riwal-wpn.acceptatie.indicia-interactiv.nl\/fr\/\"},{\"@type\":\"ListItem\",\"position\":2,\"name\":\"Secteurs d&#8217;activit\u00e9\",\"item\":\"https:\/\/riwal-wpn.acceptatie.indicia-interactiv.nl\/fr\/secteurs-dactivite\/\"},{\"@type\":\"ListItem\",\"position\":3,\"name\":\"\u00c9v\u00e9nementiel\"}]},{\"@type\":\"WebSite\",\"@id\":\"https:\/\/riwal-wpn.acceptatie.indicia-interactiv.nl\/fr\/#website\",\"url\":\"https:\/\/riwal-wpn.acceptatie.indicia-interactiv.nl\/fr\/\",\"name\":\"Riwal\",\"description\":\"Location nacelle \u00e9l\u00e9vatrice, formation CACES, vente nacelles - Riwal France\",\"publisher\":{\"@id\":\"https:\/\/riwal-wpn.acceptatie.indicia-interactiv.nl\/fr\/#organization\"},\"potentialAction\":[{\"@type\":\"SearchAction\",\"target\":{\"@type\":\"EntryPoint\",\"urlTemplate\":\"https:\/\/riwal-wpn.acceptatie.indicia-interactiv.nl\/fr\/?s={search_term_string}\"},\"query-input\":{\"@type\":\"PropertyValueSpecification\",\"valueRequired\":true,\"valueName\":\"search_term_string\"}}],\"inLanguage\":\"fr-FR\"},{\"@type\":\"Organization\",\"@id\":\"https:\/\/riwal-wpn.acceptatie.indicia-interactiv.nl\/fr\/#organization\",\"name\":\"Riwal\",\"url\":\"https:\/\/riwal-wpn.acceptatie.indicia-interactiv.nl\/fr\/\",\"logo\":{\"@type\":\"ImageObject\",\"inLanguage\":\"fr-FR\",\"@id\":\"https:\/\/riwal-wpn.acceptatie.indicia-interactiv.nl\/fr\/#\/schema\/logo\/image\/\",\"url\":\"\",\"contentUrl\":\"\",\"caption\":\"Riwal\"},\"image\":{\"@id\":\"https:\/\/riwal-wpn.acceptatie.indicia-interactiv.nl\/fr\/#\/schema\/logo\/image\/\"}}]}<\/script>\n<!-- \/ Yoast SEO Premium plugin. -->","yoast_head_json":{"title":"\u00c9v\u00e9nementiel - Riwal - France","robots":{"index":"noindex","follow":"follow","max-snippet":"max-snippet:-1","max-image-preview":"max-image-preview:large","max-video-preview":"max-video-preview:-1"},"og_locale":"fr_FR","og_type":"article","og_title":"\u00c9v\u00e9nementiel","og_description":"Riwal au service de l&rsquo;\u00e9v\u00e9nementiel Riwal accompagne les acteurs de l&rsquo;\u00e9v\u00e9nementiel, tel que l&rsquo;industrie du film, production TV. Nous proposons une gamme de machines de qualit\u00e9 et id\u00e9ales pour les tournages, la photographie de sc\u00e8nes a\u00e9riennes&#8230; Vous souhaitez en savoir plus, faire une demande de devis ? Remplissez ce formulaire rapide ! a D\u00e9couvrez notre &hellip; Voir plus","og_url":"https:\/\/riwal-wpn.acceptatie.indicia-interactiv.nl\/fr\/secteurs-dactivite\/evenementiel\/","og_site_name":"Riwal - France","article_modified_time":"2024-02-06T10:32:02+00:00","og_image":[{"url":"https:\/\/riwal-wpn.acceptatie.indicia-interactiv.nl\/app\/uploads\/sites\/15\/2024\/02\/Nacelle-a-fleche-telescopique-bis-1.jpg","type":"","width":"","height":""}],"twitter_card":"summary_large_image","twitter_misc":{"Est. reading time":"2 minutes"},"schema":{"@context":"https:\/\/schema.org","@graph":[{"@type":"WebPage","@id":"https:\/\/riwal-wpn.acceptatie.indicia-interactiv.nl\/fr\/secteurs-dactivite\/evenementiel\/","url":"https:\/\/riwal-wpn.acceptatie.indicia-interactiv.nl\/fr\/secteurs-dactivite\/evenementiel\/","name":"\u00c9v\u00e9nementiel - Riwal - France","isPartOf":{"@id":"https:\/\/riwal-wpn.acceptatie.indicia-interactiv.nl\/fr\/#website"},"primaryImageOfPage":{"@id":"https:\/\/riwal-wpn.acceptatie.indicia-interactiv.nl\/fr\/secteurs-dactivite\/evenementiel\/#primaryimage"},"image":{"@id":"https:\/\/riwal-wpn.acceptatie.indicia-interactiv.nl\/fr\/secteurs-dactivite\/evenementiel\/#primaryimage"},"thumbnailUrl":"https:\/\/riwal-wpn.acceptatie.indicia-interactiv.nl\/app\/uploads\/sites\/15\/2024\/02\/Nacelle-a-fleche-telescopique-bis-1.jpg","datePublished":"2023-12-13T13:29:50+00:00","dateModified":"2024-02-06T10:32:02+00:00","breadcrumb":{"@id":"https:\/\/riwal-wpn.acceptatie.indicia-interactiv.nl\/fr\/secteurs-dactivite\/evenementiel\/#breadcrumb"},"inLanguage":"fr-FR","potentialAction":[{"@type":"ReadAction","target":["https:\/\/riwal-wpn.acceptatie.indicia-interactiv.nl\/fr\/secteurs-dactivite\/evenementiel\/"]}]},{"@type":"ImageObject","inLanguage":"fr-FR","@id":"https:\/\/riwal-wpn.acceptatie.indicia-interactiv.nl\/fr\/secteurs-dactivite\/evenementiel\/#primaryimage","url":"https:\/\/riwal-wpn.acceptatie.indicia-interactiv.nl\/app\/uploads\/sites\/15\/2024\/02\/Nacelle-a-fleche-telescopique-bis-1.jpg","contentUrl":"https:\/\/riwal-wpn.acceptatie.indicia-interactiv.nl\/app\/uploads\/sites\/15\/2024\/02\/Nacelle-a-fleche-telescopique-bis-1.jpg"},{"@type":"BreadcrumbList","@id":"https:\/\/riwal-wpn.acceptatie.indicia-interactiv.nl\/fr\/secteurs-dactivite\/evenementiel\/#breadcrumb","itemListElement":[{"@type":"ListItem","position":1,"name":"Accueil","item":"https:\/\/riwal-wpn.acceptatie.indicia-interactiv.nl\/fr\/"},{"@type":"ListItem","position":2,"name":"Secteurs d&#8217;activit\u00e9","item":"https:\/\/riwal-wpn.acceptatie.indicia-interactiv.nl\/fr\/secteurs-dactivite\/"},{"@type":"ListItem","position":3,"name":"\u00c9v\u00e9nementiel"}]},{"@type":"WebSite","@id":"https:\/\/riwal-wpn.acceptatie.indicia-interactiv.nl\/fr\/#website","url":"https:\/\/riwal-wpn.acceptatie.indicia-interactiv.nl\/fr\/","name":"Riwal","description":"Location nacelle \u00e9l\u00e9vatrice, formation CACES, vente nacelles - Riwal France","publisher":{"@id":"https:\/\/riwal-wpn.acceptatie.indicia-interactiv.nl\/fr\/#organization"},"potentialAction":[{"@type":"SearchAction","target":{"@type":"EntryPoint","urlTemplate":"https:\/\/riwal-wpn.acceptatie.indicia-interactiv.nl\/fr\/?s={search_term_string}"},"query-input":{"@type":"PropertyValueSpecification","valueRequired":true,"valueName":"search_term_string"}}],"inLanguage":"fr-FR"},{"@type":"Organization","@id":"https:\/\/riwal-wpn.acceptatie.indicia-interactiv.nl\/fr\/#organization","name":"Riwal","url":"https:\/\/riwal-wpn.acceptatie.indicia-interactiv.nl\/fr\/","logo":{"@type":"ImageObject","inLanguage":"fr-FR","@id":"https:\/\/riwal-wpn.acceptatie.indicia-interactiv.nl\/fr\/#\/schema\/logo\/image\/","url":"","contentUrl":"","caption":"Riwal"},"image":{"@id":"https:\/\/riwal-wpn.acceptatie.indicia-interactiv.nl\/fr\/#\/schema\/logo\/image\/"}}]}},"_links":{"self":[{"href":"https:\/\/riwal-wpn.acceptatie.indicia-interactiv.nl\/fr\/wp-json\/wp\/v2\/pages\/3219","targetHints":{"allow":["GET"]}}],"collection":[{"href":"https:\/\/riwal-wpn.acceptatie.indicia-interactiv.nl\/fr\/wp-json\/wp\/v2\/pages"}],"about":[{"href":"https:\/\/riwal-wpn.acceptatie.indicia-interactiv.nl\/fr\/wp-json\/wp\/v2\/types\/page"}],"author":[{"embeddable":true,"href":"https:\/\/riwal-wpn.acceptatie.indicia-interactiv.nl\/fr\/wp-json\/wp\/v2\/users\/17"}],"replies":[{"embeddable":true,"href":"https:\/\/riwal-wpn.acceptatie.indicia-interactiv.nl\/fr\/wp-json\/wp\/v2\/comments?post=3219"}],"version-history":[{"count":22,"href":"https:\/\/riwal-wpn.acceptatie.indicia-interactiv.nl\/fr\/wp-json\/wp\/v2\/pages\/3219\/revisions"}],"predecessor-version":[{"id":8084,"href":"https:\/\/riwal-wpn.acceptatie.indicia-interactiv.nl\/fr\/wp-json\/wp\/v2\/pages\/3219\/revisions\/8084"}],"up":[{"embeddable":true,"href":"https:\/\/riwal-wpn.acceptatie.indicia-interactiv.nl\/fr\/wp-json\/wp\/v2\/pages\/3212"}],"wp:attachment":[{"href":"https:\/\/riwal-wpn.acceptatie.indicia-interactiv.nl\/fr\/wp-json\/wp\/v2\/media?parent=3219"}],"curies":[{"name":"wp","href":"https:\/\/api.w.org\/{rel}","templated":true}]}}