{"id":3235,"date":"2023-12-29T08:00:13","date_gmt":"2023-12-29T08:00:13","guid":{"rendered":"https:\/\/riwal-wpn.acceptatie.indicia-interactiv.nl\/fr\/?page_id=3235"},"modified":"2024-02-06T07:38:17","modified_gmt":"2024-02-06T07:38:17","slug":"developpement-durable","status":"publish","type":"page","link":"https:\/\/riwal-wpn.acceptatie.indicia-interactiv.nl\/fr\/expertise\/developpement-durable\/","title":{"rendered":"D\u00e9veloppement durable"},"content":{"rendered":"<div class=\"rental-wp-default-block rental-theme-block-default-margin\">\n\t\t\t\t\t\t\t\t<div class=\"container\">\n<div class=\"wp-block-rental-theme-title-text rental-theme-block-default-margin\">\n\t<div class=\"wp-block-rental-theme-title-text__container\">\n\t\t<div class=\"wp-block-rental-theme-title-text__wrapper\">\n\t\t\t<h1 class='wp-block-rental-theme-title-text__title'>D\u00e9veloppement durable<\/h1>\t\t<\/div>\n\t\t<div class='wp-block-rental-theme-title-text__text'>\n\n<p>Chez Riwal, nous agissons partout o\u00f9 nous le pouvons pour r\u00e9duire notre impact environnemental. Nous continuerons de nous am\u00e9liorer dans les ann\u00e9es \u00e0 venir, au fur et \u00e0 mesure des avanc\u00e9es technologiques et des innovations, car l&rsquo;avenir de la plan\u00e8te et de ses habitants nous tiens \u00e0 coeurs. Agissons ensemble pour un avenir durable. <\/p>\n\n\n\n<p>En mars 2022, le Groupe Riwal a remport\u00e9 le prix D\u00e9veloppement Durable lors des prestigieux International Awards for Powered Access (IAPA), pour l&rsquo;ensemble de ses initiatives en faveur du d\u00e9veloppement durable et du bien-\u00eatre au travail. <\/p>\n\n<\/div>\n\t<\/div>\n<\/div><\/div>\n\t\t\t\t\t\t\t<\/div> \n\n<div class=\"rental-wp-default-block rental-theme-block-default-margin\">\n\t\t\t\t\t\t\t\t<div class=\"container\">\n<div class=\"wp-block-columns is-layout-flex wp-container-core-columns-is-layout-28f84493 wp-block-columns-is-layout-flex\">\n<div class=\"wp-block-column is-layout-flow wp-block-column-is-layout-flow\">\n<figure class=\"wp-block-image size-large\"><a href=\"https:\/\/riwal-wpn.acceptatie.indicia-interactiv.nl\/fr\/expertise\/developpement-durable\/pourquoi-louer\/\"><img decoding=\"async\" src=\"https:\/\/riwal-wpn.acceptatie.indicia-interactiv.nl\/app\/themes\/rental\/dist\/images\/patterns\/about_riwal_our_fleet_1.webp\" alt=\"Pourquoi la location ?\" class=\"wp-image-1230\" \/><\/a><\/figure>\n\n\n\n<p><strong>Pourquoi louer ? <\/strong><\/p>\n\n\n\n<p>Les avantages de la location par rapport \u00e0 la propri\u00e9t\u00e9<\/p>\n<\/div>\n\n\n\n<div class=\"wp-block-column is-layout-flow wp-block-column-is-layout-flow\">\n<figure class=\"wp-block-image size-large\"><a href=\"https:\/\/riwal-wpn.acceptatie.indicia-interactiv.nl\/fr\/expertise\/developpement-durable\/la-location-une-option-durable\/\"><img loading=\"lazy\" decoding=\"async\" width=\"1024\" height=\"683\" src=\"https:\/\/riwal-wpn.acceptatie.indicia-interactiv.nl\/app\/uploads\/sites\/15\/2023\/06\/riwal-aerial-work-platform-rental-sales-94-1024x683.webp\" alt=\"La location, une option durable\" class=\"wp-image-1171\" srcset=\"https:\/\/riwal-wpn.acceptatie.indicia-interactiv.nl\/app\/uploads\/sites\/15\/2023\/06\/riwal-aerial-work-platform-rental-sales-94-1024x683.webp 1024w, https:\/\/riwal-wpn.acceptatie.indicia-interactiv.nl\/app\/uploads\/sites\/15\/2023\/06\/riwal-aerial-work-platform-rental-sales-94-2048x1365.webp 2048w, https:\/\/riwal-wpn.acceptatie.indicia-interactiv.nl\/app\/uploads\/sites\/15\/2023\/06\/riwal-aerial-work-platform-rental-sales-94-1388x925.webp 1388w, https:\/\/riwal-wpn.acceptatie.indicia-interactiv.nl\/app\/uploads\/sites\/15\/2023\/06\/riwal-aerial-work-platform-rental-sales-94-830x553.webp 830w, https:\/\/riwal-wpn.acceptatie.indicia-interactiv.nl\/app\/uploads\/sites\/15\/2023\/06\/riwal-aerial-work-platform-rental-sales-94-250x167.webp 250w, https:\/\/riwal-wpn.acceptatie.indicia-interactiv.nl\/app\/uploads\/sites\/15\/2023\/06\/riwal-aerial-work-platform-rental-sales-94-300x200.webp 300w, https:\/\/riwal-wpn.acceptatie.indicia-interactiv.nl\/app\/uploads\/sites\/15\/2023\/06\/riwal-aerial-work-platform-rental-sales-94-768x512.webp 768w, https:\/\/riwal-wpn.acceptatie.indicia-interactiv.nl\/app\/uploads\/sites\/15\/2023\/06\/riwal-aerial-work-platform-rental-sales-94-1536x1024.webp 1536w, https:\/\/riwal-wpn.acceptatie.indicia-interactiv.nl\/app\/uploads\/sites\/15\/2023\/06\/riwal-aerial-work-platform-rental-sales-94-178x119.webp 178w, https:\/\/riwal-wpn.acceptatie.indicia-interactiv.nl\/app\/uploads\/sites\/15\/2023\/06\/riwal-aerial-work-platform-rental-sales-94-390x260.webp 390w\" sizes=\"auto, (max-width: 1024px) 100vw, 1024px\" \/><\/a><\/figure>\n\n\n\n<p><strong>La location, une option durable<\/strong><\/p>\n\n\n\n<p>Faites un geste durable et citoyen, louez.<\/p>\n<\/div>\n\n\n\n<div class=\"wp-block-column is-layout-flow wp-block-column-is-layout-flow\">\n<figure class=\"wp-block-image size-full\"><a href=\"https:\/\/riwal-wpn.acceptatie.indicia-interactiv.nl\/fr\/expertise\/developpement-durable\/le-choix-de-lelectricite\/\"><img decoding=\"async\" src=\"https:\/\/riwal-wpn.acceptatie.indicia-interactiv.nl\/app\/uploads\/sites\/15\/2023\/12\/Product-Website-Jlg-1350-SJP.jpg\" alt=\"Le choix de l'\u00e9lectrique\" class=\"wp-image-6053\" \/><\/a><\/figure>\n\n\n\n<p><strong>Le choix de l&rsquo;\u00e9lectrique<\/strong><\/p>\n\n\n\n<p>Pourquoi l&rsquo;\u00e9lectrique est-il pr\u00e9f\u00e9r\u00e9 au diesel ? <\/p>\n<\/div>\n<\/div>\n<\/div>\n\t\t\t\t\t\t\t<\/div> \n\n<div class=\"rental-wp-default-block rental-theme-block-default-margin\">\n\t\t\t\t\t\t\t\t<div class=\"container\">\n<div class=\"wp-block-columns is-layout-flex wp-container-core-columns-is-layout-28f84493 wp-block-columns-is-layout-flex\">\n<div class=\"wp-block-column is-layout-flow wp-block-column-is-layout-flow\">\n<figure class=\"wp-block-image aligncenter size-full is-resized\"><a href=\"https:\/\/riwal-wpn.acceptatie.indicia-interactiv.nl\/fr\/expertise\/developpement-durable\/le-digital-au-service-du-developpement\/\"><img decoding=\"async\" src=\"https:\/\/riwal-wpn.acceptatie.indicia-interactiv.nl\/app\/uploads\/sites\/15\/2023\/09\/BIM.png\" alt=\"Boostez votre efficacit\u00e9 avec le BIM\" class=\"wp-image-4180\" style=\"width:501px;height:auto\" \/><\/a><\/figure>\n\n\n\n<p class=\"has-text-align-center\"><strong>Le digital au service du d\u00e9veloppement durable<\/strong><\/p>\n\n\n\n<p class=\"has-text-align-center\">Agir sur son impact environnemental gr\u00e2ce aux outils digitaux<\/p>\n<\/div>\n\n\n\n<div class=\"wp-block-column is-layout-flow wp-block-column-is-layout-flow\">\n<figure class=\"wp-block-image aligncenter size-full is-resized\"><a href=\"https:\/\/riwal-wpn.acceptatie.indicia-interactiv.nl\/fr\/expertise\/developpement-durable\/le-recyclage-des-huiles-usagees-tbd\/\"><img decoding=\"async\" src=\"https:\/\/riwal-wpn.acceptatie.indicia-interactiv.nl\/app\/uploads\/sites\/15\/2024\/01\/Product-Website-Riwal-Final-90.jpg\" alt=\"Le recyclage des huiles usag\u00e9es\" class=\"wp-image-6181\" style=\"width:564px;height:auto\" \/><\/a><\/figure>\n\n\n\n<p class=\"has-text-align-center\"><strong>Le recyclage des huiles usag\u00e9es<\/strong><\/p>\n\n\n\n<p class=\"has-text-align-center\">Qu&rsquo;en est-il du recyclage des huiles noires des moteurs diesel ?<\/p>\n<\/div>\n<\/div>\n<\/div>\n\t\t\t\t\t\t\t<\/div> ","protected":false},"excerpt":{"rendered":"<p>Pourquoi louer ? Les avantages de la location par rapport \u00e0 la propri\u00e9t\u00e9 La location, une option durable Faites un geste durable et citoyen, louez. Le choix de l&rsquo;\u00e9lectrique Pourquoi l&rsquo;\u00e9lectrique est-il pr\u00e9f\u00e9r\u00e9 au diesel ? Le digital au service du d\u00e9veloppement durable Agir sur son impact environnemental gr\u00e2ce aux outils digitaux Le recyclage des &hellip; <a href=\"https:\/\/riwal-wpn.acceptatie.indicia-interactiv.nl\/fr\/expertise\/developpement-durable\/\">Voir plus<\/a><\/p>\n","protected":false},"author":17,"featured_media":0,"parent":3204,"menu_order":0,"comment_status":"closed","ping_status":"closed","template":"","meta":{"_acf_changed":false,"editor_notices":[],"footnotes":""},"class_list":["post-3235","page","type-page","status-publish","hentry"],"acf":[],"yoast_head":"<!-- This site is optimized with the Yoast SEO Premium plugin v27.1 (Yoast SEO v27.1.1) - https:\/\/yoast.com\/product\/yoast-seo-premium-wordpress\/ -->\n<title>D\u00e9veloppement durable - Riwal - France<\/title>\n<meta name=\"robots\" content=\"noindex, follow, max-snippet:-1, max-image-preview:large, max-video-preview:-1\" \/>\n<meta property=\"og:locale\" content=\"fr_FR\" \/>\n<meta property=\"og:type\" content=\"article\" \/>\n<meta property=\"og:title\" content=\"D\u00e9veloppement durable\" \/>\n<meta property=\"og:description\" content=\"Pourquoi louer ? Les avantages de la location par rapport \u00e0 la propri\u00e9t\u00e9 La location, une option durable Faites un geste durable et citoyen, louez. Le choix de l&rsquo;\u00e9lectrique Pourquoi l&rsquo;\u00e9lectrique est-il pr\u00e9f\u00e9r\u00e9 au diesel ? Le digital au service du d\u00e9veloppement durable Agir sur son impact environnemental gr\u00e2ce aux outils digitaux Le recyclage des &hellip; Voir plus\" \/>\n<meta property=\"og:url\" content=\"https:\/\/riwal-wpn.acceptatie.indicia-interactiv.nl\/fr\/expertise\/developpement-durable\/\" \/>\n<meta property=\"og:site_name\" content=\"Riwal - France\" \/>\n<meta property=\"article:modified_time\" content=\"2024-02-06T07:38:17+00:00\" \/>\n<meta property=\"og:image\" content=\"https:\/\/riwal-wpn.acceptatie.indicia-interactiv.nl\/app\/themes\/rental\/dist\/images\/patterns\/about_riwal_our_fleet_1.webp\" \/>\n<meta name=\"twitter:card\" content=\"summary_large_image\" \/>\n<meta name=\"twitter:label1\" content=\"Est. reading time\" \/>\n\t<meta name=\"twitter:data1\" content=\"1 minute\" \/>\n<script type=\"application\/ld+json\" class=\"yoast-schema-graph\">{\"@context\":\"https:\/\/schema.org\",\"@graph\":[{\"@type\":\"WebPage\",\"@id\":\"https:\/\/riwal-wpn.acceptatie.indicia-interactiv.nl\/fr\/expertise\/developpement-durable\/\",\"url\":\"https:\/\/riwal-wpn.acceptatie.indicia-interactiv.nl\/fr\/expertise\/developpement-durable\/\",\"name\":\"D\u00e9veloppement durable - Riwal - France\",\"isPartOf\":{\"@id\":\"https:\/\/riwal-wpn.acceptatie.indicia-interactiv.nl\/fr\/#website\"},\"primaryImageOfPage\":{\"@id\":\"https:\/\/riwal-wpn.acceptatie.indicia-interactiv.nl\/fr\/expertise\/developpement-durable\/#primaryimage\"},\"image\":{\"@id\":\"https:\/\/riwal-wpn.acceptatie.indicia-interactiv.nl\/fr\/expertise\/developpement-durable\/#primaryimage\"},\"thumbnailUrl\":\"https:\/\/riwal-wpn.acceptatie.indicia-interactiv.nl\/app\/themes\/rental\/dist\/images\/patterns\/about_riwal_our_fleet_1.webp\",\"datePublished\":\"2023-12-29T08:00:13+00:00\",\"dateModified\":\"2024-02-06T07:38:17+00:00\",\"breadcrumb\":{\"@id\":\"https:\/\/riwal-wpn.acceptatie.indicia-interactiv.nl\/fr\/expertise\/developpement-durable\/#breadcrumb\"},\"inLanguage\":\"fr-FR\",\"potentialAction\":[{\"@type\":\"ReadAction\",\"target\":[\"https:\/\/riwal-wpn.acceptatie.indicia-interactiv.nl\/fr\/expertise\/developpement-durable\/\"]}]},{\"@type\":\"ImageObject\",\"inLanguage\":\"fr-FR\",\"@id\":\"https:\/\/riwal-wpn.acceptatie.indicia-interactiv.nl\/fr\/expertise\/developpement-durable\/#primaryimage\",\"url\":\"https:\/\/riwal-wpn.acceptatie.indicia-interactiv.nl\/app\/themes\/rental\/dist\/images\/patterns\/about_riwal_our_fleet_1.webp\",\"contentUrl\":\"https:\/\/riwal-wpn.acceptatie.indicia-interactiv.nl\/app\/themes\/rental\/dist\/images\/patterns\/about_riwal_our_fleet_1.webp\"},{\"@type\":\"BreadcrumbList\",\"@id\":\"https:\/\/riwal-wpn.acceptatie.indicia-interactiv.nl\/fr\/expertise\/developpement-durable\/#breadcrumb\",\"itemListElement\":[{\"@type\":\"ListItem\",\"position\":1,\"name\":\"Accueil\",\"item\":\"https:\/\/riwal-wpn.acceptatie.indicia-interactiv.nl\/fr\/\"},{\"@type\":\"ListItem\",\"position\":2,\"name\":\"Expertise\",\"item\":\"https:\/\/riwal-wpn.acceptatie.indicia-interactiv.nl\/fr\/expertise\/\"},{\"@type\":\"ListItem\",\"position\":3,\"name\":\"D\u00e9veloppement durable\"}]},{\"@type\":\"WebSite\",\"@id\":\"https:\/\/riwal-wpn.acceptatie.indicia-interactiv.nl\/fr\/#website\",\"url\":\"https:\/\/riwal-wpn.acceptatie.indicia-interactiv.nl\/fr\/\",\"name\":\"Riwal\",\"description\":\"Location nacelle \u00e9l\u00e9vatrice, formation CACES, vente nacelles - Riwal France\",\"publisher\":{\"@id\":\"https:\/\/riwal-wpn.acceptatie.indicia-interactiv.nl\/fr\/#organization\"},\"potentialAction\":[{\"@type\":\"SearchAction\",\"target\":{\"@type\":\"EntryPoint\",\"urlTemplate\":\"https:\/\/riwal-wpn.acceptatie.indicia-interactiv.nl\/fr\/?s={search_term_string}\"},\"query-input\":{\"@type\":\"PropertyValueSpecification\",\"valueRequired\":true,\"valueName\":\"search_term_string\"}}],\"inLanguage\":\"fr-FR\"},{\"@type\":\"Organization\",\"@id\":\"https:\/\/riwal-wpn.acceptatie.indicia-interactiv.nl\/fr\/#organization\",\"name\":\"Riwal\",\"url\":\"https:\/\/riwal-wpn.acceptatie.indicia-interactiv.nl\/fr\/\",\"logo\":{\"@type\":\"ImageObject\",\"inLanguage\":\"fr-FR\",\"@id\":\"https:\/\/riwal-wpn.acceptatie.indicia-interactiv.nl\/fr\/#\/schema\/logo\/image\/\",\"url\":\"\",\"contentUrl\":\"\",\"caption\":\"Riwal\"},\"image\":{\"@id\":\"https:\/\/riwal-wpn.acceptatie.indicia-interactiv.nl\/fr\/#\/schema\/logo\/image\/\"}}]}<\/script>\n<!-- \/ Yoast SEO Premium plugin. -->","yoast_head_json":{"title":"D\u00e9veloppement durable - Riwal - France","robots":{"index":"noindex","follow":"follow","max-snippet":"max-snippet:-1","max-image-preview":"max-image-preview:large","max-video-preview":"max-video-preview:-1"},"og_locale":"fr_FR","og_type":"article","og_title":"D\u00e9veloppement durable","og_description":"Pourquoi louer ? Les avantages de la location par rapport \u00e0 la propri\u00e9t\u00e9 La location, une option durable Faites un geste durable et citoyen, louez. Le choix de l&rsquo;\u00e9lectrique Pourquoi l&rsquo;\u00e9lectrique est-il pr\u00e9f\u00e9r\u00e9 au diesel ? Le digital au service du d\u00e9veloppement durable Agir sur son impact environnemental gr\u00e2ce aux outils digitaux Le recyclage des &hellip; Voir plus","og_url":"https:\/\/riwal-wpn.acceptatie.indicia-interactiv.nl\/fr\/expertise\/developpement-durable\/","og_site_name":"Riwal - France","article_modified_time":"2024-02-06T07:38:17+00:00","og_image":[{"url":"https:\/\/riwal-wpn.acceptatie.indicia-interactiv.nl\/app\/themes\/rental\/dist\/images\/patterns\/about_riwal_our_fleet_1.webp","type":"","width":"","height":""}],"twitter_card":"summary_large_image","twitter_misc":{"Est. reading time":"1 minute"},"schema":{"@context":"https:\/\/schema.org","@graph":[{"@type":"WebPage","@id":"https:\/\/riwal-wpn.acceptatie.indicia-interactiv.nl\/fr\/expertise\/developpement-durable\/","url":"https:\/\/riwal-wpn.acceptatie.indicia-interactiv.nl\/fr\/expertise\/developpement-durable\/","name":"D\u00e9veloppement durable - Riwal - France","isPartOf":{"@id":"https:\/\/riwal-wpn.acceptatie.indicia-interactiv.nl\/fr\/#website"},"primaryImageOfPage":{"@id":"https:\/\/riwal-wpn.acceptatie.indicia-interactiv.nl\/fr\/expertise\/developpement-durable\/#primaryimage"},"image":{"@id":"https:\/\/riwal-wpn.acceptatie.indicia-interactiv.nl\/fr\/expertise\/developpement-durable\/#primaryimage"},"thumbnailUrl":"https:\/\/riwal-wpn.acceptatie.indicia-interactiv.nl\/app\/themes\/rental\/dist\/images\/patterns\/about_riwal_our_fleet_1.webp","datePublished":"2023-12-29T08:00:13+00:00","dateModified":"2024-02-06T07:38:17+00:00","breadcrumb":{"@id":"https:\/\/riwal-wpn.acceptatie.indicia-interactiv.nl\/fr\/expertise\/developpement-durable\/#breadcrumb"},"inLanguage":"fr-FR","potentialAction":[{"@type":"ReadAction","target":["https:\/\/riwal-wpn.acceptatie.indicia-interactiv.nl\/fr\/expertise\/developpement-durable\/"]}]},{"@type":"ImageObject","inLanguage":"fr-FR","@id":"https:\/\/riwal-wpn.acceptatie.indicia-interactiv.nl\/fr\/expertise\/developpement-durable\/#primaryimage","url":"https:\/\/riwal-wpn.acceptatie.indicia-interactiv.nl\/app\/themes\/rental\/dist\/images\/patterns\/about_riwal_our_fleet_1.webp","contentUrl":"https:\/\/riwal-wpn.acceptatie.indicia-interactiv.nl\/app\/themes\/rental\/dist\/images\/patterns\/about_riwal_our_fleet_1.webp"},{"@type":"BreadcrumbList","@id":"https:\/\/riwal-wpn.acceptatie.indicia-interactiv.nl\/fr\/expertise\/developpement-durable\/#breadcrumb","itemListElement":[{"@type":"ListItem","position":1,"name":"Accueil","item":"https:\/\/riwal-wpn.acceptatie.indicia-interactiv.nl\/fr\/"},{"@type":"ListItem","position":2,"name":"Expertise","item":"https:\/\/riwal-wpn.acceptatie.indicia-interactiv.nl\/fr\/expertise\/"},{"@type":"ListItem","position":3,"name":"D\u00e9veloppement durable"}]},{"@type":"WebSite","@id":"https:\/\/riwal-wpn.acceptatie.indicia-interactiv.nl\/fr\/#website","url":"https:\/\/riwal-wpn.acceptatie.indicia-interactiv.nl\/fr\/","name":"Riwal","description":"Location nacelle \u00e9l\u00e9vatrice, formation CACES, vente nacelles - Riwal France","publisher":{"@id":"https:\/\/riwal-wpn.acceptatie.indicia-interactiv.nl\/fr\/#organization"},"potentialAction":[{"@type":"SearchAction","target":{"@type":"EntryPoint","urlTemplate":"https:\/\/riwal-wpn.acceptatie.indicia-interactiv.nl\/fr\/?s={search_term_string}"},"query-input":{"@type":"PropertyValueSpecification","valueRequired":true,"valueName":"search_term_string"}}],"inLanguage":"fr-FR"},{"@type":"Organization","@id":"https:\/\/riwal-wpn.acceptatie.indicia-interactiv.nl\/fr\/#organization","name":"Riwal","url":"https:\/\/riwal-wpn.acceptatie.indicia-interactiv.nl\/fr\/","logo":{"@type":"ImageObject","inLanguage":"fr-FR","@id":"https:\/\/riwal-wpn.acceptatie.indicia-interactiv.nl\/fr\/#\/schema\/logo\/image\/","url":"","contentUrl":"","caption":"Riwal"},"image":{"@id":"https:\/\/riwal-wpn.acceptatie.indicia-interactiv.nl\/fr\/#\/schema\/logo\/image\/"}}]}},"_links":{"self":[{"href":"https:\/\/riwal-wpn.acceptatie.indicia-interactiv.nl\/fr\/wp-json\/wp\/v2\/pages\/3235","targetHints":{"allow":["GET"]}}],"collection":[{"href":"https:\/\/riwal-wpn.acceptatie.indicia-interactiv.nl\/fr\/wp-json\/wp\/v2\/pages"}],"about":[{"href":"https:\/\/riwal-wpn.acceptatie.indicia-interactiv.nl\/fr\/wp-json\/wp\/v2\/types\/page"}],"author":[{"embeddable":true,"href":"https:\/\/riwal-wpn.acceptatie.indicia-interactiv.nl\/fr\/wp-json\/wp\/v2\/users\/17"}],"replies":[{"embeddable":true,"href":"https:\/\/riwal-wpn.acceptatie.indicia-interactiv.nl\/fr\/wp-json\/wp\/v2\/comments?post=3235"}],"version-history":[{"count":11,"href":"https:\/\/riwal-wpn.acceptatie.indicia-interactiv.nl\/fr\/wp-json\/wp\/v2\/pages\/3235\/revisions"}],"predecessor-version":[{"id":8037,"href":"https:\/\/riwal-wpn.acceptatie.indicia-interactiv.nl\/fr\/wp-json\/wp\/v2\/pages\/3235\/revisions\/8037"}],"up":[{"embeddable":true,"href":"https:\/\/riwal-wpn.acceptatie.indicia-interactiv.nl\/fr\/wp-json\/wp\/v2\/pages\/3204"}],"wp:attachment":[{"href":"https:\/\/riwal-wpn.acceptatie.indicia-interactiv.nl\/fr\/wp-json\/wp\/v2\/media?parent=3235"}],"curies":[{"name":"wp","href":"https:\/\/api.w.org\/{rel}","templated":true}]}}