{"id":4198,"date":"2023-09-14T14:18:52","date_gmt":"2023-09-14T14:18:52","guid":{"rendered":"https:\/\/riwal-wpn.acceptatie.indicia-interactiv.nl\/fr\/?page_id=4198"},"modified":"2024-01-30T15:00:02","modified_gmt":"2024-01-30T15:00:02","slug":"my-riwal-app-2","status":"publish","type":"page","link":"https:\/\/riwal-wpn.acceptatie.indicia-interactiv.nl\/fr\/expertise\/solutions-digitales\/my-riwal-app-2\/","title":{"rendered":"My Riwal app"},"content":{"rendered":"<div class=\"rental-wp-default-block rental-theme-block-default-margin\">\n\t\t\t\t\t\t\t\t<div class=\"container\">\n<div class=\"wp-block-group is-layout-constrained wp-block-group-is-layout-constrained\">\n<h2 class=\"wp-block-heading\" id=\"h-my-riwal-app-vos-locations-sont-entre-vos-mains\">My Riwal app, vos locations sont entre vos mains<\/h2>\n\n\n\n<div class=\"wp-block-media-text is-stacked-on-mobile\"><figure class=\"wp-block-media-text__media\"><img loading=\"lazy\" decoding=\"async\" width=\"800\" height=\"600\" src=\"https:\/\/riwal-wpn.acceptatie.indicia-interactiv.nl\/app\/uploads\/sites\/15\/2023\/09\/My-Riwal-app.png\" alt=\"My Riwal app, vos locations sont entre vos mains\" class=\"wp-image-4179 size-full\" srcset=\"https:\/\/riwal-wpn.acceptatie.indicia-interactiv.nl\/app\/uploads\/sites\/15\/2023\/09\/My-Riwal-app.png 800w, https:\/\/riwal-wpn.acceptatie.indicia-interactiv.nl\/app\/uploads\/sites\/15\/2023\/09\/My-Riwal-app-300x225.png 300w, https:\/\/riwal-wpn.acceptatie.indicia-interactiv.nl\/app\/uploads\/sites\/15\/2023\/09\/My-Riwal-app-768x576.png 768w, https:\/\/riwal-wpn.acceptatie.indicia-interactiv.nl\/app\/uploads\/sites\/15\/2023\/09\/My-Riwal-app-178x134.png 178w, https:\/\/riwal-wpn.acceptatie.indicia-interactiv.nl\/app\/uploads\/sites\/15\/2023\/09\/My-Riwal-app-390x293.png 390w, https:\/\/riwal-wpn.acceptatie.indicia-interactiv.nl\/app\/uploads\/sites\/15\/2023\/09\/My-Riwal-app-250x188.png 250w\" sizes=\"auto, (max-width: 800px) 100vw, 800px\" \/><\/figure><div class=\"wp-block-media-text__content\">\n<p>Vos locations toujours plus simples, plus rapides, plus smart ! Avec l&rsquo;application mobile My Riwal, votre espace client s&rsquo;adapte \u00e0 vos d\u00e9placements. Consultez l&rsquo;offre Riwal et connectez-vous \u00e0 votre espace client My Riwal, partout et \u00e0 tout moment. G\u00e9olocalisez vos mat\u00e9riels en temps r\u00e9el directement sur votre mobile, visualisez vos locations, vos factures et t\u00e9l\u00e9chargez les fiches techniques de vos mat\u00e9riels\u2026 G\u00e9rez vos locations n&rsquo;a jamais \u00e9t\u00e9 aussi simple avec My Riwal !<\/p>\n\n\n\n<p>Que vous soyez client ou que vous souhaitiez d\u00e9couvrir notre offre, essayez My Riwal app !<\/p>\n\n\n\n<div class=\"wp-block-group is-layout-constrained wp-block-group-is-layout-constrained\">\n<div class=\"wp-block-columns is-layout-flex wp-container-core-columns-is-layout-28f84493 wp-block-columns-is-layout-flex\">\n<div class=\"wp-block-column is-layout-flow wp-block-column-is-layout-flow\">\n<figure class=\"wp-block-image alignright size-full\"><img loading=\"lazy\" decoding=\"async\" width=\"149\" height=\"44\" src=\"https:\/\/riwal-wpn.acceptatie.indicia-interactiv.nl\/app\/uploads\/sites\/15\/2023\/09\/Google-Play_mailing.png\" alt=\"T\u00e9l\u00e9charger My Rial sur Google play\" class=\"wp-image-4231\" \/><\/figure>\n<\/div>\n\n\n\n<div class=\"wp-block-column is-layout-flow wp-block-column-is-layout-flow\">\n<figure class=\"wp-block-image size-full\"><img loading=\"lazy\" decoding=\"async\" width=\"149\" height=\"44\" src=\"https:\/\/riwal-wpn.acceptatie.indicia-interactiv.nl\/app\/uploads\/sites\/15\/2023\/09\/App-Store_mailing.png\" alt=\"T\u00e9l\u00e9charger My Riwal sur App Store\" class=\"wp-image-4232\" \/><\/figure>\n<\/div>\n<\/div>\n\n\n\n<p><\/p>\n<\/div>\n\n\n\n<div class=\"wp-block-buttons is-layout-flex wp-block-buttons-is-layout-flex\">\n<div class=\"wp-block-button\"><a class=\"wp-block-button__link wp-element-button\" href=\"http:\/\/onelink.to\/hzsbuv\">T\u00e9l\u00e9chargez My Riwal app<\/a><\/div>\n<\/div>\n<\/div><\/div>\n<\/div>\n<\/div>\n\t\t\t\t\t\t\t<\/div> \n\n<div class=\"rental-wp-default-block rental-theme-block-default-margin\">\n\t\t\t\t\t\t\t\t<div class=\"container\">\n<div class=\"wp-block-group is-layout-constrained wp-block-group-is-layout-constrained\">\n<div class=\"wp-block-columns is-layout-flex wp-container-core-columns-is-layout-28f84493 wp-block-columns-is-layout-flex\">\n<div class=\"wp-block-column is-layout-flow wp-block-column-is-layout-flow\">\n<h2 class=\"wp-block-heading\" id=\"h-vos-locations-de-nacelles-et-de-chariots-telescopiques-dans-votre-poche\">Vos locations de nacelles et de chariots t\u00e9lescopiques dans votre poche<\/h2>\n\n\n\n<ul class=\"wp-block-list\">\n<li>Consultez l&rsquo;ensemble de la gamme de nacelles \u00e9l\u00e9vatrices et de chariots t\u00e9lescopiques Riwal, disponibles \u00e0 la location<\/li>\n\n\n\n<li>Consulter nos formations CACES et S\u00e9curit\u00e9 disponibles<\/li>\n\n\n\n<li>Demandez un devis location et formation 24h\/24 et 7j\/7<\/li>\n\n\n\n<li>Acc\u00e9dez \u00e0 toutes les caract\u00e9ristiques techniques des machines, n&rsquo;importe o\u00f9 et n&rsquo;importe quand<\/li>\n\n\n\n<li>Visualisez la machine en situation r\u00e9elle, en 3D, gr\u00e2ce \u00e0 la&nbsp;<a href=\"https:\/\/riwal-wpn.acceptatie.indicia-interactiv.nl\/fr\/expertise-tbd\/solutions-digitales\/realite-augmentee\/\" target=\"_blank\" rel=\"noreferrer noopener\">r\u00e9alit\u00e9 augment\u00e9e<\/a><\/li>\n\n\n\n<li>Retrouvez tous les contacts de nos agences et de nos diff\u00e9rents services :&nbsp;<a href=\"https:\/\/riwal-wpn.acceptatie.indicia-interactiv.nl\/france\/fr-fr\/location\">location<\/a>,&nbsp;<a href=\"https:\/\/riwal-wpn.acceptatie.indicia-interactiv.nl\/france\/fr-fr\/vente\">vente<\/a>,&nbsp;<a href=\"https:\/\/riwal-wpn.acceptatie.indicia-interactiv.nl\/france\/fr-fr\/formation\">formation<\/a><\/li>\n<\/ul>\n<\/div>\n<\/div>\n<\/div>\n<\/div>\n\t\t\t\t\t\t\t<\/div> \n\n<div class=\"rental-wp-default-block rental-theme-block-default-margin\">\n\t\t\t\t\t\t\t\t<div class=\"container\">\n<div class=\"wp-block-group is-layout-constrained wp-block-group-is-layout-constrained\">\n<div class=\"wp-block-columns is-layout-flex wp-container-core-columns-is-layout-28f84493 wp-block-columns-is-layout-flex\">\n<div class=\"wp-block-column is-layout-flow wp-block-column-is-layout-flow\">\n<h2 class=\"wp-block-heading\" id=\"h-votre-espace-client-a-portee-de-main\">Votre espace client \u00e0 port\u00e9e de main<\/h2>\n\n\n\n<ul class=\"wp-block-list\">\n<li>Consultez votre historique de location et vos locations de nacelles \u00e9l\u00e9vatrices en cours en temps r\u00e9el<\/li>\n\n\n\n<li>Retrouvez vos&nbsp;factures et devis en attente de confirmation<\/li>\n\n\n\n<li>G\u00e9olocalisez vos machines en direct<\/li>\n\n\n\n<li>Arr\u00eatez vos locations d&rsquo;un seul geste n&rsquo;importe o\u00f9, n&rsquo;importe quand<\/li>\n\n\n\n<li>Modifiez vos dates de location \u00e0 tout moment<\/li>\n\n\n\n<li>Scannez le QR code votre machine et retrouvez directement votre contrat de location (d\u00e9tails de votre location, fiche technique, VGP, Certificat CE)<\/li>\n<\/ul>\n\n\n\n<div class=\"wp-block-group is-layout-constrained wp-block-group-is-layout-constrained\">\n<div class=\"wp-block-columns is-layout-flex wp-container-core-columns-is-layout-28f84493 wp-block-columns-is-layout-flex\">\n<div class=\"wp-block-column is-layout-flow wp-block-column-is-layout-flow\" style=\"flex-basis:33.33%\">\n<figure class=\"wp-block-image alignright size-full\"><img loading=\"lazy\" decoding=\"async\" width=\"150\" height=\"173\" src=\"https:\/\/riwal-wpn.acceptatie.indicia-interactiv.nl\/app\/uploads\/sites\/15\/2023\/09\/IAPA_2021_logo_petit.png\" alt=\"IAPA D\u00e9veloppement Digital\" class=\"wp-image-4218\" \/><\/figure>\n<\/div>\n\n\n\n<div class=\"wp-block-column is-layout-flow wp-block-column-is-layout-flow\" style=\"flex-basis:66.66%\">\n<div class=\"wp-block-columns is-layout-flex wp-container-core-columns-is-layout-28f84493 wp-block-columns-is-layout-flex\">\n<div class=\"wp-block-column is-layout-flow wp-block-column-is-layout-flow\">\n<p>En mars 2021, Riwal s&rsquo;est vu d\u00e9cern\u00e9 le&nbsp;prix IAPA&nbsp;D\u00e9veloppement Digital pour l&rsquo;ensemble de ses innovations digitales, dont notre application mobile My Riwal.<\/p>\n<\/div>\n<\/div>\n<\/div>\n<\/div>\n<\/div>\n<\/div>\n\n\n\n<div class=\"wp-block-column is-layout-flow wp-block-column-is-layout-flow\">\n<figure class=\"wp-block-embed is-type-video is-provider-youtube wp-block-embed-youtube\"><div class=\"wp-block-embed__wrapper\">\n<iframe title=\"My Riwal, le portail client fait pour vous, partout et \u00e0 tout moment\" width=\"500\" height=\"281\" data-icn-src=\"https:\/\/www.youtube.com\/embed\/fRhEnwPQz3Y?feature=oembed\" frameborder=\"0\" allow=\"accelerometer; autoplay; clipboard-write; encrypted-media; gyroscope; picture-in-picture; web-share\" referrerpolicy=\"strict-origin-when-cross-origin\" allowfullscreen><\/iframe>\n<\/div><\/figure>\n<\/div>\n<\/div>\n<\/div>\n<\/div>\n\t\t\t\t\t\t\t<\/div> \n\n<div class=\"rental-wp-default-block rental-theme-block-default-margin\">\n\t\t\t\t\t\t\t\t<div class=\"container\">\n<div class=\"wp-block-group is-layout-constrained wp-block-group-is-layout-constrained\">\n<h3 class=\"wp-block-heading\" id=\"h-la-realite-augmentee-vous-intrigue-decouvrez-la-en-video\">La r\u00e9alit\u00e9 augment\u00e9e vous intrigue ? D\u00e9couvrez-la en vid\u00e9o !<\/h3>\n\n\n\n<figure class=\"wp-block-embed aligncenter is-type-video is-provider-youtube wp-block-embed-youtube\"><div class=\"wp-block-embed__wrapper\">\n<iframe title=\"Visualisez vos machines en 3D gr\u00e2ce \u00e0 la r\u00e9alit\u00e9e augment\u00e9e sur l&#039;app My Riwal Rental\" width=\"500\" height=\"281\" data-icn-src=\"https:\/\/www.youtube.com\/embed\/Iia017mxHGA?feature=oembed\" frameborder=\"0\" allow=\"accelerometer; autoplay; clipboard-write; encrypted-media; gyroscope; picture-in-picture; web-share\" referrerpolicy=\"strict-origin-when-cross-origin\" allowfullscreen><\/iframe>\n<\/div><\/figure>\n<\/div>\n<\/div>\n\t\t\t\t\t\t\t<\/div> ","protected":false},"excerpt":{"rendered":"<p>My Riwal app, vos locations sont entre vos mains Vos locations toujours plus simples, plus rapides, plus smart ! Avec l&rsquo;application mobile My Riwal, votre espace client s&rsquo;adapte \u00e0 vos d\u00e9placements. Consultez l&rsquo;offre Riwal et connectez-vous \u00e0 votre espace client My Riwal, partout et \u00e0 tout moment. G\u00e9olocalisez vos mat\u00e9riels en temps r\u00e9el directement sur &hellip; <a href=\"https:\/\/riwal-wpn.acceptatie.indicia-interactiv.nl\/fr\/expertise\/solutions-digitales\/my-riwal-app-2\/\">Voir plus<\/a><\/p>\n","protected":false},"author":17,"featured_media":0,"parent":3237,"menu_order":0,"comment_status":"closed","ping_status":"closed","template":"","meta":{"_acf_changed":false,"editor_notices":[],"footnotes":""},"class_list":["post-4198","page","type-page","status-publish","hentry"],"acf":[],"yoast_head":"<!-- This site is optimized with the Yoast SEO Premium plugin v27.1 (Yoast SEO v27.1.1) - https:\/\/yoast.com\/product\/yoast-seo-premium-wordpress\/ -->\n<title>My Riwal app - Riwal - France<\/title>\n<meta name=\"description\" content=\"Vos locations toujours plus simples, plus rapides, plus smart ! Avec My Riwal app, retrouvez toute l&#039;offre Riwal, partout et \u00e0 tout moment.\" \/>\n<meta name=\"robots\" content=\"noindex, follow, max-snippet:-1, max-image-preview:large, max-video-preview:-1\" \/>\n<meta property=\"og:locale\" content=\"fr_FR\" \/>\n<meta property=\"og:type\" content=\"article\" \/>\n<meta property=\"og:title\" content=\"My Riwal app\" \/>\n<meta property=\"og:description\" content=\"Vos locations toujours plus simples, plus rapides, plus smart ! Avec My Riwal app, retrouvez toute l&#039;offre Riwal, partout et \u00e0 tout moment.\" \/>\n<meta property=\"og:url\" content=\"https:\/\/riwal-wpn.acceptatie.indicia-interactiv.nl\/fr\/expertise\/solutions-digitales\/my-riwal-app-2\/\" \/>\n<meta property=\"og:site_name\" content=\"Riwal - France\" \/>\n<meta property=\"article:modified_time\" content=\"2024-01-30T15:00:02+00:00\" \/>\n<meta property=\"og:image\" content=\"https:\/\/riwal-wpn.acceptatie.indicia-interactiv.nl\/app\/uploads\/sites\/15\/2023\/09\/My-Riwal-app.png\" \/>\n<meta name=\"twitter:card\" content=\"summary_large_image\" \/>\n<meta name=\"twitter:label1\" content=\"Est. reading time\" \/>\n\t<meta name=\"twitter:data1\" content=\"3 minutes\" \/>\n<script type=\"application\/ld+json\" class=\"yoast-schema-graph\">{\"@context\":\"https:\/\/schema.org\",\"@graph\":[{\"@type\":\"WebPage\",\"@id\":\"https:\/\/riwal-wpn.acceptatie.indicia-interactiv.nl\/fr\/expertise\/solutions-digitales\/my-riwal-app-2\/\",\"url\":\"https:\/\/riwal-wpn.acceptatie.indicia-interactiv.nl\/fr\/expertise\/solutions-digitales\/my-riwal-app-2\/\",\"name\":\"My Riwal app - Riwal - France\",\"isPartOf\":{\"@id\":\"https:\/\/riwal-wpn.acceptatie.indicia-interactiv.nl\/fr\/#website\"},\"primaryImageOfPage\":{\"@id\":\"https:\/\/riwal-wpn.acceptatie.indicia-interactiv.nl\/fr\/expertise\/solutions-digitales\/my-riwal-app-2\/#primaryimage\"},\"image\":{\"@id\":\"https:\/\/riwal-wpn.acceptatie.indicia-interactiv.nl\/fr\/expertise\/solutions-digitales\/my-riwal-app-2\/#primaryimage\"},\"thumbnailUrl\":\"https:\/\/riwal-wpn.acceptatie.indicia-interactiv.nl\/app\/uploads\/sites\/15\/2023\/09\/My-Riwal-app.png\",\"datePublished\":\"2023-09-14T14:18:52+00:00\",\"dateModified\":\"2024-01-30T15:00:02+00:00\",\"description\":\"Vos locations toujours plus simples, plus rapides, plus smart ! Avec My Riwal app, retrouvez toute l'offre Riwal, partout et \u00e0 tout moment.\",\"breadcrumb\":{\"@id\":\"https:\/\/riwal-wpn.acceptatie.indicia-interactiv.nl\/fr\/expertise\/solutions-digitales\/my-riwal-app-2\/#breadcrumb\"},\"inLanguage\":\"fr-FR\",\"potentialAction\":[{\"@type\":\"ReadAction\",\"target\":[\"https:\/\/riwal-wpn.acceptatie.indicia-interactiv.nl\/fr\/expertise\/solutions-digitales\/my-riwal-app-2\/\"]}]},{\"@type\":\"ImageObject\",\"inLanguage\":\"fr-FR\",\"@id\":\"https:\/\/riwal-wpn.acceptatie.indicia-interactiv.nl\/fr\/expertise\/solutions-digitales\/my-riwal-app-2\/#primaryimage\",\"url\":\"https:\/\/riwal-wpn.acceptatie.indicia-interactiv.nl\/app\/uploads\/sites\/15\/2023\/09\/My-Riwal-app.png\",\"contentUrl\":\"https:\/\/riwal-wpn.acceptatie.indicia-interactiv.nl\/app\/uploads\/sites\/15\/2023\/09\/My-Riwal-app.png\"},{\"@type\":\"BreadcrumbList\",\"@id\":\"https:\/\/riwal-wpn.acceptatie.indicia-interactiv.nl\/fr\/expertise\/solutions-digitales\/my-riwal-app-2\/#breadcrumb\",\"itemListElement\":[{\"@type\":\"ListItem\",\"position\":1,\"name\":\"Accueil\",\"item\":\"https:\/\/riwal-wpn.acceptatie.indicia-interactiv.nl\/fr\/\"},{\"@type\":\"ListItem\",\"position\":2,\"name\":\"Expertise\",\"item\":\"https:\/\/riwal-wpn.acceptatie.indicia-interactiv.nl\/fr\/expertise\/\"},{\"@type\":\"ListItem\",\"position\":3,\"name\":\"Solutions digitales\",\"item\":\"https:\/\/riwal-wpn.acceptatie.indicia-interactiv.nl\/fr\/expertise\/solutions-digitales\/\"},{\"@type\":\"ListItem\",\"position\":4,\"name\":\"My Riwal app\"}]},{\"@type\":\"WebSite\",\"@id\":\"https:\/\/riwal-wpn.acceptatie.indicia-interactiv.nl\/fr\/#website\",\"url\":\"https:\/\/riwal-wpn.acceptatie.indicia-interactiv.nl\/fr\/\",\"name\":\"Riwal\",\"description\":\"Location nacelle \u00e9l\u00e9vatrice, formation CACES, vente nacelles - Riwal France\",\"publisher\":{\"@id\":\"https:\/\/riwal-wpn.acceptatie.indicia-interactiv.nl\/fr\/#organization\"},\"potentialAction\":[{\"@type\":\"SearchAction\",\"target\":{\"@type\":\"EntryPoint\",\"urlTemplate\":\"https:\/\/riwal-wpn.acceptatie.indicia-interactiv.nl\/fr\/?s={search_term_string}\"},\"query-input\":{\"@type\":\"PropertyValueSpecification\",\"valueRequired\":true,\"valueName\":\"search_term_string\"}}],\"inLanguage\":\"fr-FR\"},{\"@type\":\"Organization\",\"@id\":\"https:\/\/riwal-wpn.acceptatie.indicia-interactiv.nl\/fr\/#organization\",\"name\":\"Riwal\",\"url\":\"https:\/\/riwal-wpn.acceptatie.indicia-interactiv.nl\/fr\/\",\"logo\":{\"@type\":\"ImageObject\",\"inLanguage\":\"fr-FR\",\"@id\":\"https:\/\/riwal-wpn.acceptatie.indicia-interactiv.nl\/fr\/#\/schema\/logo\/image\/\",\"url\":\"\",\"contentUrl\":\"\",\"caption\":\"Riwal\"},\"image\":{\"@id\":\"https:\/\/riwal-wpn.acceptatie.indicia-interactiv.nl\/fr\/#\/schema\/logo\/image\/\"}}]}<\/script>\n<!-- \/ Yoast SEO Premium plugin. -->","yoast_head_json":{"title":"My Riwal app - Riwal - France","description":"Vos locations toujours plus simples, plus rapides, plus smart ! Avec My Riwal app, retrouvez toute l'offre Riwal, partout et \u00e0 tout moment.","robots":{"index":"noindex","follow":"follow","max-snippet":"max-snippet:-1","max-image-preview":"max-image-preview:large","max-video-preview":"max-video-preview:-1"},"og_locale":"fr_FR","og_type":"article","og_title":"My Riwal app","og_description":"Vos locations toujours plus simples, plus rapides, plus smart ! Avec My Riwal app, retrouvez toute l'offre Riwal, partout et \u00e0 tout moment.","og_url":"https:\/\/riwal-wpn.acceptatie.indicia-interactiv.nl\/fr\/expertise\/solutions-digitales\/my-riwal-app-2\/","og_site_name":"Riwal - France","article_modified_time":"2024-01-30T15:00:02+00:00","og_image":[{"url":"https:\/\/riwal-wpn.acceptatie.indicia-interactiv.nl\/app\/uploads\/sites\/15\/2023\/09\/My-Riwal-app.png","type":"","width":"","height":""}],"twitter_card":"summary_large_image","twitter_misc":{"Est. reading time":"3 minutes"},"schema":{"@context":"https:\/\/schema.org","@graph":[{"@type":"WebPage","@id":"https:\/\/riwal-wpn.acceptatie.indicia-interactiv.nl\/fr\/expertise\/solutions-digitales\/my-riwal-app-2\/","url":"https:\/\/riwal-wpn.acceptatie.indicia-interactiv.nl\/fr\/expertise\/solutions-digitales\/my-riwal-app-2\/","name":"My Riwal app - Riwal - France","isPartOf":{"@id":"https:\/\/riwal-wpn.acceptatie.indicia-interactiv.nl\/fr\/#website"},"primaryImageOfPage":{"@id":"https:\/\/riwal-wpn.acceptatie.indicia-interactiv.nl\/fr\/expertise\/solutions-digitales\/my-riwal-app-2\/#primaryimage"},"image":{"@id":"https:\/\/riwal-wpn.acceptatie.indicia-interactiv.nl\/fr\/expertise\/solutions-digitales\/my-riwal-app-2\/#primaryimage"},"thumbnailUrl":"https:\/\/riwal-wpn.acceptatie.indicia-interactiv.nl\/app\/uploads\/sites\/15\/2023\/09\/My-Riwal-app.png","datePublished":"2023-09-14T14:18:52+00:00","dateModified":"2024-01-30T15:00:02+00:00","description":"Vos locations toujours plus simples, plus rapides, plus smart ! Avec My Riwal app, retrouvez toute l'offre Riwal, partout et \u00e0 tout moment.","breadcrumb":{"@id":"https:\/\/riwal-wpn.acceptatie.indicia-interactiv.nl\/fr\/expertise\/solutions-digitales\/my-riwal-app-2\/#breadcrumb"},"inLanguage":"fr-FR","potentialAction":[{"@type":"ReadAction","target":["https:\/\/riwal-wpn.acceptatie.indicia-interactiv.nl\/fr\/expertise\/solutions-digitales\/my-riwal-app-2\/"]}]},{"@type":"ImageObject","inLanguage":"fr-FR","@id":"https:\/\/riwal-wpn.acceptatie.indicia-interactiv.nl\/fr\/expertise\/solutions-digitales\/my-riwal-app-2\/#primaryimage","url":"https:\/\/riwal-wpn.acceptatie.indicia-interactiv.nl\/app\/uploads\/sites\/15\/2023\/09\/My-Riwal-app.png","contentUrl":"https:\/\/riwal-wpn.acceptatie.indicia-interactiv.nl\/app\/uploads\/sites\/15\/2023\/09\/My-Riwal-app.png"},{"@type":"BreadcrumbList","@id":"https:\/\/riwal-wpn.acceptatie.indicia-interactiv.nl\/fr\/expertise\/solutions-digitales\/my-riwal-app-2\/#breadcrumb","itemListElement":[{"@type":"ListItem","position":1,"name":"Accueil","item":"https:\/\/riwal-wpn.acceptatie.indicia-interactiv.nl\/fr\/"},{"@type":"ListItem","position":2,"name":"Expertise","item":"https:\/\/riwal-wpn.acceptatie.indicia-interactiv.nl\/fr\/expertise\/"},{"@type":"ListItem","position":3,"name":"Solutions digitales","item":"https:\/\/riwal-wpn.acceptatie.indicia-interactiv.nl\/fr\/expertise\/solutions-digitales\/"},{"@type":"ListItem","position":4,"name":"My Riwal app"}]},{"@type":"WebSite","@id":"https:\/\/riwal-wpn.acceptatie.indicia-interactiv.nl\/fr\/#website","url":"https:\/\/riwal-wpn.acceptatie.indicia-interactiv.nl\/fr\/","name":"Riwal","description":"Location nacelle \u00e9l\u00e9vatrice, formation CACES, vente nacelles - Riwal France","publisher":{"@id":"https:\/\/riwal-wpn.acceptatie.indicia-interactiv.nl\/fr\/#organization"},"potentialAction":[{"@type":"SearchAction","target":{"@type":"EntryPoint","urlTemplate":"https:\/\/riwal-wpn.acceptatie.indicia-interactiv.nl\/fr\/?s={search_term_string}"},"query-input":{"@type":"PropertyValueSpecification","valueRequired":true,"valueName":"search_term_string"}}],"inLanguage":"fr-FR"},{"@type":"Organization","@id":"https:\/\/riwal-wpn.acceptatie.indicia-interactiv.nl\/fr\/#organization","name":"Riwal","url":"https:\/\/riwal-wpn.acceptatie.indicia-interactiv.nl\/fr\/","logo":{"@type":"ImageObject","inLanguage":"fr-FR","@id":"https:\/\/riwal-wpn.acceptatie.indicia-interactiv.nl\/fr\/#\/schema\/logo\/image\/","url":"","contentUrl":"","caption":"Riwal"},"image":{"@id":"https:\/\/riwal-wpn.acceptatie.indicia-interactiv.nl\/fr\/#\/schema\/logo\/image\/"}}]}},"_links":{"self":[{"href":"https:\/\/riwal-wpn.acceptatie.indicia-interactiv.nl\/fr\/wp-json\/wp\/v2\/pages\/4198","targetHints":{"allow":["GET"]}}],"collection":[{"href":"https:\/\/riwal-wpn.acceptatie.indicia-interactiv.nl\/fr\/wp-json\/wp\/v2\/pages"}],"about":[{"href":"https:\/\/riwal-wpn.acceptatie.indicia-interactiv.nl\/fr\/wp-json\/wp\/v2\/types\/page"}],"author":[{"embeddable":true,"href":"https:\/\/riwal-wpn.acceptatie.indicia-interactiv.nl\/fr\/wp-json\/wp\/v2\/users\/17"}],"replies":[{"embeddable":true,"href":"https:\/\/riwal-wpn.acceptatie.indicia-interactiv.nl\/fr\/wp-json\/wp\/v2\/comments?post=4198"}],"version-history":[{"count":28,"href":"https:\/\/riwal-wpn.acceptatie.indicia-interactiv.nl\/fr\/wp-json\/wp\/v2\/pages\/4198\/revisions"}],"predecessor-version":[{"id":6776,"href":"https:\/\/riwal-wpn.acceptatie.indicia-interactiv.nl\/fr\/wp-json\/wp\/v2\/pages\/4198\/revisions\/6776"}],"up":[{"embeddable":true,"href":"https:\/\/riwal-wpn.acceptatie.indicia-interactiv.nl\/fr\/wp-json\/wp\/v2\/pages\/3237"}],"wp:attachment":[{"href":"https:\/\/riwal-wpn.acceptatie.indicia-interactiv.nl\/fr\/wp-json\/wp\/v2\/media?parent=4198"}],"curies":[{"name":"wp","href":"https:\/\/api.w.org\/{rel}","templated":true}]}}