{"id":4221,"date":"2023-09-14T12:37:15","date_gmt":"2023-09-14T12:37:15","guid":{"rendered":"https:\/\/riwal-wpn.acceptatie.indicia-interactiv.nl\/fr\/?page_id=4221"},"modified":"2024-01-30T14:58:15","modified_gmt":"2024-01-30T14:58:15","slug":"my-riwal","status":"publish","type":"page","link":"https:\/\/riwal-wpn.acceptatie.indicia-interactiv.nl\/fr\/expertise\/solutions-digitales\/my-riwal\/","title":{"rendered":"My Riwal"},"content":{"rendered":"<div class=\"rental-wp-default-block rental-theme-block-default-margin\">\n\t\t\t\t\t\t\t\t<div class=\"container\">\n<div class=\"wp-block-group is-layout-constrained wp-block-group-is-layout-constrained\">\n<h2 class=\"wp-block-heading\" id=\"h-my-riwal-c-est-l-espace-client-fait-pour-vous-partout-et-a-tout-moment\">My Riwal, c&rsquo;est l&rsquo;espace client fait pour vous, partout et \u00e0 tout moment !<\/h2>\n\n\n\n<div class=\"wp-block-media-text is-stacked-on-mobile\"><figure class=\"wp-block-media-text__media\"><img loading=\"lazy\" decoding=\"async\" width=\"600\" height=\"400\" src=\"https:\/\/riwal-wpn.acceptatie.indicia-interactiv.nl\/app\/uploads\/sites\/15\/2023\/09\/GIF-My-Riwal-fonctionnalites_Portail-et-App.gif\" alt=\"Vos locations plus simples, plus rapides, plus smart avec My Riwal\" class=\"wp-image-4204 size-full\" \/><\/figure><div class=\"wp-block-media-text__content\">\n<p>Vivez une exp\u00e9rience 100% digitale, gr\u00e2ce \u00e0 votre espace client My Riwal. Simplifiez vos locations de <a href=\"https:\/\/riwal-wpn.acceptatie.indicia-interactiv.nl\/fr\/location\/nacelle-elevatrice\/nacelle-elevatrice\/\">nacelles \u00e9l\u00e9vatrices<\/a> et de chariots t\u00e9lescopiques. En seulement quelques clics, g\u00e9rez vos locations, partout et \u00e0 tout moment. Visualisez en un coup d&rsquo;\u0153il vos projets, vos co\u00fbts et m\u00eame vos mat\u00e9riels gr\u00e2ce \u00e0 la g\u00e9olocalisation en temps r\u00e9el. Avec My Riwal, disponible sur PC, tablette et Smartphone, la gestion de vos locations de mat\u00e9riels d&rsquo;\u00e9l\u00e9vation n&rsquo;a jamais \u00e9t\u00e9 aussi simple !&nbsp;<\/p>\n\n\n\n<div class=\"wp-block-buttons is-layout-flex wp-block-buttons-is-layout-flex\">\n<div class=\"wp-block-button\"><a class=\"wp-block-button__link wp-element-button\" href=\"https:\/\/v2.myriwal.com\/\">Connectez-vous \u00e0 My Riwal <\/a><\/div>\n<\/div>\n<\/div><\/div>\n<\/div>\n<\/div>\n\t\t\t\t\t\t\t<\/div> \n\n<div class=\"rental-wp-default-block rental-theme-block-default-margin\">\n\t\t\t\t\t\t\t\t<div class=\"container\">\n<div class=\"wp-block-group is-layout-constrained wp-block-group-is-layout-constrained\">\n<div class=\"wp-block-columns is-layout-flex wp-container-core-columns-is-layout-28f84493 wp-block-columns-is-layout-flex\">\n<div class=\"wp-block-column is-layout-flow wp-block-column-is-layout-flow\">\n<h2 class=\"wp-block-heading\" id=\"h-10-bonnes-raisons-d-utiliser-my-riwal\">10 bonnes raisons d&rsquo;utiliser My Riwal<\/h2>\n\n\n\n<p>Avec votre espace client My Riwal, pilotez et optimisez \u00e0 tout moment vos locations de <a href=\"https:\/\/riwal-wpn.acceptatie.indicia-interactiv.nl\/fr\/location\/nacelle-elevatrice\/nacelle-elevatrice\/\">nacelles \u00e9l\u00e9vatrices<\/a> et de chariots t\u00e9lescopiques :<\/p>\n\n\n\n<ul class=\"wp-block-list\">\n<li>Acc\u00e8s 24h\/24 et 7j\/7&nbsp;\u00e0 vos locations en cours, vos devis et vos factures. My Riwal s&rsquo;adapte \u00e0 vos besoins, quand vous en avez besoin !<\/li>\n\n\n\n<li>Tableaux de bord synth\u00e9tiques&nbsp;pour visualiser et optimiser vos projets \u00e0 distance<\/li>\n\n\n\n<li>T\u00e9l\u00e9chargez les fiches techniques&nbsp;de vos nacelles \u00e9l\u00e9vatrices et chariots t\u00e9lescopiques, leurs manuels d&rsquo;utilisation, certificats CE\u2026<\/li>\n\n\n\n<li>G\u00e9olocalisez en temps r\u00e9el votre mat\u00e9riel&nbsp;de chantier et recevez des notifications de non-utilisation des machines<\/li>\n\n\n\n<li>Effectuez des demandes&nbsp;de modifications de vos locations de nacelles, d&rsquo;arr\u00eats de location, de reprises de mat\u00e9riel\u2026 en seulement quelques clics !<\/li>\n\n\n\n<li>Retrouvez vos devis&nbsp;en attente de confirmation et t\u00e9l\u00e9chargez-les<\/li>\n\n\n\n<li>G\u00e9rez vos factures, t\u00e9l\u00e9chargez-les et v\u00e9rifiez les statuts de vos paiements<\/li>\n\n\n\n<li>Trouvez facilement la machine la plus adapt\u00e9e \u00e0 votre chantier&nbsp;gr\u00e2ce \u00e0 notre outil de comparaison<\/li>\n\n\n\n<li>Gagnez du temps pour vos demandes de devis&nbsp;en les faisant directement via votre espace client : vos informations sont d\u00e9j\u00e0 pr\u00e9remplies&nbsp;!<\/li>\n\n\n\n<li>Analysez vos consommations d&rsquo;\u00e9nergie&nbsp;et obtenez rapidement des rapports sur vos \u00e9missions CO<sup><sub>2<\/sub><\/sup> et l&rsquo;utilisation de vos mat\u00e9riels<\/li>\n<\/ul>\n<\/div>\n\n\n\n<div class=\"wp-block-column is-vertically-aligned-center is-layout-flow wp-block-column-is-layout-flow\">\n<figure class=\"wp-block-embed is-type-video is-provider-youtube wp-block-embed-youtube\"><div class=\"wp-block-embed__wrapper\">\n<iframe title=\"My Riwal, le portail client fait pour vous, partout et \u00e0 tout moment\" width=\"500\" height=\"281\" data-icn-src=\"https:\/\/www.youtube.com\/embed\/fRhEnwPQz3Y?feature=oembed\" frameborder=\"0\" allow=\"accelerometer; autoplay; clipboard-write; encrypted-media; gyroscope; picture-in-picture; web-share\" referrerpolicy=\"strict-origin-when-cross-origin\" allowfullscreen><\/iframe>\n<\/div><\/figure>\n<\/div>\n<\/div>\n<\/div>\n<\/div>\n\t\t\t\t\t\t\t<\/div> \n\n<div class=\"rental-wp-default-block rental-theme-block-default-margin\">\n\t\t\t\t\t\t\t\t<div class=\"container\">\n<div class=\"wp-block-group is-layout-constrained wp-block-group-is-layout-constrained\"><div class=\"wp-block-rental-theme-featured rental-theme-block-default-padding\">\n\t<div class=\"container\">\n\t\t<div class=\"wp-block-rental-theme-featured-container\">\n\t\t\t<div class=\"wp-block-rental-theme-featured__image\">\n\t\t\t\t<div class=\"wp-block-rental-theme-featured-image-container\">\n\t\t\t\t\t\t\t\t\t\t\t<div class=\"main-image\">\n\t\t\t\t\t\t\t<img loading=\"lazy\" decoding=\"async\" width=\"620\" height=\"465\" src=\"https:\/\/riwal-wpn.acceptatie.indicia-interactiv.nl\/app\/uploads\/sites\/15\/2023\/09\/My-Riwal_Au-bureau-sur-chantier.png\" class=\"attachment-featured_block_image size-featured_block_image\" alt=\"My Riwal au bureau et sur chantier\" srcset=\"https:\/\/riwal-wpn.acceptatie.indicia-interactiv.nl\/app\/uploads\/sites\/15\/2023\/09\/My-Riwal_Au-bureau-sur-chantier.png 800w, https:\/\/riwal-wpn.acceptatie.indicia-interactiv.nl\/app\/uploads\/sites\/15\/2023\/09\/My-Riwal_Au-bureau-sur-chantier-300x225.png 300w, https:\/\/riwal-wpn.acceptatie.indicia-interactiv.nl\/app\/uploads\/sites\/15\/2023\/09\/My-Riwal_Au-bureau-sur-chantier-768x576.png 768w, https:\/\/riwal-wpn.acceptatie.indicia-interactiv.nl\/app\/uploads\/sites\/15\/2023\/09\/My-Riwal_Au-bureau-sur-chantier-178x134.png 178w, https:\/\/riwal-wpn.acceptatie.indicia-interactiv.nl\/app\/uploads\/sites\/15\/2023\/09\/My-Riwal_Au-bureau-sur-chantier-390x293.png 390w, https:\/\/riwal-wpn.acceptatie.indicia-interactiv.nl\/app\/uploads\/sites\/15\/2023\/09\/My-Riwal_Au-bureau-sur-chantier-250x188.png 250w\" sizes=\"auto, (max-width: 620px) 100vw, 620px\" \/>\t\t\t\t\t\t<\/div>\n\t\t\t\t\t\t\t\t\t\t<div class=\"wp-block-rental-theme-featured-image-container__subtext\">\n\t\t\t\t\t\t\t\t\t\t\t<\/div>\n\t\t\t\t<\/div>\n\t\t\t<\/div>\n\t\t\t<div class=\"wp-block-rental-theme-featured-content\">\n\t\t\t\t<div>\n\t\t\t\t\t<h2 class=\"wp-block-rental-theme-featured-title\">My Riwal au bureau et sur chantier<\/h2>\n\t\t\t\t\t<div class=\"wp-block-rental-theme-featured-text\">\n\n<p class=\"has-text-align-left\">My Riwal, c&rsquo;est l&rsquo;espace client destin\u00e9 \u00e0 vous faciliter la gestion de votre location de <a href=\"https:\/\/riwal-wpn.acceptatie.indicia-interactiv.nl\/fr\/location\/nacelle-elevatrice\/nacelle-elevatrice\/\">nacelle \u00e9l\u00e9vatrice<\/a> et de chariot t\u00e9lescopique. <\/p>\n\n\n\n<p>Pens\u00e9 et con\u00e7u pour vous, votre portail client s&rsquo;adapte \u00e0 vos d\u00e9placements avec l&rsquo;application mobile My Riwal !<\/p>\n\n\n\n<div class=\"wp-block-buttons is-layout-flex wp-block-buttons-is-layout-flex\">\n<div class=\"wp-block-button\"><a class=\"wp-block-button__link wp-element-button\" href=\"http:\/\/onelink.to\/hzsbuv\">T\u00e9l\u00e9charger My Riwal app<\/a><\/div>\n<\/div>\n\n<\/div>\n\t\t\t\t<\/div>\n\t\t\t<\/div>\n\t\t<\/div>\n\t<\/div>\n<\/div>\n<\/div>\n<\/div>\n\t\t\t\t\t\t\t<\/div> \n\n<div class=\"rental-wp-default-block rental-theme-block-default-margin\">\n\t\t\t\t\t\t\t\t<div class=\"container\">\n<div class=\"wp-block-group is-layout-constrained wp-block-group-is-layout-constrained\">\n<h2 class=\"wp-block-heading\" id=\"h-les-avantages-de-my-riwal\">Les avantages de My Riwal<\/h2>\n\n\n\n<p><strong>Un aper\u00e7u en temps r\u00e9el de vos donn\u00e9es de location : co\u00fbts de location, utilisation de votre mat\u00e9riel et \u00e9missions de CO2.<br><\/strong>My Riwal vous donne acc\u00e8s aux informations de location en cours et pass\u00e9es. Vous avez ainsi une visibilit\u00e9 en temps r\u00e9elle de vos contrats de location, vos devis et vos factures. De plus, vous pouvez voir en temps r\u00e9el quelle machine est en cours d\u2019utilisation et \u00e0 quel endroit. Avec l\u2019outil Track &amp; Trace, vous avez acc\u00e8s \u00e0 la g\u00e9olocalisation pr\u00e9cise de votre mat\u00e9riel.<strong>&nbsp;<br><br>Demander des devis location et des arr\u00eats de location via votre ordinateur ou votre smartphone.<br><\/strong>My Riwal vous apporte une certaine autonomie dans vos demandes de devis et arr\u00eats de location. En effet, vous pouvez les faire 24H\/24, 7J\/7, au moment le plus opportun pour vous. De plus, trouvez rapidement et facilement les fiches techniques et manuels d\u2019utilisation de vos machines, t\u00e9l\u00e9chargeable en un clic.&nbsp;<br><strong><br>Acc\u00e9dez \u00e0 vos factures et devis, partout et \u00e0 tout moment.<br><\/strong>Trouvez toutes vos factures, et devis en attente de confirmation, en un rien de temps. Historique et statuts de paiement sont \u00e0 port\u00e9e de doigt ou de clic, tout comme la possibilit\u00e9 de les t\u00e9l\u00e9charger lorsque vous le souhaitez.<br><strong><br>Agir sur votre empreinte carbone.<br><\/strong>Le d\u00e9veloppement durable des secteurs de la construction et de l\u2019industrie est un sujet de plus en plus important. R\u00e9duire son empreinte carbone n\u00e9cessite, pour les entreprises, des mesures pr\u00e9cises de leurs \u00e9missions de CO2, afin de d\u00e9cider o\u00f9 et comment agir. L\u2019espace client My Riwal apporte une vue claire de vos \u00e9missions de CO2, ainsi que d\u2019autres donn\u00e9es utiles telles que le nombre de machines en cours d\u2019utilisation, leurs temps d\u2019utilisation et comment votre mat\u00e9riel a \u00e9t\u00e9 utilis\u00e9.<\/p>\n<\/div>\n<\/div>\n\t\t\t\t\t\t\t<\/div> \n\n<div class=\"rental-wp-default-block rental-theme-block-default-margin\">\n\t\t\t\t\t\t\t\t<div class=\"container\">\n<div class=\"wp-block-columns is-layout-flex wp-container-core-columns-is-layout-28f84493 wp-block-columns-is-layout-flex\">\n<div class=\"wp-block-column is-layout-flow wp-block-column-is-layout-flow\" style=\"flex-basis:33.33%\">\n<figure class=\"wp-block-image alignright size-full\"><img loading=\"lazy\" decoding=\"async\" width=\"150\" height=\"173\" src=\"https:\/\/riwal-wpn.acceptatie.indicia-interactiv.nl\/app\/uploads\/sites\/15\/2023\/09\/IAPA_2021_logo_petit.png\" alt=\"Prix IAPA pour nos innovations digitales\" class=\"wp-image-4218\" \/><\/figure>\n<\/div>\n\n\n\n<div class=\"wp-block-column is-layout-flow wp-block-column-is-layout-flow\" style=\"flex-basis:66.66%\">\n<div class=\"wp-block-columns is-layout-flex wp-container-core-columns-is-layout-28f84493 wp-block-columns-is-layout-flex\">\n<div class=\"wp-block-column is-layout-flow wp-block-column-is-layout-flow\">\n<p>En mars 2021, Riwal s&rsquo;est vu d\u00e9cern\u00e9 le&nbsp;prix IAPA&nbsp;D\u00e9veloppement Digital pour l&rsquo;ensemble de ses innovations digitales, dont l&rsquo;ensemble des fonctionnalit\u00e9s de My Riwal.<\/p>\n<\/div>\n\n\n\n<div class=\"wp-block-column is-layout-flow wp-block-column-is-layout-flow\"><\/div>\n<\/div>\n<\/div>\n<\/div>\n<\/div>\n\t\t\t\t\t\t\t<\/div> ","protected":false},"excerpt":{"rendered":"<p>My Riwal, c&rsquo;est l&rsquo;espace client fait pour vous, partout et \u00e0 tout moment ! Vivez une exp\u00e9rience 100% digitale, gr\u00e2ce \u00e0 votre espace client My Riwal. Simplifiez vos locations de nacelles \u00e9l\u00e9vatrices et de chariots t\u00e9lescopiques. En seulement quelques clics, g\u00e9rez vos locations, partout et \u00e0 tout moment. Visualisez en un coup d&rsquo;\u0153il vos projets, &hellip; <a href=\"https:\/\/riwal-wpn.acceptatie.indicia-interactiv.nl\/fr\/expertise\/solutions-digitales\/my-riwal\/\">Voir plus<\/a><\/p>\n","protected":false},"author":17,"featured_media":0,"parent":3237,"menu_order":0,"comment_status":"closed","ping_status":"closed","template":"","meta":{"_acf_changed":false,"editor_notices":[],"footnotes":""},"class_list":["post-4221","page","type-page","status-publish","hentry"],"acf":[],"yoast_head":"<!-- This site is optimized with the Yoast SEO Premium plugin v27.1 (Yoast SEO v27.1.1) - https:\/\/yoast.com\/product\/yoast-seo-premium-wordpress\/ -->\n<title>My Riwal - Simplifiez vos locations - Riwal - France<\/title>\n<meta name=\"description\" content=\"Votre espace client My Riwal simplifie vos locations de nacelles \u00e9l\u00e9vatrices et de chariots t\u00e9lescopiques, partout et \u00e0 tout moment.\" \/>\n<meta name=\"robots\" content=\"noindex, follow, max-snippet:-1, max-image-preview:large, max-video-preview:-1\" \/>\n<meta property=\"og:locale\" content=\"fr_FR\" \/>\n<meta property=\"og:type\" content=\"article\" \/>\n<meta property=\"og:title\" content=\"My Riwal\" \/>\n<meta property=\"og:description\" content=\"Votre espace client My Riwal simplifie vos locations de nacelles \u00e9l\u00e9vatrices et de chariots t\u00e9lescopiques, partout et \u00e0 tout moment.\" \/>\n<meta property=\"og:url\" content=\"https:\/\/riwal-wpn.acceptatie.indicia-interactiv.nl\/fr\/expertise\/solutions-digitales\/my-riwal\/\" \/>\n<meta property=\"og:site_name\" content=\"Riwal - France\" \/>\n<meta property=\"article:modified_time\" content=\"2024-01-30T14:58:15+00:00\" \/>\n<meta property=\"og:image\" content=\"https:\/\/riwal-wpn.acceptatie.indicia-interactiv.nl\/app\/uploads\/sites\/15\/2023\/09\/GIF-My-Riwal-fonctionnalites_Portail-et-App.gif\" \/>\n<meta name=\"twitter:card\" content=\"summary_large_image\" \/>\n<meta name=\"twitter:label1\" content=\"Est. reading time\" \/>\n\t<meta name=\"twitter:data1\" content=\"4 minutes\" \/>\n<script type=\"application\/ld+json\" class=\"yoast-schema-graph\">{\"@context\":\"https:\/\/schema.org\",\"@graph\":[{\"@type\":\"WebPage\",\"@id\":\"https:\/\/riwal-wpn.acceptatie.indicia-interactiv.nl\/fr\/expertise\/solutions-digitales\/my-riwal\/\",\"url\":\"https:\/\/riwal-wpn.acceptatie.indicia-interactiv.nl\/fr\/expertise\/solutions-digitales\/my-riwal\/\",\"name\":\"My Riwal - Simplifiez vos locations - Riwal - France\",\"isPartOf\":{\"@id\":\"https:\/\/riwal-wpn.acceptatie.indicia-interactiv.nl\/fr\/#website\"},\"primaryImageOfPage\":{\"@id\":\"https:\/\/riwal-wpn.acceptatie.indicia-interactiv.nl\/fr\/expertise\/solutions-digitales\/my-riwal\/#primaryimage\"},\"image\":{\"@id\":\"https:\/\/riwal-wpn.acceptatie.indicia-interactiv.nl\/fr\/expertise\/solutions-digitales\/my-riwal\/#primaryimage\"},\"thumbnailUrl\":\"https:\/\/riwal-wpn.acceptatie.indicia-interactiv.nl\/app\/uploads\/sites\/15\/2023\/09\/GIF-My-Riwal-fonctionnalites_Portail-et-App.gif\",\"datePublished\":\"2023-09-14T12:37:15+00:00\",\"dateModified\":\"2024-01-30T14:58:15+00:00\",\"description\":\"Votre espace client My Riwal simplifie vos locations de nacelles \u00e9l\u00e9vatrices et de chariots t\u00e9lescopiques, partout et \u00e0 tout moment.\",\"breadcrumb\":{\"@id\":\"https:\/\/riwal-wpn.acceptatie.indicia-interactiv.nl\/fr\/expertise\/solutions-digitales\/my-riwal\/#breadcrumb\"},\"inLanguage\":\"fr-FR\",\"potentialAction\":[{\"@type\":\"ReadAction\",\"target\":[\"https:\/\/riwal-wpn.acceptatie.indicia-interactiv.nl\/fr\/expertise\/solutions-digitales\/my-riwal\/\"]}]},{\"@type\":\"ImageObject\",\"inLanguage\":\"fr-FR\",\"@id\":\"https:\/\/riwal-wpn.acceptatie.indicia-interactiv.nl\/fr\/expertise\/solutions-digitales\/my-riwal\/#primaryimage\",\"url\":\"https:\/\/riwal-wpn.acceptatie.indicia-interactiv.nl\/app\/uploads\/sites\/15\/2023\/09\/GIF-My-Riwal-fonctionnalites_Portail-et-App.gif\",\"contentUrl\":\"https:\/\/riwal-wpn.acceptatie.indicia-interactiv.nl\/app\/uploads\/sites\/15\/2023\/09\/GIF-My-Riwal-fonctionnalites_Portail-et-App.gif\"},{\"@type\":\"BreadcrumbList\",\"@id\":\"https:\/\/riwal-wpn.acceptatie.indicia-interactiv.nl\/fr\/expertise\/solutions-digitales\/my-riwal\/#breadcrumb\",\"itemListElement\":[{\"@type\":\"ListItem\",\"position\":1,\"name\":\"Accueil\",\"item\":\"https:\/\/riwal-wpn.acceptatie.indicia-interactiv.nl\/fr\/\"},{\"@type\":\"ListItem\",\"position\":2,\"name\":\"Expertise\",\"item\":\"https:\/\/riwal-wpn.acceptatie.indicia-interactiv.nl\/fr\/expertise\/\"},{\"@type\":\"ListItem\",\"position\":3,\"name\":\"Solutions digitales\",\"item\":\"https:\/\/riwal-wpn.acceptatie.indicia-interactiv.nl\/fr\/expertise\/solutions-digitales\/\"},{\"@type\":\"ListItem\",\"position\":4,\"name\":\"My Riwal\"}]},{\"@type\":\"WebSite\",\"@id\":\"https:\/\/riwal-wpn.acceptatie.indicia-interactiv.nl\/fr\/#website\",\"url\":\"https:\/\/riwal-wpn.acceptatie.indicia-interactiv.nl\/fr\/\",\"name\":\"Riwal\",\"description\":\"Location nacelle \u00e9l\u00e9vatrice, formation CACES, vente nacelles - Riwal France\",\"publisher\":{\"@id\":\"https:\/\/riwal-wpn.acceptatie.indicia-interactiv.nl\/fr\/#organization\"},\"potentialAction\":[{\"@type\":\"SearchAction\",\"target\":{\"@type\":\"EntryPoint\",\"urlTemplate\":\"https:\/\/riwal-wpn.acceptatie.indicia-interactiv.nl\/fr\/?s={search_term_string}\"},\"query-input\":{\"@type\":\"PropertyValueSpecification\",\"valueRequired\":true,\"valueName\":\"search_term_string\"}}],\"inLanguage\":\"fr-FR\"},{\"@type\":\"Organization\",\"@id\":\"https:\/\/riwal-wpn.acceptatie.indicia-interactiv.nl\/fr\/#organization\",\"name\":\"Riwal\",\"url\":\"https:\/\/riwal-wpn.acceptatie.indicia-interactiv.nl\/fr\/\",\"logo\":{\"@type\":\"ImageObject\",\"inLanguage\":\"fr-FR\",\"@id\":\"https:\/\/riwal-wpn.acceptatie.indicia-interactiv.nl\/fr\/#\/schema\/logo\/image\/\",\"url\":\"\",\"contentUrl\":\"\",\"caption\":\"Riwal\"},\"image\":{\"@id\":\"https:\/\/riwal-wpn.acceptatie.indicia-interactiv.nl\/fr\/#\/schema\/logo\/image\/\"}}]}<\/script>\n<!-- \/ Yoast SEO Premium plugin. -->","yoast_head_json":{"title":"My Riwal - Simplifiez vos locations - Riwal - France","description":"Votre espace client My Riwal simplifie vos locations de nacelles \u00e9l\u00e9vatrices et de chariots t\u00e9lescopiques, partout et \u00e0 tout moment.","robots":{"index":"noindex","follow":"follow","max-snippet":"max-snippet:-1","max-image-preview":"max-image-preview:large","max-video-preview":"max-video-preview:-1"},"og_locale":"fr_FR","og_type":"article","og_title":"My Riwal","og_description":"Votre espace client My Riwal simplifie vos locations de nacelles \u00e9l\u00e9vatrices et de chariots t\u00e9lescopiques, partout et \u00e0 tout moment.","og_url":"https:\/\/riwal-wpn.acceptatie.indicia-interactiv.nl\/fr\/expertise\/solutions-digitales\/my-riwal\/","og_site_name":"Riwal - France","article_modified_time":"2024-01-30T14:58:15+00:00","og_image":[{"url":"https:\/\/riwal-wpn.acceptatie.indicia-interactiv.nl\/app\/uploads\/sites\/15\/2023\/09\/GIF-My-Riwal-fonctionnalites_Portail-et-App.gif","type":"","width":"","height":""}],"twitter_card":"summary_large_image","twitter_misc":{"Est. reading time":"4 minutes"},"schema":{"@context":"https:\/\/schema.org","@graph":[{"@type":"WebPage","@id":"https:\/\/riwal-wpn.acceptatie.indicia-interactiv.nl\/fr\/expertise\/solutions-digitales\/my-riwal\/","url":"https:\/\/riwal-wpn.acceptatie.indicia-interactiv.nl\/fr\/expertise\/solutions-digitales\/my-riwal\/","name":"My Riwal - Simplifiez vos locations - Riwal - France","isPartOf":{"@id":"https:\/\/riwal-wpn.acceptatie.indicia-interactiv.nl\/fr\/#website"},"primaryImageOfPage":{"@id":"https:\/\/riwal-wpn.acceptatie.indicia-interactiv.nl\/fr\/expertise\/solutions-digitales\/my-riwal\/#primaryimage"},"image":{"@id":"https:\/\/riwal-wpn.acceptatie.indicia-interactiv.nl\/fr\/expertise\/solutions-digitales\/my-riwal\/#primaryimage"},"thumbnailUrl":"https:\/\/riwal-wpn.acceptatie.indicia-interactiv.nl\/app\/uploads\/sites\/15\/2023\/09\/GIF-My-Riwal-fonctionnalites_Portail-et-App.gif","datePublished":"2023-09-14T12:37:15+00:00","dateModified":"2024-01-30T14:58:15+00:00","description":"Votre espace client My Riwal simplifie vos locations de nacelles \u00e9l\u00e9vatrices et de chariots t\u00e9lescopiques, partout et \u00e0 tout moment.","breadcrumb":{"@id":"https:\/\/riwal-wpn.acceptatie.indicia-interactiv.nl\/fr\/expertise\/solutions-digitales\/my-riwal\/#breadcrumb"},"inLanguage":"fr-FR","potentialAction":[{"@type":"ReadAction","target":["https:\/\/riwal-wpn.acceptatie.indicia-interactiv.nl\/fr\/expertise\/solutions-digitales\/my-riwal\/"]}]},{"@type":"ImageObject","inLanguage":"fr-FR","@id":"https:\/\/riwal-wpn.acceptatie.indicia-interactiv.nl\/fr\/expertise\/solutions-digitales\/my-riwal\/#primaryimage","url":"https:\/\/riwal-wpn.acceptatie.indicia-interactiv.nl\/app\/uploads\/sites\/15\/2023\/09\/GIF-My-Riwal-fonctionnalites_Portail-et-App.gif","contentUrl":"https:\/\/riwal-wpn.acceptatie.indicia-interactiv.nl\/app\/uploads\/sites\/15\/2023\/09\/GIF-My-Riwal-fonctionnalites_Portail-et-App.gif"},{"@type":"BreadcrumbList","@id":"https:\/\/riwal-wpn.acceptatie.indicia-interactiv.nl\/fr\/expertise\/solutions-digitales\/my-riwal\/#breadcrumb","itemListElement":[{"@type":"ListItem","position":1,"name":"Accueil","item":"https:\/\/riwal-wpn.acceptatie.indicia-interactiv.nl\/fr\/"},{"@type":"ListItem","position":2,"name":"Expertise","item":"https:\/\/riwal-wpn.acceptatie.indicia-interactiv.nl\/fr\/expertise\/"},{"@type":"ListItem","position":3,"name":"Solutions digitales","item":"https:\/\/riwal-wpn.acceptatie.indicia-interactiv.nl\/fr\/expertise\/solutions-digitales\/"},{"@type":"ListItem","position":4,"name":"My Riwal"}]},{"@type":"WebSite","@id":"https:\/\/riwal-wpn.acceptatie.indicia-interactiv.nl\/fr\/#website","url":"https:\/\/riwal-wpn.acceptatie.indicia-interactiv.nl\/fr\/","name":"Riwal","description":"Location nacelle \u00e9l\u00e9vatrice, formation CACES, vente nacelles - Riwal France","publisher":{"@id":"https:\/\/riwal-wpn.acceptatie.indicia-interactiv.nl\/fr\/#organization"},"potentialAction":[{"@type":"SearchAction","target":{"@type":"EntryPoint","urlTemplate":"https:\/\/riwal-wpn.acceptatie.indicia-interactiv.nl\/fr\/?s={search_term_string}"},"query-input":{"@type":"PropertyValueSpecification","valueRequired":true,"valueName":"search_term_string"}}],"inLanguage":"fr-FR"},{"@type":"Organization","@id":"https:\/\/riwal-wpn.acceptatie.indicia-interactiv.nl\/fr\/#organization","name":"Riwal","url":"https:\/\/riwal-wpn.acceptatie.indicia-interactiv.nl\/fr\/","logo":{"@type":"ImageObject","inLanguage":"fr-FR","@id":"https:\/\/riwal-wpn.acceptatie.indicia-interactiv.nl\/fr\/#\/schema\/logo\/image\/","url":"","contentUrl":"","caption":"Riwal"},"image":{"@id":"https:\/\/riwal-wpn.acceptatie.indicia-interactiv.nl\/fr\/#\/schema\/logo\/image\/"}}]}},"_links":{"self":[{"href":"https:\/\/riwal-wpn.acceptatie.indicia-interactiv.nl\/fr\/wp-json\/wp\/v2\/pages\/4221","targetHints":{"allow":["GET"]}}],"collection":[{"href":"https:\/\/riwal-wpn.acceptatie.indicia-interactiv.nl\/fr\/wp-json\/wp\/v2\/pages"}],"about":[{"href":"https:\/\/riwal-wpn.acceptatie.indicia-interactiv.nl\/fr\/wp-json\/wp\/v2\/types\/page"}],"author":[{"embeddable":true,"href":"https:\/\/riwal-wpn.acceptatie.indicia-interactiv.nl\/fr\/wp-json\/wp\/v2\/users\/17"}],"replies":[{"embeddable":true,"href":"https:\/\/riwal-wpn.acceptatie.indicia-interactiv.nl\/fr\/wp-json\/wp\/v2\/comments?post=4221"}],"version-history":[{"count":5,"href":"https:\/\/riwal-wpn.acceptatie.indicia-interactiv.nl\/fr\/wp-json\/wp\/v2\/pages\/4221\/revisions"}],"predecessor-version":[{"id":6774,"href":"https:\/\/riwal-wpn.acceptatie.indicia-interactiv.nl\/fr\/wp-json\/wp\/v2\/pages\/4221\/revisions\/6774"}],"up":[{"embeddable":true,"href":"https:\/\/riwal-wpn.acceptatie.indicia-interactiv.nl\/fr\/wp-json\/wp\/v2\/pages\/3237"}],"wp:attachment":[{"href":"https:\/\/riwal-wpn.acceptatie.indicia-interactiv.nl\/fr\/wp-json\/wp\/v2\/media?parent=4221"}],"curies":[{"name":"wp","href":"https:\/\/api.w.org\/{rel}","templated":true}]}}