{"id":4241,"date":"2023-09-14T15:05:41","date_gmt":"2023-09-14T15:05:41","guid":{"rendered":"https:\/\/riwal-wpn.acceptatie.indicia-interactiv.nl\/fr\/?page_id=4241"},"modified":"2023-12-18T14:00:40","modified_gmt":"2023-12-18T14:00:40","slug":"realite-augmentee","status":"publish","type":"page","link":"https:\/\/riwal-wpn.acceptatie.indicia-interactiv.nl\/fr\/expertise\/solutions-digitales\/realite-augmentee\/","title":{"rendered":"R\u00e9alit\u00e9 augment\u00e9e"},"content":{"rendered":"<div class=\"rental-wp-default-block rental-theme-block-default-margin\">\n\t\t\t\t\t\t\t\t<div class=\"container\">\n<div class=\"wp-block-group is-layout-constrained wp-block-group-is-layout-constrained\">\n<h2 class=\"wp-block-heading\" id=\"h-realite-augmentee-le-futur-c-est-maintenant\">R\u00e9alit\u00e9 augment\u00e9e. Le futur, c&rsquo;est maintenant !<\/h2>\n\n\n\n<div class=\"wp-block-columns is-layout-flex wp-container-core-columns-is-layout-28f84493 wp-block-columns-is-layout-flex\">\n<div class=\"wp-block-column is-layout-flow wp-block-column-is-layout-flow\" style=\"flex-basis:66.66%\">\n<p>Vous n&rsquo;\u00eates pas certain qu&rsquo;une machine sera adapt\u00e9e \u00e0 votre chantier ? Essayez d\u00e8s maintenant la r\u00e9alit\u00e9 augment\u00e9e via notre application mobile My Riwal ! Visualisez-la en situation r\u00e9elle gr\u00e2ce \u00e0 la 3D.<\/p>\n\n\n\n<p><\/p>\n\n\n\n<h3 class=\"wp-block-heading\" id=\"h-une-revolution-dans-le-monde-de-la-location\">Une r\u00e9volution dans le monde de la location<\/h3>\n\n\n\n<p>Choisir le mat\u00e9riel d\u2019\u00e9l\u00e9vation le plus adapt\u00e9 \u00e0 votre projet n\u2019est pas toujours simple. Cela n\u00e9cessite du temps et de la r\u00e9flexion. Les contraintes de votre chantier, la hauteur de travail minimum \/ maximum, ainsi que les dimensions des acc\u00e8s de votre chantier sont des crit\u00e8res \u00e0 prendre en compte. Il est parfois difficile de tout mesurer et pr\u00e9voir \u00e0 l&rsquo;avance.\u00a0<br><br>Afin de faciliter votre prise de d\u00e9cision, nous avons d\u00e9velopp\u00e9, pour vous, une fonctionnalit\u00e9 de r\u00e9alit\u00e9 augment\u00e9e. Disponible sur notre\u00a0<a href=\"https:\/\/riwal-wpn.acceptatie.indicia-interactiv.nl\/fr\/expertise-tbd\/solutions-digitales\/my-riwal-app-2\/\" target=\"_blank\" rel=\"noreferrer noopener\">application mobile My Riwal<\/a>, la r\u00e9alit\u00e9 augment\u00e9e vous permet de choisir en toute confiance le mat\u00e9riel d\u2019\u00e9l\u00e9vation le plus adapt\u00e9 \u00e0 votre chantier. Via l&rsquo;application My Riwal, vous avez la possibilit\u00e9 de s\u00e9lectionner une machine, puis de la visualiser en situation r\u00e9elle en quelques secondes.<\/p>\n\n\n\n<p>A la cl\u00e9, un gain de temps et d\u2019efficacit\u00e9 !<\/p>\n\n\n\n<div class=\"wp-block-buttons is-layout-flex wp-block-buttons-is-layout-flex\">\n<div class=\"wp-block-button\"><a class=\"wp-block-button__link wp-element-button\" href=\"http:\/\/onelink.to\/hzsbuv\">T\u00e9l\u00e9charger My Riwal app<\/a><\/div>\n<\/div>\n<\/div>\n\n\n\n<div class=\"wp-block-column is-layout-flow wp-block-column-is-layout-flow\" style=\"flex-basis:33.33%\">\n<figure class=\"wp-block-image aligncenter size-full\"><img loading=\"lazy\" decoding=\"async\" width=\"325\" height=\"704\" src=\"https:\/\/riwal-wpn.acceptatie.indicia-interactiv.nl\/app\/uploads\/sites\/15\/2023\/09\/AR_ipapa.png\" alt=\"La r\u00e9alit\u00e9 augment\u00e9e pour trouver son mat\u00e9riel sur My Riwal\" class=\"wp-image-4242\" srcset=\"https:\/\/riwal-wpn.acceptatie.indicia-interactiv.nl\/app\/uploads\/sites\/15\/2023\/09\/AR_ipapa.png 325w, https:\/\/riwal-wpn.acceptatie.indicia-interactiv.nl\/app\/uploads\/sites\/15\/2023\/09\/AR_ipapa-290x628.png 290w, https:\/\/riwal-wpn.acceptatie.indicia-interactiv.nl\/app\/uploads\/sites\/15\/2023\/09\/AR_ipapa-138x300.png 138w, https:\/\/riwal-wpn.acceptatie.indicia-interactiv.nl\/app\/uploads\/sites\/15\/2023\/09\/AR_ipapa-132x285.png 132w, https:\/\/riwal-wpn.acceptatie.indicia-interactiv.nl\/app\/uploads\/sites\/15\/2023\/09\/AR_ipapa-254x550.png 254w, https:\/\/riwal-wpn.acceptatie.indicia-interactiv.nl\/app\/uploads\/sites\/15\/2023\/09\/AR_ipapa-92x200.png 92w\" sizes=\"auto, (max-width: 325px) 100vw, 325px\" \/><\/figure>\n<\/div>\n<\/div>\n<\/div>\n<\/div>\n\t\t\t\t\t\t\t<\/div> \n\n<div class=\"rental-wp-default-block rental-theme-block-default-margin\">\n\t\t\t\t\t\t\t\t<div class=\"container\">\n<div class=\"wp-block-group is-layout-constrained wp-block-group-is-layout-constrained\">\n<h2 class=\"wp-block-heading\" id=\"h-qu-est-ce-que-la-realite-augmentee\">Qu&rsquo;est-ce que la r\u00e9alit\u00e9 augment\u00e9e ?<\/h2>\n\n\n\n<p>La r\u00e9alit\u00e9 augment\u00e9e, est une technologie permettant d&rsquo;int\u00e9grer un \u00e9l\u00e9ment virtuel au sein d&rsquo;un environnement r\u00e9el, gr\u00e2ce \u00e0 la projection d&rsquo;un fichier 3D via la cam\u00e9ra de son smartphone, par exemple. Gr\u00e2ce \u00e0 cette technologie, vous pouvez donc projeter la nacelle \u00e9l\u00e9vatrice ou le chariot t\u00e9lescopique souhait\u00e9 sur votre chantier, via la cam\u00e9ra de votre t\u00e9l\u00e9phone, et le visualiser en situation r\u00e9elle. Vous pourrez ainsi vous rendre compte des dimensions du mat\u00e9riel s\u00e9lectionn\u00e9 et v\u00e9rifier s&rsquo;il est adapt\u00e9 \u00e0 votre chantier, ou non.<\/p>\n<\/div>\n<\/div>\n\t\t\t\t\t\t\t<\/div> \n\n<div class=\"rental-wp-default-block rental-theme-block-default-margin\">\n\t\t\t\t\t\t\t\t<div class=\"container\">\n<div class=\"wp-block-group is-layout-constrained wp-block-group-is-layout-constrained\">\n<div class=\"wp-block-columns is-layout-flex wp-container-core-columns-is-layout-28f84493 wp-block-columns-is-layout-flex\">\n<div class=\"wp-block-column is-layout-flow wp-block-column-is-layout-flow\">\n<figure class=\"wp-block-embed is-type-video is-provider-youtube wp-block-embed-youtube\"><div class=\"wp-block-embed__wrapper\">\n<iframe title=\"Visualisez vos machines en 3D gr\u00e2ce \u00e0 la r\u00e9alit\u00e9e augment\u00e9e sur l&#039;app My Riwal Rental\" width=\"500\" height=\"281\" data-icn-src=\"https:\/\/www.youtube.com\/embed\/Iia017mxHGA?feature=oembed\" frameborder=\"0\" allow=\"accelerometer; autoplay; clipboard-write; encrypted-media; gyroscope; picture-in-picture; web-share\" referrerpolicy=\"strict-origin-when-cross-origin\" allowfullscreen><\/iframe>\n<\/div><\/figure>\n<\/div>\n\n\n\n<div class=\"wp-block-column is-layout-flow wp-block-column-is-layout-flow\">\n<h3 class=\"wp-block-heading\" id=\"h-comment-ca-marche\">Comment \u00e7a marche ?<\/h3>\n\n\n\n<p>Simple d&rsquo;utilisation, la r\u00e9alit\u00e9 augment\u00e9e n\u00e9cessite simplement un smartphone et une connexion internet. Ensuite, il vous suffit de&nbsp; :<\/p>\n\n\n\n<ol class=\"wp-block-list\">\n<li>Ouvrir l\u2019application My Riwal<\/li>\n\n\n\n<li>S\u00e9lectionner la machine de votre choix et cliquer sur \u00ab Voir en 3D \u00bb<\/li>\n\n\n\n<li>La cam\u00e9ra s\u2019ouvre et une indication vous invite \u00e0 scanner le sol pendant quelques secondes, en suivant un mouvement rectangulaire<\/li>\n\n\n\n<li>Lorsque la machine est apparu, appuyez sur l\u2019\u00e9cran pour la placer \u00e0 l&rsquo;endroit souhait\u00e9<\/li>\n<\/ol>\n\n\n\n<p>Apr\u00e8s avoir suivi correctement ces \u00e9tapes, vous pourrez d\u00e9placer la machine verticalement et horizontalement dans votre environnement de travail. Cela vous permettra de vous assurer que la hauteur de travail soit suffisante par exemple.<br><br>Faire le bon choix de machine est crucial et la r\u00e9alit\u00e9 augment\u00e9e vous permet de ne pas vous tromper. Vous avez toujours un doute ? Les \u00e9quipes Riwal sont toujours disponibles pour vous conseiller et r\u00e9pondre \u00e0 vos besoins.&nbsp;<\/p>\n<\/div>\n<\/div>\n<\/div>\n<\/div>\n\t\t\t\t\t\t\t<\/div> \n\n<div class=\"rental-wp-default-block rental-theme-block-default-margin\">\n\t\t\t\t\t\t\t\t<div class=\"container\"><div class=\"wp-block-rental-theme-latest-news\">\n\t<div class=\"wp-block-rental-theme-latest-news-container\">\n\t\t\t\t<div class=\"wp-block-rental-theme-latest-news__content\">\n\t\t\t\t\t\t\t\t<div class=\"wp-block-rental-theme-latest-news__article\">\n\t\t\t\t\t\t<div class=\"wp-block-rental-theme-latest-news__article--date\">\n\t\t\t\t\t\t\t16 &#8211; 01 &#8211; 2024\t\t\t\t\t\t<\/div>\n\t\t\t\t\t\t<a class=\"wp-block-rental-theme-latest-news__article--link\" href=\"https:\/\/riwal-wpn.acceptatie.indicia-interactiv.nl\/fr\/blog\/blog\/le-recyclage-des-huiles-usagees\/\">\n\t\t\t\t\t\t\t<div class=\"wp-block-rental-theme-latest-news__article--title\">\n\t\t\t\t\t\t\t\tLe recyclage des huiles usag\u00e9es\t\t\t\t\t\t\t<\/div>\n\t\t\t\t\t\t<\/a>\n\t\t\t\t\t\t<div class=\"wp-block-rental-theme-latest-news__article--content\">\n\t\t\t\t\t\t\tSi , d&rsquo;un point de vue environnemental, l&rsquo;\u00e9lectrique est pr\u00e9f\u00e9rable au diesel, de nombreuses machines d&rsquo;\u00e9l\u00e9vation poss\u00e8dent encore des moteurs thermiques. Pour le moment, la moiti\u00e9 de la flotte de Riwal fonctionne au diesel. Une question se pose alors : qu&rsquo;en est-il du recyclage des huiles usag\u00e9es des moteurs thermiques ?\t\t\t\t\t\t<\/div>\n\t\t\t\t\t\t<div class=\"wp-block-rental-theme-latest-news__article--more\">\n\t\t\t\t\t\t\t<a class=\"wp-block-rental-theme-latest-news__article--link\" href=\"https:\/\/riwal-wpn.acceptatie.indicia-interactiv.nl\/fr\/blog\/blog\/le-recyclage-des-huiles-usagees\/\">En savoir plus\u2026<\/a>\n\t\t\t\t\t\t<\/div>\n\t\t\t\t\t<\/div>\n\t\t\t\t\t\t\t\t\t<div class=\"wp-block-rental-theme-latest-news__article\">\n\t\t\t\t\t\t<div class=\"wp-block-rental-theme-latest-news__article--date\">\n\t\t\t\t\t\t\t16 &#8211; 01 &#8211; 2024\t\t\t\t\t\t<\/div>\n\t\t\t\t\t\t<a class=\"wp-block-rental-theme-latest-news__article--link\" href=\"https:\/\/riwal-wpn.acceptatie.indicia-interactiv.nl\/fr\/blog\/blog\/le-digital-au-service-du-developpement-durable\/\">\n\t\t\t\t\t\t\t<div class=\"wp-block-rental-theme-latest-news__article--title\">\n\t\t\t\t\t\t\t\tLe digital au service du d\u00e9veloppement durable\t\t\t\t\t\t\t<\/div>\n\t\t\t\t\t\t<\/a>\n\t\t\t\t\t\t<div class=\"wp-block-rental-theme-latest-news__article--content\">\n\t\t\t\t\t\t\tRiwal continue de travailler dans le but d&rsquo;offrir \u00e0 ses clients des solutions toujours plus innovants, tout en suivant une d\u00e9marche de d\u00e9veloppement durable. C&rsquo;est dans cette volont\u00e9 que nos outils digitaux sont cr\u00e9\u00e9s. D\u00e9mat\u00e9rialisation, diminution des risques de dysfonctionnement et de leurs co\u00fbts \u00e9conomiques et environnementaux, optimisation de l&rsquo;utilisation des mat\u00e9riels&#8230;. D\u00e9couvrez en quoi le digital est aussi au service du d\u00e9veloppement durable. \t\t\t\t\t\t<\/div>\n\t\t\t\t\t\t<div class=\"wp-block-rental-theme-latest-news__article--more\">\n\t\t\t\t\t\t\t<a class=\"wp-block-rental-theme-latest-news__article--link\" href=\"https:\/\/riwal-wpn.acceptatie.indicia-interactiv.nl\/fr\/blog\/blog\/le-digital-au-service-du-developpement-durable\/\">En savoir plus\u2026<\/a>\n\t\t\t\t\t\t<\/div>\n\t\t\t\t\t<\/div>\n\t\t\t\t\t\t\t\t\t<div class=\"wp-block-rental-theme-latest-news__article\">\n\t\t\t\t\t\t<div class=\"wp-block-rental-theme-latest-news__article--date\">\n\t\t\t\t\t\t\t15 &#8211; 01 &#8211; 2024\t\t\t\t\t\t<\/div>\n\t\t\t\t\t\t<a class=\"wp-block-rental-theme-latest-news__article--link\" href=\"https:\/\/riwal-wpn.acceptatie.indicia-interactiv.nl\/fr\/blog\/blog\/le-choix-de-lelectricite\/\">\n\t\t\t\t\t\t\t<div class=\"wp-block-rental-theme-latest-news__article--title\">\n\t\t\t\t\t\t\t\tLe choix de l\u2019\u00e9lectricit\u00e9 &#8211; d\u00e9veloppement durable\t\t\t\t\t\t\t<\/div>\n\t\t\t\t\t\t<\/a>\n\t\t\t\t\t\t<div class=\"wp-block-rental-theme-latest-news__article--content\">\n\t\t\t\t\t\t\tAfin de poursuivre sa lanc\u00e9e vers un avenir plus durable et respectueux de la plan\u00e8te et des Hommes, riwal souhaite renforcer son parc \u00e9lectrique dans les 3 \u00e0 5 ans. Aujourd&rsquo;hui, 50% de nos machines disponibles \u00e0 la location sont \u00e9lectriques. Si la location est en soi une option durable, il est l\u00e9gitime de se demander pourquoi le choix de l&rsquo;\u00e9nergie \u00e9lectrique plut\u00f4t que l&rsquo;\u00e9nergie thermique. Autrement dit, pourquoi l&rsquo;\u00e9lectrique est-il pr\u00e9f\u00e9rable au diesel, lorsque l&rsquo;on s&rsquo;inscrit dans une d\u00e9marche de d\u00e9veloppement durable ? Quand est-il du recyclage des batteries ? Nous r\u00e9pondons \u00e0 vos questions ci-dessous. \t\t\t\t\t\t<\/div>\n\t\t\t\t\t\t<div class=\"wp-block-rental-theme-latest-news__article--more\">\n\t\t\t\t\t\t\t<a class=\"wp-block-rental-theme-latest-news__article--link\" href=\"https:\/\/riwal-wpn.acceptatie.indicia-interactiv.nl\/fr\/blog\/blog\/le-choix-de-lelectricite\/\">En savoir plus\u2026<\/a>\n\t\t\t\t\t\t<\/div>\n\t\t\t\t\t<\/div>\n\t\t\t\t\t\t<\/div>\n\t<\/div>\n<\/div>\n<\/div>\n\t\t\t\t\t\t\t<\/div> ","protected":false},"excerpt":{"rendered":"<p>R\u00e9alit\u00e9 augment\u00e9e. Le futur, c&rsquo;est maintenant ! Vous n&rsquo;\u00eates pas certain qu&rsquo;une machine sera adapt\u00e9e \u00e0 votre chantier ? Essayez d\u00e8s maintenant la r\u00e9alit\u00e9 augment\u00e9e via notre application mobile My Riwal ! Visualisez-la en situation r\u00e9elle gr\u00e2ce \u00e0 la 3D. Une r\u00e9volution dans le monde de la location Choisir le mat\u00e9riel d\u2019\u00e9l\u00e9vation le plus adapt\u00e9 &hellip; <a href=\"https:\/\/riwal-wpn.acceptatie.indicia-interactiv.nl\/fr\/expertise\/solutions-digitales\/realite-augmentee\/\">Voir plus<\/a><\/p>\n","protected":false},"author":17,"featured_media":0,"parent":3237,"menu_order":0,"comment_status":"closed","ping_status":"closed","template":"","meta":{"_acf_changed":false,"editor_notices":[],"footnotes":""},"class_list":["post-4241","page","type-page","status-publish","hentry"],"acf":[],"yoast_head":"<!-- This site is optimized with the Yoast SEO Premium plugin v27.1 (Yoast SEO v27.1.1) - https:\/\/yoast.com\/product\/yoast-seo-premium-wordpress\/ -->\n<title>R\u00e9alit\u00e9 augment\u00e9e - My Riwal - Riwal - France<\/title>\n<meta name=\"description\" content=\"Vous n&#039;\u00eates pas certain qu&#039;une machine sera adapt\u00e9e \u00e0 votre chantier ? Essayez la r\u00e9alit\u00e9 augment\u00e9e via notre application mobile My Riwal !\" \/>\n<meta name=\"robots\" content=\"noindex, follow, max-snippet:-1, max-image-preview:large, max-video-preview:-1\" \/>\n<meta property=\"og:locale\" content=\"fr_FR\" \/>\n<meta property=\"og:type\" content=\"article\" \/>\n<meta property=\"og:title\" content=\"R\u00e9alit\u00e9 augment\u00e9e\" \/>\n<meta property=\"og:description\" content=\"Vous n&#039;\u00eates pas certain qu&#039;une machine sera adapt\u00e9e \u00e0 votre chantier ? Essayez la r\u00e9alit\u00e9 augment\u00e9e via notre application mobile My Riwal !\" \/>\n<meta property=\"og:url\" content=\"https:\/\/riwal-wpn.acceptatie.indicia-interactiv.nl\/fr\/expertise\/solutions-digitales\/realite-augmentee\/\" \/>\n<meta property=\"og:site_name\" content=\"Riwal - France\" \/>\n<meta property=\"article:modified_time\" content=\"2023-12-18T14:00:40+00:00\" \/>\n<meta property=\"og:image\" content=\"https:\/\/riwal-wpn.acceptatie.indicia-interactiv.nl\/app\/uploads\/sites\/15\/2023\/09\/AR_ipapa.png\" \/>\n<meta name=\"twitter:card\" content=\"summary_large_image\" \/>\n<meta name=\"twitter:label1\" content=\"Est. reading time\" \/>\n\t<meta name=\"twitter:data1\" content=\"3 minutes\" \/>\n<script type=\"application\/ld+json\" class=\"yoast-schema-graph\">{\"@context\":\"https:\/\/schema.org\",\"@graph\":[{\"@type\":\"WebPage\",\"@id\":\"https:\/\/riwal-wpn.acceptatie.indicia-interactiv.nl\/fr\/expertise\/solutions-digitales\/realite-augmentee\/\",\"url\":\"https:\/\/riwal-wpn.acceptatie.indicia-interactiv.nl\/fr\/expertise\/solutions-digitales\/realite-augmentee\/\",\"name\":\"R\u00e9alit\u00e9 augment\u00e9e - My Riwal - Riwal - France\",\"isPartOf\":{\"@id\":\"https:\/\/riwal-wpn.acceptatie.indicia-interactiv.nl\/fr\/#website\"},\"primaryImageOfPage\":{\"@id\":\"https:\/\/riwal-wpn.acceptatie.indicia-interactiv.nl\/fr\/expertise\/solutions-digitales\/realite-augmentee\/#primaryimage\"},\"image\":{\"@id\":\"https:\/\/riwal-wpn.acceptatie.indicia-interactiv.nl\/fr\/expertise\/solutions-digitales\/realite-augmentee\/#primaryimage\"},\"thumbnailUrl\":\"https:\/\/riwal-wpn.acceptatie.indicia-interactiv.nl\/app\/uploads\/sites\/15\/2023\/09\/AR_ipapa.png\",\"datePublished\":\"2023-09-14T15:05:41+00:00\",\"dateModified\":\"2023-12-18T14:00:40+00:00\",\"description\":\"Vous n'\u00eates pas certain qu'une machine sera adapt\u00e9e \u00e0 votre chantier ? Essayez la r\u00e9alit\u00e9 augment\u00e9e via notre application mobile My Riwal !\",\"breadcrumb\":{\"@id\":\"https:\/\/riwal-wpn.acceptatie.indicia-interactiv.nl\/fr\/expertise\/solutions-digitales\/realite-augmentee\/#breadcrumb\"},\"inLanguage\":\"fr-FR\",\"potentialAction\":[{\"@type\":\"ReadAction\",\"target\":[\"https:\/\/riwal-wpn.acceptatie.indicia-interactiv.nl\/fr\/expertise\/solutions-digitales\/realite-augmentee\/\"]}]},{\"@type\":\"ImageObject\",\"inLanguage\":\"fr-FR\",\"@id\":\"https:\/\/riwal-wpn.acceptatie.indicia-interactiv.nl\/fr\/expertise\/solutions-digitales\/realite-augmentee\/#primaryimage\",\"url\":\"https:\/\/riwal-wpn.acceptatie.indicia-interactiv.nl\/app\/uploads\/sites\/15\/2023\/09\/AR_ipapa.png\",\"contentUrl\":\"https:\/\/riwal-wpn.acceptatie.indicia-interactiv.nl\/app\/uploads\/sites\/15\/2023\/09\/AR_ipapa.png\"},{\"@type\":\"BreadcrumbList\",\"@id\":\"https:\/\/riwal-wpn.acceptatie.indicia-interactiv.nl\/fr\/expertise\/solutions-digitales\/realite-augmentee\/#breadcrumb\",\"itemListElement\":[{\"@type\":\"ListItem\",\"position\":1,\"name\":\"Accueil\",\"item\":\"https:\/\/riwal-wpn.acceptatie.indicia-interactiv.nl\/fr\/\"},{\"@type\":\"ListItem\",\"position\":2,\"name\":\"Expertise\",\"item\":\"https:\/\/riwal-wpn.acceptatie.indicia-interactiv.nl\/fr\/expertise\/\"},{\"@type\":\"ListItem\",\"position\":3,\"name\":\"Solutions digitales\",\"item\":\"https:\/\/riwal-wpn.acceptatie.indicia-interactiv.nl\/fr\/expertise\/solutions-digitales\/\"},{\"@type\":\"ListItem\",\"position\":4,\"name\":\"R\u00e9alit\u00e9 augment\u00e9e\"}]},{\"@type\":\"WebSite\",\"@id\":\"https:\/\/riwal-wpn.acceptatie.indicia-interactiv.nl\/fr\/#website\",\"url\":\"https:\/\/riwal-wpn.acceptatie.indicia-interactiv.nl\/fr\/\",\"name\":\"Riwal\",\"description\":\"Location nacelle \u00e9l\u00e9vatrice, formation CACES, vente nacelles - Riwal France\",\"publisher\":{\"@id\":\"https:\/\/riwal-wpn.acceptatie.indicia-interactiv.nl\/fr\/#organization\"},\"potentialAction\":[{\"@type\":\"SearchAction\",\"target\":{\"@type\":\"EntryPoint\",\"urlTemplate\":\"https:\/\/riwal-wpn.acceptatie.indicia-interactiv.nl\/fr\/?s={search_term_string}\"},\"query-input\":{\"@type\":\"PropertyValueSpecification\",\"valueRequired\":true,\"valueName\":\"search_term_string\"}}],\"inLanguage\":\"fr-FR\"},{\"@type\":\"Organization\",\"@id\":\"https:\/\/riwal-wpn.acceptatie.indicia-interactiv.nl\/fr\/#organization\",\"name\":\"Riwal\",\"url\":\"https:\/\/riwal-wpn.acceptatie.indicia-interactiv.nl\/fr\/\",\"logo\":{\"@type\":\"ImageObject\",\"inLanguage\":\"fr-FR\",\"@id\":\"https:\/\/riwal-wpn.acceptatie.indicia-interactiv.nl\/fr\/#\/schema\/logo\/image\/\",\"url\":\"\",\"contentUrl\":\"\",\"caption\":\"Riwal\"},\"image\":{\"@id\":\"https:\/\/riwal-wpn.acceptatie.indicia-interactiv.nl\/fr\/#\/schema\/logo\/image\/\"}}]}<\/script>\n<!-- \/ Yoast SEO Premium plugin. -->","yoast_head_json":{"title":"R\u00e9alit\u00e9 augment\u00e9e - My Riwal - Riwal - France","description":"Vous n'\u00eates pas certain qu'une machine sera adapt\u00e9e \u00e0 votre chantier ? Essayez la r\u00e9alit\u00e9 augment\u00e9e via notre application mobile My Riwal !","robots":{"index":"noindex","follow":"follow","max-snippet":"max-snippet:-1","max-image-preview":"max-image-preview:large","max-video-preview":"max-video-preview:-1"},"og_locale":"fr_FR","og_type":"article","og_title":"R\u00e9alit\u00e9 augment\u00e9e","og_description":"Vous n'\u00eates pas certain qu'une machine sera adapt\u00e9e \u00e0 votre chantier ? Essayez la r\u00e9alit\u00e9 augment\u00e9e via notre application mobile My Riwal !","og_url":"https:\/\/riwal-wpn.acceptatie.indicia-interactiv.nl\/fr\/expertise\/solutions-digitales\/realite-augmentee\/","og_site_name":"Riwal - France","article_modified_time":"2023-12-18T14:00:40+00:00","og_image":[{"url":"https:\/\/riwal-wpn.acceptatie.indicia-interactiv.nl\/app\/uploads\/sites\/15\/2023\/09\/AR_ipapa.png","type":"","width":"","height":""}],"twitter_card":"summary_large_image","twitter_misc":{"Est. reading time":"3 minutes"},"schema":{"@context":"https:\/\/schema.org","@graph":[{"@type":"WebPage","@id":"https:\/\/riwal-wpn.acceptatie.indicia-interactiv.nl\/fr\/expertise\/solutions-digitales\/realite-augmentee\/","url":"https:\/\/riwal-wpn.acceptatie.indicia-interactiv.nl\/fr\/expertise\/solutions-digitales\/realite-augmentee\/","name":"R\u00e9alit\u00e9 augment\u00e9e - My Riwal - Riwal - France","isPartOf":{"@id":"https:\/\/riwal-wpn.acceptatie.indicia-interactiv.nl\/fr\/#website"},"primaryImageOfPage":{"@id":"https:\/\/riwal-wpn.acceptatie.indicia-interactiv.nl\/fr\/expertise\/solutions-digitales\/realite-augmentee\/#primaryimage"},"image":{"@id":"https:\/\/riwal-wpn.acceptatie.indicia-interactiv.nl\/fr\/expertise\/solutions-digitales\/realite-augmentee\/#primaryimage"},"thumbnailUrl":"https:\/\/riwal-wpn.acceptatie.indicia-interactiv.nl\/app\/uploads\/sites\/15\/2023\/09\/AR_ipapa.png","datePublished":"2023-09-14T15:05:41+00:00","dateModified":"2023-12-18T14:00:40+00:00","description":"Vous n'\u00eates pas certain qu'une machine sera adapt\u00e9e \u00e0 votre chantier ? Essayez la r\u00e9alit\u00e9 augment\u00e9e via notre application mobile My Riwal !","breadcrumb":{"@id":"https:\/\/riwal-wpn.acceptatie.indicia-interactiv.nl\/fr\/expertise\/solutions-digitales\/realite-augmentee\/#breadcrumb"},"inLanguage":"fr-FR","potentialAction":[{"@type":"ReadAction","target":["https:\/\/riwal-wpn.acceptatie.indicia-interactiv.nl\/fr\/expertise\/solutions-digitales\/realite-augmentee\/"]}]},{"@type":"ImageObject","inLanguage":"fr-FR","@id":"https:\/\/riwal-wpn.acceptatie.indicia-interactiv.nl\/fr\/expertise\/solutions-digitales\/realite-augmentee\/#primaryimage","url":"https:\/\/riwal-wpn.acceptatie.indicia-interactiv.nl\/app\/uploads\/sites\/15\/2023\/09\/AR_ipapa.png","contentUrl":"https:\/\/riwal-wpn.acceptatie.indicia-interactiv.nl\/app\/uploads\/sites\/15\/2023\/09\/AR_ipapa.png"},{"@type":"BreadcrumbList","@id":"https:\/\/riwal-wpn.acceptatie.indicia-interactiv.nl\/fr\/expertise\/solutions-digitales\/realite-augmentee\/#breadcrumb","itemListElement":[{"@type":"ListItem","position":1,"name":"Accueil","item":"https:\/\/riwal-wpn.acceptatie.indicia-interactiv.nl\/fr\/"},{"@type":"ListItem","position":2,"name":"Expertise","item":"https:\/\/riwal-wpn.acceptatie.indicia-interactiv.nl\/fr\/expertise\/"},{"@type":"ListItem","position":3,"name":"Solutions digitales","item":"https:\/\/riwal-wpn.acceptatie.indicia-interactiv.nl\/fr\/expertise\/solutions-digitales\/"},{"@type":"ListItem","position":4,"name":"R\u00e9alit\u00e9 augment\u00e9e"}]},{"@type":"WebSite","@id":"https:\/\/riwal-wpn.acceptatie.indicia-interactiv.nl\/fr\/#website","url":"https:\/\/riwal-wpn.acceptatie.indicia-interactiv.nl\/fr\/","name":"Riwal","description":"Location nacelle \u00e9l\u00e9vatrice, formation CACES, vente nacelles - Riwal France","publisher":{"@id":"https:\/\/riwal-wpn.acceptatie.indicia-interactiv.nl\/fr\/#organization"},"potentialAction":[{"@type":"SearchAction","target":{"@type":"EntryPoint","urlTemplate":"https:\/\/riwal-wpn.acceptatie.indicia-interactiv.nl\/fr\/?s={search_term_string}"},"query-input":{"@type":"PropertyValueSpecification","valueRequired":true,"valueName":"search_term_string"}}],"inLanguage":"fr-FR"},{"@type":"Organization","@id":"https:\/\/riwal-wpn.acceptatie.indicia-interactiv.nl\/fr\/#organization","name":"Riwal","url":"https:\/\/riwal-wpn.acceptatie.indicia-interactiv.nl\/fr\/","logo":{"@type":"ImageObject","inLanguage":"fr-FR","@id":"https:\/\/riwal-wpn.acceptatie.indicia-interactiv.nl\/fr\/#\/schema\/logo\/image\/","url":"","contentUrl":"","caption":"Riwal"},"image":{"@id":"https:\/\/riwal-wpn.acceptatie.indicia-interactiv.nl\/fr\/#\/schema\/logo\/image\/"}}]}},"_links":{"self":[{"href":"https:\/\/riwal-wpn.acceptatie.indicia-interactiv.nl\/fr\/wp-json\/wp\/v2\/pages\/4241","targetHints":{"allow":["GET"]}}],"collection":[{"href":"https:\/\/riwal-wpn.acceptatie.indicia-interactiv.nl\/fr\/wp-json\/wp\/v2\/pages"}],"about":[{"href":"https:\/\/riwal-wpn.acceptatie.indicia-interactiv.nl\/fr\/wp-json\/wp\/v2\/types\/page"}],"author":[{"embeddable":true,"href":"https:\/\/riwal-wpn.acceptatie.indicia-interactiv.nl\/fr\/wp-json\/wp\/v2\/users\/17"}],"replies":[{"embeddable":true,"href":"https:\/\/riwal-wpn.acceptatie.indicia-interactiv.nl\/fr\/wp-json\/wp\/v2\/comments?post=4241"}],"version-history":[{"count":8,"href":"https:\/\/riwal-wpn.acceptatie.indicia-interactiv.nl\/fr\/wp-json\/wp\/v2\/pages\/4241\/revisions"}],"predecessor-version":[{"id":5903,"href":"https:\/\/riwal-wpn.acceptatie.indicia-interactiv.nl\/fr\/wp-json\/wp\/v2\/pages\/4241\/revisions\/5903"}],"up":[{"embeddable":true,"href":"https:\/\/riwal-wpn.acceptatie.indicia-interactiv.nl\/fr\/wp-json\/wp\/v2\/pages\/3237"}],"wp:attachment":[{"href":"https:\/\/riwal-wpn.acceptatie.indicia-interactiv.nl\/fr\/wp-json\/wp\/v2\/media?parent=4241"}],"curies":[{"name":"wp","href":"https:\/\/api.w.org\/{rel}","templated":true}]}}