{"id":4252,"date":"2023-09-15T09:25:03","date_gmt":"2023-09-15T09:25:03","guid":{"rendered":"https:\/\/riwal-wpn.acceptatie.indicia-interactiv.nl\/fr\/?page_id=4252"},"modified":"2024-01-30T15:02:02","modified_gmt":"2024-01-30T15:02:02","slug":"la-technologie-bim","status":"publish","type":"page","link":"https:\/\/riwal-wpn.acceptatie.indicia-interactiv.nl\/fr\/expertise\/solutions-digitales\/la-technologie-bim\/","title":{"rendered":"La technologie BIM"},"content":{"rendered":"<div class=\"rental-wp-default-block rental-theme-block-default-margin\">\n\t\t\t\t\t\t\t\t<div class=\"container\">\n<div class=\"wp-block-group is-layout-constrained wp-block-group-is-layout-constrained\">\n<h2 class=\"wp-block-heading\" id=\"h-gagnez-en-efficacite-avec-la-technologie-bim\">Gagnez en efficacit\u00e9 avec la technologie BIM<\/h2>\n\n\n\n<div class=\"wp-block-media-text is-stacked-on-mobile\"><figure class=\"wp-block-media-text__media\"><img loading=\"lazy\" decoding=\"async\" width=\"800\" height=\"600\" src=\"https:\/\/riwal-wpn.acceptatie.indicia-interactiv.nl\/app\/uploads\/sites\/15\/2023\/09\/BIM_1.png\" alt=\"La technologie BIM, m\u00e9thode de travail collaborative\" class=\"wp-image-4254 size-full\" srcset=\"https:\/\/riwal-wpn.acceptatie.indicia-interactiv.nl\/app\/uploads\/sites\/15\/2023\/09\/BIM_1.png 800w, https:\/\/riwal-wpn.acceptatie.indicia-interactiv.nl\/app\/uploads\/sites\/15\/2023\/09\/BIM_1-300x225.png 300w, https:\/\/riwal-wpn.acceptatie.indicia-interactiv.nl\/app\/uploads\/sites\/15\/2023\/09\/BIM_1-768x576.png 768w, https:\/\/riwal-wpn.acceptatie.indicia-interactiv.nl\/app\/uploads\/sites\/15\/2023\/09\/BIM_1-178x134.png 178w, https:\/\/riwal-wpn.acceptatie.indicia-interactiv.nl\/app\/uploads\/sites\/15\/2023\/09\/BIM_1-390x293.png 390w, https:\/\/riwal-wpn.acceptatie.indicia-interactiv.nl\/app\/uploads\/sites\/15\/2023\/09\/BIM_1-250x188.png 250w\" sizes=\"auto, (max-width: 800px) 100vw, 800px\" \/><\/figure><div class=\"wp-block-media-text__content\">\n<p>La technologie BIM (Building Information Modeling) est un processus qui repose sur la mod\u00e9lisation 3D de b\u00e2timents, des espaces ext\u00e9rieurs, des machines, du mobilier. Bien plus qu\u2019un logiciel, le BIM est une m\u00e9thode de travail collaborative sur les projets de construction. Utilis\u00e9 par les architectes, bureaux d\u2019\u00e9tude, et les ing\u00e9nieurs, le BIM permet de planifier, concevoir, construire et g\u00e9rer plus efficacement des b\u00e2timents et infrastructures tout en anticipant les al\u00e9as li\u00e9s \u00e0 leur projet.<\/p>\n\n\n\n<p>Riwal met \u00e0 votre disposition une biblioth\u00e8que en ligne gratuite de mod\u00e8les 3D de nos nacelles \u00e9l\u00e9vatrices et chariots t\u00e9lescopiques. Profitez-en !<\/p>\n\n\n\n<div class=\"wp-block-buttons is-layout-flex wp-block-buttons-is-layout-flex\">\n<div class=\"wp-block-button\"><a class=\"wp-block-button__link wp-element-button\">D\u00e9couvrir notre biblioth\u00e8que<\/a><\/div>\n<\/div>\n<\/div><\/div>\n<\/div>\n<\/div>\n\t\t\t\t\t\t\t<\/div> \n\n<div class=\"rental-wp-default-block rental-theme-block-default-margin\">\n\t\t\t\t\t\t\t\t<div class=\"container\">\n<div class=\"wp-block-group is-layout-constrained wp-block-group-is-layout-constrained\"><div class=\"wp-block-rental-theme-featured rental-theme-block-default-padding\">\n\t<div class=\"container\">\n\t\t<div class=\"wp-block-rental-theme-featured-container\">\n\t\t\t<div class=\"wp-block-rental-theme-featured__image\">\n\t\t\t\t<div class=\"wp-block-rental-theme-featured-image-container\">\n\t\t\t\t\t\t\t\t\t\t\t<div class=\"main-image\">\n\t\t\t\t\t\t\t<img loading=\"lazy\" decoding=\"async\" width=\"620\" height=\"465\" src=\"https:\/\/riwal-wpn.acceptatie.indicia-interactiv.nl\/app\/uploads\/sites\/15\/2023\/09\/BIM_3.png\" class=\"attachment-featured_block_image size-featured_block_image\" alt=\"Pr\u00e9voyez toutes les \u00e9tapes du projet avec le BIM\" srcset=\"https:\/\/riwal-wpn.acceptatie.indicia-interactiv.nl\/app\/uploads\/sites\/15\/2023\/09\/BIM_3.png 800w, https:\/\/riwal-wpn.acceptatie.indicia-interactiv.nl\/app\/uploads\/sites\/15\/2023\/09\/BIM_3-300x225.png 300w, https:\/\/riwal-wpn.acceptatie.indicia-interactiv.nl\/app\/uploads\/sites\/15\/2023\/09\/BIM_3-768x576.png 768w, https:\/\/riwal-wpn.acceptatie.indicia-interactiv.nl\/app\/uploads\/sites\/15\/2023\/09\/BIM_3-178x134.png 178w, https:\/\/riwal-wpn.acceptatie.indicia-interactiv.nl\/app\/uploads\/sites\/15\/2023\/09\/BIM_3-390x293.png 390w, https:\/\/riwal-wpn.acceptatie.indicia-interactiv.nl\/app\/uploads\/sites\/15\/2023\/09\/BIM_3-250x188.png 250w\" sizes=\"auto, (max-width: 620px) 100vw, 620px\" \/>\t\t\t\t\t\t<\/div>\n\t\t\t\t\t\t\t\t\t\t<div class=\"wp-block-rental-theme-featured-image-container__subtext\">\n\t\t\t\t\t\t\t\t\t\t\t<\/div>\n\t\t\t\t<\/div>\n\t\t\t<\/div>\n\t\t\t<div class=\"wp-block-rental-theme-featured-content\">\n\t\t\t\t<div>\n\t\t\t\t\t<h2 class=\"wp-block-rental-theme-featured-title\">Les b\u00e9n\u00e9fices du BIM<\/h2>\n\t\t\t\t\t<div class=\"wp-block-rental-theme-featured-text\">\n\n<p>En utilisant nos mod\u00e8les 3D de nacelles \u00e9l\u00e9vatrices, vous avez davantage de visibilit\u00e9 sur le mat\u00e9riel que vous souhaitez louer. Cela vous permet notamment de r\u00e9duire, voire m\u00eame d\u2019\u00e9liminer totalement, les co\u00fbts li\u00e9s aux erreurs de choix de nacelles \u00e9l\u00e9vatrices. Un choix optimis\u00e9 r\u00e9duit donc les co\u00fbts de transport et votre empreinte carbone. Nos \u00e9quipes peuvent \u00e9galement vous aider dans la planification de vos projets. Une pr\u00e9paration plus efficace et une anticipation des probl\u00e8mes \u00e9ventuels r\u00e9duit consid\u00e9rablement les co\u00fbts li\u00e9s aux erreurs. Vous gagnerez \u00e9galement beaucoup de temps.<\/p>\n\n<\/div>\n\t\t\t\t<\/div>\n\t\t\t<\/div>\n\t\t<\/div>\n\t<\/div>\n<\/div>\n<\/div>\n<\/div>\n\t\t\t\t\t\t\t<\/div> \n\n<div class=\"rental-wp-default-block rental-theme-block-default-margin\">\n\t\t\t\t\t\t\t\t<div class=\"container\">\n<div class=\"wp-block-group is-layout-constrained wp-block-group-is-layout-constrained\">\n<h2 class=\"wp-block-heading\" id=\"h-le-bim-et-le-cycle-de-vie-de-votre-projet\">Le BIM et le cycle de vie de votre projet<\/h2>\n\n\n\n<div class=\"wp-block-columns is-layout-flex wp-container-core-columns-is-layout-28f84493 wp-block-columns-is-layout-flex\">\n<div class=\"wp-block-column is-layout-flow wp-block-column-is-layout-flow\">\n<ul class=\"wp-block-list\">\n<li>Phase de d\u00e9veloppement<\/li>\n<\/ul>\n\n\n\n<p>La technologie BIM permet de d\u00e9terminer quels types de machines sont n\u00e9cessaires pour r\u00e9aliser vos travaux en hauteur. D\u00e8s le d\u00e9but du projet, vous pouvez \u00e9galement planifier o\u00f9 seront les machines sur le chantier.<\/p>\n\n\n\n<ul class=\"wp-block-list\">\n<li>Sur chantier<\/li>\n<\/ul>\n\n\n\n<p>Le BIM vous fournit une vue d\u2019ensemble du chantier. Cela vous permet d\u2019anticiper les challenges rencontrer lors de l\u2019utilisation de nacelles \u00e9l\u00e9vatrices. Cela augmente l\u2019efficacit\u00e9 de votre projet \u00e0 grande \u00e9chelle.<\/p>\n\n\n\n<ul class=\"wp-block-list\">\n<li>Maintenance<\/li>\n<\/ul>\n\n\n\n<p>Gr\u00e2ce au BIM, pr\u00e9voir les futures maintenances qui seront r\u00e9alis\u00e9es dans votre projet devient plus facile. En effet, visualiser les plans 3D de la construction et du projet final permet de modifier les entr\u00e9es afin de pr\u00e9voir le passage des nacelles \u00e9l\u00e9vatrices. Vous pouvez \u00e9galement acc\u00e9der \u00e0 l\u2019historique des machines que vous avez utilis\u00e9es pour la construction du projet, pour la r\u00e9paration et la maintenance.<\/p>\n<\/div>\n\n\n\n<div class=\"wp-block-column is-layout-flow wp-block-column-is-layout-flow\">\n<figure class=\"wp-block-image size-full\"><img loading=\"lazy\" decoding=\"async\" width=\"626\" height=\"410\" src=\"https:\/\/riwal-wpn.acceptatie.indicia-interactiv.nl\/app\/uploads\/sites\/15\/2023\/09\/BIM_2.png\" alt=\"T\u00e9l\u00e9chargez nos mod\u00e8les 3D BIM de mat\u00e9riels\" class=\"wp-image-4257\" srcset=\"https:\/\/riwal-wpn.acceptatie.indicia-interactiv.nl\/app\/uploads\/sites\/15\/2023\/09\/BIM_2.png 626w, https:\/\/riwal-wpn.acceptatie.indicia-interactiv.nl\/app\/uploads\/sites\/15\/2023\/09\/BIM_2-300x196.png 300w, https:\/\/riwal-wpn.acceptatie.indicia-interactiv.nl\/app\/uploads\/sites\/15\/2023\/09\/BIM_2-178x117.png 178w, https:\/\/riwal-wpn.acceptatie.indicia-interactiv.nl\/app\/uploads\/sites\/15\/2023\/09\/BIM_2-390x255.png 390w, https:\/\/riwal-wpn.acceptatie.indicia-interactiv.nl\/app\/uploads\/sites\/15\/2023\/09\/BIM_2-250x164.png 250w\" sizes=\"auto, (max-width: 626px) 100vw, 626px\" \/><\/figure>\n<\/div>\n<\/div>\n<\/div>\n<\/div>\n\t\t\t\t\t\t\t<\/div> \n\n<div class=\"rental-wp-default-block rental-theme-block-default-margin\">\n\t\t\t\t\t\t\t\t<div class=\"container\">\n<div class=\"wp-block-group is-layout-constrained wp-block-group-is-layout-constrained\">\n<h2 class=\"wp-block-heading\" id=\"h-une-bibliotheque-en-ligne-de-modeles-de-machines-3d\">Une biblioth\u00e8que en ligne de mod\u00e8les de machines 3D<\/h2>\n\n\n\n<p>Nous mettons \u00e0 votre disposition une biblioth\u00e8que gratuite de mod\u00e8les de machines 3D BIM de notre gamme de mat\u00e9riels d\u2019\u00e9l\u00e9vation.<\/p>\n\n\n\n<p>Quels sont les avantages d\u2019utiliser les fichiers BIM des machines Riwal ?<\/p>\n\n\n\n<ul class=\"wp-block-list\">\n<li>Choisir la machine la mieux adapt\u00e9e au travail \u00e0 r\u00e9aliser<\/li>\n\n\n\n<li>Planifier et projeter efficacement le mat\u00e9riel en r\u00e9alit\u00e9 augment\u00e9e<\/li>\n\n\n\n<li>Obtenir une vue d\u2019ensemble de votre projet pour anticiper les futures man\u0153uvres li\u00e9es \u00e0 l\u2019utilisation d\u2019une plate-forme \u00e9l\u00e9vatrice ou d\u2019un chariot t\u00e9lescopique<\/li>\n\n\n\n<li>Avoir un historique permanent des machines utilis\u00e9es<\/li>\n\n\n\n<li>Anticiper le mat\u00e9riel n\u00e9cessaire \u00e0 la maintenance du b\u00e2timent d\u00e8s la phase d\u2019\u00e9tude du projet<\/li>\n\n\n\n<li>\u00catre plus efficace sur des projets \u00e0 grande \u00e9chelle<\/li>\n\n\n\n<li>Recevez les conseils d\u2019experts Riwal qui vous aideront \u00e0 choisir la machine la plus adapt\u00e9e et qui vous proposeront des mod\u00e8les 3D BIM de nos mat\u00e9riels.<\/li>\n<\/ul>\n\n\n\n<p>En r\u00e9sum\u00e9, la technologie BIM vous donne un contr\u00f4le total sur votre projet tout en r\u00e9duisant le risque d\u2019erreur et d\u2019accident. Elle vous permet d\u2019anticiper les al\u00e9as li\u00e9s aux projets de construction, et de r\u00e9duire votre empreinte carbone pour un projet construit dans une optique de d\u00e9veloppement durable.<\/p>\n\n\n\n<div class=\"wp-block-buttons is-layout-flex wp-block-buttons-is-layout-flex\">\n<div class=\"wp-block-button\"><a class=\"wp-block-button__link wp-element-button\">T\u00e9l\u00e9chargez des mod\u00e8les 3D BIM<\/a><\/div>\n<\/div>\n\n\n\n<p>Contactez-nous aujourd\u2019hui pour en savoir plus et d\u00e9couvrir comment la technologie BIM peut augmenter votre productivit\u00e9.<\/p>\n<\/div>\n<\/div>\n\t\t\t\t\t\t\t<\/div> \n\n<div class=\"rental-wp-default-block rental-theme-block-default-margin\">\n\t\t\t\t\t\t\t\t<div class=\"container\">\n<div class=\"wp-block-columns is-layout-flex wp-container-core-columns-is-layout-28f84493 wp-block-columns-is-layout-flex\">\n<div class=\"wp-block-column is-layout-flow wp-block-column-is-layout-flow\" style=\"flex-basis:33.33%\">\n<figure class=\"wp-block-image alignright size-full\"><img loading=\"lazy\" decoding=\"async\" width=\"150\" height=\"173\" src=\"https:\/\/riwal-wpn.acceptatie.indicia-interactiv.nl\/app\/uploads\/sites\/15\/2023\/09\/IAPA_2021_logo_petit.png\" alt=\"IAPA prix de l\u2019innovation digitales pour Riwal.\" class=\"wp-image-4218\" \/><\/figure>\n<\/div>\n\n\n\n<div class=\"wp-block-column is-layout-flow wp-block-column-is-layout-flow\" style=\"flex-basis:66.66%\">\n<div class=\"wp-block-columns is-layout-flex wp-container-core-columns-is-layout-28f84493 wp-block-columns-is-layout-flex\">\n<div class=\"wp-block-column is-layout-flow wp-block-column-is-layout-flow\">\n<p>En mars 2021, Riwal s&rsquo;est vu d\u00e9cern\u00e9 le&nbsp;prix IAPA&nbsp;D\u00e9veloppement Digital pour l&rsquo;ensemble de ses innovations digitales, dont notre biblioth\u00e8que en ligne de mod\u00e8les 3D BIM.<\/p>\n<\/div>\n\n\n\n<div class=\"wp-block-column is-layout-flow wp-block-column-is-layout-flow\"><\/div>\n<\/div>\n<\/div>\n<\/div>\n<\/div>\n\t\t\t\t\t\t\t<\/div> ","protected":false},"excerpt":{"rendered":"<p>Gagnez en efficacit\u00e9 avec la technologie BIM La technologie BIM (Building Information Modeling) est un processus qui repose sur la mod\u00e9lisation 3D de b\u00e2timents, des espaces ext\u00e9rieurs, des machines, du mobilier. Bien plus qu\u2019un logiciel, le BIM est une m\u00e9thode de travail collaborative sur les projets de construction. Utilis\u00e9 par les architectes, bureaux d\u2019\u00e9tude, et &hellip; <a href=\"https:\/\/riwal-wpn.acceptatie.indicia-interactiv.nl\/fr\/expertise\/solutions-digitales\/la-technologie-bim\/\">Voir plus<\/a><\/p>\n","protected":false},"author":17,"featured_media":4180,"parent":3237,"menu_order":0,"comment_status":"closed","ping_status":"closed","template":"","meta":{"_acf_changed":false,"editor_notices":[],"footnotes":""},"class_list":["post-4252","page","type-page","status-publish","has-post-thumbnail","hentry"],"acf":[],"yoast_head":"<!-- This site is optimized with the Yoast SEO Premium plugin v27.1 (Yoast SEO v27.1.1) - https:\/\/yoast.com\/product\/yoast-seo-premium-wordpress\/ -->\n<title>Gagnez en efficacit\u00e9 avec le BIM - Riwal - France<\/title>\n<meta name=\"description\" content=\"Riwal met \u00e0 votre disposition une biblioth\u00e8que en ligne gratuite de mod\u00e8les 3D de nos nacelles \u00e9l\u00e9vatrices et chariots t\u00e9lescopiques.\" \/>\n<meta name=\"robots\" content=\"noindex, follow, max-snippet:-1, max-image-preview:large, max-video-preview:-1\" \/>\n<meta property=\"og:locale\" content=\"fr_FR\" \/>\n<meta property=\"og:type\" content=\"article\" \/>\n<meta property=\"og:title\" content=\"La technologie BIM\" \/>\n<meta property=\"og:description\" content=\"Riwal met \u00e0 votre disposition une biblioth\u00e8que en ligne gratuite de mod\u00e8les 3D de nos nacelles \u00e9l\u00e9vatrices et chariots t\u00e9lescopiques.\" \/>\n<meta property=\"og:url\" content=\"https:\/\/riwal-wpn.acceptatie.indicia-interactiv.nl\/fr\/expertise\/solutions-digitales\/la-technologie-bim\/\" \/>\n<meta property=\"og:site_name\" content=\"Riwal - France\" \/>\n<meta property=\"article:modified_time\" content=\"2024-01-30T15:02:02+00:00\" \/>\n<meta property=\"og:image\" content=\"https:\/\/riwal-wpn.acceptatie.indicia-interactiv.nl\/app\/uploads\/sites\/15\/2023\/09\/BIM-e1706783923793.png\" \/>\n\t<meta property=\"og:image:width\" content=\"628\" \/>\n\t<meta property=\"og:image:height\" content=\"488\" \/>\n\t<meta property=\"og:image:type\" content=\"image\/png\" \/>\n<meta name=\"twitter:card\" content=\"summary_large_image\" \/>\n<meta name=\"twitter:label1\" content=\"Est. reading time\" \/>\n\t<meta name=\"twitter:data1\" content=\"4 minutes\" \/>\n<script type=\"application\/ld+json\" class=\"yoast-schema-graph\">{\"@context\":\"https:\/\/schema.org\",\"@graph\":[{\"@type\":\"WebPage\",\"@id\":\"https:\/\/riwal-wpn.acceptatie.indicia-interactiv.nl\/fr\/expertise\/solutions-digitales\/la-technologie-bim\/\",\"url\":\"https:\/\/riwal-wpn.acceptatie.indicia-interactiv.nl\/fr\/expertise\/solutions-digitales\/la-technologie-bim\/\",\"name\":\"Gagnez en efficacit\u00e9 avec le BIM - Riwal - France\",\"isPartOf\":{\"@id\":\"https:\/\/riwal-wpn.acceptatie.indicia-interactiv.nl\/fr\/#website\"},\"primaryImageOfPage\":{\"@id\":\"https:\/\/riwal-wpn.acceptatie.indicia-interactiv.nl\/fr\/expertise\/solutions-digitales\/la-technologie-bim\/#primaryimage\"},\"image\":{\"@id\":\"https:\/\/riwal-wpn.acceptatie.indicia-interactiv.nl\/fr\/expertise\/solutions-digitales\/la-technologie-bim\/#primaryimage\"},\"thumbnailUrl\":\"https:\/\/riwal-wpn.acceptatie.indicia-interactiv.nl\/app\/uploads\/sites\/15\/2023\/09\/BIM-e1706783923793.png\",\"datePublished\":\"2023-09-15T09:25:03+00:00\",\"dateModified\":\"2024-01-30T15:02:02+00:00\",\"description\":\"Riwal met \u00e0 votre disposition une biblioth\u00e8que en ligne gratuite de mod\u00e8les 3D de nos nacelles \u00e9l\u00e9vatrices et chariots t\u00e9lescopiques.\",\"breadcrumb\":{\"@id\":\"https:\/\/riwal-wpn.acceptatie.indicia-interactiv.nl\/fr\/expertise\/solutions-digitales\/la-technologie-bim\/#breadcrumb\"},\"inLanguage\":\"fr-FR\",\"potentialAction\":[{\"@type\":\"ReadAction\",\"target\":[\"https:\/\/riwal-wpn.acceptatie.indicia-interactiv.nl\/fr\/expertise\/solutions-digitales\/la-technologie-bim\/\"]}]},{\"@type\":\"ImageObject\",\"inLanguage\":\"fr-FR\",\"@id\":\"https:\/\/riwal-wpn.acceptatie.indicia-interactiv.nl\/fr\/expertise\/solutions-digitales\/la-technologie-bim\/#primaryimage\",\"url\":\"https:\/\/riwal-wpn.acceptatie.indicia-interactiv.nl\/app\/uploads\/sites\/15\/2023\/09\/BIM-e1706783923793.png\",\"contentUrl\":\"https:\/\/riwal-wpn.acceptatie.indicia-interactiv.nl\/app\/uploads\/sites\/15\/2023\/09\/BIM-e1706783923793.png\",\"width\":628,\"height\":488,\"caption\":\"Boostez votre efficacit\u00e9 avec le BIM\"},{\"@type\":\"BreadcrumbList\",\"@id\":\"https:\/\/riwal-wpn.acceptatie.indicia-interactiv.nl\/fr\/expertise\/solutions-digitales\/la-technologie-bim\/#breadcrumb\",\"itemListElement\":[{\"@type\":\"ListItem\",\"position\":1,\"name\":\"Accueil\",\"item\":\"https:\/\/riwal-wpn.acceptatie.indicia-interactiv.nl\/fr\/\"},{\"@type\":\"ListItem\",\"position\":2,\"name\":\"Expertise\",\"item\":\"https:\/\/riwal-wpn.acceptatie.indicia-interactiv.nl\/fr\/expertise\/\"},{\"@type\":\"ListItem\",\"position\":3,\"name\":\"Solutions digitales\",\"item\":\"https:\/\/riwal-wpn.acceptatie.indicia-interactiv.nl\/fr\/expertise\/solutions-digitales\/\"},{\"@type\":\"ListItem\",\"position\":4,\"name\":\"La technologie BIM\"}]},{\"@type\":\"WebSite\",\"@id\":\"https:\/\/riwal-wpn.acceptatie.indicia-interactiv.nl\/fr\/#website\",\"url\":\"https:\/\/riwal-wpn.acceptatie.indicia-interactiv.nl\/fr\/\",\"name\":\"Riwal\",\"description\":\"Location nacelle \u00e9l\u00e9vatrice, formation CACES, vente nacelles - Riwal France\",\"publisher\":{\"@id\":\"https:\/\/riwal-wpn.acceptatie.indicia-interactiv.nl\/fr\/#organization\"},\"potentialAction\":[{\"@type\":\"SearchAction\",\"target\":{\"@type\":\"EntryPoint\",\"urlTemplate\":\"https:\/\/riwal-wpn.acceptatie.indicia-interactiv.nl\/fr\/?s={search_term_string}\"},\"query-input\":{\"@type\":\"PropertyValueSpecification\",\"valueRequired\":true,\"valueName\":\"search_term_string\"}}],\"inLanguage\":\"fr-FR\"},{\"@type\":\"Organization\",\"@id\":\"https:\/\/riwal-wpn.acceptatie.indicia-interactiv.nl\/fr\/#organization\",\"name\":\"Riwal\",\"url\":\"https:\/\/riwal-wpn.acceptatie.indicia-interactiv.nl\/fr\/\",\"logo\":{\"@type\":\"ImageObject\",\"inLanguage\":\"fr-FR\",\"@id\":\"https:\/\/riwal-wpn.acceptatie.indicia-interactiv.nl\/fr\/#\/schema\/logo\/image\/\",\"url\":\"\",\"contentUrl\":\"\",\"caption\":\"Riwal\"},\"image\":{\"@id\":\"https:\/\/riwal-wpn.acceptatie.indicia-interactiv.nl\/fr\/#\/schema\/logo\/image\/\"}}]}<\/script>\n<!-- \/ Yoast SEO Premium plugin. -->","yoast_head_json":{"title":"Gagnez en efficacit\u00e9 avec le BIM - Riwal - France","description":"Riwal met \u00e0 votre disposition une biblioth\u00e8que en ligne gratuite de mod\u00e8les 3D de nos nacelles \u00e9l\u00e9vatrices et chariots t\u00e9lescopiques.","robots":{"index":"noindex","follow":"follow","max-snippet":"max-snippet:-1","max-image-preview":"max-image-preview:large","max-video-preview":"max-video-preview:-1"},"og_locale":"fr_FR","og_type":"article","og_title":"La technologie BIM","og_description":"Riwal met \u00e0 votre disposition une biblioth\u00e8que en ligne gratuite de mod\u00e8les 3D de nos nacelles \u00e9l\u00e9vatrices et chariots t\u00e9lescopiques.","og_url":"https:\/\/riwal-wpn.acceptatie.indicia-interactiv.nl\/fr\/expertise\/solutions-digitales\/la-technologie-bim\/","og_site_name":"Riwal - France","article_modified_time":"2024-01-30T15:02:02+00:00","og_image":[{"width":628,"height":488,"url":"https:\/\/riwal-wpn.acceptatie.indicia-interactiv.nl\/app\/uploads\/sites\/15\/2023\/09\/BIM-e1706783923793.png","type":"image\/png"}],"twitter_card":"summary_large_image","twitter_misc":{"Est. reading time":"4 minutes"},"schema":{"@context":"https:\/\/schema.org","@graph":[{"@type":"WebPage","@id":"https:\/\/riwal-wpn.acceptatie.indicia-interactiv.nl\/fr\/expertise\/solutions-digitales\/la-technologie-bim\/","url":"https:\/\/riwal-wpn.acceptatie.indicia-interactiv.nl\/fr\/expertise\/solutions-digitales\/la-technologie-bim\/","name":"Gagnez en efficacit\u00e9 avec le BIM - Riwal - France","isPartOf":{"@id":"https:\/\/riwal-wpn.acceptatie.indicia-interactiv.nl\/fr\/#website"},"primaryImageOfPage":{"@id":"https:\/\/riwal-wpn.acceptatie.indicia-interactiv.nl\/fr\/expertise\/solutions-digitales\/la-technologie-bim\/#primaryimage"},"image":{"@id":"https:\/\/riwal-wpn.acceptatie.indicia-interactiv.nl\/fr\/expertise\/solutions-digitales\/la-technologie-bim\/#primaryimage"},"thumbnailUrl":"https:\/\/riwal-wpn.acceptatie.indicia-interactiv.nl\/app\/uploads\/sites\/15\/2023\/09\/BIM-e1706783923793.png","datePublished":"2023-09-15T09:25:03+00:00","dateModified":"2024-01-30T15:02:02+00:00","description":"Riwal met \u00e0 votre disposition une biblioth\u00e8que en ligne gratuite de mod\u00e8les 3D de nos nacelles \u00e9l\u00e9vatrices et chariots t\u00e9lescopiques.","breadcrumb":{"@id":"https:\/\/riwal-wpn.acceptatie.indicia-interactiv.nl\/fr\/expertise\/solutions-digitales\/la-technologie-bim\/#breadcrumb"},"inLanguage":"fr-FR","potentialAction":[{"@type":"ReadAction","target":["https:\/\/riwal-wpn.acceptatie.indicia-interactiv.nl\/fr\/expertise\/solutions-digitales\/la-technologie-bim\/"]}]},{"@type":"ImageObject","inLanguage":"fr-FR","@id":"https:\/\/riwal-wpn.acceptatie.indicia-interactiv.nl\/fr\/expertise\/solutions-digitales\/la-technologie-bim\/#primaryimage","url":"https:\/\/riwal-wpn.acceptatie.indicia-interactiv.nl\/app\/uploads\/sites\/15\/2023\/09\/BIM-e1706783923793.png","contentUrl":"https:\/\/riwal-wpn.acceptatie.indicia-interactiv.nl\/app\/uploads\/sites\/15\/2023\/09\/BIM-e1706783923793.png","width":628,"height":488,"caption":"Boostez votre efficacit\u00e9 avec le BIM"},{"@type":"BreadcrumbList","@id":"https:\/\/riwal-wpn.acceptatie.indicia-interactiv.nl\/fr\/expertise\/solutions-digitales\/la-technologie-bim\/#breadcrumb","itemListElement":[{"@type":"ListItem","position":1,"name":"Accueil","item":"https:\/\/riwal-wpn.acceptatie.indicia-interactiv.nl\/fr\/"},{"@type":"ListItem","position":2,"name":"Expertise","item":"https:\/\/riwal-wpn.acceptatie.indicia-interactiv.nl\/fr\/expertise\/"},{"@type":"ListItem","position":3,"name":"Solutions digitales","item":"https:\/\/riwal-wpn.acceptatie.indicia-interactiv.nl\/fr\/expertise\/solutions-digitales\/"},{"@type":"ListItem","position":4,"name":"La technologie BIM"}]},{"@type":"WebSite","@id":"https:\/\/riwal-wpn.acceptatie.indicia-interactiv.nl\/fr\/#website","url":"https:\/\/riwal-wpn.acceptatie.indicia-interactiv.nl\/fr\/","name":"Riwal","description":"Location nacelle \u00e9l\u00e9vatrice, formation CACES, vente nacelles - Riwal France","publisher":{"@id":"https:\/\/riwal-wpn.acceptatie.indicia-interactiv.nl\/fr\/#organization"},"potentialAction":[{"@type":"SearchAction","target":{"@type":"EntryPoint","urlTemplate":"https:\/\/riwal-wpn.acceptatie.indicia-interactiv.nl\/fr\/?s={search_term_string}"},"query-input":{"@type":"PropertyValueSpecification","valueRequired":true,"valueName":"search_term_string"}}],"inLanguage":"fr-FR"},{"@type":"Organization","@id":"https:\/\/riwal-wpn.acceptatie.indicia-interactiv.nl\/fr\/#organization","name":"Riwal","url":"https:\/\/riwal-wpn.acceptatie.indicia-interactiv.nl\/fr\/","logo":{"@type":"ImageObject","inLanguage":"fr-FR","@id":"https:\/\/riwal-wpn.acceptatie.indicia-interactiv.nl\/fr\/#\/schema\/logo\/image\/","url":"","contentUrl":"","caption":"Riwal"},"image":{"@id":"https:\/\/riwal-wpn.acceptatie.indicia-interactiv.nl\/fr\/#\/schema\/logo\/image\/"}}]}},"_links":{"self":[{"href":"https:\/\/riwal-wpn.acceptatie.indicia-interactiv.nl\/fr\/wp-json\/wp\/v2\/pages\/4252","targetHints":{"allow":["GET"]}}],"collection":[{"href":"https:\/\/riwal-wpn.acceptatie.indicia-interactiv.nl\/fr\/wp-json\/wp\/v2\/pages"}],"about":[{"href":"https:\/\/riwal-wpn.acceptatie.indicia-interactiv.nl\/fr\/wp-json\/wp\/v2\/types\/page"}],"author":[{"embeddable":true,"href":"https:\/\/riwal-wpn.acceptatie.indicia-interactiv.nl\/fr\/wp-json\/wp\/v2\/users\/17"}],"replies":[{"embeddable":true,"href":"https:\/\/riwal-wpn.acceptatie.indicia-interactiv.nl\/fr\/wp-json\/wp\/v2\/comments?post=4252"}],"version-history":[{"count":12,"href":"https:\/\/riwal-wpn.acceptatie.indicia-interactiv.nl\/fr\/wp-json\/wp\/v2\/pages\/4252\/revisions"}],"predecessor-version":[{"id":6777,"href":"https:\/\/riwal-wpn.acceptatie.indicia-interactiv.nl\/fr\/wp-json\/wp\/v2\/pages\/4252\/revisions\/6777"}],"up":[{"embeddable":true,"href":"https:\/\/riwal-wpn.acceptatie.indicia-interactiv.nl\/fr\/wp-json\/wp\/v2\/pages\/3237"}],"wp:featuredmedia":[{"embeddable":true,"href":"https:\/\/riwal-wpn.acceptatie.indicia-interactiv.nl\/fr\/wp-json\/wp\/v2\/media\/4180"}],"wp:attachment":[{"href":"https:\/\/riwal-wpn.acceptatie.indicia-interactiv.nl\/fr\/wp-json\/wp\/v2\/media?parent=4252"}],"curies":[{"name":"wp","href":"https:\/\/api.w.org\/{rel}","templated":true}]}}