{"id":6026,"date":"2023-12-29T08:08:12","date_gmt":"2023-12-29T08:08:12","guid":{"rendered":"https:\/\/riwal-wpn.acceptatie.indicia-interactiv.nl\/fr\/?page_id=6026"},"modified":"2024-01-30T15:25:36","modified_gmt":"2024-01-30T15:25:36","slug":"pourquoi-louer","status":"publish","type":"page","link":"https:\/\/riwal-wpn.acceptatie.indicia-interactiv.nl\/fr\/expertise\/developpement-durable\/pourquoi-louer\/","title":{"rendered":"Pourquoi louer ?"},"content":{"rendered":"<div class=\"wp-block-rental-theme-featured rental-theme-block-default-padding\">\n\t<div class=\"container\">\n\t\t<div class=\"wp-block-rental-theme-featured-container\">\n\t\t\t<div class=\"wp-block-rental-theme-featured__image\">\n\t\t\t\t<div class=\"wp-block-rental-theme-featured-image-container\">\n\t\t\t\t\t\t\t\t\t\t\t<div class=\"main-image\">\n\t\t\t\t\t\t\t<img loading=\"lazy\" decoding=\"async\" width=\"620\" height=\"413\" src=\"https:\/\/riwal-wpn.acceptatie.indicia-interactiv.nl\/app\/uploads\/sites\/15\/2023\/05\/riwal-steel-construction-project-netherlands-2-scaled.jpg\" class=\"attachment-featured_block_image size-featured_block_image\" alt=\"\" srcset=\"https:\/\/riwal-wpn.acceptatie.indicia-interactiv.nl\/app\/uploads\/sites\/15\/2023\/05\/riwal-steel-construction-project-netherlands-2-scaled.jpg 2560w, https:\/\/riwal-wpn.acceptatie.indicia-interactiv.nl\/app\/uploads\/sites\/15\/2023\/05\/riwal-steel-construction-project-netherlands-2-300x200.jpg 300w, https:\/\/riwal-wpn.acceptatie.indicia-interactiv.nl\/app\/uploads\/sites\/15\/2023\/05\/riwal-steel-construction-project-netherlands-2-1024x683.jpg 1024w, https:\/\/riwal-wpn.acceptatie.indicia-interactiv.nl\/app\/uploads\/sites\/15\/2023\/05\/riwal-steel-construction-project-netherlands-2-768x512.jpg 768w, https:\/\/riwal-wpn.acceptatie.indicia-interactiv.nl\/app\/uploads\/sites\/15\/2023\/05\/riwal-steel-construction-project-netherlands-2-1536x1024.jpg 1536w, https:\/\/riwal-wpn.acceptatie.indicia-interactiv.nl\/app\/uploads\/sites\/15\/2023\/05\/riwal-steel-construction-project-netherlands-2-2048x1365.jpg 2048w, https:\/\/riwal-wpn.acceptatie.indicia-interactiv.nl\/app\/uploads\/sites\/15\/2023\/05\/riwal-steel-construction-project-netherlands-2-178x119.jpg 178w, https:\/\/riwal-wpn.acceptatie.indicia-interactiv.nl\/app\/uploads\/sites\/15\/2023\/05\/riwal-steel-construction-project-netherlands-2-1388x925.jpg 1388w, https:\/\/riwal-wpn.acceptatie.indicia-interactiv.nl\/app\/uploads\/sites\/15\/2023\/05\/riwal-steel-construction-project-netherlands-2-390x260.jpg 390w, https:\/\/riwal-wpn.acceptatie.indicia-interactiv.nl\/app\/uploads\/sites\/15\/2023\/05\/riwal-steel-construction-project-netherlands-2-830x553.jpg 830w, https:\/\/riwal-wpn.acceptatie.indicia-interactiv.nl\/app\/uploads\/sites\/15\/2023\/05\/riwal-steel-construction-project-netherlands-2-250x167.jpg 250w\" sizes=\"auto, (max-width: 620px) 100vw, 620px\" \/>\t\t\t\t\t\t<\/div>\n\t\t\t\t\t\t\t\t\t\t<div class=\"wp-block-rental-theme-featured-image-container__subtext\">\n\t\t\t\t\t\t\t\t\t\t\t<\/div>\n\t\t\t\t<\/div>\n\t\t\t<\/div>\n\t\t\t<div class=\"wp-block-rental-theme-featured-content\">\n\t\t\t\t<div>\n\t\t\t\t\t<h2 class=\"wp-block-rental-theme-featured-title\">Pourquoi louer ? Les avantages de la location par rapport \u00e0 la propri\u00e9t\u00e9<\/h2>\n\t\t\t\t\t<div class=\"wp-block-rental-theme-featured-text\">\n\n<p>Apparue au d\u00e9but du 20e si\u00e8cle, la location s&rsquo;est d\u00e9velopp\u00e9e \u00e0 partir des ann\u00e9es 1950, principalement en Europe et en Am\u00e9rique du Nord. Elle conna\u00eet une croissance rapide dans d&rsquo;autres r\u00e9gions du monde, y compris le Moyen-Orient, l&rsquo;Am\u00e9rique du Sud et l&rsquo;Asie. Mais alors, pourquoi louer une nacelle \u00e9l\u00e9vatrice, ou bien louer un chariot t\u00e9lescopique, plut\u00f4t que de l&rsquo;acheter ? Si la location est une option durable s&rsquo;inscrivant dans l&rsquo;\u00e9conomie circulaire, c&rsquo;est aussi une solution \u00e9conomique pour les entreprises. Nous vous expliquons pourquoi dans ce dossier?<\/p>\n\n<\/div>\n\t\t\t\t<\/div>\n\t\t\t<\/div>\n\t\t<\/div>\n\t<\/div>\n<\/div>\n\n\n<div class=\"container\">\n<h2 class=\"wp-block-heading\" id=\"h-pourquoi-louer\">POURQUOI LOUER ?<\/h2>\n<\/div>\n\n<div class=\"container\">\n<p>Avoir recours \u00e0 une soci\u00e9t\u00e9 de location permet de r\u00e9duire ses co\u00fbts fixes et de minimiser les risques financiers li\u00e9s \u00e0 la possession d&rsquo;un parc de machines et mat\u00e9riels. En effet, lorsque vous choisissez d&rsquo;opter pour la location de nacelle \u00e9l\u00e9vatrice ou de chariot t\u00e9lescopique, vous ne payez pour ces mat\u00e9riels que lorsque vous en avez besoin. <\/p>\n<\/div>\n\n<div class=\"container\">\n<p>Louer vous permet de faire face aux surcharges ponctuelles de travail sans avoir \u00e0 investir dans du mat\u00e9riel suppl\u00e9mentaire. Ces capitaux \u00e9conomises peuvent ainsi \u00eatre affect\u00e9s \u00e0 l&rsquo;activit\u00e9 principale de votre entreprise. Synonyme de tranquillit\u00e9 d&rsquo;esprit, la location de nacelles \u00e9l\u00e9vatrices est pour vous la garantie d&rsquo;un mat\u00e9riel conforme aux r\u00e9glementations, contr\u00f4l\u00e9 r\u00e9guli\u00e8rement et homologu\u00e9. <\/p>\n<\/div>\n\n<div class=\"container\">\n<h3 class=\"wp-block-heading\" id=\"h-acheter-vs-louer\">Acheter vs Louer<\/h3>\n<\/div>\n\n<div class=\"container\">\n<p>En plus de l&rsquo;investissement initial, la possession d&rsquo;un mat\u00e9riel implique des co\u00fbts li\u00e9s \u00e0 l&rsquo;exploitation, tels que l&rsquo;assurance, la maintenance, les inspections p\u00e9riodiques, les r\u00e9parations, le transport et le stockage. Ces co\u00fbts, qui tendent \u00e0 augmenter durant le cycle de vie de la machine, ne sont que tr\u00e8s peu li\u00e9s \u00e0 son utilisation effective. Il peu alors \u00eatre risqu\u00e9 de poss\u00e9der son propre parc machines pour g\u00e9rer sa charge de travail. <strong>Louer, c&rsquo;est externaliser les risques. <\/strong><\/p>\n<\/div>\n\n<div class=\"container\">\n<p>Utiliser du mat\u00e9riel de location r\u00e9duit significativement le capital requis et le risque financier puisque seuls les frais de location sont \u00e0 votre charge. La location est \u00e9galement un excellent moyen de soutenir sa croissance et l&rsquo;expansion de son activit\u00e9 et ce, m\u00eame p\u00e9riode d&rsquo;incertitude. Louer le mat\u00e9riel n\u00e9cessaire \u00e0 son chantier permet de profiter des opportunit\u00e9s sans affaiblir l&rsquo;entreprise en diminuant le fond de roulement. <\/p>\n<\/div>\n\n<div class=\"container\">\n<h3 class=\"wp-block-heading\" id=\"h-avantages-operationnels\">Avantages op\u00e9rationnels<\/h3>\n<\/div>\n\n<div class=\"container\">\n<p>La propri\u00e9t\u00e9 d&rsquo;un parc machine mobilise du temps et des ressources, car les entreprises doivent entretenir et remplacer les machines, g\u00e9rer les relations fournisseurs et s&rsquo;assurer que les contr\u00f4les et les homologations sont \u00e0 jour. Cela implique des t\u00e2ches quotidiennes que l&rsquo;on peut s&rsquo;\u00e9pargner en ayant recours \u00e0 la location. Cela r\u00e9duit la n\u00e9cessit\u00e9 de poss\u00e9der de grands ateliers professionnels avec des pi\u00e8ces de rechange et des consommables. Les ressources financi\u00e8res et humaines peuvent \u00eatre allou\u00e9es aux activit\u00e9s principales de l&rsquo;entreprise et d&rsquo;autres postes plus strat\u00e9giques pour sa croissance. <strong>Louer, c&rsquo;est s&rsquo;offrir une tranquillit\u00e9 d&rsquo;esprit et avoir la possibilit\u00e9 de se concentrer davantage sur son activit\u00e9 et son d\u00e9veloppement. <\/strong><\/p>\n<\/div>\n\n<div class=\"container\">\n<h2 class=\"wp-block-heading\" id=\"h-les-materiels-d-elevation-et-la-location\">LES MAT\u00c9RIELS D&rsquo;\u00c9L\u00c9VATION ET LA LOCATION<\/h2>\n<\/div>\n\n<div class=\"container\">\n<p>Les nacelles \u00e9l\u00e9vatrices repr\u00e9sentent une part importante du march\u00e9 de la location. Les entreprises peuvent choisir parmi un large choix, de nacelles \u00e9l\u00e9vatrices et machines de levage pour chantier, afin de r\u00e9aliser des travaux en hauteur pour <a href=\"https:\/\/riwal-wpn.acceptatie.indicia-interactiv.nl\/fr\/secteurs-dactivite\/entretien\/\">la construction<\/a>, <a href=\"https:\/\/riwal-wpn.acceptatie.indicia-interactiv.nl\/fr\/secteurs-dactivite\/entretien\/\">le nettoyage industriel ou des travaux d&rsquo;entretien<\/a> et d&rsquo;installation. Les <a href=\"https:\/\/riwal-wpn.acceptatie.indicia-interactiv.nl\/fr\/location\/materiel-de-manutention\/chariot-telescopique\/\">chariots t\u00e9lescopiques<\/a> peuvent aussi se r\u00e9v\u00e9ler utiles pour diverses t\u00e2ches de transport sur des chantiers. Les secteurs de l&rsquo;<a href=\"https:\/\/riwal-wpn.acceptatie.indicia-interactiv.nl\/fr\/secteurs-dactivite\/industrie\/\">industrie<\/a> et de <a href=\"https:\/\/riwal-wpn.acceptatie.indicia-interactiv.nl\/fr\/secteurs-dactivite\/evenementiel\/\">l\u2019\u00e9v\u00e9nementiel<\/a> n\u00e9cessitent une logistique efficace pour les besoins de laquelle la location de <a href=\"https:\/\/riwal-wpn.acceptatie.indicia-interactiv.nl\/fr\/location\/nacelle-elevatrice\/\">nacelles \u00e9l\u00e9vatrices<\/a> et <a href=\"https:\/\/riwal-wpn.acceptatie.indicia-interactiv.nl\/fr\/location\/nacelle-elevatrice\/\">chariots t\u00e9lescopique<\/a> est fr\u00e9quente. <\/p>\n<\/div>\n\n<div class=\"container\">\n<h2 class=\"wp-block-heading\" id=\"h-comment-choisir-une-societe-de-location\">COMMENT CHOISIR UNE SOCI\u00c9T\u00c9 DE LOCATION ?<\/h2>\n<\/div>\n\n<div class=\"container\">\n<p>Si le prix de location de nacelles \u00e9l\u00e9vatrices est l&rsquo;\u00e9l\u00e9ment le plus simple permettant de comparer les fournisseurs, la qualit\u00e9 du mat\u00e9riel fourni, la consommation d&rsquo;\u00e9lectricit\u00e9 ou de carburant, et la disponibilit\u00e9 des machines sont autant de param\u00e8tres d\u00e9terminants. Les diff\u00e9rents services inclus dans la prestation sont \u00e9galement des crit\u00e8res \u00e0 prendre en compte, notamment pour garantir la s\u00e9curit\u00e9 des utilisateurs et la s\u00e9r\u00e9nit\u00e9 sur le chantier. <\/p>\n<\/div>\n\n<div class=\"container\">\n<p>En effet, vous ne louez pas simplement un mat\u00e9riel, vous faites le choix d&rsquo;un prestataire qui vous d\u00e9livre du mat\u00e9riel de qualit\u00e9 et un service \u00e0 la hauteur de vos besoins et attentes. Le contact commercial, les outils mis \u00e0 votre disposition pour faciliter vos locations, la rapidit\u00e9 d&rsquo;intervention et d&rsquo;assistance, la gestion des temps d&rsquo;arr\u00eat les couvertures en cas de dommage, mais aussi les conseils en mati\u00e8re de s\u00e9curit\u00e9 et de choix du mat\u00e9riel le plus adapt\u00e9, et les formations disponibles sont des crit\u00e8res importants qui d\u00e9terminent votre choix d&rsquo;un loueur plut\u00f4t qu&rsquo;un autre. <\/p>\n<\/div>\n\n<div class=\"container\">\n<p>Le soin apport\u00e9 \u00e0 votre s\u00e9curit\u00e9 est essentiel. Des \u00e9quipes bien form\u00e9es, capables de vous livrer les meilleures consignes li\u00e9es \u00e0 l&rsquo;utilisation et la s\u00e9curit\u00e9 du mat\u00e9riel lou\u00e9, et en mesure de r\u00e9pondre \u00e0 vos questions techniques, est \u00e9galement un crit\u00e8re important. Tous les mat\u00e9riels lou\u00e9s doivent \u00eatre conformes \u00e0 la l\u00e9gislation existante sur la s\u00e9curit\u00e9, dans chaque pays d&rsquo;utilisation du mat\u00e9riel. <\/p>\n<\/div>\n\n<div class=\"container\">\n<p>Pour vous garantir un service de qualit\u00e9 et un haut niveau de s\u00e9curit\u00e9, Riwal forme continuellement ses \u00e9quipes en interne et vous offre la possibilit\u00e9 de former les utilisateurs des mat\u00e9riels lou\u00e9s, avec <a href=\"https:\/\/riwal-wpn.acceptatie.indicia-interactiv.nl\/fr\/formation-caces-et-securite\/\">des formations CACES\u00ae et s\u00e9curit\u00e9<\/a>.<\/p>\n<\/div>\n\n<div class=\"container\">\n<p><strong>Plus qu&rsquo;un loueur, nous sommes prestataires de services. <\/strong><\/p>\n<\/div>\n\n<div class=\"container\">\n<p>Sources <a href=\"https:\/\/riwal-wpn.acceptatie.indicia-interactiv.nl\/fr\/formation-caces-et-securite\/\">ERA<\/a> (European Rental Association \/ Association Europ\u00e9enne de Location). <\/p>\n<\/div>","protected":false},"excerpt":{"rendered":"<p>POURQUOI LOUER ? Avoir recours \u00e0 une soci\u00e9t\u00e9 de location permet de r\u00e9duire ses co\u00fbts fixes et de minimiser les risques financiers li\u00e9s \u00e0 la possession d&rsquo;un parc de machines et mat\u00e9riels. En effet, lorsque vous choisissez d&rsquo;opter pour la location de nacelle \u00e9l\u00e9vatrice ou de chariot t\u00e9lescopique, vous ne payez pour ces mat\u00e9riels que &hellip; <a href=\"https:\/\/riwal-wpn.acceptatie.indicia-interactiv.nl\/fr\/expertise\/developpement-durable\/pourquoi-louer\/\">Voir plus<\/a><\/p>\n","protected":false},"author":51,"featured_media":0,"parent":3235,"menu_order":1,"comment_status":"closed","ping_status":"closed","template":"","meta":{"_acf_changed":false,"editor_notices":[],"footnotes":""},"class_list":["post-6026","page","type-page","status-publish","hentry"],"acf":[],"yoast_head":"<!-- This site is optimized with the Yoast SEO Premium plugin v27.1 (Yoast SEO v27.1.1) - https:\/\/yoast.com\/product\/yoast-seo-premium-wordpress\/ -->\n<title>Pourquoi louer ? - Riwal - France<\/title>\n<meta name=\"robots\" content=\"noindex, follow, max-snippet:-1, max-image-preview:large, max-video-preview:-1\" \/>\n<meta property=\"og:locale\" content=\"fr_FR\" \/>\n<meta property=\"og:type\" content=\"article\" \/>\n<meta property=\"og:title\" content=\"Pourquoi louer ?\" \/>\n<meta property=\"og:description\" content=\"POURQUOI LOUER ? Avoir recours \u00e0 une soci\u00e9t\u00e9 de location permet de r\u00e9duire ses co\u00fbts fixes et de minimiser les risques financiers li\u00e9s \u00e0 la possession d&rsquo;un parc de machines et mat\u00e9riels. En effet, lorsque vous choisissez d&rsquo;opter pour la location de nacelle \u00e9l\u00e9vatrice ou de chariot t\u00e9lescopique, vous ne payez pour ces mat\u00e9riels que &hellip; Voir plus\" \/>\n<meta property=\"og:url\" content=\"https:\/\/riwal-wpn.acceptatie.indicia-interactiv.nl\/fr\/expertise\/developpement-durable\/pourquoi-louer\/\" \/>\n<meta property=\"og:site_name\" content=\"Riwal - France\" \/>\n<meta property=\"article:modified_time\" content=\"2024-01-30T15:25:36+00:00\" \/>\n<meta name=\"twitter:card\" content=\"summary_large_image\" \/>\n<meta name=\"twitter:label1\" content=\"Est. reading time\" \/>\n\t<meta name=\"twitter:data1\" content=\"5 minutes\" \/>\n<script type=\"application\/ld+json\" class=\"yoast-schema-graph\">{\"@context\":\"https:\/\/schema.org\",\"@graph\":[{\"@type\":\"WebPage\",\"@id\":\"https:\/\/riwal-wpn.acceptatie.indicia-interactiv.nl\/fr\/expertise\/developpement-durable\/pourquoi-louer\/\",\"url\":\"https:\/\/riwal-wpn.acceptatie.indicia-interactiv.nl\/fr\/expertise\/developpement-durable\/pourquoi-louer\/\",\"name\":\"Pourquoi louer ? - Riwal - France\",\"isPartOf\":{\"@id\":\"https:\/\/riwal-wpn.acceptatie.indicia-interactiv.nl\/fr\/#website\"},\"datePublished\":\"2023-12-29T08:08:12+00:00\",\"dateModified\":\"2024-01-30T15:25:36+00:00\",\"breadcrumb\":{\"@id\":\"https:\/\/riwal-wpn.acceptatie.indicia-interactiv.nl\/fr\/expertise\/developpement-durable\/pourquoi-louer\/#breadcrumb\"},\"inLanguage\":\"fr-FR\",\"potentialAction\":[{\"@type\":\"ReadAction\",\"target\":[\"https:\/\/riwal-wpn.acceptatie.indicia-interactiv.nl\/fr\/expertise\/developpement-durable\/pourquoi-louer\/\"]}]},{\"@type\":\"BreadcrumbList\",\"@id\":\"https:\/\/riwal-wpn.acceptatie.indicia-interactiv.nl\/fr\/expertise\/developpement-durable\/pourquoi-louer\/#breadcrumb\",\"itemListElement\":[{\"@type\":\"ListItem\",\"position\":1,\"name\":\"Accueil\",\"item\":\"https:\/\/riwal-wpn.acceptatie.indicia-interactiv.nl\/fr\/\"},{\"@type\":\"ListItem\",\"position\":2,\"name\":\"Expertise\",\"item\":\"https:\/\/riwal-wpn.acceptatie.indicia-interactiv.nl\/fr\/expertise\/\"},{\"@type\":\"ListItem\",\"position\":3,\"name\":\"D\u00e9veloppement durable\",\"item\":\"https:\/\/riwal-wpn.acceptatie.indicia-interactiv.nl\/fr\/expertise\/developpement-durable\/\"},{\"@type\":\"ListItem\",\"position\":4,\"name\":\"Pourquoi louer ?\"}]},{\"@type\":\"WebSite\",\"@id\":\"https:\/\/riwal-wpn.acceptatie.indicia-interactiv.nl\/fr\/#website\",\"url\":\"https:\/\/riwal-wpn.acceptatie.indicia-interactiv.nl\/fr\/\",\"name\":\"Riwal\",\"description\":\"Location nacelle \u00e9l\u00e9vatrice, formation CACES, vente nacelles - Riwal France\",\"publisher\":{\"@id\":\"https:\/\/riwal-wpn.acceptatie.indicia-interactiv.nl\/fr\/#organization\"},\"potentialAction\":[{\"@type\":\"SearchAction\",\"target\":{\"@type\":\"EntryPoint\",\"urlTemplate\":\"https:\/\/riwal-wpn.acceptatie.indicia-interactiv.nl\/fr\/?s={search_term_string}\"},\"query-input\":{\"@type\":\"PropertyValueSpecification\",\"valueRequired\":true,\"valueName\":\"search_term_string\"}}],\"inLanguage\":\"fr-FR\"},{\"@type\":\"Organization\",\"@id\":\"https:\/\/riwal-wpn.acceptatie.indicia-interactiv.nl\/fr\/#organization\",\"name\":\"Riwal\",\"url\":\"https:\/\/riwal-wpn.acceptatie.indicia-interactiv.nl\/fr\/\",\"logo\":{\"@type\":\"ImageObject\",\"inLanguage\":\"fr-FR\",\"@id\":\"https:\/\/riwal-wpn.acceptatie.indicia-interactiv.nl\/fr\/#\/schema\/logo\/image\/\",\"url\":\"\",\"contentUrl\":\"\",\"caption\":\"Riwal\"},\"image\":{\"@id\":\"https:\/\/riwal-wpn.acceptatie.indicia-interactiv.nl\/fr\/#\/schema\/logo\/image\/\"}}]}<\/script>\n<!-- \/ Yoast SEO Premium plugin. -->","yoast_head_json":{"title":"Pourquoi louer ? - Riwal - France","robots":{"index":"noindex","follow":"follow","max-snippet":"max-snippet:-1","max-image-preview":"max-image-preview:large","max-video-preview":"max-video-preview:-1"},"og_locale":"fr_FR","og_type":"article","og_title":"Pourquoi louer ?","og_description":"POURQUOI LOUER ? Avoir recours \u00e0 une soci\u00e9t\u00e9 de location permet de r\u00e9duire ses co\u00fbts fixes et de minimiser les risques financiers li\u00e9s \u00e0 la possession d&rsquo;un parc de machines et mat\u00e9riels. En effet, lorsque vous choisissez d&rsquo;opter pour la location de nacelle \u00e9l\u00e9vatrice ou de chariot t\u00e9lescopique, vous ne payez pour ces mat\u00e9riels que &hellip; Voir plus","og_url":"https:\/\/riwal-wpn.acceptatie.indicia-interactiv.nl\/fr\/expertise\/developpement-durable\/pourquoi-louer\/","og_site_name":"Riwal - France","article_modified_time":"2024-01-30T15:25:36+00:00","twitter_card":"summary_large_image","twitter_misc":{"Est. reading time":"5 minutes"},"schema":{"@context":"https:\/\/schema.org","@graph":[{"@type":"WebPage","@id":"https:\/\/riwal-wpn.acceptatie.indicia-interactiv.nl\/fr\/expertise\/developpement-durable\/pourquoi-louer\/","url":"https:\/\/riwal-wpn.acceptatie.indicia-interactiv.nl\/fr\/expertise\/developpement-durable\/pourquoi-louer\/","name":"Pourquoi louer ? - Riwal - France","isPartOf":{"@id":"https:\/\/riwal-wpn.acceptatie.indicia-interactiv.nl\/fr\/#website"},"datePublished":"2023-12-29T08:08:12+00:00","dateModified":"2024-01-30T15:25:36+00:00","breadcrumb":{"@id":"https:\/\/riwal-wpn.acceptatie.indicia-interactiv.nl\/fr\/expertise\/developpement-durable\/pourquoi-louer\/#breadcrumb"},"inLanguage":"fr-FR","potentialAction":[{"@type":"ReadAction","target":["https:\/\/riwal-wpn.acceptatie.indicia-interactiv.nl\/fr\/expertise\/developpement-durable\/pourquoi-louer\/"]}]},{"@type":"BreadcrumbList","@id":"https:\/\/riwal-wpn.acceptatie.indicia-interactiv.nl\/fr\/expertise\/developpement-durable\/pourquoi-louer\/#breadcrumb","itemListElement":[{"@type":"ListItem","position":1,"name":"Accueil","item":"https:\/\/riwal-wpn.acceptatie.indicia-interactiv.nl\/fr\/"},{"@type":"ListItem","position":2,"name":"Expertise","item":"https:\/\/riwal-wpn.acceptatie.indicia-interactiv.nl\/fr\/expertise\/"},{"@type":"ListItem","position":3,"name":"D\u00e9veloppement durable","item":"https:\/\/riwal-wpn.acceptatie.indicia-interactiv.nl\/fr\/expertise\/developpement-durable\/"},{"@type":"ListItem","position":4,"name":"Pourquoi louer ?"}]},{"@type":"WebSite","@id":"https:\/\/riwal-wpn.acceptatie.indicia-interactiv.nl\/fr\/#website","url":"https:\/\/riwal-wpn.acceptatie.indicia-interactiv.nl\/fr\/","name":"Riwal","description":"Location nacelle \u00e9l\u00e9vatrice, formation CACES, vente nacelles - Riwal France","publisher":{"@id":"https:\/\/riwal-wpn.acceptatie.indicia-interactiv.nl\/fr\/#organization"},"potentialAction":[{"@type":"SearchAction","target":{"@type":"EntryPoint","urlTemplate":"https:\/\/riwal-wpn.acceptatie.indicia-interactiv.nl\/fr\/?s={search_term_string}"},"query-input":{"@type":"PropertyValueSpecification","valueRequired":true,"valueName":"search_term_string"}}],"inLanguage":"fr-FR"},{"@type":"Organization","@id":"https:\/\/riwal-wpn.acceptatie.indicia-interactiv.nl\/fr\/#organization","name":"Riwal","url":"https:\/\/riwal-wpn.acceptatie.indicia-interactiv.nl\/fr\/","logo":{"@type":"ImageObject","inLanguage":"fr-FR","@id":"https:\/\/riwal-wpn.acceptatie.indicia-interactiv.nl\/fr\/#\/schema\/logo\/image\/","url":"","contentUrl":"","caption":"Riwal"},"image":{"@id":"https:\/\/riwal-wpn.acceptatie.indicia-interactiv.nl\/fr\/#\/schema\/logo\/image\/"}}]}},"_links":{"self":[{"href":"https:\/\/riwal-wpn.acceptatie.indicia-interactiv.nl\/fr\/wp-json\/wp\/v2\/pages\/6026","targetHints":{"allow":["GET"]}}],"collection":[{"href":"https:\/\/riwal-wpn.acceptatie.indicia-interactiv.nl\/fr\/wp-json\/wp\/v2\/pages"}],"about":[{"href":"https:\/\/riwal-wpn.acceptatie.indicia-interactiv.nl\/fr\/wp-json\/wp\/v2\/types\/page"}],"author":[{"embeddable":true,"href":"https:\/\/riwal-wpn.acceptatie.indicia-interactiv.nl\/fr\/wp-json\/wp\/v2\/users\/51"}],"replies":[{"embeddable":true,"href":"https:\/\/riwal-wpn.acceptatie.indicia-interactiv.nl\/fr\/wp-json\/wp\/v2\/comments?post=6026"}],"version-history":[{"count":7,"href":"https:\/\/riwal-wpn.acceptatie.indicia-interactiv.nl\/fr\/wp-json\/wp\/v2\/pages\/6026\/revisions"}],"predecessor-version":[{"id":6041,"href":"https:\/\/riwal-wpn.acceptatie.indicia-interactiv.nl\/fr\/wp-json\/wp\/v2\/pages\/6026\/revisions\/6041"}],"up":[{"embeddable":true,"href":"https:\/\/riwal-wpn.acceptatie.indicia-interactiv.nl\/fr\/wp-json\/wp\/v2\/pages\/3235"}],"wp:attachment":[{"href":"https:\/\/riwal-wpn.acceptatie.indicia-interactiv.nl\/fr\/wp-json\/wp\/v2\/media?parent=6026"}],"curies":[{"name":"wp","href":"https:\/\/api.w.org\/{rel}","templated":true}]}}