{"id":6057,"date":"2023-12-29T15:28:04","date_gmt":"2023-12-29T15:28:04","guid":{"rendered":"https:\/\/riwal-wpn.acceptatie.indicia-interactiv.nl\/fr\/?page_id=6057"},"modified":"2024-01-24T10:03:15","modified_gmt":"2024-01-24T10:03:15","slug":"le-digital-au-service-du-developpement","status":"publish","type":"page","link":"https:\/\/riwal-wpn.acceptatie.indicia-interactiv.nl\/fr\/expertise\/developpement-durable\/le-digital-au-service-du-developpement\/","title":{"rendered":"Le digital au service du d\u00e9veloppement durable"},"content":{"rendered":"<div class=\"wp-block-rental-theme-featured rental-theme-block-default-padding\">\n\t<div class=\"container\">\n\t\t<div class=\"wp-block-rental-theme-featured-container\">\n\t\t\t<div class=\"wp-block-rental-theme-featured__image\">\n\t\t\t\t<div class=\"wp-block-rental-theme-featured-image-container\">\n\t\t\t\t\t\t\t\t\t\t\t<div class=\"main-image\">\n\t\t\t\t\t\t\t<img loading=\"lazy\" decoding=\"async\" width=\"620\" height=\"482\" src=\"https:\/\/riwal-wpn.acceptatie.indicia-interactiv.nl\/app\/uploads\/sites\/15\/2023\/09\/BIM-e1706783923793-620x482.png\" class=\"attachment-featured_block_image size-featured_block_image\" alt=\"Boostez votre efficacit\u00e9 avec le BIM\" srcset=\"https:\/\/riwal-wpn.acceptatie.indicia-interactiv.nl\/app\/uploads\/sites\/15\/2023\/09\/BIM-e1706783923793-620x482.png 620w, https:\/\/riwal-wpn.acceptatie.indicia-interactiv.nl\/app\/uploads\/sites\/15\/2023\/09\/BIM-e1706783923793-300x233.png 300w, https:\/\/riwal-wpn.acceptatie.indicia-interactiv.nl\/app\/uploads\/sites\/15\/2023\/09\/BIM-e1706783923793-178x138.png 178w, https:\/\/riwal-wpn.acceptatie.indicia-interactiv.nl\/app\/uploads\/sites\/15\/2023\/09\/BIM-e1706783923793-390x303.png 390w, https:\/\/riwal-wpn.acceptatie.indicia-interactiv.nl\/app\/uploads\/sites\/15\/2023\/09\/BIM-e1706783923793-250x194.png 250w, https:\/\/riwal-wpn.acceptatie.indicia-interactiv.nl\/app\/uploads\/sites\/15\/2023\/09\/BIM-e1706783923793-237x184.png 237w, https:\/\/riwal-wpn.acceptatie.indicia-interactiv.nl\/app\/uploads\/sites\/15\/2023\/09\/BIM-e1706783923793-474x368.png 474w, https:\/\/riwal-wpn.acceptatie.indicia-interactiv.nl\/app\/uploads\/sites\/15\/2023\/09\/BIM-e1706783923793.png 628w\" sizes=\"auto, (max-width: 620px) 100vw, 620px\" \/>\t\t\t\t\t\t<\/div>\n\t\t\t\t\t\t\t\t\t\t<div class=\"wp-block-rental-theme-featured-image-container__subtext\">\n\t\t\t\t\t\t\t\t\t\t\t<\/div>\n\t\t\t\t<\/div>\n\t\t\t<\/div>\n\t\t\t<div class=\"wp-block-rental-theme-featured-content\">\n\t\t\t\t<div>\n\t\t\t\t\t<h2 class=\"wp-block-rental-theme-featured-title\">Le digital au service du d\u00e9veloppement durable<\/h2>\n\t\t\t\t\t<div class=\"wp-block-rental-theme-featured-text\">\n\n<p>Riwal continue de travailler dans le but d&rsquo;offrir \u00e0 ses clients des solutions toujours plus innovants, tout en suivant une d\u00e9marche de d\u00e9veloppement durable. C&rsquo;est dans cette volont\u00e9 que nos outils digitaux sont cr\u00e9\u00e9s. D\u00e9mat\u00e9rialisation, diminution des risques de dysfonctionnement et de leurs co\u00fbts \u00e9conomiques et environnementaux, optimisation de l&rsquo;utilisation des mat\u00e9riels&#8230; D\u00e9couvrez en quoi le digital est aussi au service du d\u00e9veloppement durable. <\/p>\n\n<\/div>\n\t\t\t\t<\/div>\n\t\t\t<\/div>\n\t\t<\/div>\n\t<\/div>\n<\/div>\n\n\n<div class=\"container\">\n<h2 class=\"wp-block-heading\" id=\"h-reduisez-votre-impact-environnemental-avec-my-riwal\">R\u00c9DUISEZ VOTRE IMPACT ENVIRONNEMENTAL AVEC MY RIWAL<\/h2>\n<\/div>\n\n<div class=\"container\">\n<p>L&rsquo;espace client My Riwal a \u00e9t\u00e9 cr\u00e9\u00e9 dans le but de simplifier les locations de nacelles \u00e9l\u00e9vatrices et de chariots t\u00e9lescopiques de nos clients : oui, mais pas seulement. My Riwal est une plateforme digitale o\u00f9 le client peut trouver un aper\u00e7u tr\u00e8s d\u00e9taill\u00e9, en temps r\u00e9el, de ses locations en cours et pass\u00e9es. Des informations utiles permettant d&rsquo;agir sur son impact environnemental. <\/p>\n<\/div>\n\n<div class=\"container\">\n<p>En effet, le d\u00e9veloppement durable des secteurs de la construction et de l&rsquo;industrie est un sujet qui devient de plus en plus important et urgent. Agir sur son empreinte carbone n&rsquo;est cependant pas toujours simple. Cela n\u00e9cessite, pour les entreprises, des mesures pr\u00e9cises de leurs consommations et de leurs \u00e9missions de C02, ainsi de savoir o\u00f9 et comment agir. <a href=\"https:\/\/riwal-wpn.acceptatie.indicia-interactiv.nl\/fr\/expertise\/solutions-digitales\/my-riwal\/\">Le portail client My Riwal<\/a> apporte une vue claire de ses \u00e9missions de C02, ainsi que d&rsquo;autres donn\u00e9es telles que le nombre de machines en cours d&rsquo;utilisation, leurs temps d&rsquo;utilisation et comment le mat\u00e9riel a \u00e9t\u00e9 utilis\u00e9. L&rsquo;outil Track &amp; machines. <strong>Avec ces informations, le client a la possibilit\u00e9 d&rsquo;optimiser ses ocations de mat\u00e9riel d&rsquo;\u00e9l\u00e9vation et ainsi d&rsquo;agir sur ses location futures et donc son empreinte carbone. <\/strong><\/p>\n<\/div>\n\n<div class=\"container\">\n<p>En tant qu&rsquo;espace client, My Riwal permet un acc\u00e8s 24h\/24 et 7j\/7 \u00e0 ses factures et devis en attente de confirmation. En choisissant la d\u00e9mat\u00e9rialisation des factures et devis, nos clients font le choix de r\u00e9duire leur consommation de papier ; une surconsommation qui devient peu \u00e0 peu superflue. <\/p>\n<\/div>\n\n<div class=\"container\">\n<h2 class=\"wp-block-heading\" id=\"h-mieux-prepare-risques-maitrises-avec-la-technologie-bim\">MIEUX PR\u00c9PAR\u00c9, RISQUES MA\u00ceTRIS\u00c9S AVEC LA TECHNOLOGIE BIM<\/h2>\n<\/div>\n\n<div class=\"container\">\n<p>Le BIM (Building Information Modeling) est une technologie qui repose sur la mod\u00e9lisation 3D de b\u00e2timents, des espaces ext\u00e9rieurs, des machines et du mobilier d&rsquo;un projet. Bien plus qu&rsquo;un logiciel, le BIM est une m\u00e9thode de travail collaboratif utilis\u00e9e par les architectes, bureaux d&rsquo;\u00e9tude et ing\u00e9nieurs, permettant de planifier, concevoir, construire et g\u00e9rer plus efficacement la construction des b\u00e2timents et infrastructures, tout en anticipant les al\u00e9as li\u00e9s \u00e0 leur projet. <\/p>\n<\/div>\n\n<div class=\"container\">\n<p>Sur notre site web et via l&rsquo;esapce client My Riwal, vous avez acc\u00e8s \u00e0 une biblioth\u00e8que gratuite en ligne de mod\u00e8les 3D de notre gamme de mat\u00e9riel d&rsquo;\u00e9l\u00e9vation. <\/p>\n<\/div>\n\n<div class=\"container\">\n<p><strong>En utilisant nos mod\u00e8les 3D de nacelles \u00e9l\u00e9vatrices, vous avez davantage de visibilit\u00e9 sur le mat\u00e9riel que vous souhaitez louer et vous pouvez v\u00e9rifier si le mat\u00e9riel s\u00e9lectionn\u00e9 est adapt\u00e9 ou non<\/strong>. Cela vous permet de mieux appr\u00e9hender vos besoins et de r\u00e9duire, voire d&rsquo;\u00e9liminer totalement, les co\u00fbts li\u00e9s aux erreurs de livraison (temps perdu, consommation de carburant inutile). Un choix optimis\u00e9 et efficace, limite donc fortement les risques de dysfonctionnement, mais aussi son impact environnemental. <\/p>\n<\/div>\n\n<div class=\"container\">\n<h2 class=\"wp-block-heading\" id=\"h-my-riwal-rental-l-application-mobile-au-service-du-developpement-durable\">MY RIWAL RENTAL, L&rsquo;APPLICATION MOBILE AU SERVICE DU D\u00c9VELOPPEMENT DURABLE<\/h2>\n<\/div>\n\n<div class=\"container\">\n<p>Notre application mobile My Riwal Rental est un outil qui combine l&rsquo;espace client My Riwal et la technologie BIM. En effet, elle donne acc\u00e8s \u00e0 son espace client sur son smartphone, partout et \u00e0 tout moment, et permet d&rsquo;optimiser ses locations gr\u00e2ce \u00e0 la r\u00e9alit\u00e9 augment\u00e9e. Aec la r\u00e9alit\u00e9 augment\u00e9e, il est possible de visualiser nos nacelles \u00e9l\u00e9vatrices en situation r\u00e9elle gr\u00e2ce \u00e0 la 3D. <strong>D\u00e9velopp\u00e9 dans le but d&rsquo;optimiser et de faciliter la prise d\u00e9cision, cet outil permet de choisir en toute confiance le mat\u00e9riel d&rsquo;\u00e9l\u00e9vation le plus adapt\u00e9 \u00e0 son projet. <\/strong><\/p>\n<\/div>\n\n<div class=\"container\">\n<p>Ainsi, en vous permettant d&rsquo;anticiper les besoins de votre projet, My Riwal, la technologie BIM et notre application mobile My Riwal Rental, vous aide \u00e0 mieux pr\u00e9parer et optimiser vos locations, tout en agissant sur votre impact environnemental. <\/p>\n<\/div>","protected":false},"excerpt":{"rendered":"<p>R\u00c9DUISEZ VOTRE IMPACT ENVIRONNEMENTAL AVEC MY RIWAL L&rsquo;espace client My Riwal a \u00e9t\u00e9 cr\u00e9\u00e9 dans le but de simplifier les locations de nacelles \u00e9l\u00e9vatrices et de chariots t\u00e9lescopiques de nos clients : oui, mais pas seulement. My Riwal est une plateforme digitale o\u00f9 le client peut trouver un aper\u00e7u tr\u00e8s d\u00e9taill\u00e9, en temps r\u00e9el, de &hellip; <a href=\"https:\/\/riwal-wpn.acceptatie.indicia-interactiv.nl\/fr\/expertise\/developpement-durable\/le-digital-au-service-du-developpement\/\">Voir plus<\/a><\/p>\n","protected":false},"author":51,"featured_media":0,"parent":3235,"menu_order":4,"comment_status":"closed","ping_status":"closed","template":"","meta":{"_acf_changed":false,"editor_notices":[],"footnotes":""},"class_list":["post-6057","page","type-page","status-publish","hentry"],"acf":[],"yoast_head":"<!-- This site is optimized with the Yoast SEO Premium plugin v27.1 (Yoast SEO v27.1.1) - https:\/\/yoast.com\/product\/yoast-seo-premium-wordpress\/ -->\n<title>Le digital au service du d\u00e9veloppement durable - Riwal - France<\/title>\n<meta name=\"robots\" content=\"noindex, follow, max-snippet:-1, max-image-preview:large, max-video-preview:-1\" \/>\n<meta property=\"og:locale\" content=\"fr_FR\" \/>\n<meta property=\"og:type\" content=\"article\" \/>\n<meta property=\"og:title\" content=\"Le digital au service du d\u00e9veloppement durable\" \/>\n<meta property=\"og:description\" content=\"R\u00c9DUISEZ VOTRE IMPACT ENVIRONNEMENTAL AVEC MY RIWAL L&rsquo;espace client My Riwal a \u00e9t\u00e9 cr\u00e9\u00e9 dans le but de simplifier les locations de nacelles \u00e9l\u00e9vatrices et de chariots t\u00e9lescopiques de nos clients : oui, mais pas seulement. My Riwal est une plateforme digitale o\u00f9 le client peut trouver un aper\u00e7u tr\u00e8s d\u00e9taill\u00e9, en temps r\u00e9el, de &hellip; Voir plus\" \/>\n<meta property=\"og:url\" content=\"https:\/\/riwal-wpn.acceptatie.indicia-interactiv.nl\/fr\/expertise\/developpement-durable\/le-digital-au-service-du-developpement\/\" \/>\n<meta property=\"og:site_name\" content=\"Riwal - France\" \/>\n<meta property=\"article:modified_time\" content=\"2024-01-24T10:03:15+00:00\" \/>\n<meta name=\"twitter:card\" content=\"summary_large_image\" \/>\n<meta name=\"twitter:label1\" content=\"Est. reading time\" \/>\n\t<meta name=\"twitter:data1\" content=\"4 minutes\" \/>\n<script type=\"application\/ld+json\" class=\"yoast-schema-graph\">{\"@context\":\"https:\/\/schema.org\",\"@graph\":[{\"@type\":\"WebPage\",\"@id\":\"https:\/\/riwal-wpn.acceptatie.indicia-interactiv.nl\/fr\/expertise\/developpement-durable\/le-digital-au-service-du-developpement\/\",\"url\":\"https:\/\/riwal-wpn.acceptatie.indicia-interactiv.nl\/fr\/expertise\/developpement-durable\/le-digital-au-service-du-developpement\/\",\"name\":\"Le digital au service du d\u00e9veloppement durable - Riwal - France\",\"isPartOf\":{\"@id\":\"https:\/\/riwal-wpn.acceptatie.indicia-interactiv.nl\/fr\/#website\"},\"datePublished\":\"2023-12-29T15:28:04+00:00\",\"dateModified\":\"2024-01-24T10:03:15+00:00\",\"breadcrumb\":{\"@id\":\"https:\/\/riwal-wpn.acceptatie.indicia-interactiv.nl\/fr\/expertise\/developpement-durable\/le-digital-au-service-du-developpement\/#breadcrumb\"},\"inLanguage\":\"fr-FR\",\"potentialAction\":[{\"@type\":\"ReadAction\",\"target\":[\"https:\/\/riwal-wpn.acceptatie.indicia-interactiv.nl\/fr\/expertise\/developpement-durable\/le-digital-au-service-du-developpement\/\"]}]},{\"@type\":\"BreadcrumbList\",\"@id\":\"https:\/\/riwal-wpn.acceptatie.indicia-interactiv.nl\/fr\/expertise\/developpement-durable\/le-digital-au-service-du-developpement\/#breadcrumb\",\"itemListElement\":[{\"@type\":\"ListItem\",\"position\":1,\"name\":\"Accueil\",\"item\":\"https:\/\/riwal-wpn.acceptatie.indicia-interactiv.nl\/fr\/\"},{\"@type\":\"ListItem\",\"position\":2,\"name\":\"Expertise\",\"item\":\"https:\/\/riwal-wpn.acceptatie.indicia-interactiv.nl\/fr\/expertise\/\"},{\"@type\":\"ListItem\",\"position\":3,\"name\":\"D\u00e9veloppement durable\",\"item\":\"https:\/\/riwal-wpn.acceptatie.indicia-interactiv.nl\/fr\/expertise\/developpement-durable\/\"},{\"@type\":\"ListItem\",\"position\":4,\"name\":\"Le digital au service du d\u00e9veloppement durable\"}]},{\"@type\":\"WebSite\",\"@id\":\"https:\/\/riwal-wpn.acceptatie.indicia-interactiv.nl\/fr\/#website\",\"url\":\"https:\/\/riwal-wpn.acceptatie.indicia-interactiv.nl\/fr\/\",\"name\":\"Riwal\",\"description\":\"Location nacelle \u00e9l\u00e9vatrice, formation CACES, vente nacelles - Riwal France\",\"publisher\":{\"@id\":\"https:\/\/riwal-wpn.acceptatie.indicia-interactiv.nl\/fr\/#organization\"},\"potentialAction\":[{\"@type\":\"SearchAction\",\"target\":{\"@type\":\"EntryPoint\",\"urlTemplate\":\"https:\/\/riwal-wpn.acceptatie.indicia-interactiv.nl\/fr\/?s={search_term_string}\"},\"query-input\":{\"@type\":\"PropertyValueSpecification\",\"valueRequired\":true,\"valueName\":\"search_term_string\"}}],\"inLanguage\":\"fr-FR\"},{\"@type\":\"Organization\",\"@id\":\"https:\/\/riwal-wpn.acceptatie.indicia-interactiv.nl\/fr\/#organization\",\"name\":\"Riwal\",\"url\":\"https:\/\/riwal-wpn.acceptatie.indicia-interactiv.nl\/fr\/\",\"logo\":{\"@type\":\"ImageObject\",\"inLanguage\":\"fr-FR\",\"@id\":\"https:\/\/riwal-wpn.acceptatie.indicia-interactiv.nl\/fr\/#\/schema\/logo\/image\/\",\"url\":\"\",\"contentUrl\":\"\",\"caption\":\"Riwal\"},\"image\":{\"@id\":\"https:\/\/riwal-wpn.acceptatie.indicia-interactiv.nl\/fr\/#\/schema\/logo\/image\/\"}}]}<\/script>\n<!-- \/ Yoast SEO Premium plugin. -->","yoast_head_json":{"title":"Le digital au service du d\u00e9veloppement durable - Riwal - France","robots":{"index":"noindex","follow":"follow","max-snippet":"max-snippet:-1","max-image-preview":"max-image-preview:large","max-video-preview":"max-video-preview:-1"},"og_locale":"fr_FR","og_type":"article","og_title":"Le digital au service du d\u00e9veloppement durable","og_description":"R\u00c9DUISEZ VOTRE IMPACT ENVIRONNEMENTAL AVEC MY RIWAL L&rsquo;espace client My Riwal a \u00e9t\u00e9 cr\u00e9\u00e9 dans le but de simplifier les locations de nacelles \u00e9l\u00e9vatrices et de chariots t\u00e9lescopiques de nos clients : oui, mais pas seulement. My Riwal est une plateforme digitale o\u00f9 le client peut trouver un aper\u00e7u tr\u00e8s d\u00e9taill\u00e9, en temps r\u00e9el, de &hellip; Voir plus","og_url":"https:\/\/riwal-wpn.acceptatie.indicia-interactiv.nl\/fr\/expertise\/developpement-durable\/le-digital-au-service-du-developpement\/","og_site_name":"Riwal - France","article_modified_time":"2024-01-24T10:03:15+00:00","twitter_card":"summary_large_image","twitter_misc":{"Est. reading time":"4 minutes"},"schema":{"@context":"https:\/\/schema.org","@graph":[{"@type":"WebPage","@id":"https:\/\/riwal-wpn.acceptatie.indicia-interactiv.nl\/fr\/expertise\/developpement-durable\/le-digital-au-service-du-developpement\/","url":"https:\/\/riwal-wpn.acceptatie.indicia-interactiv.nl\/fr\/expertise\/developpement-durable\/le-digital-au-service-du-developpement\/","name":"Le digital au service du d\u00e9veloppement durable - Riwal - France","isPartOf":{"@id":"https:\/\/riwal-wpn.acceptatie.indicia-interactiv.nl\/fr\/#website"},"datePublished":"2023-12-29T15:28:04+00:00","dateModified":"2024-01-24T10:03:15+00:00","breadcrumb":{"@id":"https:\/\/riwal-wpn.acceptatie.indicia-interactiv.nl\/fr\/expertise\/developpement-durable\/le-digital-au-service-du-developpement\/#breadcrumb"},"inLanguage":"fr-FR","potentialAction":[{"@type":"ReadAction","target":["https:\/\/riwal-wpn.acceptatie.indicia-interactiv.nl\/fr\/expertise\/developpement-durable\/le-digital-au-service-du-developpement\/"]}]},{"@type":"BreadcrumbList","@id":"https:\/\/riwal-wpn.acceptatie.indicia-interactiv.nl\/fr\/expertise\/developpement-durable\/le-digital-au-service-du-developpement\/#breadcrumb","itemListElement":[{"@type":"ListItem","position":1,"name":"Accueil","item":"https:\/\/riwal-wpn.acceptatie.indicia-interactiv.nl\/fr\/"},{"@type":"ListItem","position":2,"name":"Expertise","item":"https:\/\/riwal-wpn.acceptatie.indicia-interactiv.nl\/fr\/expertise\/"},{"@type":"ListItem","position":3,"name":"D\u00e9veloppement durable","item":"https:\/\/riwal-wpn.acceptatie.indicia-interactiv.nl\/fr\/expertise\/developpement-durable\/"},{"@type":"ListItem","position":4,"name":"Le digital au service du d\u00e9veloppement durable"}]},{"@type":"WebSite","@id":"https:\/\/riwal-wpn.acceptatie.indicia-interactiv.nl\/fr\/#website","url":"https:\/\/riwal-wpn.acceptatie.indicia-interactiv.nl\/fr\/","name":"Riwal","description":"Location nacelle \u00e9l\u00e9vatrice, formation CACES, vente nacelles - Riwal France","publisher":{"@id":"https:\/\/riwal-wpn.acceptatie.indicia-interactiv.nl\/fr\/#organization"},"potentialAction":[{"@type":"SearchAction","target":{"@type":"EntryPoint","urlTemplate":"https:\/\/riwal-wpn.acceptatie.indicia-interactiv.nl\/fr\/?s={search_term_string}"},"query-input":{"@type":"PropertyValueSpecification","valueRequired":true,"valueName":"search_term_string"}}],"inLanguage":"fr-FR"},{"@type":"Organization","@id":"https:\/\/riwal-wpn.acceptatie.indicia-interactiv.nl\/fr\/#organization","name":"Riwal","url":"https:\/\/riwal-wpn.acceptatie.indicia-interactiv.nl\/fr\/","logo":{"@type":"ImageObject","inLanguage":"fr-FR","@id":"https:\/\/riwal-wpn.acceptatie.indicia-interactiv.nl\/fr\/#\/schema\/logo\/image\/","url":"","contentUrl":"","caption":"Riwal"},"image":{"@id":"https:\/\/riwal-wpn.acceptatie.indicia-interactiv.nl\/fr\/#\/schema\/logo\/image\/"}}]}},"_links":{"self":[{"href":"https:\/\/riwal-wpn.acceptatie.indicia-interactiv.nl\/fr\/wp-json\/wp\/v2\/pages\/6057","targetHints":{"allow":["GET"]}}],"collection":[{"href":"https:\/\/riwal-wpn.acceptatie.indicia-interactiv.nl\/fr\/wp-json\/wp\/v2\/pages"}],"about":[{"href":"https:\/\/riwal-wpn.acceptatie.indicia-interactiv.nl\/fr\/wp-json\/wp\/v2\/types\/page"}],"author":[{"embeddable":true,"href":"https:\/\/riwal-wpn.acceptatie.indicia-interactiv.nl\/fr\/wp-json\/wp\/v2\/users\/51"}],"replies":[{"embeddable":true,"href":"https:\/\/riwal-wpn.acceptatie.indicia-interactiv.nl\/fr\/wp-json\/wp\/v2\/comments?post=6057"}],"version-history":[{"count":7,"href":"https:\/\/riwal-wpn.acceptatie.indicia-interactiv.nl\/fr\/wp-json\/wp\/v2\/pages\/6057\/revisions"}],"predecessor-version":[{"id":6184,"href":"https:\/\/riwal-wpn.acceptatie.indicia-interactiv.nl\/fr\/wp-json\/wp\/v2\/pages\/6057\/revisions\/6184"}],"up":[{"embeddable":true,"href":"https:\/\/riwal-wpn.acceptatie.indicia-interactiv.nl\/fr\/wp-json\/wp\/v2\/pages\/3235"}],"wp:attachment":[{"href":"https:\/\/riwal-wpn.acceptatie.indicia-interactiv.nl\/fr\/wp-json\/wp\/v2\/media?parent=6057"}],"curies":[{"name":"wp","href":"https:\/\/api.w.org\/{rel}","templated":true}]}}