{"id":3140,"date":"2023-09-14T21:57:47","date_gmt":"2023-09-14T21:57:47","guid":{"rendered":"https:\/\/riwal-wpn.acceptatie.indicia-interactiv.nl\/hr\/?page_id=3140"},"modified":"2024-02-03T20:15:40","modified_gmt":"2024-02-03T20:15:40","slug":"obuka-za-siguran-rad","status":"publish","type":"page","link":"https:\/\/riwal-wpn.acceptatie.indicia-interactiv.nl\/hr\/obuka-za-siguran-rad\/","title":{"rendered":"Obuka"},"content":{"rendered":"<div class=\"container\">\n<h2 class=\"wp-block-heading\" id=\"h-obuka-za-siguran-rad-na-visini\">Obuka za siguran rad na visini<\/h2>\n<\/div>\n\n<div class=\"rental-wp-default-block rental-theme-block-default-margin\">\n\t\t\t\t\t\t\t\t<div class=\"container\">\n<div class=\"wp-block-columns is-layout-flex wp-container-core-columns-is-layout-28f84493 wp-block-columns-is-layout-flex\">\n<div class=\"wp-block-column is-layout-flow wp-block-column-is-layout-flow\" style=\"flex-basis:66.66%\">\n<h2 class=\"wp-block-heading\">Sigurnost rada na visini je na prvom mjestu<\/h2>\n\n\n\n<p><strong>Osposobljavanje zaposlenika za&nbsp; siguran rad na visini je prema Zakonu o sigurnosti i zdravlja na radu i Pravilnikom o zdravlju i sigurnosti kod kori\u0161tenju radne opreme obavezno.<\/strong><\/p>\n\n\n\n<p>Sigurno obavljanje poslova na visini &nbsp;je bitno za vas i va\u0161e zaposlenike. Prema&nbsp;<strong>Zakonu o sigurnosti i zdravlju na radu \u2013Zakona o za\u0161titi na radu (. NN 71\/2014)<\/strong>, poslodavac mora radnika osposobiti za sigurno obavljanje poslova pri sklapanju radnog odnosa, prije nego \u0161to mu je &nbsp;dodijeljen drugi posao ili je do\u0161lo do promjene u procesu rada, \u0161to mo\u017ee uzrokovati &nbsp;promjenu sigurnosti na radu i prije uvo\u0111enja nove tehnologije i novih sredstava za rad.<\/p>\n\n\n\n<p>Pravilnik o zdravlju i sigurnosti u kori\u0161tenju radne opreme (NN 39\/2006)&nbsp; dodaje da u slu\u010dajevima gdje&nbsp; uporaba radne opreme predstavlja rizik od povrede ili povrede zdravlja ili o\u0161te\u0107enja, poslodavac je du\u017ean poduzeti mjere kako bi se osiguralo da takvu radnu opremu koriste samo radnici koji su osposobljeni za njezinu uporabu.Pravilnik o poslovima s posebnim uvjetima rada (NN 5\/1984).<\/p>\n\n\n\n<p>Poslodavac mora osposobiti zaposlenike o pravilnom i sigurnom kori\u0161tenju radne opreme s &nbsp;aspekta teoretske i prakti\u010dne nastave, kao i \u0161iriti informacije o opasnostima koje mogu nastati prilikom kori\u0161tenja takve opreme.<\/p>\n\n\n\n<p><strong>Riwal, koji nudi najam i prodaju podiznih platformi, ko\u0161ara i teleskopskih vili\u010dara, svjestan je va\u017enosti sigurnog rada sa strojevima na visini. Kao rezultat toga, vi i va\u0161i zaposlenici dobivate svu potrebnu obuku za&nbsp;&nbsp;rad u autoko\u0161ari, na podiznoj platformi, vili\u010daru i dr.CIJENA OSPOSOBLJAVANJA ZA RUKOVATELJA PODIZNOM PLATFORMOM ILI VILI\u010cAREM JE 84,94 EUR + PDV.&nbsp;<br>Za rezervaciju obuke kroz web stranicu ostvaruje se 10% popusta.<\/strong><\/p>\n\n\n\n<figure class=\"wp-block-image size-full\"><img loading=\"lazy\" decoding=\"async\" width=\"600\" height=\"300\" src=\"https:\/\/riwal-wpn.acceptatie.indicia-interactiv.nl\/app\/uploads\/sites\/11\/2023\/09\/Varovalna-oprema-teaser.webp\" alt=\"\" class=\"wp-image-3141\" srcset=\"https:\/\/riwal-wpn.acceptatie.indicia-interactiv.nl\/app\/uploads\/sites\/11\/2023\/09\/Varovalna-oprema-teaser.webp 600w, https:\/\/riwal-wpn.acceptatie.indicia-interactiv.nl\/app\/uploads\/sites\/11\/2023\/09\/Varovalna-oprema-teaser-300x150.webp 300w, https:\/\/riwal-wpn.acceptatie.indicia-interactiv.nl\/app\/uploads\/sites\/11\/2023\/09\/Varovalna-oprema-teaser-178x89.webp 178w, https:\/\/riwal-wpn.acceptatie.indicia-interactiv.nl\/app\/uploads\/sites\/11\/2023\/09\/Varovalna-oprema-teaser-390x195.webp 390w, https:\/\/riwal-wpn.acceptatie.indicia-interactiv.nl\/app\/uploads\/sites\/11\/2023\/09\/Varovalna-oprema-teaser-250x125.webp 250w\" sizes=\"auto, (max-width: 600px) 100vw, 600px\" \/><\/figure>\n\n\n\n<div class=\"wp-block-buttons is-layout-flex wp-block-buttons-is-layout-flex\">\n<div class=\"wp-block-button\"><a class=\"wp-block-button__link wp-element-button\" href=\"https:\/\/riwal-wpn.acceptatie.indicia-interactiv.nl\/hr\/zastitna-oprema\/\">Kupnja za\u0161titne opreme za rad na visini<\/a><\/div>\n<\/div>\n<\/div>\n\n\n\n<div class=\"wp-block-column is-layout-flow wp-block-column-is-layout-flow\" style=\"flex-basis:33.33%\"><\/div>\n<\/div>\n<\/div>\n\t\t\t\t\t\t\t<\/div> ","protected":false},"excerpt":{"rendered":"<p>Obuka za siguran rad na visini Sigurnost rada na visini je na prvom mjestu Osposobljavanje zaposlenika za&nbsp; siguran rad na visini je prema Zakonu o sigurnosti i zdravlja na radu i Pravilnikom o zdravlju i sigurnosti kod kori\u0161tenju radne opreme obavezno. Sigurno obavljanje poslova na visini &nbsp;je bitno za vas i va\u0161e zaposlenike. Prema&nbsp;Zakonu o &hellip; <a href=\"https:\/\/riwal-wpn.acceptatie.indicia-interactiv.nl\/hr\/obuka-za-siguran-rad\/\">Nastavak<\/a><\/p>\n","protected":false},"author":45,"featured_media":0,"parent":0,"menu_order":0,"comment_status":"closed","ping_status":"closed","template":"","meta":{"_acf_changed":false,"editor_notices":[],"footnotes":""},"class_list":["post-3140","page","type-page","status-publish","hentry"],"acf":[],"yoast_head":"<!-- This site is optimized with the Yoast SEO Premium plugin v27.1 (Yoast SEO v27.1.1) - https:\/\/yoast.com\/product\/yoast-seo-premium-wordpress\/ -->\n<title>Obuka za siguran rad na visini - Riwal Hrvatska<\/title>\n<meta name=\"description\" content=\"Osposobljavanje zaposlenika za siguran rad na visini je prema Zakonu o sigurnosti i zdravlja na radu i Pravilnikom o zdravlju i sigurnosti kod kori\u0161tenju radne opreme obavezno.\" \/>\n<meta name=\"robots\" content=\"noindex, follow, max-snippet:-1, max-image-preview:large, max-video-preview:-1\" \/>\n<meta property=\"og:locale\" content=\"hr_HR\" \/>\n<meta property=\"og:type\" content=\"article\" \/>\n<meta property=\"og:title\" content=\"Obuka\" \/>\n<meta property=\"og:description\" content=\"Osposobljavanje zaposlenika za siguran rad na visini je prema Zakonu o sigurnosti i zdravlja na radu i Pravilnikom o zdravlju i sigurnosti kod kori\u0161tenju radne opreme obavezno.\" \/>\n<meta property=\"og:url\" content=\"https:\/\/riwal-wpn.acceptatie.indicia-interactiv.nl\/hr\/obuka-za-siguran-rad\/\" \/>\n<meta property=\"og:site_name\" content=\"Riwal Hrvatska\" \/>\n<meta property=\"article:modified_time\" content=\"2024-02-03T20:15:40+00:00\" \/>\n<meta property=\"og:image\" content=\"https:\/\/riwal-wpn.acceptatie.indicia-interactiv.nl\/app\/uploads\/sites\/11\/2023\/09\/Varovalna-oprema-teaser.webp\" \/>\n<meta name=\"twitter:card\" content=\"summary_large_image\" \/>\n<meta name=\"twitter:label1\" content=\"Est. reading time\" \/>\n\t<meta name=\"twitter:data1\" content=\"2 minute\" \/>\n<script type=\"application\/ld+json\" class=\"yoast-schema-graph\">{\"@context\":\"https:\/\/schema.org\",\"@graph\":[{\"@type\":\"WebPage\",\"@id\":\"https:\/\/riwal-wpn.acceptatie.indicia-interactiv.nl\/hr\/obuka-za-siguran-rad\/\",\"url\":\"https:\/\/riwal-wpn.acceptatie.indicia-interactiv.nl\/hr\/obuka-za-siguran-rad\/\",\"name\":\"Obuka za siguran rad na visini - Riwal Hrvatska\",\"isPartOf\":{\"@id\":\"https:\/\/riwal-wpn.acceptatie.indicia-interactiv.nl\/hr\/#website\"},\"primaryImageOfPage\":{\"@id\":\"https:\/\/riwal-wpn.acceptatie.indicia-interactiv.nl\/hr\/obuka-za-siguran-rad\/#primaryimage\"},\"image\":{\"@id\":\"https:\/\/riwal-wpn.acceptatie.indicia-interactiv.nl\/hr\/obuka-za-siguran-rad\/#primaryimage\"},\"thumbnailUrl\":\"https:\/\/riwal-wpn.acceptatie.indicia-interactiv.nl\/app\/uploads\/sites\/11\/2023\/09\/Varovalna-oprema-teaser.webp\",\"datePublished\":\"2023-09-14T21:57:47+00:00\",\"dateModified\":\"2024-02-03T20:15:40+00:00\",\"description\":\"Osposobljavanje zaposlenika za siguran rad na visini je prema Zakonu o sigurnosti i zdravlja na radu i Pravilnikom o zdravlju i sigurnosti kod kori\u0161tenju radne opreme obavezno.\",\"breadcrumb\":{\"@id\":\"https:\/\/riwal-wpn.acceptatie.indicia-interactiv.nl\/hr\/obuka-za-siguran-rad\/#breadcrumb\"},\"inLanguage\":\"hr\",\"potentialAction\":[{\"@type\":\"ReadAction\",\"target\":[\"https:\/\/riwal-wpn.acceptatie.indicia-interactiv.nl\/hr\/obuka-za-siguran-rad\/\"]}]},{\"@type\":\"ImageObject\",\"inLanguage\":\"hr\",\"@id\":\"https:\/\/riwal-wpn.acceptatie.indicia-interactiv.nl\/hr\/obuka-za-siguran-rad\/#primaryimage\",\"url\":\"https:\/\/riwal-wpn.acceptatie.indicia-interactiv.nl\/app\/uploads\/sites\/11\/2023\/09\/Varovalna-oprema-teaser.webp\",\"contentUrl\":\"https:\/\/riwal-wpn.acceptatie.indicia-interactiv.nl\/app\/uploads\/sites\/11\/2023\/09\/Varovalna-oprema-teaser.webp\"},{\"@type\":\"BreadcrumbList\",\"@id\":\"https:\/\/riwal-wpn.acceptatie.indicia-interactiv.nl\/hr\/obuka-za-siguran-rad\/#breadcrumb\",\"itemListElement\":[{\"@type\":\"ListItem\",\"position\":1,\"name\":\"Doma\",\"item\":\"https:\/\/riwal-wpn.acceptatie.indicia-interactiv.nl\/hr\/\"},{\"@type\":\"ListItem\",\"position\":2,\"name\":\"Obuka\"}]},{\"@type\":\"WebSite\",\"@id\":\"https:\/\/riwal-wpn.acceptatie.indicia-interactiv.nl\/hr\/#website\",\"url\":\"https:\/\/riwal-wpn.acceptatie.indicia-interactiv.nl\/hr\/\",\"name\":\"Riwal\",\"description\":\"Arial work platform &amp; Telehandler Rental\/Sales\",\"publisher\":{\"@id\":\"https:\/\/riwal-wpn.acceptatie.indicia-interactiv.nl\/hr\/#organization\"},\"potentialAction\":[{\"@type\":\"SearchAction\",\"target\":{\"@type\":\"EntryPoint\",\"urlTemplate\":\"https:\/\/riwal-wpn.acceptatie.indicia-interactiv.nl\/hr\/?s={search_term_string}\"},\"query-input\":{\"@type\":\"PropertyValueSpecification\",\"valueRequired\":true,\"valueName\":\"search_term_string\"}}],\"inLanguage\":\"hr\"},{\"@type\":\"Organization\",\"@id\":\"https:\/\/riwal-wpn.acceptatie.indicia-interactiv.nl\/hr\/#organization\",\"name\":\"Riwal\",\"url\":\"https:\/\/riwal-wpn.acceptatie.indicia-interactiv.nl\/hr\/\",\"logo\":{\"@type\":\"ImageObject\",\"inLanguage\":\"hr\",\"@id\":\"https:\/\/riwal-wpn.acceptatie.indicia-interactiv.nl\/hr\/#\/schema\/logo\/image\/\",\"url\":\"\",\"contentUrl\":\"\",\"caption\":\"Riwal\"},\"image\":{\"@id\":\"https:\/\/riwal-wpn.acceptatie.indicia-interactiv.nl\/hr\/#\/schema\/logo\/image\/\"}}]}<\/script>\n<!-- \/ Yoast SEO Premium plugin. -->","yoast_head_json":{"title":"Obuka za siguran rad na visini - Riwal Hrvatska","description":"Osposobljavanje zaposlenika za siguran rad na visini je prema Zakonu o sigurnosti i zdravlja na radu i Pravilnikom o zdravlju i sigurnosti kod kori\u0161tenju radne opreme obavezno.","robots":{"index":"noindex","follow":"follow","max-snippet":"max-snippet:-1","max-image-preview":"max-image-preview:large","max-video-preview":"max-video-preview:-1"},"og_locale":"hr_HR","og_type":"article","og_title":"Obuka","og_description":"Osposobljavanje zaposlenika za siguran rad na visini je prema Zakonu o sigurnosti i zdravlja na radu i Pravilnikom o zdravlju i sigurnosti kod kori\u0161tenju radne opreme obavezno.","og_url":"https:\/\/riwal-wpn.acceptatie.indicia-interactiv.nl\/hr\/obuka-za-siguran-rad\/","og_site_name":"Riwal Hrvatska","article_modified_time":"2024-02-03T20:15:40+00:00","og_image":[{"url":"https:\/\/riwal-wpn.acceptatie.indicia-interactiv.nl\/app\/uploads\/sites\/11\/2023\/09\/Varovalna-oprema-teaser.webp","type":"","width":"","height":""}],"twitter_card":"summary_large_image","twitter_misc":{"Est. reading time":"2 minute"},"schema":{"@context":"https:\/\/schema.org","@graph":[{"@type":"WebPage","@id":"https:\/\/riwal-wpn.acceptatie.indicia-interactiv.nl\/hr\/obuka-za-siguran-rad\/","url":"https:\/\/riwal-wpn.acceptatie.indicia-interactiv.nl\/hr\/obuka-za-siguran-rad\/","name":"Obuka za siguran rad na visini - Riwal Hrvatska","isPartOf":{"@id":"https:\/\/riwal-wpn.acceptatie.indicia-interactiv.nl\/hr\/#website"},"primaryImageOfPage":{"@id":"https:\/\/riwal-wpn.acceptatie.indicia-interactiv.nl\/hr\/obuka-za-siguran-rad\/#primaryimage"},"image":{"@id":"https:\/\/riwal-wpn.acceptatie.indicia-interactiv.nl\/hr\/obuka-za-siguran-rad\/#primaryimage"},"thumbnailUrl":"https:\/\/riwal-wpn.acceptatie.indicia-interactiv.nl\/app\/uploads\/sites\/11\/2023\/09\/Varovalna-oprema-teaser.webp","datePublished":"2023-09-14T21:57:47+00:00","dateModified":"2024-02-03T20:15:40+00:00","description":"Osposobljavanje zaposlenika za siguran rad na visini je prema Zakonu o sigurnosti i zdravlja na radu i Pravilnikom o zdravlju i sigurnosti kod kori\u0161tenju radne opreme obavezno.","breadcrumb":{"@id":"https:\/\/riwal-wpn.acceptatie.indicia-interactiv.nl\/hr\/obuka-za-siguran-rad\/#breadcrumb"},"inLanguage":"hr","potentialAction":[{"@type":"ReadAction","target":["https:\/\/riwal-wpn.acceptatie.indicia-interactiv.nl\/hr\/obuka-za-siguran-rad\/"]}]},{"@type":"ImageObject","inLanguage":"hr","@id":"https:\/\/riwal-wpn.acceptatie.indicia-interactiv.nl\/hr\/obuka-za-siguran-rad\/#primaryimage","url":"https:\/\/riwal-wpn.acceptatie.indicia-interactiv.nl\/app\/uploads\/sites\/11\/2023\/09\/Varovalna-oprema-teaser.webp","contentUrl":"https:\/\/riwal-wpn.acceptatie.indicia-interactiv.nl\/app\/uploads\/sites\/11\/2023\/09\/Varovalna-oprema-teaser.webp"},{"@type":"BreadcrumbList","@id":"https:\/\/riwal-wpn.acceptatie.indicia-interactiv.nl\/hr\/obuka-za-siguran-rad\/#breadcrumb","itemListElement":[{"@type":"ListItem","position":1,"name":"Doma","item":"https:\/\/riwal-wpn.acceptatie.indicia-interactiv.nl\/hr\/"},{"@type":"ListItem","position":2,"name":"Obuka"}]},{"@type":"WebSite","@id":"https:\/\/riwal-wpn.acceptatie.indicia-interactiv.nl\/hr\/#website","url":"https:\/\/riwal-wpn.acceptatie.indicia-interactiv.nl\/hr\/","name":"Riwal","description":"Arial work platform &amp; Telehandler Rental\/Sales","publisher":{"@id":"https:\/\/riwal-wpn.acceptatie.indicia-interactiv.nl\/hr\/#organization"},"potentialAction":[{"@type":"SearchAction","target":{"@type":"EntryPoint","urlTemplate":"https:\/\/riwal-wpn.acceptatie.indicia-interactiv.nl\/hr\/?s={search_term_string}"},"query-input":{"@type":"PropertyValueSpecification","valueRequired":true,"valueName":"search_term_string"}}],"inLanguage":"hr"},{"@type":"Organization","@id":"https:\/\/riwal-wpn.acceptatie.indicia-interactiv.nl\/hr\/#organization","name":"Riwal","url":"https:\/\/riwal-wpn.acceptatie.indicia-interactiv.nl\/hr\/","logo":{"@type":"ImageObject","inLanguage":"hr","@id":"https:\/\/riwal-wpn.acceptatie.indicia-interactiv.nl\/hr\/#\/schema\/logo\/image\/","url":"","contentUrl":"","caption":"Riwal"},"image":{"@id":"https:\/\/riwal-wpn.acceptatie.indicia-interactiv.nl\/hr\/#\/schema\/logo\/image\/"}}]}},"_links":{"self":[{"href":"https:\/\/riwal-wpn.acceptatie.indicia-interactiv.nl\/hr\/wp-json\/wp\/v2\/pages\/3140","targetHints":{"allow":["GET"]}}],"collection":[{"href":"https:\/\/riwal-wpn.acceptatie.indicia-interactiv.nl\/hr\/wp-json\/wp\/v2\/pages"}],"about":[{"href":"https:\/\/riwal-wpn.acceptatie.indicia-interactiv.nl\/hr\/wp-json\/wp\/v2\/types\/page"}],"author":[{"embeddable":true,"href":"https:\/\/riwal-wpn.acceptatie.indicia-interactiv.nl\/hr\/wp-json\/wp\/v2\/users\/45"}],"replies":[{"embeddable":true,"href":"https:\/\/riwal-wpn.acceptatie.indicia-interactiv.nl\/hr\/wp-json\/wp\/v2\/comments?post=3140"}],"version-history":[{"count":2,"href":"https:\/\/riwal-wpn.acceptatie.indicia-interactiv.nl\/hr\/wp-json\/wp\/v2\/pages\/3140\/revisions"}],"predecessor-version":[{"id":4818,"href":"https:\/\/riwal-wpn.acceptatie.indicia-interactiv.nl\/hr\/wp-json\/wp\/v2\/pages\/3140\/revisions\/4818"}],"wp:attachment":[{"href":"https:\/\/riwal-wpn.acceptatie.indicia-interactiv.nl\/hr\/wp-json\/wp\/v2\/media?parent=3140"}],"curies":[{"name":"wp","href":"https:\/\/api.w.org\/{rel}","templated":true}]}}