{"id":3187,"date":"2023-09-16T10:29:02","date_gmt":"2023-09-16T10:29:02","guid":{"rendered":"https:\/\/riwal-wpn.acceptatie.indicia-interactiv.nl\/hr\/?page_id=3187"},"modified":"2024-02-03T21:00:41","modified_gmt":"2024-02-03T21:00:41","slug":"gospodarske-grane","status":"publish","type":"page","link":"https:\/\/riwal-wpn.acceptatie.indicia-interactiv.nl\/hr\/strucnost\/gospodarske-grane\/","title":{"rendered":"Gospodarske grane"},"content":{"rendered":"<div class=\"container\">\n<h2 class=\"wp-block-heading has-text-align-center\" id=\"h-gospodarske-grane\">GOSPODARSKE GRANE<\/h2>\n<\/div>\n\n<div class=\"container\">\n<p class=\"has-text-align-center\">Pro\u010ditajte vi\u0161e o svojoj industriji.<\/p>\n<\/div>\n\n<div class=\"rental-wp-default-block rental-theme-block-default-margin\">\n\t\t\t\t\t\t\t\t<div class=\"container\">\n<div class=\"wp-block-columns is-layout-flex wp-container-core-columns-is-layout-28f84493 wp-block-columns-is-layout-flex\">\n<div class=\"wp-block-column is-layout-flow wp-block-column-is-layout-flow\">\n<h2 class=\"wp-block-heading\" id=\"h-ciscenje\">\u010ci\u0161\u010denje<\/h2>\n<\/div>\n\n\n\n<div class=\"wp-block-column is-layout-flow wp-block-column-is-layout-flow\">\n<h2 class=\"wp-block-heading\" id=\"h-graditeljstvo\">Graditeljstvo<\/h2>\n<\/div>\n\n\n\n<div class=\"wp-block-column is-layout-flow wp-block-column-is-layout-flow\">\n<h2 class=\"wp-block-heading\" id=\"h-logistika-i-skladistenje\">Logistika i skladi\u0161tenje<\/h2>\n<\/div>\n<\/div>\n<\/div>\n\t\t\t\t\t\t\t<\/div> \n\n<div class=\"rental-wp-default-block rental-theme-block-default-margin\">\n\t\t\t\t\t\t\t\t<div class=\"container\">\n<div class=\"wp-block-columns is-layout-flex wp-container-core-columns-is-layout-28f84493 wp-block-columns-is-layout-flex\">\n<div class=\"wp-block-column is-layout-flow wp-block-column-is-layout-flow\">\n<figure class=\"wp-block-image size-full\"><img loading=\"lazy\" decoding=\"async\" width=\"600\" height=\"300\" src=\"https:\/\/riwal-wpn.acceptatie.indicia-interactiv.nl\/app\/uploads\/sites\/11\/2023\/09\/Ciscenje-teas.webp\" alt=\"\" class=\"wp-image-3191\" srcset=\"https:\/\/riwal-wpn.acceptatie.indicia-interactiv.nl\/app\/uploads\/sites\/11\/2023\/09\/Ciscenje-teas.webp 600w, https:\/\/riwal-wpn.acceptatie.indicia-interactiv.nl\/app\/uploads\/sites\/11\/2023\/09\/Ciscenje-teas-300x150.webp 300w, https:\/\/riwal-wpn.acceptatie.indicia-interactiv.nl\/app\/uploads\/sites\/11\/2023\/09\/Ciscenje-teas-178x89.webp 178w, https:\/\/riwal-wpn.acceptatie.indicia-interactiv.nl\/app\/uploads\/sites\/11\/2023\/09\/Ciscenje-teas-390x195.webp 390w, https:\/\/riwal-wpn.acceptatie.indicia-interactiv.nl\/app\/uploads\/sites\/11\/2023\/09\/Ciscenje-teas-250x125.webp 250w\" sizes=\"auto, (max-width: 600px) 100vw, 600px\" \/><\/figure>\n\n\n\n<div class=\"wp-block-buttons is-layout-flex wp-block-buttons-is-layout-flex\">\n<div class=\"wp-block-button\"><a class=\"wp-block-button__link wp-element-button\" href=\"https:\/\/riwal-wpn.acceptatie.indicia-interactiv.nl\/hr\/strucnost\/gospodarske-grane\/ciscenje\/\">Saznaj vi\u0161e<\/a><\/div>\n<\/div>\n<\/div>\n\n\n\n<div class=\"wp-block-column is-layout-flow wp-block-column-is-layout-flow\">\n<figure class=\"wp-block-image size-full\"><img loading=\"lazy\" decoding=\"async\" width=\"600\" height=\"300\" src=\"https:\/\/riwal-wpn.acceptatie.indicia-interactiv.nl\/app\/uploads\/sites\/11\/2023\/09\/Gradnja-teas.webp\" alt=\"\" class=\"wp-image-3192\" srcset=\"https:\/\/riwal-wpn.acceptatie.indicia-interactiv.nl\/app\/uploads\/sites\/11\/2023\/09\/Gradnja-teas.webp 600w, https:\/\/riwal-wpn.acceptatie.indicia-interactiv.nl\/app\/uploads\/sites\/11\/2023\/09\/Gradnja-teas-300x150.webp 300w, https:\/\/riwal-wpn.acceptatie.indicia-interactiv.nl\/app\/uploads\/sites\/11\/2023\/09\/Gradnja-teas-178x89.webp 178w, https:\/\/riwal-wpn.acceptatie.indicia-interactiv.nl\/app\/uploads\/sites\/11\/2023\/09\/Gradnja-teas-390x195.webp 390w, https:\/\/riwal-wpn.acceptatie.indicia-interactiv.nl\/app\/uploads\/sites\/11\/2023\/09\/Gradnja-teas-250x125.webp 250w\" sizes=\"auto, (max-width: 600px) 100vw, 600px\" \/><\/figure>\n\n\n\n<div class=\"wp-block-buttons is-layout-flex wp-block-buttons-is-layout-flex\">\n<div class=\"wp-block-button\"><a class=\"wp-block-button__link wp-element-button\" href=\"https:\/\/riwal-wpn.acceptatie.indicia-interactiv.nl\/hr\/strucnost\/gospodarske-grane\/graditeljstvo\/\">Saznaj vi\u0161e<\/a><\/div>\n<\/div>\n<\/div>\n\n\n\n<div class=\"wp-block-column is-layout-flow wp-block-column-is-layout-flow\">\n<figure class=\"wp-block-image size-full\"><img loading=\"lazy\" decoding=\"async\" width=\"600\" height=\"300\" src=\"https:\/\/riwal-wpn.acceptatie.indicia-interactiv.nl\/app\/uploads\/sites\/11\/2023\/09\/Logist-teas.webp\" alt=\"\" class=\"wp-image-3193\" srcset=\"https:\/\/riwal-wpn.acceptatie.indicia-interactiv.nl\/app\/uploads\/sites\/11\/2023\/09\/Logist-teas.webp 600w, https:\/\/riwal-wpn.acceptatie.indicia-interactiv.nl\/app\/uploads\/sites\/11\/2023\/09\/Logist-teas-300x150.webp 300w, https:\/\/riwal-wpn.acceptatie.indicia-interactiv.nl\/app\/uploads\/sites\/11\/2023\/09\/Logist-teas-178x89.webp 178w, https:\/\/riwal-wpn.acceptatie.indicia-interactiv.nl\/app\/uploads\/sites\/11\/2023\/09\/Logist-teas-390x195.webp 390w, https:\/\/riwal-wpn.acceptatie.indicia-interactiv.nl\/app\/uploads\/sites\/11\/2023\/09\/Logist-teas-250x125.webp 250w\" sizes=\"auto, (max-width: 600px) 100vw, 600px\" \/><\/figure>\n\n\n\n<div class=\"wp-block-buttons is-layout-flex wp-block-buttons-is-layout-flex\">\n<div class=\"wp-block-button\"><a class=\"wp-block-button__link wp-element-button\" href=\"https:\/\/riwal-wpn.acceptatie.indicia-interactiv.nl\/hr\/strucnost\/gospodarske-grane\/logistika-i-skladistenje\/\">Saznaj vi\u0161e<\/a><\/div>\n<\/div>\n<\/div>\n<\/div>\n<\/div>\n\t\t\t\t\t\t\t<\/div> \n\n<div class=\"rental-wp-default-block rental-theme-block-default-margin\">\n\t\t\t\t\t\t\t\t<div class=\"container\">\n<div class=\"wp-block-columns is-layout-flex wp-container-core-columns-is-layout-28f84493 wp-block-columns-is-layout-flex\">\n<div class=\"wp-block-column is-layout-flow wp-block-column-is-layout-flow\">\n<h2 class=\"wp-block-heading\" id=\"h-licioci\">Li\u010dioci<\/h2>\n<\/div>\n\n\n\n<div class=\"wp-block-column is-layout-flow wp-block-column-is-layout-flow\">\n<h2 class=\"wp-block-heading\" id=\"h-dogadanja\">Doga\u0111anja<\/h2>\n<\/div>\n\n\n\n<div class=\"wp-block-column is-layout-flow wp-block-column-is-layout-flow\">\n<h2 class=\"wp-block-heading\" id=\"h-poljopriveda\">Poljopriveda<\/h2>\n<\/div>\n<\/div>\n<\/div>\n\t\t\t\t\t\t\t<\/div> \n\n<div class=\"rental-wp-default-block rental-theme-block-default-margin\">\n\t\t\t\t\t\t\t\t<div class=\"container\">\n<div class=\"wp-block-columns is-layout-flex wp-container-core-columns-is-layout-28f84493 wp-block-columns-is-layout-flex\">\n<div class=\"wp-block-column is-layout-flow wp-block-column-is-layout-flow\">\n<figure class=\"wp-block-image size-full\"><img loading=\"lazy\" decoding=\"async\" width=\"600\" height=\"300\" src=\"https:\/\/riwal-wpn.acceptatie.indicia-interactiv.nl\/app\/uploads\/sites\/11\/2023\/09\/Plesk-teas.webp\" alt=\"\" class=\"wp-image-3194\" srcset=\"https:\/\/riwal-wpn.acceptatie.indicia-interactiv.nl\/app\/uploads\/sites\/11\/2023\/09\/Plesk-teas.webp 600w, https:\/\/riwal-wpn.acceptatie.indicia-interactiv.nl\/app\/uploads\/sites\/11\/2023\/09\/Plesk-teas-300x150.webp 300w, https:\/\/riwal-wpn.acceptatie.indicia-interactiv.nl\/app\/uploads\/sites\/11\/2023\/09\/Plesk-teas-178x89.webp 178w, https:\/\/riwal-wpn.acceptatie.indicia-interactiv.nl\/app\/uploads\/sites\/11\/2023\/09\/Plesk-teas-390x195.webp 390w, https:\/\/riwal-wpn.acceptatie.indicia-interactiv.nl\/app\/uploads\/sites\/11\/2023\/09\/Plesk-teas-250x125.webp 250w\" sizes=\"auto, (max-width: 600px) 100vw, 600px\" \/><\/figure>\n\n\n\n<div class=\"wp-block-buttons is-layout-flex wp-block-buttons-is-layout-flex\">\n<div class=\"wp-block-button\"><a class=\"wp-block-button__link wp-element-button\" href=\"https:\/\/riwal-wpn.acceptatie.indicia-interactiv.nl\/hr\/strucnost\/gospodarske-grane\/licioci\/\">Saznaj vi\u0161e<\/a><\/div>\n<\/div>\n<\/div>\n\n\n\n<div class=\"wp-block-column is-layout-flow wp-block-column-is-layout-flow\">\n<figure class=\"wp-block-image size-full\"><img loading=\"lazy\" decoding=\"async\" width=\"600\" height=\"300\" src=\"https:\/\/riwal-wpn.acceptatie.indicia-interactiv.nl\/app\/uploads\/sites\/11\/2023\/09\/Prireditve-teas.webp\" alt=\"\" class=\"wp-image-3195\" srcset=\"https:\/\/riwal-wpn.acceptatie.indicia-interactiv.nl\/app\/uploads\/sites\/11\/2023\/09\/Prireditve-teas.webp 600w, https:\/\/riwal-wpn.acceptatie.indicia-interactiv.nl\/app\/uploads\/sites\/11\/2023\/09\/Prireditve-teas-300x150.webp 300w, https:\/\/riwal-wpn.acceptatie.indicia-interactiv.nl\/app\/uploads\/sites\/11\/2023\/09\/Prireditve-teas-178x89.webp 178w, https:\/\/riwal-wpn.acceptatie.indicia-interactiv.nl\/app\/uploads\/sites\/11\/2023\/09\/Prireditve-teas-390x195.webp 390w, https:\/\/riwal-wpn.acceptatie.indicia-interactiv.nl\/app\/uploads\/sites\/11\/2023\/09\/Prireditve-teas-250x125.webp 250w\" sizes=\"auto, (max-width: 600px) 100vw, 600px\" \/><\/figure>\n\n\n\n<div class=\"wp-block-buttons is-layout-flex wp-block-buttons-is-layout-flex\">\n<div class=\"wp-block-button\"><a class=\"wp-block-button__link wp-element-button\" href=\"https:\/\/riwal-wpn.acceptatie.indicia-interactiv.nl\/hr\/strucnost\/gospodarske-grane\/dogadjanja\/\">Saznaj vi\u0161e<\/a><\/div>\n<\/div>\n<\/div>\n\n\n\n<div class=\"wp-block-column is-layout-flow wp-block-column-is-layout-flow\">\n<figure class=\"wp-block-image size-full\"><img loading=\"lazy\" decoding=\"async\" width=\"600\" height=\"300\" src=\"https:\/\/riwal-wpn.acceptatie.indicia-interactiv.nl\/app\/uploads\/sites\/11\/2023\/09\/Kmetijstvo-teas.webp\" alt=\"\" class=\"wp-image-3196\" srcset=\"https:\/\/riwal-wpn.acceptatie.indicia-interactiv.nl\/app\/uploads\/sites\/11\/2023\/09\/Kmetijstvo-teas.webp 600w, https:\/\/riwal-wpn.acceptatie.indicia-interactiv.nl\/app\/uploads\/sites\/11\/2023\/09\/Kmetijstvo-teas-300x150.webp 300w, https:\/\/riwal-wpn.acceptatie.indicia-interactiv.nl\/app\/uploads\/sites\/11\/2023\/09\/Kmetijstvo-teas-178x89.webp 178w, https:\/\/riwal-wpn.acceptatie.indicia-interactiv.nl\/app\/uploads\/sites\/11\/2023\/09\/Kmetijstvo-teas-390x195.webp 390w, https:\/\/riwal-wpn.acceptatie.indicia-interactiv.nl\/app\/uploads\/sites\/11\/2023\/09\/Kmetijstvo-teas-250x125.webp 250w\" sizes=\"auto, (max-width: 600px) 100vw, 600px\" \/><\/figure>\n\n\n\n<div class=\"wp-block-buttons is-layout-flex wp-block-buttons-is-layout-flex\">\n<div class=\"wp-block-button\"><a class=\"wp-block-button__link wp-element-button\" href=\"https:\/\/riwal-wpn.acceptatie.indicia-interactiv.nl\/hr\/strucnost\/gospodarske-grane\/poljoprivreda\/\">Saznaj vi\u0161e<\/a><\/div>\n<\/div>\n<\/div>\n<\/div>\n<\/div>\n\t\t\t\t\t\t\t<\/div> \n\n<div class=\"rental-wp-default-block rental-theme-block-default-margin\">\n\t\t\t\t\t\t\t\t<div class=\"container\">\n<div class=\"wp-block-columns is-layout-flex wp-container-core-columns-is-layout-28f84493 wp-block-columns-is-layout-flex\">\n<div class=\"wp-block-column is-layout-flow wp-block-column-is-layout-flow\" style=\"flex-basis:15%\"><\/div>\n\n\n\n<div class=\"wp-block-column is-layout-flow wp-block-column-is-layout-flow\" style=\"flex-basis:35%\">\n<h2 class=\"wp-block-heading\" id=\"h-slaganje\">Slaganje<\/h2>\n<\/div>\n\n\n\n<div class=\"wp-block-column is-layout-flow wp-block-column-is-layout-flow\" style=\"flex-basis:35%\">\n<h2 class=\"wp-block-heading\" id=\"h-avioindustrija\">Avioindustrija<\/h2>\n<\/div>\n\n\n\n<div class=\"wp-block-column is-layout-flow wp-block-column-is-layout-flow\" style=\"flex-basis:15%\"><\/div>\n<\/div>\n<\/div>\n\t\t\t\t\t\t\t<\/div> \n\n<div class=\"rental-wp-default-block rental-theme-block-default-margin\">\n\t\t\t\t\t\t\t\t<div class=\"container\">\n<div class=\"wp-block-columns is-layout-flex wp-container-core-columns-is-layout-28f84493 wp-block-columns-is-layout-flex\">\n<div class=\"wp-block-column is-layout-flow wp-block-column-is-layout-flow\" style=\"flex-basis:15%\"><\/div>\n\n\n\n<div class=\"wp-block-column is-layout-flow wp-block-column-is-layout-flow\" style=\"flex-basis:35%\">\n<figure class=\"wp-block-image size-large\"><img loading=\"lazy\" decoding=\"async\" width=\"1024\" height=\"512\" src=\"https:\/\/riwal-wpn.acceptatie.indicia-interactiv.nl\/app\/uploads\/sites\/11\/2023\/09\/All-machines-in-action-Crane-scissors-Magni-2-1024x512.webp\" alt=\"\" class=\"wp-image-3197\" srcset=\"https:\/\/riwal-wpn.acceptatie.indicia-interactiv.nl\/app\/uploads\/sites\/11\/2023\/09\/All-machines-in-action-Crane-scissors-Magni-2-1024x512.webp 1024w, https:\/\/riwal-wpn.acceptatie.indicia-interactiv.nl\/app\/uploads\/sites\/11\/2023\/09\/All-machines-in-action-Crane-scissors-Magni-2-830x415.webp 830w, https:\/\/riwal-wpn.acceptatie.indicia-interactiv.nl\/app\/uploads\/sites\/11\/2023\/09\/All-machines-in-action-Crane-scissors-Magni-2-300x150.webp 300w, https:\/\/riwal-wpn.acceptatie.indicia-interactiv.nl\/app\/uploads\/sites\/11\/2023\/09\/All-machines-in-action-Crane-scissors-Magni-2-768x384.webp 768w, https:\/\/riwal-wpn.acceptatie.indicia-interactiv.nl\/app\/uploads\/sites\/11\/2023\/09\/All-machines-in-action-Crane-scissors-Magni-2-1536x768.webp 1536w, https:\/\/riwal-wpn.acceptatie.indicia-interactiv.nl\/app\/uploads\/sites\/11\/2023\/09\/All-machines-in-action-Crane-scissors-Magni-2-178x89.webp 178w, https:\/\/riwal-wpn.acceptatie.indicia-interactiv.nl\/app\/uploads\/sites\/11\/2023\/09\/All-machines-in-action-Crane-scissors-Magni-2-1440x720.webp 1440w, https:\/\/riwal-wpn.acceptatie.indicia-interactiv.nl\/app\/uploads\/sites\/11\/2023\/09\/All-machines-in-action-Crane-scissors-Magni-2-390x195.webp 390w, https:\/\/riwal-wpn.acceptatie.indicia-interactiv.nl\/app\/uploads\/sites\/11\/2023\/09\/All-machines-in-action-Crane-scissors-Magni-2-250x125.webp 250w, https:\/\/riwal-wpn.acceptatie.indicia-interactiv.nl\/app\/uploads\/sites\/11\/2023\/09\/All-machines-in-action-Crane-scissors-Magni-2.webp 1599w\" sizes=\"auto, (max-width: 1024px) 100vw, 1024px\" \/><\/figure>\n\n\n\n<div class=\"wp-block-buttons is-layout-flex wp-block-buttons-is-layout-flex\">\n<div class=\"wp-block-button\"><a class=\"wp-block-button__link wp-element-button\" href=\"https:\/\/riwal-wpn.acceptatie.indicia-interactiv.nl\/hr\/strucnost\/gospodarske-grane\/slaganje\/\">Saznaj vi\u0161e<\/a><\/div>\n<\/div>\n<\/div>\n\n\n\n<div class=\"wp-block-column is-layout-flow wp-block-column-is-layout-flow\" style=\"flex-basis:35%\">\n<figure class=\"wp-block-image size-full is-resized\"><img loading=\"lazy\" decoding=\"async\" width=\"339\" height=\"170\" src=\"https:\/\/riwal-wpn.acceptatie.indicia-interactiv.nl\/app\/uploads\/sites\/11\/2023\/09\/Aerospace-600x300-1.webp\" alt=\"\" class=\"wp-image-3198\" style=\"width:464px;height:233px\" srcset=\"https:\/\/riwal-wpn.acceptatie.indicia-interactiv.nl\/app\/uploads\/sites\/11\/2023\/09\/Aerospace-600x300-1.webp 339w, https:\/\/riwal-wpn.acceptatie.indicia-interactiv.nl\/app\/uploads\/sites\/11\/2023\/09\/Aerospace-600x300-1-300x150.webp 300w, https:\/\/riwal-wpn.acceptatie.indicia-interactiv.nl\/app\/uploads\/sites\/11\/2023\/09\/Aerospace-600x300-1-178x89.webp 178w, https:\/\/riwal-wpn.acceptatie.indicia-interactiv.nl\/app\/uploads\/sites\/11\/2023\/09\/Aerospace-600x300-1-250x125.webp 250w\" sizes=\"auto, (max-width: 339px) 100vw, 339px\" \/><\/figure>\n\n\n\n<div class=\"wp-block-buttons is-layout-flex wp-block-buttons-is-layout-flex\">\n<div class=\"wp-block-button\"><a class=\"wp-block-button__link wp-element-button\" href=\"https:\/\/riwal-wpn.acceptatie.indicia-interactiv.nl\/hr\/strucnost\/gospodarske-grane\/avioindustrija\/\">Saznaj vi\u0161e<\/a><\/div>\n<\/div>\n<\/div>\n\n\n\n<div class=\"wp-block-column is-layout-flow wp-block-column-is-layout-flow\" style=\"flex-basis:15%\"><\/div>\n<\/div>\n<\/div>\n\t\t\t\t\t\t\t<\/div> ","protected":false},"excerpt":{"rendered":"<p>GOSPODARSKE GRANE Pro\u010ditajte vi\u0161e o svojoj industriji. \u010ci\u0161\u010denje Graditeljstvo Logistika i skladi\u0161tenje Li\u010dioci Doga\u0111anja Poljopriveda Slaganje Avioindustrija<\/p>\n","protected":false},"author":45,"featured_media":0,"parent":3177,"menu_order":0,"comment_status":"closed","ping_status":"closed","template":"","meta":{"_acf_changed":false,"editor_notices":[],"footnotes":""},"class_list":["post-3187","page","type-page","status-publish","hentry"],"acf":[],"yoast_head":"<!-- This site is optimized with the Yoast SEO Premium plugin v27.1 (Yoast SEO v27.1.1) - https:\/\/yoast.com\/product\/yoast-seo-premium-wordpress\/ -->\n<title>Gospodarske grane<\/title>\n<meta name=\"robots\" content=\"noindex, follow, max-snippet:-1, max-image-preview:large, max-video-preview:-1\" \/>\n<meta property=\"og:locale\" content=\"hr_HR\" \/>\n<meta property=\"og:type\" content=\"article\" \/>\n<meta property=\"og:title\" content=\"Gospodarske grane\" \/>\n<meta property=\"og:description\" content=\"GOSPODARSKE GRANE Pro\u010ditajte vi\u0161e o svojoj industriji. \u010ci\u0161\u010denje Graditeljstvo Logistika i skladi\u0161tenje Li\u010dioci Doga\u0111anja Poljopriveda Slaganje Avioindustrija\" \/>\n<meta property=\"og:url\" content=\"https:\/\/riwal-wpn.acceptatie.indicia-interactiv.nl\/hr\/strucnost\/gospodarske-grane\/\" \/>\n<meta property=\"og:site_name\" content=\"Riwal Hrvatska\" \/>\n<meta property=\"article:modified_time\" content=\"2024-02-03T21:00:41+00:00\" \/>\n<meta property=\"og:image\" content=\"https:\/\/riwal-wpn.acceptatie.indicia-interactiv.nl\/app\/uploads\/sites\/11\/2023\/09\/Ciscenje-teas.webp\" \/>\n<meta name=\"twitter:card\" content=\"summary_large_image\" \/>\n<script type=\"application\/ld+json\" class=\"yoast-schema-graph\">{\"@context\":\"https:\/\/schema.org\",\"@graph\":[{\"@type\":\"WebPage\",\"@id\":\"https:\/\/riwal-wpn.acceptatie.indicia-interactiv.nl\/hr\/strucnost\/gospodarske-grane\/\",\"url\":\"https:\/\/riwal-wpn.acceptatie.indicia-interactiv.nl\/hr\/strucnost\/gospodarske-grane\/\",\"name\":\"Gospodarske grane\",\"isPartOf\":{\"@id\":\"https:\/\/riwal-wpn.acceptatie.indicia-interactiv.nl\/hr\/#website\"},\"primaryImageOfPage\":{\"@id\":\"https:\/\/riwal-wpn.acceptatie.indicia-interactiv.nl\/hr\/strucnost\/gospodarske-grane\/#primaryimage\"},\"image\":{\"@id\":\"https:\/\/riwal-wpn.acceptatie.indicia-interactiv.nl\/hr\/strucnost\/gospodarske-grane\/#primaryimage\"},\"thumbnailUrl\":\"https:\/\/riwal-wpn.acceptatie.indicia-interactiv.nl\/app\/uploads\/sites\/11\/2023\/09\/Ciscenje-teas.webp\",\"datePublished\":\"2023-09-16T10:29:02+00:00\",\"dateModified\":\"2024-02-03T21:00:41+00:00\",\"breadcrumb\":{\"@id\":\"https:\/\/riwal-wpn.acceptatie.indicia-interactiv.nl\/hr\/strucnost\/gospodarske-grane\/#breadcrumb\"},\"inLanguage\":\"hr\",\"potentialAction\":[{\"@type\":\"ReadAction\",\"target\":[\"https:\/\/riwal-wpn.acceptatie.indicia-interactiv.nl\/hr\/strucnost\/gospodarske-grane\/\"]}]},{\"@type\":\"ImageObject\",\"inLanguage\":\"hr\",\"@id\":\"https:\/\/riwal-wpn.acceptatie.indicia-interactiv.nl\/hr\/strucnost\/gospodarske-grane\/#primaryimage\",\"url\":\"https:\/\/riwal-wpn.acceptatie.indicia-interactiv.nl\/app\/uploads\/sites\/11\/2023\/09\/Ciscenje-teas.webp\",\"contentUrl\":\"https:\/\/riwal-wpn.acceptatie.indicia-interactiv.nl\/app\/uploads\/sites\/11\/2023\/09\/Ciscenje-teas.webp\"},{\"@type\":\"BreadcrumbList\",\"@id\":\"https:\/\/riwal-wpn.acceptatie.indicia-interactiv.nl\/hr\/strucnost\/gospodarske-grane\/#breadcrumb\",\"itemListElement\":[{\"@type\":\"ListItem\",\"position\":1,\"name\":\"Doma\",\"item\":\"https:\/\/riwal-wpn.acceptatie.indicia-interactiv.nl\/hr\/\"},{\"@type\":\"ListItem\",\"position\":2,\"name\":\"Stru\u010dnost\",\"item\":\"https:\/\/riwal-wpn.acceptatie.indicia-interactiv.nl\/hr\/strucnost\/\"},{\"@type\":\"ListItem\",\"position\":3,\"name\":\"Gospodarske grane\"}]},{\"@type\":\"WebSite\",\"@id\":\"https:\/\/riwal-wpn.acceptatie.indicia-interactiv.nl\/hr\/#website\",\"url\":\"https:\/\/riwal-wpn.acceptatie.indicia-interactiv.nl\/hr\/\",\"name\":\"Riwal\",\"description\":\"Arial work platform &amp; Telehandler Rental\/Sales\",\"publisher\":{\"@id\":\"https:\/\/riwal-wpn.acceptatie.indicia-interactiv.nl\/hr\/#organization\"},\"potentialAction\":[{\"@type\":\"SearchAction\",\"target\":{\"@type\":\"EntryPoint\",\"urlTemplate\":\"https:\/\/riwal-wpn.acceptatie.indicia-interactiv.nl\/hr\/?s={search_term_string}\"},\"query-input\":{\"@type\":\"PropertyValueSpecification\",\"valueRequired\":true,\"valueName\":\"search_term_string\"}}],\"inLanguage\":\"hr\"},{\"@type\":\"Organization\",\"@id\":\"https:\/\/riwal-wpn.acceptatie.indicia-interactiv.nl\/hr\/#organization\",\"name\":\"Riwal\",\"url\":\"https:\/\/riwal-wpn.acceptatie.indicia-interactiv.nl\/hr\/\",\"logo\":{\"@type\":\"ImageObject\",\"inLanguage\":\"hr\",\"@id\":\"https:\/\/riwal-wpn.acceptatie.indicia-interactiv.nl\/hr\/#\/schema\/logo\/image\/\",\"url\":\"\",\"contentUrl\":\"\",\"caption\":\"Riwal\"},\"image\":{\"@id\":\"https:\/\/riwal-wpn.acceptatie.indicia-interactiv.nl\/hr\/#\/schema\/logo\/image\/\"}}]}<\/script>\n<!-- \/ Yoast SEO Premium plugin. -->","yoast_head_json":{"title":"Gospodarske grane","robots":{"index":"noindex","follow":"follow","max-snippet":"max-snippet:-1","max-image-preview":"max-image-preview:large","max-video-preview":"max-video-preview:-1"},"og_locale":"hr_HR","og_type":"article","og_title":"Gospodarske grane","og_description":"GOSPODARSKE GRANE Pro\u010ditajte vi\u0161e o svojoj industriji. \u010ci\u0161\u010denje Graditeljstvo Logistika i skladi\u0161tenje Li\u010dioci Doga\u0111anja Poljopriveda Slaganje Avioindustrija","og_url":"https:\/\/riwal-wpn.acceptatie.indicia-interactiv.nl\/hr\/strucnost\/gospodarske-grane\/","og_site_name":"Riwal Hrvatska","article_modified_time":"2024-02-03T21:00:41+00:00","og_image":[{"url":"https:\/\/riwal-wpn.acceptatie.indicia-interactiv.nl\/app\/uploads\/sites\/11\/2023\/09\/Ciscenje-teas.webp","type":"","width":"","height":""}],"twitter_card":"summary_large_image","schema":{"@context":"https:\/\/schema.org","@graph":[{"@type":"WebPage","@id":"https:\/\/riwal-wpn.acceptatie.indicia-interactiv.nl\/hr\/strucnost\/gospodarske-grane\/","url":"https:\/\/riwal-wpn.acceptatie.indicia-interactiv.nl\/hr\/strucnost\/gospodarske-grane\/","name":"Gospodarske grane","isPartOf":{"@id":"https:\/\/riwal-wpn.acceptatie.indicia-interactiv.nl\/hr\/#website"},"primaryImageOfPage":{"@id":"https:\/\/riwal-wpn.acceptatie.indicia-interactiv.nl\/hr\/strucnost\/gospodarske-grane\/#primaryimage"},"image":{"@id":"https:\/\/riwal-wpn.acceptatie.indicia-interactiv.nl\/hr\/strucnost\/gospodarske-grane\/#primaryimage"},"thumbnailUrl":"https:\/\/riwal-wpn.acceptatie.indicia-interactiv.nl\/app\/uploads\/sites\/11\/2023\/09\/Ciscenje-teas.webp","datePublished":"2023-09-16T10:29:02+00:00","dateModified":"2024-02-03T21:00:41+00:00","breadcrumb":{"@id":"https:\/\/riwal-wpn.acceptatie.indicia-interactiv.nl\/hr\/strucnost\/gospodarske-grane\/#breadcrumb"},"inLanguage":"hr","potentialAction":[{"@type":"ReadAction","target":["https:\/\/riwal-wpn.acceptatie.indicia-interactiv.nl\/hr\/strucnost\/gospodarske-grane\/"]}]},{"@type":"ImageObject","inLanguage":"hr","@id":"https:\/\/riwal-wpn.acceptatie.indicia-interactiv.nl\/hr\/strucnost\/gospodarske-grane\/#primaryimage","url":"https:\/\/riwal-wpn.acceptatie.indicia-interactiv.nl\/app\/uploads\/sites\/11\/2023\/09\/Ciscenje-teas.webp","contentUrl":"https:\/\/riwal-wpn.acceptatie.indicia-interactiv.nl\/app\/uploads\/sites\/11\/2023\/09\/Ciscenje-teas.webp"},{"@type":"BreadcrumbList","@id":"https:\/\/riwal-wpn.acceptatie.indicia-interactiv.nl\/hr\/strucnost\/gospodarske-grane\/#breadcrumb","itemListElement":[{"@type":"ListItem","position":1,"name":"Doma","item":"https:\/\/riwal-wpn.acceptatie.indicia-interactiv.nl\/hr\/"},{"@type":"ListItem","position":2,"name":"Stru\u010dnost","item":"https:\/\/riwal-wpn.acceptatie.indicia-interactiv.nl\/hr\/strucnost\/"},{"@type":"ListItem","position":3,"name":"Gospodarske grane"}]},{"@type":"WebSite","@id":"https:\/\/riwal-wpn.acceptatie.indicia-interactiv.nl\/hr\/#website","url":"https:\/\/riwal-wpn.acceptatie.indicia-interactiv.nl\/hr\/","name":"Riwal","description":"Arial work platform &amp; Telehandler Rental\/Sales","publisher":{"@id":"https:\/\/riwal-wpn.acceptatie.indicia-interactiv.nl\/hr\/#organization"},"potentialAction":[{"@type":"SearchAction","target":{"@type":"EntryPoint","urlTemplate":"https:\/\/riwal-wpn.acceptatie.indicia-interactiv.nl\/hr\/?s={search_term_string}"},"query-input":{"@type":"PropertyValueSpecification","valueRequired":true,"valueName":"search_term_string"}}],"inLanguage":"hr"},{"@type":"Organization","@id":"https:\/\/riwal-wpn.acceptatie.indicia-interactiv.nl\/hr\/#organization","name":"Riwal","url":"https:\/\/riwal-wpn.acceptatie.indicia-interactiv.nl\/hr\/","logo":{"@type":"ImageObject","inLanguage":"hr","@id":"https:\/\/riwal-wpn.acceptatie.indicia-interactiv.nl\/hr\/#\/schema\/logo\/image\/","url":"","contentUrl":"","caption":"Riwal"},"image":{"@id":"https:\/\/riwal-wpn.acceptatie.indicia-interactiv.nl\/hr\/#\/schema\/logo\/image\/"}}]}},"_links":{"self":[{"href":"https:\/\/riwal-wpn.acceptatie.indicia-interactiv.nl\/hr\/wp-json\/wp\/v2\/pages\/3187","targetHints":{"allow":["GET"]}}],"collection":[{"href":"https:\/\/riwal-wpn.acceptatie.indicia-interactiv.nl\/hr\/wp-json\/wp\/v2\/pages"}],"about":[{"href":"https:\/\/riwal-wpn.acceptatie.indicia-interactiv.nl\/hr\/wp-json\/wp\/v2\/types\/page"}],"author":[{"embeddable":true,"href":"https:\/\/riwal-wpn.acceptatie.indicia-interactiv.nl\/hr\/wp-json\/wp\/v2\/users\/45"}],"replies":[{"embeddable":true,"href":"https:\/\/riwal-wpn.acceptatie.indicia-interactiv.nl\/hr\/wp-json\/wp\/v2\/comments?post=3187"}],"version-history":[{"count":8,"href":"https:\/\/riwal-wpn.acceptatie.indicia-interactiv.nl\/hr\/wp-json\/wp\/v2\/pages\/3187\/revisions"}],"predecessor-version":[{"id":4833,"href":"https:\/\/riwal-wpn.acceptatie.indicia-interactiv.nl\/hr\/wp-json\/wp\/v2\/pages\/3187\/revisions\/4833"}],"up":[{"embeddable":true,"href":"https:\/\/riwal-wpn.acceptatie.indicia-interactiv.nl\/hr\/wp-json\/wp\/v2\/pages\/3177"}],"wp:attachment":[{"href":"https:\/\/riwal-wpn.acceptatie.indicia-interactiv.nl\/hr\/wp-json\/wp\/v2\/media?parent=3187"}],"curies":[{"name":"wp","href":"https:\/\/api.w.org\/{rel}","templated":true}]}}