{"id":3208,"date":"2023-09-17T18:41:29","date_gmt":"2023-09-17T18:41:29","guid":{"rendered":"https:\/\/riwal-wpn.acceptatie.indicia-interactiv.nl\/hr\/?page_id=3208"},"modified":"2024-02-03T10:34:54","modified_gmt":"2024-02-03T10:34:54","slug":"logistika-i-skladistenje","status":"publish","type":"page","link":"https:\/\/riwal-wpn.acceptatie.indicia-interactiv.nl\/hr\/strucnost\/gospodarske-grane\/logistika-i-skladistenje\/","title":{"rendered":"Logistika i skladi\u0161tenje"},"content":{"rendered":"\n<div class=\"wp-block-rental-theme-header\">\n\t<div class=\"wp-block-rental-theme-header__lines\">\n\t\t<svg width=\"726\" height=\"442\" viewBox=\"0 0 726 442\" fill=\"none\" xmlns=\"http:\/\/www.w3.org\/2000\/svg\"><g opacity=\".5\"><mask id=\"path-1-inside-1_1_2\" fill=\"#fff\"><path fill-rule=\"evenodd\" clip-rule=\"evenodd\" d=\"M441.458.5H284.542L0 285.042v156.917l156.917-.001L363 235.876l206.083 206.082 156.917.001V285.042L441.458.5Z\"\/><\/mask><path d=\"M284.542.5v-1h-.415l-.292.293.707.707Zm156.916 0 .708-.707-.293-.293h-.415v1ZM0 285.042l-.707-.708-.293.293v.415h1Zm0 156.917h-1v1h1v-1Zm156.917-.001v1h.414l.293-.292-.707-.708ZM363 235.876l.707-.708-.707-.707-.707.707.707.708Zm206.083 206.082-.707.708.293.292h.414v-1Zm156.917.001v1h1v-1h-1Zm0-156.917h1v-.415l-.293-.293-.707.708ZM284.542 1.5h156.916v-2H284.542v2ZM.707 285.749 285.25 1.207l-1.414-1.414L-.707 284.334l1.414 1.415ZM1 441.959V285.042h-2v156.917h2Zm155.917-1.001L0 440.959v2l156.917-.001v-2Zm205.376-205.79L156.21 441.251l1.414 1.415 206.083-206.083-1.414-1.415Zm0 1.415 206.083 206.083 1.414-1.415-206.083-206.083-1.414 1.415Zm206.79 206.375 156.917.001v-2l-156.917-.001v2ZM727 441.959V285.042h-2v156.917h2Zm-.293-157.625L442.166-.206l-1.415 1.413L725.293 285.75l1.414-1.415Z\" fill=\"#5B728B\" mask=\"url(#path-1-inside-1_1_2)\"\/><\/g><\/svg>\t\t<svg width=\"726\" height=\"442\" viewBox=\"0 0 726 442\" fill=\"none\" xmlns=\"http:\/\/www.w3.org\/2000\/svg\"><g opacity=\".5\"><mask id=\"path-1-inside-1_1_2\" fill=\"#fff\"><path fill-rule=\"evenodd\" clip-rule=\"evenodd\" d=\"M441.458.5H284.542L0 285.042v156.917l156.917-.001L363 235.876l206.083 206.082 156.917.001V285.042L441.458.5Z\"\/><\/mask><path d=\"M284.542.5v-1h-.415l-.292.293.707.707Zm156.916 0 .708-.707-.293-.293h-.415v1ZM0 285.042l-.707-.708-.293.293v.415h1Zm0 156.917h-1v1h1v-1Zm156.917-.001v1h.414l.293-.292-.707-.708ZM363 235.876l.707-.708-.707-.707-.707.707.707.708Zm206.083 206.082-.707.708.293.292h.414v-1Zm156.917.001v1h1v-1h-1Zm0-156.917h1v-.415l-.293-.293-.707.708ZM284.542 1.5h156.916v-2H284.542v2ZM.707 285.749 285.25 1.207l-1.414-1.414L-.707 284.334l1.414 1.415ZM1 441.959V285.042h-2v156.917h2Zm155.917-1.001L0 440.959v2l156.917-.001v-2Zm205.376-205.79L156.21 441.251l1.414 1.415 206.083-206.083-1.414-1.415Zm0 1.415 206.083 206.083 1.414-1.415-206.083-206.083-1.414 1.415Zm206.79 206.375 156.917.001v-2l-156.917-.001v2ZM727 441.959V285.042h-2v156.917h2Zm-.293-157.625L442.166-.206l-1.415 1.413L725.293 285.75l1.414-1.415Z\" fill=\"#5B728B\" mask=\"url(#path-1-inside-1_1_2)\"\/><\/g><\/svg>\t<\/div>\n\t<img fetchpriority=\"high\" decoding=\"async\" width=\"600\" height=\"300\" src=\"https:\/\/riwal-wpn.acceptatie.indicia-interactiv.nl\/app\/uploads\/sites\/11\/2023\/09\/Logist-teas-1.webp\" class=\"wp-block-rental-theme-header__image wp-block-rental-theme-header__image--desktop\" alt=\"\" loading=\"eager\" srcset=\"https:\/\/riwal-wpn.acceptatie.indicia-interactiv.nl\/app\/uploads\/sites\/11\/2023\/09\/Logist-teas-1.webp 600w, https:\/\/riwal-wpn.acceptatie.indicia-interactiv.nl\/app\/uploads\/sites\/11\/2023\/09\/Logist-teas-1-300x150.webp 300w, https:\/\/riwal-wpn.acceptatie.indicia-interactiv.nl\/app\/uploads\/sites\/11\/2023\/09\/Logist-teas-1-178x89.webp 178w, https:\/\/riwal-wpn.acceptatie.indicia-interactiv.nl\/app\/uploads\/sites\/11\/2023\/09\/Logist-teas-1-390x195.webp 390w, https:\/\/riwal-wpn.acceptatie.indicia-interactiv.nl\/app\/uploads\/sites\/11\/2023\/09\/Logist-teas-1-250x125.webp 250w\" sizes=\"(max-width: 600px) 100vw, 600px\" \/>\t\t<div class=\"container\">\n\t\t<h1 class='wp-block-rental-theme-header__title' style='position: absolute; min-height: 120px'>Logistika i skladi\u0161tenje<\/h1>\t<\/div>\n<\/div>\n\n\n<div class=\"rental-wp-default-block rental-theme-block-default-margin\">\n\t\t\t\t\t\t\t\t<div class=\"container\">\n<div class=\"wp-block-columns is-layout-flex wp-container-core-columns-is-layout-28f84493 wp-block-columns-is-layout-flex\">\n<div class=\"wp-block-column is-layout-flow wp-block-column-is-layout-flow\" style=\"flex-basis:66.66%\">\n<p>Razli\u010diti radovi u logistici i skladi\u0161tenju zahtijevaju razli\u010dita rje\u0161enja. Osim na\u0161e uobi\u010dajene ponude proizvoda, mo\u017eemo prilagoditi na\u0161e strojeve tako da na\u0161i klijenti uvijek rade upravo u skladu sa zahtjevima posla.<\/p>\n\n\n\n<p>Prijevoz tereta, podizanje tereta ili odr\u017eavanje u skladi\u0161tima: Riwal nudi prilago\u0111ena rje\u0161enja za sve vrste radova. Ovisno o prirodi radova, stroj je mogu\u0107e potpuno prilagoditi u skladu sa zahtjevima klijenta. Ako se radovi obavljaju na uskim prolazima, Riwal nudi u\u017eu podiznu platformu s vertikalnim dosegom. Kori\u0161tenjem na\u0161ih posebnih elektri\u010dnih strojeva, ne morate se brinuti oko ispu\u0161nih plinova u zatvorenom prostoru. &nbsp;Alternativno je rje\u0161enje dizelska dizalica s filtrom \u010destica.<\/p>\n\n\n\n<p>Ako niste sigurni koji bi stroj bio najbolje rje\u0161enje, mo\u017eete zatra\u017eiti pregled. \u010clan tima tvrtke Riwal \u0107e procijeniti stanje na licu mjesta te vam dati odgovaraju\u0107i savjet.<\/p>\n<\/div>\n\n\n\n<div class=\"wp-block-column is-layout-flow wp-block-column-is-layout-flow\" style=\"flex-basis:33.33%\"><\/div>\n<\/div>\n<\/div>\n\t\t\t\t\t\t\t<\/div> ","protected":false},"excerpt":{"rendered":"<p>Razli\u010diti radovi u logistici i skladi\u0161tenju zahtijevaju razli\u010dita rje\u0161enja. Osim na\u0161e uobi\u010dajene ponude proizvoda, mo\u017eemo prilagoditi na\u0161e strojeve tako da na\u0161i klijenti uvijek rade upravo u skladu sa zahtjevima posla. Prijevoz tereta, podizanje tereta ili odr\u017eavanje u skladi\u0161tima: Riwal nudi prilago\u0111ena rje\u0161enja za sve vrste radova. Ovisno o prirodi radova, stroj je mogu\u0107e potpuno prilagoditi &hellip; <a href=\"https:\/\/riwal-wpn.acceptatie.indicia-interactiv.nl\/hr\/strucnost\/gospodarske-grane\/logistika-i-skladistenje\/\">Nastavak<\/a><\/p>\n","protected":false},"author":45,"featured_media":0,"parent":3187,"menu_order":0,"comment_status":"closed","ping_status":"closed","template":"","meta":{"_acf_changed":false,"editor_notices":[],"footnotes":""},"class_list":["post-3208","page","type-page","status-publish","hentry"],"acf":[],"yoast_head":"<!-- This site is optimized with the Yoast SEO Premium plugin v27.1 (Yoast SEO v27.1.1) - https:\/\/yoast.com\/product\/yoast-seo-premium-wordpress\/ -->\n<title>Logistika i skladi\u0161tenje - Riwal Hrvatska<\/title>\n<meta name=\"robots\" content=\"noindex, follow, max-snippet:-1, max-image-preview:large, max-video-preview:-1\" \/>\n<meta property=\"og:locale\" content=\"hr_HR\" \/>\n<meta property=\"og:type\" content=\"article\" \/>\n<meta property=\"og:title\" content=\"Logistika i skladi\u0161tenje\" \/>\n<meta property=\"og:description\" content=\"Razli\u010diti radovi u logistici i skladi\u0161tenju zahtijevaju razli\u010dita rje\u0161enja. Osim na\u0161e uobi\u010dajene ponude proizvoda, mo\u017eemo prilagoditi na\u0161e strojeve tako da na\u0161i klijenti uvijek rade upravo u skladu sa zahtjevima posla. Prijevoz tereta, podizanje tereta ili odr\u017eavanje u skladi\u0161tima: Riwal nudi prilago\u0111ena rje\u0161enja za sve vrste radova. Ovisno o prirodi radova, stroj je mogu\u0107e potpuno prilagoditi &hellip; Nastavak\" \/>\n<meta property=\"og:url\" content=\"https:\/\/riwal-wpn.acceptatie.indicia-interactiv.nl\/hr\/strucnost\/gospodarske-grane\/logistika-i-skladistenje\/\" \/>\n<meta property=\"og:site_name\" content=\"Riwal Hrvatska\" \/>\n<meta property=\"article:modified_time\" content=\"2024-02-03T10:34:54+00:00\" \/>\n<meta name=\"twitter:card\" content=\"summary_large_image\" \/>\n<meta name=\"twitter:label1\" content=\"Est. reading time\" \/>\n\t<meta name=\"twitter:data1\" content=\"1 minuta\" \/>\n<script type=\"application\/ld+json\" class=\"yoast-schema-graph\">{\"@context\":\"https:\/\/schema.org\",\"@graph\":[{\"@type\":\"WebPage\",\"@id\":\"https:\/\/riwal-wpn.acceptatie.indicia-interactiv.nl\/hr\/strucnost\/gospodarske-grane\/logistika-i-skladistenje\/\",\"url\":\"https:\/\/riwal-wpn.acceptatie.indicia-interactiv.nl\/hr\/strucnost\/gospodarske-grane\/logistika-i-skladistenje\/\",\"name\":\"Logistika i skladi\u0161tenje - Riwal Hrvatska\",\"isPartOf\":{\"@id\":\"https:\/\/riwal-wpn.acceptatie.indicia-interactiv.nl\/hr\/#website\"},\"datePublished\":\"2023-09-17T18:41:29+00:00\",\"dateModified\":\"2024-02-03T10:34:54+00:00\",\"breadcrumb\":{\"@id\":\"https:\/\/riwal-wpn.acceptatie.indicia-interactiv.nl\/hr\/strucnost\/gospodarske-grane\/logistika-i-skladistenje\/#breadcrumb\"},\"inLanguage\":\"hr\",\"potentialAction\":[{\"@type\":\"ReadAction\",\"target\":[\"https:\/\/riwal-wpn.acceptatie.indicia-interactiv.nl\/hr\/strucnost\/gospodarske-grane\/logistika-i-skladistenje\/\"]}]},{\"@type\":\"BreadcrumbList\",\"@id\":\"https:\/\/riwal-wpn.acceptatie.indicia-interactiv.nl\/hr\/strucnost\/gospodarske-grane\/logistika-i-skladistenje\/#breadcrumb\",\"itemListElement\":[{\"@type\":\"ListItem\",\"position\":1,\"name\":\"Doma\",\"item\":\"https:\/\/riwal-wpn.acceptatie.indicia-interactiv.nl\/hr\/\"},{\"@type\":\"ListItem\",\"position\":2,\"name\":\"Stru\u010dnost\",\"item\":\"https:\/\/riwal-wpn.acceptatie.indicia-interactiv.nl\/hr\/strucnost\/\"},{\"@type\":\"ListItem\",\"position\":3,\"name\":\"Gospodarske grane\",\"item\":\"https:\/\/riwal-wpn.acceptatie.indicia-interactiv.nl\/hr\/strucnost\/gospodarske-grane\/\"},{\"@type\":\"ListItem\",\"position\":4,\"name\":\"Logistika i skladi\u0161tenje\"}]},{\"@type\":\"WebSite\",\"@id\":\"https:\/\/riwal-wpn.acceptatie.indicia-interactiv.nl\/hr\/#website\",\"url\":\"https:\/\/riwal-wpn.acceptatie.indicia-interactiv.nl\/hr\/\",\"name\":\"Riwal\",\"description\":\"Arial work platform &amp; Telehandler Rental\/Sales\",\"publisher\":{\"@id\":\"https:\/\/riwal-wpn.acceptatie.indicia-interactiv.nl\/hr\/#organization\"},\"potentialAction\":[{\"@type\":\"SearchAction\",\"target\":{\"@type\":\"EntryPoint\",\"urlTemplate\":\"https:\/\/riwal-wpn.acceptatie.indicia-interactiv.nl\/hr\/?s={search_term_string}\"},\"query-input\":{\"@type\":\"PropertyValueSpecification\",\"valueRequired\":true,\"valueName\":\"search_term_string\"}}],\"inLanguage\":\"hr\"},{\"@type\":\"Organization\",\"@id\":\"https:\/\/riwal-wpn.acceptatie.indicia-interactiv.nl\/hr\/#organization\",\"name\":\"Riwal\",\"url\":\"https:\/\/riwal-wpn.acceptatie.indicia-interactiv.nl\/hr\/\",\"logo\":{\"@type\":\"ImageObject\",\"inLanguage\":\"hr\",\"@id\":\"https:\/\/riwal-wpn.acceptatie.indicia-interactiv.nl\/hr\/#\/schema\/logo\/image\/\",\"url\":\"\",\"contentUrl\":\"\",\"caption\":\"Riwal\"},\"image\":{\"@id\":\"https:\/\/riwal-wpn.acceptatie.indicia-interactiv.nl\/hr\/#\/schema\/logo\/image\/\"}}]}<\/script>\n<!-- \/ Yoast SEO Premium plugin. -->","yoast_head_json":{"title":"Logistika i skladi\u0161tenje - Riwal Hrvatska","robots":{"index":"noindex","follow":"follow","max-snippet":"max-snippet:-1","max-image-preview":"max-image-preview:large","max-video-preview":"max-video-preview:-1"},"og_locale":"hr_HR","og_type":"article","og_title":"Logistika i skladi\u0161tenje","og_description":"Razli\u010diti radovi u logistici i skladi\u0161tenju zahtijevaju razli\u010dita rje\u0161enja. Osim na\u0161e uobi\u010dajene ponude proizvoda, mo\u017eemo prilagoditi na\u0161e strojeve tako da na\u0161i klijenti uvijek rade upravo u skladu sa zahtjevima posla. Prijevoz tereta, podizanje tereta ili odr\u017eavanje u skladi\u0161tima: Riwal nudi prilago\u0111ena rje\u0161enja za sve vrste radova. Ovisno o prirodi radova, stroj je mogu\u0107e potpuno prilagoditi &hellip; Nastavak","og_url":"https:\/\/riwal-wpn.acceptatie.indicia-interactiv.nl\/hr\/strucnost\/gospodarske-grane\/logistika-i-skladistenje\/","og_site_name":"Riwal Hrvatska","article_modified_time":"2024-02-03T10:34:54+00:00","twitter_card":"summary_large_image","twitter_misc":{"Est. reading time":"1 minuta"},"schema":{"@context":"https:\/\/schema.org","@graph":[{"@type":"WebPage","@id":"https:\/\/riwal-wpn.acceptatie.indicia-interactiv.nl\/hr\/strucnost\/gospodarske-grane\/logistika-i-skladistenje\/","url":"https:\/\/riwal-wpn.acceptatie.indicia-interactiv.nl\/hr\/strucnost\/gospodarske-grane\/logistika-i-skladistenje\/","name":"Logistika i skladi\u0161tenje - Riwal Hrvatska","isPartOf":{"@id":"https:\/\/riwal-wpn.acceptatie.indicia-interactiv.nl\/hr\/#website"},"datePublished":"2023-09-17T18:41:29+00:00","dateModified":"2024-02-03T10:34:54+00:00","breadcrumb":{"@id":"https:\/\/riwal-wpn.acceptatie.indicia-interactiv.nl\/hr\/strucnost\/gospodarske-grane\/logistika-i-skladistenje\/#breadcrumb"},"inLanguage":"hr","potentialAction":[{"@type":"ReadAction","target":["https:\/\/riwal-wpn.acceptatie.indicia-interactiv.nl\/hr\/strucnost\/gospodarske-grane\/logistika-i-skladistenje\/"]}]},{"@type":"BreadcrumbList","@id":"https:\/\/riwal-wpn.acceptatie.indicia-interactiv.nl\/hr\/strucnost\/gospodarske-grane\/logistika-i-skladistenje\/#breadcrumb","itemListElement":[{"@type":"ListItem","position":1,"name":"Doma","item":"https:\/\/riwal-wpn.acceptatie.indicia-interactiv.nl\/hr\/"},{"@type":"ListItem","position":2,"name":"Stru\u010dnost","item":"https:\/\/riwal-wpn.acceptatie.indicia-interactiv.nl\/hr\/strucnost\/"},{"@type":"ListItem","position":3,"name":"Gospodarske grane","item":"https:\/\/riwal-wpn.acceptatie.indicia-interactiv.nl\/hr\/strucnost\/gospodarske-grane\/"},{"@type":"ListItem","position":4,"name":"Logistika i skladi\u0161tenje"}]},{"@type":"WebSite","@id":"https:\/\/riwal-wpn.acceptatie.indicia-interactiv.nl\/hr\/#website","url":"https:\/\/riwal-wpn.acceptatie.indicia-interactiv.nl\/hr\/","name":"Riwal","description":"Arial work platform &amp; Telehandler Rental\/Sales","publisher":{"@id":"https:\/\/riwal-wpn.acceptatie.indicia-interactiv.nl\/hr\/#organization"},"potentialAction":[{"@type":"SearchAction","target":{"@type":"EntryPoint","urlTemplate":"https:\/\/riwal-wpn.acceptatie.indicia-interactiv.nl\/hr\/?s={search_term_string}"},"query-input":{"@type":"PropertyValueSpecification","valueRequired":true,"valueName":"search_term_string"}}],"inLanguage":"hr"},{"@type":"Organization","@id":"https:\/\/riwal-wpn.acceptatie.indicia-interactiv.nl\/hr\/#organization","name":"Riwal","url":"https:\/\/riwal-wpn.acceptatie.indicia-interactiv.nl\/hr\/","logo":{"@type":"ImageObject","inLanguage":"hr","@id":"https:\/\/riwal-wpn.acceptatie.indicia-interactiv.nl\/hr\/#\/schema\/logo\/image\/","url":"","contentUrl":"","caption":"Riwal"},"image":{"@id":"https:\/\/riwal-wpn.acceptatie.indicia-interactiv.nl\/hr\/#\/schema\/logo\/image\/"}}]}},"_links":{"self":[{"href":"https:\/\/riwal-wpn.acceptatie.indicia-interactiv.nl\/hr\/wp-json\/wp\/v2\/pages\/3208","targetHints":{"allow":["GET"]}}],"collection":[{"href":"https:\/\/riwal-wpn.acceptatie.indicia-interactiv.nl\/hr\/wp-json\/wp\/v2\/pages"}],"about":[{"href":"https:\/\/riwal-wpn.acceptatie.indicia-interactiv.nl\/hr\/wp-json\/wp\/v2\/types\/page"}],"author":[{"embeddable":true,"href":"https:\/\/riwal-wpn.acceptatie.indicia-interactiv.nl\/hr\/wp-json\/wp\/v2\/users\/45"}],"replies":[{"embeddable":true,"href":"https:\/\/riwal-wpn.acceptatie.indicia-interactiv.nl\/hr\/wp-json\/wp\/v2\/comments?post=3208"}],"version-history":[{"count":2,"href":"https:\/\/riwal-wpn.acceptatie.indicia-interactiv.nl\/hr\/wp-json\/wp\/v2\/pages\/3208\/revisions"}],"predecessor-version":[{"id":3211,"href":"https:\/\/riwal-wpn.acceptatie.indicia-interactiv.nl\/hr\/wp-json\/wp\/v2\/pages\/3208\/revisions\/3211"}],"up":[{"embeddable":true,"href":"https:\/\/riwal-wpn.acceptatie.indicia-interactiv.nl\/hr\/wp-json\/wp\/v2\/pages\/3187"}],"wp:attachment":[{"href":"https:\/\/riwal-wpn.acceptatie.indicia-interactiv.nl\/hr\/wp-json\/wp\/v2\/media?parent=3208"}],"curies":[{"name":"wp","href":"https:\/\/api.w.org\/{rel}","templated":true}]}}