{"id":3223,"date":"2023-09-17T19:56:04","date_gmt":"2023-09-17T19:56:04","guid":{"rendered":"https:\/\/riwal-wpn.acceptatie.indicia-interactiv.nl\/hr\/?page_id=3223"},"modified":"2024-02-03T10:34:51","modified_gmt":"2024-02-03T10:34:51","slug":"slaganje","status":"publish","type":"page","link":"https:\/\/riwal-wpn.acceptatie.indicia-interactiv.nl\/hr\/strucnost\/gospodarske-grane\/slaganje\/","title":{"rendered":"Slaganje"},"content":{"rendered":"<div class=\"rental-wp-default-block rental-theme-block-default-margin\">\n\t\t\t\t\t\t\t\t<div class=\"container\">\n<div class=\"wp-block-columns is-layout-flex wp-container-core-columns-is-layout-28f84493 wp-block-columns-is-layout-flex\">\n<div class=\"wp-block-column is-layout-flow wp-block-column-is-layout-flow\" style=\"flex-basis:66.66%\">\n<p>Kao stru\u010dnjaci za rad na visini, imamo veliko iskustvo u pru\u017eanju najnaprednijih rje\u0161enja za sigurnu i u\u010dinkovitu ugradnju regali u distribucijskim centrima. Razumijemo da je efikasan rad stroja klju\u010dan za na\u0161e korisnike, kako bi se izbjeglo ka\u0161njenje u projektu. Zbog toga je na\u0161a tehni\u010dka podr\u0161ka na raspolaganju 24 sata dnevno, 7 dana u tjednu. Ako na\u0161i slu\u017ebenici u slu\u017ebi za tehni\u010dku podr\u0161ku ne mogu rije\u0161iti va\u0161 problem, tada \u0107e na\u0161i serviseri biti na va\u0161oj lokaciji \u0161to je prije mogu\u0107e.<\/p>\n\n\n\n<p>Pove\u0107ajte svoju u\u010dinkovitost obra\u0107anjem Riwalu za visokokvalitetnu opremu i uslugu koju isporu\u010dujemo na vrijeme te na bilo koju lokaciju, \u0161irom svijeta.<\/p>\n\n\n\n<p><strong>Rje\u0161enja po meri<\/strong><\/p>\n\n\n\n<p>Riwal nudi:<\/p>\n\n\n\n<ul class=\"wp-block-list\">\n<li>\u0160irok spektar uskih \u0161karastih platformi tvrtke Holland Lift, koji su vrlo pogodni za ugradnju u regala.<\/li>\n\n\n\n<li>\u0160irok raspon vilju\u0161kara na\u0161eg partnera za vilju\u0161kare, Jungheinrich.<\/li>\n\n\n\n<li>Mogu\u0107nost pru\u017eanja dodatne opreme kao \u0161to su radne kabine ili svjetlosni tornjevi.<\/li>\n\n\n\n<li>Specijalizirani cijevni nosa\u010di kako bi prijevoz gra\u0111evinskog materijala bio sigurniji i lak\u0161i.<\/li>\n\n\n\n<li>Flota koja se sastoji od vi\u0161e od 19.000 platforma za rad na visini, teleskopski utovariva\u010di i vilju\u0161kari.<\/li>\n\n\n\n<li>Treninge za operatere.<\/li>\n\n\n\n<li>Koordinacija prekograni\u010dnih projekata kako biste svoj posao na visini mogli zavr\u0161iti bezbri\u017eno i s jednom kontaktnom to\u010dkom u Riwalu, bez obzira na to gdje radite.<\/li>\n<\/ul>\n\n\n\n<p><strong>\u010cesto iznajmljivani strojevi<\/strong><\/p>\n\n\n\n<p>Idite izravno do strojeva koje tvrtke za slaganje \u010desto iznajmljuju.<\/p>\n\n\n\n<ul class=\"wp-block-list\">\n<li><a href=\"https:\/\/riwal-wpn.acceptatie.indicia-interactiv.nl\/croatia\/hr-hr\/rental\/products\/5637171826_jlg_530lrt\">JLG 530LRT&nbsp;\u0160karaste podizne platforme<\/a><\/li>\n\n\n\n<li><a href=\"https:\/\/riwal-wpn.acceptatie.indicia-interactiv.nl\/croatia\/hr-hr\/najam\/teleskopski-vilicari\/teleskopski-vilicar\">JLG 4017RS&nbsp;Teleskopski vili\u010dari<\/a><\/li>\n<\/ul>\n\n\n\n<p><strong>Kvaliteta i sigurnost<\/strong><\/p>\n\n\n\n<p>Sigurnost je jedna od glavnih vrijednosti u Riwalu. Pridr\u017eavamo se najvi\u0161ih sigurnosnih standarda s besprijekorno odr\u017eavanom, kvalitetnom opremom vode\u0107ih marki u industriji poput JLG-a. Prije svake isporuke strojevi se pregledavaju te su certificirani u skladu s lokalnim propisima. U suradnji s certificiranim ustanovama nudimo edukaciju za siguran rad na visini. Tako\u0111er smo certificirani po ISO standardu.<\/p>\n\n\n\n<p><strong>Primjer stranke montaze BROZ<\/strong><\/p>\n\n\n\n<p>U nastavku pogledajte video u kojem \u0107ete vidjeti kako je Riwal pru\u017eio podr\u0161ku globalnoj tvrtki za instalaciju regala, Montaze Broz u njihovim projektima.<\/p>\n\n\n\n<p><\/p>\n<\/div>\n\n\n\n<div class=\"wp-block-column is-layout-flow wp-block-column-is-layout-flow\" style=\"flex-basis:33.33%\"><ul class=\"filebird-block-filebird-gallery wp-block-gallery blocks-gallery-grid columns-2 is-cropped\" style=\"--columns: 2;--space: 0px;--min-width: 0px;\"><li class=\"blocks-gallery-item\"><figure><img loading=\"lazy\" decoding=\"async\" width=\"475\" height=\"475\" src=\"https:\/\/riwal-wpn.acceptatie.indicia-interactiv.nl\/app\/uploads\/sites\/11\/2023\/09\/Racking-at-project-Wielsbeke-1.webp\" alt=\"Racking at project Wielsbeke (1)\" class=\"wp-image-3232\" srcset=\"https:\/\/riwal-wpn.acceptatie.indicia-interactiv.nl\/app\/uploads\/sites\/11\/2023\/09\/Racking-at-project-Wielsbeke-1.webp 475w, https:\/\/riwal-wpn.acceptatie.indicia-interactiv.nl\/app\/uploads\/sites\/11\/2023\/09\/Racking-at-project-Wielsbeke-1-150x150.webp 150w, https:\/\/riwal-wpn.acceptatie.indicia-interactiv.nl\/app\/uploads\/sites\/11\/2023\/09\/Racking-at-project-Wielsbeke-1-300x300.webp 300w, https:\/\/riwal-wpn.acceptatie.indicia-interactiv.nl\/app\/uploads\/sites\/11\/2023\/09\/Racking-at-project-Wielsbeke-1-178x178.webp 178w, https:\/\/riwal-wpn.acceptatie.indicia-interactiv.nl\/app\/uploads\/sites\/11\/2023\/09\/Racking-at-project-Wielsbeke-1-390x390.webp 390w, https:\/\/riwal-wpn.acceptatie.indicia-interactiv.nl\/app\/uploads\/sites\/11\/2023\/09\/Racking-at-project-Wielsbeke-1-200x200.webp 200w\" sizes=\"auto, (max-width: 475px) 100vw, 475px\" \/><\/figure><\/li><li class=\"blocks-gallery-item\"><figure><img loading=\"lazy\" decoding=\"async\" width=\"475\" height=\"267\" src=\"https:\/\/riwal-wpn.acceptatie.indicia-interactiv.nl\/app\/uploads\/sites\/11\/2023\/09\/20150811_091546.webp\" alt=\"20150811_091546\" class=\"wp-image-3229\" srcset=\"https:\/\/riwal-wpn.acceptatie.indicia-interactiv.nl\/app\/uploads\/sites\/11\/2023\/09\/20150811_091546.webp 475w, https:\/\/riwal-wpn.acceptatie.indicia-interactiv.nl\/app\/uploads\/sites\/11\/2023\/09\/20150811_091546-300x169.webp 300w, https:\/\/riwal-wpn.acceptatie.indicia-interactiv.nl\/app\/uploads\/sites\/11\/2023\/09\/20150811_091546-178x100.webp 178w, https:\/\/riwal-wpn.acceptatie.indicia-interactiv.nl\/app\/uploads\/sites\/11\/2023\/09\/20150811_091546-390x219.webp 390w, https:\/\/riwal-wpn.acceptatie.indicia-interactiv.nl\/app\/uploads\/sites\/11\/2023\/09\/20150811_091546-250x141.webp 250w\" sizes=\"auto, (max-width: 475px) 100vw, 475px\" \/><\/figure><\/li><li class=\"blocks-gallery-item\"><figure><img loading=\"lazy\" decoding=\"async\" width=\"475\" height=\"276\" src=\"https:\/\/riwal-wpn.acceptatie.indicia-interactiv.nl\/app\/uploads\/sites\/11\/2023\/09\/Screenshot-20190121-at-102141-AM.webp\" alt=\"Screenshot 20190121 at 102141 AM\" class=\"wp-image-3230\" srcset=\"https:\/\/riwal-wpn.acceptatie.indicia-interactiv.nl\/app\/uploads\/sites\/11\/2023\/09\/Screenshot-20190121-at-102141-AM.webp 475w, https:\/\/riwal-wpn.acceptatie.indicia-interactiv.nl\/app\/uploads\/sites\/11\/2023\/09\/Screenshot-20190121-at-102141-AM-300x174.webp 300w, https:\/\/riwal-wpn.acceptatie.indicia-interactiv.nl\/app\/uploads\/sites\/11\/2023\/09\/Screenshot-20190121-at-102141-AM-178x103.webp 178w, https:\/\/riwal-wpn.acceptatie.indicia-interactiv.nl\/app\/uploads\/sites\/11\/2023\/09\/Screenshot-20190121-at-102141-AM-390x227.webp 390w, https:\/\/riwal-wpn.acceptatie.indicia-interactiv.nl\/app\/uploads\/sites\/11\/2023\/09\/Screenshot-20190121-at-102141-AM-250x145.webp 250w\" sizes=\"auto, (max-width: 475px) 100vw, 475px\" \/><\/figure><\/li><li class=\"blocks-gallery-item\"><figure><img loading=\"lazy\" decoding=\"async\" width=\"475\" height=\"243\" src=\"https:\/\/riwal-wpn.acceptatie.indicia-interactiv.nl\/app\/uploads\/sites\/11\/2023\/09\/Racking.webp\" alt=\"Racking\" class=\"wp-image-3231\" srcset=\"https:\/\/riwal-wpn.acceptatie.indicia-interactiv.nl\/app\/uploads\/sites\/11\/2023\/09\/Racking.webp 475w, https:\/\/riwal-wpn.acceptatie.indicia-interactiv.nl\/app\/uploads\/sites\/11\/2023\/09\/Racking-300x153.webp 300w, https:\/\/riwal-wpn.acceptatie.indicia-interactiv.nl\/app\/uploads\/sites\/11\/2023\/09\/Racking-178x91.webp 178w, https:\/\/riwal-wpn.acceptatie.indicia-interactiv.nl\/app\/uploads\/sites\/11\/2023\/09\/Racking-390x200.webp 390w, https:\/\/riwal-wpn.acceptatie.indicia-interactiv.nl\/app\/uploads\/sites\/11\/2023\/09\/Racking-250x128.webp 250w\" sizes=\"auto, (max-width: 475px) 100vw, 475px\" \/><\/figure><\/li><li class=\"blocks-gallery-item\"><figure><img loading=\"lazy\" decoding=\"async\" width=\"475\" height=\"237\" src=\"https:\/\/riwal-wpn.acceptatie.indicia-interactiv.nl\/app\/uploads\/sites\/11\/2023\/09\/All-machines-in-action-Crane-scissors-Magni-2-1.webp\" alt=\"All machines in action Crane scissors Magni 2 (1)\" class=\"wp-image-3226\" srcset=\"https:\/\/riwal-wpn.acceptatie.indicia-interactiv.nl\/app\/uploads\/sites\/11\/2023\/09\/All-machines-in-action-Crane-scissors-Magni-2-1.webp 475w, https:\/\/riwal-wpn.acceptatie.indicia-interactiv.nl\/app\/uploads\/sites\/11\/2023\/09\/All-machines-in-action-Crane-scissors-Magni-2-1-300x150.webp 300w, https:\/\/riwal-wpn.acceptatie.indicia-interactiv.nl\/app\/uploads\/sites\/11\/2023\/09\/All-machines-in-action-Crane-scissors-Magni-2-1-178x89.webp 178w, https:\/\/riwal-wpn.acceptatie.indicia-interactiv.nl\/app\/uploads\/sites\/11\/2023\/09\/All-machines-in-action-Crane-scissors-Magni-2-1-390x195.webp 390w, https:\/\/riwal-wpn.acceptatie.indicia-interactiv.nl\/app\/uploads\/sites\/11\/2023\/09\/All-machines-in-action-Crane-scissors-Magni-2-1-250x125.webp 250w\" sizes=\"auto, (max-width: 475px) 100vw, 475px\" \/><\/figure><\/li><li class=\"blocks-gallery-item\"><figure><img loading=\"lazy\" decoding=\"async\" width=\"475\" height=\"267\" src=\"https:\/\/riwal-wpn.acceptatie.indicia-interactiv.nl\/app\/uploads\/sites\/11\/2023\/09\/20181023_101910-01-1.webp\" alt=\"20181023_101910-01 (1)\" class=\"wp-image-3227\" srcset=\"https:\/\/riwal-wpn.acceptatie.indicia-interactiv.nl\/app\/uploads\/sites\/11\/2023\/09\/20181023_101910-01-1.webp 475w, https:\/\/riwal-wpn.acceptatie.indicia-interactiv.nl\/app\/uploads\/sites\/11\/2023\/09\/20181023_101910-01-1-300x169.webp 300w, https:\/\/riwal-wpn.acceptatie.indicia-interactiv.nl\/app\/uploads\/sites\/11\/2023\/09\/20181023_101910-01-1-178x100.webp 178w, https:\/\/riwal-wpn.acceptatie.indicia-interactiv.nl\/app\/uploads\/sites\/11\/2023\/09\/20181023_101910-01-1-390x219.webp 390w, https:\/\/riwal-wpn.acceptatie.indicia-interactiv.nl\/app\/uploads\/sites\/11\/2023\/09\/20181023_101910-01-1-250x141.webp 250w\" sizes=\"auto, (max-width: 475px) 100vw, 475px\" \/><\/figure><\/li><li class=\"blocks-gallery-item\"><figure><img loading=\"lazy\" decoding=\"async\" width=\"475\" height=\"267\" src=\"https:\/\/riwal-wpn.acceptatie.indicia-interactiv.nl\/app\/uploads\/sites\/11\/2023\/09\/20150811_102706.webp\" alt=\"20150811_102706\" class=\"wp-image-3228\" srcset=\"https:\/\/riwal-wpn.acceptatie.indicia-interactiv.nl\/app\/uploads\/sites\/11\/2023\/09\/20150811_102706.webp 475w, https:\/\/riwal-wpn.acceptatie.indicia-interactiv.nl\/app\/uploads\/sites\/11\/2023\/09\/20150811_102706-300x169.webp 300w, https:\/\/riwal-wpn.acceptatie.indicia-interactiv.nl\/app\/uploads\/sites\/11\/2023\/09\/20150811_102706-178x100.webp 178w, https:\/\/riwal-wpn.acceptatie.indicia-interactiv.nl\/app\/uploads\/sites\/11\/2023\/09\/20150811_102706-390x219.webp 390w, https:\/\/riwal-wpn.acceptatie.indicia-interactiv.nl\/app\/uploads\/sites\/11\/2023\/09\/20150811_102706-250x141.webp 250w\" sizes=\"auto, (max-width: 475px) 100vw, 475px\" \/><\/figure><\/li><\/ul><\/div>\n<\/div>\n<\/div>\n\t\t\t\t\t\t\t<\/div> ","protected":false},"excerpt":{"rendered":"<p>Kao stru\u010dnjaci za rad na visini, imamo veliko iskustvo u pru\u017eanju najnaprednijih rje\u0161enja za sigurnu i u\u010dinkovitu ugradnju regali u distribucijskim centrima. Razumijemo da je efikasan rad stroja klju\u010dan za na\u0161e korisnike, kako bi se izbjeglo ka\u0161njenje u projektu. Zbog toga je na\u0161a tehni\u010dka podr\u0161ka na raspolaganju 24 sata dnevno, 7 dana u tjednu. Ako &hellip; <a href=\"https:\/\/riwal-wpn.acceptatie.indicia-interactiv.nl\/hr\/strucnost\/gospodarske-grane\/slaganje\/\">Nastavak<\/a><\/p>\n","protected":false},"author":45,"featured_media":0,"parent":3187,"menu_order":0,"comment_status":"closed","ping_status":"closed","template":"","meta":{"_acf_changed":false,"editor_notices":[],"footnotes":""},"class_list":["post-3223","page","type-page","status-publish","hentry"],"acf":[],"yoast_head":"<!-- This site is optimized with the Yoast SEO Premium plugin v27.1 (Yoast SEO v27.1.1) - https:\/\/yoast.com\/product\/yoast-seo-premium-wordpress\/ -->\n<title>Slaganje - Riwal Hrvatska<\/title>\n<meta name=\"robots\" content=\"noindex, follow, max-snippet:-1, max-image-preview:large, max-video-preview:-1\" \/>\n<meta property=\"og:locale\" content=\"hr_HR\" \/>\n<meta property=\"og:type\" content=\"article\" \/>\n<meta property=\"og:title\" content=\"Slaganje\" \/>\n<meta property=\"og:description\" content=\"Kao stru\u010dnjaci za rad na visini, imamo veliko iskustvo u pru\u017eanju najnaprednijih rje\u0161enja za sigurnu i u\u010dinkovitu ugradnju regali u distribucijskim centrima. Razumijemo da je efikasan rad stroja klju\u010dan za na\u0161e korisnike, kako bi se izbjeglo ka\u0161njenje u projektu. Zbog toga je na\u0161a tehni\u010dka podr\u0161ka na raspolaganju 24 sata dnevno, 7 dana u tjednu. Ako &hellip; Nastavak\" \/>\n<meta property=\"og:url\" content=\"https:\/\/riwal-wpn.acceptatie.indicia-interactiv.nl\/hr\/strucnost\/gospodarske-grane\/slaganje\/\" \/>\n<meta property=\"og:site_name\" content=\"Riwal Hrvatska\" \/>\n<meta property=\"article:modified_time\" content=\"2024-02-03T10:34:51+00:00\" \/>\n<meta name=\"twitter:card\" content=\"summary_large_image\" \/>\n<meta name=\"twitter:label1\" content=\"Est. reading time\" \/>\n\t<meta name=\"twitter:data1\" content=\"2 minute\" \/>\n<script type=\"application\/ld+json\" class=\"yoast-schema-graph\">{\"@context\":\"https:\/\/schema.org\",\"@graph\":[{\"@type\":\"WebPage\",\"@id\":\"https:\/\/riwal-wpn.acceptatie.indicia-interactiv.nl\/hr\/strucnost\/gospodarske-grane\/slaganje\/\",\"url\":\"https:\/\/riwal-wpn.acceptatie.indicia-interactiv.nl\/hr\/strucnost\/gospodarske-grane\/slaganje\/\",\"name\":\"Slaganje - Riwal Hrvatska\",\"isPartOf\":{\"@id\":\"https:\/\/riwal-wpn.acceptatie.indicia-interactiv.nl\/hr\/#website\"},\"datePublished\":\"2023-09-17T19:56:04+00:00\",\"dateModified\":\"2024-02-03T10:34:51+00:00\",\"breadcrumb\":{\"@id\":\"https:\/\/riwal-wpn.acceptatie.indicia-interactiv.nl\/hr\/strucnost\/gospodarske-grane\/slaganje\/#breadcrumb\"},\"inLanguage\":\"hr\",\"potentialAction\":[{\"@type\":\"ReadAction\",\"target\":[\"https:\/\/riwal-wpn.acceptatie.indicia-interactiv.nl\/hr\/strucnost\/gospodarske-grane\/slaganje\/\"]}]},{\"@type\":\"BreadcrumbList\",\"@id\":\"https:\/\/riwal-wpn.acceptatie.indicia-interactiv.nl\/hr\/strucnost\/gospodarske-grane\/slaganje\/#breadcrumb\",\"itemListElement\":[{\"@type\":\"ListItem\",\"position\":1,\"name\":\"Doma\",\"item\":\"https:\/\/riwal-wpn.acceptatie.indicia-interactiv.nl\/hr\/\"},{\"@type\":\"ListItem\",\"position\":2,\"name\":\"Stru\u010dnost\",\"item\":\"https:\/\/riwal-wpn.acceptatie.indicia-interactiv.nl\/hr\/strucnost\/\"},{\"@type\":\"ListItem\",\"position\":3,\"name\":\"Gospodarske grane\",\"item\":\"https:\/\/riwal-wpn.acceptatie.indicia-interactiv.nl\/hr\/strucnost\/gospodarske-grane\/\"},{\"@type\":\"ListItem\",\"position\":4,\"name\":\"Slaganje\"}]},{\"@type\":\"WebSite\",\"@id\":\"https:\/\/riwal-wpn.acceptatie.indicia-interactiv.nl\/hr\/#website\",\"url\":\"https:\/\/riwal-wpn.acceptatie.indicia-interactiv.nl\/hr\/\",\"name\":\"Riwal\",\"description\":\"Arial work platform &amp; Telehandler Rental\/Sales\",\"publisher\":{\"@id\":\"https:\/\/riwal-wpn.acceptatie.indicia-interactiv.nl\/hr\/#organization\"},\"potentialAction\":[{\"@type\":\"SearchAction\",\"target\":{\"@type\":\"EntryPoint\",\"urlTemplate\":\"https:\/\/riwal-wpn.acceptatie.indicia-interactiv.nl\/hr\/?s={search_term_string}\"},\"query-input\":{\"@type\":\"PropertyValueSpecification\",\"valueRequired\":true,\"valueName\":\"search_term_string\"}}],\"inLanguage\":\"hr\"},{\"@type\":\"Organization\",\"@id\":\"https:\/\/riwal-wpn.acceptatie.indicia-interactiv.nl\/hr\/#organization\",\"name\":\"Riwal\",\"url\":\"https:\/\/riwal-wpn.acceptatie.indicia-interactiv.nl\/hr\/\",\"logo\":{\"@type\":\"ImageObject\",\"inLanguage\":\"hr\",\"@id\":\"https:\/\/riwal-wpn.acceptatie.indicia-interactiv.nl\/hr\/#\/schema\/logo\/image\/\",\"url\":\"\",\"contentUrl\":\"\",\"caption\":\"Riwal\"},\"image\":{\"@id\":\"https:\/\/riwal-wpn.acceptatie.indicia-interactiv.nl\/hr\/#\/schema\/logo\/image\/\"}}]}<\/script>\n<!-- \/ Yoast SEO Premium plugin. -->","yoast_head_json":{"title":"Slaganje - Riwal Hrvatska","robots":{"index":"noindex","follow":"follow","max-snippet":"max-snippet:-1","max-image-preview":"max-image-preview:large","max-video-preview":"max-video-preview:-1"},"og_locale":"hr_HR","og_type":"article","og_title":"Slaganje","og_description":"Kao stru\u010dnjaci za rad na visini, imamo veliko iskustvo u pru\u017eanju najnaprednijih rje\u0161enja za sigurnu i u\u010dinkovitu ugradnju regali u distribucijskim centrima. Razumijemo da je efikasan rad stroja klju\u010dan za na\u0161e korisnike, kako bi se izbjeglo ka\u0161njenje u projektu. Zbog toga je na\u0161a tehni\u010dka podr\u0161ka na raspolaganju 24 sata dnevno, 7 dana u tjednu. Ako &hellip; Nastavak","og_url":"https:\/\/riwal-wpn.acceptatie.indicia-interactiv.nl\/hr\/strucnost\/gospodarske-grane\/slaganje\/","og_site_name":"Riwal Hrvatska","article_modified_time":"2024-02-03T10:34:51+00:00","twitter_card":"summary_large_image","twitter_misc":{"Est. reading time":"2 minute"},"schema":{"@context":"https:\/\/schema.org","@graph":[{"@type":"WebPage","@id":"https:\/\/riwal-wpn.acceptatie.indicia-interactiv.nl\/hr\/strucnost\/gospodarske-grane\/slaganje\/","url":"https:\/\/riwal-wpn.acceptatie.indicia-interactiv.nl\/hr\/strucnost\/gospodarske-grane\/slaganje\/","name":"Slaganje - Riwal Hrvatska","isPartOf":{"@id":"https:\/\/riwal-wpn.acceptatie.indicia-interactiv.nl\/hr\/#website"},"datePublished":"2023-09-17T19:56:04+00:00","dateModified":"2024-02-03T10:34:51+00:00","breadcrumb":{"@id":"https:\/\/riwal-wpn.acceptatie.indicia-interactiv.nl\/hr\/strucnost\/gospodarske-grane\/slaganje\/#breadcrumb"},"inLanguage":"hr","potentialAction":[{"@type":"ReadAction","target":["https:\/\/riwal-wpn.acceptatie.indicia-interactiv.nl\/hr\/strucnost\/gospodarske-grane\/slaganje\/"]}]},{"@type":"BreadcrumbList","@id":"https:\/\/riwal-wpn.acceptatie.indicia-interactiv.nl\/hr\/strucnost\/gospodarske-grane\/slaganje\/#breadcrumb","itemListElement":[{"@type":"ListItem","position":1,"name":"Doma","item":"https:\/\/riwal-wpn.acceptatie.indicia-interactiv.nl\/hr\/"},{"@type":"ListItem","position":2,"name":"Stru\u010dnost","item":"https:\/\/riwal-wpn.acceptatie.indicia-interactiv.nl\/hr\/strucnost\/"},{"@type":"ListItem","position":3,"name":"Gospodarske grane","item":"https:\/\/riwal-wpn.acceptatie.indicia-interactiv.nl\/hr\/strucnost\/gospodarske-grane\/"},{"@type":"ListItem","position":4,"name":"Slaganje"}]},{"@type":"WebSite","@id":"https:\/\/riwal-wpn.acceptatie.indicia-interactiv.nl\/hr\/#website","url":"https:\/\/riwal-wpn.acceptatie.indicia-interactiv.nl\/hr\/","name":"Riwal","description":"Arial work platform &amp; Telehandler Rental\/Sales","publisher":{"@id":"https:\/\/riwal-wpn.acceptatie.indicia-interactiv.nl\/hr\/#organization"},"potentialAction":[{"@type":"SearchAction","target":{"@type":"EntryPoint","urlTemplate":"https:\/\/riwal-wpn.acceptatie.indicia-interactiv.nl\/hr\/?s={search_term_string}"},"query-input":{"@type":"PropertyValueSpecification","valueRequired":true,"valueName":"search_term_string"}}],"inLanguage":"hr"},{"@type":"Organization","@id":"https:\/\/riwal-wpn.acceptatie.indicia-interactiv.nl\/hr\/#organization","name":"Riwal","url":"https:\/\/riwal-wpn.acceptatie.indicia-interactiv.nl\/hr\/","logo":{"@type":"ImageObject","inLanguage":"hr","@id":"https:\/\/riwal-wpn.acceptatie.indicia-interactiv.nl\/hr\/#\/schema\/logo\/image\/","url":"","contentUrl":"","caption":"Riwal"},"image":{"@id":"https:\/\/riwal-wpn.acceptatie.indicia-interactiv.nl\/hr\/#\/schema\/logo\/image\/"}}]}},"_links":{"self":[{"href":"https:\/\/riwal-wpn.acceptatie.indicia-interactiv.nl\/hr\/wp-json\/wp\/v2\/pages\/3223","targetHints":{"allow":["GET"]}}],"collection":[{"href":"https:\/\/riwal-wpn.acceptatie.indicia-interactiv.nl\/hr\/wp-json\/wp\/v2\/pages"}],"about":[{"href":"https:\/\/riwal-wpn.acceptatie.indicia-interactiv.nl\/hr\/wp-json\/wp\/v2\/types\/page"}],"author":[{"embeddable":true,"href":"https:\/\/riwal-wpn.acceptatie.indicia-interactiv.nl\/hr\/wp-json\/wp\/v2\/users\/45"}],"replies":[{"embeddable":true,"href":"https:\/\/riwal-wpn.acceptatie.indicia-interactiv.nl\/hr\/wp-json\/wp\/v2\/comments?post=3223"}],"version-history":[{"count":6,"href":"https:\/\/riwal-wpn.acceptatie.indicia-interactiv.nl\/hr\/wp-json\/wp\/v2\/pages\/3223\/revisions"}],"predecessor-version":[{"id":4693,"href":"https:\/\/riwal-wpn.acceptatie.indicia-interactiv.nl\/hr\/wp-json\/wp\/v2\/pages\/3223\/revisions\/4693"}],"up":[{"embeddable":true,"href":"https:\/\/riwal-wpn.acceptatie.indicia-interactiv.nl\/hr\/wp-json\/wp\/v2\/pages\/3187"}],"wp:attachment":[{"href":"https:\/\/riwal-wpn.acceptatie.indicia-interactiv.nl\/hr\/wp-json\/wp\/v2\/media?parent=3223"}],"curies":[{"name":"wp","href":"https:\/\/api.w.org\/{rel}","templated":true}]}}