{"id":3240,"date":"2023-09-17T20:15:47","date_gmt":"2023-09-17T20:15:47","guid":{"rendered":"https:\/\/riwal-wpn.acceptatie.indicia-interactiv.nl\/hr\/?page_id=3240"},"modified":"2024-02-03T20:55:53","modified_gmt":"2024-02-03T20:55:53","slug":"sigurnost","status":"publish","type":"page","link":"https:\/\/riwal-wpn.acceptatie.indicia-interactiv.nl\/hr\/strucnost\/sigurnost\/","title":{"rendered":"Sigurnost"},"content":{"rendered":"<div class=\"container\">\n<h2 class=\"wp-block-heading\" id=\"h-vasa-je-sigurnost-nasa-glavna-briga\">VA\u0160A JE SIGURNOST NA\u0160A GLAVNA BRIGA<\/h2>\n<\/div>\n\n<div class=\"rental-wp-default-block rental-theme-block-default-margin\">\n\t\t\t\t\t\t\t\t<div class=\"container\">\n<div class=\"wp-block-columns is-layout-flex wp-container-core-columns-is-layout-28f84493 wp-block-columns-is-layout-flex\">\n<div class=\"wp-block-column is-layout-flow wp-block-column-is-layout-flow\" style=\"flex-basis:66.66%\">\n<p><strong>U Riwalu Hrvatska sve aspekte sigurnosti i korporativne odgovornosti &nbsp;ozbiljno shva\u0107amo.&nbsp;Uvijek nastojimo pru\u017eiti &nbsp;klijentima i zaposlenicima najsigurnije radne uvjete osiguravaju\u0107i &nbsp;im sve va\u017ene uvjete; provedene &nbsp;neophodne obuke te &nbsp;omogu\u0107avamo polaganje prakti\u010dnih &nbsp;smjernica obuke.&nbsp;Na\u0161e poslovanje se temelji na &nbsp;za\u0161titi zdravlja i sigurnosti na radu.&nbsp;\u010clan smo ISO 9001:2015&nbsp; koji osigurava da su na\u0161i proizvodi i usluge sigurni, pouzdani i dobre kvalitete.&nbsp;Osiguravamo odr\u017eavanje i &nbsp;pobolj\u0161anje na\u0161ih visokih standarda&nbsp;sigurnosti i kvalitete.<\/strong><\/p>\n\n\n\n<p>U na\u0161em poslovanju sigurnost je apsolutno neophodna za na\u0161u ponudu proizvoda &#8211; doista je to na\u0161 najva\u017eniji proizvod. Omogu\u0107ujemo siguran pristup i nikada ne\u0107emo napraviti kompromis u pogledu sigurnosti, jer je sigurnost jedna od na\u0161ih temeljnih vrijednosti. U praksi to zna\u010di sigurnu opremu, sigurne procese te znanje i svijest koja dolazi od obuke i ugra\u0111ene kulture sigurnosti.<\/p>\n\n\n\n<p><strong>Sigurna oprema<\/strong><br>Sigurna oprema po\u010dinje kvalitetnom opremom i stru\u010dnim odr\u017eavanjem. Kad god se dio opreme vra\u0107a u neko od na\u0161ih skladi\u0161ta, provjerava se od vrha do dna i po potrebi se provodi svako potrebno odr\u017eavanje. Sva oprema se pregledava i odobrava svake godine.<br><strong><\/strong><\/p>\n\n\n\n<p><strong>Sigurne prakse<\/strong><br>Osiguravamo sigurnu praksu u svakoj fazi pridr\u017eavaju\u0107i se standarda ISO 45001:2018 koji je me\u0111unarodni standard za upravljanje zdravljem i sigurno\u0161\u0107u. S na\u0161im ISO 45001:2018 certifikatom mo\u017eemo pru\u017eiti jamstvo na\u0161im klijentima da imamo sveobuhvatni sustav za smanjenje rizika od nezgode na minimum.<strong><\/strong><\/p>\n\n\n\n<p><strong>Kultura sigurnosti<\/strong><br>Sigurna oprema i sigurne prakse jedna su stvar, ali nisu dovoljne bez znanja i kulture sigurnosti. Zato pru\u017eamo obuku vlastitim ljudima i zato na\u0161im klijentima nudimo obuku o sigurnom radu na\u0161e opreme, sa certificiranim, obrazovanim trenerima. Tamo gdje lokalni propisi o sigurnosti zahtijevaju posebne certifikate, osiguravamo da su svi radnici i nadzornici uspje\u0161no zavr\u0161ili potrebnu obuku i da su u potpunosti u skladu s tim lokalnim propisima.<\/p>\n\n\n\n<p>Svaki sastanak osoblja u bilo kojem od na\u0161ih gotovo 70 depoa po\u010dinje s sigurno\u0161\u0107u. Svakog tjedna klju\u010dno osoblje vodi \u201csigurnosnu \u0161etnju\u201d oko skladi\u0161ta kako bi provjerilo da li postoji bilo kakav rizik. I op\u0107enitije, tra\u017eimo od na\u0161ih zaposlenika da daju prijedloge kad god vide ne\u0161to \u0161to bi moglo predstavljati sigurnosni rizik. Sva pitanja i incidenti zabilje\u017eeni su na na\u0161em \u201eOdboru za pobolj\u0161anje\u201c &#8211; i djelovali su prema njima. Na\u0161 cilj je nula nesre\u0107a i incidenata, i naporno radimo kako bismo to postigli proaktivnim pristupom sigurnosti.<\/p>\n\n\n\n<p><strong>Kliknite za preuzimanje certifikata za sigurnost i kvalitetu:<\/strong><\/p>\n\n\n\n<ul class=\"wp-block-list\">\n<li><strong><a href=\"https:\/\/riwal-wpn.acceptatie.indicia-interactiv.nl\/-\/media\/Croatia\/PDF_dokumenti\/ISO-45001-Croatia_281885CC9-2019-AHSO-NLD-RvA_20210128-20210128-20210202102944.pdf?la=hr-HR\">ISO 45001 &#8211;&nbsp;sustav upravljanja za\u0161titom zdravlja i sigurno\u0161\u0107u na radu<\/a><\/strong><\/li>\n\n\n\n<li><strong><\/strong><strong><a href=\"https:\/\/riwal-wpn.acceptatie.indicia-interactiv.nl\/-\/media\/Croatia\/PDF_dokumenti\/ISO-9001-CRO-2019.pdf?la=hr-HR\">ISO 9001 &#8211;&nbsp;sustav upravljanja kvalitetom<\/a><\/strong><\/li>\n\n\n\n<li><strong><\/strong><strong><a href=\"https:\/\/riwal-wpn.acceptatie.indicia-interactiv.nl\/-\/media\/Croatia\/PDF_dokumenti\/ISO-14001-CRO---Site_cert_281884CC19-2019-AE-NLD-RvA_ENG_Croatia.pdf?la=hr-HR\">ISO 14001 &#8211;&nbsp;sustav upravljanja okoli\u0161em<\/a><\/strong><\/li>\n<\/ul>\n\n\n\n<p><strong>Naglasak na sigurnosti prilikom prijevoza opreme za dizanje<\/strong><\/p>\n\n\n\n<p>Za na\u0161e prijevoznike, kao i sve kupce koji se sami brinu o prijevozu opreme za dizanje, napravili smo poseban video o sigurnom utovaru i istovaru opreme za dizanje. Njime \u017eelimo skrenuti pozornost na sve detalje koji su izuzetno va\u017eni za sigurnost prilikom utovara i istovara. Kliknite za gledanje videozapisa u nastavku.<\/p>\n<\/div>\n\n\n\n<div class=\"wp-block-column is-layout-flow wp-block-column-is-layout-flow\" style=\"flex-basis:33.33%\">\n<div class=\"wp-block-buttons is-layout-flex wp-block-buttons-is-layout-flex\">\n<div class=\"wp-block-button\"><a class=\"wp-block-button__link wp-element-button\" href=\"https:\/\/riwal-wpn.acceptatie.indicia-interactiv.nl\/hr\/strucnost\/10-safety-tips\/\">10 sigurnih savjeta<\/a><\/div>\n<\/div>\n<\/div>\n<\/div>\n<\/div>\n\t\t\t\t\t\t\t<\/div> \n\n<div class=\"container\">\n<p><strong>SIGURAN UTOVAR\/ISTOVAR RADNIH PLATFORMI<\/strong><\/p>\n<\/div>\n\n<div class=\"rental-wp-default-block rental-theme-block-default-margin\"><div class=\"container\">\n<figure class=\"wp-block-embed is-type-video is-provider-youtube wp-block-embed-youtube\"><div class=\"wp-block-embed__wrapper\">\n<iframe title=\"Siguran utovar\/istovar radnih platformi - Riwal Hrvatska\" width=\"500\" height=\"281\" data-icn-src=\"https:\/\/www.youtube.com\/embed\/ktK2wCKKmXY?feature=oembed\" frameborder=\"0\" allow=\"accelerometer; autoplay; clipboard-write; encrypted-media; gyroscope; picture-in-picture; web-share\" referrerpolicy=\"strict-origin-when-cross-origin\" allowfullscreen><\/iframe>\n<\/div><\/figure>\n<\/div><\/div>","protected":false},"excerpt":{"rendered":"<p>VA\u0160A JE SIGURNOST NA\u0160A GLAVNA BRIGA U Riwalu Hrvatska sve aspekte sigurnosti i korporativne odgovornosti &nbsp;ozbiljno shva\u0107amo.&nbsp;Uvijek nastojimo pru\u017eiti &nbsp;klijentima i zaposlenicima najsigurnije radne uvjete osiguravaju\u0107i &nbsp;im sve va\u017ene uvjete; provedene &nbsp;neophodne obuke te &nbsp;omogu\u0107avamo polaganje prakti\u010dnih &nbsp;smjernica obuke.&nbsp;Na\u0161e poslovanje se temelji na &nbsp;za\u0161titi zdravlja i sigurnosti na radu.&nbsp;\u010clan smo ISO 9001:2015&nbsp; koji osigurava da &hellip; <a href=\"https:\/\/riwal-wpn.acceptatie.indicia-interactiv.nl\/hr\/strucnost\/sigurnost\/\">Nastavak<\/a><\/p>\n","protected":false},"author":45,"featured_media":0,"parent":3177,"menu_order":0,"comment_status":"closed","ping_status":"closed","template":"","meta":{"_acf_changed":false,"editor_notices":[],"footnotes":""},"class_list":["post-3240","page","type-page","status-publish","hentry"],"acf":[],"yoast_head":"<!-- This site is optimized with the Yoast SEO Premium plugin v27.1 (Yoast SEO v27.1.1) - https:\/\/yoast.com\/product\/yoast-seo-premium-wordpress\/ -->\n<title>Siguran rad na visini - Riwal Hrvatska<\/title>\n<meta name=\"description\" content=\"Nazovite Riwal za siguran rad na visini.\" \/>\n<meta name=\"robots\" content=\"noindex, follow, max-snippet:-1, max-image-preview:large, max-video-preview:-1\" \/>\n<meta property=\"og:locale\" content=\"hr_HR\" \/>\n<meta property=\"og:type\" content=\"article\" \/>\n<meta property=\"og:title\" content=\"Sigurnost\" \/>\n<meta property=\"og:description\" content=\"Nazovite Riwal za siguran rad na visini.\" \/>\n<meta property=\"og:url\" content=\"https:\/\/riwal-wpn.acceptatie.indicia-interactiv.nl\/hr\/strucnost\/sigurnost\/\" \/>\n<meta property=\"og:site_name\" content=\"Riwal Hrvatska\" \/>\n<meta property=\"article:modified_time\" content=\"2024-02-03T20:55:53+00:00\" \/>\n<meta name=\"twitter:card\" content=\"summary_large_image\" \/>\n<meta name=\"twitter:label1\" content=\"Est. reading time\" \/>\n\t<meta name=\"twitter:data1\" content=\"3 minute\" \/>\n<script type=\"application\/ld+json\" class=\"yoast-schema-graph\">{\"@context\":\"https:\/\/schema.org\",\"@graph\":[{\"@type\":\"WebPage\",\"@id\":\"https:\/\/riwal-wpn.acceptatie.indicia-interactiv.nl\/hr\/strucnost\/sigurnost\/\",\"url\":\"https:\/\/riwal-wpn.acceptatie.indicia-interactiv.nl\/hr\/strucnost\/sigurnost\/\",\"name\":\"Siguran rad na visini - Riwal Hrvatska\",\"isPartOf\":{\"@id\":\"https:\/\/riwal-wpn.acceptatie.indicia-interactiv.nl\/hr\/#website\"},\"datePublished\":\"2023-09-17T20:15:47+00:00\",\"dateModified\":\"2024-02-03T20:55:53+00:00\",\"description\":\"Nazovite Riwal za siguran rad na visini.\",\"breadcrumb\":{\"@id\":\"https:\/\/riwal-wpn.acceptatie.indicia-interactiv.nl\/hr\/strucnost\/sigurnost\/#breadcrumb\"},\"inLanguage\":\"hr\",\"potentialAction\":[{\"@type\":\"ReadAction\",\"target\":[\"https:\/\/riwal-wpn.acceptatie.indicia-interactiv.nl\/hr\/strucnost\/sigurnost\/\"]}]},{\"@type\":\"BreadcrumbList\",\"@id\":\"https:\/\/riwal-wpn.acceptatie.indicia-interactiv.nl\/hr\/strucnost\/sigurnost\/#breadcrumb\",\"itemListElement\":[{\"@type\":\"ListItem\",\"position\":1,\"name\":\"Doma\",\"item\":\"https:\/\/riwal-wpn.acceptatie.indicia-interactiv.nl\/hr\/\"},{\"@type\":\"ListItem\",\"position\":2,\"name\":\"Stru\u010dnost\",\"item\":\"https:\/\/riwal-wpn.acceptatie.indicia-interactiv.nl\/hr\/strucnost\/\"},{\"@type\":\"ListItem\",\"position\":3,\"name\":\"Sigurnost\"}]},{\"@type\":\"WebSite\",\"@id\":\"https:\/\/riwal-wpn.acceptatie.indicia-interactiv.nl\/hr\/#website\",\"url\":\"https:\/\/riwal-wpn.acceptatie.indicia-interactiv.nl\/hr\/\",\"name\":\"Riwal\",\"description\":\"Arial work platform &amp; Telehandler Rental\/Sales\",\"publisher\":{\"@id\":\"https:\/\/riwal-wpn.acceptatie.indicia-interactiv.nl\/hr\/#organization\"},\"potentialAction\":[{\"@type\":\"SearchAction\",\"target\":{\"@type\":\"EntryPoint\",\"urlTemplate\":\"https:\/\/riwal-wpn.acceptatie.indicia-interactiv.nl\/hr\/?s={search_term_string}\"},\"query-input\":{\"@type\":\"PropertyValueSpecification\",\"valueRequired\":true,\"valueName\":\"search_term_string\"}}],\"inLanguage\":\"hr\"},{\"@type\":\"Organization\",\"@id\":\"https:\/\/riwal-wpn.acceptatie.indicia-interactiv.nl\/hr\/#organization\",\"name\":\"Riwal\",\"url\":\"https:\/\/riwal-wpn.acceptatie.indicia-interactiv.nl\/hr\/\",\"logo\":{\"@type\":\"ImageObject\",\"inLanguage\":\"hr\",\"@id\":\"https:\/\/riwal-wpn.acceptatie.indicia-interactiv.nl\/hr\/#\/schema\/logo\/image\/\",\"url\":\"\",\"contentUrl\":\"\",\"caption\":\"Riwal\"},\"image\":{\"@id\":\"https:\/\/riwal-wpn.acceptatie.indicia-interactiv.nl\/hr\/#\/schema\/logo\/image\/\"}}]}<\/script>\n<!-- \/ Yoast SEO Premium plugin. -->","yoast_head_json":{"title":"Siguran rad na visini - Riwal Hrvatska","description":"Nazovite Riwal za siguran rad na visini.","robots":{"index":"noindex","follow":"follow","max-snippet":"max-snippet:-1","max-image-preview":"max-image-preview:large","max-video-preview":"max-video-preview:-1"},"og_locale":"hr_HR","og_type":"article","og_title":"Sigurnost","og_description":"Nazovite Riwal za siguran rad na visini.","og_url":"https:\/\/riwal-wpn.acceptatie.indicia-interactiv.nl\/hr\/strucnost\/sigurnost\/","og_site_name":"Riwal Hrvatska","article_modified_time":"2024-02-03T20:55:53+00:00","twitter_card":"summary_large_image","twitter_misc":{"Est. reading time":"3 minute"},"schema":{"@context":"https:\/\/schema.org","@graph":[{"@type":"WebPage","@id":"https:\/\/riwal-wpn.acceptatie.indicia-interactiv.nl\/hr\/strucnost\/sigurnost\/","url":"https:\/\/riwal-wpn.acceptatie.indicia-interactiv.nl\/hr\/strucnost\/sigurnost\/","name":"Siguran rad na visini - Riwal Hrvatska","isPartOf":{"@id":"https:\/\/riwal-wpn.acceptatie.indicia-interactiv.nl\/hr\/#website"},"datePublished":"2023-09-17T20:15:47+00:00","dateModified":"2024-02-03T20:55:53+00:00","description":"Nazovite Riwal za siguran rad na visini.","breadcrumb":{"@id":"https:\/\/riwal-wpn.acceptatie.indicia-interactiv.nl\/hr\/strucnost\/sigurnost\/#breadcrumb"},"inLanguage":"hr","potentialAction":[{"@type":"ReadAction","target":["https:\/\/riwal-wpn.acceptatie.indicia-interactiv.nl\/hr\/strucnost\/sigurnost\/"]}]},{"@type":"BreadcrumbList","@id":"https:\/\/riwal-wpn.acceptatie.indicia-interactiv.nl\/hr\/strucnost\/sigurnost\/#breadcrumb","itemListElement":[{"@type":"ListItem","position":1,"name":"Doma","item":"https:\/\/riwal-wpn.acceptatie.indicia-interactiv.nl\/hr\/"},{"@type":"ListItem","position":2,"name":"Stru\u010dnost","item":"https:\/\/riwal-wpn.acceptatie.indicia-interactiv.nl\/hr\/strucnost\/"},{"@type":"ListItem","position":3,"name":"Sigurnost"}]},{"@type":"WebSite","@id":"https:\/\/riwal-wpn.acceptatie.indicia-interactiv.nl\/hr\/#website","url":"https:\/\/riwal-wpn.acceptatie.indicia-interactiv.nl\/hr\/","name":"Riwal","description":"Arial work platform &amp; Telehandler Rental\/Sales","publisher":{"@id":"https:\/\/riwal-wpn.acceptatie.indicia-interactiv.nl\/hr\/#organization"},"potentialAction":[{"@type":"SearchAction","target":{"@type":"EntryPoint","urlTemplate":"https:\/\/riwal-wpn.acceptatie.indicia-interactiv.nl\/hr\/?s={search_term_string}"},"query-input":{"@type":"PropertyValueSpecification","valueRequired":true,"valueName":"search_term_string"}}],"inLanguage":"hr"},{"@type":"Organization","@id":"https:\/\/riwal-wpn.acceptatie.indicia-interactiv.nl\/hr\/#organization","name":"Riwal","url":"https:\/\/riwal-wpn.acceptatie.indicia-interactiv.nl\/hr\/","logo":{"@type":"ImageObject","inLanguage":"hr","@id":"https:\/\/riwal-wpn.acceptatie.indicia-interactiv.nl\/hr\/#\/schema\/logo\/image\/","url":"","contentUrl":"","caption":"Riwal"},"image":{"@id":"https:\/\/riwal-wpn.acceptatie.indicia-interactiv.nl\/hr\/#\/schema\/logo\/image\/"}}]}},"_links":{"self":[{"href":"https:\/\/riwal-wpn.acceptatie.indicia-interactiv.nl\/hr\/wp-json\/wp\/v2\/pages\/3240","targetHints":{"allow":["GET"]}}],"collection":[{"href":"https:\/\/riwal-wpn.acceptatie.indicia-interactiv.nl\/hr\/wp-json\/wp\/v2\/pages"}],"about":[{"href":"https:\/\/riwal-wpn.acceptatie.indicia-interactiv.nl\/hr\/wp-json\/wp\/v2\/types\/page"}],"author":[{"embeddable":true,"href":"https:\/\/riwal-wpn.acceptatie.indicia-interactiv.nl\/hr\/wp-json\/wp\/v2\/users\/45"}],"replies":[{"embeddable":true,"href":"https:\/\/riwal-wpn.acceptatie.indicia-interactiv.nl\/hr\/wp-json\/wp\/v2\/comments?post=3240"}],"version-history":[{"count":5,"href":"https:\/\/riwal-wpn.acceptatie.indicia-interactiv.nl\/hr\/wp-json\/wp\/v2\/pages\/3240\/revisions"}],"predecessor-version":[{"id":4831,"href":"https:\/\/riwal-wpn.acceptatie.indicia-interactiv.nl\/hr\/wp-json\/wp\/v2\/pages\/3240\/revisions\/4831"}],"up":[{"embeddable":true,"href":"https:\/\/riwal-wpn.acceptatie.indicia-interactiv.nl\/hr\/wp-json\/wp\/v2\/pages\/3177"}],"wp:attachment":[{"href":"https:\/\/riwal-wpn.acceptatie.indicia-interactiv.nl\/hr\/wp-json\/wp\/v2\/media?parent=3240"}],"curies":[{"name":"wp","href":"https:\/\/api.w.org\/{rel}","templated":true}]}}