{"id":3323,"date":"2023-09-18T07:21:11","date_gmt":"2023-09-18T07:21:11","guid":{"rendered":"https:\/\/riwal-wpn.acceptatie.indicia-interactiv.nl\/hr\/?page_id=3323"},"modified":"2024-02-03T10:34:43","modified_gmt":"2024-02-03T10:34:43","slug":"track-unit-2","status":"publish","type":"page","link":"https:\/\/riwal-wpn.acceptatie.indicia-interactiv.nl\/hr\/rjesenja\/track-unit-2\/","title":{"rendered":"Track Unit"},"content":{"rendered":"<div class=\"container\">\n<h2 class=\"wp-block-heading\" id=\"h-track-unit\">Track Unit<\/h2>\n<\/div>\n\n<div class=\"rental-wp-default-block rental-theme-block-default-margin\">\n\t\t\t\t\t\t\t\t<div class=\"container\">\n<div class=\"wp-block-columns is-layout-flex wp-container-core-columns-is-layout-28f84493 wp-block-columns-is-layout-flex\">\n<div class=\"wp-block-column is-layout-flow wp-block-column-is-layout-flow\" style=\"flex-basis:75%\">\n<p><strong>Pod kontrolom s Track Unit ure\u0111ajem za pra\u0107enje<\/strong><\/p>\n\n\n\n<p>Jedan od na\u0161ih klijenata bio je ve\u0107inski ugovaratelj na projektu u Londonu, za obnovu stanice podzemne \u017eeljeznice London Bridge. Za vanjsko i unutarnje instaliranje na\u0161 je klijent na projektu koristio razli\u010dite zra\u010dne radne platforme, uklju\u010duju\u0107i i mala \u0161karasta dizala s elektri\u010dnim pogonom, kranove Bi-Energy i dizelske zglobne platforme. Ali pra\u0107enje kretanja opreme na velikom gradili\u0161tu projekta bio je pravi izazov; u stvari, ponekad su drugi izvo\u0111a\u010di bez dopu\u0161tenja koristili opremu na\u0161eg klijenta.<\/p>\n\n\n\n<p><strong>Pametno rje\u0161enje s Track Unit ure\u0111ajem za pra\u0107enje i sustavom Smart ID<\/strong><\/p>\n\n\n\n<p>Povezali smo jednog od na\u0161ih in\u017eenjera, predstavnike klijenta i na\u0161eg direktora Riwala UK da ocijene situaciju i do\u0161li do zaklju\u010dka da bismo sve njihove probleme mogli rije\u0161iti instaliranjem na\u0161eg sustava Track Unit s funkcijom Smart ID. Sa Smart ID sustavom, pristup strojevima je ograni\u010den samo n ovla\u0161teno osoblje koje posjeduje PIN kod. Tako\u0111er smo uspostavili mre\u017eni web servis tako da na\u0161 klijent mo\u017ee lako vidjeti gdje se nalaze svi njihovi ostali strojevi.<\/p>\n\n\n\n<p><strong>Zadovoljiti o\u010dekivanja klijenta<\/strong><\/p>\n\n\n\n<p>&#8220;Isporu\u010dili ste upravo ono \u0161to sam tra\u017eio&#8221;, kazao nam je na\u0161 klijent nakon \u0161to smo postavili sustav i pustili ga u rad. Sa sustavom pra\u0107enja Track Unit, na\u0161 klijent je mogao lako pratiti to\u010dnu lokaciju svih svojih strojeva. A kada je sustav kontrole bio na mjestu, bilo je daleko manje prepiranja, manje zastoja i izvo\u0111a\u010di tre\u0107e strane nisu vi\u0161e imali neovla\u0161teni pristup zra\u010dnim radnim platformama Riwal.<\/p>\n<\/div>\n\n\n\n<div class=\"wp-block-column is-layout-flow wp-block-column-is-layout-flow\" style=\"flex-basis:25%\">\n<p><\/p>\n<\/div>\n<\/div>\n<\/div>\n\t\t\t\t\t\t\t<\/div> ","protected":false},"excerpt":{"rendered":"<p>Track Unit Pod kontrolom s Track Unit ure\u0111ajem za pra\u0107enje Jedan od na\u0161ih klijenata bio je ve\u0107inski ugovaratelj na projektu u Londonu, za obnovu stanice podzemne \u017eeljeznice London Bridge. Za vanjsko i unutarnje instaliranje na\u0161 je klijent na projektu koristio razli\u010dite zra\u010dne radne platforme, uklju\u010duju\u0107i i mala \u0161karasta dizala s elektri\u010dnim pogonom, kranove Bi-Energy i &hellip; <a href=\"https:\/\/riwal-wpn.acceptatie.indicia-interactiv.nl\/hr\/rjesenja\/track-unit-2\/\">Nastavak<\/a><\/p>\n","protected":false},"author":45,"featured_media":0,"parent":3263,"menu_order":0,"comment_status":"closed","ping_status":"closed","template":"","meta":{"_acf_changed":false,"editor_notices":[],"footnotes":""},"class_list":["post-3323","page","type-page","status-publish","hentry"],"acf":[],"yoast_head":"<!-- This site is optimized with the Yoast SEO Premium plugin v27.1 (Yoast SEO v27.1.1) - https:\/\/yoast.com\/product\/yoast-seo-premium-wordpress\/ -->\n<title>Track unit- Riwal Hrvatska<\/title>\n<meta name=\"robots\" content=\"noindex, follow, max-snippet:-1, max-image-preview:large, max-video-preview:-1\" \/>\n<meta property=\"og:locale\" content=\"hr_HR\" \/>\n<meta property=\"og:type\" content=\"article\" \/>\n<meta property=\"og:title\" content=\"Track Unit\" \/>\n<meta property=\"og:description\" content=\"Track Unit Pod kontrolom s Track Unit ure\u0111ajem za pra\u0107enje Jedan od na\u0161ih klijenata bio je ve\u0107inski ugovaratelj na projektu u Londonu, za obnovu stanice podzemne \u017eeljeznice London Bridge. Za vanjsko i unutarnje instaliranje na\u0161 je klijent na projektu koristio razli\u010dite zra\u010dne radne platforme, uklju\u010duju\u0107i i mala \u0161karasta dizala s elektri\u010dnim pogonom, kranove Bi-Energy i &hellip; Nastavak\" \/>\n<meta property=\"og:url\" content=\"https:\/\/riwal-wpn.acceptatie.indicia-interactiv.nl\/hr\/rjesenja\/track-unit-2\/\" \/>\n<meta property=\"og:site_name\" content=\"Riwal Hrvatska\" \/>\n<meta property=\"article:modified_time\" content=\"2024-02-03T10:34:43+00:00\" \/>\n<meta name=\"twitter:card\" content=\"summary_large_image\" \/>\n<meta name=\"twitter:label1\" content=\"Est. reading time\" \/>\n\t<meta name=\"twitter:data1\" content=\"2 minute\" \/>\n<script type=\"application\/ld+json\" class=\"yoast-schema-graph\">{\"@context\":\"https:\/\/schema.org\",\"@graph\":[{\"@type\":\"WebPage\",\"@id\":\"https:\/\/riwal-wpn.acceptatie.indicia-interactiv.nl\/hr\/rjesenja\/track-unit-2\/\",\"url\":\"https:\/\/riwal-wpn.acceptatie.indicia-interactiv.nl\/hr\/rjesenja\/track-unit-2\/\",\"name\":\"Track unit- Riwal Hrvatska\",\"isPartOf\":{\"@id\":\"https:\/\/riwal-wpn.acceptatie.indicia-interactiv.nl\/hr\/#website\"},\"datePublished\":\"2023-09-18T07:21:11+00:00\",\"dateModified\":\"2024-02-03T10:34:43+00:00\",\"breadcrumb\":{\"@id\":\"https:\/\/riwal-wpn.acceptatie.indicia-interactiv.nl\/hr\/rjesenja\/track-unit-2\/#breadcrumb\"},\"inLanguage\":\"hr\",\"potentialAction\":[{\"@type\":\"ReadAction\",\"target\":[\"https:\/\/riwal-wpn.acceptatie.indicia-interactiv.nl\/hr\/rjesenja\/track-unit-2\/\"]}]},{\"@type\":\"BreadcrumbList\",\"@id\":\"https:\/\/riwal-wpn.acceptatie.indicia-interactiv.nl\/hr\/rjesenja\/track-unit-2\/#breadcrumb\",\"itemListElement\":[{\"@type\":\"ListItem\",\"position\":1,\"name\":\"Doma\",\"item\":\"https:\/\/riwal-wpn.acceptatie.indicia-interactiv.nl\/hr\/\"},{\"@type\":\"ListItem\",\"position\":2,\"name\":\"Rjesenja\",\"item\":\"https:\/\/riwal-wpn.acceptatie.indicia-interactiv.nl\/hr\/rjesenja\/\"},{\"@type\":\"ListItem\",\"position\":3,\"name\":\"Track Unit\"}]},{\"@type\":\"WebSite\",\"@id\":\"https:\/\/riwal-wpn.acceptatie.indicia-interactiv.nl\/hr\/#website\",\"url\":\"https:\/\/riwal-wpn.acceptatie.indicia-interactiv.nl\/hr\/\",\"name\":\"Riwal\",\"description\":\"Arial work platform &amp; Telehandler Rental\/Sales\",\"publisher\":{\"@id\":\"https:\/\/riwal-wpn.acceptatie.indicia-interactiv.nl\/hr\/#organization\"},\"potentialAction\":[{\"@type\":\"SearchAction\",\"target\":{\"@type\":\"EntryPoint\",\"urlTemplate\":\"https:\/\/riwal-wpn.acceptatie.indicia-interactiv.nl\/hr\/?s={search_term_string}\"},\"query-input\":{\"@type\":\"PropertyValueSpecification\",\"valueRequired\":true,\"valueName\":\"search_term_string\"}}],\"inLanguage\":\"hr\"},{\"@type\":\"Organization\",\"@id\":\"https:\/\/riwal-wpn.acceptatie.indicia-interactiv.nl\/hr\/#organization\",\"name\":\"Riwal\",\"url\":\"https:\/\/riwal-wpn.acceptatie.indicia-interactiv.nl\/hr\/\",\"logo\":{\"@type\":\"ImageObject\",\"inLanguage\":\"hr\",\"@id\":\"https:\/\/riwal-wpn.acceptatie.indicia-interactiv.nl\/hr\/#\/schema\/logo\/image\/\",\"url\":\"\",\"contentUrl\":\"\",\"caption\":\"Riwal\"},\"image\":{\"@id\":\"https:\/\/riwal-wpn.acceptatie.indicia-interactiv.nl\/hr\/#\/schema\/logo\/image\/\"}}]}<\/script>\n<!-- \/ Yoast SEO Premium plugin. -->","yoast_head_json":{"title":"Track unit- Riwal Hrvatska","robots":{"index":"noindex","follow":"follow","max-snippet":"max-snippet:-1","max-image-preview":"max-image-preview:large","max-video-preview":"max-video-preview:-1"},"og_locale":"hr_HR","og_type":"article","og_title":"Track Unit","og_description":"Track Unit Pod kontrolom s Track Unit ure\u0111ajem za pra\u0107enje Jedan od na\u0161ih klijenata bio je ve\u0107inski ugovaratelj na projektu u Londonu, za obnovu stanice podzemne \u017eeljeznice London Bridge. Za vanjsko i unutarnje instaliranje na\u0161 je klijent na projektu koristio razli\u010dite zra\u010dne radne platforme, uklju\u010duju\u0107i i mala \u0161karasta dizala s elektri\u010dnim pogonom, kranove Bi-Energy i &hellip; Nastavak","og_url":"https:\/\/riwal-wpn.acceptatie.indicia-interactiv.nl\/hr\/rjesenja\/track-unit-2\/","og_site_name":"Riwal Hrvatska","article_modified_time":"2024-02-03T10:34:43+00:00","twitter_card":"summary_large_image","twitter_misc":{"Est. reading time":"2 minute"},"schema":{"@context":"https:\/\/schema.org","@graph":[{"@type":"WebPage","@id":"https:\/\/riwal-wpn.acceptatie.indicia-interactiv.nl\/hr\/rjesenja\/track-unit-2\/","url":"https:\/\/riwal-wpn.acceptatie.indicia-interactiv.nl\/hr\/rjesenja\/track-unit-2\/","name":"Track unit- Riwal Hrvatska","isPartOf":{"@id":"https:\/\/riwal-wpn.acceptatie.indicia-interactiv.nl\/hr\/#website"},"datePublished":"2023-09-18T07:21:11+00:00","dateModified":"2024-02-03T10:34:43+00:00","breadcrumb":{"@id":"https:\/\/riwal-wpn.acceptatie.indicia-interactiv.nl\/hr\/rjesenja\/track-unit-2\/#breadcrumb"},"inLanguage":"hr","potentialAction":[{"@type":"ReadAction","target":["https:\/\/riwal-wpn.acceptatie.indicia-interactiv.nl\/hr\/rjesenja\/track-unit-2\/"]}]},{"@type":"BreadcrumbList","@id":"https:\/\/riwal-wpn.acceptatie.indicia-interactiv.nl\/hr\/rjesenja\/track-unit-2\/#breadcrumb","itemListElement":[{"@type":"ListItem","position":1,"name":"Doma","item":"https:\/\/riwal-wpn.acceptatie.indicia-interactiv.nl\/hr\/"},{"@type":"ListItem","position":2,"name":"Rjesenja","item":"https:\/\/riwal-wpn.acceptatie.indicia-interactiv.nl\/hr\/rjesenja\/"},{"@type":"ListItem","position":3,"name":"Track Unit"}]},{"@type":"WebSite","@id":"https:\/\/riwal-wpn.acceptatie.indicia-interactiv.nl\/hr\/#website","url":"https:\/\/riwal-wpn.acceptatie.indicia-interactiv.nl\/hr\/","name":"Riwal","description":"Arial work platform &amp; Telehandler Rental\/Sales","publisher":{"@id":"https:\/\/riwal-wpn.acceptatie.indicia-interactiv.nl\/hr\/#organization"},"potentialAction":[{"@type":"SearchAction","target":{"@type":"EntryPoint","urlTemplate":"https:\/\/riwal-wpn.acceptatie.indicia-interactiv.nl\/hr\/?s={search_term_string}"},"query-input":{"@type":"PropertyValueSpecification","valueRequired":true,"valueName":"search_term_string"}}],"inLanguage":"hr"},{"@type":"Organization","@id":"https:\/\/riwal-wpn.acceptatie.indicia-interactiv.nl\/hr\/#organization","name":"Riwal","url":"https:\/\/riwal-wpn.acceptatie.indicia-interactiv.nl\/hr\/","logo":{"@type":"ImageObject","inLanguage":"hr","@id":"https:\/\/riwal-wpn.acceptatie.indicia-interactiv.nl\/hr\/#\/schema\/logo\/image\/","url":"","contentUrl":"","caption":"Riwal"},"image":{"@id":"https:\/\/riwal-wpn.acceptatie.indicia-interactiv.nl\/hr\/#\/schema\/logo\/image\/"}}]}},"_links":{"self":[{"href":"https:\/\/riwal-wpn.acceptatie.indicia-interactiv.nl\/hr\/wp-json\/wp\/v2\/pages\/3323","targetHints":{"allow":["GET"]}}],"collection":[{"href":"https:\/\/riwal-wpn.acceptatie.indicia-interactiv.nl\/hr\/wp-json\/wp\/v2\/pages"}],"about":[{"href":"https:\/\/riwal-wpn.acceptatie.indicia-interactiv.nl\/hr\/wp-json\/wp\/v2\/types\/page"}],"author":[{"embeddable":true,"href":"https:\/\/riwal-wpn.acceptatie.indicia-interactiv.nl\/hr\/wp-json\/wp\/v2\/users\/45"}],"replies":[{"embeddable":true,"href":"https:\/\/riwal-wpn.acceptatie.indicia-interactiv.nl\/hr\/wp-json\/wp\/v2\/comments?post=3323"}],"version-history":[{"count":2,"href":"https:\/\/riwal-wpn.acceptatie.indicia-interactiv.nl\/hr\/wp-json\/wp\/v2\/pages\/3323\/revisions"}],"predecessor-version":[{"id":3325,"href":"https:\/\/riwal-wpn.acceptatie.indicia-interactiv.nl\/hr\/wp-json\/wp\/v2\/pages\/3323\/revisions\/3325"}],"up":[{"embeddable":true,"href":"https:\/\/riwal-wpn.acceptatie.indicia-interactiv.nl\/hr\/wp-json\/wp\/v2\/pages\/3263"}],"wp:attachment":[{"href":"https:\/\/riwal-wpn.acceptatie.indicia-interactiv.nl\/hr\/wp-json\/wp\/v2\/media?parent=3323"}],"curies":[{"name":"wp","href":"https:\/\/api.w.org\/{rel}","templated":true}]}}