{"id":3326,"date":"2023-09-18T07:28:04","date_gmt":"2023-09-18T07:28:04","guid":{"rendered":"https:\/\/riwal-wpn.acceptatie.indicia-interactiv.nl\/hr\/?page_id=3326"},"modified":"2024-02-03T10:34:43","modified_gmt":"2024-02-03T10:34:43","slug":"rjesenja-za-elektricni-pogon","status":"publish","type":"page","link":"https:\/\/riwal-wpn.acceptatie.indicia-interactiv.nl\/hr\/rjesenja\/rjesenja-za-elektricni-pogon\/","title":{"rendered":"Rje\u0161enja uz elektri\u010dni pogon"},"content":{"rendered":"<div class=\"container\">\n<h2 class=\"wp-block-heading\" id=\"h-rjesenja-uz-elektricni-pogon\">RJE\u0160ENJA UZ ELEKTRI\u010cNI POGON<\/h2>\n<\/div>\n\n<div class=\"rental-wp-default-block rental-theme-block-default-margin\">\n\t\t\t\t\t\t\t\t<div class=\"container\">\n<div class=\"wp-block-columns is-layout-flex wp-container-core-columns-is-layout-28f84493 wp-block-columns-is-layout-flex\">\n<div class=\"wp-block-column is-layout-flow wp-block-column-is-layout-flow\" style=\"flex-basis:75%\">\n<p><strong>Niske razine buke, bez zaga\u0111enja okoli\u0161a s elektri\u010dnim pogonom&nbsp;<\/strong><\/p>\n\n\n\n<p><strong>&nbsp;<\/strong>Kada se tra\u017ei samo rje\u0161enje bez \u0161tetnih emisija, ili kada razina buke treba biti \u0161to je mogu\u0107e ni\u017ea, tada uobi\u010dajeni dizelski stroj jednostavno ne dolazi u obzir. Na sre\u0107u, Riwal nudi \u0161irok izbor elektri\u010dnih zra\u010dnih platformi. I u velikom broju slu\u010dajeva, gdje standardna elektri\u010dna rje\u0161enja nisu zadovoljila potrebe kupca, pretvorili smo proizvode s dizelskim pogonom u elektri\u010dne.<\/p>\n\n\n\n<p><strong>Bez kompromisa<\/strong><\/p>\n\n\n\n<p>Preinake platforme sa zglobnom rukom JLG800AJ i platforme s teleskopskom rukom JLG860SJ su sjajni primjeri. Maksimalna radna visina, dostupna na samohodnoj radnoj platformi bila je 20 metara, i to jednostavno nije bilo dovoljno, stoga smo zaposlili na\u0161e dizajnere da korisni\u010dki prilagode dva krana s dizelskim pogonomiz na\u0161e flote i produ\u017ee im doseg. Razvijeni kroz usku suradnju s kupcima specifi\u010dnih potreba, oba stroja su odr\u017eive alternative strojevima s dizelskim pogonom, i radnim visinama koje prelaze 26 metara. I svaki pru\u017ea rukovatelju mogu\u0107nost rada u zatvorenim prostorima, ili drugim okru\u017eenjima gdje su presudna pitanja buke i \u0161tetnih emisija, bez ikakvog naru\u0161avanja radnih karakteristika stroja. Radna visina, vodoravni doseg i radne brzine ostale su na istoj razini kao i kod originala s dizelskim pogonom.<\/p>\n\n\n\n<p><strong>Recite nam \u0161to trebate<\/strong><\/p>\n\n\n\n<p>Na\u0161a rje\u0161enja s elektri\u010dnim pogonom, niske razine buke i bez \u0161tetnih emisija dobra su za okoli\u0161, a isto tako dobra su i za rukovatelja, Takve elektri\u010dne alternative idealne su za rad u zatvorenim prostorima ( izlo\u017ebene hale, logisti\u010dki centri, zatvoreni proizvodni pogoni, itd.), ali jednako tako i za primjene na otvorenom. I ako ne mo\u017eemo ponuditi prikladno rje\u0161enje iz na\u0161e flote, u suradnji s vama preina\u010dit \u0107emo stroj s dizelskim pogonom kako bi zadovoljili va\u0161e potrebe.<\/p>\n\n\n\n<p>&nbsp;<strong>Dva inovativna rje\u0161enja:<\/strong><\/p>\n\n\n\n<p><strong>800AJ Electric proizvodnje Riwal:<\/strong><\/p>\n\n\n\n<ul class=\"wp-block-list\">\n<li>100% s elektri\u010dnim pogonom<\/li>\n\n\n\n<li>Bez \u0161tetnih emisija<\/li>\n\n\n\n<li>Razine buke ispod 70 dB<\/li>\n\n\n\n<li>Maksimalno vrijeme punjenja 8-10 sati<\/li>\n\n\n\n<li>Gume koje ne ostavljaju tragove kao opcija<\/li>\n\n\n\n<li>Maks.brzina vjetra 12,5 m\/s<\/li>\n\n\n\n<li>Radna visina (m) 26,20<\/li>\n\n\n\n<li>Nosivost (kg) 230<\/li>\n\n\n\n<li>Maks. doseg (m) 15,00<\/li>\n<\/ul>\n\n\n\n<p><strong>800SJ Electric proizvodnje Riwal:<\/strong><\/p>\n\n\n\n<ul class=\"wp-block-list\">\n<li>100% s elektri\u010dnim pogonom<\/li>\n\n\n\n<li>Bez \u0161tetnih emisija<\/li>\n\n\n\n<li>Razine buke ispod 70 dB<\/li>\n\n\n\n<li>Maksimalno vrijeme punjenja 8-10 sati<\/li>\n\n\n\n<li>Gume koje ne ostavljaju tragove kao opcija<\/li>\n\n\n\n<li>Maks. brzina vjetra 125 m\/s<\/li>\n\n\n\n<li>Radna visina (m) 28.20<\/li>\n\n\n\n<li>Nosivost (kg) 230<\/li>\n\n\n\n<li>Maks. doseg (m) 22.90<\/li>\n<\/ul>\n<\/div>\n\n\n\n<div class=\"wp-block-column is-layout-flow wp-block-column-is-layout-flow\" style=\"flex-basis:25%\">\n<p><\/p>\n<\/div>\n<\/div>\n<\/div>\n\t\t\t\t\t\t\t<\/div> ","protected":false},"excerpt":{"rendered":"<p>RJE\u0160ENJA UZ ELEKTRI\u010cNI POGON Niske razine buke, bez zaga\u0111enja okoli\u0161a s elektri\u010dnim pogonom&nbsp; &nbsp;Kada se tra\u017ei samo rje\u0161enje bez \u0161tetnih emisija, ili kada razina buke treba biti \u0161to je mogu\u0107e ni\u017ea, tada uobi\u010dajeni dizelski stroj jednostavno ne dolazi u obzir. Na sre\u0107u, Riwal nudi \u0161irok izbor elektri\u010dnih zra\u010dnih platformi. I u velikom broju slu\u010dajeva, gdje &hellip; <a href=\"https:\/\/riwal-wpn.acceptatie.indicia-interactiv.nl\/hr\/rjesenja\/rjesenja-za-elektricni-pogon\/\">Nastavak<\/a><\/p>\n","protected":false},"author":45,"featured_media":0,"parent":3263,"menu_order":0,"comment_status":"closed","ping_status":"closed","template":"","meta":{"_acf_changed":false,"editor_notices":[],"footnotes":""},"class_list":["post-3326","page","type-page","status-publish","hentry"],"acf":[],"yoast_head":"<!-- This site is optimized with the Yoast SEO Premium plugin v27.1 (Yoast SEO v27.1.1) - https:\/\/yoast.com\/product\/yoast-seo-premium-wordpress\/ -->\n<title>Rje\u0161enja uz elektri\u010dni pogon- Riwal Hrvatska<\/title>\n<meta name=\"robots\" content=\"noindex, follow, max-snippet:-1, max-image-preview:large, max-video-preview:-1\" \/>\n<meta property=\"og:locale\" content=\"hr_HR\" \/>\n<meta property=\"og:type\" content=\"article\" \/>\n<meta property=\"og:title\" content=\"Rje\u0161enja uz elektri\u010dni pogon\" \/>\n<meta property=\"og:description\" content=\"RJE\u0160ENJA UZ ELEKTRI\u010cNI POGON Niske razine buke, bez zaga\u0111enja okoli\u0161a s elektri\u010dnim pogonom&nbsp; &nbsp;Kada se tra\u017ei samo rje\u0161enje bez \u0161tetnih emisija, ili kada razina buke treba biti \u0161to je mogu\u0107e ni\u017ea, tada uobi\u010dajeni dizelski stroj jednostavno ne dolazi u obzir. Na sre\u0107u, Riwal nudi \u0161irok izbor elektri\u010dnih zra\u010dnih platformi. I u velikom broju slu\u010dajeva, gdje &hellip; Nastavak\" \/>\n<meta property=\"og:url\" content=\"https:\/\/riwal-wpn.acceptatie.indicia-interactiv.nl\/hr\/rjesenja\/rjesenja-za-elektricni-pogon\/\" \/>\n<meta property=\"og:site_name\" content=\"Riwal Hrvatska\" \/>\n<meta property=\"article:modified_time\" content=\"2024-02-03T10:34:43+00:00\" \/>\n<meta name=\"twitter:card\" content=\"summary_large_image\" \/>\n<meta name=\"twitter:label1\" content=\"Est. reading time\" \/>\n\t<meta name=\"twitter:data1\" content=\"2 minute\" \/>\n<script type=\"application\/ld+json\" class=\"yoast-schema-graph\">{\"@context\":\"https:\/\/schema.org\",\"@graph\":[{\"@type\":\"WebPage\",\"@id\":\"https:\/\/riwal-wpn.acceptatie.indicia-interactiv.nl\/hr\/rjesenja\/rjesenja-za-elektricni-pogon\/\",\"url\":\"https:\/\/riwal-wpn.acceptatie.indicia-interactiv.nl\/hr\/rjesenja\/rjesenja-za-elektricni-pogon\/\",\"name\":\"Rje\u0161enja uz elektri\u010dni pogon- Riwal Hrvatska\",\"isPartOf\":{\"@id\":\"https:\/\/riwal-wpn.acceptatie.indicia-interactiv.nl\/hr\/#website\"},\"datePublished\":\"2023-09-18T07:28:04+00:00\",\"dateModified\":\"2024-02-03T10:34:43+00:00\",\"breadcrumb\":{\"@id\":\"https:\/\/riwal-wpn.acceptatie.indicia-interactiv.nl\/hr\/rjesenja\/rjesenja-za-elektricni-pogon\/#breadcrumb\"},\"inLanguage\":\"hr\",\"potentialAction\":[{\"@type\":\"ReadAction\",\"target\":[\"https:\/\/riwal-wpn.acceptatie.indicia-interactiv.nl\/hr\/rjesenja\/rjesenja-za-elektricni-pogon\/\"]}]},{\"@type\":\"BreadcrumbList\",\"@id\":\"https:\/\/riwal-wpn.acceptatie.indicia-interactiv.nl\/hr\/rjesenja\/rjesenja-za-elektricni-pogon\/#breadcrumb\",\"itemListElement\":[{\"@type\":\"ListItem\",\"position\":1,\"name\":\"Doma\",\"item\":\"https:\/\/riwal-wpn.acceptatie.indicia-interactiv.nl\/hr\/\"},{\"@type\":\"ListItem\",\"position\":2,\"name\":\"Rjesenja\",\"item\":\"https:\/\/riwal-wpn.acceptatie.indicia-interactiv.nl\/hr\/rjesenja\/\"},{\"@type\":\"ListItem\",\"position\":3,\"name\":\"Rje\u0161enja uz elektri\u010dni pogon\"}]},{\"@type\":\"WebSite\",\"@id\":\"https:\/\/riwal-wpn.acceptatie.indicia-interactiv.nl\/hr\/#website\",\"url\":\"https:\/\/riwal-wpn.acceptatie.indicia-interactiv.nl\/hr\/\",\"name\":\"Riwal\",\"description\":\"Arial work platform &amp; Telehandler Rental\/Sales\",\"publisher\":{\"@id\":\"https:\/\/riwal-wpn.acceptatie.indicia-interactiv.nl\/hr\/#organization\"},\"potentialAction\":[{\"@type\":\"SearchAction\",\"target\":{\"@type\":\"EntryPoint\",\"urlTemplate\":\"https:\/\/riwal-wpn.acceptatie.indicia-interactiv.nl\/hr\/?s={search_term_string}\"},\"query-input\":{\"@type\":\"PropertyValueSpecification\",\"valueRequired\":true,\"valueName\":\"search_term_string\"}}],\"inLanguage\":\"hr\"},{\"@type\":\"Organization\",\"@id\":\"https:\/\/riwal-wpn.acceptatie.indicia-interactiv.nl\/hr\/#organization\",\"name\":\"Riwal\",\"url\":\"https:\/\/riwal-wpn.acceptatie.indicia-interactiv.nl\/hr\/\",\"logo\":{\"@type\":\"ImageObject\",\"inLanguage\":\"hr\",\"@id\":\"https:\/\/riwal-wpn.acceptatie.indicia-interactiv.nl\/hr\/#\/schema\/logo\/image\/\",\"url\":\"\",\"contentUrl\":\"\",\"caption\":\"Riwal\"},\"image\":{\"@id\":\"https:\/\/riwal-wpn.acceptatie.indicia-interactiv.nl\/hr\/#\/schema\/logo\/image\/\"}}]}<\/script>\n<!-- \/ Yoast SEO Premium plugin. -->","yoast_head_json":{"title":"Rje\u0161enja uz elektri\u010dni pogon- Riwal Hrvatska","robots":{"index":"noindex","follow":"follow","max-snippet":"max-snippet:-1","max-image-preview":"max-image-preview:large","max-video-preview":"max-video-preview:-1"},"og_locale":"hr_HR","og_type":"article","og_title":"Rje\u0161enja uz elektri\u010dni pogon","og_description":"RJE\u0160ENJA UZ ELEKTRI\u010cNI POGON Niske razine buke, bez zaga\u0111enja okoli\u0161a s elektri\u010dnim pogonom&nbsp; &nbsp;Kada se tra\u017ei samo rje\u0161enje bez \u0161tetnih emisija, ili kada razina buke treba biti \u0161to je mogu\u0107e ni\u017ea, tada uobi\u010dajeni dizelski stroj jednostavno ne dolazi u obzir. Na sre\u0107u, Riwal nudi \u0161irok izbor elektri\u010dnih zra\u010dnih platformi. I u velikom broju slu\u010dajeva, gdje &hellip; Nastavak","og_url":"https:\/\/riwal-wpn.acceptatie.indicia-interactiv.nl\/hr\/rjesenja\/rjesenja-za-elektricni-pogon\/","og_site_name":"Riwal Hrvatska","article_modified_time":"2024-02-03T10:34:43+00:00","twitter_card":"summary_large_image","twitter_misc":{"Est. reading time":"2 minute"},"schema":{"@context":"https:\/\/schema.org","@graph":[{"@type":"WebPage","@id":"https:\/\/riwal-wpn.acceptatie.indicia-interactiv.nl\/hr\/rjesenja\/rjesenja-za-elektricni-pogon\/","url":"https:\/\/riwal-wpn.acceptatie.indicia-interactiv.nl\/hr\/rjesenja\/rjesenja-za-elektricni-pogon\/","name":"Rje\u0161enja uz elektri\u010dni pogon- Riwal Hrvatska","isPartOf":{"@id":"https:\/\/riwal-wpn.acceptatie.indicia-interactiv.nl\/hr\/#website"},"datePublished":"2023-09-18T07:28:04+00:00","dateModified":"2024-02-03T10:34:43+00:00","breadcrumb":{"@id":"https:\/\/riwal-wpn.acceptatie.indicia-interactiv.nl\/hr\/rjesenja\/rjesenja-za-elektricni-pogon\/#breadcrumb"},"inLanguage":"hr","potentialAction":[{"@type":"ReadAction","target":["https:\/\/riwal-wpn.acceptatie.indicia-interactiv.nl\/hr\/rjesenja\/rjesenja-za-elektricni-pogon\/"]}]},{"@type":"BreadcrumbList","@id":"https:\/\/riwal-wpn.acceptatie.indicia-interactiv.nl\/hr\/rjesenja\/rjesenja-za-elektricni-pogon\/#breadcrumb","itemListElement":[{"@type":"ListItem","position":1,"name":"Doma","item":"https:\/\/riwal-wpn.acceptatie.indicia-interactiv.nl\/hr\/"},{"@type":"ListItem","position":2,"name":"Rjesenja","item":"https:\/\/riwal-wpn.acceptatie.indicia-interactiv.nl\/hr\/rjesenja\/"},{"@type":"ListItem","position":3,"name":"Rje\u0161enja uz elektri\u010dni pogon"}]},{"@type":"WebSite","@id":"https:\/\/riwal-wpn.acceptatie.indicia-interactiv.nl\/hr\/#website","url":"https:\/\/riwal-wpn.acceptatie.indicia-interactiv.nl\/hr\/","name":"Riwal","description":"Arial work platform &amp; Telehandler Rental\/Sales","publisher":{"@id":"https:\/\/riwal-wpn.acceptatie.indicia-interactiv.nl\/hr\/#organization"},"potentialAction":[{"@type":"SearchAction","target":{"@type":"EntryPoint","urlTemplate":"https:\/\/riwal-wpn.acceptatie.indicia-interactiv.nl\/hr\/?s={search_term_string}"},"query-input":{"@type":"PropertyValueSpecification","valueRequired":true,"valueName":"search_term_string"}}],"inLanguage":"hr"},{"@type":"Organization","@id":"https:\/\/riwal-wpn.acceptatie.indicia-interactiv.nl\/hr\/#organization","name":"Riwal","url":"https:\/\/riwal-wpn.acceptatie.indicia-interactiv.nl\/hr\/","logo":{"@type":"ImageObject","inLanguage":"hr","@id":"https:\/\/riwal-wpn.acceptatie.indicia-interactiv.nl\/hr\/#\/schema\/logo\/image\/","url":"","contentUrl":"","caption":"Riwal"},"image":{"@id":"https:\/\/riwal-wpn.acceptatie.indicia-interactiv.nl\/hr\/#\/schema\/logo\/image\/"}}]}},"_links":{"self":[{"href":"https:\/\/riwal-wpn.acceptatie.indicia-interactiv.nl\/hr\/wp-json\/wp\/v2\/pages\/3326","targetHints":{"allow":["GET"]}}],"collection":[{"href":"https:\/\/riwal-wpn.acceptatie.indicia-interactiv.nl\/hr\/wp-json\/wp\/v2\/pages"}],"about":[{"href":"https:\/\/riwal-wpn.acceptatie.indicia-interactiv.nl\/hr\/wp-json\/wp\/v2\/types\/page"}],"author":[{"embeddable":true,"href":"https:\/\/riwal-wpn.acceptatie.indicia-interactiv.nl\/hr\/wp-json\/wp\/v2\/users\/45"}],"replies":[{"embeddable":true,"href":"https:\/\/riwal-wpn.acceptatie.indicia-interactiv.nl\/hr\/wp-json\/wp\/v2\/comments?post=3326"}],"version-history":[{"count":2,"href":"https:\/\/riwal-wpn.acceptatie.indicia-interactiv.nl\/hr\/wp-json\/wp\/v2\/pages\/3326\/revisions"}],"predecessor-version":[{"id":3328,"href":"https:\/\/riwal-wpn.acceptatie.indicia-interactiv.nl\/hr\/wp-json\/wp\/v2\/pages\/3326\/revisions\/3328"}],"up":[{"embeddable":true,"href":"https:\/\/riwal-wpn.acceptatie.indicia-interactiv.nl\/hr\/wp-json\/wp\/v2\/pages\/3263"}],"wp:attachment":[{"href":"https:\/\/riwal-wpn.acceptatie.indicia-interactiv.nl\/hr\/wp-json\/wp\/v2\/media?parent=3326"}],"curies":[{"name":"wp","href":"https:\/\/api.w.org\/{rel}","templated":true}]}}