{"id":3330,"date":"2023-09-18T07:49:30","date_gmt":"2023-09-18T07:49:30","guid":{"rendered":"https:\/\/riwal-wpn.acceptatie.indicia-interactiv.nl\/hr\/?page_id=3330"},"modified":"2024-02-03T10:34:42","modified_gmt":"2024-02-03T10:34:42","slug":"rad-u-korozivnom-okruzenju","status":"publish","type":"page","link":"https:\/\/riwal-wpn.acceptatie.indicia-interactiv.nl\/hr\/rjesenja\/rad-u-korozivnom-okruzenju\/","title":{"rendered":"Rad u korozivnom okru\u017eenju"},"content":{"rendered":"<div class=\"container\">\n<h2 class=\"wp-block-heading\" id=\"h-rad-u-korozivnom-okruzenju\">RAD U KOROZIVNOM OKRU\u017dENJU<\/h2>\n<\/div>\n\n<div class=\"rental-wp-default-block rental-theme-block-default-margin\">\n\t\t\t\t\t\t\t\t<div class=\"container\">\n<div class=\"wp-block-columns is-layout-flex wp-container-core-columns-is-layout-28f84493 wp-block-columns-is-layout-flex\">\n<div class=\"wp-block-column is-layout-flow wp-block-column-is-layout-flow\" style=\"flex-basis:75%\">\n<p>U sektoru industrije, neki od na\u0161ih klijenata rade u grubim okru\u017eenjima gdje korozija mo\u017ee uzrokovati prekomjerno tro\u0161enje i habanje opreme. Ali smo kroz na\u0161e iskustvo, nau\u010dili kako poduzeti preventivne mjere koje poma\u017eu da strojevi na\u0161ih kupaca nastave obavljati posao i smanje rizik od nezgoda uzrokovanih kvarovima opreme.<\/p>\n\n\n\n<p>Na primjer, jedan od na\u0161ih kupaca vadi plemenite metale iz pepela preostalog nakon spaljivanja komunalnog otpada u pogonima za recikla\u017eu diljem cijele Europe. Tvrtka zahtijeva opremu kojom se mo\u017ee pristupiti i raditi na visinama od osam do \u0161esnaest metara. Prethodni dobavlja\u010di elektri\u010dne opreme za pristup snabdijevali su na\u0161e kupce standardnom opremom i, nije iznena\u0111uju\u0107e, agresivno okru\u017eenje dovelo je do o\u0161te\u0107enje od korozije na svim njihovim strojevima. Dobavlja\u010di su klijentu isplatili zna\u010dajnu od\u0161tetu za \u0161tetu koju je pretrpio, i to je dovelo do beskrajnih prepirki oko odgovornosti za o\u0161te\u0107enja.<\/p>\n\n\n\n<p><strong>Preventivne mjere<\/strong><\/p>\n\n\n\n<p>Ne postoji na\u010din da se u agresivnom okru\u017eenju korozija u potpuno zaustavi, ali ako se od po\u010detka poduzmu preventivne mjere, u\u010dinci se mogu usporiti i ubla\u017eiti. Mi na sve metalne dijelove i mnoge druge komponente nanosimo vosak Tectyl ML Wax, i primjenjujemo Tectyl Clear na blokove hidrauli\u010dkih ventila, hidrauli\u010dke komponente, spojnice i prilagodnike crijeva. Tako\u0111er primjenjujemo mast Interflon OG Grease na \u010deli\u010dne ina\u010dice pogonskih gusjenica, a sve \u010dahure osovinica, pokretne dijelove i otvorene komponente podmazujemo sa Interflon EP+lube, zatim ih brtvimo ma\u0161\u0107u Interflon OG Grease.<\/p>\n\n\n\n<p>Osim toga nanosimo Tectyl Clear na radnu ko\u0161aru i upravlja\u010dku kutiju rukovatelja i a na kutiju konzole na kranovima postavljamo pokrov da bi upravlja\u010dka plo\u010da ostala \u010dista. Kona\u010dno, primjenjujemo Interflon EP + lube na elektri\u010dne komponente, o\u017ei\u010denja i releje.&nbsp;<\/p>\n\n\n\n<p><strong>Ni\u017ei tro\u0161kovi i manje kvarova<\/strong><\/p>\n\n\n\n<p>Rezultati su opravdali na\u0161 pristup. Na\u0161 kupac zato mo\u017ee raditi s manje zastoja uzrokovanih kvarom opreme ili potrebama odr\u017eavanja. Uspjeli smo sprije\u010diti koroziju kontaktnih no\u017eica i priklju\u010daka, tako da su elektri\u010dni problemi svedeni na minimum, a tro\u0161kovi popravaka povezanih s kvarovima opreme znatno su smanjeni. Umjesto lo\u0161ih odnosa kakve je na\u0161 klijent imao sa svojim prethodnim dobavlja\u010dem, nas je do\u017eivio kao partnera koji mu je pomogao da snizi tro\u0161kove i pove\u0107a produktivnost.<\/p>\n<\/div>\n\n\n\n<div class=\"wp-block-column is-layout-flow wp-block-column-is-layout-flow\" style=\"flex-basis:25%\">\n<p><\/p>\n<\/div>\n<\/div>\n<\/div>\n\t\t\t\t\t\t\t<\/div> ","protected":false},"excerpt":{"rendered":"<p>RAD U KOROZIVNOM OKRU\u017dENJU U sektoru industrije, neki od na\u0161ih klijenata rade u grubim okru\u017eenjima gdje korozija mo\u017ee uzrokovati prekomjerno tro\u0161enje i habanje opreme. Ali smo kroz na\u0161e iskustvo, nau\u010dili kako poduzeti preventivne mjere koje poma\u017eu da strojevi na\u0161ih kupaca nastave obavljati posao i smanje rizik od nezgoda uzrokovanih kvarovima opreme. Na primjer, jedan od &hellip; <a href=\"https:\/\/riwal-wpn.acceptatie.indicia-interactiv.nl\/hr\/rjesenja\/rad-u-korozivnom-okruzenju\/\">Nastavak<\/a><\/p>\n","protected":false},"author":45,"featured_media":0,"parent":3263,"menu_order":0,"comment_status":"closed","ping_status":"closed","template":"","meta":{"_acf_changed":false,"editor_notices":[],"footnotes":""},"class_list":["post-3330","page","type-page","status-publish","hentry"],"acf":[],"yoast_head":"<!-- This site is optimized with the Yoast SEO Premium plugin v27.1 (Yoast SEO v27.1.1) - https:\/\/yoast.com\/product\/yoast-seo-premium-wordpress\/ -->\n<title>Rad u korozivnom okru\u017eenju- Riwal Hrvatska<\/title>\n<meta name=\"robots\" content=\"noindex, follow, max-snippet:-1, max-image-preview:large, max-video-preview:-1\" \/>\n<meta property=\"og:locale\" content=\"hr_HR\" \/>\n<meta property=\"og:type\" content=\"article\" \/>\n<meta property=\"og:title\" content=\"Rad u korozivnom okru\u017eenju\" \/>\n<meta property=\"og:description\" content=\"RAD U KOROZIVNOM OKRU\u017dENJU U sektoru industrije, neki od na\u0161ih klijenata rade u grubim okru\u017eenjima gdje korozija mo\u017ee uzrokovati prekomjerno tro\u0161enje i habanje opreme. Ali smo kroz na\u0161e iskustvo, nau\u010dili kako poduzeti preventivne mjere koje poma\u017eu da strojevi na\u0161ih kupaca nastave obavljati posao i smanje rizik od nezgoda uzrokovanih kvarovima opreme. Na primjer, jedan od &hellip; Nastavak\" \/>\n<meta property=\"og:url\" content=\"https:\/\/riwal-wpn.acceptatie.indicia-interactiv.nl\/hr\/rjesenja\/rad-u-korozivnom-okruzenju\/\" \/>\n<meta property=\"og:site_name\" content=\"Riwal Hrvatska\" \/>\n<meta property=\"article:modified_time\" content=\"2024-02-03T10:34:42+00:00\" \/>\n<meta name=\"twitter:card\" content=\"summary_large_image\" \/>\n<meta name=\"twitter:label1\" content=\"Est. reading time\" \/>\n\t<meta name=\"twitter:data1\" content=\"2 minute\" \/>\n<script type=\"application\/ld+json\" class=\"yoast-schema-graph\">{\"@context\":\"https:\/\/schema.org\",\"@graph\":[{\"@type\":\"WebPage\",\"@id\":\"https:\/\/riwal-wpn.acceptatie.indicia-interactiv.nl\/hr\/rjesenja\/rad-u-korozivnom-okruzenju\/\",\"url\":\"https:\/\/riwal-wpn.acceptatie.indicia-interactiv.nl\/hr\/rjesenja\/rad-u-korozivnom-okruzenju\/\",\"name\":\"Rad u korozivnom okru\u017eenju- Riwal Hrvatska\",\"isPartOf\":{\"@id\":\"https:\/\/riwal-wpn.acceptatie.indicia-interactiv.nl\/hr\/#website\"},\"datePublished\":\"2023-09-18T07:49:30+00:00\",\"dateModified\":\"2024-02-03T10:34:42+00:00\",\"breadcrumb\":{\"@id\":\"https:\/\/riwal-wpn.acceptatie.indicia-interactiv.nl\/hr\/rjesenja\/rad-u-korozivnom-okruzenju\/#breadcrumb\"},\"inLanguage\":\"hr\",\"potentialAction\":[{\"@type\":\"ReadAction\",\"target\":[\"https:\/\/riwal-wpn.acceptatie.indicia-interactiv.nl\/hr\/rjesenja\/rad-u-korozivnom-okruzenju\/\"]}]},{\"@type\":\"BreadcrumbList\",\"@id\":\"https:\/\/riwal-wpn.acceptatie.indicia-interactiv.nl\/hr\/rjesenja\/rad-u-korozivnom-okruzenju\/#breadcrumb\",\"itemListElement\":[{\"@type\":\"ListItem\",\"position\":1,\"name\":\"Doma\",\"item\":\"https:\/\/riwal-wpn.acceptatie.indicia-interactiv.nl\/hr\/\"},{\"@type\":\"ListItem\",\"position\":2,\"name\":\"Rjesenja\",\"item\":\"https:\/\/riwal-wpn.acceptatie.indicia-interactiv.nl\/hr\/rjesenja\/\"},{\"@type\":\"ListItem\",\"position\":3,\"name\":\"Rad u korozivnom okru\u017eenju\"}]},{\"@type\":\"WebSite\",\"@id\":\"https:\/\/riwal-wpn.acceptatie.indicia-interactiv.nl\/hr\/#website\",\"url\":\"https:\/\/riwal-wpn.acceptatie.indicia-interactiv.nl\/hr\/\",\"name\":\"Riwal\",\"description\":\"Arial work platform &amp; Telehandler Rental\/Sales\",\"publisher\":{\"@id\":\"https:\/\/riwal-wpn.acceptatie.indicia-interactiv.nl\/hr\/#organization\"},\"potentialAction\":[{\"@type\":\"SearchAction\",\"target\":{\"@type\":\"EntryPoint\",\"urlTemplate\":\"https:\/\/riwal-wpn.acceptatie.indicia-interactiv.nl\/hr\/?s={search_term_string}\"},\"query-input\":{\"@type\":\"PropertyValueSpecification\",\"valueRequired\":true,\"valueName\":\"search_term_string\"}}],\"inLanguage\":\"hr\"},{\"@type\":\"Organization\",\"@id\":\"https:\/\/riwal-wpn.acceptatie.indicia-interactiv.nl\/hr\/#organization\",\"name\":\"Riwal\",\"url\":\"https:\/\/riwal-wpn.acceptatie.indicia-interactiv.nl\/hr\/\",\"logo\":{\"@type\":\"ImageObject\",\"inLanguage\":\"hr\",\"@id\":\"https:\/\/riwal-wpn.acceptatie.indicia-interactiv.nl\/hr\/#\/schema\/logo\/image\/\",\"url\":\"\",\"contentUrl\":\"\",\"caption\":\"Riwal\"},\"image\":{\"@id\":\"https:\/\/riwal-wpn.acceptatie.indicia-interactiv.nl\/hr\/#\/schema\/logo\/image\/\"}}]}<\/script>\n<!-- \/ Yoast SEO Premium plugin. -->","yoast_head_json":{"title":"Rad u korozivnom okru\u017eenju- Riwal Hrvatska","robots":{"index":"noindex","follow":"follow","max-snippet":"max-snippet:-1","max-image-preview":"max-image-preview:large","max-video-preview":"max-video-preview:-1"},"og_locale":"hr_HR","og_type":"article","og_title":"Rad u korozivnom okru\u017eenju","og_description":"RAD U KOROZIVNOM OKRU\u017dENJU U sektoru industrije, neki od na\u0161ih klijenata rade u grubim okru\u017eenjima gdje korozija mo\u017ee uzrokovati prekomjerno tro\u0161enje i habanje opreme. Ali smo kroz na\u0161e iskustvo, nau\u010dili kako poduzeti preventivne mjere koje poma\u017eu da strojevi na\u0161ih kupaca nastave obavljati posao i smanje rizik od nezgoda uzrokovanih kvarovima opreme. Na primjer, jedan od &hellip; Nastavak","og_url":"https:\/\/riwal-wpn.acceptatie.indicia-interactiv.nl\/hr\/rjesenja\/rad-u-korozivnom-okruzenju\/","og_site_name":"Riwal Hrvatska","article_modified_time":"2024-02-03T10:34:42+00:00","twitter_card":"summary_large_image","twitter_misc":{"Est. reading time":"2 minute"},"schema":{"@context":"https:\/\/schema.org","@graph":[{"@type":"WebPage","@id":"https:\/\/riwal-wpn.acceptatie.indicia-interactiv.nl\/hr\/rjesenja\/rad-u-korozivnom-okruzenju\/","url":"https:\/\/riwal-wpn.acceptatie.indicia-interactiv.nl\/hr\/rjesenja\/rad-u-korozivnom-okruzenju\/","name":"Rad u korozivnom okru\u017eenju- Riwal Hrvatska","isPartOf":{"@id":"https:\/\/riwal-wpn.acceptatie.indicia-interactiv.nl\/hr\/#website"},"datePublished":"2023-09-18T07:49:30+00:00","dateModified":"2024-02-03T10:34:42+00:00","breadcrumb":{"@id":"https:\/\/riwal-wpn.acceptatie.indicia-interactiv.nl\/hr\/rjesenja\/rad-u-korozivnom-okruzenju\/#breadcrumb"},"inLanguage":"hr","potentialAction":[{"@type":"ReadAction","target":["https:\/\/riwal-wpn.acceptatie.indicia-interactiv.nl\/hr\/rjesenja\/rad-u-korozivnom-okruzenju\/"]}]},{"@type":"BreadcrumbList","@id":"https:\/\/riwal-wpn.acceptatie.indicia-interactiv.nl\/hr\/rjesenja\/rad-u-korozivnom-okruzenju\/#breadcrumb","itemListElement":[{"@type":"ListItem","position":1,"name":"Doma","item":"https:\/\/riwal-wpn.acceptatie.indicia-interactiv.nl\/hr\/"},{"@type":"ListItem","position":2,"name":"Rjesenja","item":"https:\/\/riwal-wpn.acceptatie.indicia-interactiv.nl\/hr\/rjesenja\/"},{"@type":"ListItem","position":3,"name":"Rad u korozivnom okru\u017eenju"}]},{"@type":"WebSite","@id":"https:\/\/riwal-wpn.acceptatie.indicia-interactiv.nl\/hr\/#website","url":"https:\/\/riwal-wpn.acceptatie.indicia-interactiv.nl\/hr\/","name":"Riwal","description":"Arial work platform &amp; Telehandler Rental\/Sales","publisher":{"@id":"https:\/\/riwal-wpn.acceptatie.indicia-interactiv.nl\/hr\/#organization"},"potentialAction":[{"@type":"SearchAction","target":{"@type":"EntryPoint","urlTemplate":"https:\/\/riwal-wpn.acceptatie.indicia-interactiv.nl\/hr\/?s={search_term_string}"},"query-input":{"@type":"PropertyValueSpecification","valueRequired":true,"valueName":"search_term_string"}}],"inLanguage":"hr"},{"@type":"Organization","@id":"https:\/\/riwal-wpn.acceptatie.indicia-interactiv.nl\/hr\/#organization","name":"Riwal","url":"https:\/\/riwal-wpn.acceptatie.indicia-interactiv.nl\/hr\/","logo":{"@type":"ImageObject","inLanguage":"hr","@id":"https:\/\/riwal-wpn.acceptatie.indicia-interactiv.nl\/hr\/#\/schema\/logo\/image\/","url":"","contentUrl":"","caption":"Riwal"},"image":{"@id":"https:\/\/riwal-wpn.acceptatie.indicia-interactiv.nl\/hr\/#\/schema\/logo\/image\/"}}]}},"_links":{"self":[{"href":"https:\/\/riwal-wpn.acceptatie.indicia-interactiv.nl\/hr\/wp-json\/wp\/v2\/pages\/3330","targetHints":{"allow":["GET"]}}],"collection":[{"href":"https:\/\/riwal-wpn.acceptatie.indicia-interactiv.nl\/hr\/wp-json\/wp\/v2\/pages"}],"about":[{"href":"https:\/\/riwal-wpn.acceptatie.indicia-interactiv.nl\/hr\/wp-json\/wp\/v2\/types\/page"}],"author":[{"embeddable":true,"href":"https:\/\/riwal-wpn.acceptatie.indicia-interactiv.nl\/hr\/wp-json\/wp\/v2\/users\/45"}],"replies":[{"embeddable":true,"href":"https:\/\/riwal-wpn.acceptatie.indicia-interactiv.nl\/hr\/wp-json\/wp\/v2\/comments?post=3330"}],"version-history":[{"count":2,"href":"https:\/\/riwal-wpn.acceptatie.indicia-interactiv.nl\/hr\/wp-json\/wp\/v2\/pages\/3330\/revisions"}],"predecessor-version":[{"id":3332,"href":"https:\/\/riwal-wpn.acceptatie.indicia-interactiv.nl\/hr\/wp-json\/wp\/v2\/pages\/3330\/revisions\/3332"}],"up":[{"embeddable":true,"href":"https:\/\/riwal-wpn.acceptatie.indicia-interactiv.nl\/hr\/wp-json\/wp\/v2\/pages\/3263"}],"wp:attachment":[{"href":"https:\/\/riwal-wpn.acceptatie.indicia-interactiv.nl\/hr\/wp-json\/wp\/v2\/media?parent=3330"}],"curies":[{"name":"wp","href":"https:\/\/api.w.org\/{rel}","templated":true}]}}