{"id":3337,"date":"2023-09-18T07:58:19","date_gmt":"2023-09-18T07:58:19","guid":{"rendered":"https:\/\/riwal-wpn.acceptatie.indicia-interactiv.nl\/hr\/?page_id=3337"},"modified":"2024-02-07T15:12:21","modified_gmt":"2024-02-07T15:12:21","slug":"kontakt","status":"publish","type":"page","link":"https:\/\/riwal-wpn.acceptatie.indicia-interactiv.nl\/hr\/kontakt\/","title":{"rendered":"Kontakt"},"content":{"rendered":"<div class=\"container\">\n<h2 class=\"wp-block-heading has-text-align-center\" id=\"h-kontaktirajte-nas\">KONTAKTIRAJTE NAS!<\/h2>\n<\/div>\n\n<div class=\"container\">\n<p class=\"has-text-align-center\">Jeste li zainteresirani za tvrtku Riwal ili imate pitanja o tvrtki Riwal, na\u0161im uslugama ili proizvodima?<\/p>\n<\/div>\n\n<div class=\"container\">\n<p class=\"has-text-align-center\">Kontaktirajte nas telefonski ili nam po\u0161aljite elektroni\u010dku poruku. Uvijek smo na raspolaganju za Va\u0161a pitanja ili savjete.<\/p>\n<\/div>\n\n<div class=\"rental-wp-default-block rental-theme-block-default-margin\">\n\t\t\t\t\t\t\t\t<div class=\"container\">\n<div class=\"wp-block-columns is-layout-flex wp-container-core-columns-is-layout-28f84493 wp-block-columns-is-layout-flex\">\n<div class=\"wp-block-column is-layout-flow wp-block-column-is-layout-flow\"><\/div>\n\n\n\n<div class=\"wp-block-column is-layout-flow wp-block-column-is-layout-flow\">\n<div class=\"wp-block-buttons is-layout-flex wp-block-buttons-is-layout-flex\">\n<div class=\"wp-block-button\"><a class=\"wp-block-button__link has-text-align-center wp-element-button\" href=\"\/hr\/lokacije\">Nalazimo se na slijede\u0107im adresama<\/a><\/div>\n<\/div>\n<\/div>\n\n\n\n<div class=\"wp-block-column is-layout-flow wp-block-column-is-layout-flow\"><\/div>\n<\/div>\n<\/div>\n\t\t\t\t\t\t\t<\/div> \n\n<div class=\"rental-wp-default-block rental-theme-block-default-margin\">\n\t\t\t\t\t\t\t\t<div class=\"container\">\n<div class=\"wp-block-columns is-layout-flex wp-container-core-columns-is-layout-28f84493 wp-block-columns-is-layout-flex\">\n<div class=\"wp-block-column is-layout-flow wp-block-column-is-layout-flow\" style=\"flex-basis:25%\"><\/div>\n\n\n\n<div class=\"wp-block-column is-layout-flow wp-block-column-is-layout-flow\" style=\"flex-basis:50%\">\n<figure class=\"wp-block-table\"><table><tbody><tr><td>&nbsp;<strong>PRODAJA<\/strong><\/td><td>&nbsp;091 332 00 44<\/td><td><a href=\"mailto:josip.jurjevic@riwal.com\">josip.jurjevic@riwal.com<\/a><\/td><\/tr><tr><td>&nbsp;<strong>NAJAM DUGO SELO \/ ZAGREB<\/strong><\/td><td>&nbsp;091 332 00 66<\/td><td><a href=\"mailto:info-hr@riwal.com\">petar.maric@riwal.com<\/a><\/td><\/tr><tr><td>&nbsp;<strong>NAJAM SPLIT<\/strong><\/td><td>&nbsp;091 332 00 41<\/td><td><a href=\"mailto:info-hr@riwal.com\">ivica.vranjic@riwal.com<\/a><\/td><\/tr><tr><td> <strong>NAJAM SPLIT<\/strong><\/td><td>\u00a0091 332 00 65<\/td><td><a href=\"mailto:zeljka.desic@riwal.com\">zeljka.desic@riwal.com<\/a><\/td><\/tr><tr><td><strong>\u00a0NAJAM RIJEKA<\/strong><\/td><td>091 332 00 42<\/td><td><a href=\"mailto:info-hr@riwal.com\">goran.banjanin@riwal.com<\/a><\/td><\/tr><tr><td>\u00a0<strong>ODR\u017dAVANJE I REZERVNI DIJELOVI<\/strong><\/td><td>\u00a001 27 63 581<\/td><td><a href=\"mailto:info-hr@riwal.com\">info-hr@riwal.com<\/a><\/td><\/tr><tr><td>\u00a0<strong>OBUKA ZA SIGURAN RAD NA VISINI<\/strong><\/td><td>\u00a0\u00a0091 332 00 47<\/td><td><a href=\"mailto:robert.cugalj@riwal.com\">robert.cugalj@riwal.com<\/a><\/td><\/tr><tr><td><strong>OSTALE INFORMACIJE<\/strong><\/td><td>01 27 63 581<\/td><td><a href=\"mailto:info-hr@riwal.com\">info-hr@riwal.com<\/a><\/td><\/tr><\/tbody><\/table><\/figure>\n<\/div>\n\n\n\n<div class=\"wp-block-column is-layout-flow wp-block-column-is-layout-flow\" style=\"flex-basis:25%\"><\/div>\n<\/div>\n<\/div>\n\t\t\t\t\t\t\t<\/div> ","protected":false},"excerpt":{"rendered":"<p>KONTAKTIRAJTE NAS! Jeste li zainteresirani za tvrtku Riwal ili imate pitanja o tvrtki Riwal, na\u0161im uslugama ili proizvodima? Kontaktirajte nas telefonski ili nam po\u0161aljite elektroni\u010dku poruku. Uvijek smo na raspolaganju za Va\u0161a pitanja ili savjete. &nbsp;PRODAJA &nbsp;091 332 00 44 josip.jurjevic@riwal.com &nbsp;NAJAM DUGO SELO \/ ZAGREB &nbsp;091 332 00 66 petar.maric@riwal.com &nbsp;NAJAM SPLIT &nbsp;091 332 &hellip; <a href=\"https:\/\/riwal-wpn.acceptatie.indicia-interactiv.nl\/hr\/kontakt\/\">Nastavak<\/a><\/p>\n","protected":false},"author":45,"featured_media":0,"parent":0,"menu_order":0,"comment_status":"closed","ping_status":"closed","template":"","meta":{"_acf_changed":false,"editor_notices":[],"footnotes":""},"class_list":["post-3337","page","type-page","status-publish","hentry"],"acf":[],"yoast_head":"<!-- This site is optimized with the Yoast SEO Premium plugin v27.1 (Yoast SEO v27.1.1) - https:\/\/yoast.com\/product\/yoast-seo-premium-wordpress\/ -->\n<title>Kontakt - Riwal Hrvatska<\/title>\n<meta name=\"robots\" content=\"noindex, follow, max-snippet:-1, max-image-preview:large, max-video-preview:-1\" \/>\n<meta property=\"og:locale\" content=\"hr_HR\" \/>\n<meta property=\"og:type\" content=\"article\" \/>\n<meta property=\"og:title\" content=\"Kontakt\" \/>\n<meta property=\"og:description\" content=\"KONTAKTIRAJTE NAS! Jeste li zainteresirani za tvrtku Riwal ili imate pitanja o tvrtki Riwal, na\u0161im uslugama ili proizvodima? Kontaktirajte nas telefonski ili nam po\u0161aljite elektroni\u010dku poruku. Uvijek smo na raspolaganju za Va\u0161a pitanja ili savjete. &nbsp;PRODAJA &nbsp;091 332 00 44 josip.jurjevic@riwal.com &nbsp;NAJAM DUGO SELO \/ ZAGREB &nbsp;091 332 00 66 petar.maric@riwal.com &nbsp;NAJAM SPLIT &nbsp;091 332 &hellip; Nastavak\" \/>\n<meta property=\"og:url\" content=\"https:\/\/riwal-wpn.acceptatie.indicia-interactiv.nl\/hr\/kontakt\/\" \/>\n<meta property=\"og:site_name\" content=\"Riwal Hrvatska\" \/>\n<meta property=\"article:modified_time\" content=\"2024-02-07T15:12:21+00:00\" \/>\n<meta name=\"twitter:card\" content=\"summary_large_image\" \/>\n<meta name=\"twitter:label1\" content=\"Est. reading time\" \/>\n\t<meta name=\"twitter:data1\" content=\"1 minuta\" \/>\n<script type=\"application\/ld+json\" class=\"yoast-schema-graph\">{\"@context\":\"https:\/\/schema.org\",\"@graph\":[{\"@type\":\"WebPage\",\"@id\":\"https:\/\/riwal-wpn.acceptatie.indicia-interactiv.nl\/hr\/kontakt\/\",\"url\":\"https:\/\/riwal-wpn.acceptatie.indicia-interactiv.nl\/hr\/kontakt\/\",\"name\":\"Kontakt - Riwal Hrvatska\",\"isPartOf\":{\"@id\":\"https:\/\/riwal-wpn.acceptatie.indicia-interactiv.nl\/hr\/#website\"},\"datePublished\":\"2023-09-18T07:58:19+00:00\",\"dateModified\":\"2024-02-07T15:12:21+00:00\",\"breadcrumb\":{\"@id\":\"https:\/\/riwal-wpn.acceptatie.indicia-interactiv.nl\/hr\/kontakt\/#breadcrumb\"},\"inLanguage\":\"hr\",\"potentialAction\":[{\"@type\":\"ReadAction\",\"target\":[\"https:\/\/riwal-wpn.acceptatie.indicia-interactiv.nl\/hr\/kontakt\/\"]}]},{\"@type\":\"BreadcrumbList\",\"@id\":\"https:\/\/riwal-wpn.acceptatie.indicia-interactiv.nl\/hr\/kontakt\/#breadcrumb\",\"itemListElement\":[{\"@type\":\"ListItem\",\"position\":1,\"name\":\"Doma\",\"item\":\"https:\/\/riwal-wpn.acceptatie.indicia-interactiv.nl\/hr\/\"},{\"@type\":\"ListItem\",\"position\":2,\"name\":\"Kontakt\"}]},{\"@type\":\"WebSite\",\"@id\":\"https:\/\/riwal-wpn.acceptatie.indicia-interactiv.nl\/hr\/#website\",\"url\":\"https:\/\/riwal-wpn.acceptatie.indicia-interactiv.nl\/hr\/\",\"name\":\"Riwal\",\"description\":\"Arial work platform &amp; Telehandler Rental\/Sales\",\"publisher\":{\"@id\":\"https:\/\/riwal-wpn.acceptatie.indicia-interactiv.nl\/hr\/#organization\"},\"potentialAction\":[{\"@type\":\"SearchAction\",\"target\":{\"@type\":\"EntryPoint\",\"urlTemplate\":\"https:\/\/riwal-wpn.acceptatie.indicia-interactiv.nl\/hr\/?s={search_term_string}\"},\"query-input\":{\"@type\":\"PropertyValueSpecification\",\"valueRequired\":true,\"valueName\":\"search_term_string\"}}],\"inLanguage\":\"hr\"},{\"@type\":\"Organization\",\"@id\":\"https:\/\/riwal-wpn.acceptatie.indicia-interactiv.nl\/hr\/#organization\",\"name\":\"Riwal\",\"url\":\"https:\/\/riwal-wpn.acceptatie.indicia-interactiv.nl\/hr\/\",\"logo\":{\"@type\":\"ImageObject\",\"inLanguage\":\"hr\",\"@id\":\"https:\/\/riwal-wpn.acceptatie.indicia-interactiv.nl\/hr\/#\/schema\/logo\/image\/\",\"url\":\"\",\"contentUrl\":\"\",\"caption\":\"Riwal\"},\"image\":{\"@id\":\"https:\/\/riwal-wpn.acceptatie.indicia-interactiv.nl\/hr\/#\/schema\/logo\/image\/\"}}]}<\/script>\n<!-- \/ Yoast SEO Premium plugin. -->","yoast_head_json":{"title":"Kontakt - Riwal Hrvatska","robots":{"index":"noindex","follow":"follow","max-snippet":"max-snippet:-1","max-image-preview":"max-image-preview:large","max-video-preview":"max-video-preview:-1"},"og_locale":"hr_HR","og_type":"article","og_title":"Kontakt","og_description":"KONTAKTIRAJTE NAS! Jeste li zainteresirani za tvrtku Riwal ili imate pitanja o tvrtki Riwal, na\u0161im uslugama ili proizvodima? Kontaktirajte nas telefonski ili nam po\u0161aljite elektroni\u010dku poruku. Uvijek smo na raspolaganju za Va\u0161a pitanja ili savjete. &nbsp;PRODAJA &nbsp;091 332 00 44 josip.jurjevic@riwal.com &nbsp;NAJAM DUGO SELO \/ ZAGREB &nbsp;091 332 00 66 petar.maric@riwal.com &nbsp;NAJAM SPLIT &nbsp;091 332 &hellip; Nastavak","og_url":"https:\/\/riwal-wpn.acceptatie.indicia-interactiv.nl\/hr\/kontakt\/","og_site_name":"Riwal Hrvatska","article_modified_time":"2024-02-07T15:12:21+00:00","twitter_card":"summary_large_image","twitter_misc":{"Est. reading time":"1 minuta"},"schema":{"@context":"https:\/\/schema.org","@graph":[{"@type":"WebPage","@id":"https:\/\/riwal-wpn.acceptatie.indicia-interactiv.nl\/hr\/kontakt\/","url":"https:\/\/riwal-wpn.acceptatie.indicia-interactiv.nl\/hr\/kontakt\/","name":"Kontakt - Riwal Hrvatska","isPartOf":{"@id":"https:\/\/riwal-wpn.acceptatie.indicia-interactiv.nl\/hr\/#website"},"datePublished":"2023-09-18T07:58:19+00:00","dateModified":"2024-02-07T15:12:21+00:00","breadcrumb":{"@id":"https:\/\/riwal-wpn.acceptatie.indicia-interactiv.nl\/hr\/kontakt\/#breadcrumb"},"inLanguage":"hr","potentialAction":[{"@type":"ReadAction","target":["https:\/\/riwal-wpn.acceptatie.indicia-interactiv.nl\/hr\/kontakt\/"]}]},{"@type":"BreadcrumbList","@id":"https:\/\/riwal-wpn.acceptatie.indicia-interactiv.nl\/hr\/kontakt\/#breadcrumb","itemListElement":[{"@type":"ListItem","position":1,"name":"Doma","item":"https:\/\/riwal-wpn.acceptatie.indicia-interactiv.nl\/hr\/"},{"@type":"ListItem","position":2,"name":"Kontakt"}]},{"@type":"WebSite","@id":"https:\/\/riwal-wpn.acceptatie.indicia-interactiv.nl\/hr\/#website","url":"https:\/\/riwal-wpn.acceptatie.indicia-interactiv.nl\/hr\/","name":"Riwal","description":"Arial work platform &amp; Telehandler Rental\/Sales","publisher":{"@id":"https:\/\/riwal-wpn.acceptatie.indicia-interactiv.nl\/hr\/#organization"},"potentialAction":[{"@type":"SearchAction","target":{"@type":"EntryPoint","urlTemplate":"https:\/\/riwal-wpn.acceptatie.indicia-interactiv.nl\/hr\/?s={search_term_string}"},"query-input":{"@type":"PropertyValueSpecification","valueRequired":true,"valueName":"search_term_string"}}],"inLanguage":"hr"},{"@type":"Organization","@id":"https:\/\/riwal-wpn.acceptatie.indicia-interactiv.nl\/hr\/#organization","name":"Riwal","url":"https:\/\/riwal-wpn.acceptatie.indicia-interactiv.nl\/hr\/","logo":{"@type":"ImageObject","inLanguage":"hr","@id":"https:\/\/riwal-wpn.acceptatie.indicia-interactiv.nl\/hr\/#\/schema\/logo\/image\/","url":"","contentUrl":"","caption":"Riwal"},"image":{"@id":"https:\/\/riwal-wpn.acceptatie.indicia-interactiv.nl\/hr\/#\/schema\/logo\/image\/"}}]}},"_links":{"self":[{"href":"https:\/\/riwal-wpn.acceptatie.indicia-interactiv.nl\/hr\/wp-json\/wp\/v2\/pages\/3337","targetHints":{"allow":["GET"]}}],"collection":[{"href":"https:\/\/riwal-wpn.acceptatie.indicia-interactiv.nl\/hr\/wp-json\/wp\/v2\/pages"}],"about":[{"href":"https:\/\/riwal-wpn.acceptatie.indicia-interactiv.nl\/hr\/wp-json\/wp\/v2\/types\/page"}],"author":[{"embeddable":true,"href":"https:\/\/riwal-wpn.acceptatie.indicia-interactiv.nl\/hr\/wp-json\/wp\/v2\/users\/45"}],"replies":[{"embeddable":true,"href":"https:\/\/riwal-wpn.acceptatie.indicia-interactiv.nl\/hr\/wp-json\/wp\/v2\/comments?post=3337"}],"version-history":[{"count":11,"href":"https:\/\/riwal-wpn.acceptatie.indicia-interactiv.nl\/hr\/wp-json\/wp\/v2\/pages\/3337\/revisions"}],"predecessor-version":[{"id":5636,"href":"https:\/\/riwal-wpn.acceptatie.indicia-interactiv.nl\/hr\/wp-json\/wp\/v2\/pages\/3337\/revisions\/5636"}],"wp:attachment":[{"href":"https:\/\/riwal-wpn.acceptatie.indicia-interactiv.nl\/hr\/wp-json\/wp\/v2\/media?parent=3337"}],"curies":[{"name":"wp","href":"https:\/\/api.w.org\/{rel}","templated":true}]}}