{"id":3368,"date":"2023-09-18T08:37:06","date_gmt":"2023-09-18T08:37:06","guid":{"rendered":"https:\/\/riwal-wpn.acceptatie.indicia-interactiv.nl\/hr\/?page_id=3368"},"modified":"2024-02-03T10:34:39","modified_gmt":"2024-02-03T10:34:39","slug":"strategija","status":"publish","type":"page","link":"https:\/\/riwal-wpn.acceptatie.indicia-interactiv.nl\/hr\/o-nama\/strategija\/","title":{"rendered":"Strategija"},"content":{"rendered":"\n<div class=\"wp-block-rental-theme-header\">\n\t<div class=\"wp-block-rental-theme-header__lines\">\n\t\t<svg width=\"726\" height=\"442\" viewBox=\"0 0 726 442\" fill=\"none\" xmlns=\"http:\/\/www.w3.org\/2000\/svg\"><g opacity=\".5\"><mask id=\"path-1-inside-1_1_2\" fill=\"#fff\"><path fill-rule=\"evenodd\" clip-rule=\"evenodd\" d=\"M441.458.5H284.542L0 285.042v156.917l156.917-.001L363 235.876l206.083 206.082 156.917.001V285.042L441.458.5Z\"\/><\/mask><path d=\"M284.542.5v-1h-.415l-.292.293.707.707Zm156.916 0 .708-.707-.293-.293h-.415v1ZM0 285.042l-.707-.708-.293.293v.415h1Zm0 156.917h-1v1h1v-1Zm156.917-.001v1h.414l.293-.292-.707-.708ZM363 235.876l.707-.708-.707-.707-.707.707.707.708Zm206.083 206.082-.707.708.293.292h.414v-1Zm156.917.001v1h1v-1h-1Zm0-156.917h1v-.415l-.293-.293-.707.708ZM284.542 1.5h156.916v-2H284.542v2ZM.707 285.749 285.25 1.207l-1.414-1.414L-.707 284.334l1.414 1.415ZM1 441.959V285.042h-2v156.917h2Zm155.917-1.001L0 440.959v2l156.917-.001v-2Zm205.376-205.79L156.21 441.251l1.414 1.415 206.083-206.083-1.414-1.415Zm0 1.415 206.083 206.083 1.414-1.415-206.083-206.083-1.414 1.415Zm206.79 206.375 156.917.001v-2l-156.917-.001v2ZM727 441.959V285.042h-2v156.917h2Zm-.293-157.625L442.166-.206l-1.415 1.413L725.293 285.75l1.414-1.415Z\" fill=\"#5B728B\" mask=\"url(#path-1-inside-1_1_2)\"\/><\/g><\/svg>\t\t<svg width=\"726\" height=\"442\" viewBox=\"0 0 726 442\" fill=\"none\" xmlns=\"http:\/\/www.w3.org\/2000\/svg\"><g opacity=\".5\"><mask id=\"path-1-inside-1_1_2\" fill=\"#fff\"><path fill-rule=\"evenodd\" clip-rule=\"evenodd\" d=\"M441.458.5H284.542L0 285.042v156.917l156.917-.001L363 235.876l206.083 206.082 156.917.001V285.042L441.458.5Z\"\/><\/mask><path d=\"M284.542.5v-1h-.415l-.292.293.707.707Zm156.916 0 .708-.707-.293-.293h-.415v1ZM0 285.042l-.707-.708-.293.293v.415h1Zm0 156.917h-1v1h1v-1Zm156.917-.001v1h.414l.293-.292-.707-.708ZM363 235.876l.707-.708-.707-.707-.707.707.707.708Zm206.083 206.082-.707.708.293.292h.414v-1Zm156.917.001v1h1v-1h-1Zm0-156.917h1v-.415l-.293-.293-.707.708ZM284.542 1.5h156.916v-2H284.542v2ZM.707 285.749 285.25 1.207l-1.414-1.414L-.707 284.334l1.414 1.415ZM1 441.959V285.042h-2v156.917h2Zm155.917-1.001L0 440.959v2l156.917-.001v-2Zm205.376-205.79L156.21 441.251l1.414 1.415 206.083-206.083-1.414-1.415Zm0 1.415 206.083 206.083 1.414-1.415-206.083-206.083-1.414 1.415Zm206.79 206.375 156.917.001v-2l-156.917-.001v2ZM727 441.959V285.042h-2v156.917h2Zm-.293-157.625L442.166-.206l-1.415 1.413L725.293 285.75l1.414-1.415Z\" fill=\"#5B728B\" mask=\"url(#path-1-inside-1_1_2)\"\/><\/g><\/svg>\t<\/div>\n\t<img fetchpriority=\"high\" decoding=\"async\" width=\"1440\" height=\"480\" src=\"https:\/\/riwal-wpn.acceptatie.indicia-interactiv.nl\/app\/uploads\/sites\/11\/2023\/09\/Strategi-pc-1440x480.webp\" class=\"wp-block-rental-theme-header__image wp-block-rental-theme-header__image--desktop\" alt=\"\" loading=\"eager\" srcset=\"https:\/\/riwal-wpn.acceptatie.indicia-interactiv.nl\/app\/uploads\/sites\/11\/2023\/09\/Strategi-pc-1440x480.webp 1440w, https:\/\/riwal-wpn.acceptatie.indicia-interactiv.nl\/app\/uploads\/sites\/11\/2023\/09\/Strategi-pc-830x277.webp 830w, https:\/\/riwal-wpn.acceptatie.indicia-interactiv.nl\/app\/uploads\/sites\/11\/2023\/09\/Strategi-pc-300x100.webp 300w, https:\/\/riwal-wpn.acceptatie.indicia-interactiv.nl\/app\/uploads\/sites\/11\/2023\/09\/Strategi-pc-768x256.webp 768w, https:\/\/riwal-wpn.acceptatie.indicia-interactiv.nl\/app\/uploads\/sites\/11\/2023\/09\/Strategi-pc-1024x341.webp 1024w, https:\/\/riwal-wpn.acceptatie.indicia-interactiv.nl\/app\/uploads\/sites\/11\/2023\/09\/Strategi-pc-1536x512.webp 1536w, https:\/\/riwal-wpn.acceptatie.indicia-interactiv.nl\/app\/uploads\/sites\/11\/2023\/09\/Strategi-pc-178x59.webp 178w, https:\/\/riwal-wpn.acceptatie.indicia-interactiv.nl\/app\/uploads\/sites\/11\/2023\/09\/Strategi-pc-390x130.webp 390w, https:\/\/riwal-wpn.acceptatie.indicia-interactiv.nl\/app\/uploads\/sites\/11\/2023\/09\/Strategi-pc-250x83.webp 250w, https:\/\/riwal-wpn.acceptatie.indicia-interactiv.nl\/app\/uploads\/sites\/11\/2023\/09\/Strategi-pc.webp 1920w\" sizes=\"(max-width: 1440px) 100vw, 1440px\" \/>\t\t<div class=\"container\">\n\t\t<h1 class='wp-block-rental-theme-header__title' style='position: absolute; min-height: 120px'>Strategija<\/h1>\t<\/div>\n<\/div>\n\n\n<div class=\"container\">\n<h2 class=\"wp-block-heading has-text-align-center\" id=\"h-nasa-strategija\"><strong>NA\u0160A STRATEGIJA<\/strong><\/h2>\n<\/div>\n\n<div class=\"rental-wp-default-block rental-theme-block-default-margin\">\n\t\t\t\t\t\t\t\t<div class=\"container\">\n<div class=\"wp-block-columns is-layout-flex wp-container-core-columns-is-layout-28f84493 wp-block-columns-is-layout-flex\">\n<div class=\"wp-block-column is-layout-flow wp-block-column-is-layout-flow\" style=\"flex-basis:20%\"><\/div>\n\n\n\n<div class=\"wp-block-column is-layout-flow wp-block-column-is-layout-flow\" style=\"flex-basis:60%\">\n<p><strong>Postizanje poslovnog uspjeha nije jednostavno, ali pak, ono \u0161to nas pokre\u0107e je vrlo jasna vizija:<\/strong><\/p>\n\n\n\n<p><strong>Isporu\u010diti klijentu najbolje iskustvo u ovoj djelatnosti<\/strong><\/p>\n\n\n\n<p>Na\u0161a je misija uz pomo\u0107 na\u0161ih djelatnika posti\u0107i najvi\u0161i stupanj sigurnosti, produktivnosti i pru\u017eanja usluge. Mi vjerujemo da ako smo u stanju to izvr\u0161iti, da \u0107emo i sami prosperirati na du\u017ei rok, a to zna\u010di nastaviti zadovoljavati potrebe na\u0161ih klijenata.<\/p>\n\n\n\n<p>Mi gradimo na\u0161u strategiju na tri bitna \u201cstupa\u201d:<\/p>\n\n\n\n<ul class=\"wp-block-list\">\n<li><strong>Riwalov tim<\/strong>&nbsp;\u2013 Mi iznajmljujemo strojeve, ali na\u0161i ljudi su nam najva\u017enija imovina. Jer znamo da je isporuka najboljeg iskustva klijentu mogu\u0107a samo ako imamo prave ljude na pravom mjestu i sa pravim stavom. Ljude koji su predani na\u0161oj viziji kvalitete i stoje na usluzi klijentu. Izgradili smo Riwal kao tvrtku inovativnog, me\u0111unarodnog, otvorenog karaktera pouzdaju\u0107i se da je to ono \u0161to privla\u010di talentirane i ambiciozne zaposlenike. A talentirani ljudi koji su \u010dlanovi na\u0161eg tima su upravo ono \u0161to Riwal \u010dini tvrtkom kava jesmo.&nbsp;<\/li>\n\n\n\n<li><strong>Flota<\/strong>&nbsp;\u2013 Na\u0161a flota pridonosi najboljem mogu\u0107em iskustvu klijenta jer je zra\u010dna radna platforma, prema to\u010dno navedenim specifikacijama, uvijek na raspolaganju na lokaciji i u trenutku koji zahtijeva klijent.&nbsp;<\/li>\n\n\n\n<li><strong>Klijent<\/strong>&nbsp;\u2013 Nama je va\u017eno poznavati i razumjeti na\u0161e klijente, i ono \u0161to im je potrebno za svaki pojedini posao, i sura\u0111ivati s njima da im prona\u0111emo najefikasnije, naju\u010dinkovitije i najsigurnije rje\u0161enje. Njihovi interesi su i na\u0161i interesi, i da udovoljimo tim interesima poduzet \u0107emo sve da ispunimo na\u0161a obe\u0107anja, i zajam\u010dimo da \u0107e dobiti upravo ono \u0161to o\u010dekuju i kada to o\u010dekuju. I ako postoji problem, da ga rije\u0161imo \u0161to je mogu\u0107e prije.<\/li>\n<\/ul>\n\n\n\n<p><strong>Riwalov stil<\/strong><em>Riwalov stil<\/em>\u00a0je poslovni pristup koji smo usvojili da zajam\u010dimo isporuku iste razine kvalitete za svakog klijenta u svakoj transakciji bez obzira o kojem klijentu na svijetu se radi. Prepoznali smo klju\u010dne to\u010dke najboljeg iskustva za klijenta i izgradili i usavr\u0161ili\u00a0na\u0161e postupke i operacije kako bi bile \u0161to je mogu\u0107e vi\u0161e efikasne i u\u010dinkovite i time zajam\u010dili da \u0107emo ba\u0161 svaki put isporu\u010diti klijentu najbolje iskustvo. Tako\u0111er smo izradili alate za mjerenje i analizu na\u0161eg u\u010dinka tako da mo\u017eemo stalno pobolj\u0161avati na\u0161e proizvode i usluge. Zatim smo \u0161kolovali sve na\u0161e ljude kako bi\u00a0<em>Riwalov stil<\/em>\u00a0postao njihov na\u010din poslovanja. Ali to ne zna\u010di da je\u00a0<em>Riwalov stil<\/em>\u00a0ne\u0161to &#8220;isklesano u kamenu&#8221;. Naprotiv,\u00a0<em>stalna pobolj\u0161anja<\/em>\u00a0su su\u0161tina\u00a0<em>Riwalovog stila<\/em>. Postajati bolji je jedini na\u010din na koji smo sigurni da \u0107emo nastaviti isporu\u010divati klijentu najbolje iskustvo u ovoj djelatnosti.<\/p>\n\n\n\n<p><strong>VRIJEDNOSTI<\/strong><\/p>\n\n\n\n<p>Kao tvrtka vjerujemo u temeljni skup vrijednosti koje definiraju na\u0161 karakter i usmjeravaju na\u0161e pona\u0161anje &#8211; sa na\u0161im kupcima i u dru\u0161tvu u cjelini. To su vrijednosti zbog kojih smo dobri gra\u0111ani i pouzdani partneri.<\/p>\n\n\n\n<p><strong>Sigurnost<\/strong><\/p>\n\n\n\n<p>Sigurnost je na\u0161 najve\u0107i prioritet. Radne platforme su sigurniji na\u010din rada na visini, a kako bismo bili sigurni da funkcioniraju na najsigurniji mogu\u0107i na\u010din, nudimo obuku za sigurno upravljanje. Tako\u0111er vjerujemo da je najam elektri\u010dne opreme odr\u017eivo rje\u0161enje &#8211;\u00a0 za okoli\u0161, ali i vi\u0161e, za dugoro\u010dni uspjeh na\u0161ih klijenata. Klijenti ne moraju imati, skladi\u0161titi i odr\u017eavati opremu na lokacijama ako je koriste povremeno, niti je potrebno da imaju vlastite zaposlenike za odr\u017eavanje opreme ako Riwal nudi stru\u010dan uvid i odr\u017eavanje. Oni dobivaju najmoderniju opremu i mogu se usredoto\u010diti na svoju osnovnu djelatnost umjesto da tro\u0161e vrijedne resurse na ono \u0161to im nije prioritet.<\/p>\n\n\n\n<p><strong>Odgovornost<\/strong><\/p>\n\n\n\n<p>Preuzimamo odgovornost za sve aktivnosti koje su dio na\u0161eg rada. Na\u0161 cilj nije samo obaviti posao nego ve\u0107 i obaviti ga pravilno kako bismo pru\u017eili najbolje mogu\u0107e korisni\u010dko iskustvo.<\/p>\n\n\n\n<p><strong>Integritet<\/strong><\/p>\n\n\n\n<p>Na\u0161i kolege i kupci mogu se osloniti na nas i ra\u010dunati na nas. Sve odluke donosimo iskreno.<\/p>\n\n\n\n<p><strong>Anga\u017eiranost<\/strong><\/p>\n\n\n\n<p>Mi smo stru\u010dnjaci u poslu koji radimo i obavljamo ga vrlo energi\u010dno i entuzijasti\u010dno. Ula\u017eemo svoje vrijeme i energiju da bismo ispunili o\u010dekivanja na\u0161ih kupaca, i ako je mogu\u0107e, nadma\u0161ili ih.<\/p>\n\n\n\n<p><strong>Timski rad<\/strong><\/p>\n\n\n\n<p>Riwal vjeruje u timski rad, ne samo interno nego i u formiranje tima s na\u0161im kupcima. Zajedno tra\u017eimo najbolja rje\u0161enja mogu\u0107nosti i izglede.<\/p>\n\n\n\n<p><strong>Odr\u017eivost<\/strong><\/p>\n\n\n\n<p>Postavljanje&nbsp; visokih standarda odr\u017eivosti od najve\u0107e je va\u017enosti za Riwal. Poduzimamo sve \u0161to mo\u017eemo kako bismo smanjili potro\u0161nju energije i otpad, recikliraju\u0107i koliko god mo\u017eemo. Osim toga donosimo svjesne odluke za proizvode i procese koji su dobri za na\u0161 planet, kao \u0161to su pretvaranje dizelskih strojeva u elektri\u010dne i uvr\u0161tavanje pove\u0107anog broja elektri\u010dnih i hibridnih strojeva u na\u0161u flotu.<\/p>\n<\/div>\n\n\n\n<div class=\"wp-block-column is-layout-flow wp-block-column-is-layout-flow\" style=\"flex-basis:20%\"><\/div>\n<\/div>\n<\/div>\n\t\t\t\t\t\t\t<\/div> ","protected":false},"excerpt":{"rendered":"<p>NA\u0160A STRATEGIJA Postizanje poslovnog uspjeha nije jednostavno, ali pak, ono \u0161to nas pokre\u0107e je vrlo jasna vizija: Isporu\u010diti klijentu najbolje iskustvo u ovoj djelatnosti Na\u0161a je misija uz pomo\u0107 na\u0161ih djelatnika posti\u0107i najvi\u0161i stupanj sigurnosti, produktivnosti i pru\u017eanja usluge. Mi vjerujemo da ako smo u stanju to izvr\u0161iti, da \u0107emo i sami prosperirati na du\u017ei &hellip; <a href=\"https:\/\/riwal-wpn.acceptatie.indicia-interactiv.nl\/hr\/o-nama\/strategija\/\">Nastavak<\/a><\/p>\n","protected":false},"author":45,"featured_media":0,"parent":3351,"menu_order":0,"comment_status":"closed","ping_status":"closed","template":"","meta":{"_acf_changed":false,"editor_notices":[],"footnotes":""},"class_list":["post-3368","page","type-page","status-publish","hentry"],"acf":[],"yoast_head":"<!-- This site is optimized with the Yoast SEO Premium plugin v27.1 (Yoast SEO v27.1.1) - https:\/\/yoast.com\/product\/yoast-seo-premium-wordpress\/ -->\n<title>Strategija - Riwal Hrvatska<\/title>\n<meta name=\"robots\" content=\"noindex, follow, max-snippet:-1, max-image-preview:large, max-video-preview:-1\" \/>\n<meta property=\"og:locale\" content=\"hr_HR\" \/>\n<meta property=\"og:type\" content=\"article\" \/>\n<meta property=\"og:title\" content=\"Strategija\" \/>\n<meta property=\"og:description\" content=\"NA\u0160A STRATEGIJA Postizanje poslovnog uspjeha nije jednostavno, ali pak, ono \u0161to nas pokre\u0107e je vrlo jasna vizija: Isporu\u010diti klijentu najbolje iskustvo u ovoj djelatnosti Na\u0161a je misija uz pomo\u0107 na\u0161ih djelatnika posti\u0107i najvi\u0161i stupanj sigurnosti, produktivnosti i pru\u017eanja usluge. Mi vjerujemo da ako smo u stanju to izvr\u0161iti, da \u0107emo i sami prosperirati na du\u017ei &hellip; Nastavak\" \/>\n<meta property=\"og:url\" content=\"https:\/\/riwal-wpn.acceptatie.indicia-interactiv.nl\/hr\/o-nama\/strategija\/\" \/>\n<meta property=\"og:site_name\" content=\"Riwal Hrvatska\" \/>\n<meta property=\"article:modified_time\" content=\"2024-02-03T10:34:39+00:00\" \/>\n<meta name=\"twitter:card\" content=\"summary_large_image\" \/>\n<meta name=\"twitter:label1\" content=\"Est. reading time\" \/>\n\t<meta name=\"twitter:data1\" content=\"4 minute\" \/>\n<script type=\"application\/ld+json\" class=\"yoast-schema-graph\">{\"@context\":\"https:\/\/schema.org\",\"@graph\":[{\"@type\":\"WebPage\",\"@id\":\"https:\/\/riwal-wpn.acceptatie.indicia-interactiv.nl\/hr\/o-nama\/strategija\/\",\"url\":\"https:\/\/riwal-wpn.acceptatie.indicia-interactiv.nl\/hr\/o-nama\/strategija\/\",\"name\":\"Strategija - Riwal Hrvatska\",\"isPartOf\":{\"@id\":\"https:\/\/riwal-wpn.acceptatie.indicia-interactiv.nl\/hr\/#website\"},\"datePublished\":\"2023-09-18T08:37:06+00:00\",\"dateModified\":\"2024-02-03T10:34:39+00:00\",\"breadcrumb\":{\"@id\":\"https:\/\/riwal-wpn.acceptatie.indicia-interactiv.nl\/hr\/o-nama\/strategija\/#breadcrumb\"},\"inLanguage\":\"hr\",\"potentialAction\":[{\"@type\":\"ReadAction\",\"target\":[\"https:\/\/riwal-wpn.acceptatie.indicia-interactiv.nl\/hr\/o-nama\/strategija\/\"]}]},{\"@type\":\"BreadcrumbList\",\"@id\":\"https:\/\/riwal-wpn.acceptatie.indicia-interactiv.nl\/hr\/o-nama\/strategija\/#breadcrumb\",\"itemListElement\":[{\"@type\":\"ListItem\",\"position\":1,\"name\":\"Doma\",\"item\":\"https:\/\/riwal-wpn.acceptatie.indicia-interactiv.nl\/hr\/\"},{\"@type\":\"ListItem\",\"position\":2,\"name\":\"O nama\",\"item\":\"https:\/\/riwal-wpn.acceptatie.indicia-interactiv.nl\/hr\/o-nama\/\"},{\"@type\":\"ListItem\",\"position\":3,\"name\":\"Strategija\"}]},{\"@type\":\"WebSite\",\"@id\":\"https:\/\/riwal-wpn.acceptatie.indicia-interactiv.nl\/hr\/#website\",\"url\":\"https:\/\/riwal-wpn.acceptatie.indicia-interactiv.nl\/hr\/\",\"name\":\"Riwal\",\"description\":\"Arial work platform &amp; Telehandler Rental\/Sales\",\"publisher\":{\"@id\":\"https:\/\/riwal-wpn.acceptatie.indicia-interactiv.nl\/hr\/#organization\"},\"potentialAction\":[{\"@type\":\"SearchAction\",\"target\":{\"@type\":\"EntryPoint\",\"urlTemplate\":\"https:\/\/riwal-wpn.acceptatie.indicia-interactiv.nl\/hr\/?s={search_term_string}\"},\"query-input\":{\"@type\":\"PropertyValueSpecification\",\"valueRequired\":true,\"valueName\":\"search_term_string\"}}],\"inLanguage\":\"hr\"},{\"@type\":\"Organization\",\"@id\":\"https:\/\/riwal-wpn.acceptatie.indicia-interactiv.nl\/hr\/#organization\",\"name\":\"Riwal\",\"url\":\"https:\/\/riwal-wpn.acceptatie.indicia-interactiv.nl\/hr\/\",\"logo\":{\"@type\":\"ImageObject\",\"inLanguage\":\"hr\",\"@id\":\"https:\/\/riwal-wpn.acceptatie.indicia-interactiv.nl\/hr\/#\/schema\/logo\/image\/\",\"url\":\"\",\"contentUrl\":\"\",\"caption\":\"Riwal\"},\"image\":{\"@id\":\"https:\/\/riwal-wpn.acceptatie.indicia-interactiv.nl\/hr\/#\/schema\/logo\/image\/\"}}]}<\/script>\n<!-- \/ Yoast SEO Premium plugin. -->","yoast_head_json":{"title":"Strategija - Riwal Hrvatska","robots":{"index":"noindex","follow":"follow","max-snippet":"max-snippet:-1","max-image-preview":"max-image-preview:large","max-video-preview":"max-video-preview:-1"},"og_locale":"hr_HR","og_type":"article","og_title":"Strategija","og_description":"NA\u0160A STRATEGIJA Postizanje poslovnog uspjeha nije jednostavno, ali pak, ono \u0161to nas pokre\u0107e je vrlo jasna vizija: Isporu\u010diti klijentu najbolje iskustvo u ovoj djelatnosti Na\u0161a je misija uz pomo\u0107 na\u0161ih djelatnika posti\u0107i najvi\u0161i stupanj sigurnosti, produktivnosti i pru\u017eanja usluge. Mi vjerujemo da ako smo u stanju to izvr\u0161iti, da \u0107emo i sami prosperirati na du\u017ei &hellip; Nastavak","og_url":"https:\/\/riwal-wpn.acceptatie.indicia-interactiv.nl\/hr\/o-nama\/strategija\/","og_site_name":"Riwal Hrvatska","article_modified_time":"2024-02-03T10:34:39+00:00","twitter_card":"summary_large_image","twitter_misc":{"Est. reading time":"4 minute"},"schema":{"@context":"https:\/\/schema.org","@graph":[{"@type":"WebPage","@id":"https:\/\/riwal-wpn.acceptatie.indicia-interactiv.nl\/hr\/o-nama\/strategija\/","url":"https:\/\/riwal-wpn.acceptatie.indicia-interactiv.nl\/hr\/o-nama\/strategija\/","name":"Strategija - Riwal Hrvatska","isPartOf":{"@id":"https:\/\/riwal-wpn.acceptatie.indicia-interactiv.nl\/hr\/#website"},"datePublished":"2023-09-18T08:37:06+00:00","dateModified":"2024-02-03T10:34:39+00:00","breadcrumb":{"@id":"https:\/\/riwal-wpn.acceptatie.indicia-interactiv.nl\/hr\/o-nama\/strategija\/#breadcrumb"},"inLanguage":"hr","potentialAction":[{"@type":"ReadAction","target":["https:\/\/riwal-wpn.acceptatie.indicia-interactiv.nl\/hr\/o-nama\/strategija\/"]}]},{"@type":"BreadcrumbList","@id":"https:\/\/riwal-wpn.acceptatie.indicia-interactiv.nl\/hr\/o-nama\/strategija\/#breadcrumb","itemListElement":[{"@type":"ListItem","position":1,"name":"Doma","item":"https:\/\/riwal-wpn.acceptatie.indicia-interactiv.nl\/hr\/"},{"@type":"ListItem","position":2,"name":"O nama","item":"https:\/\/riwal-wpn.acceptatie.indicia-interactiv.nl\/hr\/o-nama\/"},{"@type":"ListItem","position":3,"name":"Strategija"}]},{"@type":"WebSite","@id":"https:\/\/riwal-wpn.acceptatie.indicia-interactiv.nl\/hr\/#website","url":"https:\/\/riwal-wpn.acceptatie.indicia-interactiv.nl\/hr\/","name":"Riwal","description":"Arial work platform &amp; Telehandler Rental\/Sales","publisher":{"@id":"https:\/\/riwal-wpn.acceptatie.indicia-interactiv.nl\/hr\/#organization"},"potentialAction":[{"@type":"SearchAction","target":{"@type":"EntryPoint","urlTemplate":"https:\/\/riwal-wpn.acceptatie.indicia-interactiv.nl\/hr\/?s={search_term_string}"},"query-input":{"@type":"PropertyValueSpecification","valueRequired":true,"valueName":"search_term_string"}}],"inLanguage":"hr"},{"@type":"Organization","@id":"https:\/\/riwal-wpn.acceptatie.indicia-interactiv.nl\/hr\/#organization","name":"Riwal","url":"https:\/\/riwal-wpn.acceptatie.indicia-interactiv.nl\/hr\/","logo":{"@type":"ImageObject","inLanguage":"hr","@id":"https:\/\/riwal-wpn.acceptatie.indicia-interactiv.nl\/hr\/#\/schema\/logo\/image\/","url":"","contentUrl":"","caption":"Riwal"},"image":{"@id":"https:\/\/riwal-wpn.acceptatie.indicia-interactiv.nl\/hr\/#\/schema\/logo\/image\/"}}]}},"_links":{"self":[{"href":"https:\/\/riwal-wpn.acceptatie.indicia-interactiv.nl\/hr\/wp-json\/wp\/v2\/pages\/3368","targetHints":{"allow":["GET"]}}],"collection":[{"href":"https:\/\/riwal-wpn.acceptatie.indicia-interactiv.nl\/hr\/wp-json\/wp\/v2\/pages"}],"about":[{"href":"https:\/\/riwal-wpn.acceptatie.indicia-interactiv.nl\/hr\/wp-json\/wp\/v2\/types\/page"}],"author":[{"embeddable":true,"href":"https:\/\/riwal-wpn.acceptatie.indicia-interactiv.nl\/hr\/wp-json\/wp\/v2\/users\/45"}],"replies":[{"embeddable":true,"href":"https:\/\/riwal-wpn.acceptatie.indicia-interactiv.nl\/hr\/wp-json\/wp\/v2\/comments?post=3368"}],"version-history":[{"count":3,"href":"https:\/\/riwal-wpn.acceptatie.indicia-interactiv.nl\/hr\/wp-json\/wp\/v2\/pages\/3368\/revisions"}],"predecessor-version":[{"id":4685,"href":"https:\/\/riwal-wpn.acceptatie.indicia-interactiv.nl\/hr\/wp-json\/wp\/v2\/pages\/3368\/revisions\/4685"}],"up":[{"embeddable":true,"href":"https:\/\/riwal-wpn.acceptatie.indicia-interactiv.nl\/hr\/wp-json\/wp\/v2\/pages\/3351"}],"wp:attachment":[{"href":"https:\/\/riwal-wpn.acceptatie.indicia-interactiv.nl\/hr\/wp-json\/wp\/v2\/media?parent=3368"}],"curies":[{"name":"wp","href":"https:\/\/api.w.org\/{rel}","templated":true}]}}