{"id":3419,"date":"2023-09-18T18:50:34","date_gmt":"2023-09-18T18:50:34","guid":{"rendered":"https:\/\/riwal-wpn.acceptatie.indicia-interactiv.nl\/hr\/?page_id=3419"},"modified":"2024-02-04T07:34:23","modified_gmt":"2024-02-04T07:34:23","slug":"podizuci-odrzivost","status":"publish","type":"page","link":"https:\/\/riwal-wpn.acceptatie.indicia-interactiv.nl\/hr\/o-nama\/odrzivost\/podizuci-odrzivost\/","title":{"rendered":"Podi\u017eu\u0107i odr\u017eivost"},"content":{"rendered":"<div class=\"container\">\n<h2 class=\"wp-block-heading\" id=\"h-podizuci-odrzivost\">PODI\u017dU\u0106I ODR\u017dIVOST<\/h2>\n<\/div>\n\n<div class=\"rental-wp-default-block rental-theme-block-default-margin\">\n\t\t\t\t\t\t\t\t<div class=\"container\">\n<div class=\"wp-block-columns is-layout-flex wp-container-core-columns-is-layout-28f84493 wp-block-columns-is-layout-flex\">\n<div class=\"wp-block-column is-layout-flow wp-block-column-is-layout-flow\" style=\"flex-basis:66.66%\">\n<p><strong>Odr\u017eivost je zvu\u010dna rije\u010d koju svi danas koriste. Govori se da je va\u017ena i ve\u0107ina ljudi poku\u0161ava pridonijeti odr\u017eivijem \u017eivotu. Za Riwal odr\u017eivost zna\u010di o\u010duvanje kvalitete \u017eivota, o\u010duvanje cjelokupnog \u017eivota na Zemlji te ekosustava. Zbog toga smo prigrlili odr\u017eivost te brinemo da zemlja ostane pogodna za \u017eivot. A to je prili\u010dno va\u017eno!<\/strong><\/p>\n\n\n\n<p>Za Riwala je predanost odr\u017eivosti mnogo vi\u0161e od pukih rije\u010di. Uskladili smo svoje ciljeve s&nbsp;<a href=\"blank\">ciljevima odr\u017eivog razvoja Ujedinjenih naroda (SDG)<\/a>&nbsp;i smjernicama OECD-a za multinacionalna poduze\u0107a. To nam daje okvir za stvaranje odva\u017ene strategije i mjerenje njezinog uspjeha.<\/p>\n\n\n\n<p>Ova kampanja fokusirana je na Riwalovu strategiju i inicijative povezane s odr\u017eivo\u0161\u0107u okoli\u0161a. Uglavnom \u0107e predstaviti na\u0161e napore u tim podru\u010djima. Ako \u017eelite saznati vi\u0161e o na\u0161im socijalnim i ekonomskim ciljevima, mo\u017eete o tome pro\u010ditati na na\u0161oj&nbsp;<a href=\"blank\">stranici o dru\u0161tvenoj odgovornosti<\/a>.<\/p>\n\n\n\n<p>UN opisuju ciljeve odr\u017eivog razvoja kao &#8216;nacrt za postizanje bolje i odr\u017eivije budu\u0107nosti za sve&#8217;. Oni pokrivaju \u0161irok raspon tema, od siroma\u0161tva i obrazovanja do energije i okoli\u0161a.<\/p>\n\n\n\n<p><strong>Riwal je odabrao sljede\u0107e ciljeve:<\/strong><\/p>\n\n\n\n<div class=\"wp-block-columns is-layout-flex wp-container-core-columns-is-layout-28f84493 wp-block-columns-is-layout-flex\">\n<div class=\"wp-block-column is-layout-flow wp-block-column-is-layout-flow\">\n<figure class=\"wp-block-image size-full\"><img loading=\"lazy\" decoding=\"async\" width=\"150\" height=\"150\" src=\"https:\/\/riwal-wpn.acceptatie.indicia-interactiv.nl\/app\/uploads\/sites\/11\/2023\/09\/en-sdg-goal-06.webp\" alt=\"\" class=\"wp-image-3421\" \/><\/figure>\n<\/div>\n\n\n\n<div class=\"wp-block-column is-layout-flow wp-block-column-is-layout-flow\">\n<figure class=\"wp-block-image size-full\"><img loading=\"lazy\" decoding=\"async\" width=\"150\" height=\"150\" src=\"https:\/\/riwal-wpn.acceptatie.indicia-interactiv.nl\/app\/uploads\/sites\/11\/2023\/09\/en-sdg-goal-07.webp\" alt=\"\" class=\"wp-image-3422\" \/><\/figure>\n<\/div>\n\n\n\n<div class=\"wp-block-column is-layout-flow wp-block-column-is-layout-flow\">\n<figure class=\"wp-block-image size-full\"><img loading=\"lazy\" decoding=\"async\" width=\"150\" height=\"150\" src=\"https:\/\/riwal-wpn.acceptatie.indicia-interactiv.nl\/app\/uploads\/sites\/11\/2023\/09\/en-sdg-goal-11.webp\" alt=\"\" class=\"wp-image-3423\" \/><\/figure>\n<\/div>\n\n\n\n<div class=\"wp-block-column is-layout-flow wp-block-column-is-layout-flow\">\n<figure class=\"wp-block-image size-full\"><img loading=\"lazy\" decoding=\"async\" width=\"150\" height=\"150\" src=\"https:\/\/riwal-wpn.acceptatie.indicia-interactiv.nl\/app\/uploads\/sites\/11\/2023\/09\/en-sdg-goal-12.webp\" alt=\"\" class=\"wp-image-3424\" \/><\/figure>\n<\/div>\n<\/div>\n\n\n\n<p><strong>Saznajte kako Riwal doprinosi ovim ciljevima:<\/strong><\/p>\n\n\n\n<ul class=\"wp-block-list\">\n<li>&nbsp;Prvo i najva\u017enije, najam je &#8220;zeleno&#8221; rje\u0161enje. Nedavna istra\u017eivanja potvrdila su da se ukupne emisije ugljika mogu prepoloviti iznajmljivanjem, umjesto kupnjom stroja.<\/li>\n\n\n\n<li>&nbsp;Bli\u017ee cilju, na\u0161e akcije uklju\u010duju uvo\u0111enje promjena na na\u0161em radnom mjestu, poput recikliranja vode u radionicama i postavljanje LED svjetala u na\u0161a skladi\u0161ta i urede.<\/li>\n\n\n\n<li>&nbsp;Napokon, tako\u0111er smo vode\u0107i u potpuno elektri\u010dnim platformama za rad na visini, uklju\u010duju\u0107i na\u0161 jedinstveni asortiman 100% elektri\u010dnih velikih teleskopskih platformi koje smo preobratili sami.<\/li>\n<\/ul>\n\n\n\n<p>Riwal nastavlja s inovacijama u svim tim podru\u010djima odr\u017eivosti.Siguran rad na visini mogu\u0107 je samo onda kada su va\u0161i strojevi sigurni. Kao tvrtka koja se bavi rje\u0161enjima za zra\u010dne radne platforme, teleskopske vili\u010dare i vili\u010dare, Riwal nudi uslugu odr\u017eavanja. Riwal nudi dvije vrste odr\u017eavanja:&nbsp;<a href=\"https:\/\/riwal-wpn.acceptatie.indicia-interactiv.nl\/\/sitecore\/service\/notfound.aspx?item=web%3a%7b40646B14-0690-45DA-BE37-42507691D43D%7d%40hr-HR\"><\/a>osnovni ugovor i pro\u0161ireni ugovor.<\/p>\n\n\n\n<p>Mogu\u0107e je sklapanje ugovora na du\u017ee razdoblje, do \u010dak pet godina. Po \u017eelji to mo\u017ee uklju\u010divati odr\u017eavanje, popravak, rezervne dijelove, dolazak na poziv, odre\u0111eni broj kvarova u godini i zamjenski stroj. Cijena va\u0161eg ugovora ovisi o starosti i vrsti stroja. Ugovor o odr\u017eavanju ne uklju\u010duje akumulatore, punja\u010de, gume i releje.&nbsp;<\/p>\n\n\n\n<p>Riwal poma\u017ee. I upravo zato ne trebate sami brinuti o odr\u017eavanju svojih strojeva. Kada do\u0111e vrijeme za godi\u0161nji pregled va\u0161e opreme, Riwal \u0107e vas obavijestiti. Pojavi li se kakav neo\u010dekivani kvar u razdoblju izme\u0111u dva pregleda, na broj 01 2763 581 mo\u017eete kontaktirati tehni\u010dara 24 sata na dan.&nbsp;<\/p>\n\n\n\n<p>Za sva dodatna pitanja ili ponudu bez obveze, molimo po\u0161aljite poruku e po\u0161tom na info-hr@riwal.com<\/p>\n<\/div>\n\n\n\n<div class=\"wp-block-column is-layout-flow wp-block-column-is-layout-flow\" style=\"flex-basis:33.33%\"><\/div>\n<\/div>\n<\/div>\n\t\t\t\t\t\t\t<\/div> \n\n<div class=\"rental-wp-default-block rental-theme-block-default-margin\">\n\t\t\t\t\t\t\t\t<div class=\"container\">\n<div class=\"wp-block-columns is-layout-flex wp-container-core-columns-is-layout-28f84493 wp-block-columns-is-layout-flex\">\n<div class=\"wp-block-column is-layout-flow wp-block-column-is-layout-flow\">\n<figure class=\"wp-block-image size-full\"><img loading=\"lazy\" decoding=\"async\" width=\"450\" height=\"230\" src=\"https:\/\/riwal-wpn.acceptatie.indicia-interactiv.nl\/app\/uploads\/sites\/11\/2023\/09\/Sustainable-Solution.webp\" alt=\"\" class=\"wp-image-3425\" srcset=\"https:\/\/riwal-wpn.acceptatie.indicia-interactiv.nl\/app\/uploads\/sites\/11\/2023\/09\/Sustainable-Solution.webp 450w, https:\/\/riwal-wpn.acceptatie.indicia-interactiv.nl\/app\/uploads\/sites\/11\/2023\/09\/Sustainable-Solution-300x153.webp 300w, https:\/\/riwal-wpn.acceptatie.indicia-interactiv.nl\/app\/uploads\/sites\/11\/2023\/09\/Sustainable-Solution-178x91.webp 178w, https:\/\/riwal-wpn.acceptatie.indicia-interactiv.nl\/app\/uploads\/sites\/11\/2023\/09\/Sustainable-Solution-390x199.webp 390w, https:\/\/riwal-wpn.acceptatie.indicia-interactiv.nl\/app\/uploads\/sites\/11\/2023\/09\/Sustainable-Solution-250x128.webp 250w\" sizes=\"auto, (max-width: 450px) 100vw, 450px\" \/><\/figure>\n\n\n\n<p class=\"has-text-align-center\"><strong><a href=\"https:\/\/riwal-wpn.acceptatie.indicia-interactiv.nl\/hr\/o-nama\/odrzivost\/otkrijte-nasa-odraziva-rjesenja\/\">Otkrijte na\u0161a odra\u017eiva rje\u0161enja<\/a><\/strong><\/p>\n<\/div>\n\n\n\n<div class=\"wp-block-column is-layout-flow wp-block-column-is-layout-flow\">\n<figure class=\"wp-block-image size-full\"><img loading=\"lazy\" decoding=\"async\" width=\"450\" height=\"230\" src=\"https:\/\/riwal-wpn.acceptatie.indicia-interactiv.nl\/app\/uploads\/sites\/11\/2023\/09\/Riwal-Initiatives.webp\" alt=\"\" class=\"wp-image-3426\" srcset=\"https:\/\/riwal-wpn.acceptatie.indicia-interactiv.nl\/app\/uploads\/sites\/11\/2023\/09\/Riwal-Initiatives.webp 450w, https:\/\/riwal-wpn.acceptatie.indicia-interactiv.nl\/app\/uploads\/sites\/11\/2023\/09\/Riwal-Initiatives-300x153.webp 300w, https:\/\/riwal-wpn.acceptatie.indicia-interactiv.nl\/app\/uploads\/sites\/11\/2023\/09\/Riwal-Initiatives-178x91.webp 178w, https:\/\/riwal-wpn.acceptatie.indicia-interactiv.nl\/app\/uploads\/sites\/11\/2023\/09\/Riwal-Initiatives-390x199.webp 390w, https:\/\/riwal-wpn.acceptatie.indicia-interactiv.nl\/app\/uploads\/sites\/11\/2023\/09\/Riwal-Initiatives-250x128.webp 250w\" sizes=\"auto, (max-width: 450px) 100vw, 450px\" \/><\/figure>\n\n\n\n<p class=\"has-text-align-center\"><strong><a href=\"https:\/\/riwal-wpn.acceptatie.indicia-interactiv.nl\/hr\/o-nama\/odrzivost\/podizuci-odrzivost\/nase-iniciative-za-okolis\/\">Na\u0161e iniciative za okoli\u0161<\/a><\/strong><\/p>\n<\/div>\n\n\n\n<div class=\"wp-block-column is-layout-flow wp-block-column-is-layout-flow\">\n<figure class=\"wp-block-image size-full\"><img loading=\"lazy\" decoding=\"async\" width=\"450\" height=\"230\" src=\"https:\/\/riwal-wpn.acceptatie.indicia-interactiv.nl\/app\/uploads\/sites\/11\/2023\/09\/How-green-is-rental.webp\" alt=\"\" class=\"wp-image-3427\" srcset=\"https:\/\/riwal-wpn.acceptatie.indicia-interactiv.nl\/app\/uploads\/sites\/11\/2023\/09\/How-green-is-rental.webp 450w, https:\/\/riwal-wpn.acceptatie.indicia-interactiv.nl\/app\/uploads\/sites\/11\/2023\/09\/How-green-is-rental-300x153.webp 300w, https:\/\/riwal-wpn.acceptatie.indicia-interactiv.nl\/app\/uploads\/sites\/11\/2023\/09\/How-green-is-rental-178x91.webp 178w, https:\/\/riwal-wpn.acceptatie.indicia-interactiv.nl\/app\/uploads\/sites\/11\/2023\/09\/How-green-is-rental-390x199.webp 390w, https:\/\/riwal-wpn.acceptatie.indicia-interactiv.nl\/app\/uploads\/sites\/11\/2023\/09\/How-green-is-rental-250x128.webp 250w\" sizes=\"auto, (max-width: 450px) 100vw, 450px\" \/><\/figure>\n\n\n\n<p class=\"has-text-align-center\"><strong><a href=\"https:\/\/riwal-wpn.acceptatie.indicia-interactiv.nl\/hr\/o-nama\/odrzivost\/zasto-je-najam-odrziviji\/\">Za\u0161to je najam odr\u017eiviji?<\/a><\/strong><\/p>\n<\/div>\n<\/div>\n<\/div>\n\t\t\t\t\t\t\t<\/div> ","protected":false},"excerpt":{"rendered":"<p>PODI\u017dU\u0106I ODR\u017dIVOST Odr\u017eivost je zvu\u010dna rije\u010d koju svi danas koriste. Govori se da je va\u017ena i ve\u0107ina ljudi poku\u0161ava pridonijeti odr\u017eivijem \u017eivotu. Za Riwal odr\u017eivost zna\u010di o\u010duvanje kvalitete \u017eivota, o\u010duvanje cjelokupnog \u017eivota na Zemlji te ekosustava. Zbog toga smo prigrlili odr\u017eivost te brinemo da zemlja ostane pogodna za \u017eivot. A to je prili\u010dno va\u017eno! Za &hellip; <a href=\"https:\/\/riwal-wpn.acceptatie.indicia-interactiv.nl\/hr\/o-nama\/odrzivost\/podizuci-odrzivost\/\">Nastavak<\/a><\/p>\n","protected":false},"author":45,"featured_media":0,"parent":3399,"menu_order":0,"comment_status":"closed","ping_status":"closed","template":"","meta":{"_acf_changed":false,"editor_notices":[],"footnotes":""},"class_list":["post-3419","page","type-page","status-publish","hentry"],"acf":[],"yoast_head":"<!-- This site is optimized with the Yoast SEO Premium plugin v27.1 (Yoast SEO v27.1.1) - https:\/\/yoast.com\/product\/yoast-seo-premium-wordpress\/ -->\n<title>Podi\u017eu\u0107i odr\u017eivost - Riwal Hrvatska<\/title>\n<meta name=\"description\" content=\"Za Riwal odr\u017eivost zna\u010di o\u010duvanje kvalitete \u017eivota, o\u010duvanje cjelokupnog \u017eivota na Zemlji te ekosustava.\" \/>\n<meta name=\"robots\" content=\"noindex, follow, max-snippet:-1, max-image-preview:large, max-video-preview:-1\" \/>\n<meta property=\"og:locale\" content=\"hr_HR\" \/>\n<meta property=\"og:type\" content=\"article\" \/>\n<meta property=\"og:title\" content=\"Podi\u017eu\u0107i odr\u017eivost\" \/>\n<meta property=\"og:description\" content=\"Za Riwal odr\u017eivost zna\u010di o\u010duvanje kvalitete \u017eivota, o\u010duvanje cjelokupnog \u017eivota na Zemlji te ekosustava.\" \/>\n<meta property=\"og:url\" content=\"https:\/\/riwal-wpn.acceptatie.indicia-interactiv.nl\/hr\/o-nama\/odrzivost\/podizuci-odrzivost\/\" \/>\n<meta property=\"og:site_name\" content=\"Riwal Hrvatska\" \/>\n<meta property=\"article:modified_time\" content=\"2024-02-04T07:34:23+00:00\" \/>\n<meta property=\"og:image\" content=\"https:\/\/riwal-wpn.acceptatie.indicia-interactiv.nl\/app\/uploads\/sites\/11\/2023\/09\/en-sdg-goal-06.webp\" \/>\n<meta name=\"twitter:card\" content=\"summary_large_image\" \/>\n<meta name=\"twitter:label1\" content=\"Est. reading time\" \/>\n\t<meta name=\"twitter:data1\" content=\"4 minute\" \/>\n<script type=\"application\/ld+json\" class=\"yoast-schema-graph\">{\"@context\":\"https:\/\/schema.org\",\"@graph\":[{\"@type\":\"WebPage\",\"@id\":\"https:\/\/riwal-wpn.acceptatie.indicia-interactiv.nl\/hr\/o-nama\/odrzivost\/podizuci-odrzivost\/\",\"url\":\"https:\/\/riwal-wpn.acceptatie.indicia-interactiv.nl\/hr\/o-nama\/odrzivost\/podizuci-odrzivost\/\",\"name\":\"Podi\u017eu\u0107i odr\u017eivost - Riwal Hrvatska\",\"isPartOf\":{\"@id\":\"https:\/\/riwal-wpn.acceptatie.indicia-interactiv.nl\/hr\/#website\"},\"primaryImageOfPage\":{\"@id\":\"https:\/\/riwal-wpn.acceptatie.indicia-interactiv.nl\/hr\/o-nama\/odrzivost\/podizuci-odrzivost\/#primaryimage\"},\"image\":{\"@id\":\"https:\/\/riwal-wpn.acceptatie.indicia-interactiv.nl\/hr\/o-nama\/odrzivost\/podizuci-odrzivost\/#primaryimage\"},\"thumbnailUrl\":\"https:\/\/riwal-wpn.acceptatie.indicia-interactiv.nl\/app\/uploads\/sites\/11\/2023\/09\/en-sdg-goal-06.webp\",\"datePublished\":\"2023-09-18T18:50:34+00:00\",\"dateModified\":\"2024-02-04T07:34:23+00:00\",\"description\":\"Za Riwal odr\u017eivost zna\u010di o\u010duvanje kvalitete \u017eivota, o\u010duvanje cjelokupnog \u017eivota na Zemlji te ekosustava.\",\"breadcrumb\":{\"@id\":\"https:\/\/riwal-wpn.acceptatie.indicia-interactiv.nl\/hr\/o-nama\/odrzivost\/podizuci-odrzivost\/#breadcrumb\"},\"inLanguage\":\"hr\",\"potentialAction\":[{\"@type\":\"ReadAction\",\"target\":[\"https:\/\/riwal-wpn.acceptatie.indicia-interactiv.nl\/hr\/o-nama\/odrzivost\/podizuci-odrzivost\/\"]}]},{\"@type\":\"ImageObject\",\"inLanguage\":\"hr\",\"@id\":\"https:\/\/riwal-wpn.acceptatie.indicia-interactiv.nl\/hr\/o-nama\/odrzivost\/podizuci-odrzivost\/#primaryimage\",\"url\":\"https:\/\/riwal-wpn.acceptatie.indicia-interactiv.nl\/app\/uploads\/sites\/11\/2023\/09\/en-sdg-goal-06.webp\",\"contentUrl\":\"https:\/\/riwal-wpn.acceptatie.indicia-interactiv.nl\/app\/uploads\/sites\/11\/2023\/09\/en-sdg-goal-06.webp\"},{\"@type\":\"BreadcrumbList\",\"@id\":\"https:\/\/riwal-wpn.acceptatie.indicia-interactiv.nl\/hr\/o-nama\/odrzivost\/podizuci-odrzivost\/#breadcrumb\",\"itemListElement\":[{\"@type\":\"ListItem\",\"position\":1,\"name\":\"Doma\",\"item\":\"https:\/\/riwal-wpn.acceptatie.indicia-interactiv.nl\/hr\/\"},{\"@type\":\"ListItem\",\"position\":2,\"name\":\"O nama\",\"item\":\"https:\/\/riwal-wpn.acceptatie.indicia-interactiv.nl\/hr\/o-nama\/\"},{\"@type\":\"ListItem\",\"position\":3,\"name\":\"Odr\u017eivost\",\"item\":\"https:\/\/riwal-wpn.acceptatie.indicia-interactiv.nl\/hr\/o-nama\/odrzivost\/\"},{\"@type\":\"ListItem\",\"position\":4,\"name\":\"Podi\u017eu\u0107i odr\u017eivost\"}]},{\"@type\":\"WebSite\",\"@id\":\"https:\/\/riwal-wpn.acceptatie.indicia-interactiv.nl\/hr\/#website\",\"url\":\"https:\/\/riwal-wpn.acceptatie.indicia-interactiv.nl\/hr\/\",\"name\":\"Riwal\",\"description\":\"Arial work platform &amp; Telehandler Rental\/Sales\",\"publisher\":{\"@id\":\"https:\/\/riwal-wpn.acceptatie.indicia-interactiv.nl\/hr\/#organization\"},\"potentialAction\":[{\"@type\":\"SearchAction\",\"target\":{\"@type\":\"EntryPoint\",\"urlTemplate\":\"https:\/\/riwal-wpn.acceptatie.indicia-interactiv.nl\/hr\/?s={search_term_string}\"},\"query-input\":{\"@type\":\"PropertyValueSpecification\",\"valueRequired\":true,\"valueName\":\"search_term_string\"}}],\"inLanguage\":\"hr\"},{\"@type\":\"Organization\",\"@id\":\"https:\/\/riwal-wpn.acceptatie.indicia-interactiv.nl\/hr\/#organization\",\"name\":\"Riwal\",\"url\":\"https:\/\/riwal-wpn.acceptatie.indicia-interactiv.nl\/hr\/\",\"logo\":{\"@type\":\"ImageObject\",\"inLanguage\":\"hr\",\"@id\":\"https:\/\/riwal-wpn.acceptatie.indicia-interactiv.nl\/hr\/#\/schema\/logo\/image\/\",\"url\":\"\",\"contentUrl\":\"\",\"caption\":\"Riwal\"},\"image\":{\"@id\":\"https:\/\/riwal-wpn.acceptatie.indicia-interactiv.nl\/hr\/#\/schema\/logo\/image\/\"}}]}<\/script>\n<!-- \/ Yoast SEO Premium plugin. -->","yoast_head_json":{"title":"Podi\u017eu\u0107i odr\u017eivost - Riwal Hrvatska","description":"Za Riwal odr\u017eivost zna\u010di o\u010duvanje kvalitete \u017eivota, o\u010duvanje cjelokupnog \u017eivota na Zemlji te ekosustava.","robots":{"index":"noindex","follow":"follow","max-snippet":"max-snippet:-1","max-image-preview":"max-image-preview:large","max-video-preview":"max-video-preview:-1"},"og_locale":"hr_HR","og_type":"article","og_title":"Podi\u017eu\u0107i odr\u017eivost","og_description":"Za Riwal odr\u017eivost zna\u010di o\u010duvanje kvalitete \u017eivota, o\u010duvanje cjelokupnog \u017eivota na Zemlji te ekosustava.","og_url":"https:\/\/riwal-wpn.acceptatie.indicia-interactiv.nl\/hr\/o-nama\/odrzivost\/podizuci-odrzivost\/","og_site_name":"Riwal Hrvatska","article_modified_time":"2024-02-04T07:34:23+00:00","og_image":[{"url":"https:\/\/riwal-wpn.acceptatie.indicia-interactiv.nl\/app\/uploads\/sites\/11\/2023\/09\/en-sdg-goal-06.webp","type":"","width":"","height":""}],"twitter_card":"summary_large_image","twitter_misc":{"Est. reading time":"4 minute"},"schema":{"@context":"https:\/\/schema.org","@graph":[{"@type":"WebPage","@id":"https:\/\/riwal-wpn.acceptatie.indicia-interactiv.nl\/hr\/o-nama\/odrzivost\/podizuci-odrzivost\/","url":"https:\/\/riwal-wpn.acceptatie.indicia-interactiv.nl\/hr\/o-nama\/odrzivost\/podizuci-odrzivost\/","name":"Podi\u017eu\u0107i odr\u017eivost - Riwal Hrvatska","isPartOf":{"@id":"https:\/\/riwal-wpn.acceptatie.indicia-interactiv.nl\/hr\/#website"},"primaryImageOfPage":{"@id":"https:\/\/riwal-wpn.acceptatie.indicia-interactiv.nl\/hr\/o-nama\/odrzivost\/podizuci-odrzivost\/#primaryimage"},"image":{"@id":"https:\/\/riwal-wpn.acceptatie.indicia-interactiv.nl\/hr\/o-nama\/odrzivost\/podizuci-odrzivost\/#primaryimage"},"thumbnailUrl":"https:\/\/riwal-wpn.acceptatie.indicia-interactiv.nl\/app\/uploads\/sites\/11\/2023\/09\/en-sdg-goal-06.webp","datePublished":"2023-09-18T18:50:34+00:00","dateModified":"2024-02-04T07:34:23+00:00","description":"Za Riwal odr\u017eivost zna\u010di o\u010duvanje kvalitete \u017eivota, o\u010duvanje cjelokupnog \u017eivota na Zemlji te ekosustava.","breadcrumb":{"@id":"https:\/\/riwal-wpn.acceptatie.indicia-interactiv.nl\/hr\/o-nama\/odrzivost\/podizuci-odrzivost\/#breadcrumb"},"inLanguage":"hr","potentialAction":[{"@type":"ReadAction","target":["https:\/\/riwal-wpn.acceptatie.indicia-interactiv.nl\/hr\/o-nama\/odrzivost\/podizuci-odrzivost\/"]}]},{"@type":"ImageObject","inLanguage":"hr","@id":"https:\/\/riwal-wpn.acceptatie.indicia-interactiv.nl\/hr\/o-nama\/odrzivost\/podizuci-odrzivost\/#primaryimage","url":"https:\/\/riwal-wpn.acceptatie.indicia-interactiv.nl\/app\/uploads\/sites\/11\/2023\/09\/en-sdg-goal-06.webp","contentUrl":"https:\/\/riwal-wpn.acceptatie.indicia-interactiv.nl\/app\/uploads\/sites\/11\/2023\/09\/en-sdg-goal-06.webp"},{"@type":"BreadcrumbList","@id":"https:\/\/riwal-wpn.acceptatie.indicia-interactiv.nl\/hr\/o-nama\/odrzivost\/podizuci-odrzivost\/#breadcrumb","itemListElement":[{"@type":"ListItem","position":1,"name":"Doma","item":"https:\/\/riwal-wpn.acceptatie.indicia-interactiv.nl\/hr\/"},{"@type":"ListItem","position":2,"name":"O nama","item":"https:\/\/riwal-wpn.acceptatie.indicia-interactiv.nl\/hr\/o-nama\/"},{"@type":"ListItem","position":3,"name":"Odr\u017eivost","item":"https:\/\/riwal-wpn.acceptatie.indicia-interactiv.nl\/hr\/o-nama\/odrzivost\/"},{"@type":"ListItem","position":4,"name":"Podi\u017eu\u0107i odr\u017eivost"}]},{"@type":"WebSite","@id":"https:\/\/riwal-wpn.acceptatie.indicia-interactiv.nl\/hr\/#website","url":"https:\/\/riwal-wpn.acceptatie.indicia-interactiv.nl\/hr\/","name":"Riwal","description":"Arial work platform &amp; Telehandler Rental\/Sales","publisher":{"@id":"https:\/\/riwal-wpn.acceptatie.indicia-interactiv.nl\/hr\/#organization"},"potentialAction":[{"@type":"SearchAction","target":{"@type":"EntryPoint","urlTemplate":"https:\/\/riwal-wpn.acceptatie.indicia-interactiv.nl\/hr\/?s={search_term_string}"},"query-input":{"@type":"PropertyValueSpecification","valueRequired":true,"valueName":"search_term_string"}}],"inLanguage":"hr"},{"@type":"Organization","@id":"https:\/\/riwal-wpn.acceptatie.indicia-interactiv.nl\/hr\/#organization","name":"Riwal","url":"https:\/\/riwal-wpn.acceptatie.indicia-interactiv.nl\/hr\/","logo":{"@type":"ImageObject","inLanguage":"hr","@id":"https:\/\/riwal-wpn.acceptatie.indicia-interactiv.nl\/hr\/#\/schema\/logo\/image\/","url":"","contentUrl":"","caption":"Riwal"},"image":{"@id":"https:\/\/riwal-wpn.acceptatie.indicia-interactiv.nl\/hr\/#\/schema\/logo\/image\/"}}]}},"_links":{"self":[{"href":"https:\/\/riwal-wpn.acceptatie.indicia-interactiv.nl\/hr\/wp-json\/wp\/v2\/pages\/3419","targetHints":{"allow":["GET"]}}],"collection":[{"href":"https:\/\/riwal-wpn.acceptatie.indicia-interactiv.nl\/hr\/wp-json\/wp\/v2\/pages"}],"about":[{"href":"https:\/\/riwal-wpn.acceptatie.indicia-interactiv.nl\/hr\/wp-json\/wp\/v2\/types\/page"}],"author":[{"embeddable":true,"href":"https:\/\/riwal-wpn.acceptatie.indicia-interactiv.nl\/hr\/wp-json\/wp\/v2\/users\/45"}],"replies":[{"embeddable":true,"href":"https:\/\/riwal-wpn.acceptatie.indicia-interactiv.nl\/hr\/wp-json\/wp\/v2\/comments?post=3419"}],"version-history":[{"count":5,"href":"https:\/\/riwal-wpn.acceptatie.indicia-interactiv.nl\/hr\/wp-json\/wp\/v2\/pages\/3419\/revisions"}],"predecessor-version":[{"id":4838,"href":"https:\/\/riwal-wpn.acceptatie.indicia-interactiv.nl\/hr\/wp-json\/wp\/v2\/pages\/3419\/revisions\/4838"}],"up":[{"embeddable":true,"href":"https:\/\/riwal-wpn.acceptatie.indicia-interactiv.nl\/hr\/wp-json\/wp\/v2\/pages\/3399"}],"wp:attachment":[{"href":"https:\/\/riwal-wpn.acceptatie.indicia-interactiv.nl\/hr\/wp-json\/wp\/v2\/media?parent=3419"}],"curies":[{"name":"wp","href":"https:\/\/api.w.org\/{rel}","templated":true}]}}