{"id":3433,"date":"2023-09-18T19:21:02","date_gmt":"2023-09-18T19:21:02","guid":{"rendered":"https:\/\/riwal-wpn.acceptatie.indicia-interactiv.nl\/hr\/?page_id=3433"},"modified":"2024-02-03T10:34:37","modified_gmt":"2024-02-03T10:34:37","slug":"uskladzenost-s-un-sdgs-om","status":"publish","type":"page","link":"https:\/\/riwal-wpn.acceptatie.indicia-interactiv.nl\/hr\/o-nama\/odrzivost\/nas-pristup\/uskladzenost-s-un-sdgs-om\/","title":{"rendered":"Uskla\u0111enost s UN SDGS-om"},"content":{"rendered":"<div class=\"container\">\n<h2 class=\"wp-block-heading\" id=\"h-nasa-uskladenost-s-un-sdgs-om\">NA\u0160A USKLA\u0110ENOST S UN SDGS-OM<\/h2>\n<\/div>\n\n<div class=\"rental-wp-default-block rental-theme-block-default-margin\">\n\t\t\t\t\t\t\t\t<div class=\"container\">\n<div class=\"wp-block-columns is-layout-flex wp-container-core-columns-is-layout-28f84493 wp-block-columns-is-layout-flex\">\n<div class=\"wp-block-column is-layout-flow wp-block-column-is-layout-flow\" style=\"flex-basis:66.66%\">\n<p><strong>Ciljevi odr\u017eivog razvoja ciljevi su koje su dr\u017eave \u010dlanice UN-a postavile 2015. godine, kao dio agende odr\u017eivog razvoja do 2030. godine. Fokusiraju se na rje\u0161enja za siroma\u0161tvo, neravnopravnost spolova i klimatske promjene. \u017deljeli bismo odigrati svoju ulogu u postizanju ciljeva ove globalne inicijative. Po\u010dev\u0161i od 2019., odlu\u010dili smo usmjeriti svoje napore na neke od tih ciljeva.<\/strong><\/p>\n\n\n\n<div class=\"wp-block-columns is-layout-flex wp-container-core-columns-is-layout-28f84493 wp-block-columns-is-layout-flex\">\n<div class=\"wp-block-column is-layout-flow wp-block-column-is-layout-flow\">\n<figure class=\"wp-block-image size-full\"><img loading=\"lazy\" decoding=\"async\" width=\"150\" height=\"150\" src=\"https:\/\/riwal-wpn.acceptatie.indicia-interactiv.nl\/app\/uploads\/sites\/11\/2023\/09\/en-sdg-goal-03.webp\" alt=\"\" class=\"wp-image-3435\" \/><\/figure>\n<\/div>\n\n\n\n<div class=\"wp-block-column is-layout-flow wp-block-column-is-layout-flow\">\n<figure class=\"wp-block-image size-full\"><img loading=\"lazy\" decoding=\"async\" width=\"150\" height=\"150\" src=\"https:\/\/riwal-wpn.acceptatie.indicia-interactiv.nl\/app\/uploads\/sites\/11\/2023\/09\/en-sdg-goal-04.webp\" alt=\"\" class=\"wp-image-3436\" \/><\/figure>\n<\/div>\n\n\n\n<div class=\"wp-block-column is-layout-flow wp-block-column-is-layout-flow\">\n<figure class=\"wp-block-image size-full\"><img loading=\"lazy\" decoding=\"async\" width=\"150\" height=\"150\" src=\"https:\/\/riwal-wpn.acceptatie.indicia-interactiv.nl\/app\/uploads\/sites\/11\/2023\/09\/en-sdg-goal-06.webp\" alt=\"\" class=\"wp-image-3421\" \/><\/figure>\n<\/div>\n<\/div>\n\n\n\n<div class=\"wp-block-columns is-layout-flex wp-container-core-columns-is-layout-28f84493 wp-block-columns-is-layout-flex\">\n<div class=\"wp-block-column is-layout-flow wp-block-column-is-layout-flow\">\n<figure class=\"wp-block-image size-full\"><img loading=\"lazy\" decoding=\"async\" width=\"150\" height=\"150\" src=\"https:\/\/riwal-wpn.acceptatie.indicia-interactiv.nl\/app\/uploads\/sites\/11\/2023\/09\/en-sdg-goal-07.webp\" alt=\"\" class=\"wp-image-3422\" \/><\/figure>\n<\/div>\n\n\n\n<div class=\"wp-block-column is-layout-flow wp-block-column-is-layout-flow\">\n<figure class=\"wp-block-image size-full\"><img loading=\"lazy\" decoding=\"async\" width=\"150\" height=\"150\" src=\"https:\/\/riwal-wpn.acceptatie.indicia-interactiv.nl\/app\/uploads\/sites\/11\/2023\/09\/en-sdg-goal-08.webp\" alt=\"\" class=\"wp-image-3437\" \/><\/figure>\n<\/div>\n\n\n\n<div class=\"wp-block-column is-layout-flow wp-block-column-is-layout-flow\">\n<figure class=\"wp-block-image size-full\"><img loading=\"lazy\" decoding=\"async\" width=\"150\" height=\"150\" src=\"https:\/\/riwal-wpn.acceptatie.indicia-interactiv.nl\/app\/uploads\/sites\/11\/2023\/09\/en-sdg-goal-11.webp\" alt=\"\" class=\"wp-image-3423\" \/><\/figure>\n<\/div>\n\n\n\n<div class=\"wp-block-column is-layout-flow wp-block-column-is-layout-flow\">\n<figure class=\"wp-block-image size-full\"><img loading=\"lazy\" decoding=\"async\" width=\"150\" height=\"150\" src=\"https:\/\/riwal-wpn.acceptatie.indicia-interactiv.nl\/app\/uploads\/sites\/11\/2023\/09\/en-sdg-goal-12.webp\" alt=\"\" class=\"wp-image-3424\" \/><\/figure>\n<\/div>\n<\/div>\n\n\n\n<p><strong>Ciljevi<\/strong><\/p>\n\n\n\n<ul class=\"wp-block-list\">\n<li>Cilj 3: Osigurati zdrav \u017eivot i promicati zdravstvenu dobrobit za sve u svim dobnim skupinama.<\/li>\n\n\n\n<li>Cilj 4: Osigurati inkluzivno i pravedno, kvalitetno obrazovanje i promovirati mogu\u0107nosti cjelo\u017eivotnog u\u010denja za sve.<\/li>\n\n\n\n<li>Cilj 6: Pobolj\u0161ati sanitarne uvjete i pristup \u010distoj vodi.<\/li>\n\n\n\n<li>Cilj 7: Osigurati pristupa\u010dnu i \u010distu energiju.<\/li>\n\n\n\n<li>Cilj 8: Promicati inkluzivan i odr\u017eiv gospodarski rast, zapo\u0161ljavanje i dostojanstven rad za sve.<\/li>\n\n\n\n<li>Cilj 11: U\u010diniti gradove inkluzivnim, sigurnim, otpornim i odr\u017eivim.<\/li>\n<\/ul>\n\n\n\n<p>Sljede\u0107i 31 DOP teme kori\u0161tene u&nbsp;<a href=\"blank\">DOP Ljestvici Uspje\u0161nosti<\/a>&nbsp;(npr. Energija, voda, u\u010dinak na dru\u0161tvo &#8230;), dali smo prednost pitanjima koja su relevantna za Riwal i njegove primarne dioni\u010dare. Na temelju veze izme\u0111u ovih tema i ciljeva odr\u017eivog razvoja odlu\u010dili smo doprinijeti na podru\u010dju 7 ciljeva odr\u017eivog razvoja koji se odnose na na\u0161u problematiku.<\/p>\n\n\n\n<p>Pogledajte Certifikate za na\u0161 DOP Ljestvicu Uspje\u0161nosti.<\/p>\n<\/div>\n\n\n\n<div class=\"wp-block-column is-layout-flow wp-block-column-is-layout-flow\" style=\"flex-basis:33.33%\">\n<figure class=\"wp-block-image size-large\"><img loading=\"lazy\" decoding=\"async\" width=\"1024\" height=\"523\" src=\"https:\/\/riwal-wpn.acceptatie.indicia-interactiv.nl\/app\/uploads\/sites\/11\/2023\/09\/teaserCRO-1024x523.webp\" alt=\"\" class=\"wp-image-3408\" srcset=\"https:\/\/riwal-wpn.acceptatie.indicia-interactiv.nl\/app\/uploads\/sites\/11\/2023\/09\/teaserCRO-1024x523.webp 1024w, https:\/\/riwal-wpn.acceptatie.indicia-interactiv.nl\/app\/uploads\/sites\/11\/2023\/09\/teaserCRO-830x424.webp 830w, https:\/\/riwal-wpn.acceptatie.indicia-interactiv.nl\/app\/uploads\/sites\/11\/2023\/09\/teaserCRO-300x153.webp 300w, https:\/\/riwal-wpn.acceptatie.indicia-interactiv.nl\/app\/uploads\/sites\/11\/2023\/09\/teaserCRO-768x392.webp 768w, https:\/\/riwal-wpn.acceptatie.indicia-interactiv.nl\/app\/uploads\/sites\/11\/2023\/09\/teaserCRO-178x91.webp 178w, https:\/\/riwal-wpn.acceptatie.indicia-interactiv.nl\/app\/uploads\/sites\/11\/2023\/09\/teaserCRO-390x199.webp 390w, https:\/\/riwal-wpn.acceptatie.indicia-interactiv.nl\/app\/uploads\/sites\/11\/2023\/09\/teaserCRO-250x128.webp 250w, https:\/\/riwal-wpn.acceptatie.indicia-interactiv.nl\/app\/uploads\/sites\/11\/2023\/09\/teaserCRO.webp 1276w\" sizes=\"auto, (max-width: 1024px) 100vw, 1024px\" \/><\/figure>\n\n\n\n<div class=\"wp-block-buttons is-layout-flex wp-block-buttons-is-layout-flex\">\n<div class=\"wp-block-button\"><a class=\"wp-block-button__link has-text-align-center wp-element-button\" href=\"\/hr\/o-nama\/odrzivost\/\">Vi\u0161e o odr\u017eivosti<\/a><\/div>\n<\/div>\n<\/div>\n<\/div>\n<\/div>\n\t\t\t\t\t\t\t<\/div> ","protected":false},"excerpt":{"rendered":"<p>NA\u0160A USKLA\u0110ENOST S UN SDGS-OM Ciljevi odr\u017eivog razvoja ciljevi su koje su dr\u017eave \u010dlanice UN-a postavile 2015. godine, kao dio agende odr\u017eivog razvoja do 2030. godine. Fokusiraju se na rje\u0161enja za siroma\u0161tvo, neravnopravnost spolova i klimatske promjene. \u017deljeli bismo odigrati svoju ulogu u postizanju ciljeva ove globalne inicijative. Po\u010dev\u0161i od 2019., odlu\u010dili smo usmjeriti svoje &hellip; <a href=\"https:\/\/riwal-wpn.acceptatie.indicia-interactiv.nl\/hr\/o-nama\/odrzivost\/nas-pristup\/uskladzenost-s-un-sdgs-om\/\">Nastavak<\/a><\/p>\n","protected":false},"author":45,"featured_media":0,"parent":3404,"menu_order":0,"comment_status":"closed","ping_status":"closed","template":"","meta":{"_acf_changed":false,"editor_notices":[],"footnotes":""},"class_list":["post-3433","page","type-page","status-publish","hentry"],"acf":[],"yoast_head":"<!-- This site is optimized with the Yoast SEO Premium plugin v27.1 (Yoast SEO v27.1.1) - https:\/\/yoast.com\/product\/yoast-seo-premium-wordpress\/ -->\n<title>Uskla\u0111enost s UN SDGS-om - Riwal Hrvatska<\/title>\n<meta name=\"robots\" content=\"noindex, follow, max-snippet:-1, max-image-preview:large, max-video-preview:-1\" \/>\n<meta property=\"og:locale\" content=\"hr_HR\" \/>\n<meta property=\"og:type\" content=\"article\" \/>\n<meta property=\"og:title\" content=\"Uskla\u0111enost s UN SDGS-om\" \/>\n<meta property=\"og:description\" content=\"NA\u0160A USKLA\u0110ENOST S UN SDGS-OM Ciljevi odr\u017eivog razvoja ciljevi su koje su dr\u017eave \u010dlanice UN-a postavile 2015. godine, kao dio agende odr\u017eivog razvoja do 2030. godine. Fokusiraju se na rje\u0161enja za siroma\u0161tvo, neravnopravnost spolova i klimatske promjene. \u017deljeli bismo odigrati svoju ulogu u postizanju ciljeva ove globalne inicijative. Po\u010dev\u0161i od 2019., odlu\u010dili smo usmjeriti svoje &hellip; Nastavak\" \/>\n<meta property=\"og:url\" content=\"https:\/\/riwal-wpn.acceptatie.indicia-interactiv.nl\/hr\/o-nama\/odrzivost\/nas-pristup\/uskladzenost-s-un-sdgs-om\/\" \/>\n<meta property=\"og:site_name\" content=\"Riwal Hrvatska\" \/>\n<meta property=\"article:modified_time\" content=\"2024-02-03T10:34:37+00:00\" \/>\n<meta property=\"og:image\" content=\"https:\/\/riwal-wpn.acceptatie.indicia-interactiv.nl\/app\/uploads\/sites\/11\/2023\/09\/en-sdg-goal-03.webp\" \/>\n<meta name=\"twitter:card\" content=\"summary_large_image\" \/>\n<meta name=\"twitter:label1\" content=\"Est. reading time\" \/>\n\t<meta name=\"twitter:data1\" content=\"3 minute\" \/>\n<script type=\"application\/ld+json\" class=\"yoast-schema-graph\">{\"@context\":\"https:\/\/schema.org\",\"@graph\":[{\"@type\":\"WebPage\",\"@id\":\"https:\/\/riwal-wpn.acceptatie.indicia-interactiv.nl\/hr\/o-nama\/odrzivost\/nas-pristup\/uskladzenost-s-un-sdgs-om\/\",\"url\":\"https:\/\/riwal-wpn.acceptatie.indicia-interactiv.nl\/hr\/o-nama\/odrzivost\/nas-pristup\/uskladzenost-s-un-sdgs-om\/\",\"name\":\"Uskla\u0111enost s UN SDGS-om - Riwal Hrvatska\",\"isPartOf\":{\"@id\":\"https:\/\/riwal-wpn.acceptatie.indicia-interactiv.nl\/hr\/#website\"},\"primaryImageOfPage\":{\"@id\":\"https:\/\/riwal-wpn.acceptatie.indicia-interactiv.nl\/hr\/o-nama\/odrzivost\/nas-pristup\/uskladzenost-s-un-sdgs-om\/#primaryimage\"},\"image\":{\"@id\":\"https:\/\/riwal-wpn.acceptatie.indicia-interactiv.nl\/hr\/o-nama\/odrzivost\/nas-pristup\/uskladzenost-s-un-sdgs-om\/#primaryimage\"},\"thumbnailUrl\":\"https:\/\/riwal-wpn.acceptatie.indicia-interactiv.nl\/app\/uploads\/sites\/11\/2023\/09\/en-sdg-goal-03.webp\",\"datePublished\":\"2023-09-18T19:21:02+00:00\",\"dateModified\":\"2024-02-03T10:34:37+00:00\",\"breadcrumb\":{\"@id\":\"https:\/\/riwal-wpn.acceptatie.indicia-interactiv.nl\/hr\/o-nama\/odrzivost\/nas-pristup\/uskladzenost-s-un-sdgs-om\/#breadcrumb\"},\"inLanguage\":\"hr\",\"potentialAction\":[{\"@type\":\"ReadAction\",\"target\":[\"https:\/\/riwal-wpn.acceptatie.indicia-interactiv.nl\/hr\/o-nama\/odrzivost\/nas-pristup\/uskladzenost-s-un-sdgs-om\/\"]}]},{\"@type\":\"ImageObject\",\"inLanguage\":\"hr\",\"@id\":\"https:\/\/riwal-wpn.acceptatie.indicia-interactiv.nl\/hr\/o-nama\/odrzivost\/nas-pristup\/uskladzenost-s-un-sdgs-om\/#primaryimage\",\"url\":\"https:\/\/riwal-wpn.acceptatie.indicia-interactiv.nl\/app\/uploads\/sites\/11\/2023\/09\/en-sdg-goal-03.webp\",\"contentUrl\":\"https:\/\/riwal-wpn.acceptatie.indicia-interactiv.nl\/app\/uploads\/sites\/11\/2023\/09\/en-sdg-goal-03.webp\"},{\"@type\":\"BreadcrumbList\",\"@id\":\"https:\/\/riwal-wpn.acceptatie.indicia-interactiv.nl\/hr\/o-nama\/odrzivost\/nas-pristup\/uskladzenost-s-un-sdgs-om\/#breadcrumb\",\"itemListElement\":[{\"@type\":\"ListItem\",\"position\":1,\"name\":\"Doma\",\"item\":\"https:\/\/riwal-wpn.acceptatie.indicia-interactiv.nl\/hr\/\"},{\"@type\":\"ListItem\",\"position\":2,\"name\":\"O nama\",\"item\":\"https:\/\/riwal-wpn.acceptatie.indicia-interactiv.nl\/hr\/o-nama\/\"},{\"@type\":\"ListItem\",\"position\":3,\"name\":\"Odr\u017eivost\",\"item\":\"https:\/\/riwal-wpn.acceptatie.indicia-interactiv.nl\/hr\/o-nama\/odrzivost\/\"},{\"@type\":\"ListItem\",\"position\":4,\"name\":\"Na\u0161 pristup\",\"item\":\"https:\/\/riwal-wpn.acceptatie.indicia-interactiv.nl\/hr\/o-nama\/odrzivost\/nas-pristup\/\"},{\"@type\":\"ListItem\",\"position\":5,\"name\":\"Uskla\u0111enost s UN SDGS-om\"}]},{\"@type\":\"WebSite\",\"@id\":\"https:\/\/riwal-wpn.acceptatie.indicia-interactiv.nl\/hr\/#website\",\"url\":\"https:\/\/riwal-wpn.acceptatie.indicia-interactiv.nl\/hr\/\",\"name\":\"Riwal\",\"description\":\"Arial work platform &amp; Telehandler Rental\/Sales\",\"publisher\":{\"@id\":\"https:\/\/riwal-wpn.acceptatie.indicia-interactiv.nl\/hr\/#organization\"},\"potentialAction\":[{\"@type\":\"SearchAction\",\"target\":{\"@type\":\"EntryPoint\",\"urlTemplate\":\"https:\/\/riwal-wpn.acceptatie.indicia-interactiv.nl\/hr\/?s={search_term_string}\"},\"query-input\":{\"@type\":\"PropertyValueSpecification\",\"valueRequired\":true,\"valueName\":\"search_term_string\"}}],\"inLanguage\":\"hr\"},{\"@type\":\"Organization\",\"@id\":\"https:\/\/riwal-wpn.acceptatie.indicia-interactiv.nl\/hr\/#organization\",\"name\":\"Riwal\",\"url\":\"https:\/\/riwal-wpn.acceptatie.indicia-interactiv.nl\/hr\/\",\"logo\":{\"@type\":\"ImageObject\",\"inLanguage\":\"hr\",\"@id\":\"https:\/\/riwal-wpn.acceptatie.indicia-interactiv.nl\/hr\/#\/schema\/logo\/image\/\",\"url\":\"\",\"contentUrl\":\"\",\"caption\":\"Riwal\"},\"image\":{\"@id\":\"https:\/\/riwal-wpn.acceptatie.indicia-interactiv.nl\/hr\/#\/schema\/logo\/image\/\"}}]}<\/script>\n<!-- \/ Yoast SEO Premium plugin. -->","yoast_head_json":{"title":"Uskla\u0111enost s UN SDGS-om - Riwal Hrvatska","robots":{"index":"noindex","follow":"follow","max-snippet":"max-snippet:-1","max-image-preview":"max-image-preview:large","max-video-preview":"max-video-preview:-1"},"og_locale":"hr_HR","og_type":"article","og_title":"Uskla\u0111enost s UN SDGS-om","og_description":"NA\u0160A USKLA\u0110ENOST S UN SDGS-OM Ciljevi odr\u017eivog razvoja ciljevi su koje su dr\u017eave \u010dlanice UN-a postavile 2015. godine, kao dio agende odr\u017eivog razvoja do 2030. godine. Fokusiraju se na rje\u0161enja za siroma\u0161tvo, neravnopravnost spolova i klimatske promjene. \u017deljeli bismo odigrati svoju ulogu u postizanju ciljeva ove globalne inicijative. Po\u010dev\u0161i od 2019., odlu\u010dili smo usmjeriti svoje &hellip; Nastavak","og_url":"https:\/\/riwal-wpn.acceptatie.indicia-interactiv.nl\/hr\/o-nama\/odrzivost\/nas-pristup\/uskladzenost-s-un-sdgs-om\/","og_site_name":"Riwal Hrvatska","article_modified_time":"2024-02-03T10:34:37+00:00","og_image":[{"url":"https:\/\/riwal-wpn.acceptatie.indicia-interactiv.nl\/app\/uploads\/sites\/11\/2023\/09\/en-sdg-goal-03.webp","type":"","width":"","height":""}],"twitter_card":"summary_large_image","twitter_misc":{"Est. reading time":"3 minute"},"schema":{"@context":"https:\/\/schema.org","@graph":[{"@type":"WebPage","@id":"https:\/\/riwal-wpn.acceptatie.indicia-interactiv.nl\/hr\/o-nama\/odrzivost\/nas-pristup\/uskladzenost-s-un-sdgs-om\/","url":"https:\/\/riwal-wpn.acceptatie.indicia-interactiv.nl\/hr\/o-nama\/odrzivost\/nas-pristup\/uskladzenost-s-un-sdgs-om\/","name":"Uskla\u0111enost s UN SDGS-om - Riwal Hrvatska","isPartOf":{"@id":"https:\/\/riwal-wpn.acceptatie.indicia-interactiv.nl\/hr\/#website"},"primaryImageOfPage":{"@id":"https:\/\/riwal-wpn.acceptatie.indicia-interactiv.nl\/hr\/o-nama\/odrzivost\/nas-pristup\/uskladzenost-s-un-sdgs-om\/#primaryimage"},"image":{"@id":"https:\/\/riwal-wpn.acceptatie.indicia-interactiv.nl\/hr\/o-nama\/odrzivost\/nas-pristup\/uskladzenost-s-un-sdgs-om\/#primaryimage"},"thumbnailUrl":"https:\/\/riwal-wpn.acceptatie.indicia-interactiv.nl\/app\/uploads\/sites\/11\/2023\/09\/en-sdg-goal-03.webp","datePublished":"2023-09-18T19:21:02+00:00","dateModified":"2024-02-03T10:34:37+00:00","breadcrumb":{"@id":"https:\/\/riwal-wpn.acceptatie.indicia-interactiv.nl\/hr\/o-nama\/odrzivost\/nas-pristup\/uskladzenost-s-un-sdgs-om\/#breadcrumb"},"inLanguage":"hr","potentialAction":[{"@type":"ReadAction","target":["https:\/\/riwal-wpn.acceptatie.indicia-interactiv.nl\/hr\/o-nama\/odrzivost\/nas-pristup\/uskladzenost-s-un-sdgs-om\/"]}]},{"@type":"ImageObject","inLanguage":"hr","@id":"https:\/\/riwal-wpn.acceptatie.indicia-interactiv.nl\/hr\/o-nama\/odrzivost\/nas-pristup\/uskladzenost-s-un-sdgs-om\/#primaryimage","url":"https:\/\/riwal-wpn.acceptatie.indicia-interactiv.nl\/app\/uploads\/sites\/11\/2023\/09\/en-sdg-goal-03.webp","contentUrl":"https:\/\/riwal-wpn.acceptatie.indicia-interactiv.nl\/app\/uploads\/sites\/11\/2023\/09\/en-sdg-goal-03.webp"},{"@type":"BreadcrumbList","@id":"https:\/\/riwal-wpn.acceptatie.indicia-interactiv.nl\/hr\/o-nama\/odrzivost\/nas-pristup\/uskladzenost-s-un-sdgs-om\/#breadcrumb","itemListElement":[{"@type":"ListItem","position":1,"name":"Doma","item":"https:\/\/riwal-wpn.acceptatie.indicia-interactiv.nl\/hr\/"},{"@type":"ListItem","position":2,"name":"O nama","item":"https:\/\/riwal-wpn.acceptatie.indicia-interactiv.nl\/hr\/o-nama\/"},{"@type":"ListItem","position":3,"name":"Odr\u017eivost","item":"https:\/\/riwal-wpn.acceptatie.indicia-interactiv.nl\/hr\/o-nama\/odrzivost\/"},{"@type":"ListItem","position":4,"name":"Na\u0161 pristup","item":"https:\/\/riwal-wpn.acceptatie.indicia-interactiv.nl\/hr\/o-nama\/odrzivost\/nas-pristup\/"},{"@type":"ListItem","position":5,"name":"Uskla\u0111enost s UN SDGS-om"}]},{"@type":"WebSite","@id":"https:\/\/riwal-wpn.acceptatie.indicia-interactiv.nl\/hr\/#website","url":"https:\/\/riwal-wpn.acceptatie.indicia-interactiv.nl\/hr\/","name":"Riwal","description":"Arial work platform &amp; Telehandler Rental\/Sales","publisher":{"@id":"https:\/\/riwal-wpn.acceptatie.indicia-interactiv.nl\/hr\/#organization"},"potentialAction":[{"@type":"SearchAction","target":{"@type":"EntryPoint","urlTemplate":"https:\/\/riwal-wpn.acceptatie.indicia-interactiv.nl\/hr\/?s={search_term_string}"},"query-input":{"@type":"PropertyValueSpecification","valueRequired":true,"valueName":"search_term_string"}}],"inLanguage":"hr"},{"@type":"Organization","@id":"https:\/\/riwal-wpn.acceptatie.indicia-interactiv.nl\/hr\/#organization","name":"Riwal","url":"https:\/\/riwal-wpn.acceptatie.indicia-interactiv.nl\/hr\/","logo":{"@type":"ImageObject","inLanguage":"hr","@id":"https:\/\/riwal-wpn.acceptatie.indicia-interactiv.nl\/hr\/#\/schema\/logo\/image\/","url":"","contentUrl":"","caption":"Riwal"},"image":{"@id":"https:\/\/riwal-wpn.acceptatie.indicia-interactiv.nl\/hr\/#\/schema\/logo\/image\/"}}]}},"_links":{"self":[{"href":"https:\/\/riwal-wpn.acceptatie.indicia-interactiv.nl\/hr\/wp-json\/wp\/v2\/pages\/3433","targetHints":{"allow":["GET"]}}],"collection":[{"href":"https:\/\/riwal-wpn.acceptatie.indicia-interactiv.nl\/hr\/wp-json\/wp\/v2\/pages"}],"about":[{"href":"https:\/\/riwal-wpn.acceptatie.indicia-interactiv.nl\/hr\/wp-json\/wp\/v2\/types\/page"}],"author":[{"embeddable":true,"href":"https:\/\/riwal-wpn.acceptatie.indicia-interactiv.nl\/hr\/wp-json\/wp\/v2\/users\/45"}],"replies":[{"embeddable":true,"href":"https:\/\/riwal-wpn.acceptatie.indicia-interactiv.nl\/hr\/wp-json\/wp\/v2\/comments?post=3433"}],"version-history":[{"count":3,"href":"https:\/\/riwal-wpn.acceptatie.indicia-interactiv.nl\/hr\/wp-json\/wp\/v2\/pages\/3433\/revisions"}],"predecessor-version":[{"id":4680,"href":"https:\/\/riwal-wpn.acceptatie.indicia-interactiv.nl\/hr\/wp-json\/wp\/v2\/pages\/3433\/revisions\/4680"}],"up":[{"embeddable":true,"href":"https:\/\/riwal-wpn.acceptatie.indicia-interactiv.nl\/hr\/wp-json\/wp\/v2\/pages\/3404"}],"wp:attachment":[{"href":"https:\/\/riwal-wpn.acceptatie.indicia-interactiv.nl\/hr\/wp-json\/wp\/v2\/media?parent=3433"}],"curies":[{"name":"wp","href":"https:\/\/api.w.org\/{rel}","templated":true}]}}