{"id":3456,"date":"2023-09-18T20:18:09","date_gmt":"2023-09-18T20:18:09","guid":{"rendered":"https:\/\/riwal-wpn.acceptatie.indicia-interactiv.nl\/hr\/?page_id=3456"},"modified":"2024-02-04T07:32:47","modified_gmt":"2024-02-04T07:32:47","slug":"zasto-je-najam-odrziviji","status":"publish","type":"page","link":"https:\/\/riwal-wpn.acceptatie.indicia-interactiv.nl\/hr\/o-nama\/odrzivost\/zasto-je-najam-odrziviji\/","title":{"rendered":"Za\u0161to je najam odr\u017eiviji"},"content":{"rendered":"<div class=\"container\">\n<h2 class=\"wp-block-heading\" id=\"h-zasto-je-najam-odrziviji\">ZA\u0160TO JE NAJAM ODR\u017dIVIJI?<\/h2>\n<\/div>\n\n<div class=\"rental-wp-default-block rental-theme-block-default-margin\">\n\t\t\t\t\t\t\t\t<div class=\"container\">\n<div class=\"wp-block-columns is-layout-flex wp-container-core-columns-is-layout-28f84493 wp-block-columns-is-layout-flex\">\n<div class=\"wp-block-column is-layout-flow wp-block-column-is-layout-flow\" style=\"flex-basis:66.66%\">\n<p><strong><strong>Nedavna istra\u017eivanja otkrila su da iznajmljivanje mo\u017ee biti 30% do 50% povoljnije za okoli\u0161 kada su u pitanju emisije stakleni\u010dkih plinova. To zna\u010di da najam opreme mo\u017ee igrati veliku ulogu u pomaganju dobavlja\u010dima da ispune sve ambicioznije ciljeve odr\u017eivosti.<\/strong><\/strong><\/p>\n\n\n\n<p><a href=\"https:\/\/erarental.org\/\">Europsko udru\u017eenje za iznajmljivanje (ERA)<\/a>&nbsp;zastupa interese tvrtki za iznajmljivanje opreme \u0161irom Europe &#8211; a Riwal je ponosan \u0161to je \u010dlan ove organizacije.&nbsp;<a>ERA<\/a>&nbsp;je nedavno naru\u010dila istra\u017eivanje &#8211; suradnja triju neovisnih tvrtki izra\u010dunala je emisiju ugljika klju\u010dnih vrsta opreme, uklju\u010duju\u0107i platforme za rad na visini, tijekom cijelog svog \u017eivotnog vijeka od proizvodnje, uporabe do uklanjanja. Istra\u017eiva\u010di su zatim usporedili ove emisije CO2 u \u017eivotnom ciklusu za kupljene i iznajmljene strojeve.<\/p>\n\n\n\n<p>Savjetnici koji su radili na studiji stvorili su kalkulator CO2 na temelju \u010dimbenika koji imaju najve\u0107i utjecaj na uglji\u010dni otisak stroja, uklju\u010duju\u0107i upotrebu, specifikacije, transport i odr\u017eavanje.<\/p>\n\n\n\n<ul class=\"wp-block-list\">\n<li>Kori\u0161tenje se odnosi na intenzivnost upotrebe stroja. Strojevi za najam imaju tendenciju visokog stupnja iskori\u0161tenosti, jer kad jedan kupac zavr\u0161i sa strojem vrlo se brzo isporu\u010duje sljede\u0107em kupcu.<\/li>\n\n\n\n<li>Specifikacija se odnosi na kori\u0161tenje odgovaraju\u0107e opreme za posao &#8211; kako u smislu odgovaraju\u0107e radne visine, tako i stroja s najmanjim emisijama.<\/li>\n\n\n\n<li>Za prijevoz, tvrtke za iznajmljivanje pa\u017eljivo planiraju preuzimanja i isporuke kako bi optimizirale uporabu transporta.<\/li>\n\n\n\n<li>I naravno, odr\u017eavanje je vitalno za produljenje vijeka trajanja stroja.<\/li>\n<\/ul>\n\n\n\n<figure class=\"wp-block-embed is-type-video is-provider-youtube wp-block-embed-youtube\"><div class=\"wp-block-embed__wrapper\">\n<iframe title=\"How renting construction equipment reduces carbon emissions\" width=\"500\" height=\"281\" data-icn-src=\"https:\/\/www.youtube.com\/embed\/Jjcr93MRj_M?feature=oembed\" frameborder=\"0\" allow=\"accelerometer; autoplay; clipboard-write; encrypted-media; gyroscope; picture-in-picture; web-share\" referrerpolicy=\"strict-origin-when-cross-origin\" allowfullscreen><\/iframe>\n<\/div><\/figure>\n\n\n\n<p>Uzeti zajedno svi ovi elementi zna\u010de da iznajmljeni stroj \u010desto ima puno ni\u017ei uglji\u010dni otisak tijekom \u017eivotnog vijeka od kupljene platforme za rad na visini.<\/p>\n\n\n\n<p>Posjetite ERA stranicu o odr\u017eivosti kako biste saznali vi\u0161e o odr\u017eivosti u iznajmljivanja:&nbsp;<a href=\"https:\/\/erarental.org\/sustainability\/\">Za\u0161to unajmiti<\/a><\/p>\n<\/div>\n\n\n\n<div class=\"wp-block-column is-layout-flow wp-block-column-is-layout-flow\" style=\"flex-basis:33.33%\">\n<figure class=\"wp-block-image size-large\"><img loading=\"lazy\" decoding=\"async\" width=\"1024\" height=\"523\" src=\"https:\/\/riwal-wpn.acceptatie.indicia-interactiv.nl\/app\/uploads\/sites\/11\/2023\/09\/teaserCRO-1024x523.webp\" alt=\"\" class=\"wp-image-3408\" srcset=\"https:\/\/riwal-wpn.acceptatie.indicia-interactiv.nl\/app\/uploads\/sites\/11\/2023\/09\/teaserCRO-1024x523.webp 1024w, https:\/\/riwal-wpn.acceptatie.indicia-interactiv.nl\/app\/uploads\/sites\/11\/2023\/09\/teaserCRO-830x424.webp 830w, https:\/\/riwal-wpn.acceptatie.indicia-interactiv.nl\/app\/uploads\/sites\/11\/2023\/09\/teaserCRO-300x153.webp 300w, https:\/\/riwal-wpn.acceptatie.indicia-interactiv.nl\/app\/uploads\/sites\/11\/2023\/09\/teaserCRO-768x392.webp 768w, https:\/\/riwal-wpn.acceptatie.indicia-interactiv.nl\/app\/uploads\/sites\/11\/2023\/09\/teaserCRO-178x91.webp 178w, https:\/\/riwal-wpn.acceptatie.indicia-interactiv.nl\/app\/uploads\/sites\/11\/2023\/09\/teaserCRO-390x199.webp 390w, https:\/\/riwal-wpn.acceptatie.indicia-interactiv.nl\/app\/uploads\/sites\/11\/2023\/09\/teaserCRO-250x128.webp 250w, https:\/\/riwal-wpn.acceptatie.indicia-interactiv.nl\/app\/uploads\/sites\/11\/2023\/09\/teaserCRO.webp 1276w\" sizes=\"auto, (max-width: 1024px) 100vw, 1024px\" \/><\/figure>\n\n\n\n<div class=\"wp-block-buttons is-layout-flex wp-block-buttons-is-layout-flex\">\n<div class=\"wp-block-button\"><a class=\"wp-block-button__link has-text-align-center wp-element-button\" href=\"\/hr\/o-nama\/odrzivost\/\">Vi\u0161e o odr\u017eivosti<\/a><\/div>\n<\/div>\n<\/div>\n<\/div>\n<\/div>\n\t\t\t\t\t\t\t<\/div> \n\n<div class=\"rental-wp-default-block rental-theme-block-default-margin\">\n\t\t\t\t\t\t\t\t<div class=\"container\">\n<div class=\"wp-block-columns is-layout-flex wp-container-core-columns-is-layout-28f84493 wp-block-columns-is-layout-flex\">\n<div class=\"wp-block-column is-layout-flow wp-block-column-is-layout-flow\">\n<figure class=\"wp-block-image aligncenter size-full\"><img loading=\"lazy\" decoding=\"async\" width=\"450\" height=\"230\" src=\"https:\/\/riwal-wpn.acceptatie.indicia-interactiv.nl\/app\/uploads\/sites\/11\/2023\/09\/Expertise-1.webp\" alt=\"\" class=\"wp-image-3458\" srcset=\"https:\/\/riwal-wpn.acceptatie.indicia-interactiv.nl\/app\/uploads\/sites\/11\/2023\/09\/Expertise-1.webp 450w, https:\/\/riwal-wpn.acceptatie.indicia-interactiv.nl\/app\/uploads\/sites\/11\/2023\/09\/Expertise-1-300x153.webp 300w, https:\/\/riwal-wpn.acceptatie.indicia-interactiv.nl\/app\/uploads\/sites\/11\/2023\/09\/Expertise-1-178x91.webp 178w, https:\/\/riwal-wpn.acceptatie.indicia-interactiv.nl\/app\/uploads\/sites\/11\/2023\/09\/Expertise-1-390x199.webp 390w, https:\/\/riwal-wpn.acceptatie.indicia-interactiv.nl\/app\/uploads\/sites\/11\/2023\/09\/Expertise-1-250x128.webp 250w\" sizes=\"auto, (max-width: 450px) 100vw, 450px\" \/><\/figure>\n\n\n\n<p class=\"has-text-align-center\"><strong><a href=\"https:\/\/riwal-wpn.acceptatie.indicia-interactiv.nl\/hr\/strucnost\/\">Stru\u010dnost<\/a><\/strong><\/p>\n<\/div>\n\n\n\n<div class=\"wp-block-column is-layout-flow wp-block-column-is-layout-flow\">\n<figure class=\"wp-block-image aligncenter size-full\"><img loading=\"lazy\" decoding=\"async\" width=\"450\" height=\"230\" src=\"https:\/\/riwal-wpn.acceptatie.indicia-interactiv.nl\/app\/uploads\/sites\/11\/2023\/09\/product-offer.webp\" alt=\"\" class=\"wp-image-3459\" srcset=\"https:\/\/riwal-wpn.acceptatie.indicia-interactiv.nl\/app\/uploads\/sites\/11\/2023\/09\/product-offer.webp 450w, https:\/\/riwal-wpn.acceptatie.indicia-interactiv.nl\/app\/uploads\/sites\/11\/2023\/09\/product-offer-300x153.webp 300w, https:\/\/riwal-wpn.acceptatie.indicia-interactiv.nl\/app\/uploads\/sites\/11\/2023\/09\/product-offer-178x91.webp 178w, https:\/\/riwal-wpn.acceptatie.indicia-interactiv.nl\/app\/uploads\/sites\/11\/2023\/09\/product-offer-390x199.webp 390w, https:\/\/riwal-wpn.acceptatie.indicia-interactiv.nl\/app\/uploads\/sites\/11\/2023\/09\/product-offer-250x128.webp 250w\" sizes=\"auto, (max-width: 450px) 100vw, 450px\" \/><\/figure>\n\n\n\n<p class=\"has-text-align-center\"><strong><a href=\"https:\/\/riwal-wpn.acceptatie.indicia-interactiv.nl\/hr\/najam\/\">Provjerite na\u0161e strojeve za iznajmljivanje<\/a><\/strong><\/p>\n<\/div>\n\n\n\n<div class=\"wp-block-column is-layout-flow wp-block-column-is-layout-flow\">\n<figure class=\"wp-block-image aligncenter size-full\"><img loading=\"lazy\" decoding=\"async\" width=\"600\" height=\"300\" src=\"https:\/\/riwal-wpn.acceptatie.indicia-interactiv.nl\/app\/uploads\/sites\/11\/2023\/09\/Service-teas.webp\" alt=\"\" class=\"wp-image-3460\" srcset=\"https:\/\/riwal-wpn.acceptatie.indicia-interactiv.nl\/app\/uploads\/sites\/11\/2023\/09\/Service-teas.webp 600w, https:\/\/riwal-wpn.acceptatie.indicia-interactiv.nl\/app\/uploads\/sites\/11\/2023\/09\/Service-teas-300x150.webp 300w, https:\/\/riwal-wpn.acceptatie.indicia-interactiv.nl\/app\/uploads\/sites\/11\/2023\/09\/Service-teas-178x89.webp 178w, https:\/\/riwal-wpn.acceptatie.indicia-interactiv.nl\/app\/uploads\/sites\/11\/2023\/09\/Service-teas-390x195.webp 390w, https:\/\/riwal-wpn.acceptatie.indicia-interactiv.nl\/app\/uploads\/sites\/11\/2023\/09\/Service-teas-250x125.webp 250w\" sizes=\"auto, (max-width: 600px) 100vw, 600px\" \/><\/figure>\n\n\n\n<p class=\"has-text-align-center\"><strong><a href=\"https:\/\/riwal-wpn.acceptatie.indicia-interactiv.nl\/hr\/odrzavanje\/\">Odr\u017eavanje podiznih platforma i teleskopskih vili\u010dara<\/a><\/strong><\/p>\n<\/div>\n<\/div>\n<\/div>\n\t\t\t\t\t\t\t<\/div> ","protected":false},"excerpt":{"rendered":"<p>ZA\u0160TO JE NAJAM ODR\u017dIVIJI? Nedavna istra\u017eivanja otkrila su da iznajmljivanje mo\u017ee biti 30% do 50% povoljnije za okoli\u0161 kada su u pitanju emisije stakleni\u010dkih plinova. To zna\u010di da najam opreme mo\u017ee igrati veliku ulogu u pomaganju dobavlja\u010dima da ispune sve ambicioznije ciljeve odr\u017eivosti. Europsko udru\u017eenje za iznajmljivanje (ERA)&nbsp;zastupa interese tvrtki za iznajmljivanje opreme \u0161irom Europe &hellip; <a href=\"https:\/\/riwal-wpn.acceptatie.indicia-interactiv.nl\/hr\/o-nama\/odrzivost\/zasto-je-najam-odrziviji\/\">Nastavak<\/a><\/p>\n","protected":false},"author":45,"featured_media":0,"parent":3399,"menu_order":0,"comment_status":"closed","ping_status":"closed","template":"","meta":{"_acf_changed":false,"editor_notices":[],"footnotes":""},"class_list":["post-3456","page","type-page","status-publish","hentry"],"acf":[],"yoast_head":"<!-- This site is optimized with the Yoast SEO Premium plugin v27.1 (Yoast SEO v27.1.1) - https:\/\/yoast.com\/product\/yoast-seo-premium-wordpress\/ -->\n<title>Za\u0161to je najam odr\u017eiviji - Riwal Hrvatska<\/title>\n<meta name=\"description\" content=\"Nedavna istra\u017eivanja otkrila su da iznajmljivanje mo\u017ee biti 30% do 50% povoljnije za okoli\u0161 kada su u pitanju emisije stakleni\u010dkih plinova.\" \/>\n<meta name=\"robots\" content=\"noindex, follow, max-snippet:-1, max-image-preview:large, max-video-preview:-1\" \/>\n<meta property=\"og:locale\" content=\"hr_HR\" \/>\n<meta property=\"og:type\" content=\"article\" \/>\n<meta property=\"og:title\" content=\"Za\u0161to je najam odr\u017eiviji\" \/>\n<meta property=\"og:description\" content=\"Nedavna istra\u017eivanja otkrila su da iznajmljivanje mo\u017ee biti 30% do 50% povoljnije za okoli\u0161 kada su u pitanju emisije stakleni\u010dkih plinova.\" \/>\n<meta property=\"og:url\" content=\"https:\/\/riwal-wpn.acceptatie.indicia-interactiv.nl\/hr\/o-nama\/odrzivost\/zasto-je-najam-odrziviji\/\" \/>\n<meta property=\"og:site_name\" content=\"Riwal Hrvatska\" \/>\n<meta property=\"article:modified_time\" content=\"2024-02-04T07:32:47+00:00\" \/>\n<meta property=\"og:image\" content=\"https:\/\/riwal-wpn.acceptatie.indicia-interactiv.nl\/app\/uploads\/sites\/11\/2023\/09\/teaserCRO-1024x523.webp\" \/>\n<meta name=\"twitter:card\" content=\"summary_large_image\" \/>\n<meta name=\"twitter:label1\" content=\"Est. reading time\" \/>\n\t<meta name=\"twitter:data1\" content=\"3 minute\" \/>\n<script type=\"application\/ld+json\" class=\"yoast-schema-graph\">{\"@context\":\"https:\/\/schema.org\",\"@graph\":[{\"@type\":\"WebPage\",\"@id\":\"https:\/\/riwal-wpn.acceptatie.indicia-interactiv.nl\/hr\/o-nama\/odrzivost\/zasto-je-najam-odrziviji\/\",\"url\":\"https:\/\/riwal-wpn.acceptatie.indicia-interactiv.nl\/hr\/o-nama\/odrzivost\/zasto-je-najam-odrziviji\/\",\"name\":\"Za\u0161to je najam odr\u017eiviji - Riwal Hrvatska\",\"isPartOf\":{\"@id\":\"https:\/\/riwal-wpn.acceptatie.indicia-interactiv.nl\/hr\/#website\"},\"primaryImageOfPage\":{\"@id\":\"https:\/\/riwal-wpn.acceptatie.indicia-interactiv.nl\/hr\/o-nama\/odrzivost\/zasto-je-najam-odrziviji\/#primaryimage\"},\"image\":{\"@id\":\"https:\/\/riwal-wpn.acceptatie.indicia-interactiv.nl\/hr\/o-nama\/odrzivost\/zasto-je-najam-odrziviji\/#primaryimage\"},\"thumbnailUrl\":\"https:\/\/riwal-wpn.acceptatie.indicia-interactiv.nl\/app\/uploads\/sites\/11\/2023\/09\/teaserCRO-1024x523.webp\",\"datePublished\":\"2023-09-18T20:18:09+00:00\",\"dateModified\":\"2024-02-04T07:32:47+00:00\",\"description\":\"Nedavna istra\u017eivanja otkrila su da iznajmljivanje mo\u017ee biti 30% do 50% povoljnije za okoli\u0161 kada su u pitanju emisije stakleni\u010dkih plinova.\",\"breadcrumb\":{\"@id\":\"https:\/\/riwal-wpn.acceptatie.indicia-interactiv.nl\/hr\/o-nama\/odrzivost\/zasto-je-najam-odrziviji\/#breadcrumb\"},\"inLanguage\":\"hr\",\"potentialAction\":[{\"@type\":\"ReadAction\",\"target\":[\"https:\/\/riwal-wpn.acceptatie.indicia-interactiv.nl\/hr\/o-nama\/odrzivost\/zasto-je-najam-odrziviji\/\"]}]},{\"@type\":\"ImageObject\",\"inLanguage\":\"hr\",\"@id\":\"https:\/\/riwal-wpn.acceptatie.indicia-interactiv.nl\/hr\/o-nama\/odrzivost\/zasto-je-najam-odrziviji\/#primaryimage\",\"url\":\"https:\/\/riwal-wpn.acceptatie.indicia-interactiv.nl\/app\/uploads\/sites\/11\/2023\/09\/teaserCRO-1024x523.webp\",\"contentUrl\":\"https:\/\/riwal-wpn.acceptatie.indicia-interactiv.nl\/app\/uploads\/sites\/11\/2023\/09\/teaserCRO-1024x523.webp\"},{\"@type\":\"BreadcrumbList\",\"@id\":\"https:\/\/riwal-wpn.acceptatie.indicia-interactiv.nl\/hr\/o-nama\/odrzivost\/zasto-je-najam-odrziviji\/#breadcrumb\",\"itemListElement\":[{\"@type\":\"ListItem\",\"position\":1,\"name\":\"Doma\",\"item\":\"https:\/\/riwal-wpn.acceptatie.indicia-interactiv.nl\/hr\/\"},{\"@type\":\"ListItem\",\"position\":2,\"name\":\"O nama\",\"item\":\"https:\/\/riwal-wpn.acceptatie.indicia-interactiv.nl\/hr\/o-nama\/\"},{\"@type\":\"ListItem\",\"position\":3,\"name\":\"Odr\u017eivost\",\"item\":\"https:\/\/riwal-wpn.acceptatie.indicia-interactiv.nl\/hr\/o-nama\/odrzivost\/\"},{\"@type\":\"ListItem\",\"position\":4,\"name\":\"Za\u0161to je najam odr\u017eiviji\"}]},{\"@type\":\"WebSite\",\"@id\":\"https:\/\/riwal-wpn.acceptatie.indicia-interactiv.nl\/hr\/#website\",\"url\":\"https:\/\/riwal-wpn.acceptatie.indicia-interactiv.nl\/hr\/\",\"name\":\"Riwal\",\"description\":\"Arial work platform &amp; Telehandler Rental\/Sales\",\"publisher\":{\"@id\":\"https:\/\/riwal-wpn.acceptatie.indicia-interactiv.nl\/hr\/#organization\"},\"potentialAction\":[{\"@type\":\"SearchAction\",\"target\":{\"@type\":\"EntryPoint\",\"urlTemplate\":\"https:\/\/riwal-wpn.acceptatie.indicia-interactiv.nl\/hr\/?s={search_term_string}\"},\"query-input\":{\"@type\":\"PropertyValueSpecification\",\"valueRequired\":true,\"valueName\":\"search_term_string\"}}],\"inLanguage\":\"hr\"},{\"@type\":\"Organization\",\"@id\":\"https:\/\/riwal-wpn.acceptatie.indicia-interactiv.nl\/hr\/#organization\",\"name\":\"Riwal\",\"url\":\"https:\/\/riwal-wpn.acceptatie.indicia-interactiv.nl\/hr\/\",\"logo\":{\"@type\":\"ImageObject\",\"inLanguage\":\"hr\",\"@id\":\"https:\/\/riwal-wpn.acceptatie.indicia-interactiv.nl\/hr\/#\/schema\/logo\/image\/\",\"url\":\"\",\"contentUrl\":\"\",\"caption\":\"Riwal\"},\"image\":{\"@id\":\"https:\/\/riwal-wpn.acceptatie.indicia-interactiv.nl\/hr\/#\/schema\/logo\/image\/\"}}]}<\/script>\n<!-- \/ Yoast SEO Premium plugin. -->","yoast_head_json":{"title":"Za\u0161to je najam odr\u017eiviji - Riwal Hrvatska","description":"Nedavna istra\u017eivanja otkrila su da iznajmljivanje mo\u017ee biti 30% do 50% povoljnije za okoli\u0161 kada su u pitanju emisije stakleni\u010dkih plinova.","robots":{"index":"noindex","follow":"follow","max-snippet":"max-snippet:-1","max-image-preview":"max-image-preview:large","max-video-preview":"max-video-preview:-1"},"og_locale":"hr_HR","og_type":"article","og_title":"Za\u0161to je najam odr\u017eiviji","og_description":"Nedavna istra\u017eivanja otkrila su da iznajmljivanje mo\u017ee biti 30% do 50% povoljnije za okoli\u0161 kada su u pitanju emisije stakleni\u010dkih plinova.","og_url":"https:\/\/riwal-wpn.acceptatie.indicia-interactiv.nl\/hr\/o-nama\/odrzivost\/zasto-je-najam-odrziviji\/","og_site_name":"Riwal Hrvatska","article_modified_time":"2024-02-04T07:32:47+00:00","og_image":[{"url":"https:\/\/riwal-wpn.acceptatie.indicia-interactiv.nl\/app\/uploads\/sites\/11\/2023\/09\/teaserCRO-1024x523.webp","type":"","width":"","height":""}],"twitter_card":"summary_large_image","twitter_misc":{"Est. reading time":"3 minute"},"schema":{"@context":"https:\/\/schema.org","@graph":[{"@type":"WebPage","@id":"https:\/\/riwal-wpn.acceptatie.indicia-interactiv.nl\/hr\/o-nama\/odrzivost\/zasto-je-najam-odrziviji\/","url":"https:\/\/riwal-wpn.acceptatie.indicia-interactiv.nl\/hr\/o-nama\/odrzivost\/zasto-je-najam-odrziviji\/","name":"Za\u0161to je najam odr\u017eiviji - Riwal Hrvatska","isPartOf":{"@id":"https:\/\/riwal-wpn.acceptatie.indicia-interactiv.nl\/hr\/#website"},"primaryImageOfPage":{"@id":"https:\/\/riwal-wpn.acceptatie.indicia-interactiv.nl\/hr\/o-nama\/odrzivost\/zasto-je-najam-odrziviji\/#primaryimage"},"image":{"@id":"https:\/\/riwal-wpn.acceptatie.indicia-interactiv.nl\/hr\/o-nama\/odrzivost\/zasto-je-najam-odrziviji\/#primaryimage"},"thumbnailUrl":"https:\/\/riwal-wpn.acceptatie.indicia-interactiv.nl\/app\/uploads\/sites\/11\/2023\/09\/teaserCRO-1024x523.webp","datePublished":"2023-09-18T20:18:09+00:00","dateModified":"2024-02-04T07:32:47+00:00","description":"Nedavna istra\u017eivanja otkrila su da iznajmljivanje mo\u017ee biti 30% do 50% povoljnije za okoli\u0161 kada su u pitanju emisije stakleni\u010dkih plinova.","breadcrumb":{"@id":"https:\/\/riwal-wpn.acceptatie.indicia-interactiv.nl\/hr\/o-nama\/odrzivost\/zasto-je-najam-odrziviji\/#breadcrumb"},"inLanguage":"hr","potentialAction":[{"@type":"ReadAction","target":["https:\/\/riwal-wpn.acceptatie.indicia-interactiv.nl\/hr\/o-nama\/odrzivost\/zasto-je-najam-odrziviji\/"]}]},{"@type":"ImageObject","inLanguage":"hr","@id":"https:\/\/riwal-wpn.acceptatie.indicia-interactiv.nl\/hr\/o-nama\/odrzivost\/zasto-je-najam-odrziviji\/#primaryimage","url":"https:\/\/riwal-wpn.acceptatie.indicia-interactiv.nl\/app\/uploads\/sites\/11\/2023\/09\/teaserCRO-1024x523.webp","contentUrl":"https:\/\/riwal-wpn.acceptatie.indicia-interactiv.nl\/app\/uploads\/sites\/11\/2023\/09\/teaserCRO-1024x523.webp"},{"@type":"BreadcrumbList","@id":"https:\/\/riwal-wpn.acceptatie.indicia-interactiv.nl\/hr\/o-nama\/odrzivost\/zasto-je-najam-odrziviji\/#breadcrumb","itemListElement":[{"@type":"ListItem","position":1,"name":"Doma","item":"https:\/\/riwal-wpn.acceptatie.indicia-interactiv.nl\/hr\/"},{"@type":"ListItem","position":2,"name":"O nama","item":"https:\/\/riwal-wpn.acceptatie.indicia-interactiv.nl\/hr\/o-nama\/"},{"@type":"ListItem","position":3,"name":"Odr\u017eivost","item":"https:\/\/riwal-wpn.acceptatie.indicia-interactiv.nl\/hr\/o-nama\/odrzivost\/"},{"@type":"ListItem","position":4,"name":"Za\u0161to je najam odr\u017eiviji"}]},{"@type":"WebSite","@id":"https:\/\/riwal-wpn.acceptatie.indicia-interactiv.nl\/hr\/#website","url":"https:\/\/riwal-wpn.acceptatie.indicia-interactiv.nl\/hr\/","name":"Riwal","description":"Arial work platform &amp; Telehandler Rental\/Sales","publisher":{"@id":"https:\/\/riwal-wpn.acceptatie.indicia-interactiv.nl\/hr\/#organization"},"potentialAction":[{"@type":"SearchAction","target":{"@type":"EntryPoint","urlTemplate":"https:\/\/riwal-wpn.acceptatie.indicia-interactiv.nl\/hr\/?s={search_term_string}"},"query-input":{"@type":"PropertyValueSpecification","valueRequired":true,"valueName":"search_term_string"}}],"inLanguage":"hr"},{"@type":"Organization","@id":"https:\/\/riwal-wpn.acceptatie.indicia-interactiv.nl\/hr\/#organization","name":"Riwal","url":"https:\/\/riwal-wpn.acceptatie.indicia-interactiv.nl\/hr\/","logo":{"@type":"ImageObject","inLanguage":"hr","@id":"https:\/\/riwal-wpn.acceptatie.indicia-interactiv.nl\/hr\/#\/schema\/logo\/image\/","url":"","contentUrl":"","caption":"Riwal"},"image":{"@id":"https:\/\/riwal-wpn.acceptatie.indicia-interactiv.nl\/hr\/#\/schema\/logo\/image\/"}}]}},"_links":{"self":[{"href":"https:\/\/riwal-wpn.acceptatie.indicia-interactiv.nl\/hr\/wp-json\/wp\/v2\/pages\/3456","targetHints":{"allow":["GET"]}}],"collection":[{"href":"https:\/\/riwal-wpn.acceptatie.indicia-interactiv.nl\/hr\/wp-json\/wp\/v2\/pages"}],"about":[{"href":"https:\/\/riwal-wpn.acceptatie.indicia-interactiv.nl\/hr\/wp-json\/wp\/v2\/types\/page"}],"author":[{"embeddable":true,"href":"https:\/\/riwal-wpn.acceptatie.indicia-interactiv.nl\/hr\/wp-json\/wp\/v2\/users\/45"}],"replies":[{"embeddable":true,"href":"https:\/\/riwal-wpn.acceptatie.indicia-interactiv.nl\/hr\/wp-json\/wp\/v2\/comments?post=3456"}],"version-history":[{"count":4,"href":"https:\/\/riwal-wpn.acceptatie.indicia-interactiv.nl\/hr\/wp-json\/wp\/v2\/pages\/3456\/revisions"}],"predecessor-version":[{"id":4837,"href":"https:\/\/riwal-wpn.acceptatie.indicia-interactiv.nl\/hr\/wp-json\/wp\/v2\/pages\/3456\/revisions\/4837"}],"up":[{"embeddable":true,"href":"https:\/\/riwal-wpn.acceptatie.indicia-interactiv.nl\/hr\/wp-json\/wp\/v2\/pages\/3399"}],"wp:attachment":[{"href":"https:\/\/riwal-wpn.acceptatie.indicia-interactiv.nl\/hr\/wp-json\/wp\/v2\/media?parent=3456"}],"curies":[{"name":"wp","href":"https:\/\/api.w.org\/{rel}","templated":true}]}}