{"id":3469,"date":"2023-09-18T20:38:09","date_gmt":"2023-09-18T20:38:09","guid":{"rendered":"https:\/\/riwal-wpn.acceptatie.indicia-interactiv.nl\/hr\/?page_id=3469"},"modified":"2024-02-03T10:34:32","modified_gmt":"2024-02-03T10:34:32","slug":"medunarodni-najam","status":"publish","type":"page","link":"https:\/\/riwal-wpn.acceptatie.indicia-interactiv.nl\/hr\/medunarodni-najam\/","title":{"rendered":"Me\u0111unarodni najam"},"content":{"rendered":"<div class=\"container\">\n<h2 class=\"wp-block-heading\" id=\"h-medunarodni-najam-podiznih-strojeva\">ME\u0110UNARODNI NAJAM PODIZNIH STROJEVA<\/h2>\n<\/div>\n\n<div class=\"rental-wp-default-block rental-theme-block-default-margin\">\n\t\t\t\t\t\t\t\t<div class=\"container\">\n<div class=\"wp-block-columns is-layout-flex wp-container-core-columns-is-layout-28f84493 wp-block-columns-is-layout-flex\">\n<div class=\"wp-block-column is-layout-flow wp-block-column-is-layout-flow\" style=\"flex-basis:75%\">\n<p>\u017divimo u globalnoj ekonomiji, a to zna\u010di sve vi\u0161e i vi\u0161e mogu\u0107nosti za tvrtke koje imaju \u00a0sjedi\u0161te u jednoj zemlji da imaju mogu\u0107nosti raditi i \u00a0u drugim zemljama. Ali rad preko granica jo\u0161 uvijek nije \u00a0tako lak. Osim o\u010diglednog jezi\u010dnog problema, morate znati i razumjeti lokalne propise, koga \u00a0zvati i kako poslovanje radi u razli\u010ditim sredinama, da ne spominjemo, ako radite na visini, dobivanje pristupa pravoj opremi. Zato smo stvorili Riwal International Rental. Od na\u0161eg internacionalnog sjedi\u0161ta u Nizozemskoj, mo\u017eemo u ime na\u0161ih klijenata raditi na svim potrebnim aran\u017emanima u gotovo bilo kojoj zemlji bilo gdje u svijetu ili \u00a0istovremeno raditi u nekoliko zemalja.<\/p>\n\n\n\n<p><strong>Jedan stop shop&nbsp; &nbsp; &nbsp;<\/strong><\/p>\n\n\n\n<p>Naravno, iskoristili smo svoju lokalnu organizaciju gdje ve\u0107 imamo ljude na terenu, \u00a0drugdje, imamo mre\u017eu partnera s kojima mo\u017eemo raditi na pru\u017eanju podr\u0161ke na\u0161im klijentima. Mi mo\u017eemo u\u010diniti sve \u0161to kupac zahtijeva: savjetovati o odgovaraju\u0107oj opremi, transportnoj opremi na stranim mjestima (ili lokacijama), pru\u017eati usluge i odr\u017eavati, pa \u010dak i daljinski &#8220;pratiti &#8221; svaki dio opreme na bilo kojem udaljenom mjestu za dijagnosti\u010dke svrhe i kako bi se osiguralo da oprema ostane na licu mjesta i njime upravljaju samo ovla\u0161teni operateri. Pru\u017eamo 24\/7 tehni\u010dku podr\u0161ku, a ako postoji problem koji ne mo\u017eemo rije\u0161iti na daljinu, s na\u0161om globalnom mre\u017eom mo\u017eemo odmah pru\u017eiti pomo\u0107 na licu mjesta.<\/p>\n\n\n\n<p><strong>Ni\u0161a strojeva i jo\u0161 mnogo toga<\/strong><\/p>\n\n\n\n<p><em>Riwal International Renta<\/em><em>l&nbsp;<\/em>ima pristup punoj floti od 14.000 jedinica kojom &nbsp;posjeduje i upravlja Riwal, a posebno se napla\u0107uje i iznajmljivanje oko 150 specijaliziranih &#8216;ni\u0161a&#8217; strojeva koji nisu uobi\u010dajeni dio AWP flote &#8211; strojevi za rad na ekstremnim visinama ili, na primjer, s dodatnim te\u0161kim kapacitetom dizanja. Dakle, \u010dak i ako kupac treba &nbsp;ni\u0161e strojeva na udaljenoj &nbsp;lokaciji, mi ih mo\u017eemo &nbsp;isporu\u010diti. I dok smo stru\u010dnjak za &nbsp;platforme za rad na visini, suradnjom s na\u0161im partnerima tako\u0111er mo\u017eemo pomo\u0107i na\u0161im klijentima pri &nbsp;osiguraju ostale opremu i objekata, uklju\u010duju\u0107i ograde, rasvjetu ili &nbsp;dizelski generator.<\/p>\n\n\n\n<p><strong>The Riwal Way\u00a0<\/strong>\u0107e pru\u017eiti najbolje iskustvo kupcu, a Riwal International Rentals omogu\u0107ava \u00a0olak\u0161avanje na\u0161im klijenatima da se usredoto\u010de na ono \u0161to oni najbolje rade, a mi smo tu da se \u00a0pobrinemo da imaju opremu i podr\u0161ku kako bi oni \u00a0mogli \u00a0obavljati svoj posao.<\/p>\n\n\n\n<figure class=\"wp-block-image size-large\"><img loading=\"lazy\" decoding=\"async\" width=\"1024\" height=\"563\" src=\"https:\/\/riwal-wpn.acceptatie.indicia-interactiv.nl\/app\/uploads\/sites\/11\/2023\/09\/Riwal-Business-World-Map-1024x563.webp\" alt=\"\" class=\"wp-image-3471\" srcset=\"https:\/\/riwal-wpn.acceptatie.indicia-interactiv.nl\/app\/uploads\/sites\/11\/2023\/09\/Riwal-Business-World-Map-1024x563.webp 1024w, https:\/\/riwal-wpn.acceptatie.indicia-interactiv.nl\/app\/uploads\/sites\/11\/2023\/09\/Riwal-Business-World-Map-830x456.webp 830w, https:\/\/riwal-wpn.acceptatie.indicia-interactiv.nl\/app\/uploads\/sites\/11\/2023\/09\/Riwal-Business-World-Map-300x165.webp 300w, https:\/\/riwal-wpn.acceptatie.indicia-interactiv.nl\/app\/uploads\/sites\/11\/2023\/09\/Riwal-Business-World-Map-768x422.webp 768w, https:\/\/riwal-wpn.acceptatie.indicia-interactiv.nl\/app\/uploads\/sites\/11\/2023\/09\/Riwal-Business-World-Map-178x98.webp 178w, https:\/\/riwal-wpn.acceptatie.indicia-interactiv.nl\/app\/uploads\/sites\/11\/2023\/09\/Riwal-Business-World-Map-1440x792.webp 1440w, https:\/\/riwal-wpn.acceptatie.indicia-interactiv.nl\/app\/uploads\/sites\/11\/2023\/09\/Riwal-Business-World-Map-390x214.webp 390w, https:\/\/riwal-wpn.acceptatie.indicia-interactiv.nl\/app\/uploads\/sites\/11\/2023\/09\/Riwal-Business-World-Map-250x137.webp 250w, https:\/\/riwal-wpn.acceptatie.indicia-interactiv.nl\/app\/uploads\/sites\/11\/2023\/09\/Riwal-Business-World-Map.webp 1486w\" sizes=\"auto, (max-width: 1024px) 100vw, 1024px\" \/><\/figure>\n<\/div>\n\n\n\n<div class=\"wp-block-column is-layout-flow wp-block-column-is-layout-flow\" style=\"flex-basis:25%\">\n<p><\/p>\n<\/div>\n<\/div>\n<\/div>\n\t\t\t\t\t\t\t<\/div> ","protected":false},"excerpt":{"rendered":"<p>ME\u0110UNARODNI NAJAM PODIZNIH STROJEVA \u017divimo u globalnoj ekonomiji, a to zna\u010di sve vi\u0161e i vi\u0161e mogu\u0107nosti za tvrtke koje imaju \u00a0sjedi\u0161te u jednoj zemlji da imaju mogu\u0107nosti raditi i \u00a0u drugim zemljama. Ali rad preko granica jo\u0161 uvijek nije \u00a0tako lak. Osim o\u010diglednog jezi\u010dnog problema, morate znati i razumjeti lokalne propise, koga \u00a0zvati i kako &hellip; <a href=\"https:\/\/riwal-wpn.acceptatie.indicia-interactiv.nl\/hr\/medunarodni-najam\/\">Nastavak<\/a><\/p>\n","protected":false},"author":45,"featured_media":0,"parent":0,"menu_order":0,"comment_status":"closed","ping_status":"closed","template":"","meta":{"_acf_changed":false,"editor_notices":[],"footnotes":""},"class_list":["post-3469","page","type-page","status-publish","hentry"],"acf":[],"yoast_head":"<!-- This site is optimized with the Yoast SEO Premium plugin v27.1 (Yoast SEO v27.1.1) - https:\/\/yoast.com\/product\/yoast-seo-premium-wordpress\/ -->\n<title>Me\u0111unarodni najam - Riwal Hrvatska<\/title>\n<meta name=\"robots\" content=\"noindex, follow, max-snippet:-1, max-image-preview:large, max-video-preview:-1\" \/>\n<meta property=\"og:locale\" content=\"hr_HR\" \/>\n<meta property=\"og:type\" content=\"article\" \/>\n<meta property=\"og:title\" content=\"Me\u0111unarodni najam\" \/>\n<meta property=\"og:description\" content=\"ME\u0110UNARODNI NAJAM PODIZNIH STROJEVA \u017divimo u globalnoj ekonomiji, a to zna\u010di sve vi\u0161e i vi\u0161e mogu\u0107nosti za tvrtke koje imaju \u00a0sjedi\u0161te u jednoj zemlji da imaju mogu\u0107nosti raditi i \u00a0u drugim zemljama. Ali rad preko granica jo\u0161 uvijek nije \u00a0tako lak. Osim o\u010diglednog jezi\u010dnog problema, morate znati i razumjeti lokalne propise, koga \u00a0zvati i kako &hellip; Nastavak\" \/>\n<meta property=\"og:url\" content=\"https:\/\/riwal-wpn.acceptatie.indicia-interactiv.nl\/hr\/medunarodni-najam\/\" \/>\n<meta property=\"og:site_name\" content=\"Riwal Hrvatska\" \/>\n<meta property=\"article:modified_time\" content=\"2024-02-03T10:34:32+00:00\" \/>\n<meta property=\"og:image\" content=\"https:\/\/riwal-wpn.acceptatie.indicia-interactiv.nl\/app\/uploads\/sites\/11\/2023\/09\/Riwal-Business-World-Map-1024x563.webp\" \/>\n<meta name=\"twitter:card\" content=\"summary_large_image\" \/>\n<meta name=\"twitter:label1\" content=\"Est. reading time\" \/>\n\t<meta name=\"twitter:data1\" content=\"3 minute\" \/>\n<script type=\"application\/ld+json\" class=\"yoast-schema-graph\">{\"@context\":\"https:\/\/schema.org\",\"@graph\":[{\"@type\":\"WebPage\",\"@id\":\"https:\/\/riwal-wpn.acceptatie.indicia-interactiv.nl\/hr\/medunarodni-najam\/\",\"url\":\"https:\/\/riwal-wpn.acceptatie.indicia-interactiv.nl\/hr\/medunarodni-najam\/\",\"name\":\"Me\u0111unarodni najam - Riwal Hrvatska\",\"isPartOf\":{\"@id\":\"https:\/\/riwal-wpn.acceptatie.indicia-interactiv.nl\/hr\/#website\"},\"primaryImageOfPage\":{\"@id\":\"https:\/\/riwal-wpn.acceptatie.indicia-interactiv.nl\/hr\/medunarodni-najam\/#primaryimage\"},\"image\":{\"@id\":\"https:\/\/riwal-wpn.acceptatie.indicia-interactiv.nl\/hr\/medunarodni-najam\/#primaryimage\"},\"thumbnailUrl\":\"https:\/\/riwal-wpn.acceptatie.indicia-interactiv.nl\/app\/uploads\/sites\/11\/2023\/09\/Riwal-Business-World-Map-1024x563.webp\",\"datePublished\":\"2023-09-18T20:38:09+00:00\",\"dateModified\":\"2024-02-03T10:34:32+00:00\",\"breadcrumb\":{\"@id\":\"https:\/\/riwal-wpn.acceptatie.indicia-interactiv.nl\/hr\/medunarodni-najam\/#breadcrumb\"},\"inLanguage\":\"hr\",\"potentialAction\":[{\"@type\":\"ReadAction\",\"target\":[\"https:\/\/riwal-wpn.acceptatie.indicia-interactiv.nl\/hr\/medunarodni-najam\/\"]}]},{\"@type\":\"ImageObject\",\"inLanguage\":\"hr\",\"@id\":\"https:\/\/riwal-wpn.acceptatie.indicia-interactiv.nl\/hr\/medunarodni-najam\/#primaryimage\",\"url\":\"https:\/\/riwal-wpn.acceptatie.indicia-interactiv.nl\/app\/uploads\/sites\/11\/2023\/09\/Riwal-Business-World-Map-1024x563.webp\",\"contentUrl\":\"https:\/\/riwal-wpn.acceptatie.indicia-interactiv.nl\/app\/uploads\/sites\/11\/2023\/09\/Riwal-Business-World-Map-1024x563.webp\"},{\"@type\":\"BreadcrumbList\",\"@id\":\"https:\/\/riwal-wpn.acceptatie.indicia-interactiv.nl\/hr\/medunarodni-najam\/#breadcrumb\",\"itemListElement\":[{\"@type\":\"ListItem\",\"position\":1,\"name\":\"Doma\",\"item\":\"https:\/\/riwal-wpn.acceptatie.indicia-interactiv.nl\/hr\/\"},{\"@type\":\"ListItem\",\"position\":2,\"name\":\"Me\u0111unarodni najam\"}]},{\"@type\":\"WebSite\",\"@id\":\"https:\/\/riwal-wpn.acceptatie.indicia-interactiv.nl\/hr\/#website\",\"url\":\"https:\/\/riwal-wpn.acceptatie.indicia-interactiv.nl\/hr\/\",\"name\":\"Riwal\",\"description\":\"Arial work platform &amp; Telehandler Rental\/Sales\",\"publisher\":{\"@id\":\"https:\/\/riwal-wpn.acceptatie.indicia-interactiv.nl\/hr\/#organization\"},\"potentialAction\":[{\"@type\":\"SearchAction\",\"target\":{\"@type\":\"EntryPoint\",\"urlTemplate\":\"https:\/\/riwal-wpn.acceptatie.indicia-interactiv.nl\/hr\/?s={search_term_string}\"},\"query-input\":{\"@type\":\"PropertyValueSpecification\",\"valueRequired\":true,\"valueName\":\"search_term_string\"}}],\"inLanguage\":\"hr\"},{\"@type\":\"Organization\",\"@id\":\"https:\/\/riwal-wpn.acceptatie.indicia-interactiv.nl\/hr\/#organization\",\"name\":\"Riwal\",\"url\":\"https:\/\/riwal-wpn.acceptatie.indicia-interactiv.nl\/hr\/\",\"logo\":{\"@type\":\"ImageObject\",\"inLanguage\":\"hr\",\"@id\":\"https:\/\/riwal-wpn.acceptatie.indicia-interactiv.nl\/hr\/#\/schema\/logo\/image\/\",\"url\":\"\",\"contentUrl\":\"\",\"caption\":\"Riwal\"},\"image\":{\"@id\":\"https:\/\/riwal-wpn.acceptatie.indicia-interactiv.nl\/hr\/#\/schema\/logo\/image\/\"}}]}<\/script>\n<!-- \/ Yoast SEO Premium plugin. -->","yoast_head_json":{"title":"Me\u0111unarodni najam - Riwal Hrvatska","robots":{"index":"noindex","follow":"follow","max-snippet":"max-snippet:-1","max-image-preview":"max-image-preview:large","max-video-preview":"max-video-preview:-1"},"og_locale":"hr_HR","og_type":"article","og_title":"Me\u0111unarodni najam","og_description":"ME\u0110UNARODNI NAJAM PODIZNIH STROJEVA \u017divimo u globalnoj ekonomiji, a to zna\u010di sve vi\u0161e i vi\u0161e mogu\u0107nosti za tvrtke koje imaju \u00a0sjedi\u0161te u jednoj zemlji da imaju mogu\u0107nosti raditi i \u00a0u drugim zemljama. Ali rad preko granica jo\u0161 uvijek nije \u00a0tako lak. Osim o\u010diglednog jezi\u010dnog problema, morate znati i razumjeti lokalne propise, koga \u00a0zvati i kako &hellip; Nastavak","og_url":"https:\/\/riwal-wpn.acceptatie.indicia-interactiv.nl\/hr\/medunarodni-najam\/","og_site_name":"Riwal Hrvatska","article_modified_time":"2024-02-03T10:34:32+00:00","og_image":[{"url":"https:\/\/riwal-wpn.acceptatie.indicia-interactiv.nl\/app\/uploads\/sites\/11\/2023\/09\/Riwal-Business-World-Map-1024x563.webp","type":"","width":"","height":""}],"twitter_card":"summary_large_image","twitter_misc":{"Est. reading time":"3 minute"},"schema":{"@context":"https:\/\/schema.org","@graph":[{"@type":"WebPage","@id":"https:\/\/riwal-wpn.acceptatie.indicia-interactiv.nl\/hr\/medunarodni-najam\/","url":"https:\/\/riwal-wpn.acceptatie.indicia-interactiv.nl\/hr\/medunarodni-najam\/","name":"Me\u0111unarodni najam - Riwal Hrvatska","isPartOf":{"@id":"https:\/\/riwal-wpn.acceptatie.indicia-interactiv.nl\/hr\/#website"},"primaryImageOfPage":{"@id":"https:\/\/riwal-wpn.acceptatie.indicia-interactiv.nl\/hr\/medunarodni-najam\/#primaryimage"},"image":{"@id":"https:\/\/riwal-wpn.acceptatie.indicia-interactiv.nl\/hr\/medunarodni-najam\/#primaryimage"},"thumbnailUrl":"https:\/\/riwal-wpn.acceptatie.indicia-interactiv.nl\/app\/uploads\/sites\/11\/2023\/09\/Riwal-Business-World-Map-1024x563.webp","datePublished":"2023-09-18T20:38:09+00:00","dateModified":"2024-02-03T10:34:32+00:00","breadcrumb":{"@id":"https:\/\/riwal-wpn.acceptatie.indicia-interactiv.nl\/hr\/medunarodni-najam\/#breadcrumb"},"inLanguage":"hr","potentialAction":[{"@type":"ReadAction","target":["https:\/\/riwal-wpn.acceptatie.indicia-interactiv.nl\/hr\/medunarodni-najam\/"]}]},{"@type":"ImageObject","inLanguage":"hr","@id":"https:\/\/riwal-wpn.acceptatie.indicia-interactiv.nl\/hr\/medunarodni-najam\/#primaryimage","url":"https:\/\/riwal-wpn.acceptatie.indicia-interactiv.nl\/app\/uploads\/sites\/11\/2023\/09\/Riwal-Business-World-Map-1024x563.webp","contentUrl":"https:\/\/riwal-wpn.acceptatie.indicia-interactiv.nl\/app\/uploads\/sites\/11\/2023\/09\/Riwal-Business-World-Map-1024x563.webp"},{"@type":"BreadcrumbList","@id":"https:\/\/riwal-wpn.acceptatie.indicia-interactiv.nl\/hr\/medunarodni-najam\/#breadcrumb","itemListElement":[{"@type":"ListItem","position":1,"name":"Doma","item":"https:\/\/riwal-wpn.acceptatie.indicia-interactiv.nl\/hr\/"},{"@type":"ListItem","position":2,"name":"Me\u0111unarodni najam"}]},{"@type":"WebSite","@id":"https:\/\/riwal-wpn.acceptatie.indicia-interactiv.nl\/hr\/#website","url":"https:\/\/riwal-wpn.acceptatie.indicia-interactiv.nl\/hr\/","name":"Riwal","description":"Arial work platform &amp; Telehandler Rental\/Sales","publisher":{"@id":"https:\/\/riwal-wpn.acceptatie.indicia-interactiv.nl\/hr\/#organization"},"potentialAction":[{"@type":"SearchAction","target":{"@type":"EntryPoint","urlTemplate":"https:\/\/riwal-wpn.acceptatie.indicia-interactiv.nl\/hr\/?s={search_term_string}"},"query-input":{"@type":"PropertyValueSpecification","valueRequired":true,"valueName":"search_term_string"}}],"inLanguage":"hr"},{"@type":"Organization","@id":"https:\/\/riwal-wpn.acceptatie.indicia-interactiv.nl\/hr\/#organization","name":"Riwal","url":"https:\/\/riwal-wpn.acceptatie.indicia-interactiv.nl\/hr\/","logo":{"@type":"ImageObject","inLanguage":"hr","@id":"https:\/\/riwal-wpn.acceptatie.indicia-interactiv.nl\/hr\/#\/schema\/logo\/image\/","url":"","contentUrl":"","caption":"Riwal"},"image":{"@id":"https:\/\/riwal-wpn.acceptatie.indicia-interactiv.nl\/hr\/#\/schema\/logo\/image\/"}}]}},"_links":{"self":[{"href":"https:\/\/riwal-wpn.acceptatie.indicia-interactiv.nl\/hr\/wp-json\/wp\/v2\/pages\/3469","targetHints":{"allow":["GET"]}}],"collection":[{"href":"https:\/\/riwal-wpn.acceptatie.indicia-interactiv.nl\/hr\/wp-json\/wp\/v2\/pages"}],"about":[{"href":"https:\/\/riwal-wpn.acceptatie.indicia-interactiv.nl\/hr\/wp-json\/wp\/v2\/types\/page"}],"author":[{"embeddable":true,"href":"https:\/\/riwal-wpn.acceptatie.indicia-interactiv.nl\/hr\/wp-json\/wp\/v2\/users\/45"}],"replies":[{"embeddable":true,"href":"https:\/\/riwal-wpn.acceptatie.indicia-interactiv.nl\/hr\/wp-json\/wp\/v2\/comments?post=3469"}],"version-history":[{"count":2,"href":"https:\/\/riwal-wpn.acceptatie.indicia-interactiv.nl\/hr\/wp-json\/wp\/v2\/pages\/3469\/revisions"}],"predecessor-version":[{"id":3472,"href":"https:\/\/riwal-wpn.acceptatie.indicia-interactiv.nl\/hr\/wp-json\/wp\/v2\/pages\/3469\/revisions\/3472"}],"wp:attachment":[{"href":"https:\/\/riwal-wpn.acceptatie.indicia-interactiv.nl\/hr\/wp-json\/wp\/v2\/media?parent=3469"}],"curies":[{"name":"wp","href":"https:\/\/api.w.org\/{rel}","templated":true}]}}