{"id":3473,"date":"2023-09-18T20:53:57","date_gmt":"2023-09-18T20:53:57","guid":{"rendered":"https:\/\/riwal-wpn.acceptatie.indicia-interactiv.nl\/hr\/?page_id=3473"},"modified":"2024-02-03T10:34:31","modified_gmt":"2024-02-03T10:34:31","slug":"opci-uvjeti","status":"publish","type":"page","link":"https:\/\/riwal-wpn.acceptatie.indicia-interactiv.nl\/hr\/opci-uvjeti\/","title":{"rendered":"Op\u0107i uvjeti"},"content":{"rendered":"<div class=\"container\">\n<h2 class=\"wp-block-heading\" id=\"h-preuzmite-nase-opce-uvjete\">PREUZMITE NA\u0160E OP\u0106E UVJETE<\/h2>\n<\/div>\n\n<div class=\"rental-wp-default-block rental-theme-block-default-margin\">\n\t\t\t\t\t\t\t\t<div class=\"container\">\n<div class=\"wp-block-columns is-layout-flex wp-container-core-columns-is-layout-28f84493 wp-block-columns-is-layout-flex\">\n<div class=\"wp-block-column is-layout-flow wp-block-column-is-layout-flow\" style=\"flex-basis:75%\">\n<ul class=\"wp-block-list\">\n<li><a href=\"https:\/\/riwal-wpn.acceptatie.indicia-interactiv.nl\/-\/media\/Croatia\/PDF_dokumenti\/OPI-UVJETI_najam-riwal_10_3_2020-(1).pdf?la=hr-HR\">Op\u0107i uvjeti najma<\/a><\/li>\n<\/ul>\n<\/div>\n\n\n\n<div class=\"wp-block-column is-layout-flow wp-block-column-is-layout-flow\" style=\"flex-basis:25%\">\n<p><\/p>\n<\/div>\n<\/div>\n<\/div>\n\t\t\t\t\t\t\t<\/div> ","protected":false},"excerpt":{"rendered":"<p>PREUZMITE NA\u0160E OP\u0106E UVJETE<\/p>\n","protected":false},"author":45,"featured_media":0,"parent":0,"menu_order":0,"comment_status":"closed","ping_status":"closed","template":"","meta":{"_acf_changed":false,"editor_notices":[],"footnotes":""},"class_list":["post-3473","page","type-page","status-publish","hentry"],"acf":[],"yoast_head":"<!-- This site is optimized with the Yoast SEO Premium plugin v27.1 (Yoast SEO v27.1.1) - https:\/\/yoast.com\/product\/yoast-seo-premium-wordpress\/ -->\n<title>Op\u0107i uvjeti - Riwal Hrvatska<\/title>\n<meta name=\"robots\" content=\"noindex, follow, max-snippet:-1, max-image-preview:large, max-video-preview:-1\" \/>\n<meta property=\"og:locale\" content=\"hr_HR\" \/>\n<meta property=\"og:type\" content=\"article\" \/>\n<meta property=\"og:title\" content=\"Op\u0107i uvjeti\" \/>\n<meta property=\"og:description\" content=\"PREUZMITE NA\u0160E OP\u0106E UVJETE\" \/>\n<meta property=\"og:url\" content=\"https:\/\/riwal-wpn.acceptatie.indicia-interactiv.nl\/hr\/opci-uvjeti\/\" \/>\n<meta property=\"og:site_name\" content=\"Riwal Hrvatska\" \/>\n<meta property=\"article:modified_time\" content=\"2024-02-03T10:34:31+00:00\" \/>\n<meta name=\"twitter:card\" content=\"summary_large_image\" \/>\n<meta name=\"twitter:label1\" content=\"Est. reading time\" \/>\n\t<meta name=\"twitter:data1\" content=\"1 minuta\" \/>\n<script type=\"application\/ld+json\" class=\"yoast-schema-graph\">{\"@context\":\"https:\/\/schema.org\",\"@graph\":[{\"@type\":\"WebPage\",\"@id\":\"https:\/\/riwal-wpn.acceptatie.indicia-interactiv.nl\/hr\/opci-uvjeti\/\",\"url\":\"https:\/\/riwal-wpn.acceptatie.indicia-interactiv.nl\/hr\/opci-uvjeti\/\",\"name\":\"Op\u0107i uvjeti - Riwal Hrvatska\",\"isPartOf\":{\"@id\":\"https:\/\/riwal-wpn.acceptatie.indicia-interactiv.nl\/hr\/#website\"},\"datePublished\":\"2023-09-18T20:53:57+00:00\",\"dateModified\":\"2024-02-03T10:34:31+00:00\",\"breadcrumb\":{\"@id\":\"https:\/\/riwal-wpn.acceptatie.indicia-interactiv.nl\/hr\/opci-uvjeti\/#breadcrumb\"},\"inLanguage\":\"hr\",\"potentialAction\":[{\"@type\":\"ReadAction\",\"target\":[\"https:\/\/riwal-wpn.acceptatie.indicia-interactiv.nl\/hr\/opci-uvjeti\/\"]}]},{\"@type\":\"BreadcrumbList\",\"@id\":\"https:\/\/riwal-wpn.acceptatie.indicia-interactiv.nl\/hr\/opci-uvjeti\/#breadcrumb\",\"itemListElement\":[{\"@type\":\"ListItem\",\"position\":1,\"name\":\"Doma\",\"item\":\"https:\/\/riwal-wpn.acceptatie.indicia-interactiv.nl\/hr\/\"},{\"@type\":\"ListItem\",\"position\":2,\"name\":\"Op\u0107i uvjeti\"}]},{\"@type\":\"WebSite\",\"@id\":\"https:\/\/riwal-wpn.acceptatie.indicia-interactiv.nl\/hr\/#website\",\"url\":\"https:\/\/riwal-wpn.acceptatie.indicia-interactiv.nl\/hr\/\",\"name\":\"Riwal\",\"description\":\"Arial work platform &amp; Telehandler Rental\/Sales\",\"publisher\":{\"@id\":\"https:\/\/riwal-wpn.acceptatie.indicia-interactiv.nl\/hr\/#organization\"},\"potentialAction\":[{\"@type\":\"SearchAction\",\"target\":{\"@type\":\"EntryPoint\",\"urlTemplate\":\"https:\/\/riwal-wpn.acceptatie.indicia-interactiv.nl\/hr\/?s={search_term_string}\"},\"query-input\":{\"@type\":\"PropertyValueSpecification\",\"valueRequired\":true,\"valueName\":\"search_term_string\"}}],\"inLanguage\":\"hr\"},{\"@type\":\"Organization\",\"@id\":\"https:\/\/riwal-wpn.acceptatie.indicia-interactiv.nl\/hr\/#organization\",\"name\":\"Riwal\",\"url\":\"https:\/\/riwal-wpn.acceptatie.indicia-interactiv.nl\/hr\/\",\"logo\":{\"@type\":\"ImageObject\",\"inLanguage\":\"hr\",\"@id\":\"https:\/\/riwal-wpn.acceptatie.indicia-interactiv.nl\/hr\/#\/schema\/logo\/image\/\",\"url\":\"\",\"contentUrl\":\"\",\"caption\":\"Riwal\"},\"image\":{\"@id\":\"https:\/\/riwal-wpn.acceptatie.indicia-interactiv.nl\/hr\/#\/schema\/logo\/image\/\"}}]}<\/script>\n<!-- \/ Yoast SEO Premium plugin. -->","yoast_head_json":{"title":"Op\u0107i uvjeti - Riwal Hrvatska","robots":{"index":"noindex","follow":"follow","max-snippet":"max-snippet:-1","max-image-preview":"max-image-preview:large","max-video-preview":"max-video-preview:-1"},"og_locale":"hr_HR","og_type":"article","og_title":"Op\u0107i uvjeti","og_description":"PREUZMITE NA\u0160E OP\u0106E UVJETE","og_url":"https:\/\/riwal-wpn.acceptatie.indicia-interactiv.nl\/hr\/opci-uvjeti\/","og_site_name":"Riwal Hrvatska","article_modified_time":"2024-02-03T10:34:31+00:00","twitter_card":"summary_large_image","twitter_misc":{"Est. reading time":"1 minuta"},"schema":{"@context":"https:\/\/schema.org","@graph":[{"@type":"WebPage","@id":"https:\/\/riwal-wpn.acceptatie.indicia-interactiv.nl\/hr\/opci-uvjeti\/","url":"https:\/\/riwal-wpn.acceptatie.indicia-interactiv.nl\/hr\/opci-uvjeti\/","name":"Op\u0107i uvjeti - Riwal Hrvatska","isPartOf":{"@id":"https:\/\/riwal-wpn.acceptatie.indicia-interactiv.nl\/hr\/#website"},"datePublished":"2023-09-18T20:53:57+00:00","dateModified":"2024-02-03T10:34:31+00:00","breadcrumb":{"@id":"https:\/\/riwal-wpn.acceptatie.indicia-interactiv.nl\/hr\/opci-uvjeti\/#breadcrumb"},"inLanguage":"hr","potentialAction":[{"@type":"ReadAction","target":["https:\/\/riwal-wpn.acceptatie.indicia-interactiv.nl\/hr\/opci-uvjeti\/"]}]},{"@type":"BreadcrumbList","@id":"https:\/\/riwal-wpn.acceptatie.indicia-interactiv.nl\/hr\/opci-uvjeti\/#breadcrumb","itemListElement":[{"@type":"ListItem","position":1,"name":"Doma","item":"https:\/\/riwal-wpn.acceptatie.indicia-interactiv.nl\/hr\/"},{"@type":"ListItem","position":2,"name":"Op\u0107i uvjeti"}]},{"@type":"WebSite","@id":"https:\/\/riwal-wpn.acceptatie.indicia-interactiv.nl\/hr\/#website","url":"https:\/\/riwal-wpn.acceptatie.indicia-interactiv.nl\/hr\/","name":"Riwal","description":"Arial work platform &amp; Telehandler Rental\/Sales","publisher":{"@id":"https:\/\/riwal-wpn.acceptatie.indicia-interactiv.nl\/hr\/#organization"},"potentialAction":[{"@type":"SearchAction","target":{"@type":"EntryPoint","urlTemplate":"https:\/\/riwal-wpn.acceptatie.indicia-interactiv.nl\/hr\/?s={search_term_string}"},"query-input":{"@type":"PropertyValueSpecification","valueRequired":true,"valueName":"search_term_string"}}],"inLanguage":"hr"},{"@type":"Organization","@id":"https:\/\/riwal-wpn.acceptatie.indicia-interactiv.nl\/hr\/#organization","name":"Riwal","url":"https:\/\/riwal-wpn.acceptatie.indicia-interactiv.nl\/hr\/","logo":{"@type":"ImageObject","inLanguage":"hr","@id":"https:\/\/riwal-wpn.acceptatie.indicia-interactiv.nl\/hr\/#\/schema\/logo\/image\/","url":"","contentUrl":"","caption":"Riwal"},"image":{"@id":"https:\/\/riwal-wpn.acceptatie.indicia-interactiv.nl\/hr\/#\/schema\/logo\/image\/"}}]}},"_links":{"self":[{"href":"https:\/\/riwal-wpn.acceptatie.indicia-interactiv.nl\/hr\/wp-json\/wp\/v2\/pages\/3473","targetHints":{"allow":["GET"]}}],"collection":[{"href":"https:\/\/riwal-wpn.acceptatie.indicia-interactiv.nl\/hr\/wp-json\/wp\/v2\/pages"}],"about":[{"href":"https:\/\/riwal-wpn.acceptatie.indicia-interactiv.nl\/hr\/wp-json\/wp\/v2\/types\/page"}],"author":[{"embeddable":true,"href":"https:\/\/riwal-wpn.acceptatie.indicia-interactiv.nl\/hr\/wp-json\/wp\/v2\/users\/45"}],"replies":[{"embeddable":true,"href":"https:\/\/riwal-wpn.acceptatie.indicia-interactiv.nl\/hr\/wp-json\/wp\/v2\/comments?post=3473"}],"version-history":[{"count":2,"href":"https:\/\/riwal-wpn.acceptatie.indicia-interactiv.nl\/hr\/wp-json\/wp\/v2\/pages\/3473\/revisions"}],"predecessor-version":[{"id":3475,"href":"https:\/\/riwal-wpn.acceptatie.indicia-interactiv.nl\/hr\/wp-json\/wp\/v2\/pages\/3473\/revisions\/3475"}],"wp:attachment":[{"href":"https:\/\/riwal-wpn.acceptatie.indicia-interactiv.nl\/hr\/wp-json\/wp\/v2\/media?parent=3473"}],"curies":[{"name":"wp","href":"https:\/\/api.w.org\/{rel}","templated":true}]}}