{"id":8223,"date":"2023-11-30T11:06:09","date_gmt":"2023-11-30T11:06:09","guid":{"rendered":"https:\/\/riwal-wpn.acceptatie.indicia-interactiv.nl\/nl\/?page_id=8223"},"modified":"2024-02-16T11:30:12","modified_gmt":"2024-02-16T11:30:12","slug":"bouw","status":"publish","type":"page","link":"https:\/\/riwal-wpn.acceptatie.indicia-interactiv.nl\/nl\/expertise\/sectoren\/bouw\/","title":{"rendered":"Bouw"},"content":{"rendered":"<div class=\"rental-wp-default-block rental-theme-block-default-margin\">\n\t\t\t\t\t\t\t\t<div class=\"container\">\n<div class=\"wp-block-rental-theme-title-text rental-theme-block-default-margin\">\n\t<div class=\"wp-block-rental-theme-title-text__container\">\n\t\t<div class=\"wp-block-rental-theme-title-text__wrapper\">\n\t\t\t<h1 class='wp-block-rental-theme-title-text__title'>Veilig werken op hoogte, de perfecte hoogwerkers voor in de bouw<\/h1>\t\t<\/div>\n\t\t<div class='wp-block-rental-theme-title-text__text'>\n\n<p>Riwal heeft jarenlange ervaring in de bouwsector en biedt voor ieder bouwproject de juiste oplossing. Wij zijn een totaalleverancier van hoogwerkers, verreikers en heftrucks. Zo vind je bij ons alles onder \u00e9\u00e9n dak, waardoor je met \u00e9\u00e9n leverancier kunt werken en de transportbeweging op jouw bouwproject minimaal houdt.<\/p>\n\n\n\n<p>Ruim assortiment specialistische machines voor de bouw, zoals ruwterrein- en rupshoogwerkers. Riwal kan je adviseren tijdens de planning van het bouwproject en zelfs een on-site machinedepot leveren, waardoor je tijdig de juiste machine voorhanden hebt en kosten bespaart op transport.<br><br>We bieden verschillende maatwerkoplossingen, zoals 230V aansluiting, verlichting, extra brede werkbak en een hijsjib op verreikers. Wij komen graag langs voor een werkopname en voorzien jou van passend advies.<\/p>\n\n\n\n<p>Wij bieden een breed scala aan gespecialiseerde apparatuur voor uw unieke constructiebehoeften (bijvoorbeeld 230 volt aansluitpunten, speciale verlichting, extra brede manden of jibs op verreikers). We kunnen een machinepark op locatie opzetten om de toegang tot de apparatuur te vergemakkelijken en het onderhoud effici\u00ebnter uit te voeren. We bezoeken jouw bouwlocatie en bieden directe begeleiding om de beste machines voor jouw project te vinden.<\/p>\n\n\n\n<p><\/p>\n\n\n\n<p><\/p>\n\n\n\n<p><\/p>\n\n\n\n<p><\/p>\n\n<\/div>\n\t<\/div>\n<\/div><\/div>\n\t\t\t\t\t\t\t<\/div> \n\n<div class=\"wp-block-rental-theme-featured rental-theme-block-default-padding\">\n\t<div class=\"container\">\n\t\t<div class=\"wp-block-rental-theme-featured-container\">\n\t\t\t<div class=\"wp-block-rental-theme-featured__image\">\n\t\t\t\t<div class=\"wp-block-rental-theme-featured-image-container\">\n\t\t\t\t\t\t\t\t\t\t\t<div class=\"main-image\">\n\t\t\t\t\t\t\t<img loading=\"lazy\" decoding=\"async\" width=\"620\" height=\"414\" src=\"https:\/\/riwal-wpn.acceptatie.indicia-interactiv.nl\/app\/uploads\/sites\/7\/2023\/11\/RWL-1024x683-Systabo-620x414.jpg\" class=\"attachment-featured_block_image size-featured_block_image\" alt=\"\" srcset=\"https:\/\/riwal-wpn.acceptatie.indicia-interactiv.nl\/app\/uploads\/sites\/7\/2023\/11\/RWL-1024x683-Systabo-620x414.jpg 620w, https:\/\/riwal-wpn.acceptatie.indicia-interactiv.nl\/app\/uploads\/sites\/7\/2023\/11\/RWL-1024x683-Systabo-300x200.jpg 300w, https:\/\/riwal-wpn.acceptatie.indicia-interactiv.nl\/app\/uploads\/sites\/7\/2023\/11\/RWL-1024x683-Systabo-768x512.jpg 768w, https:\/\/riwal-wpn.acceptatie.indicia-interactiv.nl\/app\/uploads\/sites\/7\/2023\/11\/RWL-1024x683-Systabo-178x119.jpg 178w, https:\/\/riwal-wpn.acceptatie.indicia-interactiv.nl\/app\/uploads\/sites\/7\/2023\/11\/RWL-1024x683-Systabo-390x260.jpg 390w, https:\/\/riwal-wpn.acceptatie.indicia-interactiv.nl\/app\/uploads\/sites\/7\/2023\/11\/RWL-1024x683-Systabo-830x554.jpg 830w, https:\/\/riwal-wpn.acceptatie.indicia-interactiv.nl\/app\/uploads\/sites\/7\/2023\/11\/RWL-1024x683-Systabo-250x167.jpg 250w, https:\/\/riwal-wpn.acceptatie.indicia-interactiv.nl\/app\/uploads\/sites\/7\/2023\/11\/RWL-1024x683-Systabo-237x158.jpg 237w, https:\/\/riwal-wpn.acceptatie.indicia-interactiv.nl\/app\/uploads\/sites\/7\/2023\/11\/RWL-1024x683-Systabo-474x316.jpg 474w, https:\/\/riwal-wpn.acceptatie.indicia-interactiv.nl\/app\/uploads\/sites\/7\/2023\/11\/RWL-1024x683-Systabo.jpg 1024w\" sizes=\"auto, (max-width: 620px) 100vw, 620px\" \/>\t\t\t\t\t\t<\/div>\n\t\t\t\t\t\t\t\t\t\t<div class=\"wp-block-rental-theme-featured-image-container__subtext\">\n\t\t\t\t\t\t BOUW SECTOR\t\t\t\t\t<\/div>\n\t\t\t\t<\/div>\n\t\t\t<\/div>\n\t\t\t<div class=\"wp-block-rental-theme-featured-content\">\n\t\t\t\t<div>\n\t\t\t\t\t<h2 class=\"wp-block-rental-theme-featured-title\">Oplossingen op maat<\/h2>\n\t\t\t\t\t<div class=\"wp-block-rental-theme-featured-text\">\n\n<p>We kunnen dieselaangedreven machines ombouwen tot elektrische machines voor gebruik binnen. <\/p>\n\n\n\n<p><br><strong>Veel gehuurde machines<\/strong><br>JLG 800AJ knikarmhoogwerker<br>JLG 460SJ telescoophoogwerker<br>JLG 3394RT schaarhoogwerker<br>JLG 3614RS verreiker <\/p>\n\n\n\n<p><br><strong>Kwaliteit en veiligheid<\/strong><\/p>\n\n\n\n<p>Veiligheid is een van onze kernwaarden bij Riwal. We houden ons aan de hoogste veiligheidsnormen, met onberispelijk onderhouden kwaliteitsmachines van de toonaangevende merken in de industrie, zoals JLG. Machines worden voor elke levering ge\u00efnspecteerd en gecertificeerd volgens de lokale voorschriften. We hebben trainingscentra voor aangepaste training van machinisten en kunnen onze training op uw locatie geven, in meerdere talen. We zijn ook ISO- en VCA-gecertificeerd (Veiligheidscertificaat voor Aannemers).<\/p>\n\n<\/div>\n\t\t\t\t<\/div>\n\t\t\t<\/div>\n\t\t<\/div>\n\t<\/div>\n<\/div>\n\n\n<div class=\"rental-wp-default-block rental-theme-block-default-margin\">\n\t\t\t\t\t\t\t\t<div class=\"container\">\n<div class=\"wp-block-columns is-layout-flex wp-container-core-columns-is-layout-28f84493 wp-block-columns-is-layout-flex\">\n<div class=\"wp-block-column is-layout-flow wp-block-column-is-layout-flow\" style=\"flex-basis:33.33%\">\n<figure class=\"wp-block-image size-full is-resized\"><img loading=\"lazy\" decoding=\"async\" width=\"1024\" height=\"683\" src=\"https:\/\/riwal-wpn.acceptatie.indicia-interactiv.nl\/app\/uploads\/sites\/7\/2023\/11\/RWL-1024x683-huurvloot.jpg\" alt=\"\" class=\"wp-image-7750\" style=\"width:382px;height:auto\" srcset=\"https:\/\/riwal-wpn.acceptatie.indicia-interactiv.nl\/app\/uploads\/sites\/7\/2023\/11\/RWL-1024x683-huurvloot.jpg 1024w, https:\/\/riwal-wpn.acceptatie.indicia-interactiv.nl\/app\/uploads\/sites\/7\/2023\/11\/RWL-1024x683-huurvloot-300x200.jpg 300w, https:\/\/riwal-wpn.acceptatie.indicia-interactiv.nl\/app\/uploads\/sites\/7\/2023\/11\/RWL-1024x683-huurvloot-768x512.jpg 768w, https:\/\/riwal-wpn.acceptatie.indicia-interactiv.nl\/app\/uploads\/sites\/7\/2023\/11\/RWL-1024x683-huurvloot-178x119.jpg 178w, https:\/\/riwal-wpn.acceptatie.indicia-interactiv.nl\/app\/uploads\/sites\/7\/2023\/11\/RWL-1024x683-huurvloot-390x260.jpg 390w, https:\/\/riwal-wpn.acceptatie.indicia-interactiv.nl\/app\/uploads\/sites\/7\/2023\/11\/RWL-1024x683-huurvloot-830x554.jpg 830w, https:\/\/riwal-wpn.acceptatie.indicia-interactiv.nl\/app\/uploads\/sites\/7\/2023\/11\/RWL-1024x683-huurvloot-250x167.jpg 250w, https:\/\/riwal-wpn.acceptatie.indicia-interactiv.nl\/app\/uploads\/sites\/7\/2023\/11\/RWL-1024x683-huurvloot-620x414.jpg 620w, https:\/\/riwal-wpn.acceptatie.indicia-interactiv.nl\/app\/uploads\/sites\/7\/2023\/11\/RWL-1024x683-huurvloot-237x158.jpg 237w, https:\/\/riwal-wpn.acceptatie.indicia-interactiv.nl\/app\/uploads\/sites\/7\/2023\/11\/RWL-1024x683-huurvloot-474x316.jpg 474w\" sizes=\"auto, (max-width: 1024px) 100vw, 1024px\" \/><\/figure>\n<\/div>\n\n\n\n<div class=\"wp-block-column is-layout-flow wp-block-column-is-layout-flow\" style=\"flex-basis:66.66%\">\n<h2 class=\"wp-block-heading\" id=\"h-veilig-werken-op-hoogte\">Veilig werken op hoogte<\/h2>\n\n\n\n<p>Riwal verzorgt opleidingen op hoog niveau. Tijdens deze opleidingen leer je de machines waar je dagelijks mee werkt optimaal te bedienen. Onze instructeurs zijn expert in veilig, ergonomisch en effici\u00ebnt werken op hoogte. Jaarlijks leiden we meer dan 2.000 cursisten op tot vakkundige bedieners. Als je de opleiding correct afrondt ontvang jij het waardevolle IPAF of SOG  certificaat. Hiermee kunt je aantonen dat je voldoet aan de wettelijke verplichting van deskundigheid. Belangrijker nog, u weet precies hoe u uw werkzaamheden zo effici\u00ebnt mogelijk en op een veilige manier kunt uitvoeren.<\/p>\n\n\n\n<div class=\"wp-block-buttons is-content-justification-right is-layout-flex wp-container-core-buttons-is-layout-d445cf74 wp-block-buttons-is-layout-flex\">\n<div class=\"wp-block-button\"><a class=\"wp-block-button__link wp-element-button\" href=\"https:\/\/riwal-wpn.acceptatie.indicia-interactiv.nl\/nl\/opleidingen\/\">Bekijk onze opleidingen<\/a><\/div>\n<\/div>\n<\/div>\n<\/div>\n<\/div>\n\t\t\t\t\t\t\t<\/div> ","protected":false},"excerpt":{"rendered":"<p>Veilig werken op hoogte Riwal verzorgt opleidingen op hoog niveau. Tijdens deze opleidingen leer je de machines waar je dagelijks mee werkt optimaal te bedienen. Onze instructeurs zijn expert in veilig, ergonomisch en effici\u00ebnt werken op hoogte. Jaarlijks leiden we meer dan 2.000 cursisten op tot vakkundige bedieners. Als je de opleiding correct afrondt ontvang &hellip; <a href=\"https:\/\/riwal-wpn.acceptatie.indicia-interactiv.nl\/nl\/expertise\/sectoren\/bouw\/\">Verder<\/a><\/p>\n","protected":false},"author":50,"featured_media":0,"parent":8172,"menu_order":2,"comment_status":"closed","ping_status":"closed","template":"","meta":{"_acf_changed":false,"editor_notices":[],"footnotes":""},"class_list":["post-8223","page","type-page","status-publish","hentry"],"acf":[],"yoast_head":"<!-- This site is optimized with the Yoast SEO Premium plugin v27.1 (Yoast SEO v27.1.1) - https:\/\/yoast.com\/product\/yoast-seo-premium-wordpress\/ -->\n<title>Bouw - Riwal Nederland<\/title>\n<meta name=\"robots\" content=\"noindex, follow, max-snippet:-1, max-image-preview:large, max-video-preview:-1\" \/>\n<meta property=\"og:locale\" content=\"nl_NL\" \/>\n<meta property=\"og:type\" content=\"article\" \/>\n<meta property=\"og:title\" content=\"Bouw\" \/>\n<meta property=\"og:description\" content=\"Veilig werken op hoogte Riwal verzorgt opleidingen op hoog niveau. Tijdens deze opleidingen leer je de machines waar je dagelijks mee werkt optimaal te bedienen. Onze instructeurs zijn expert in veilig, ergonomisch en effici\u00ebnt werken op hoogte. Jaarlijks leiden we meer dan 2.000 cursisten op tot vakkundige bedieners. Als je de opleiding correct afrondt ontvang &hellip; Verder\" \/>\n<meta property=\"og:url\" content=\"https:\/\/riwal-wpn.acceptatie.indicia-interactiv.nl\/nl\/expertise\/sectoren\/bouw\/\" \/>\n<meta property=\"og:site_name\" content=\"Riwal Nederland\" \/>\n<meta property=\"article:modified_time\" content=\"2024-02-16T11:30:12+00:00\" \/>\n<meta property=\"og:image\" content=\"https:\/\/riwal-wpn.acceptatie.indicia-interactiv.nl\/app\/uploads\/sites\/7\/2023\/11\/RWL-1024x683-huurvloot.jpg\" \/>\n<meta name=\"twitter:card\" content=\"summary_large_image\" \/>\n<meta name=\"twitter:label1\" content=\"Geschatte leestijd\" \/>\n\t<meta name=\"twitter:data1\" content=\"3 minuten\" \/>\n<script type=\"application\/ld+json\" class=\"yoast-schema-graph\">{\"@context\":\"https:\/\/schema.org\",\"@graph\":[{\"@type\":\"WebPage\",\"@id\":\"https:\/\/riwal-wpn.acceptatie.indicia-interactiv.nl\/nl\/expertise\/sectoren\/bouw\/\",\"url\":\"https:\/\/riwal-wpn.acceptatie.indicia-interactiv.nl\/nl\/expertise\/sectoren\/bouw\/\",\"name\":\"Bouw - Riwal Nederland\",\"isPartOf\":{\"@id\":\"https:\/\/riwal-wpn.acceptatie.indicia-interactiv.nl\/nl\/#website\"},\"primaryImageOfPage\":{\"@id\":\"https:\/\/riwal-wpn.acceptatie.indicia-interactiv.nl\/nl\/expertise\/sectoren\/bouw\/#primaryimage\"},\"image\":{\"@id\":\"https:\/\/riwal-wpn.acceptatie.indicia-interactiv.nl\/nl\/expertise\/sectoren\/bouw\/#primaryimage\"},\"thumbnailUrl\":\"https:\/\/riwal-wpn.acceptatie.indicia-interactiv.nl\/app\/uploads\/sites\/7\/2023\/11\/RWL-1024x683-huurvloot.jpg\",\"datePublished\":\"2023-11-30T11:06:09+00:00\",\"dateModified\":\"2024-02-16T11:30:12+00:00\",\"breadcrumb\":{\"@id\":\"https:\/\/riwal-wpn.acceptatie.indicia-interactiv.nl\/nl\/expertise\/sectoren\/bouw\/#breadcrumb\"},\"inLanguage\":\"nl-NL\",\"potentialAction\":[{\"@type\":\"ReadAction\",\"target\":[\"https:\/\/riwal-wpn.acceptatie.indicia-interactiv.nl\/nl\/expertise\/sectoren\/bouw\/\"]}]},{\"@type\":\"ImageObject\",\"inLanguage\":\"nl-NL\",\"@id\":\"https:\/\/riwal-wpn.acceptatie.indicia-interactiv.nl\/nl\/expertise\/sectoren\/bouw\/#primaryimage\",\"url\":\"https:\/\/riwal-wpn.acceptatie.indicia-interactiv.nl\/app\/uploads\/sites\/7\/2023\/11\/RWL-1024x683-huurvloot.jpg\",\"contentUrl\":\"https:\/\/riwal-wpn.acceptatie.indicia-interactiv.nl\/app\/uploads\/sites\/7\/2023\/11\/RWL-1024x683-huurvloot.jpg\"},{\"@type\":\"BreadcrumbList\",\"@id\":\"https:\/\/riwal-wpn.acceptatie.indicia-interactiv.nl\/nl\/expertise\/sectoren\/bouw\/#breadcrumb\",\"itemListElement\":[{\"@type\":\"ListItem\",\"position\":1,\"name\":\"Homepage\",\"item\":\"https:\/\/riwal-wpn.acceptatie.indicia-interactiv.nl\/nl\/\"},{\"@type\":\"ListItem\",\"position\":2,\"name\":\"Expertise\",\"item\":\"https:\/\/riwal-wpn.acceptatie.indicia-interactiv.nl\/nl\/expertise\/\"},{\"@type\":\"ListItem\",\"position\":3,\"name\":\"Sectoren\",\"item\":\"https:\/\/riwal-wpn.acceptatie.indicia-interactiv.nl\/nl\/expertise\/sectoren\/\"},{\"@type\":\"ListItem\",\"position\":4,\"name\":\"Bouw\"}]},{\"@type\":\"WebSite\",\"@id\":\"https:\/\/riwal-wpn.acceptatie.indicia-interactiv.nl\/nl\/#website\",\"url\":\"https:\/\/riwal-wpn.acceptatie.indicia-interactiv.nl\/nl\/\",\"name\":\"Riwal\",\"description\":\"Hoogwerker verhuur en verkoop\",\"publisher\":{\"@id\":\"https:\/\/riwal-wpn.acceptatie.indicia-interactiv.nl\/nl\/#organization\"},\"potentialAction\":[{\"@type\":\"SearchAction\",\"target\":{\"@type\":\"EntryPoint\",\"urlTemplate\":\"https:\/\/riwal-wpn.acceptatie.indicia-interactiv.nl\/nl\/?s={search_term_string}\"},\"query-input\":{\"@type\":\"PropertyValueSpecification\",\"valueRequired\":true,\"valueName\":\"search_term_string\"}}],\"inLanguage\":\"nl-NL\"},{\"@type\":\"Organization\",\"@id\":\"https:\/\/riwal-wpn.acceptatie.indicia-interactiv.nl\/nl\/#organization\",\"name\":\"Riwal\",\"url\":\"https:\/\/riwal-wpn.acceptatie.indicia-interactiv.nl\/nl\/\",\"logo\":{\"@type\":\"ImageObject\",\"inLanguage\":\"nl-NL\",\"@id\":\"https:\/\/riwal-wpn.acceptatie.indicia-interactiv.nl\/nl\/#\/schema\/logo\/image\/\",\"url\":\"\",\"contentUrl\":\"\",\"caption\":\"Riwal\"},\"image\":{\"@id\":\"https:\/\/riwal-wpn.acceptatie.indicia-interactiv.nl\/nl\/#\/schema\/logo\/image\/\"}}]}<\/script>\n<!-- \/ Yoast SEO Premium plugin. -->","yoast_head_json":{"title":"Bouw - Riwal Nederland","robots":{"index":"noindex","follow":"follow","max-snippet":"max-snippet:-1","max-image-preview":"max-image-preview:large","max-video-preview":"max-video-preview:-1"},"og_locale":"nl_NL","og_type":"article","og_title":"Bouw","og_description":"Veilig werken op hoogte Riwal verzorgt opleidingen op hoog niveau. Tijdens deze opleidingen leer je de machines waar je dagelijks mee werkt optimaal te bedienen. Onze instructeurs zijn expert in veilig, ergonomisch en effici\u00ebnt werken op hoogte. Jaarlijks leiden we meer dan 2.000 cursisten op tot vakkundige bedieners. Als je de opleiding correct afrondt ontvang &hellip; Verder","og_url":"https:\/\/riwal-wpn.acceptatie.indicia-interactiv.nl\/nl\/expertise\/sectoren\/bouw\/","og_site_name":"Riwal Nederland","article_modified_time":"2024-02-16T11:30:12+00:00","og_image":[{"url":"https:\/\/riwal-wpn.acceptatie.indicia-interactiv.nl\/app\/uploads\/sites\/7\/2023\/11\/RWL-1024x683-huurvloot.jpg","type":"","width":"","height":""}],"twitter_card":"summary_large_image","twitter_misc":{"Geschatte leestijd":"3 minuten"},"schema":{"@context":"https:\/\/schema.org","@graph":[{"@type":"WebPage","@id":"https:\/\/riwal-wpn.acceptatie.indicia-interactiv.nl\/nl\/expertise\/sectoren\/bouw\/","url":"https:\/\/riwal-wpn.acceptatie.indicia-interactiv.nl\/nl\/expertise\/sectoren\/bouw\/","name":"Bouw - Riwal Nederland","isPartOf":{"@id":"https:\/\/riwal-wpn.acceptatie.indicia-interactiv.nl\/nl\/#website"},"primaryImageOfPage":{"@id":"https:\/\/riwal-wpn.acceptatie.indicia-interactiv.nl\/nl\/expertise\/sectoren\/bouw\/#primaryimage"},"image":{"@id":"https:\/\/riwal-wpn.acceptatie.indicia-interactiv.nl\/nl\/expertise\/sectoren\/bouw\/#primaryimage"},"thumbnailUrl":"https:\/\/riwal-wpn.acceptatie.indicia-interactiv.nl\/app\/uploads\/sites\/7\/2023\/11\/RWL-1024x683-huurvloot.jpg","datePublished":"2023-11-30T11:06:09+00:00","dateModified":"2024-02-16T11:30:12+00:00","breadcrumb":{"@id":"https:\/\/riwal-wpn.acceptatie.indicia-interactiv.nl\/nl\/expertise\/sectoren\/bouw\/#breadcrumb"},"inLanguage":"nl-NL","potentialAction":[{"@type":"ReadAction","target":["https:\/\/riwal-wpn.acceptatie.indicia-interactiv.nl\/nl\/expertise\/sectoren\/bouw\/"]}]},{"@type":"ImageObject","inLanguage":"nl-NL","@id":"https:\/\/riwal-wpn.acceptatie.indicia-interactiv.nl\/nl\/expertise\/sectoren\/bouw\/#primaryimage","url":"https:\/\/riwal-wpn.acceptatie.indicia-interactiv.nl\/app\/uploads\/sites\/7\/2023\/11\/RWL-1024x683-huurvloot.jpg","contentUrl":"https:\/\/riwal-wpn.acceptatie.indicia-interactiv.nl\/app\/uploads\/sites\/7\/2023\/11\/RWL-1024x683-huurvloot.jpg"},{"@type":"BreadcrumbList","@id":"https:\/\/riwal-wpn.acceptatie.indicia-interactiv.nl\/nl\/expertise\/sectoren\/bouw\/#breadcrumb","itemListElement":[{"@type":"ListItem","position":1,"name":"Homepage","item":"https:\/\/riwal-wpn.acceptatie.indicia-interactiv.nl\/nl\/"},{"@type":"ListItem","position":2,"name":"Expertise","item":"https:\/\/riwal-wpn.acceptatie.indicia-interactiv.nl\/nl\/expertise\/"},{"@type":"ListItem","position":3,"name":"Sectoren","item":"https:\/\/riwal-wpn.acceptatie.indicia-interactiv.nl\/nl\/expertise\/sectoren\/"},{"@type":"ListItem","position":4,"name":"Bouw"}]},{"@type":"WebSite","@id":"https:\/\/riwal-wpn.acceptatie.indicia-interactiv.nl\/nl\/#website","url":"https:\/\/riwal-wpn.acceptatie.indicia-interactiv.nl\/nl\/","name":"Riwal","description":"Hoogwerker verhuur en verkoop","publisher":{"@id":"https:\/\/riwal-wpn.acceptatie.indicia-interactiv.nl\/nl\/#organization"},"potentialAction":[{"@type":"SearchAction","target":{"@type":"EntryPoint","urlTemplate":"https:\/\/riwal-wpn.acceptatie.indicia-interactiv.nl\/nl\/?s={search_term_string}"},"query-input":{"@type":"PropertyValueSpecification","valueRequired":true,"valueName":"search_term_string"}}],"inLanguage":"nl-NL"},{"@type":"Organization","@id":"https:\/\/riwal-wpn.acceptatie.indicia-interactiv.nl\/nl\/#organization","name":"Riwal","url":"https:\/\/riwal-wpn.acceptatie.indicia-interactiv.nl\/nl\/","logo":{"@type":"ImageObject","inLanguage":"nl-NL","@id":"https:\/\/riwal-wpn.acceptatie.indicia-interactiv.nl\/nl\/#\/schema\/logo\/image\/","url":"","contentUrl":"","caption":"Riwal"},"image":{"@id":"https:\/\/riwal-wpn.acceptatie.indicia-interactiv.nl\/nl\/#\/schema\/logo\/image\/"}}]}},"_links":{"self":[{"href":"https:\/\/riwal-wpn.acceptatie.indicia-interactiv.nl\/nl\/wp-json\/wp\/v2\/pages\/8223","targetHints":{"allow":["GET"]}}],"collection":[{"href":"https:\/\/riwal-wpn.acceptatie.indicia-interactiv.nl\/nl\/wp-json\/wp\/v2\/pages"}],"about":[{"href":"https:\/\/riwal-wpn.acceptatie.indicia-interactiv.nl\/nl\/wp-json\/wp\/v2\/types\/page"}],"author":[{"embeddable":true,"href":"https:\/\/riwal-wpn.acceptatie.indicia-interactiv.nl\/nl\/wp-json\/wp\/v2\/users\/50"}],"replies":[{"embeddable":true,"href":"https:\/\/riwal-wpn.acceptatie.indicia-interactiv.nl\/nl\/wp-json\/wp\/v2\/comments?post=8223"}],"version-history":[{"count":10,"href":"https:\/\/riwal-wpn.acceptatie.indicia-interactiv.nl\/nl\/wp-json\/wp\/v2\/pages\/8223\/revisions"}],"predecessor-version":[{"id":13060,"href":"https:\/\/riwal-wpn.acceptatie.indicia-interactiv.nl\/nl\/wp-json\/wp\/v2\/pages\/8223\/revisions\/13060"}],"up":[{"embeddable":true,"href":"https:\/\/riwal-wpn.acceptatie.indicia-interactiv.nl\/nl\/wp-json\/wp\/v2\/pages\/8172"}],"wp:attachment":[{"href":"https:\/\/riwal-wpn.acceptatie.indicia-interactiv.nl\/nl\/wp-json\/wp\/v2\/media?parent=8223"}],"curies":[{"name":"wp","href":"https:\/\/api.w.org\/{rel}","templated":true}]}}