{"id":3022,"date":"2023-09-18T12:49:08","date_gmt":"2023-09-18T12:49:08","guid":{"rendered":"https:\/\/riwal-wpn.acceptatie.indicia-interactiv.nl\/no\/?page_id=3022"},"modified":"2024-02-03T14:54:00","modified_gmt":"2024-02-03T14:54:00","slug":"sikkerhet-fremfor-alt-riwal","status":"publish","type":"page","link":"https:\/\/riwal-wpn.acceptatie.indicia-interactiv.nl\/no\/sikkerhet-fremfor-alt-riwal\/","title":{"rendered":"Sikkerhet"},"content":{"rendered":"<div class=\"rental-wp-default-block rental-theme-block-default-margin\">\n\t\t\t\t\t\t\t\t<div class=\"container\">\n<div class=\"wp-block-rental-theme-title-text rental-theme-block-default-margin\">\n\t<div class=\"wp-block-rental-theme-title-text__container\">\n\t\t<div class=\"wp-block-rental-theme-title-text__wrapper\">\n\t\t\t\t\t<\/div>\n\t\t<div class='wp-block-rental-theme-title-text__text'>\n\n<h1 class=\"wp-block-heading\" id=\"h-sikkerhet-fremfor-alt\">Sikkerhet fremfor alt<\/h1>\n\n\n\n<p>I v\u00e5r bransje er sikkerheten absolutt avgj\u00f8rende. \u2013 faktisk er dette v\u00e5rt viktigste produkt. Vi leverer trygg tilgang og vi kommer aldri til \u00e5 inng\u00e5 kompromiss n\u00e5r det gjelder sikkerhet, fordi sikkerhet er en av v\u00e5re kjerneverdier. I praksis betyr dette trygt utstyr, trygge prosesser, kunnskapen og vissheten som kommer fra oppl\u00e6ring og en innebygd sikkerhetskultur.<\/p>\n\n\n\n<p><strong>Trygt utstyr<\/strong><\/p>\n\n\n\n<p>Trygt utstyr begynner med kvalitetsutstyr og profesjonelt vedlikehold. Hver gang utstyr leveres tilbake til et av v\u00e5re depot, sjekkes det fra topp til bunn og om n\u00f8dvendig blir vedlikehold utf\u00f8rt. Alt utstyr er ogs\u00e5 inspisert og godkjent \u00e5rlig.<\/p>\n\n\n\n<p><strong>Trygge fremgangsm\u00e5ter<\/strong><\/p>\n\n\n\n<p>Vi sikrer trygge fremgangsm\u00e5ter i hvert trinn ved \u00e5 overholde OHSAS 18001-standarden som er den internasjonale standarden for helse- og sikkerhetsstyring. Med v\u00e5r OHSAS 18001-sertifisering, kan vi forsikre kundene v\u00e5re om at vi har et altomfattende system p\u00e5 plass for \u00e5 redusere risikoene for uhell til et absolutt minimum.<\/p>\n\n<\/div>\n\t<\/div>\n<\/div><\/div>\n\t\t\t\t\t\t\t<\/div> \n\n<div class=\"container\">\n<h2 class=\"wp-block-heading\" id=\"h-en-sikkerhetskultur\">En sikkerhetskultur<\/h2>\n<\/div>\n\n<div class=\"container\">\n<p>Trygt utstyr og trygge fremgangsm\u00e5ter er \u00e9n ting, men det er ikke nok uten kunnskap og en sikkerhetskultur. Derfor gir vi oppl\u00e6ring til v\u00e5re egne medarbeidere, samt tilbyr oppl\u00e6ring til andre for \u00e5 sikre trygg drift av utstyret v\u00e5rt. I tilfeller der lokale sikkerhetsforskrifter krever egne sertifikater, s\u00f8rger vi for at alle medarbeidere og veiledere har fullf\u00f8rt den n\u00f8dvendige oppl\u00e6ringen og er i samsvar med de lokale forskriftene.<\/p>\n<\/div>\n\n<div class=\"container\">\n<p>Alle m\u00f8ter med v\u00e5re ansatte i alle v\u00e5re nesten 60 depot begynner med sikkerhet. Hver uke tar n\u00f8kkelpersonell en \u00absikkerhetsrunde\u00bb rundt depotet for \u00e5 se etter risiko. Alle v\u00e5re ansatte oppfordres til \u00e5 komme med forslag til forbedring n\u00e5r de ser noe som kan utgj\u00f8re en sikkerhetsrisiko. Alle problemer og hendelser registreres p\u00e5 v\u00e5r \u00abForbedringstavle\u00bb \u2013 og tiltak settes i gang. V\u00e5rt m\u00e5l er ingen uhell eller hendelser, og vi jobber hardt for \u00e5 oppn\u00e5 det med en proaktiv tiln\u00e6rming til sikkerhet.<\/p>\n<\/div>\n\n<div class=\"container\">\n<p><strong>Sertifisert for sikkerhet og kvalitet:<\/strong><\/p>\n<\/div>\n\n<div class=\"container\">\n<p>OHSAS 18001-standard for yrkesmessig helse- og sikkerhetsstyring<br>ISO 9001 for kvalitet<br>VCA (sikkerhetssertifikat for entrepen\u00f8rer) i Nederland<\/p>\n<\/div>\n\n<div class=\"wp-block-rental-theme-featured rental-theme-block-default-padding\">\n\t<div class=\"container\">\n\t\t<div class=\"wp-block-rental-theme-featured-container\">\n\t\t\t<div class=\"wp-block-rental-theme-featured__image\">\n\t\t\t\t<div class=\"wp-block-rental-theme-featured-image-container\">\n\t\t\t\t\t\t\t\t\t\t\t<div class=\"main-image\">\n\t\t\t\t\t\t\t<img loading=\"lazy\" decoding=\"async\" width=\"620\" height=\"413\" src=\"https:\/\/riwal-wpn.acceptatie.indicia-interactiv.nl\/app\/uploads\/sites\/12\/2023\/06\/riwal-aerial-work-platform-rental-sales-67-scaled.webp\" class=\"attachment-featured_block_image size-featured_block_image\" alt=\"\" srcset=\"https:\/\/riwal-wpn.acceptatie.indicia-interactiv.nl\/app\/uploads\/sites\/12\/2023\/06\/riwal-aerial-work-platform-rental-sales-67-scaled.webp 2560w, https:\/\/riwal-wpn.acceptatie.indicia-interactiv.nl\/app\/uploads\/sites\/12\/2023\/06\/riwal-aerial-work-platform-rental-sales-67-2048x1365.webp 2048w, https:\/\/riwal-wpn.acceptatie.indicia-interactiv.nl\/app\/uploads\/sites\/12\/2023\/06\/riwal-aerial-work-platform-rental-sales-67-1388x925.webp 1388w, https:\/\/riwal-wpn.acceptatie.indicia-interactiv.nl\/app\/uploads\/sites\/12\/2023\/06\/riwal-aerial-work-platform-rental-sales-67-830x553.webp 830w, https:\/\/riwal-wpn.acceptatie.indicia-interactiv.nl\/app\/uploads\/sites\/12\/2023\/06\/riwal-aerial-work-platform-rental-sales-67-250x167.webp 250w, https:\/\/riwal-wpn.acceptatie.indicia-interactiv.nl\/app\/uploads\/sites\/12\/2023\/06\/riwal-aerial-work-platform-rental-sales-67-300x200.webp 300w, https:\/\/riwal-wpn.acceptatie.indicia-interactiv.nl\/app\/uploads\/sites\/12\/2023\/06\/riwal-aerial-work-platform-rental-sales-67-768x512.webp 768w, https:\/\/riwal-wpn.acceptatie.indicia-interactiv.nl\/app\/uploads\/sites\/12\/2023\/06\/riwal-aerial-work-platform-rental-sales-67-1024x683.webp 1024w, https:\/\/riwal-wpn.acceptatie.indicia-interactiv.nl\/app\/uploads\/sites\/12\/2023\/06\/riwal-aerial-work-platform-rental-sales-67-1536x1024.webp 1536w, https:\/\/riwal-wpn.acceptatie.indicia-interactiv.nl\/app\/uploads\/sites\/12\/2023\/06\/riwal-aerial-work-platform-rental-sales-67-178x119.webp 178w, https:\/\/riwal-wpn.acceptatie.indicia-interactiv.nl\/app\/uploads\/sites\/12\/2023\/06\/riwal-aerial-work-platform-rental-sales-67-390x260.webp 390w\" sizes=\"auto, (max-width: 620px) 100vw, 620px\" \/>\t\t\t\t\t\t<\/div>\n\t\t\t\t\t\t\t\t\t\t<div class=\"wp-block-rental-theme-featured-image-container__subtext\">\n\t\t\t\t\t\tRiwal Norge Gjerdrum\t\t\t\t\t<\/div>\n\t\t\t\t<\/div>\n\t\t\t<\/div>\n\t\t\t<div class=\"wp-block-rental-theme-featured-content\">\n\t\t\t\t<div>\n\t\t\t\t\t<h2 class=\"wp-block-rental-theme-featured-title\">Trenger du ny JLG Lift?<\/h2>\n\t\t\t\t\t<div class=\"wp-block-rental-theme-featured-text\">\n\n<div class=\"wp-block-button\"><a class=\"wp-block-button__link wp-element-button\">Se v\u00e5re JLG maskiner her! <\/a><\/div>\n\n<\/div>\n\t\t\t\t<\/div>\n\t\t\t<\/div>\n\t\t<\/div>\n\t<\/div>\n<\/div>\n","protected":false},"excerpt":{"rendered":"<p>En sikkerhetskultur Trygt utstyr og trygge fremgangsm\u00e5ter er \u00e9n ting, men det er ikke nok uten kunnskap og en sikkerhetskultur. Derfor gir vi oppl\u00e6ring til v\u00e5re egne medarbeidere, samt tilbyr oppl\u00e6ring til andre for \u00e5 sikre trygg drift av utstyret v\u00e5rt. I tilfeller der lokale sikkerhetsforskrifter krever egne sertifikater, s\u00f8rger vi for at alle medarbeidere &hellip; <a href=\"https:\/\/riwal-wpn.acceptatie.indicia-interactiv.nl\/no\/sikkerhet-fremfor-alt-riwal\/\">Fortsettelse<\/a><\/p>\n","protected":false},"author":27,"featured_media":1076,"parent":0,"menu_order":0,"comment_status":"closed","ping_status":"closed","template":"","meta":{"_acf_changed":false,"editor_notices":[],"footnotes":""},"class_list":["post-3022","page","type-page","status-publish","has-post-thumbnail","hentry"],"acf":[],"yoast_head":"<!-- This site is optimized with the Yoast SEO Premium plugin v27.1 (Yoast SEO v27.1.1) - https:\/\/yoast.com\/product\/yoast-seo-premium-wordpress\/ -->\n<title>Sikkerhet - Riwal Norge<\/title>\n<meta name=\"description\" content=\"Meta beskrivelse: Hos Riwal er sikkerhet v\u00e5r h\u00f8yeste prioritet. Utforsk hvordan vi jobber proaktivt for \u00e5 sikre en risikofri opplevelse\" \/>\n<meta name=\"robots\" content=\"noindex, follow, max-snippet:-1, max-image-preview:large, max-video-preview:-1\" \/>\n<meta property=\"og:locale\" content=\"nn_NO\" \/>\n<meta property=\"og:type\" content=\"article\" \/>\n<meta property=\"og:title\" content=\"Sikkerhet\" \/>\n<meta property=\"og:description\" content=\"Meta beskrivelse: Hos Riwal er sikkerhet v\u00e5r h\u00f8yeste prioritet. Utforsk hvordan vi jobber proaktivt for \u00e5 sikre en risikofri opplevelse\" \/>\n<meta property=\"og:url\" content=\"https:\/\/riwal-wpn.acceptatie.indicia-interactiv.nl\/no\/sikkerhet-fremfor-alt-riwal\/\" \/>\n<meta property=\"og:site_name\" content=\"Riwal Norge\" \/>\n<meta property=\"article:modified_time\" content=\"2024-02-03T14:54:00+00:00\" \/>\n<meta property=\"og:image\" content=\"https:\/\/riwal-wpn.acceptatie.indicia-interactiv.nl\/app\/uploads\/sites\/12\/2023\/06\/riwal-aerial-work-platform-rental-sales-3-scaled.webp\" \/>\n\t<meta property=\"og:image:width\" content=\"2560\" \/>\n\t<meta property=\"og:image:height\" content=\"1707\" \/>\n\t<meta property=\"og:image:type\" content=\"image\/webp\" \/>\n<meta name=\"twitter:card\" content=\"summary_large_image\" \/>\n<meta name=\"twitter:label1\" content=\"Est. reading time\" \/>\n\t<meta name=\"twitter:data1\" content=\"2 minutt\" \/>\n<script type=\"application\/ld+json\" class=\"yoast-schema-graph\">{\"@context\":\"https:\/\/schema.org\",\"@graph\":[{\"@type\":\"WebPage\",\"@id\":\"https:\/\/riwal-wpn.acceptatie.indicia-interactiv.nl\/no\/sikkerhet-fremfor-alt-riwal\/\",\"url\":\"https:\/\/riwal-wpn.acceptatie.indicia-interactiv.nl\/no\/sikkerhet-fremfor-alt-riwal\/\",\"name\":\"Sikkerhet - Riwal Norge\",\"isPartOf\":{\"@id\":\"https:\/\/riwal-wpn.acceptatie.indicia-interactiv.nl\/no\/#website\"},\"primaryImageOfPage\":{\"@id\":\"https:\/\/riwal-wpn.acceptatie.indicia-interactiv.nl\/no\/sikkerhet-fremfor-alt-riwal\/#primaryimage\"},\"image\":{\"@id\":\"https:\/\/riwal-wpn.acceptatie.indicia-interactiv.nl\/no\/sikkerhet-fremfor-alt-riwal\/#primaryimage\"},\"thumbnailUrl\":\"https:\/\/riwal-wpn.acceptatie.indicia-interactiv.nl\/app\/uploads\/sites\/12\/2023\/06\/riwal-aerial-work-platform-rental-sales-3-scaled.webp\",\"datePublished\":\"2023-09-18T12:49:08+00:00\",\"dateModified\":\"2024-02-03T14:54:00+00:00\",\"description\":\"Meta beskrivelse: Hos Riwal er sikkerhet v\u00e5r h\u00f8yeste prioritet. Utforsk hvordan vi jobber proaktivt for \u00e5 sikre en risikofri opplevelse\",\"breadcrumb\":{\"@id\":\"https:\/\/riwal-wpn.acceptatie.indicia-interactiv.nl\/no\/sikkerhet-fremfor-alt-riwal\/#breadcrumb\"},\"inLanguage\":\"nn-NO\",\"potentialAction\":[{\"@type\":\"ReadAction\",\"target\":[\"https:\/\/riwal-wpn.acceptatie.indicia-interactiv.nl\/no\/sikkerhet-fremfor-alt-riwal\/\"]}]},{\"@type\":\"ImageObject\",\"inLanguage\":\"nn-NO\",\"@id\":\"https:\/\/riwal-wpn.acceptatie.indicia-interactiv.nl\/no\/sikkerhet-fremfor-alt-riwal\/#primaryimage\",\"url\":\"https:\/\/riwal-wpn.acceptatie.indicia-interactiv.nl\/app\/uploads\/sites\/12\/2023\/06\/riwal-aerial-work-platform-rental-sales-3-scaled.webp\",\"contentUrl\":\"https:\/\/riwal-wpn.acceptatie.indicia-interactiv.nl\/app\/uploads\/sites\/12\/2023\/06\/riwal-aerial-work-platform-rental-sales-3-scaled.webp\",\"width\":2560,\"height\":1707},{\"@type\":\"BreadcrumbList\",\"@id\":\"https:\/\/riwal-wpn.acceptatie.indicia-interactiv.nl\/no\/sikkerhet-fremfor-alt-riwal\/#breadcrumb\",\"itemListElement\":[{\"@type\":\"ListItem\",\"position\":1,\"name\":\"Hjem\",\"item\":\"https:\/\/riwal-wpn.acceptatie.indicia-interactiv.nl\/no\/\"},{\"@type\":\"ListItem\",\"position\":2,\"name\":\"Sikkerhet\"}]},{\"@type\":\"WebSite\",\"@id\":\"https:\/\/riwal-wpn.acceptatie.indicia-interactiv.nl\/no\/#website\",\"url\":\"https:\/\/riwal-wpn.acceptatie.indicia-interactiv.nl\/no\/\",\"name\":\"Riwal\",\"description\":\"JLG lifter til salgs\",\"publisher\":{\"@id\":\"https:\/\/riwal-wpn.acceptatie.indicia-interactiv.nl\/no\/#organization\"},\"potentialAction\":[{\"@type\":\"SearchAction\",\"target\":{\"@type\":\"EntryPoint\",\"urlTemplate\":\"https:\/\/riwal-wpn.acceptatie.indicia-interactiv.nl\/no\/?s={search_term_string}\"},\"query-input\":{\"@type\":\"PropertyValueSpecification\",\"valueRequired\":true,\"valueName\":\"search_term_string\"}}],\"inLanguage\":\"nn-NO\"},{\"@type\":\"Organization\",\"@id\":\"https:\/\/riwal-wpn.acceptatie.indicia-interactiv.nl\/no\/#organization\",\"name\":\"Riwal\",\"url\":\"https:\/\/riwal-wpn.acceptatie.indicia-interactiv.nl\/no\/\",\"logo\":{\"@type\":\"ImageObject\",\"inLanguage\":\"nn-NO\",\"@id\":\"https:\/\/riwal-wpn.acceptatie.indicia-interactiv.nl\/no\/#\/schema\/logo\/image\/\",\"url\":\"\",\"contentUrl\":\"\",\"caption\":\"Riwal\"},\"image\":{\"@id\":\"https:\/\/riwal-wpn.acceptatie.indicia-interactiv.nl\/no\/#\/schema\/logo\/image\/\"}}]}<\/script>\n<!-- \/ Yoast SEO Premium plugin. -->","yoast_head_json":{"title":"Sikkerhet - Riwal Norge","description":"Meta beskrivelse: Hos Riwal er sikkerhet v\u00e5r h\u00f8yeste prioritet. Utforsk hvordan vi jobber proaktivt for \u00e5 sikre en risikofri opplevelse","robots":{"index":"noindex","follow":"follow","max-snippet":"max-snippet:-1","max-image-preview":"max-image-preview:large","max-video-preview":"max-video-preview:-1"},"og_locale":"nn_NO","og_type":"article","og_title":"Sikkerhet","og_description":"Meta beskrivelse: Hos Riwal er sikkerhet v\u00e5r h\u00f8yeste prioritet. Utforsk hvordan vi jobber proaktivt for \u00e5 sikre en risikofri opplevelse","og_url":"https:\/\/riwal-wpn.acceptatie.indicia-interactiv.nl\/no\/sikkerhet-fremfor-alt-riwal\/","og_site_name":"Riwal Norge","article_modified_time":"2024-02-03T14:54:00+00:00","og_image":[{"width":2560,"height":1707,"url":"https:\/\/riwal-wpn.acceptatie.indicia-interactiv.nl\/app\/uploads\/sites\/12\/2023\/06\/riwal-aerial-work-platform-rental-sales-3-scaled.webp","type":"image\/webp"}],"twitter_card":"summary_large_image","twitter_misc":{"Est. reading time":"2 minutt"},"schema":{"@context":"https:\/\/schema.org","@graph":[{"@type":"WebPage","@id":"https:\/\/riwal-wpn.acceptatie.indicia-interactiv.nl\/no\/sikkerhet-fremfor-alt-riwal\/","url":"https:\/\/riwal-wpn.acceptatie.indicia-interactiv.nl\/no\/sikkerhet-fremfor-alt-riwal\/","name":"Sikkerhet - Riwal Norge","isPartOf":{"@id":"https:\/\/riwal-wpn.acceptatie.indicia-interactiv.nl\/no\/#website"},"primaryImageOfPage":{"@id":"https:\/\/riwal-wpn.acceptatie.indicia-interactiv.nl\/no\/sikkerhet-fremfor-alt-riwal\/#primaryimage"},"image":{"@id":"https:\/\/riwal-wpn.acceptatie.indicia-interactiv.nl\/no\/sikkerhet-fremfor-alt-riwal\/#primaryimage"},"thumbnailUrl":"https:\/\/riwal-wpn.acceptatie.indicia-interactiv.nl\/app\/uploads\/sites\/12\/2023\/06\/riwal-aerial-work-platform-rental-sales-3-scaled.webp","datePublished":"2023-09-18T12:49:08+00:00","dateModified":"2024-02-03T14:54:00+00:00","description":"Meta beskrivelse: Hos Riwal er sikkerhet v\u00e5r h\u00f8yeste prioritet. Utforsk hvordan vi jobber proaktivt for \u00e5 sikre en risikofri opplevelse","breadcrumb":{"@id":"https:\/\/riwal-wpn.acceptatie.indicia-interactiv.nl\/no\/sikkerhet-fremfor-alt-riwal\/#breadcrumb"},"inLanguage":"nn-NO","potentialAction":[{"@type":"ReadAction","target":["https:\/\/riwal-wpn.acceptatie.indicia-interactiv.nl\/no\/sikkerhet-fremfor-alt-riwal\/"]}]},{"@type":"ImageObject","inLanguage":"nn-NO","@id":"https:\/\/riwal-wpn.acceptatie.indicia-interactiv.nl\/no\/sikkerhet-fremfor-alt-riwal\/#primaryimage","url":"https:\/\/riwal-wpn.acceptatie.indicia-interactiv.nl\/app\/uploads\/sites\/12\/2023\/06\/riwal-aerial-work-platform-rental-sales-3-scaled.webp","contentUrl":"https:\/\/riwal-wpn.acceptatie.indicia-interactiv.nl\/app\/uploads\/sites\/12\/2023\/06\/riwal-aerial-work-platform-rental-sales-3-scaled.webp","width":2560,"height":1707},{"@type":"BreadcrumbList","@id":"https:\/\/riwal-wpn.acceptatie.indicia-interactiv.nl\/no\/sikkerhet-fremfor-alt-riwal\/#breadcrumb","itemListElement":[{"@type":"ListItem","position":1,"name":"Hjem","item":"https:\/\/riwal-wpn.acceptatie.indicia-interactiv.nl\/no\/"},{"@type":"ListItem","position":2,"name":"Sikkerhet"}]},{"@type":"WebSite","@id":"https:\/\/riwal-wpn.acceptatie.indicia-interactiv.nl\/no\/#website","url":"https:\/\/riwal-wpn.acceptatie.indicia-interactiv.nl\/no\/","name":"Riwal","description":"JLG lifter til salgs","publisher":{"@id":"https:\/\/riwal-wpn.acceptatie.indicia-interactiv.nl\/no\/#organization"},"potentialAction":[{"@type":"SearchAction","target":{"@type":"EntryPoint","urlTemplate":"https:\/\/riwal-wpn.acceptatie.indicia-interactiv.nl\/no\/?s={search_term_string}"},"query-input":{"@type":"PropertyValueSpecification","valueRequired":true,"valueName":"search_term_string"}}],"inLanguage":"nn-NO"},{"@type":"Organization","@id":"https:\/\/riwal-wpn.acceptatie.indicia-interactiv.nl\/no\/#organization","name":"Riwal","url":"https:\/\/riwal-wpn.acceptatie.indicia-interactiv.nl\/no\/","logo":{"@type":"ImageObject","inLanguage":"nn-NO","@id":"https:\/\/riwal-wpn.acceptatie.indicia-interactiv.nl\/no\/#\/schema\/logo\/image\/","url":"","contentUrl":"","caption":"Riwal"},"image":{"@id":"https:\/\/riwal-wpn.acceptatie.indicia-interactiv.nl\/no\/#\/schema\/logo\/image\/"}}]}},"_links":{"self":[{"href":"https:\/\/riwal-wpn.acceptatie.indicia-interactiv.nl\/no\/wp-json\/wp\/v2\/pages\/3022","targetHints":{"allow":["GET"]}}],"collection":[{"href":"https:\/\/riwal-wpn.acceptatie.indicia-interactiv.nl\/no\/wp-json\/wp\/v2\/pages"}],"about":[{"href":"https:\/\/riwal-wpn.acceptatie.indicia-interactiv.nl\/no\/wp-json\/wp\/v2\/types\/page"}],"author":[{"embeddable":true,"href":"https:\/\/riwal-wpn.acceptatie.indicia-interactiv.nl\/no\/wp-json\/wp\/v2\/users\/27"}],"replies":[{"embeddable":true,"href":"https:\/\/riwal-wpn.acceptatie.indicia-interactiv.nl\/no\/wp-json\/wp\/v2\/comments?post=3022"}],"version-history":[{"count":3,"href":"https:\/\/riwal-wpn.acceptatie.indicia-interactiv.nl\/no\/wp-json\/wp\/v2\/pages\/3022\/revisions"}],"predecessor-version":[{"id":4917,"href":"https:\/\/riwal-wpn.acceptatie.indicia-interactiv.nl\/no\/wp-json\/wp\/v2\/pages\/3022\/revisions\/4917"}],"wp:featuredmedia":[{"embeddable":true,"href":"https:\/\/riwal-wpn.acceptatie.indicia-interactiv.nl\/no\/wp-json\/wp\/v2\/media\/1076"}],"wp:attachment":[{"href":"https:\/\/riwal-wpn.acceptatie.indicia-interactiv.nl\/no\/wp-json\/wp\/v2\/media?parent=3022"}],"curies":[{"name":"wp","href":"https:\/\/api.w.org\/{rel}","templated":true}]}}