{"id":5898,"date":"2024-02-12T09:03:45","date_gmt":"2024-02-12T09:03:45","guid":{"rendered":"https:\/\/riwal-wpn.acceptatie.indicia-interactiv.nl\/no\/?page_id=5898"},"modified":"2024-02-13T14:09:35","modified_gmt":"2024-02-13T14:09:35","slug":"var-ekspertiser","status":"publish","type":"page","link":"https:\/\/riwal-wpn.acceptatie.indicia-interactiv.nl\/no\/om-riwal\/var-ekspertiser\/","title":{"rendered":"V\u00e5r ekspertise"},"content":{"rendered":"\n<div class=\"wp-block-rental-theme-header\">\n\t<div class=\"wp-block-rental-theme-header__lines\">\n\t\t<svg width=\"726\" height=\"442\" viewBox=\"0 0 726 442\" fill=\"none\" xmlns=\"http:\/\/www.w3.org\/2000\/svg\"><g opacity=\".5\"><mask id=\"path-1-inside-1_1_2\" fill=\"#fff\"><path fill-rule=\"evenodd\" clip-rule=\"evenodd\" d=\"M441.458.5H284.542L0 285.042v156.917l156.917-.001L363 235.876l206.083 206.082 156.917.001V285.042L441.458.5Z\"\/><\/mask><path d=\"M284.542.5v-1h-.415l-.292.293.707.707Zm156.916 0 .708-.707-.293-.293h-.415v1ZM0 285.042l-.707-.708-.293.293v.415h1Zm0 156.917h-1v1h1v-1Zm156.917-.001v1h.414l.293-.292-.707-.708ZM363 235.876l.707-.708-.707-.707-.707.707.707.708Zm206.083 206.082-.707.708.293.292h.414v-1Zm156.917.001v1h1v-1h-1Zm0-156.917h1v-.415l-.293-.293-.707.708ZM284.542 1.5h156.916v-2H284.542v2ZM.707 285.749 285.25 1.207l-1.414-1.414L-.707 284.334l1.414 1.415ZM1 441.959V285.042h-2v156.917h2Zm155.917-1.001L0 440.959v2l156.917-.001v-2Zm205.376-205.79L156.21 441.251l1.414 1.415 206.083-206.083-1.414-1.415Zm0 1.415 206.083 206.083 1.414-1.415-206.083-206.083-1.414 1.415Zm206.79 206.375 156.917.001v-2l-156.917-.001v2ZM727 441.959V285.042h-2v156.917h2Zm-.293-157.625L442.166-.206l-1.415 1.413L725.293 285.75l1.414-1.415Z\" fill=\"#5B728B\" mask=\"url(#path-1-inside-1_1_2)\"\/><\/g><\/svg>\t\t<svg width=\"726\" height=\"442\" viewBox=\"0 0 726 442\" fill=\"none\" xmlns=\"http:\/\/www.w3.org\/2000\/svg\"><g opacity=\".5\"><mask id=\"path-1-inside-1_1_2\" fill=\"#fff\"><path fill-rule=\"evenodd\" clip-rule=\"evenodd\" d=\"M441.458.5H284.542L0 285.042v156.917l156.917-.001L363 235.876l206.083 206.082 156.917.001V285.042L441.458.5Z\"\/><\/mask><path d=\"M284.542.5v-1h-.415l-.292.293.707.707Zm156.916 0 .708-.707-.293-.293h-.415v1ZM0 285.042l-.707-.708-.293.293v.415h1Zm0 156.917h-1v1h1v-1Zm156.917-.001v1h.414l.293-.292-.707-.708ZM363 235.876l.707-.708-.707-.707-.707.707.707.708Zm206.083 206.082-.707.708.293.292h.414v-1Zm156.917.001v1h1v-1h-1Zm0-156.917h1v-.415l-.293-.293-.707.708ZM284.542 1.5h156.916v-2H284.542v2ZM.707 285.749 285.25 1.207l-1.414-1.414L-.707 284.334l1.414 1.415ZM1 441.959V285.042h-2v156.917h2Zm155.917-1.001L0 440.959v2l156.917-.001v-2Zm205.376-205.79L156.21 441.251l1.414 1.415 206.083-206.083-1.414-1.415Zm0 1.415 206.083 206.083 1.414-1.415-206.083-206.083-1.414 1.415Zm206.79 206.375 156.917.001v-2l-156.917-.001v2ZM727 441.959V285.042h-2v156.917h2Zm-.293-157.625L442.166-.206l-1.415 1.413L725.293 285.75l1.414-1.415Z\" fill=\"#5B728B\" mask=\"url(#path-1-inside-1_1_2)\"\/><\/g><\/svg>\t<\/div>\n\t<img fetchpriority=\"high\" decoding=\"async\" width=\"1388\" height=\"925\" src=\"https:\/\/riwal-wpn.acceptatie.indicia-interactiv.nl\/app\/uploads\/sites\/12\/2023\/05\/riwal-steel-construction-project-netherlands-1-1388x925.jpg\" class=\"wp-block-rental-theme-header__image wp-block-rental-theme-header__image--desktop\" alt=\"\" loading=\"eager\" srcset=\"https:\/\/riwal-wpn.acceptatie.indicia-interactiv.nl\/app\/uploads\/sites\/12\/2023\/05\/riwal-steel-construction-project-netherlands-1-1388x925.jpg 1388w, https:\/\/riwal-wpn.acceptatie.indicia-interactiv.nl\/app\/uploads\/sites\/12\/2023\/05\/riwal-steel-construction-project-netherlands-1-300x200.jpg 300w, https:\/\/riwal-wpn.acceptatie.indicia-interactiv.nl\/app\/uploads\/sites\/12\/2023\/05\/riwal-steel-construction-project-netherlands-1-1024x683.jpg 1024w, https:\/\/riwal-wpn.acceptatie.indicia-interactiv.nl\/app\/uploads\/sites\/12\/2023\/05\/riwal-steel-construction-project-netherlands-1-768x512.jpg 768w, https:\/\/riwal-wpn.acceptatie.indicia-interactiv.nl\/app\/uploads\/sites\/12\/2023\/05\/riwal-steel-construction-project-netherlands-1-1536x1024.jpg 1536w, https:\/\/riwal-wpn.acceptatie.indicia-interactiv.nl\/app\/uploads\/sites\/12\/2023\/05\/riwal-steel-construction-project-netherlands-1-2048x1365.jpg 2048w, https:\/\/riwal-wpn.acceptatie.indicia-interactiv.nl\/app\/uploads\/sites\/12\/2023\/05\/riwal-steel-construction-project-netherlands-1-178x119.jpg 178w, https:\/\/riwal-wpn.acceptatie.indicia-interactiv.nl\/app\/uploads\/sites\/12\/2023\/05\/riwal-steel-construction-project-netherlands-1-390x260.jpg 390w, https:\/\/riwal-wpn.acceptatie.indicia-interactiv.nl\/app\/uploads\/sites\/12\/2023\/05\/riwal-steel-construction-project-netherlands-1-830x553.jpg 830w, https:\/\/riwal-wpn.acceptatie.indicia-interactiv.nl\/app\/uploads\/sites\/12\/2023\/05\/riwal-steel-construction-project-netherlands-1-250x167.jpg 250w\" sizes=\"(max-width: 1388px) 100vw, 1388px\" \/>\t<img decoding=\"async\" width=\"390\" height=\"260\" src=\"https:\/\/riwal-wpn.acceptatie.indicia-interactiv.nl\/app\/uploads\/sites\/12\/2023\/05\/riwal-steel-construction-project-netherlands-1-390x260.jpg\" class=\"wp-block-rental-theme-header__image wp-block-rental-theme-header__image--mobile\" alt=\"\" loading=\"eager\" srcset=\"https:\/\/riwal-wpn.acceptatie.indicia-interactiv.nl\/app\/uploads\/sites\/12\/2023\/05\/riwal-steel-construction-project-netherlands-1-390x260.jpg 390w, https:\/\/riwal-wpn.acceptatie.indicia-interactiv.nl\/app\/uploads\/sites\/12\/2023\/05\/riwal-steel-construction-project-netherlands-1-300x200.jpg 300w, https:\/\/riwal-wpn.acceptatie.indicia-interactiv.nl\/app\/uploads\/sites\/12\/2023\/05\/riwal-steel-construction-project-netherlands-1-1024x683.jpg 1024w, https:\/\/riwal-wpn.acceptatie.indicia-interactiv.nl\/app\/uploads\/sites\/12\/2023\/05\/riwal-steel-construction-project-netherlands-1-768x512.jpg 768w, https:\/\/riwal-wpn.acceptatie.indicia-interactiv.nl\/app\/uploads\/sites\/12\/2023\/05\/riwal-steel-construction-project-netherlands-1-1536x1024.jpg 1536w, https:\/\/riwal-wpn.acceptatie.indicia-interactiv.nl\/app\/uploads\/sites\/12\/2023\/05\/riwal-steel-construction-project-netherlands-1-2048x1365.jpg 2048w, https:\/\/riwal-wpn.acceptatie.indicia-interactiv.nl\/app\/uploads\/sites\/12\/2023\/05\/riwal-steel-construction-project-netherlands-1-178x119.jpg 178w, https:\/\/riwal-wpn.acceptatie.indicia-interactiv.nl\/app\/uploads\/sites\/12\/2023\/05\/riwal-steel-construction-project-netherlands-1-1388x925.jpg 1388w, https:\/\/riwal-wpn.acceptatie.indicia-interactiv.nl\/app\/uploads\/sites\/12\/2023\/05\/riwal-steel-construction-project-netherlands-1-830x553.jpg 830w, https:\/\/riwal-wpn.acceptatie.indicia-interactiv.nl\/app\/uploads\/sites\/12\/2023\/05\/riwal-steel-construction-project-netherlands-1-250x167.jpg 250w\" sizes=\"(max-width: 390px) 100vw, 390px\" \/>\t<div class=\"container\">\n\t\t<h1 class='wp-block-rental-theme-header__title' style='position: absolute; min-height: 120px'>V\u00e5r ekspertise<\/h1>\t<\/div>\n<\/div>\n\n\n<div class=\"rental-wp-default-block rental-theme-block-default-margin\">\n\t\t\t\t\t\t\t\t<div class=\"container\">\n<div class=\"wp-block-rental-theme-title-text rental-theme-block-default-margin\">\n\t<div class=\"wp-block-rental-theme-title-text__container\">\n\t\t<div class=\"wp-block-rental-theme-title-text__wrapper\">\n\t\t\t<h2 class='wp-block-rental-theme-title-text__title'>Riwal er liftspesialister<\/h2>\t\t<\/div>\n\t\t<div class='wp-block-rental-theme-title-text__text'>\n\n<p>N\u00e5r verkt\u00f8yet er i orden, arbeider du mer effektivt og kommer raskere i m\u00e5l med oppgaven. Dette sparer deg b\u00e5de tid og penger. V\u00e5r ekspertise som liftspesialister gj\u00f8r at vi kan v\u00e6re ditt foretrukne valg som leverand\u00f8r av lifter og teleskoptrucker for arbeid i h\u00f8yden. I v\u00e5rt utvalg finner du ulike typer av lifter. Dette gir optimale muligheter for \u00e5 finne akkurat den l\u00f8sningen som passer til din oppgave. Du kan f\u00e5 l\u00f8st komplekse oppgaver som krever mange ulike lifter. Du kan ogs\u00e5 f\u00e5 en fleksibel leveringsplan som tilpasses dine \u00f8nsker, eller tilpasning av liften. For eksempel har vi gjort spesialtilpasninger p\u00e5 lifter for bruk offshore eller i fryselager. Har du en spesiell utfordring, hjelper vi med \u00e5 l\u00f8se oppgaven.<\/p>\n\n\n\n<p>Riwal Norge er offisiell leverand\u00f8r av JLG-lifter. Som distribut\u00f8r for regionen vil Riwal v\u00e6re ansvarlig for salg, markedsf\u00f8ring, oppl\u00e6ring og ettermarkeds service for det komplette utvalget av JLG-lifter. Riwal betjener kunder som utleieselskaper samt sluttbrukere innen bygg, produksjon og logistikk.<\/p>\n\n<\/div>\n\t<\/div>\n<\/div><\/div>\n\t\t\t\t\t\t\t<\/div> \n\n<div class=\"rental-wp-default-block rental-theme-block-default-margin\">\n\t\t\t\t\t\t\t\t<div class=\"container\">\n<div class=\"wp-block-columns is-layout-flex wp-container-core-columns-is-layout-28f84493 wp-block-columns-is-layout-flex\">\n<div class=\"wp-block-column is-layout-flow wp-block-column-is-layout-flow\"><div class=\"wp-block-rental-theme-expertises wp-block-rental-theme-expertises--white rental-theme-block-default-margin\">\n\t\t<div class=\"wp-block-rental-theme-expertises__container\">\n\t\t\t<h2 class='wp-block-rental-theme-expertises__title'>JLG distribut\u00f8r<\/h2>\t\t\t\n\n<div class=\"wp-block-columns is-layout-flex wp-container-core-columns-is-layout-28f84493 wp-block-columns-is-layout-flex\">\n<div class=\"wp-block-column is-layout-flow wp-block-column-is-layout-flow\"><div class=\"wp-block-rental-theme-expertise-item\">\n\t<div class=\"wp-block-rental-theme-expertise-item__container\">\n\t\t<div class=\"wp-block-rental-theme-expertise-item__content\">\n\t\t\t\t\t\t\t\t\t\t\t\t<div class=\"wp-block-rental-theme-expertise-item--no-link\">\n\t\t\t\t\t\t<div class=\"wp-block-rental-theme-expertise-item__text\">\n\n<p>Som den offisielle distribut\u00f8ren av JLG i Norge er vi en fullservicepartner. Vi tilbyr v\u00e5re kunder det komplette produktutvalget fra verdensledende produsent. <\/p>\n\n<\/div>\n\t\t\t\t\t<\/div>\n\t\t\t\t\t\t\t\t\t<\/div>\n\t<\/div>\n<\/div>\n<\/div>\n<\/div>\n\n\t\t<\/div>\n<\/div>\n\n\n\n\n<div class=\"wp-block-buttons is-layout-flex wp-block-buttons-is-layout-flex\">\n<div class=\"wp-block-button\"><a class=\"wp-block-button__link wp-element-button\" href=\"https:\/\/riwal-wpn.acceptatie.indicia-interactiv.nl\/no\/salg\/nye-maskiner\/\">Se v\u00e5rt utvalg<\/a><\/div>\n<\/div>\n<\/div>\n\n\n\n<div class=\"wp-block-column is-layout-flow wp-block-column-is-layout-flow\"><div class=\"wp-block-rental-theme-expertises wp-block-rental-theme-expertises--white rental-theme-block-default-margin\">\n\t\t<div class=\"wp-block-rental-theme-expertises__container\">\n\t\t\t<h2 class='wp-block-rental-theme-expertises__title'>Sikkerhet<\/h2>\t\t\t\n\n<div class=\"wp-block-columns is-layout-flex wp-container-core-columns-is-layout-28f84493 wp-block-columns-is-layout-flex\">\n<div class=\"wp-block-column is-layout-flow wp-block-column-is-layout-flow\"><div class=\"wp-block-rental-theme-expertise-item\">\n\t<div class=\"wp-block-rental-theme-expertise-item__container\">\n\t\t<div class=\"wp-block-rental-theme-expertise-item__content\">\n\t\t\t\t\t\t\t\t\t\t\t\t<div class=\"wp-block-rental-theme-expertise-item--no-link\">\n\t\t\t\t\t\t<div class=\"wp-block-rental-theme-expertise-item__text\">\n\n<p>Sikkerhet er av allerst\u00f8rste betydning for Riwal og v\u00e5re kunder. Vi leverer sikre l\u00f8sninger for arbeid i h\u00f8yden, og vi vil aldri g\u00e5 p\u00e5 kompromiss med sikkerheten.<\/p>\n\n<\/div>\n\t\t\t\t\t<\/div>\n\t\t\t\t\t\t\t\t\t<\/div>\n\t<\/div>\n<\/div>\n<\/div>\n<\/div>\n\n\t\t<\/div>\n<\/div>\n\n\n\n\n<div class=\"wp-block-buttons is-layout-flex wp-block-buttons-is-layout-flex\">\n<div class=\"wp-block-button\"><a class=\"wp-block-button__link wp-element-button\" href=\"https:\/\/riwal-wpn.acceptatie.indicia-interactiv.nl\/no\/sikkerhet-fremfor-alt-riwal\/\">Les mer<\/a><\/div>\n<\/div>\n<\/div>\n\n\n\n<div class=\"wp-block-column is-layout-flow wp-block-column-is-layout-flow\"><div class=\"wp-block-rental-theme-expertises wp-block-rental-theme-expertises--white rental-theme-block-default-margin\">\n\t\t<div class=\"wp-block-rental-theme-expertises__container\">\n\t\t\t<h2 class='wp-block-rental-theme-expertises__title'>Gr\u00f8nn omstilling<\/h2>\t\t\t\n\n<div class=\"wp-block-columns is-layout-flex wp-container-core-columns-is-layout-28f84493 wp-block-columns-is-layout-flex\">\n<div class=\"wp-block-column is-layout-flow wp-block-column-is-layout-flow\"><div class=\"wp-block-rental-theme-expertise-item\">\n\t<div class=\"wp-block-rental-theme-expertise-item__container\">\n\t\t<div class=\"wp-block-rental-theme-expertise-item__content\">\n\t\t\t\t\t\t\t\t\t\t\t\t<div class=\"wp-block-rental-theme-expertise-item--no-link\">\n\t\t\t\t\t\t<div class=\"wp-block-rental-theme-expertise-item__text\">\n\n<p>Riwal \u00f8nsker \u00e5 bidra til den gr\u00f8nne omstillingen! Det spiller det en avgj\u00f8rende rolle for oss \u00e5 levere milj\u00f8vennlige l\u00f8sninger som reduserer CO2- og st\u00f8yutslippene.<\/p>\n\n<\/div>\n\t\t\t\t\t<\/div>\n\t\t\t\t\t\t\t\t\t<\/div>\n\t<\/div>\n<\/div>\n<\/div>\n<\/div>\n\n\t\t<\/div>\n<\/div>\n\n\n\n\n<div class=\"wp-block-buttons is-layout-flex wp-block-buttons-is-layout-flex\">\n<div class=\"wp-block-button\"><a class=\"wp-block-button__link wp-element-button\" href=\"https:\/\/riwal-wpn.acceptatie.indicia-interactiv.nl\/no\/gronn-omstilling\/\">Les mer<\/a><\/div>\n<\/div>\n<\/div>\n<\/div>\n<\/div>\n\t\t\t\t\t\t\t<\/div> \n\n<div class=\"container\">\n<p><\/p>\n<\/div>\n\n<div class=\"container\">\n<h2 class=\"wp-block-heading\" id=\"h-arbeid-trygt-effektivt-og-mer-baerekraftig-i-hoyden\">Arbeid trygt, effektivt og mer b\u00e6rekraftig i h\u00f8yden<\/h2>\n<\/div>\n\n<div class=\"rental-wp-default-block rental-theme-block-default-margin\">\n\t\t\t\t\t\t\t\t<div class=\"container\">\n<div class=\"wp-block-columns is-layout-flex wp-container-core-columns-is-layout-28f84493 wp-block-columns-is-layout-flex\">\n<div class=\"wp-block-column is-layout-flow wp-block-column-is-layout-flow\">\n<figure class=\"wp-block-image size-full\"><img decoding=\"async\" src=\"https:\/\/riwal-wpn.acceptatie.indicia-interactiv.nl\/app\/uploads\/sites\/14\/2023\/09\/image-4.png\" alt=\"\" class=\"wp-image-4097\" \/><\/figure>\n<\/div>\n\n\n\n<div class=\"wp-block-column is-layout-flow wp-block-column-is-layout-flow\">\n<figure class=\"wp-block-image size-full is-resized\"><img decoding=\"async\" src=\"https:\/\/riwal-wpn.acceptatie.indicia-interactiv.nl\/app\/uploads\/sites\/14\/2023\/08\/JLG-E860SJ-bomlift-fra-Riwal-paa-projektet-Naturhistorisk-Museum.jpg\" alt=\"\" class=\"wp-image-3478\" style=\"width:396px;height:auto\" \/><\/figure>\n<\/div>\n\n\n\n<div class=\"wp-block-column is-layout-flow wp-block-column-is-layout-flow\">\n<figure class=\"wp-block-image size-large\"><img decoding=\"async\" src=\"https:\/\/riwal-wpn.acceptatie.indicia-interactiv.nl\/app\/uploads\/sites\/14\/2023\/08\/100-elektrisk-saxlift-Riwal-1024x683.jpg\" alt=\"Elektrisk logo p\u00e5 Riwal saxlift\" class=\"wp-image-3430\" \/><\/figure>\n<\/div>\n<\/div>\n<\/div>\n\t\t\t\t\t\t\t<\/div> ","protected":false},"excerpt":{"rendered":"<p>Arbeid trygt, effektivt og mer b\u00e6rekraftig i h\u00f8yden<\/p>\n","protected":false},"author":18,"featured_media":0,"parent":5657,"menu_order":0,"comment_status":"closed","ping_status":"closed","template":"","meta":{"_acf_changed":false,"editor_notices":[],"footnotes":""},"class_list":["post-5898","page","type-page","status-publish","hentry"],"acf":[],"yoast_head":"<!-- This site is optimized with the Yoast SEO Premium plugin v27.1 (Yoast SEO v27.1.1) - https:\/\/yoast.com\/product\/yoast-seo-premium-wordpress\/ -->\n<title>V\u00e5r ekspertise - Riwal Norge<\/title>\n<meta name=\"robots\" content=\"noindex, follow, max-snippet:-1, max-image-preview:large, max-video-preview:-1\" \/>\n<meta property=\"og:locale\" content=\"nn_NO\" \/>\n<meta property=\"og:type\" content=\"article\" \/>\n<meta property=\"og:title\" content=\"V\u00e5r ekspertise\" \/>\n<meta property=\"og:description\" content=\"Arbeid trygt, effektivt og mer b\u00e6rekraftig i h\u00f8yden\" \/>\n<meta property=\"og:url\" content=\"https:\/\/riwal-wpn.acceptatie.indicia-interactiv.nl\/no\/om-riwal\/var-ekspertiser\/\" \/>\n<meta property=\"og:site_name\" content=\"Riwal Norge\" \/>\n<meta property=\"article:modified_time\" content=\"2024-02-13T14:09:35+00:00\" \/>\n<meta property=\"og:image\" content=\"https:\/\/riwal-wpn.acceptatie.indicia-interactiv.nl\/app\/uploads\/sites\/14\/2023\/09\/image-4.png\" \/>\n<meta name=\"twitter:card\" content=\"summary_large_image\" \/>\n<script type=\"application\/ld+json\" class=\"yoast-schema-graph\">{\"@context\":\"https:\/\/schema.org\",\"@graph\":[{\"@type\":\"WebPage\",\"@id\":\"https:\/\/riwal-wpn.acceptatie.indicia-interactiv.nl\/no\/om-riwal\/var-ekspertiser\/\",\"url\":\"https:\/\/riwal-wpn.acceptatie.indicia-interactiv.nl\/no\/om-riwal\/var-ekspertiser\/\",\"name\":\"V\u00e5r ekspertise - Riwal Norge\",\"isPartOf\":{\"@id\":\"https:\/\/riwal-wpn.acceptatie.indicia-interactiv.nl\/no\/#website\"},\"primaryImageOfPage\":{\"@id\":\"https:\/\/riwal-wpn.acceptatie.indicia-interactiv.nl\/no\/om-riwal\/var-ekspertiser\/#primaryimage\"},\"image\":{\"@id\":\"https:\/\/riwal-wpn.acceptatie.indicia-interactiv.nl\/no\/om-riwal\/var-ekspertiser\/#primaryimage\"},\"thumbnailUrl\":\"https:\/\/riwal-wpn.acceptatie.indicia-interactiv.nl\/app\/uploads\/sites\/14\/2023\/09\/image-4.png\",\"datePublished\":\"2024-02-12T09:03:45+00:00\",\"dateModified\":\"2024-02-13T14:09:35+00:00\",\"breadcrumb\":{\"@id\":\"https:\/\/riwal-wpn.acceptatie.indicia-interactiv.nl\/no\/om-riwal\/var-ekspertiser\/#breadcrumb\"},\"inLanguage\":\"nn-NO\",\"potentialAction\":[{\"@type\":\"ReadAction\",\"target\":[\"https:\/\/riwal-wpn.acceptatie.indicia-interactiv.nl\/no\/om-riwal\/var-ekspertiser\/\"]}]},{\"@type\":\"ImageObject\",\"inLanguage\":\"nn-NO\",\"@id\":\"https:\/\/riwal-wpn.acceptatie.indicia-interactiv.nl\/no\/om-riwal\/var-ekspertiser\/#primaryimage\",\"url\":\"https:\/\/riwal-wpn.acceptatie.indicia-interactiv.nl\/app\/uploads\/sites\/14\/2023\/09\/image-4.png\",\"contentUrl\":\"https:\/\/riwal-wpn.acceptatie.indicia-interactiv.nl\/app\/uploads\/sites\/14\/2023\/09\/image-4.png\"},{\"@type\":\"BreadcrumbList\",\"@id\":\"https:\/\/riwal-wpn.acceptatie.indicia-interactiv.nl\/no\/om-riwal\/var-ekspertiser\/#breadcrumb\",\"itemListElement\":[{\"@type\":\"ListItem\",\"position\":1,\"name\":\"Hjem\",\"item\":\"https:\/\/riwal-wpn.acceptatie.indicia-interactiv.nl\/no\/\"},{\"@type\":\"ListItem\",\"position\":2,\"name\":\"Om Riwal\",\"item\":\"https:\/\/riwal-wpn.acceptatie.indicia-interactiv.nl\/no\/om-riwal\/\"},{\"@type\":\"ListItem\",\"position\":3,\"name\":\"V\u00e5r ekspertise\"}]},{\"@type\":\"WebSite\",\"@id\":\"https:\/\/riwal-wpn.acceptatie.indicia-interactiv.nl\/no\/#website\",\"url\":\"https:\/\/riwal-wpn.acceptatie.indicia-interactiv.nl\/no\/\",\"name\":\"Riwal\",\"description\":\"JLG lifter til salgs\",\"publisher\":{\"@id\":\"https:\/\/riwal-wpn.acceptatie.indicia-interactiv.nl\/no\/#organization\"},\"potentialAction\":[{\"@type\":\"SearchAction\",\"target\":{\"@type\":\"EntryPoint\",\"urlTemplate\":\"https:\/\/riwal-wpn.acceptatie.indicia-interactiv.nl\/no\/?s={search_term_string}\"},\"query-input\":{\"@type\":\"PropertyValueSpecification\",\"valueRequired\":true,\"valueName\":\"search_term_string\"}}],\"inLanguage\":\"nn-NO\"},{\"@type\":\"Organization\",\"@id\":\"https:\/\/riwal-wpn.acceptatie.indicia-interactiv.nl\/no\/#organization\",\"name\":\"Riwal\",\"url\":\"https:\/\/riwal-wpn.acceptatie.indicia-interactiv.nl\/no\/\",\"logo\":{\"@type\":\"ImageObject\",\"inLanguage\":\"nn-NO\",\"@id\":\"https:\/\/riwal-wpn.acceptatie.indicia-interactiv.nl\/no\/#\/schema\/logo\/image\/\",\"url\":\"\",\"contentUrl\":\"\",\"caption\":\"Riwal\"},\"image\":{\"@id\":\"https:\/\/riwal-wpn.acceptatie.indicia-interactiv.nl\/no\/#\/schema\/logo\/image\/\"}}]}<\/script>\n<!-- \/ Yoast SEO Premium plugin. -->","yoast_head_json":{"title":"V\u00e5r ekspertise - Riwal Norge","robots":{"index":"noindex","follow":"follow","max-snippet":"max-snippet:-1","max-image-preview":"max-image-preview:large","max-video-preview":"max-video-preview:-1"},"og_locale":"nn_NO","og_type":"article","og_title":"V\u00e5r ekspertise","og_description":"Arbeid trygt, effektivt og mer b\u00e6rekraftig i h\u00f8yden","og_url":"https:\/\/riwal-wpn.acceptatie.indicia-interactiv.nl\/no\/om-riwal\/var-ekspertiser\/","og_site_name":"Riwal Norge","article_modified_time":"2024-02-13T14:09:35+00:00","og_image":[{"url":"https:\/\/riwal-wpn.acceptatie.indicia-interactiv.nl\/app\/uploads\/sites\/14\/2023\/09\/image-4.png","type":"","width":"","height":""}],"twitter_card":"summary_large_image","schema":{"@context":"https:\/\/schema.org","@graph":[{"@type":"WebPage","@id":"https:\/\/riwal-wpn.acceptatie.indicia-interactiv.nl\/no\/om-riwal\/var-ekspertiser\/","url":"https:\/\/riwal-wpn.acceptatie.indicia-interactiv.nl\/no\/om-riwal\/var-ekspertiser\/","name":"V\u00e5r ekspertise - Riwal Norge","isPartOf":{"@id":"https:\/\/riwal-wpn.acceptatie.indicia-interactiv.nl\/no\/#website"},"primaryImageOfPage":{"@id":"https:\/\/riwal-wpn.acceptatie.indicia-interactiv.nl\/no\/om-riwal\/var-ekspertiser\/#primaryimage"},"image":{"@id":"https:\/\/riwal-wpn.acceptatie.indicia-interactiv.nl\/no\/om-riwal\/var-ekspertiser\/#primaryimage"},"thumbnailUrl":"https:\/\/riwal-wpn.acceptatie.indicia-interactiv.nl\/app\/uploads\/sites\/14\/2023\/09\/image-4.png","datePublished":"2024-02-12T09:03:45+00:00","dateModified":"2024-02-13T14:09:35+00:00","breadcrumb":{"@id":"https:\/\/riwal-wpn.acceptatie.indicia-interactiv.nl\/no\/om-riwal\/var-ekspertiser\/#breadcrumb"},"inLanguage":"nn-NO","potentialAction":[{"@type":"ReadAction","target":["https:\/\/riwal-wpn.acceptatie.indicia-interactiv.nl\/no\/om-riwal\/var-ekspertiser\/"]}]},{"@type":"ImageObject","inLanguage":"nn-NO","@id":"https:\/\/riwal-wpn.acceptatie.indicia-interactiv.nl\/no\/om-riwal\/var-ekspertiser\/#primaryimage","url":"https:\/\/riwal-wpn.acceptatie.indicia-interactiv.nl\/app\/uploads\/sites\/14\/2023\/09\/image-4.png","contentUrl":"https:\/\/riwal-wpn.acceptatie.indicia-interactiv.nl\/app\/uploads\/sites\/14\/2023\/09\/image-4.png"},{"@type":"BreadcrumbList","@id":"https:\/\/riwal-wpn.acceptatie.indicia-interactiv.nl\/no\/om-riwal\/var-ekspertiser\/#breadcrumb","itemListElement":[{"@type":"ListItem","position":1,"name":"Hjem","item":"https:\/\/riwal-wpn.acceptatie.indicia-interactiv.nl\/no\/"},{"@type":"ListItem","position":2,"name":"Om Riwal","item":"https:\/\/riwal-wpn.acceptatie.indicia-interactiv.nl\/no\/om-riwal\/"},{"@type":"ListItem","position":3,"name":"V\u00e5r ekspertise"}]},{"@type":"WebSite","@id":"https:\/\/riwal-wpn.acceptatie.indicia-interactiv.nl\/no\/#website","url":"https:\/\/riwal-wpn.acceptatie.indicia-interactiv.nl\/no\/","name":"Riwal","description":"JLG lifter til salgs","publisher":{"@id":"https:\/\/riwal-wpn.acceptatie.indicia-interactiv.nl\/no\/#organization"},"potentialAction":[{"@type":"SearchAction","target":{"@type":"EntryPoint","urlTemplate":"https:\/\/riwal-wpn.acceptatie.indicia-interactiv.nl\/no\/?s={search_term_string}"},"query-input":{"@type":"PropertyValueSpecification","valueRequired":true,"valueName":"search_term_string"}}],"inLanguage":"nn-NO"},{"@type":"Organization","@id":"https:\/\/riwal-wpn.acceptatie.indicia-interactiv.nl\/no\/#organization","name":"Riwal","url":"https:\/\/riwal-wpn.acceptatie.indicia-interactiv.nl\/no\/","logo":{"@type":"ImageObject","inLanguage":"nn-NO","@id":"https:\/\/riwal-wpn.acceptatie.indicia-interactiv.nl\/no\/#\/schema\/logo\/image\/","url":"","contentUrl":"","caption":"Riwal"},"image":{"@id":"https:\/\/riwal-wpn.acceptatie.indicia-interactiv.nl\/no\/#\/schema\/logo\/image\/"}}]}},"_links":{"self":[{"href":"https:\/\/riwal-wpn.acceptatie.indicia-interactiv.nl\/no\/wp-json\/wp\/v2\/pages\/5898","targetHints":{"allow":["GET"]}}],"collection":[{"href":"https:\/\/riwal-wpn.acceptatie.indicia-interactiv.nl\/no\/wp-json\/wp\/v2\/pages"}],"about":[{"href":"https:\/\/riwal-wpn.acceptatie.indicia-interactiv.nl\/no\/wp-json\/wp\/v2\/types\/page"}],"author":[{"embeddable":true,"href":"https:\/\/riwal-wpn.acceptatie.indicia-interactiv.nl\/no\/wp-json\/wp\/v2\/users\/18"}],"replies":[{"embeddable":true,"href":"https:\/\/riwal-wpn.acceptatie.indicia-interactiv.nl\/no\/wp-json\/wp\/v2\/comments?post=5898"}],"version-history":[{"count":10,"href":"https:\/\/riwal-wpn.acceptatie.indicia-interactiv.nl\/no\/wp-json\/wp\/v2\/pages\/5898\/revisions"}],"predecessor-version":[{"id":6008,"href":"https:\/\/riwal-wpn.acceptatie.indicia-interactiv.nl\/no\/wp-json\/wp\/v2\/pages\/5898\/revisions\/6008"}],"up":[{"embeddable":true,"href":"https:\/\/riwal-wpn.acceptatie.indicia-interactiv.nl\/no\/wp-json\/wp\/v2\/pages\/5657"}],"wp:attachment":[{"href":"https:\/\/riwal-wpn.acceptatie.indicia-interactiv.nl\/no\/wp-json\/wp\/v2\/media?parent=5898"}],"curies":[{"name":"wp","href":"https:\/\/api.w.org\/{rel}","templated":true}]}}