{"id":5915,"date":"2024-02-12T09:21:13","date_gmt":"2024-02-12T09:21:13","guid":{"rendered":"https:\/\/riwal-wpn.acceptatie.indicia-interactiv.nl\/no\/?page_id=5915"},"modified":"2024-02-12T12:32:45","modified_gmt":"2024-02-12T12:32:45","slug":"vare-baerekraftige-initiativer","status":"publish","type":"page","link":"https:\/\/riwal-wpn.acceptatie.indicia-interactiv.nl\/no\/om-riwal\/gronn-omstilling\/vare-baerekraftige-initiativer\/","title":{"rendered":"V\u00e5re b\u00e6rekraftige initiativer"},"content":{"rendered":"<div class=\"container\">\n<h1 class=\"wp-block-heading\" id=\"h-vare-baerekraftige-initiativer\">V\u00e5re b\u00e6rekraftige initiativer<\/h1>\n<\/div>\n\n<div class=\"container\">\n<p><br><\/p>\n<\/div>\n\n<div class=\"rental-wp-default-block rental-theme-block-default-margin\">\n\t\t\t\t\t\t\t\t<div class=\"container\">\n<div class=\"wp-block-media-text has-media-on-the-right is-stacked-on-mobile\" style=\"grid-template-columns:auto 30%\"><div class=\"wp-block-media-text__content\">\n<p><strong>Riwal \u00f8ker innsatsen n\u00e5r det gjelder b\u00e6rekraft. Vi har satt v\u00e5re b\u00e6rekraftsm\u00e5l i tr\u00e5d med FNs b\u00e6rekraftsm\u00e5l (SDG). Selskapet har satt globale m\u00e5l ved siden av disse verdensm\u00e5lene som implementeres i alle 16 land hvor Riwal har aktiviteter.<\/strong><\/p>\n\n\n\n<p><strong>Vi pr\u00f8ver, hvor det er mulig, \u00e5 arbeide p\u00e5 samme m\u00e5te p\u00e5 tvers av konsernet. Imidlertid har hvert land sine egne metoder for \u00e5 bidra til disse m\u00e5lene.<\/strong><\/p>\n<\/div><figure class=\"wp-block-media-text__media\"><img decoding=\"async\" src=\"https:\/\/riwal-wpn.acceptatie.indicia-interactiv.nl\/app\/uploads\/sites\/14\/2023\/08\/Sustainability-Logo-1.png\" alt=\"\" class=\"wp-image-4072 size-full\" \/><\/figure><\/div>\n<\/div>\n\t\t\t\t\t\t\t<\/div> \n\n<div class=\"container\">\n<h2 class=\"wp-block-heading\"><br>Initiativer fra v\u00e5re Riwal-land<\/h2>\n<\/div>\n\n<div class=\"container\">\n<ul class=\"wp-block-list\">\n<li>I Danmark og De forente arabiske emirater resirkulerer vi vann i vaskehaller for maskiner.&nbsp;&nbsp;<\/li>\n\n\n\n<li>V\u00e5r bruk av GTL-drivstoff i Nederland.<\/li>\n\n\n\n<li>Biodrivstoff i Sverige bidrar til \u00f8nsket om mer b\u00e6rekraftige byer.<br><\/li>\n<\/ul>\n<\/div>\n\n<div class=\"container\">\n<h2 class=\"wp-block-heading\">Initiativer p\u00e5 tvers av Riwal Group<\/h2>\n<\/div>\n\n<div class=\"container\">\n<ul class=\"wp-block-list\">\n<li>Energibesparende belysning &#8211; Riwal bytter til LED-lys som en del av v\u00e5r b\u00e6rekraftsplan.&nbsp;<\/li>\n\n\n\n<li>Kolleger oppfordres til \u00e5 komme med egne ideer og foresl\u00e5 initiativer for kontinuerlig forbedring i en nedenfra og opp tiln\u00e6rming til b\u00e6rekraft.<\/li>\n\n\n\n<li>Hele konsernet arbeider med avfallsh\u00e5ndtering og hensiktsmessig deponering av kjemikalier.<\/li>\n\n\n\n<li>Ansatte med funksjoner i og rundt transportavdelingen gjennomg\u00e5r spesialoppl\u00e6ring for \u00e5 kj\u00f8re s\u00e5 klimavennlig som mulig.<\/li>\n\n\n\n<li>Det \u00f8kte fokuset p\u00e5 digitalisering reduserer papir- og utskriftsforbruket enormt.<\/li>\n<\/ul>\n<\/div>\n\n<div class=\"container\">\n<p>Ofte er disse ideene en vinn-vinn. Som da Riwal endret s\u00e5pen til en s\u00e5pe med lavere pH-verdi. Dette er bedre for folks hender, og det er ogs\u00e5 bedre for milj\u00f8et.<\/p>\n<\/div>\n\n<div class=\"container\">\n<p>Dette skiftet kommer ikke fra arbeidsplassen. I stedet for \u00e5 l\u00e6re noe p\u00e5 jobben og implementere det hjemme, kommer denne tankegangen hjemmefra og p\u00e5virker arbeidsplassen. Dette er en stor fordel for Riwal, da det betyr at v\u00e5re b\u00e6rekraftsm\u00e5l allerede er i tr\u00e5d med verdiene til v\u00e5re kolleger.<\/p>\n<\/div>\n\n<div class=\"rental-wp-default-block rental-theme-block-default-margin\">\n\t\t\t\t\t\t\t\t<div class=\"container\"><div class=\"wp-block-rental-theme-services\">\n\t<div class=\"wp-block-rental-theme-services__header\">\n\t\t\t\t\t<h2 class='wp-block-rental-theme-services__header--title'>Les mer om b\u00e6rekraftighed<\/h2>\t\t\t\t\t\t\t<div class=\"wp-block-rental-theme-services__header--link\">\n\t\t\t\tFind out more\t\t\t<\/div>\n\t\t\t<\/div>\n\t<div class=\"wp-block-rental-theme-services__items\">\n\t\t\t\t\t<a href=\"https:\/\/riwal-wpn.acceptatie.indicia-interactiv.nl\/no\/om-riwal\/gronn-omstilling\/baerekraftrapport\/\"  class=\"wp-block-rental-theme-services__item wp-block-rental-theme-services__item--not-mobile wp-block-rental-theme-services__item--3\">\n\t\t\t\t<div class=\"wp-block-rental-theme-services__item-content\">\n\t\t\t\t\t<img decoding=\"async\" width=\"724\" height=\"1024\" src=\"https:\/\/riwal-wpn.acceptatie.indicia-interactiv.nl\/app\/uploads\/sites\/12\/2024\/02\/Riwal-Sustainablity-Report-2022.jpg\" class=\"wp-block-rental-theme-services__item-content__image\" alt=\"\" loading=\"lazy\" srcset=\"https:\/\/riwal-wpn.acceptatie.indicia-interactiv.nl\/app\/uploads\/sites\/12\/2024\/02\/Riwal-Sustainablity-Report-2022.jpg 724w, https:\/\/riwal-wpn.acceptatie.indicia-interactiv.nl\/app\/uploads\/sites\/12\/2024\/02\/Riwal-Sustainablity-Report-2022-212x300.jpg 212w, https:\/\/riwal-wpn.acceptatie.indicia-interactiv.nl\/app\/uploads\/sites\/12\/2024\/02\/Riwal-Sustainablity-Report-2022-178x252.jpg 178w, https:\/\/riwal-wpn.acceptatie.indicia-interactiv.nl\/app\/uploads\/sites\/12\/2024\/02\/Riwal-Sustainablity-Report-2022-654x925.jpg 654w, https:\/\/riwal-wpn.acceptatie.indicia-interactiv.nl\/app\/uploads\/sites\/12\/2024\/02\/Riwal-Sustainablity-Report-2022-444x628.jpg 444w, https:\/\/riwal-wpn.acceptatie.indicia-interactiv.nl\/app\/uploads\/sites\/12\/2024\/02\/Riwal-Sustainablity-Report-2022-141x200.jpg 141w, https:\/\/riwal-wpn.acceptatie.indicia-interactiv.nl\/app\/uploads\/sites\/12\/2024\/02\/Riwal-Sustainablity-Report-2022-346x490.jpg 346w, https:\/\/riwal-wpn.acceptatie.indicia-interactiv.nl\/app\/uploads\/sites\/12\/2024\/02\/Riwal-Sustainablity-Report-2022-237x335.jpg 237w, https:\/\/riwal-wpn.acceptatie.indicia-interactiv.nl\/app\/uploads\/sites\/12\/2024\/02\/Riwal-Sustainablity-Report-2022-474x670.jpg 474w\" sizes=\"auto, (max-width: 724px) 100vw, 724px\" \/>\t\t\t\t\t<div class=\"wp-block-rental-theme-services__item-content-title\">\n\t\t\t\t\t\tRiwal b\u00e6rekraftsrapport\t\t\t\t\t<\/div>\n\t\t\t\t<\/div>\n\t\t\t<\/a>\n\t\t\t<a href=\"https:\/\/riwal-wpn.acceptatie.indicia-interactiv.nl\/no\/om-riwal\/gronn-omstilling\/baerekraftrapport\/\"  class=\"wp-block-rental-theme-services__item wp-block-rental-theme-services__item--mobile\">\n\t\t\t\t<div class=\"wp-block-rental-theme-services__item-content\">\n\t\t\t\t\t<div class=\"wp-block-rental-theme-services__item-content__button\">\n\t\t\t\t\t\t<div class=\"wp-block-rental-theme-services__item-content-title \">\n\t\t\t\t\t\t\tRiwal b\u00e6rekraftsrapport\t\t\t\t\t\t<\/div>\n\t\t\t\t\t\t<div class=\"wp-block-rental-theme-services__item-content__button-icon\">\n\t\t\t\t\t\t\t<svg width=\"9\" height=\"9\" viewBox=\"0 0 9 9\" fill=\"#021A35\" xmlns=\"http:\/\/www.w3.org\/2000\/svg\"><path fill-rule=\"evenodd\" clip-rule=\"evenodd\" d=\"M.594.972H8.29V8.67H6.5V2.762H.594V.972Z\"\/><\/svg>\t\t\t\t\t\t<\/div>\n\t\t\t\t\t<\/div>\n\t\t\t\t<\/div>\n\t\t\t<\/a>\n\t\t\t\t\t<a href=\"https:\/\/riwal-wpn.acceptatie.indicia-interactiv.nl\/no\/om-riwal\/gronn-omstilling\/vare-baerekraftige-losninger\/\"  class=\"wp-block-rental-theme-services__item wp-block-rental-theme-services__item--not-mobile wp-block-rental-theme-services__item--3\">\n\t\t\t\t<div class=\"wp-block-rental-theme-services__item-content\">\n\t\t\t\t\t<img decoding=\"async\" width=\"1024\" height=\"683\" src=\"https:\/\/riwal-wpn.acceptatie.indicia-interactiv.nl\/app\/uploads\/sites\/12\/2023\/06\/riwal-aerial-work-platform-rental-sales-105-1024x683.webp\" class=\"wp-block-rental-theme-services__item-content__image\" alt=\"\" loading=\"lazy\" srcset=\"https:\/\/riwal-wpn.acceptatie.indicia-interactiv.nl\/app\/uploads\/sites\/12\/2023\/06\/riwal-aerial-work-platform-rental-sales-105-1024x683.webp 1024w, https:\/\/riwal-wpn.acceptatie.indicia-interactiv.nl\/app\/uploads\/sites\/12\/2023\/06\/riwal-aerial-work-platform-rental-sales-105-2048x1365.webp 2048w, https:\/\/riwal-wpn.acceptatie.indicia-interactiv.nl\/app\/uploads\/sites\/12\/2023\/06\/riwal-aerial-work-platform-rental-sales-105-1388x925.webp 1388w, https:\/\/riwal-wpn.acceptatie.indicia-interactiv.nl\/app\/uploads\/sites\/12\/2023\/06\/riwal-aerial-work-platform-rental-sales-105-830x553.webp 830w, https:\/\/riwal-wpn.acceptatie.indicia-interactiv.nl\/app\/uploads\/sites\/12\/2023\/06\/riwal-aerial-work-platform-rental-sales-105-250x167.webp 250w, https:\/\/riwal-wpn.acceptatie.indicia-interactiv.nl\/app\/uploads\/sites\/12\/2023\/06\/riwal-aerial-work-platform-rental-sales-105-300x200.webp 300w, https:\/\/riwal-wpn.acceptatie.indicia-interactiv.nl\/app\/uploads\/sites\/12\/2023\/06\/riwal-aerial-work-platform-rental-sales-105-768x512.webp 768w, https:\/\/riwal-wpn.acceptatie.indicia-interactiv.nl\/app\/uploads\/sites\/12\/2023\/06\/riwal-aerial-work-platform-rental-sales-105-1536x1024.webp 1536w, https:\/\/riwal-wpn.acceptatie.indicia-interactiv.nl\/app\/uploads\/sites\/12\/2023\/06\/riwal-aerial-work-platform-rental-sales-105-178x119.webp 178w, https:\/\/riwal-wpn.acceptatie.indicia-interactiv.nl\/app\/uploads\/sites\/12\/2023\/06\/riwal-aerial-work-platform-rental-sales-105-390x260.webp 390w\" sizes=\"auto, (max-width: 1024px) 100vw, 1024px\" \/>\t\t\t\t\t<div class=\"wp-block-rental-theme-services__item-content-title\">\n\t\t\t\t\t\tB\u00e6rekraftige l\u00f8sninger\t\t\t\t\t<\/div>\n\t\t\t\t<\/div>\n\t\t\t<\/a>\n\t\t\t<a href=\"https:\/\/riwal-wpn.acceptatie.indicia-interactiv.nl\/no\/om-riwal\/gronn-omstilling\/vare-baerekraftige-losninger\/\"  class=\"wp-block-rental-theme-services__item wp-block-rental-theme-services__item--mobile\">\n\t\t\t\t<div class=\"wp-block-rental-theme-services__item-content\">\n\t\t\t\t\t<div class=\"wp-block-rental-theme-services__item-content__button\">\n\t\t\t\t\t\t<div class=\"wp-block-rental-theme-services__item-content-title \">\n\t\t\t\t\t\t\tB\u00e6rekraftige l\u00f8sninger\t\t\t\t\t\t<\/div>\n\t\t\t\t\t\t<div class=\"wp-block-rental-theme-services__item-content__button-icon\">\n\t\t\t\t\t\t\t<svg width=\"9\" height=\"9\" viewBox=\"0 0 9 9\" fill=\"#021A35\" xmlns=\"http:\/\/www.w3.org\/2000\/svg\"><path fill-rule=\"evenodd\" clip-rule=\"evenodd\" d=\"M.594.972H8.29V8.67H6.5V2.762H.594V.972Z\"\/><\/svg>\t\t\t\t\t\t<\/div>\n\t\t\t\t\t<\/div>\n\t\t\t\t<\/div>\n\t\t\t<\/a>\n\t\t\t\t\t<a href=\"https:\/\/riwal-wpn.acceptatie.indicia-interactiv.nl\/no\/om-riwal\/gronn-omstilling\/elektrisk-lifter-riwal-norge\/\"  class=\"wp-block-rental-theme-services__item wp-block-rental-theme-services__item--not-mobile wp-block-rental-theme-services__item--3\">\n\t\t\t\t<div class=\"wp-block-rental-theme-services__item-content\">\n\t\t\t\t\t<img decoding=\"async\" width=\"899\" height=\"900\" src=\"https:\/\/riwal-wpn.acceptatie.indicia-interactiv.nl\/app\/uploads\/sites\/12\/2024\/02\/Product-Website-Drukwerk.jpg\" class=\"wp-block-rental-theme-services__item-content__image\" alt=\"\" loading=\"lazy\" srcset=\"https:\/\/riwal-wpn.acceptatie.indicia-interactiv.nl\/app\/uploads\/sites\/12\/2024\/02\/Product-Website-Drukwerk.jpg 899w, https:\/\/riwal-wpn.acceptatie.indicia-interactiv.nl\/app\/uploads\/sites\/12\/2024\/02\/Product-Website-Drukwerk-300x300.jpg 300w, https:\/\/riwal-wpn.acceptatie.indicia-interactiv.nl\/app\/uploads\/sites\/12\/2024\/02\/Product-Website-Drukwerk-150x150.jpg 150w, https:\/\/riwal-wpn.acceptatie.indicia-interactiv.nl\/app\/uploads\/sites\/12\/2024\/02\/Product-Website-Drukwerk-768x769.jpg 768w, https:\/\/riwal-wpn.acceptatie.indicia-interactiv.nl\/app\/uploads\/sites\/12\/2024\/02\/Product-Website-Drukwerk-178x178.jpg 178w, https:\/\/riwal-wpn.acceptatie.indicia-interactiv.nl\/app\/uploads\/sites\/12\/2024\/02\/Product-Website-Drukwerk-390x390.jpg 390w, https:\/\/riwal-wpn.acceptatie.indicia-interactiv.nl\/app\/uploads\/sites\/12\/2024\/02\/Product-Website-Drukwerk-627x628.jpg 627w, https:\/\/riwal-wpn.acceptatie.indicia-interactiv.nl\/app\/uploads\/sites\/12\/2024\/02\/Product-Website-Drukwerk-726x726.jpg 726w, https:\/\/riwal-wpn.acceptatie.indicia-interactiv.nl\/app\/uploads\/sites\/12\/2024\/02\/Product-Website-Drukwerk-200x200.jpg 200w, https:\/\/riwal-wpn.acceptatie.indicia-interactiv.nl\/app\/uploads\/sites\/12\/2024\/02\/Product-Website-Drukwerk-489x490.jpg 489w, https:\/\/riwal-wpn.acceptatie.indicia-interactiv.nl\/app\/uploads\/sites\/12\/2024\/02\/Product-Website-Drukwerk-237x237.jpg 237w, https:\/\/riwal-wpn.acceptatie.indicia-interactiv.nl\/app\/uploads\/sites\/12\/2024\/02\/Product-Website-Drukwerk-474x475.jpg 474w\" sizes=\"auto, (max-width: 899px) 100vw, 899px\" \/>\t\t\t\t\t<div class=\"wp-block-rental-theme-services__item-content-title\">\n\t\t\t\t\t\t100% elektriske lifte\t\t\t\t\t<\/div>\n\t\t\t\t<\/div>\n\t\t\t<\/a>\n\t\t\t<a href=\"https:\/\/riwal-wpn.acceptatie.indicia-interactiv.nl\/no\/om-riwal\/gronn-omstilling\/elektrisk-lifter-riwal-norge\/\"  class=\"wp-block-rental-theme-services__item wp-block-rental-theme-services__item--mobile\">\n\t\t\t\t<div class=\"wp-block-rental-theme-services__item-content\">\n\t\t\t\t\t<div class=\"wp-block-rental-theme-services__item-content__button\">\n\t\t\t\t\t\t<div class=\"wp-block-rental-theme-services__item-content-title \">\n\t\t\t\t\t\t\t100% elektriske lifte\t\t\t\t\t\t<\/div>\n\t\t\t\t\t\t<div class=\"wp-block-rental-theme-services__item-content__button-icon\">\n\t\t\t\t\t\t\t<svg width=\"9\" height=\"9\" viewBox=\"0 0 9 9\" fill=\"#021A35\" xmlns=\"http:\/\/www.w3.org\/2000\/svg\"><path fill-rule=\"evenodd\" clip-rule=\"evenodd\" d=\"M.594.972H8.29V8.67H6.5V2.762H.594V.972Z\"\/><\/svg>\t\t\t\t\t\t<\/div>\n\t\t\t\t\t<\/div>\n\t\t\t\t<\/div>\n\t\t\t<\/a>\n\t\t\t<\/div>\n<\/div>\n<\/div>\n\t\t\t\t\t\t\t<\/div> ","protected":false},"excerpt":{"rendered":"<p>V\u00e5re b\u00e6rekraftige initiativer Riwal \u00f8ker innsatsen n\u00e5r det gjelder b\u00e6rekraft. Vi har satt v\u00e5re b\u00e6rekraftsm\u00e5l i tr\u00e5d med FNs b\u00e6rekraftsm\u00e5l (SDG). Selskapet har satt globale m\u00e5l ved siden av disse verdensm\u00e5lene som implementeres i alle 16 land hvor Riwal har aktiviteter. Vi pr\u00f8ver, hvor det er mulig, \u00e5 arbeide p\u00e5 samme m\u00e5te p\u00e5 tvers av &hellip; <a href=\"https:\/\/riwal-wpn.acceptatie.indicia-interactiv.nl\/no\/om-riwal\/gronn-omstilling\/vare-baerekraftige-initiativer\/\">Fortsettelse<\/a><\/p>\n","protected":false},"author":36,"featured_media":0,"parent":5896,"menu_order":0,"comment_status":"closed","ping_status":"closed","template":"","meta":{"_acf_changed":false,"editor_notices":[],"footnotes":""},"class_list":["post-5915","page","type-page","status-publish","hentry"],"acf":[],"yoast_head":"<!-- This site is optimized with the Yoast SEO Premium plugin v27.1 (Yoast SEO v27.1.1) - https:\/\/yoast.com\/product\/yoast-seo-premium-wordpress\/ -->\n<title>V\u00e5re b\u00e6rekraftige initiativer - Riwal Norge<\/title>\n<meta name=\"robots\" content=\"noindex, follow, max-snippet:-1, max-image-preview:large, max-video-preview:-1\" \/>\n<meta property=\"og:locale\" content=\"nn_NO\" \/>\n<meta property=\"og:type\" content=\"article\" \/>\n<meta property=\"og:title\" content=\"V\u00e5re b\u00e6rekraftige initiativer\" \/>\n<meta property=\"og:description\" content=\"V\u00e5re b\u00e6rekraftige initiativer Riwal \u00f8ker innsatsen n\u00e5r det gjelder b\u00e6rekraft. Vi har satt v\u00e5re b\u00e6rekraftsm\u00e5l i tr\u00e5d med FNs b\u00e6rekraftsm\u00e5l (SDG). Selskapet har satt globale m\u00e5l ved siden av disse verdensm\u00e5lene som implementeres i alle 16 land hvor Riwal har aktiviteter. Vi pr\u00f8ver, hvor det er mulig, \u00e5 arbeide p\u00e5 samme m\u00e5te p\u00e5 tvers av &hellip; Fortsettelse\" \/>\n<meta property=\"og:url\" content=\"https:\/\/riwal-wpn.acceptatie.indicia-interactiv.nl\/no\/om-riwal\/gronn-omstilling\/vare-baerekraftige-initiativer\/\" \/>\n<meta property=\"og:site_name\" content=\"Riwal Norge\" \/>\n<meta property=\"article:modified_time\" content=\"2024-02-12T12:32:45+00:00\" \/>\n<meta property=\"og:image\" content=\"https:\/\/riwal-wpn.acceptatie.indicia-interactiv.nl\/app\/uploads\/sites\/14\/2023\/08\/Sustainability-Logo-1.png\" \/>\n<meta name=\"twitter:card\" content=\"summary_large_image\" \/>\n<script type=\"application\/ld+json\" class=\"yoast-schema-graph\">{\"@context\":\"https:\/\/schema.org\",\"@graph\":[{\"@type\":\"WebPage\",\"@id\":\"https:\/\/riwal-wpn.acceptatie.indicia-interactiv.nl\/no\/om-riwal\/gronn-omstilling\/vare-baerekraftige-initiativer\/\",\"url\":\"https:\/\/riwal-wpn.acceptatie.indicia-interactiv.nl\/no\/om-riwal\/gronn-omstilling\/vare-baerekraftige-initiativer\/\",\"name\":\"V\u00e5re b\u00e6rekraftige initiativer - Riwal Norge\",\"isPartOf\":{\"@id\":\"https:\/\/riwal-wpn.acceptatie.indicia-interactiv.nl\/no\/#website\"},\"primaryImageOfPage\":{\"@id\":\"https:\/\/riwal-wpn.acceptatie.indicia-interactiv.nl\/no\/om-riwal\/gronn-omstilling\/vare-baerekraftige-initiativer\/#primaryimage\"},\"image\":{\"@id\":\"https:\/\/riwal-wpn.acceptatie.indicia-interactiv.nl\/no\/om-riwal\/gronn-omstilling\/vare-baerekraftige-initiativer\/#primaryimage\"},\"thumbnailUrl\":\"https:\/\/riwal-wpn.acceptatie.indicia-interactiv.nl\/app\/uploads\/sites\/14\/2023\/08\/Sustainability-Logo-1.png\",\"datePublished\":\"2024-02-12T09:21:13+00:00\",\"dateModified\":\"2024-02-12T12:32:45+00:00\",\"breadcrumb\":{\"@id\":\"https:\/\/riwal-wpn.acceptatie.indicia-interactiv.nl\/no\/om-riwal\/gronn-omstilling\/vare-baerekraftige-initiativer\/#breadcrumb\"},\"inLanguage\":\"nn-NO\",\"potentialAction\":[{\"@type\":\"ReadAction\",\"target\":[\"https:\/\/riwal-wpn.acceptatie.indicia-interactiv.nl\/no\/om-riwal\/gronn-omstilling\/vare-baerekraftige-initiativer\/\"]}]},{\"@type\":\"ImageObject\",\"inLanguage\":\"nn-NO\",\"@id\":\"https:\/\/riwal-wpn.acceptatie.indicia-interactiv.nl\/no\/om-riwal\/gronn-omstilling\/vare-baerekraftige-initiativer\/#primaryimage\",\"url\":\"https:\/\/riwal-wpn.acceptatie.indicia-interactiv.nl\/app\/uploads\/sites\/14\/2023\/08\/Sustainability-Logo-1.png\",\"contentUrl\":\"https:\/\/riwal-wpn.acceptatie.indicia-interactiv.nl\/app\/uploads\/sites\/14\/2023\/08\/Sustainability-Logo-1.png\"},{\"@type\":\"BreadcrumbList\",\"@id\":\"https:\/\/riwal-wpn.acceptatie.indicia-interactiv.nl\/no\/om-riwal\/gronn-omstilling\/vare-baerekraftige-initiativer\/#breadcrumb\",\"itemListElement\":[{\"@type\":\"ListItem\",\"position\":1,\"name\":\"Hjem\",\"item\":\"https:\/\/riwal-wpn.acceptatie.indicia-interactiv.nl\/no\/\"},{\"@type\":\"ListItem\",\"position\":2,\"name\":\"Om Riwal\",\"item\":\"https:\/\/riwal-wpn.acceptatie.indicia-interactiv.nl\/no\/om-riwal\/\"},{\"@type\":\"ListItem\",\"position\":3,\"name\":\"Gr\u00f8nn omstilling\",\"item\":\"https:\/\/riwal-wpn.acceptatie.indicia-interactiv.nl\/no\/om-riwal\/gronn-omstilling\/\"},{\"@type\":\"ListItem\",\"position\":4,\"name\":\"V\u00e5re b\u00e6rekraftige initiativer\"}]},{\"@type\":\"WebSite\",\"@id\":\"https:\/\/riwal-wpn.acceptatie.indicia-interactiv.nl\/no\/#website\",\"url\":\"https:\/\/riwal-wpn.acceptatie.indicia-interactiv.nl\/no\/\",\"name\":\"Riwal\",\"description\":\"JLG lifter til salgs\",\"publisher\":{\"@id\":\"https:\/\/riwal-wpn.acceptatie.indicia-interactiv.nl\/no\/#organization\"},\"potentialAction\":[{\"@type\":\"SearchAction\",\"target\":{\"@type\":\"EntryPoint\",\"urlTemplate\":\"https:\/\/riwal-wpn.acceptatie.indicia-interactiv.nl\/no\/?s={search_term_string}\"},\"query-input\":{\"@type\":\"PropertyValueSpecification\",\"valueRequired\":true,\"valueName\":\"search_term_string\"}}],\"inLanguage\":\"nn-NO\"},{\"@type\":\"Organization\",\"@id\":\"https:\/\/riwal-wpn.acceptatie.indicia-interactiv.nl\/no\/#organization\",\"name\":\"Riwal\",\"url\":\"https:\/\/riwal-wpn.acceptatie.indicia-interactiv.nl\/no\/\",\"logo\":{\"@type\":\"ImageObject\",\"inLanguage\":\"nn-NO\",\"@id\":\"https:\/\/riwal-wpn.acceptatie.indicia-interactiv.nl\/no\/#\/schema\/logo\/image\/\",\"url\":\"\",\"contentUrl\":\"\",\"caption\":\"Riwal\"},\"image\":{\"@id\":\"https:\/\/riwal-wpn.acceptatie.indicia-interactiv.nl\/no\/#\/schema\/logo\/image\/\"}}]}<\/script>\n<!-- \/ Yoast SEO Premium plugin. -->","yoast_head_json":{"title":"V\u00e5re b\u00e6rekraftige initiativer - Riwal Norge","robots":{"index":"noindex","follow":"follow","max-snippet":"max-snippet:-1","max-image-preview":"max-image-preview:large","max-video-preview":"max-video-preview:-1"},"og_locale":"nn_NO","og_type":"article","og_title":"V\u00e5re b\u00e6rekraftige initiativer","og_description":"V\u00e5re b\u00e6rekraftige initiativer Riwal \u00f8ker innsatsen n\u00e5r det gjelder b\u00e6rekraft. Vi har satt v\u00e5re b\u00e6rekraftsm\u00e5l i tr\u00e5d med FNs b\u00e6rekraftsm\u00e5l (SDG). Selskapet har satt globale m\u00e5l ved siden av disse verdensm\u00e5lene som implementeres i alle 16 land hvor Riwal har aktiviteter. Vi pr\u00f8ver, hvor det er mulig, \u00e5 arbeide p\u00e5 samme m\u00e5te p\u00e5 tvers av &hellip; Fortsettelse","og_url":"https:\/\/riwal-wpn.acceptatie.indicia-interactiv.nl\/no\/om-riwal\/gronn-omstilling\/vare-baerekraftige-initiativer\/","og_site_name":"Riwal Norge","article_modified_time":"2024-02-12T12:32:45+00:00","og_image":[{"url":"https:\/\/riwal-wpn.acceptatie.indicia-interactiv.nl\/app\/uploads\/sites\/14\/2023\/08\/Sustainability-Logo-1.png","type":"","width":"","height":""}],"twitter_card":"summary_large_image","schema":{"@context":"https:\/\/schema.org","@graph":[{"@type":"WebPage","@id":"https:\/\/riwal-wpn.acceptatie.indicia-interactiv.nl\/no\/om-riwal\/gronn-omstilling\/vare-baerekraftige-initiativer\/","url":"https:\/\/riwal-wpn.acceptatie.indicia-interactiv.nl\/no\/om-riwal\/gronn-omstilling\/vare-baerekraftige-initiativer\/","name":"V\u00e5re b\u00e6rekraftige initiativer - Riwal Norge","isPartOf":{"@id":"https:\/\/riwal-wpn.acceptatie.indicia-interactiv.nl\/no\/#website"},"primaryImageOfPage":{"@id":"https:\/\/riwal-wpn.acceptatie.indicia-interactiv.nl\/no\/om-riwal\/gronn-omstilling\/vare-baerekraftige-initiativer\/#primaryimage"},"image":{"@id":"https:\/\/riwal-wpn.acceptatie.indicia-interactiv.nl\/no\/om-riwal\/gronn-omstilling\/vare-baerekraftige-initiativer\/#primaryimage"},"thumbnailUrl":"https:\/\/riwal-wpn.acceptatie.indicia-interactiv.nl\/app\/uploads\/sites\/14\/2023\/08\/Sustainability-Logo-1.png","datePublished":"2024-02-12T09:21:13+00:00","dateModified":"2024-02-12T12:32:45+00:00","breadcrumb":{"@id":"https:\/\/riwal-wpn.acceptatie.indicia-interactiv.nl\/no\/om-riwal\/gronn-omstilling\/vare-baerekraftige-initiativer\/#breadcrumb"},"inLanguage":"nn-NO","potentialAction":[{"@type":"ReadAction","target":["https:\/\/riwal-wpn.acceptatie.indicia-interactiv.nl\/no\/om-riwal\/gronn-omstilling\/vare-baerekraftige-initiativer\/"]}]},{"@type":"ImageObject","inLanguage":"nn-NO","@id":"https:\/\/riwal-wpn.acceptatie.indicia-interactiv.nl\/no\/om-riwal\/gronn-omstilling\/vare-baerekraftige-initiativer\/#primaryimage","url":"https:\/\/riwal-wpn.acceptatie.indicia-interactiv.nl\/app\/uploads\/sites\/14\/2023\/08\/Sustainability-Logo-1.png","contentUrl":"https:\/\/riwal-wpn.acceptatie.indicia-interactiv.nl\/app\/uploads\/sites\/14\/2023\/08\/Sustainability-Logo-1.png"},{"@type":"BreadcrumbList","@id":"https:\/\/riwal-wpn.acceptatie.indicia-interactiv.nl\/no\/om-riwal\/gronn-omstilling\/vare-baerekraftige-initiativer\/#breadcrumb","itemListElement":[{"@type":"ListItem","position":1,"name":"Hjem","item":"https:\/\/riwal-wpn.acceptatie.indicia-interactiv.nl\/no\/"},{"@type":"ListItem","position":2,"name":"Om Riwal","item":"https:\/\/riwal-wpn.acceptatie.indicia-interactiv.nl\/no\/om-riwal\/"},{"@type":"ListItem","position":3,"name":"Gr\u00f8nn omstilling","item":"https:\/\/riwal-wpn.acceptatie.indicia-interactiv.nl\/no\/om-riwal\/gronn-omstilling\/"},{"@type":"ListItem","position":4,"name":"V\u00e5re b\u00e6rekraftige initiativer"}]},{"@type":"WebSite","@id":"https:\/\/riwal-wpn.acceptatie.indicia-interactiv.nl\/no\/#website","url":"https:\/\/riwal-wpn.acceptatie.indicia-interactiv.nl\/no\/","name":"Riwal","description":"JLG lifter til salgs","publisher":{"@id":"https:\/\/riwal-wpn.acceptatie.indicia-interactiv.nl\/no\/#organization"},"potentialAction":[{"@type":"SearchAction","target":{"@type":"EntryPoint","urlTemplate":"https:\/\/riwal-wpn.acceptatie.indicia-interactiv.nl\/no\/?s={search_term_string}"},"query-input":{"@type":"PropertyValueSpecification","valueRequired":true,"valueName":"search_term_string"}}],"inLanguage":"nn-NO"},{"@type":"Organization","@id":"https:\/\/riwal-wpn.acceptatie.indicia-interactiv.nl\/no\/#organization","name":"Riwal","url":"https:\/\/riwal-wpn.acceptatie.indicia-interactiv.nl\/no\/","logo":{"@type":"ImageObject","inLanguage":"nn-NO","@id":"https:\/\/riwal-wpn.acceptatie.indicia-interactiv.nl\/no\/#\/schema\/logo\/image\/","url":"","contentUrl":"","caption":"Riwal"},"image":{"@id":"https:\/\/riwal-wpn.acceptatie.indicia-interactiv.nl\/no\/#\/schema\/logo\/image\/"}}]}},"_links":{"self":[{"href":"https:\/\/riwal-wpn.acceptatie.indicia-interactiv.nl\/no\/wp-json\/wp\/v2\/pages\/5915","targetHints":{"allow":["GET"]}}],"collection":[{"href":"https:\/\/riwal-wpn.acceptatie.indicia-interactiv.nl\/no\/wp-json\/wp\/v2\/pages"}],"about":[{"href":"https:\/\/riwal-wpn.acceptatie.indicia-interactiv.nl\/no\/wp-json\/wp\/v2\/types\/page"}],"author":[{"embeddable":true,"href":"https:\/\/riwal-wpn.acceptatie.indicia-interactiv.nl\/no\/wp-json\/wp\/v2\/users\/36"}],"replies":[{"embeddable":true,"href":"https:\/\/riwal-wpn.acceptatie.indicia-interactiv.nl\/no\/wp-json\/wp\/v2\/comments?post=5915"}],"version-history":[{"count":5,"href":"https:\/\/riwal-wpn.acceptatie.indicia-interactiv.nl\/no\/wp-json\/wp\/v2\/pages\/5915\/revisions"}],"predecessor-version":[{"id":5953,"href":"https:\/\/riwal-wpn.acceptatie.indicia-interactiv.nl\/no\/wp-json\/wp\/v2\/pages\/5915\/revisions\/5953"}],"up":[{"embeddable":true,"href":"https:\/\/riwal-wpn.acceptatie.indicia-interactiv.nl\/no\/wp-json\/wp\/v2\/pages\/5896"}],"wp:attachment":[{"href":"https:\/\/riwal-wpn.acceptatie.indicia-interactiv.nl\/no\/wp-json\/wp\/v2\/media?parent=5915"}],"curies":[{"name":"wp","href":"https:\/\/api.w.org\/{rel}","templated":true}]}}