{"id":5100,"date":"2023-12-22T14:21:47","date_gmt":"2023-12-22T14:21:47","guid":{"rendered":"https:\/\/riwal-wpn.acceptatie.indicia-interactiv.nl\/pl\/?page_id=5100"},"modified":"2024-02-05T11:12:11","modified_gmt":"2024-02-05T11:12:11","slug":"myriwal","status":"publish","type":"page","link":"https:\/\/riwal-wpn.acceptatie.indicia-interactiv.nl\/pl\/myriwal\/","title":{"rendered":"MyRiwal"},"content":{"rendered":"<div class=\"container\">\n<h1 class=\"wp-block-heading\" id=\"h-my-riwal-portal-klienta\" style=\"font-size:36px\">MY RIWAL &#8211; Portal Klienta<\/h1>\n<\/div>\n\n<div class=\"rental-wp-default-block rental-theme-block-default-margin\">\n\t\t\t\t\t\t\t\t<div class=\"container\">\n<div class=\"wp-block-columns is-layout-flex wp-container-core-columns-is-layout-28f84493 wp-block-columns-is-layout-flex\">\n<div class=\"wp-block-column is-layout-flow wp-block-column-is-layout-flow\" style=\"flex-basis:66.66%\">\n<p>My Riwal to wyj\u0105tkowe, bezpieczne narz\u0119dzie online, dzi\u0119ki kt\u00f3remu wsp\u00f3\u0142praca z Riwal stanie si\u0119 jeszcze \u0142atwiejsza.\u00a0 My Riwal to dost\u0119p w czasie rzeczywistym do danych o wynaj\u0119tych przez Ciebie maszynach, oszcz\u0119dzaj\u0105cy Tw\u00f3j czas i zwi\u0119kszaj\u0105cy wydajno\u015b\u0107 pracy!<\/p>\n\n\n\n<p><strong>Wgl\u0105d w status wynaj\u0119tych maszyn w czasie rzeczywistym<\/strong><\/p>\n\n\n\n<p><strong>My Riwal dostarcza informacj\u0119 o aktualnych i zako\u0144czonych zam\u00f3wieniach maszyn na wynajem oraz o zbli\u017caj\u0105cych si\u0119 dostawach i zako\u0144czeniu wynajmu. Daje tak\u017ce mo\u017cliwo\u015b\u0107 podejrzenia swoich um\u00f3w do ka\u017cdego zam\u00f3wienia. Dodatkowo, mo\u017cna w ka\u017cdej chwili sprawdzi\u0107, kt\u00f3re maszyny pracuj\u0105 na poszczeg\u00f3lnych projektach, a nawet zlokalizowa\u0107 konkretn\u0105 maszyn\u0119 na placu budowy.<\/strong><\/p>\n<\/div>\n\n\n\n<div class=\"wp-block-column is-layout-flow wp-block-column-is-layout-flow\" style=\"flex-basis:33.33%\">\n<figure class=\"wp-block-image size-full\"><img loading=\"lazy\" decoding=\"async\" width=\"325\" height=\"211\" src=\"https:\/\/riwal-wpn.acceptatie.indicia-interactiv.nl\/app\/uploads\/sites\/9\/2024\/02\/portal-My-Riwal.webp\" alt=\"\" class=\"wp-image-7127\" srcset=\"https:\/\/riwal-wpn.acceptatie.indicia-interactiv.nl\/app\/uploads\/sites\/9\/2024\/02\/portal-My-Riwal.webp 325w, https:\/\/riwal-wpn.acceptatie.indicia-interactiv.nl\/app\/uploads\/sites\/9\/2024\/02\/portal-My-Riwal-300x195.webp 300w, https:\/\/riwal-wpn.acceptatie.indicia-interactiv.nl\/app\/uploads\/sites\/9\/2024\/02\/portal-My-Riwal-178x116.webp 178w, https:\/\/riwal-wpn.acceptatie.indicia-interactiv.nl\/app\/uploads\/sites\/9\/2024\/02\/portal-My-Riwal-250x162.webp 250w, https:\/\/riwal-wpn.acceptatie.indicia-interactiv.nl\/app\/uploads\/sites\/9\/2024\/02\/portal-My-Riwal-237x154.webp 237w\" sizes=\"auto, (max-width: 325px) 100vw, 325px\" \/><\/figure>\n<\/div>\n<\/div>\n<\/div>\n\t\t\t\t\t\t\t<\/div> \n\n<div class=\"container\">\n<p><strong>Wynajem i zg\u0142oszenie ko\u0144ca wynajmu online<\/strong><\/p>\n<\/div>\n\n<div class=\"container\">\n<p><strong>U\u017cywaj\u0105c portalu My Riwal mo\u017cna zg\u0142osi\u0107 do zwrotu podest ruchomy czy \u0142adowark\u0119 24\/7, co oszcz\u0119dza Tw\u00f3j czas. Maszyna mia\u0142a awari\u0119? Dzi\u0119ki My Riwal wezwiesz nasz serwis mobilny do wybranej maszyny jednym klikni\u0119ciem. Szybko pobierzesz tak\u017ce specyfikacj\u0119 czy dokumentacj\u0119 UDT do danego modelu. Ponowne wynaj\u0119cie maszyny, kt\u00f3ra ju\u017c pracowa\u0142a na jednym z Twoich projekt\u00f3w, zmiana os\u00f3b kontaktowych na projekcie r\u00f3wnie\u017c zajmuje chwil\u0119. Specjalnie zaprojektowana sekcja do szukania nowej maszyny na wynajem pozwala szybko i efektywnie znale\u017a\u0107 urz\u0105dzenie odpowiadaj\u0105ce Twoim potrzebom.<\/strong><\/p>\n<\/div>\n\n<div class=\"container\">\n<p><strong>Jedyne czego potrzebujesz to komputer lub tablet z dost\u0119pem do Internetu.<\/strong><\/p>\n<\/div>\n\n<div class=\"container\">\n<p><strong>Mo\u017cliwo\u015b\u0107 korzystania z opcji My Riwal przez aplikacj\u0119 na telefon<\/strong><\/p>\n<\/div>\n\n<div class=\"container\">\n<p><strong>Klienci, kt\u00f3rzy maj\u0105 konto w My Riwal mog\u0105 tak\u017ce realizowa\u0107 wszystkie powy\u017csze dzia\u0142ania za po\u015brednictwem darmowej aplikacji na telefony kom\u00f3rkowe <\/strong><a href=\"https:\/\/riwal-wpn.acceptatie.indicia-interactiv.nl\/poland\/pl-pl\/rozwiazania\/innowacje\/aplikacja-my-riwal-rental\"><strong>My Riwal App<\/strong><\/a><strong> dost\u0119pnej zar\u00f3wno na Android, jak i iPhone. Wystarczy zalogowa\u0107 si\u0119 na swoje dane poprzez My Riwal App.<\/strong><\/p>\n<\/div>\n\n<div class=\"container\">\n<p><strong>Co <\/strong><strong>zyskujesz<\/strong><strong> u\u017cywaj\u0105c portalu <\/strong><strong>My RIWAL?<\/strong><\/p>\n<\/div>\n\n<div class=\"container\">\n<ul class=\"wp-block-list\">\n<li><strong>Podgl\u0105d online wynaj\u0119tych obecnie od Riwal maszyn<\/strong><\/li>\n\n\n\n<li><strong>Mo\u017cliwo\u015b\u0107 filtrowania po dacie, projektach, kierowniku projektu<\/strong><\/li>\n\n\n\n<li><strong>Wgl\u0105d w koszty wynajmu w danym okresie<\/strong><\/li>\n\n\n\n<li><strong>Dost\u0119p online do historii wynaj\u0119tych maszynd<\/strong>s<\/li>\n\n\n\n<li><strong>Mo\u017cliwo\u015b\u0107 stworzenia raportu Excel z list\u0105 wynaj\u0119tych od RIWAL maszyn jednymf<\/strong>ds<strong>\u0119ciem<\/strong><\/li>\n\n\n\n<li><strong>Informacj\u0119 o zbli\u017caj\u0105cych si\u0119 ko\u0144cach najmu, o zbli\u017caj\u0105cych si\u0119 dostawach<\/strong><\/li>\n\n\n\n<li><strong>Mo\u017cliwo\u015b\u0107 pobrania dokumentacji technicznej dotycz\u0105cej maszyn<\/strong><\/li>\n\n\n\n<li><strong>Mo\u017cliwo\u015b\u0107 wynaj\u0119cia i zg\u0142oszenia zwrotu maszyny online<\/strong><\/li>\n\n\n\n<li><strong>Zg\u0142oszenie usterki maszyny i wezwanie serwisu jednym klikni\u0119ciemd<\/strong>vsf<\/li>\n\n\n\n<li><strong>Mo\u017cliwo\u015b\u0107 dok\u0142adnego zlokalizowania maszyny pracuj\u0105cej na projekcie<\/strong><\/li>\n\n\n\n<li><strong>Wgl\u0105d w faktyczny czas pracy maszyny<\/strong><\/li>\n\n\n\n<li><strong>Dane kontaktowe do opiekuna handlowego<\/strong><\/li>\n\n\n\n<li><strong>Dost\u0119p z ka\u017cdego urz\u0105dzenia &#8211; komputera, tabletu, a nawet telefonu!<\/strong><\/li>\n<\/ul>\n<\/div>\n\n<div class=\"rental-wp-default-block rental-theme-block-default-margin\">\n\t\t\t\t\t\t\t\t<div class=\"container\">\n<div class=\"wp-block-buttons is-nowrap is-layout-flex wp-container-core-buttons-is-layout-6c531013 wp-block-buttons-is-layout-flex\"><\/div>\n<\/div>\n\t\t\t\t\t\t\t<\/div> \n\n<div class=\"rental-wp-default-block rental-theme-block-default-margin\"><div class=\"container\">\n<figure class=\"wp-block-embed is-type-video is-provider-youtube wp-block-embed-youtube\"><div class=\"wp-block-embed__wrapper\">\n<iframe loading=\"lazy\" title=\"Riwal - Portal strategicznego klienta My Riwal\" width=\"500\" height=\"281\" src=\"https:\/\/www.youtube.com\/embed\/LhWGcqCvaaM?feature=oembed\" frameborder=\"0\" allow=\"accelerometer; autoplay; clipboard-write; encrypted-media; gyroscope; picture-in-picture; web-share\" referrerpolicy=\"strict-origin-when-cross-origin\" allowfullscreen><\/iframe>\n<\/div><\/figure>\n<\/div><\/div>","protected":false},"excerpt":{"rendered":"<p>MY RIWAL &#8211; Portal Klienta My Riwal to wyj\u0105tkowe, bezpieczne narz\u0119dzie online, dzi\u0119ki kt\u00f3remu wsp\u00f3\u0142praca z Riwal stanie si\u0119 jeszcze \u0142atwiejsza.\u00a0 My Riwal to dost\u0119p w czasie rzeczywistym do danych o wynaj\u0119tych przez Ciebie maszynach, oszcz\u0119dzaj\u0105cy Tw\u00f3j czas i zwi\u0119kszaj\u0105cy wydajno\u015b\u0107 pracy! Wgl\u0105d w status wynaj\u0119tych maszyn w czasie rzeczywistym My Riwal dostarcza informacj\u0119 o &hellip; <a href=\"https:\/\/riwal-wpn.acceptatie.indicia-interactiv.nl\/pl\/myriwal\/\">Kontynuuacja<\/a><\/p>\n","protected":false},"author":31,"featured_media":0,"parent":0,"menu_order":0,"comment_status":"closed","ping_status":"closed","template":"","meta":{"_acf_changed":false,"editor_notices":[],"footnotes":""},"class_list":["post-5100","page","type-page","status-publish","hentry"],"acf":[],"yoast_head":"<!-- This site is optimized with the Yoast SEO Premium plugin v27.1 (Yoast SEO v27.1.1) - https:\/\/yoast.com\/product\/yoast-seo-premium-wordpress\/ -->\n<title>MyRiwal - Riwal - Polska<\/title>\n<meta name=\"robots\" content=\"noindex, follow, max-snippet:-1, max-image-preview:large, max-video-preview:-1\" \/>\n<meta property=\"og:locale\" content=\"pl_PL\" \/>\n<meta property=\"og:type\" content=\"article\" \/>\n<meta property=\"og:title\" content=\"MyRiwal\" \/>\n<meta property=\"og:description\" content=\"MY RIWAL &#8211; Portal Klienta My Riwal to wyj\u0105tkowe, bezpieczne narz\u0119dzie online, dzi\u0119ki kt\u00f3remu wsp\u00f3\u0142praca z Riwal stanie si\u0119 jeszcze \u0142atwiejsza.\u00a0 My Riwal to dost\u0119p w czasie rzeczywistym do danych o wynaj\u0119tych przez Ciebie maszynach, oszcz\u0119dzaj\u0105cy Tw\u00f3j czas i zwi\u0119kszaj\u0105cy wydajno\u015b\u0107 pracy! Wgl\u0105d w status wynaj\u0119tych maszyn w czasie rzeczywistym My Riwal dostarcza informacj\u0119 o &hellip; Kontynuuacja\" \/>\n<meta property=\"og:url\" content=\"https:\/\/riwal-wpn.acceptatie.indicia-interactiv.nl\/pl\/myriwal\/\" \/>\n<meta property=\"og:site_name\" content=\"Riwal - Polska\" \/>\n<meta property=\"article:modified_time\" content=\"2024-02-05T11:12:11+00:00\" \/>\n<meta property=\"og:image\" content=\"https:\/\/riwal-wpn.acceptatie.indicia-interactiv.nl\/app\/uploads\/sites\/9\/2024\/02\/portal-My-Riwal.webp\" \/>\n<meta name=\"twitter:card\" content=\"summary_large_image\" \/>\n<meta name=\"twitter:label1\" content=\"Est. reading time\" \/>\n\t<meta name=\"twitter:data1\" content=\"3 minuty\" \/>\n<script type=\"application\/ld+json\" class=\"yoast-schema-graph\">{\"@context\":\"https:\/\/schema.org\",\"@graph\":[{\"@type\":\"WebPage\",\"@id\":\"https:\/\/riwal-wpn.acceptatie.indicia-interactiv.nl\/pl\/myriwal\/\",\"url\":\"https:\/\/riwal-wpn.acceptatie.indicia-interactiv.nl\/pl\/myriwal\/\",\"name\":\"MyRiwal - Riwal - Polska\",\"isPartOf\":{\"@id\":\"https:\/\/riwal-wpn.acceptatie.indicia-interactiv.nl\/pl\/#website\"},\"primaryImageOfPage\":{\"@id\":\"https:\/\/riwal-wpn.acceptatie.indicia-interactiv.nl\/pl\/myriwal\/#primaryimage\"},\"image\":{\"@id\":\"https:\/\/riwal-wpn.acceptatie.indicia-interactiv.nl\/pl\/myriwal\/#primaryimage\"},\"thumbnailUrl\":\"https:\/\/riwal-wpn.acceptatie.indicia-interactiv.nl\/app\/uploads\/sites\/9\/2024\/02\/portal-My-Riwal.webp\",\"datePublished\":\"2023-12-22T14:21:47+00:00\",\"dateModified\":\"2024-02-05T11:12:11+00:00\",\"breadcrumb\":{\"@id\":\"https:\/\/riwal-wpn.acceptatie.indicia-interactiv.nl\/pl\/myriwal\/#breadcrumb\"},\"inLanguage\":\"pl-PL\",\"potentialAction\":[{\"@type\":\"ReadAction\",\"target\":[\"https:\/\/riwal-wpn.acceptatie.indicia-interactiv.nl\/pl\/myriwal\/\"]}]},{\"@type\":\"ImageObject\",\"inLanguage\":\"pl-PL\",\"@id\":\"https:\/\/riwal-wpn.acceptatie.indicia-interactiv.nl\/pl\/myriwal\/#primaryimage\",\"url\":\"https:\/\/riwal-wpn.acceptatie.indicia-interactiv.nl\/app\/uploads\/sites\/9\/2024\/02\/portal-My-Riwal.webp\",\"contentUrl\":\"https:\/\/riwal-wpn.acceptatie.indicia-interactiv.nl\/app\/uploads\/sites\/9\/2024\/02\/portal-My-Riwal.webp\"},{\"@type\":\"BreadcrumbList\",\"@id\":\"https:\/\/riwal-wpn.acceptatie.indicia-interactiv.nl\/pl\/myriwal\/#breadcrumb\",\"itemListElement\":[{\"@type\":\"ListItem\",\"position\":1,\"name\":\"Strona g\u0142\u00f3wna\",\"item\":\"https:\/\/riwal-wpn.acceptatie.indicia-interactiv.nl\/pl\/\"},{\"@type\":\"ListItem\",\"position\":2,\"name\":\"MyRiwal\"}]},{\"@type\":\"WebSite\",\"@id\":\"https:\/\/riwal-wpn.acceptatie.indicia-interactiv.nl\/pl\/#website\",\"url\":\"https:\/\/riwal-wpn.acceptatie.indicia-interactiv.nl\/pl\/\",\"name\":\"Riwal\",\"description\":\"Arial work platform &amp; Telehandler Rental\/Sales\",\"publisher\":{\"@id\":\"https:\/\/riwal-wpn.acceptatie.indicia-interactiv.nl\/pl\/#organization\"},\"potentialAction\":[{\"@type\":\"SearchAction\",\"target\":{\"@type\":\"EntryPoint\",\"urlTemplate\":\"https:\/\/riwal-wpn.acceptatie.indicia-interactiv.nl\/pl\/?s={search_term_string}\"},\"query-input\":{\"@type\":\"PropertyValueSpecification\",\"valueRequired\":true,\"valueName\":\"search_term_string\"}}],\"inLanguage\":\"pl-PL\"},{\"@type\":\"Organization\",\"@id\":\"https:\/\/riwal-wpn.acceptatie.indicia-interactiv.nl\/pl\/#organization\",\"name\":\"Riwal\",\"url\":\"https:\/\/riwal-wpn.acceptatie.indicia-interactiv.nl\/pl\/\",\"logo\":{\"@type\":\"ImageObject\",\"inLanguage\":\"pl-PL\",\"@id\":\"https:\/\/riwal-wpn.acceptatie.indicia-interactiv.nl\/pl\/#\/schema\/logo\/image\/\",\"url\":\"\",\"contentUrl\":\"\",\"caption\":\"Riwal\"},\"image\":{\"@id\":\"https:\/\/riwal-wpn.acceptatie.indicia-interactiv.nl\/pl\/#\/schema\/logo\/image\/\"}}]}<\/script>\n<!-- \/ Yoast SEO Premium plugin. -->","yoast_head_json":{"title":"MyRiwal - Riwal - Polska","robots":{"index":"noindex","follow":"follow","max-snippet":"max-snippet:-1","max-image-preview":"max-image-preview:large","max-video-preview":"max-video-preview:-1"},"og_locale":"pl_PL","og_type":"article","og_title":"MyRiwal","og_description":"MY RIWAL &#8211; Portal Klienta My Riwal to wyj\u0105tkowe, bezpieczne narz\u0119dzie online, dzi\u0119ki kt\u00f3remu wsp\u00f3\u0142praca z Riwal stanie si\u0119 jeszcze \u0142atwiejsza.\u00a0 My Riwal to dost\u0119p w czasie rzeczywistym do danych o wynaj\u0119tych przez Ciebie maszynach, oszcz\u0119dzaj\u0105cy Tw\u00f3j czas i zwi\u0119kszaj\u0105cy wydajno\u015b\u0107 pracy! Wgl\u0105d w status wynaj\u0119tych maszyn w czasie rzeczywistym My Riwal dostarcza informacj\u0119 o &hellip; Kontynuuacja","og_url":"https:\/\/riwal-wpn.acceptatie.indicia-interactiv.nl\/pl\/myriwal\/","og_site_name":"Riwal - Polska","article_modified_time":"2024-02-05T11:12:11+00:00","og_image":[{"url":"https:\/\/riwal-wpn.acceptatie.indicia-interactiv.nl\/app\/uploads\/sites\/9\/2024\/02\/portal-My-Riwal.webp","type":"","width":"","height":""}],"twitter_card":"summary_large_image","twitter_misc":{"Est. reading time":"3 minuty"},"schema":{"@context":"https:\/\/schema.org","@graph":[{"@type":"WebPage","@id":"https:\/\/riwal-wpn.acceptatie.indicia-interactiv.nl\/pl\/myriwal\/","url":"https:\/\/riwal-wpn.acceptatie.indicia-interactiv.nl\/pl\/myriwal\/","name":"MyRiwal - Riwal - Polska","isPartOf":{"@id":"https:\/\/riwal-wpn.acceptatie.indicia-interactiv.nl\/pl\/#website"},"primaryImageOfPage":{"@id":"https:\/\/riwal-wpn.acceptatie.indicia-interactiv.nl\/pl\/myriwal\/#primaryimage"},"image":{"@id":"https:\/\/riwal-wpn.acceptatie.indicia-interactiv.nl\/pl\/myriwal\/#primaryimage"},"thumbnailUrl":"https:\/\/riwal-wpn.acceptatie.indicia-interactiv.nl\/app\/uploads\/sites\/9\/2024\/02\/portal-My-Riwal.webp","datePublished":"2023-12-22T14:21:47+00:00","dateModified":"2024-02-05T11:12:11+00:00","breadcrumb":{"@id":"https:\/\/riwal-wpn.acceptatie.indicia-interactiv.nl\/pl\/myriwal\/#breadcrumb"},"inLanguage":"pl-PL","potentialAction":[{"@type":"ReadAction","target":["https:\/\/riwal-wpn.acceptatie.indicia-interactiv.nl\/pl\/myriwal\/"]}]},{"@type":"ImageObject","inLanguage":"pl-PL","@id":"https:\/\/riwal-wpn.acceptatie.indicia-interactiv.nl\/pl\/myriwal\/#primaryimage","url":"https:\/\/riwal-wpn.acceptatie.indicia-interactiv.nl\/app\/uploads\/sites\/9\/2024\/02\/portal-My-Riwal.webp","contentUrl":"https:\/\/riwal-wpn.acceptatie.indicia-interactiv.nl\/app\/uploads\/sites\/9\/2024\/02\/portal-My-Riwal.webp"},{"@type":"BreadcrumbList","@id":"https:\/\/riwal-wpn.acceptatie.indicia-interactiv.nl\/pl\/myriwal\/#breadcrumb","itemListElement":[{"@type":"ListItem","position":1,"name":"Strona g\u0142\u00f3wna","item":"https:\/\/riwal-wpn.acceptatie.indicia-interactiv.nl\/pl\/"},{"@type":"ListItem","position":2,"name":"MyRiwal"}]},{"@type":"WebSite","@id":"https:\/\/riwal-wpn.acceptatie.indicia-interactiv.nl\/pl\/#website","url":"https:\/\/riwal-wpn.acceptatie.indicia-interactiv.nl\/pl\/","name":"Riwal","description":"Arial work platform &amp; Telehandler Rental\/Sales","publisher":{"@id":"https:\/\/riwal-wpn.acceptatie.indicia-interactiv.nl\/pl\/#organization"},"potentialAction":[{"@type":"SearchAction","target":{"@type":"EntryPoint","urlTemplate":"https:\/\/riwal-wpn.acceptatie.indicia-interactiv.nl\/pl\/?s={search_term_string}"},"query-input":{"@type":"PropertyValueSpecification","valueRequired":true,"valueName":"search_term_string"}}],"inLanguage":"pl-PL"},{"@type":"Organization","@id":"https:\/\/riwal-wpn.acceptatie.indicia-interactiv.nl\/pl\/#organization","name":"Riwal","url":"https:\/\/riwal-wpn.acceptatie.indicia-interactiv.nl\/pl\/","logo":{"@type":"ImageObject","inLanguage":"pl-PL","@id":"https:\/\/riwal-wpn.acceptatie.indicia-interactiv.nl\/pl\/#\/schema\/logo\/image\/","url":"","contentUrl":"","caption":"Riwal"},"image":{"@id":"https:\/\/riwal-wpn.acceptatie.indicia-interactiv.nl\/pl\/#\/schema\/logo\/image\/"}}]}},"_links":{"self":[{"href":"https:\/\/riwal-wpn.acceptatie.indicia-interactiv.nl\/pl\/wp-json\/wp\/v2\/pages\/5100","targetHints":{"allow":["GET"]}}],"collection":[{"href":"https:\/\/riwal-wpn.acceptatie.indicia-interactiv.nl\/pl\/wp-json\/wp\/v2\/pages"}],"about":[{"href":"https:\/\/riwal-wpn.acceptatie.indicia-interactiv.nl\/pl\/wp-json\/wp\/v2\/types\/page"}],"author":[{"embeddable":true,"href":"https:\/\/riwal-wpn.acceptatie.indicia-interactiv.nl\/pl\/wp-json\/wp\/v2\/users\/31"}],"replies":[{"embeddable":true,"href":"https:\/\/riwal-wpn.acceptatie.indicia-interactiv.nl\/pl\/wp-json\/wp\/v2\/comments?post=5100"}],"version-history":[{"count":3,"href":"https:\/\/riwal-wpn.acceptatie.indicia-interactiv.nl\/pl\/wp-json\/wp\/v2\/pages\/5100\/revisions"}],"predecessor-version":[{"id":7129,"href":"https:\/\/riwal-wpn.acceptatie.indicia-interactiv.nl\/pl\/wp-json\/wp\/v2\/pages\/5100\/revisions\/7129"}],"wp:attachment":[{"href":"https:\/\/riwal-wpn.acceptatie.indicia-interactiv.nl\/pl\/wp-json\/wp\/v2\/media?parent=5100"}],"curies":[{"name":"wp","href":"https:\/\/api.w.org\/{rel}","templated":true}]}}