{"id":5548,"date":"2024-01-19T12:37:31","date_gmt":"2024-01-19T12:37:31","guid":{"rendered":"https:\/\/riwal-wpn.acceptatie.indicia-interactiv.nl\/pl\/?page_id=5548"},"modified":"2024-02-08T19:44:17","modified_gmt":"2024-02-08T19:44:17","slug":"finansowanie-maszyn","status":"publish","type":"page","link":"https:\/\/riwal-wpn.acceptatie.indicia-interactiv.nl\/pl\/finansowanie-maszyn\/","title":{"rendered":"Finansowanie maszyn"},"content":{"rendered":"<div class=\"wp-block-rental-theme-featured rental-theme-block-default-padding\">\n\t<div class=\"container\">\n\t\t<div class=\"wp-block-rental-theme-featured-container\">\n\t\t\t<div class=\"wp-block-rental-theme-featured__image\">\n\t\t\t\t<div class=\"wp-block-rental-theme-featured-image-container\">\n\t\t\t\t\t\t\t\t\t\t\t<div class=\"main-image\">\n\t\t\t\t\t\t\t<img decoding=\"async\" src=\"https:\/\/riwal-wpn.acceptatie.indicia-interactiv.nl\/app\/uploads\/sites\/9\/2024\/01\/finansowanie-zakupu-maszyn.svg\" class=\"attachment-featured_block_image size-featured_block_image\" alt=\"\" \/>\t\t\t\t\t\t<\/div>\n\t\t\t\t\t\t\t\t\t\t<div class=\"wp-block-rental-theme-featured-image-container__subtext\">\n\t\t\t\t\t\t\t\t\t\t\t<\/div>\n\t\t\t\t<\/div>\n\t\t\t<\/div>\n\t\t\t<div class=\"wp-block-rental-theme-featured-content\">\n\t\t\t\t<div>\n\t\t\t\t\t<h2 class=\"wp-block-rental-theme-featured-title\">Finansowanie zakupu maszyn<\/h2>\n\t\t\t\t\t<div class=\"wp-block-rental-theme-featured-text\">\n\n<p>W Riwal wiemy, \u017ce zakup podestu ruchomego czy \u0142adowarki obrotowej wymagaj\u0105 szerokiej wiedzy i dba\u0142o\u015bci o szczeg\u00f3\u0142y. Dzi\u0119ki fachowej wiedzy i doradztwie pracownik\u00f3w dzia\u0142u sprzeda\u017cy Riwal, nie zostawimy Ci\u0119 bez odpowiedzi na Twoje pytania.<\/p>\n\n\n\n<p>Na codzie\u0144, w zakresie finansowania zakupu maszyn wsp\u00f3\u0142pracujemy z rzetelnymi partnerami w zakresie doradztwa leasingowego.<br>Nasi partnerzy ch\u0119tnie pomog\u0105 klientow Riwal wybra\u0107 odpowiedni\u0105 ofert\u0119 i form\u0119 leasingu na zakup maszyny.<\/p>\n\n<\/div>\n\t\t\t\t<\/div>\n\t\t\t<\/div>\n\t\t<\/div>\n\t<\/div>\n<\/div>\n\n\n<div class=\"container\">\n<p><\/p>\n<\/div>\n\n<div class=\"container\">\n<h2 class=\"wp-block-heading\" id=\"h-finansowanie-zakupu-podestow-ruchomych-i-ladowarek-teleskopowo-obrotowych\">Finansowanie zakupu podest\u00f3w ruchomych i \u0142adowarek teleskopowo-obrotowych <\/h2>\n<\/div>\n\n<div class=\"container\">\n<p>Skorzystanie z finansowania oferowanego przez instytucje finansowe to szansa na szybki zakup maszyny, kt\u00f3rej potrzebujesz ju\u017c teraz, bez konieczno\u015bci oczekiwania na zgromadzenie wszystkich potrzebnych na zakup \u015brodk\u00f3w. Dzi\u0119ki wsp\u00f3\u0142pracy ze sprawdzonymi partnerami mo\u017cemy zaoferowa\u0107 konkurencyjne rozwi\u0105zania finansowe, kt\u00f3rych warunki s\u0105 korzystniejsze od ofert og\u00f3lno-dost\u0119pnych na rynku.<\/p>\n<\/div>\n\n<div class=\"container\">\n<h2 class=\"wp-block-heading\">Dlaczego do finansowania zakupu maszun warto skorzysta\u0107 z rekomendowanych partner\u00f3w Riwal? <\/h2>\n<\/div>\n\n<div class=\"container\">\n<p>Naszym celem jest udzielanie pe\u0142nego wsparcia dla Twojego biznesu i wszystkich inwestycji, kt\u00f3re pomog\u0105 osi\u0105gn\u0105\u0107 Ci sukces.<br>Finansowanie mo\u017cna uzyska\u0107 za po\u015brednictwem dowolnie wybranego przez siebie partnera, dopasowuj\u0105c opcje do indywidualnych potrzeb finansowych. Nie narzucamy wsp\u00f3\u0142pracy z okre\u015blon\u0105 firm\u0105 \u2013 ta decyzja nale\u017cy wy\u0142\u0105cznie do Ciebie.<br>Rekomendujemy wsp\u00f3\u0142prac\u0119 z jedn\u0105 ze sprawdzonych przez nas instytucji, ze wzgl\u0119du na zweryfikowan\u0105 przez Riwal jako\u015b\u0107 i rzetelno\u015b\u0107 \u015bwiadczonych us\u0142ug.<br>Chcemy, aby ka\u017cdy proces zakupu i finansowania przebiega\u0142 dla naszych klient\u00f3w \u0142atwo i szybko, przy zachowaniu minimum niezb\u0119dnych formalno\u015bci.<br><br>Ch\u0119tnie poznamy tak\u017ce Twoje osobiste do\u015bwiadczenia zwi\u0105zane ze wsp\u00f3\u0142prac\u0105 z jednym z rekomendowanych przez nas przedstawicieli.<\/p>\n<\/div>\n\n<div class=\"container\">\n<h2 class=\"wp-block-heading\" id=\"h-rekomendowane-finansowanie-riwal-poznaj-naszych-partnerow\">Rekomendowane finansowanie Riwal &#8211; Poznaj naszych partner\u00f3w<\/h2>\n<\/div>\n\n<div class=\"rental-wp-default-block rental-theme-block-default-margin\">\n\t\t\t\t\t\t\t\t<div class=\"container\">\n<div class=\"wp-block-columns is-layout-flex wp-container-core-columns-is-layout-28f84493 wp-block-columns-is-layout-flex\">\n<div class=\"wp-block-column is-layout-flow wp-block-column-is-layout-flow\">\n<div class=\"wp-block-media-text is-stacked-on-mobile\" style=\"grid-template-columns:41% auto\"><figure class=\"wp-block-media-text__media\"><img decoding=\"async\" src=\"https:\/\/riwal-wpn.acceptatie.indicia-interactiv.nl\/app\/uploads\/sites\/9\/2024\/01\/pko-leasing.svg\" alt=\"Finansowanie zakupu maszyn z PKO leasing\" class=\"wp-image-5557 size-full\" \/><\/figure><div class=\"wp-block-media-text__content\">\n<p><strong>Kamila Wi\u015bniewska<\/strong>\u00a0&#8211; Starszy Specjalista ds. Sprzeda\u017cy<br><strong>tel<\/strong>.<strong>\u00a0<\/strong><a href=\"http:\/\/+48\u00a0694\u00a0 493\u00a0 978\">+48\u00a0694\u00a0 <\/a><a href=\"tel:+48694493978\">493\u00a0 978<\/a><br><strong>e-mail:\u00a0<\/strong><a href=\"mailto:\">kamila.wisniewska@pkoleasing.pl<\/a><\/p>\n\n\n\n<p><a href=\"https:\/\/www.pkoleasing.pl\/\">https:\/\/www.pkoleasing.pl\/<\/a><\/p>\n<\/div><\/div>\n<\/div>\n\n\n\n<div class=\"wp-block-column is-layout-flow wp-block-column-is-layout-flow\"><\/div>\n<\/div>\n<\/div>\n\t\t\t\t\t\t\t<\/div> \n\n<div class=\"container\">\n<p><strong>KORZY\u015aCI:<br><\/strong><br>&#8211; Mo\u017cliwo\u015b\u0107 finansowania 100% warto\u015bci przedmiotu w PLN, EUR lub USD.<br>&#8211; Mo\u017cliwo\u015b\u0107 finansowania z dotacj\u0105 lub bez oraz refinansowania zakupionych przedmiot\u00f3w.<br>&#8211; Mo\u017cliwo\u015b\u0107 skorzystania z finansowania z gwarancj\u0105 w ramach program\u00f3w Europejskiego Funduszu Inwestycyjnego, tj. COSME, InnovFin lub lokalnych funduszy por\u0119czeniowych.<br>&#8211; Maksymalna warto\u015b\u0107 leasingu i po\u017cyczki \u2013 bez ogranicze\u0144.<br>&#8211; Dostosowujemy harmonogram sp\u0142at do Twoich potrzeb i mo\u017cliwo\u015bci.<br>&#8211; Oferujemy dodatkowe pakiety produkt\u00f3w ubezpieczeniowych, w tym ubezpieczenie Cargo.<br>&#8211; Posprzeda\u017cowa obs\u0142uga umowy przez Portal Klienta.<br>&#8211; Umo\u017cliwili\u015bmy naszym klientom podpisywanie dokument\u00f3w kwalifikowanym podpisem elektronicznym, kt\u00f3ry ma moc prawn\u0105 r\u00f3wnowa\u017cn\u0105 podpisowi w\u0142asnor\u0119cznemu.<\/p>\n<\/div>\n\n<div class=\"rental-wp-default-block rental-theme-block-default-margin\">\n\t\t\t\t\t\t\t\t<div class=\"container\">\n<div class=\"wp-block-columns is-layout-flex wp-container-core-columns-is-layout-28f84493 wp-block-columns-is-layout-flex\">\n<div class=\"wp-block-column is-layout-flow wp-block-column-is-layout-flow\">\n<div class=\"wp-block-media-text is-stacked-on-mobile\"><figure class=\"wp-block-media-text__media\"><img decoding=\"async\" src=\"https:\/\/riwal-wpn.acceptatie.indicia-interactiv.nl\/app\/uploads\/sites\/9\/2024\/01\/Efl-credit-agricole-leasing.svg\" alt=\"Finansowanie zakupu maszyn z Grupa Credit Agricole\" class=\"wp-image-5555 size-full\" \/><\/figure><div class=\"wp-block-media-text__content\">\n<p><strong>Monika Frank\u00f3w<\/strong>&nbsp;\u2013 Doradca finansowy<br><strong>tel:<\/strong> <a href=\"http:\/\/+48 691 481 248\">+48 691 481 248<\/a><br><strong>e-mail:&nbsp;<\/strong><a href=\"mailto:monika.frankow@efl.com.pl\" target=\"_blank\" rel=\"noreferrer noopener\">monika.frankow@efl.com.pl<\/a><\/p>\n\n\n\n<p><a href=\"https:\/\/www.efl.pl\">https:\/\/www.efl.pl<\/a><\/p>\n<\/div><\/div>\n<\/div>\n\n\n\n<div class=\"wp-block-column is-layout-flow wp-block-column-is-layout-flow\"><\/div>\n<\/div>\n<\/div>\n\t\t\t\t\t\t\t<\/div> \n\n<div class=\"container\">\n<p><strong>KORZY\u015aCI:<br><\/strong><br>&#8211; Oferta \u201eskrojona\u201d pod potrzeby Leasingobiorcy- mo\u017cliwo\u015b\u0107 ustalenia harmonogramu dowolnie w zale\u017cno\u015bci np. od sezonowo\u015bci \u2013 mo\u017cliwo\u015b\u0107 odroczenia do 6 pocz\u0105tkowych p\u0142atno\u015bci przy wp\u0142acie pocz\u0105tkowej minimum 25%;<br>&#8211; Indywidualny opiekun sprzeda\u017cy- profesjonalne doradztwo w zakresie doboru odpowiedniego instrumentu finansowego \u2013 leasing operacyjny; po\u017cyczka; finansowanie w EURO; PLN \u2013 gwarancja niezmienno\u015bci rat leasingowych przez ca\u0142y okres trwania umowy bez dodatkowych op\u0142at;<br>&#8211; Brak obowi\u0105zku wyceny sprz\u0119tu przez firm\u0119 zewn\u0119trzn\u0105, co w znacznym stopniu przy\u015bpiesza proces, oraz ogranicza dodatkowe koszty z ni\u0105 zwi\u0105zane;<br>&#8211; Leasing swobodny \u2013 sam zmieniaj wysoko\u015b\u0107 raty;<br>&#8211; Podpis kwalifikowany i wideo rozmowa- podpisywanie umowy zdalnie bez konieczno\u015bci wizyty;<br>&#8211; Jasny i przejrzysty wniosek leasingowy \u2013 nie wymagamy za\u015bwiadcze\u0144 o niezaleganiu;<br>&#8211; Portal Klienta EFL \u2013 zdaniem Klient\u00f3w najlepsze narz\u0119dzie do zarz\u0105dzania umow\u0105 na rynku;<\/p>\n<\/div>\n\n<div class=\"rental-wp-default-block rental-theme-block-default-margin\">\n\t\t\t\t\t\t\t\t<div class=\"container\">\n<div class=\"wp-block-columns is-layout-flex wp-container-core-columns-is-layout-28f84493 wp-block-columns-is-layout-flex\">\n<div class=\"wp-block-column is-layout-flow wp-block-column-is-layout-flow\">\n<div class=\"wp-block-media-text is-stacked-on-mobile\" style=\"grid-template-columns:48% auto\"><figure class=\"wp-block-media-text__media\"><img decoding=\"async\" src=\"https:\/\/riwal-wpn.acceptatie.indicia-interactiv.nl\/app\/uploads\/sites\/9\/2024\/01\/dll-financial-solutions.svg\" alt=\"Finansowanie zakupu maszyny z DLL financial solution\" class=\"wp-image-5554 size-full\" \/><\/figure><div class=\"wp-block-media-text__content\">\n<p><strong>Marek Borys&nbsp;<\/strong>\u2013Sales Account Manager<br>tel:&nbsp;<a href=\"http:\">+48 604 621 630<\/a><br><strong>e-mail: <a href=\"mailto:marek.borys@dllgroup.com\"><\/a><\/strong><a href=\"mailto:marek.borys@dllgroup.com\">marek.borys@dllgroup.com<\/a><\/p>\n\n\n\n<p><a href=\"https:\/\/www.dllgroup.com\">https:\/\/www.dllgroup.com<\/a><\/p>\n<\/div><\/div>\n<\/div>\n\n\n\n<div class=\"wp-block-column is-layout-flow wp-block-column-is-layout-flow\"><\/div>\n<\/div>\n<\/div>\n\t\t\t\t\t\t\t<\/div> \n\n<div class=\"container\">\n<p><strong>KORZY\u015aCI:<br><br>Leasing operacyjny:<\/strong><br>&#8211; finansowanie na okres 36-84 miesi\u0119cy<br>&#8211; udzia\u0142 w\u0142asny ju\u017c od 0% do 45%<br>&#8211; finansowanie w EUR i w PLN<br>&#8211; wykup obowi\u0105zkowy 1%-20% (zale\u017cnie od stawki amortyzacji i okresu finansowania)<strong><\/strong><\/p>\n<\/div>\n\n<div class=\"container\">\n<p><strong>Leasing FMV:<\/strong><br>&#8211; przed\u0142u\u017cenie umowy o 6 lub 12 miesi\u0119cy<br>&#8211; wykup po warto\u015bci rynkowej<br>&#8211; zawarcie umowy standardowego leasingu&nbsp; na okres 36-60 miesi\u0119cy z obowi\u0105zkowym wykupem<br>&#8211; zwrot maszyny (bez ponoszenia kosztu wykupu)<br><br>&nbsp;&#8211;&nbsp;<strong>Leasing pozabilansowy<\/strong>&nbsp;<a href=\"https:\/\/eur02.safelinks.protection.outlook.com\/?url=https%3A%2F%2Fwww.dllgroup.com%2Fpl%2Fpl-pl%2FOffbalance&amp;data=05%7C01%7Cmarek.borys%40dllgroup.com%7C3a74ad707e9d4df4c2ac08db2a080435%7C07751f8b961749d5902485f034f400ec%7C0%7C0%7C638149986133422944%7CUnknown%7CTWFpbGZsb3d8eyJWIjoiMC4wLjAwMDAiLCJQIjoiV2luMzIiLCJBTiI6Ik1haWwiLCJXVCI6Mn0%3D%7C3000%7C%7C%7C&amp;sdata=iu9NQGAsC7kULPsrgIRNqYj%2BrlkimVJUPljBuoEy9vM%3D&amp;reserved=0\" target=\"_blank\" rel=\"noreferrer noopener\">offbalance (dllgroup.com)<\/a><br>&nbsp;&#8211;&nbsp;<strong>Rozwi\u0105zania flotowe<\/strong>&nbsp;<a href=\"https:\/\/eur02.safelinks.protection.outlook.com\/?url=https%3A%2F%2Fwww.dllgroup.com%2Fpl%2Fpl-pl%2Fnasze-rozwi%25C4%2585zania%2Frozwi%25C4%2585zania-flotowe&amp;data=05%7C01%7Cmarek.borys%40dllgroup.com%7C3a74ad707e9d4df4c2ac08db2a080435%7C07751f8b961749d5902485f034f400ec%7C0%7C0%7C638149986133422944%7CUnknown%7CTWFpbGZsb3d8eyJWIjoiMC4wLjAwMDAiLCJQIjoiV2luMzIiLCJBTiI6Ik1haWwiLCJXVCI6Mn0%3D%7C3000%7C%7C%7C&amp;sdata=K1v9C%2F%2BrPZ7SEpRz62uoyNxUcfJbZbVpEQs1BStLdtc%3D&amp;reserved=0\" target=\"_blank\" rel=\"noreferrer noopener\">DLL | Us\u0142ugi finansowania i zarz\u0105dzania flot\u0105 maszyn i urz\u0105dze\u0144 (lub parku maszyn i urz\u0105dze\u0144) w celu obni\u017cenia ca\u0142kowitego kosztu posiadania (TCO) (dllgroup.com)<\/a><\/p>\n<\/div>\n\n<div class=\"rental-wp-default-block rental-theme-block-default-margin\">\n\t\t\t\t\t\t\t\t<div class=\"container\">\n<div class=\"wp-block-media-text is-stacked-on-mobile has-primary-background-color has-background\" style=\"grid-template-columns:28% auto\"><figure class=\"wp-block-media-text__media\"><img loading=\"lazy\" decoding=\"async\" width=\"325\" height=\"166\" src=\"https:\/\/riwal-wpn.acceptatie.indicia-interactiv.nl\/app\/uploads\/sites\/9\/2023\/10\/Riwal-inwestuje-w-przyszlosc.jpg\" alt=\"\" class=\"wp-image-3783 size-full\" srcset=\"https:\/\/riwal-wpn.acceptatie.indicia-interactiv.nl\/app\/uploads\/sites\/9\/2023\/10\/Riwal-inwestuje-w-przyszlosc.jpg 325w, https:\/\/riwal-wpn.acceptatie.indicia-interactiv.nl\/app\/uploads\/sites\/9\/2023\/10\/Riwal-inwestuje-w-przyszlosc-300x153.jpg 300w, https:\/\/riwal-wpn.acceptatie.indicia-interactiv.nl\/app\/uploads\/sites\/9\/2023\/10\/Riwal-inwestuje-w-przyszlosc-178x91.jpg 178w, https:\/\/riwal-wpn.acceptatie.indicia-interactiv.nl\/app\/uploads\/sites\/9\/2023\/10\/Riwal-inwestuje-w-przyszlosc-250x128.jpg 250w\" sizes=\"auto, (max-width: 325px) 100vw, 325px\" \/><\/figure><div class=\"wp-block-media-text__content\">\n<p class=\"has-white-color has-text-color has-link-color wp-elements-130b87df46ad079728e26affdf06ed63\">Zyskaj najlepsze rozwi\u0105zania dla swojego biznesu z pakietami serwisowymi Riwal, obejmuj\u0105cymi naprawy&nbsp;<a href=\"https:\/\/riwal-wpn.acceptatie.indicia-interactiv.nl\/pl\/sprzedaz\/nowe-maszyny\/?_overview_sales_sort=working_height_ascending&amp;_overview_sales_category=podesty-ruchome\">podest\u00f3w&nbsp;<\/a>i&nbsp;<a href=\"https:\/\/riwal-wpn.acceptatie.indicia-interactiv.nl\/poland\/pl-pl\/sprzedaz\/nowe\/ladowarki-teleskopowe-nowe\">\u0142adoware<\/a><a href=\"https:\/\/riwal-wpn.acceptatie.indicia-interactiv.nl\/pl\/sprzedaz\/nowe-maszyny\/?_overview_sales_sort=working_height_ascending&amp;_overview_sales_category=ladowarka-obrotowa%2Cladowarka-teleskopowa-prosta\">k<\/a>&nbsp;w Twojej flocie . Zachowaj sprawno\u015b\u0107 i niezawodno\u015b\u0107 parku maszyn dzi\u0119ki serwisowi posprzeda\u017cowemu Riwal \u2013&nbsp;<a href=\"https:\/\/riwal-wpn.acceptatie.indicia-interactiv.nl\/poland\/pl-pl\/serwis-i-naprawa\">sprawd\u017a szczeg\u00f3\u0142y<\/a>.<\/p>\n<\/div><\/div>\n<\/div>\n\t\t\t\t\t\t\t<\/div> \n\n<div class=\"rental-wp-default-block rental-theme-block-default-margin\">\n\t\t\t\t\t\t\t\t<div class=\"container\">\n<div class=\"wp-block-buttons is-horizontal is-content-justification-left is-layout-flex wp-container-core-buttons-is-layout-65a8c4df wp-block-buttons-is-layout-flex\">\n<div class=\"wp-block-button\"><a class=\"wp-block-button__link wp-element-button\" href=\"serwis-sprzedaz@riwal.com\"><strong>Napisz do nas<\/strong><\/a><\/div>\n\n\n\n<div class=\"wp-block-button\"><a class=\"wp-block-button__link wp-element-button\" href=\"http:\/\/+48 781 800 215\"><strong>Zadzwo\u0144<\/strong><\/a><\/div>\n<\/div>\n<\/div>\n\t\t\t\t\t\t\t<\/div> ","protected":false},"excerpt":{"rendered":"<p>Finansowanie zakupu podest\u00f3w ruchomych i \u0142adowarek teleskopowo-obrotowych Skorzystanie z finansowania oferowanego przez instytucje finansowe to szansa na szybki zakup maszyny, kt\u00f3rej potrzebujesz ju\u017c teraz, bez konieczno\u015bci oczekiwania na zgromadzenie wszystkich potrzebnych na zakup \u015brodk\u00f3w. Dzi\u0119ki wsp\u00f3\u0142pracy ze sprawdzonymi partnerami mo\u017cemy zaoferowa\u0107 konkurencyjne rozwi\u0105zania finansowe, kt\u00f3rych warunki s\u0105 korzystniejsze od ofert og\u00f3lno-dost\u0119pnych na rynku. Dlaczego do &hellip; <a href=\"https:\/\/riwal-wpn.acceptatie.indicia-interactiv.nl\/pl\/finansowanie-maszyn\/\">Kontynuuacja<\/a><\/p>\n","protected":false},"author":31,"featured_media":0,"parent":0,"menu_order":0,"comment_status":"closed","ping_status":"closed","template":"","meta":{"_acf_changed":false,"editor_notices":[],"footnotes":""},"class_list":["post-5548","page","type-page","status-publish","hentry"],"acf":[],"yoast_head":"<!-- This site is optimized with the Yoast SEO Premium plugin v27.1 (Yoast SEO v27.1.1) - https:\/\/yoast.com\/product\/yoast-seo-premium-wordpress\/ -->\n<title>Finansowanie maszyn - Riwal - Polska<\/title>\n<meta name=\"description\" content=\"Sprawd\u017a ofert\u0119 finansowania zakupu maszyn wraz z partnerami Riwal. Wybierz najlepsz\u0105 form\u0119 finansowania dla maszyn.\" \/>\n<meta name=\"robots\" content=\"noindex, follow, max-snippet:-1, max-image-preview:large, max-video-preview:-1\" \/>\n<meta property=\"og:locale\" content=\"pl_PL\" \/>\n<meta property=\"og:type\" content=\"article\" \/>\n<meta property=\"og:title\" content=\"Finansowanie maszyn\" \/>\n<meta property=\"og:description\" content=\"Sprawd\u017a ofert\u0119 finansowania zakupu maszyn wraz z partnerami Riwal. Wybierz najlepsz\u0105 form\u0119 finansowania dla maszyn.\" \/>\n<meta property=\"og:url\" content=\"https:\/\/riwal-wpn.acceptatie.indicia-interactiv.nl\/pl\/finansowanie-maszyn\/\" \/>\n<meta property=\"og:site_name\" content=\"Riwal - Polska\" \/>\n<meta property=\"article:modified_time\" content=\"2024-02-08T19:44:17+00:00\" \/>\n<meta property=\"og:image\" content=\"https:\/\/riwal-wpn.acceptatie.indicia-interactiv.nl\/app\/uploads\/sites\/9\/2024\/01\/pko-leasing.svg\" \/>\n<meta name=\"twitter:card\" content=\"summary_large_image\" \/>\n<meta name=\"twitter:label1\" content=\"Est. reading time\" \/>\n\t<meta name=\"twitter:data1\" content=\"5 minut\" \/>\n<script type=\"application\/ld+json\" class=\"yoast-schema-graph\">{\"@context\":\"https:\/\/schema.org\",\"@graph\":[{\"@type\":\"WebPage\",\"@id\":\"https:\/\/riwal-wpn.acceptatie.indicia-interactiv.nl\/pl\/finansowanie-maszyn\/\",\"url\":\"https:\/\/riwal-wpn.acceptatie.indicia-interactiv.nl\/pl\/finansowanie-maszyn\/\",\"name\":\"Finansowanie maszyn - Riwal - Polska\",\"isPartOf\":{\"@id\":\"https:\/\/riwal-wpn.acceptatie.indicia-interactiv.nl\/pl\/#website\"},\"primaryImageOfPage\":{\"@id\":\"https:\/\/riwal-wpn.acceptatie.indicia-interactiv.nl\/pl\/finansowanie-maszyn\/#primaryimage\"},\"image\":{\"@id\":\"https:\/\/riwal-wpn.acceptatie.indicia-interactiv.nl\/pl\/finansowanie-maszyn\/#primaryimage\"},\"thumbnailUrl\":\"https:\/\/riwal-wpn.acceptatie.indicia-interactiv.nl\/app\/uploads\/sites\/9\/2024\/01\/pko-leasing.svg\",\"datePublished\":\"2024-01-19T12:37:31+00:00\",\"dateModified\":\"2024-02-08T19:44:17+00:00\",\"description\":\"Sprawd\u017a ofert\u0119 finansowania zakupu maszyn wraz z partnerami Riwal. Wybierz najlepsz\u0105 form\u0119 finansowania dla maszyn.\",\"breadcrumb\":{\"@id\":\"https:\/\/riwal-wpn.acceptatie.indicia-interactiv.nl\/pl\/finansowanie-maszyn\/#breadcrumb\"},\"inLanguage\":\"pl-PL\",\"potentialAction\":[{\"@type\":\"ReadAction\",\"target\":[\"https:\/\/riwal-wpn.acceptatie.indicia-interactiv.nl\/pl\/finansowanie-maszyn\/\"]}]},{\"@type\":\"ImageObject\",\"inLanguage\":\"pl-PL\",\"@id\":\"https:\/\/riwal-wpn.acceptatie.indicia-interactiv.nl\/pl\/finansowanie-maszyn\/#primaryimage\",\"url\":\"https:\/\/riwal-wpn.acceptatie.indicia-interactiv.nl\/app\/uploads\/sites\/9\/2024\/01\/pko-leasing.svg\",\"contentUrl\":\"https:\/\/riwal-wpn.acceptatie.indicia-interactiv.nl\/app\/uploads\/sites\/9\/2024\/01\/pko-leasing.svg\"},{\"@type\":\"BreadcrumbList\",\"@id\":\"https:\/\/riwal-wpn.acceptatie.indicia-interactiv.nl\/pl\/finansowanie-maszyn\/#breadcrumb\",\"itemListElement\":[{\"@type\":\"ListItem\",\"position\":1,\"name\":\"Strona g\u0142\u00f3wna\",\"item\":\"https:\/\/riwal-wpn.acceptatie.indicia-interactiv.nl\/pl\/\"},{\"@type\":\"ListItem\",\"position\":2,\"name\":\"Finansowanie maszyn\"}]},{\"@type\":\"WebSite\",\"@id\":\"https:\/\/riwal-wpn.acceptatie.indicia-interactiv.nl\/pl\/#website\",\"url\":\"https:\/\/riwal-wpn.acceptatie.indicia-interactiv.nl\/pl\/\",\"name\":\"Riwal\",\"description\":\"Arial work platform &amp; Telehandler Rental\/Sales\",\"publisher\":{\"@id\":\"https:\/\/riwal-wpn.acceptatie.indicia-interactiv.nl\/pl\/#organization\"},\"potentialAction\":[{\"@type\":\"SearchAction\",\"target\":{\"@type\":\"EntryPoint\",\"urlTemplate\":\"https:\/\/riwal-wpn.acceptatie.indicia-interactiv.nl\/pl\/?s={search_term_string}\"},\"query-input\":{\"@type\":\"PropertyValueSpecification\",\"valueRequired\":true,\"valueName\":\"search_term_string\"}}],\"inLanguage\":\"pl-PL\"},{\"@type\":\"Organization\",\"@id\":\"https:\/\/riwal-wpn.acceptatie.indicia-interactiv.nl\/pl\/#organization\",\"name\":\"Riwal\",\"url\":\"https:\/\/riwal-wpn.acceptatie.indicia-interactiv.nl\/pl\/\",\"logo\":{\"@type\":\"ImageObject\",\"inLanguage\":\"pl-PL\",\"@id\":\"https:\/\/riwal-wpn.acceptatie.indicia-interactiv.nl\/pl\/#\/schema\/logo\/image\/\",\"url\":\"\",\"contentUrl\":\"\",\"caption\":\"Riwal\"},\"image\":{\"@id\":\"https:\/\/riwal-wpn.acceptatie.indicia-interactiv.nl\/pl\/#\/schema\/logo\/image\/\"}}]}<\/script>\n<!-- \/ Yoast SEO Premium plugin. -->","yoast_head_json":{"title":"Finansowanie maszyn - Riwal - Polska","description":"Sprawd\u017a ofert\u0119 finansowania zakupu maszyn wraz z partnerami Riwal. Wybierz najlepsz\u0105 form\u0119 finansowania dla maszyn.","robots":{"index":"noindex","follow":"follow","max-snippet":"max-snippet:-1","max-image-preview":"max-image-preview:large","max-video-preview":"max-video-preview:-1"},"og_locale":"pl_PL","og_type":"article","og_title":"Finansowanie maszyn","og_description":"Sprawd\u017a ofert\u0119 finansowania zakupu maszyn wraz z partnerami Riwal. Wybierz najlepsz\u0105 form\u0119 finansowania dla maszyn.","og_url":"https:\/\/riwal-wpn.acceptatie.indicia-interactiv.nl\/pl\/finansowanie-maszyn\/","og_site_name":"Riwal - Polska","article_modified_time":"2024-02-08T19:44:17+00:00","og_image":[{"url":"https:\/\/riwal-wpn.acceptatie.indicia-interactiv.nl\/app\/uploads\/sites\/9\/2024\/01\/pko-leasing.svg","type":"","width":"","height":""}],"twitter_card":"summary_large_image","twitter_misc":{"Est. reading time":"5 minut"},"schema":{"@context":"https:\/\/schema.org","@graph":[{"@type":"WebPage","@id":"https:\/\/riwal-wpn.acceptatie.indicia-interactiv.nl\/pl\/finansowanie-maszyn\/","url":"https:\/\/riwal-wpn.acceptatie.indicia-interactiv.nl\/pl\/finansowanie-maszyn\/","name":"Finansowanie maszyn - Riwal - Polska","isPartOf":{"@id":"https:\/\/riwal-wpn.acceptatie.indicia-interactiv.nl\/pl\/#website"},"primaryImageOfPage":{"@id":"https:\/\/riwal-wpn.acceptatie.indicia-interactiv.nl\/pl\/finansowanie-maszyn\/#primaryimage"},"image":{"@id":"https:\/\/riwal-wpn.acceptatie.indicia-interactiv.nl\/pl\/finansowanie-maszyn\/#primaryimage"},"thumbnailUrl":"https:\/\/riwal-wpn.acceptatie.indicia-interactiv.nl\/app\/uploads\/sites\/9\/2024\/01\/pko-leasing.svg","datePublished":"2024-01-19T12:37:31+00:00","dateModified":"2024-02-08T19:44:17+00:00","description":"Sprawd\u017a ofert\u0119 finansowania zakupu maszyn wraz z partnerami Riwal. Wybierz najlepsz\u0105 form\u0119 finansowania dla maszyn.","breadcrumb":{"@id":"https:\/\/riwal-wpn.acceptatie.indicia-interactiv.nl\/pl\/finansowanie-maszyn\/#breadcrumb"},"inLanguage":"pl-PL","potentialAction":[{"@type":"ReadAction","target":["https:\/\/riwal-wpn.acceptatie.indicia-interactiv.nl\/pl\/finansowanie-maszyn\/"]}]},{"@type":"ImageObject","inLanguage":"pl-PL","@id":"https:\/\/riwal-wpn.acceptatie.indicia-interactiv.nl\/pl\/finansowanie-maszyn\/#primaryimage","url":"https:\/\/riwal-wpn.acceptatie.indicia-interactiv.nl\/app\/uploads\/sites\/9\/2024\/01\/pko-leasing.svg","contentUrl":"https:\/\/riwal-wpn.acceptatie.indicia-interactiv.nl\/app\/uploads\/sites\/9\/2024\/01\/pko-leasing.svg"},{"@type":"BreadcrumbList","@id":"https:\/\/riwal-wpn.acceptatie.indicia-interactiv.nl\/pl\/finansowanie-maszyn\/#breadcrumb","itemListElement":[{"@type":"ListItem","position":1,"name":"Strona g\u0142\u00f3wna","item":"https:\/\/riwal-wpn.acceptatie.indicia-interactiv.nl\/pl\/"},{"@type":"ListItem","position":2,"name":"Finansowanie maszyn"}]},{"@type":"WebSite","@id":"https:\/\/riwal-wpn.acceptatie.indicia-interactiv.nl\/pl\/#website","url":"https:\/\/riwal-wpn.acceptatie.indicia-interactiv.nl\/pl\/","name":"Riwal","description":"Arial work platform &amp; Telehandler Rental\/Sales","publisher":{"@id":"https:\/\/riwal-wpn.acceptatie.indicia-interactiv.nl\/pl\/#organization"},"potentialAction":[{"@type":"SearchAction","target":{"@type":"EntryPoint","urlTemplate":"https:\/\/riwal-wpn.acceptatie.indicia-interactiv.nl\/pl\/?s={search_term_string}"},"query-input":{"@type":"PropertyValueSpecification","valueRequired":true,"valueName":"search_term_string"}}],"inLanguage":"pl-PL"},{"@type":"Organization","@id":"https:\/\/riwal-wpn.acceptatie.indicia-interactiv.nl\/pl\/#organization","name":"Riwal","url":"https:\/\/riwal-wpn.acceptatie.indicia-interactiv.nl\/pl\/","logo":{"@type":"ImageObject","inLanguage":"pl-PL","@id":"https:\/\/riwal-wpn.acceptatie.indicia-interactiv.nl\/pl\/#\/schema\/logo\/image\/","url":"","contentUrl":"","caption":"Riwal"},"image":{"@id":"https:\/\/riwal-wpn.acceptatie.indicia-interactiv.nl\/pl\/#\/schema\/logo\/image\/"}}]}},"_links":{"self":[{"href":"https:\/\/riwal-wpn.acceptatie.indicia-interactiv.nl\/pl\/wp-json\/wp\/v2\/pages\/5548","targetHints":{"allow":["GET"]}}],"collection":[{"href":"https:\/\/riwal-wpn.acceptatie.indicia-interactiv.nl\/pl\/wp-json\/wp\/v2\/pages"}],"about":[{"href":"https:\/\/riwal-wpn.acceptatie.indicia-interactiv.nl\/pl\/wp-json\/wp\/v2\/types\/page"}],"author":[{"embeddable":true,"href":"https:\/\/riwal-wpn.acceptatie.indicia-interactiv.nl\/pl\/wp-json\/wp\/v2\/users\/31"}],"replies":[{"embeddable":true,"href":"https:\/\/riwal-wpn.acceptatie.indicia-interactiv.nl\/pl\/wp-json\/wp\/v2\/comments?post=5548"}],"version-history":[{"count":17,"href":"https:\/\/riwal-wpn.acceptatie.indicia-interactiv.nl\/pl\/wp-json\/wp\/v2\/pages\/5548\/revisions"}],"predecessor-version":[{"id":7288,"href":"https:\/\/riwal-wpn.acceptatie.indicia-interactiv.nl\/pl\/wp-json\/wp\/v2\/pages\/5548\/revisions\/7288"}],"wp:attachment":[{"href":"https:\/\/riwal-wpn.acceptatie.indicia-interactiv.nl\/pl\/wp-json\/wp\/v2\/media?parent=5548"}],"curies":[{"name":"wp","href":"https:\/\/api.w.org\/{rel}","templated":true}]}}