{"id":5814,"date":"2024-01-25T13:07:00","date_gmt":"2024-01-25T13:07:00","guid":{"rendered":"https:\/\/riwal-wpn.acceptatie.indicia-interactiv.nl\/pl\/?page_id=5814"},"modified":"2024-02-05T10:49:29","modified_gmt":"2024-02-05T10:49:29","slug":"branze","status":"publish","type":"page","link":"https:\/\/riwal-wpn.acceptatie.indicia-interactiv.nl\/pl\/branze\/","title":{"rendered":"Bran\u017ce"},"content":{"rendered":"<div class=\"container\">\n<h2 class=\"wp-block-heading\" id=\"h-rozwiazania-w-pracy-na-wysokosci-dedykowane-dla-branz\">ROZWI\u0104ZANIA W PRACY NA WYSOKO\u015aCI DEDYKOWANE DLA BRAN\u017b<\/h2>\n<\/div>\n\n<div class=\"container\">\n<p>Odniesienie sukcesu wymaga \u015bwiadomo\u015bci rynku, zaanga\u017cowania i kompleksowego dzia\u0142ania. Do realizacji naszych cel\u00f3w potrzebujemy nie tylko specjalistycznej wiedzy, ale tak\u017ce wykwalifikowanego zespo\u0142u. Powodzenie w biznesie to r\u00f3wnie\u017c posiadanie dobrych, godnych zaufania, rozwa\u017cnie wybranych partner\u00f3w.<\/p>\n<\/div>\n\n<div class=\"container\">\n<p>Potrzebujesz partnera, kt\u00f3ry dostosuje rozwi\u0105zania do Twoich metod pracy i spe\u0142ni Twoje oczekiwania. Tym partnerem jest RIWAL.<\/p>\n<\/div>\n\n<div class=\"rental-wp-default-block rental-theme-block-default-margin\">\n\t\t\t\t\t\t\t\t<div class=\"container\">\n<div class=\"wp-block-columns is-layout-flex wp-container-core-columns-is-layout-28f84493 wp-block-columns-is-layout-flex\">\n<div class=\"wp-block-column is-layout-flow wp-block-column-is-layout-flow\">\n<figure class=\"wp-block-image size-full\"><a href=\"\/pl\/branze\/branza-offshore\/\"><img loading=\"lazy\" decoding=\"async\" width=\"339\" height=\"180\" src=\"https:\/\/riwal-wpn.acceptatie.indicia-interactiv.nl\/app\/uploads\/sites\/9\/2024\/02\/Riwal-Industry-Solutions-teaser.webp\" alt=\"Branza offshore\" class=\"wp-image-5925\" srcset=\"https:\/\/riwal-wpn.acceptatie.indicia-interactiv.nl\/app\/uploads\/sites\/9\/2024\/02\/Riwal-Industry-Solutions-teaser.webp 339w, https:\/\/riwal-wpn.acceptatie.indicia-interactiv.nl\/app\/uploads\/sites\/9\/2024\/02\/Riwal-Industry-Solutions-teaser-300x159.webp 300w, https:\/\/riwal-wpn.acceptatie.indicia-interactiv.nl\/app\/uploads\/sites\/9\/2024\/02\/Riwal-Industry-Solutions-teaser-178x95.webp 178w, https:\/\/riwal-wpn.acceptatie.indicia-interactiv.nl\/app\/uploads\/sites\/9\/2024\/02\/Riwal-Industry-Solutions-teaser-250x133.webp 250w, https:\/\/riwal-wpn.acceptatie.indicia-interactiv.nl\/app\/uploads\/sites\/9\/2024\/02\/Riwal-Industry-Solutions-teaser-237x126.webp 237w\" sizes=\"auto, (max-width: 339px) 100vw, 339px\" \/><\/a><figcaption class=\"wp-element-caption\">Bran\u017ca offshore<\/figcaption><\/figure>\n<\/div>\n\n\n\n<div class=\"wp-block-column is-layout-flow wp-block-column-is-layout-flow\">\n<figure class=\"wp-block-image size-full\"><a href=\"\/pl\/branze\/budownictwo\/\"><img loading=\"lazy\" decoding=\"async\" width=\"339\" height=\"180\" src=\"https:\/\/riwal-wpn.acceptatie.indicia-interactiv.nl\/app\/uploads\/sites\/9\/2024\/02\/budownictwo-teaser.webp\" alt=\"\" class=\"wp-image-5929\" srcset=\"https:\/\/riwal-wpn.acceptatie.indicia-interactiv.nl\/app\/uploads\/sites\/9\/2024\/02\/budownictwo-teaser.webp 339w, https:\/\/riwal-wpn.acceptatie.indicia-interactiv.nl\/app\/uploads\/sites\/9\/2024\/02\/budownictwo-teaser-300x159.webp 300w, https:\/\/riwal-wpn.acceptatie.indicia-interactiv.nl\/app\/uploads\/sites\/9\/2024\/02\/budownictwo-teaser-178x95.webp 178w, https:\/\/riwal-wpn.acceptatie.indicia-interactiv.nl\/app\/uploads\/sites\/9\/2024\/02\/budownictwo-teaser-250x133.webp 250w, https:\/\/riwal-wpn.acceptatie.indicia-interactiv.nl\/app\/uploads\/sites\/9\/2024\/02\/budownictwo-teaser-237x126.webp 237w\" sizes=\"auto, (max-width: 339px) 100vw, 339px\" \/><\/a><figcaption class=\"wp-element-caption\">Budownictwo<\/figcaption><\/figure>\n<\/div>\n\n\n\n<div class=\"wp-block-column is-layout-flow wp-block-column-is-layout-flow\">\n<figure class=\"wp-block-image size-full\"><a href=\"\/pl\/branze\/eventy-koncerty\/\"><img loading=\"lazy\" decoding=\"async\" width=\"339\" height=\"180\" src=\"https:\/\/riwal-wpn.acceptatie.indicia-interactiv.nl\/app\/uploads\/sites\/9\/2024\/02\/organizacja-eventow-teaser-1.webp\" alt=\"\" class=\"wp-image-5927\" srcset=\"https:\/\/riwal-wpn.acceptatie.indicia-interactiv.nl\/app\/uploads\/sites\/9\/2024\/02\/organizacja-eventow-teaser-1.webp 339w, https:\/\/riwal-wpn.acceptatie.indicia-interactiv.nl\/app\/uploads\/sites\/9\/2024\/02\/organizacja-eventow-teaser-1-300x159.webp 300w, https:\/\/riwal-wpn.acceptatie.indicia-interactiv.nl\/app\/uploads\/sites\/9\/2024\/02\/organizacja-eventow-teaser-1-178x95.webp 178w, https:\/\/riwal-wpn.acceptatie.indicia-interactiv.nl\/app\/uploads\/sites\/9\/2024\/02\/organizacja-eventow-teaser-1-250x133.webp 250w, https:\/\/riwal-wpn.acceptatie.indicia-interactiv.nl\/app\/uploads\/sites\/9\/2024\/02\/organizacja-eventow-teaser-1-237x126.webp 237w\" sizes=\"auto, (max-width: 339px) 100vw, 339px\" \/><\/a><figcaption class=\"wp-element-caption\">Eventy, koncerty<\/figcaption><\/figure>\n<\/div>\n<\/div>\n<\/div>\n\t\t\t\t\t\t\t<\/div> \n\n<div class=\"rental-wp-default-block rental-theme-block-default-margin\">\n\t\t\t\t\t\t\t\t<div class=\"container\">\n<div class=\"wp-block-columns is-layout-flex wp-container-core-columns-is-layout-28f84493 wp-block-columns-is-layout-flex\">\n<div class=\"wp-block-column is-layout-flow wp-block-column-is-layout-flow\">\n<figure class=\"wp-block-image size-full\"><a href=\"\/pl\/branze\/konserwacja-samolotow\/\"><img loading=\"lazy\" decoding=\"async\" width=\"339\" height=\"180\" src=\"https:\/\/riwal-wpn.acceptatie.indicia-interactiv.nl\/app\/uploads\/sites\/9\/2024\/02\/linie-lotnicze-teaser.webp\" alt=\"\" class=\"wp-image-5930\" srcset=\"https:\/\/riwal-wpn.acceptatie.indicia-interactiv.nl\/app\/uploads\/sites\/9\/2024\/02\/linie-lotnicze-teaser.webp 339w, https:\/\/riwal-wpn.acceptatie.indicia-interactiv.nl\/app\/uploads\/sites\/9\/2024\/02\/linie-lotnicze-teaser-300x159.webp 300w, https:\/\/riwal-wpn.acceptatie.indicia-interactiv.nl\/app\/uploads\/sites\/9\/2024\/02\/linie-lotnicze-teaser-178x95.webp 178w, https:\/\/riwal-wpn.acceptatie.indicia-interactiv.nl\/app\/uploads\/sites\/9\/2024\/02\/linie-lotnicze-teaser-250x133.webp 250w, https:\/\/riwal-wpn.acceptatie.indicia-interactiv.nl\/app\/uploads\/sites\/9\/2024\/02\/linie-lotnicze-teaser-237x126.webp 237w\" sizes=\"auto, (max-width: 339px) 100vw, 339px\" \/><\/a><figcaption class=\"wp-element-caption\">Konserwacja samolot\u00f3w<\/figcaption><\/figure>\n<\/div>\n\n\n\n<div class=\"wp-block-column is-layout-flow wp-block-column-is-layout-flow\">\n<figure class=\"wp-block-image size-full\"><a href=\"\/pl\/branze\/logistyka-i-magazynowanie\/\"><img loading=\"lazy\" decoding=\"async\" width=\"339\" height=\"180\" src=\"https:\/\/riwal-wpn.acceptatie.indicia-interactiv.nl\/app\/uploads\/sites\/9\/2024\/02\/logistyka-i-magazynowanie-teaser.webp\" alt=\"\" class=\"wp-image-5932\" srcset=\"https:\/\/riwal-wpn.acceptatie.indicia-interactiv.nl\/app\/uploads\/sites\/9\/2024\/02\/logistyka-i-magazynowanie-teaser.webp 339w, https:\/\/riwal-wpn.acceptatie.indicia-interactiv.nl\/app\/uploads\/sites\/9\/2024\/02\/logistyka-i-magazynowanie-teaser-300x159.webp 300w, https:\/\/riwal-wpn.acceptatie.indicia-interactiv.nl\/app\/uploads\/sites\/9\/2024\/02\/logistyka-i-magazynowanie-teaser-178x95.webp 178w, https:\/\/riwal-wpn.acceptatie.indicia-interactiv.nl\/app\/uploads\/sites\/9\/2024\/02\/logistyka-i-magazynowanie-teaser-250x133.webp 250w, https:\/\/riwal-wpn.acceptatie.indicia-interactiv.nl\/app\/uploads\/sites\/9\/2024\/02\/logistyka-i-magazynowanie-teaser-237x126.webp 237w\" sizes=\"auto, (max-width: 339px) 100vw, 339px\" \/><\/a><figcaption class=\"wp-element-caption\">Logistyka, magazynowanie<\/figcaption><\/figure>\n<\/div>\n\n\n\n<div class=\"wp-block-column is-layout-flow wp-block-column-is-layout-flow\">\n<figure class=\"wp-block-image size-full\"><a href=\"\/pl\/branze\/regaly-wysokiego-skladowania\/\"><img loading=\"lazy\" decoding=\"async\" width=\"339\" height=\"180\" src=\"https:\/\/riwal-wpn.acceptatie.indicia-interactiv.nl\/app\/uploads\/sites\/9\/2024\/02\/regaly-wysokiego-skladowania-teaser.webp\" alt=\"\" class=\"wp-image-5931\" srcset=\"https:\/\/riwal-wpn.acceptatie.indicia-interactiv.nl\/app\/uploads\/sites\/9\/2024\/02\/regaly-wysokiego-skladowania-teaser.webp 339w, https:\/\/riwal-wpn.acceptatie.indicia-interactiv.nl\/app\/uploads\/sites\/9\/2024\/02\/regaly-wysokiego-skladowania-teaser-300x159.webp 300w, https:\/\/riwal-wpn.acceptatie.indicia-interactiv.nl\/app\/uploads\/sites\/9\/2024\/02\/regaly-wysokiego-skladowania-teaser-178x95.webp 178w, https:\/\/riwal-wpn.acceptatie.indicia-interactiv.nl\/app\/uploads\/sites\/9\/2024\/02\/regaly-wysokiego-skladowania-teaser-250x133.webp 250w, https:\/\/riwal-wpn.acceptatie.indicia-interactiv.nl\/app\/uploads\/sites\/9\/2024\/02\/regaly-wysokiego-skladowania-teaser-237x126.webp 237w\" sizes=\"auto, (max-width: 339px) 100vw, 339px\" \/><\/a><figcaption class=\"wp-element-caption\">Rega\u0142y wysokiego sk\u0142adowania<\/figcaption><\/figure>\n<\/div>\n<\/div>\n<\/div>\n\t\t\t\t\t\t\t<\/div> \n\n<div class=\"rental-wp-default-block rental-theme-block-default-margin\">\n\t\t\t\t\t\t\t\t<div class=\"container\">\n<div class=\"wp-block-columns is-layout-flex wp-container-core-columns-is-layout-28f84493 wp-block-columns-is-layout-flex\">\n<div class=\"wp-block-column is-layout-flow wp-block-column-is-layout-flow\">\n<figure class=\"wp-block-image size-full is-resized\"><a href=\"\/pl\/branze\/budowa-stadionow-i-aren\/\"><img loading=\"lazy\" decoding=\"async\" width=\"339\" height=\"180\" src=\"https:\/\/riwal-wpn.acceptatie.indicia-interactiv.nl\/app\/uploads\/sites\/9\/2024\/02\/Budowa-stadionw-i-aren-teaser.webp\" alt=\"\" class=\"wp-image-5939\" style=\"width:auto;height:180px\" srcset=\"https:\/\/riwal-wpn.acceptatie.indicia-interactiv.nl\/app\/uploads\/sites\/9\/2024\/02\/Budowa-stadionw-i-aren-teaser.webp 339w, https:\/\/riwal-wpn.acceptatie.indicia-interactiv.nl\/app\/uploads\/sites\/9\/2024\/02\/Budowa-stadionw-i-aren-teaser-300x159.webp 300w, https:\/\/riwal-wpn.acceptatie.indicia-interactiv.nl\/app\/uploads\/sites\/9\/2024\/02\/Budowa-stadionw-i-aren-teaser-178x95.webp 178w, https:\/\/riwal-wpn.acceptatie.indicia-interactiv.nl\/app\/uploads\/sites\/9\/2024\/02\/Budowa-stadionw-i-aren-teaser-250x133.webp 250w, https:\/\/riwal-wpn.acceptatie.indicia-interactiv.nl\/app\/uploads\/sites\/9\/2024\/02\/Budowa-stadionw-i-aren-teaser-237x126.webp 237w\" sizes=\"auto, (max-width: 339px) 100vw, 339px\" \/><\/a><figcaption class=\"wp-element-caption\">Budowanie stadion\u00f3w, aren<\/figcaption><\/figure>\n<\/div>\n\n\n\n<div class=\"wp-block-column is-layout-flow wp-block-column-is-layout-flow\">\n<figure class=\"wp-block-image size-full\"><a href=\"\/pl\/branze\/murale-i-malowanie\/\"><img loading=\"lazy\" decoding=\"async\" width=\"339\" height=\"180\" src=\"https:\/\/riwal-wpn.acceptatie.indicia-interactiv.nl\/app\/uploads\/sites\/9\/2024\/02\/malowanie-teaser.webp\" alt=\"\" class=\"wp-image-5936\" srcset=\"https:\/\/riwal-wpn.acceptatie.indicia-interactiv.nl\/app\/uploads\/sites\/9\/2024\/02\/malowanie-teaser.webp 339w, https:\/\/riwal-wpn.acceptatie.indicia-interactiv.nl\/app\/uploads\/sites\/9\/2024\/02\/malowanie-teaser-300x159.webp 300w, https:\/\/riwal-wpn.acceptatie.indicia-interactiv.nl\/app\/uploads\/sites\/9\/2024\/02\/malowanie-teaser-178x95.webp 178w, https:\/\/riwal-wpn.acceptatie.indicia-interactiv.nl\/app\/uploads\/sites\/9\/2024\/02\/malowanie-teaser-250x133.webp 250w, https:\/\/riwal-wpn.acceptatie.indicia-interactiv.nl\/app\/uploads\/sites\/9\/2024\/02\/malowanie-teaser-237x126.webp 237w\" sizes=\"auto, (max-width: 339px) 100vw, 339px\" \/><\/a><figcaption class=\"wp-element-caption\">Murale, malowanie<\/figcaption><\/figure>\n<\/div>\n\n\n\n<div class=\"wp-block-column is-layout-flow wp-block-column-is-layout-flow\">\n<figure class=\"wp-block-image size-full\"><a href=\"\/pl\/branze\/reklama-zewnetrzna-i-montaz-dekoracji\/\"><img loading=\"lazy\" decoding=\"async\" width=\"339\" height=\"180\" src=\"https:\/\/riwal-wpn.acceptatie.indicia-interactiv.nl\/app\/uploads\/sites\/9\/2024\/02\/montaz-dekoracji-teaser.webp\" alt=\"\" class=\"wp-image-5935\" srcset=\"https:\/\/riwal-wpn.acceptatie.indicia-interactiv.nl\/app\/uploads\/sites\/9\/2024\/02\/montaz-dekoracji-teaser.webp 339w, https:\/\/riwal-wpn.acceptatie.indicia-interactiv.nl\/app\/uploads\/sites\/9\/2024\/02\/montaz-dekoracji-teaser-300x159.webp 300w, https:\/\/riwal-wpn.acceptatie.indicia-interactiv.nl\/app\/uploads\/sites\/9\/2024\/02\/montaz-dekoracji-teaser-178x95.webp 178w, https:\/\/riwal-wpn.acceptatie.indicia-interactiv.nl\/app\/uploads\/sites\/9\/2024\/02\/montaz-dekoracji-teaser-250x133.webp 250w, https:\/\/riwal-wpn.acceptatie.indicia-interactiv.nl\/app\/uploads\/sites\/9\/2024\/02\/montaz-dekoracji-teaser-237x126.webp 237w\" sizes=\"auto, (max-width: 339px) 100vw, 339px\" \/><\/a><figcaption class=\"wp-element-caption\">Reklama zewn\u0119trzna, monta\u017c dekoracji<\/figcaption><\/figure>\n<\/div>\n<\/div>\n<\/div>\n\t\t\t\t\t\t\t<\/div> \n\n<div class=\"rental-wp-default-block rental-theme-block-default-margin\">\n\t\t\t\t\t\t\t\t<div class=\"container\">\n<div class=\"wp-block-columns is-layout-flex wp-container-core-columns-is-layout-28f84493 wp-block-columns-is-layout-flex\">\n<div class=\"wp-block-column is-layout-flow wp-block-column-is-layout-flow\">\n<figure class=\"wp-block-image size-full\"><a href=\"\/pl\/branze\/przemysl\/\"><img loading=\"lazy\" decoding=\"async\" width=\"339\" height=\"180\" src=\"https:\/\/riwal-wpn.acceptatie.indicia-interactiv.nl\/app\/uploads\/sites\/9\/2024\/02\/Riwal-dla-przemyslu-teaser.webp\" alt=\"\" class=\"wp-image-5938\" srcset=\"https:\/\/riwal-wpn.acceptatie.indicia-interactiv.nl\/app\/uploads\/sites\/9\/2024\/02\/Riwal-dla-przemyslu-teaser.webp 339w, https:\/\/riwal-wpn.acceptatie.indicia-interactiv.nl\/app\/uploads\/sites\/9\/2024\/02\/Riwal-dla-przemyslu-teaser-300x159.webp 300w, https:\/\/riwal-wpn.acceptatie.indicia-interactiv.nl\/app\/uploads\/sites\/9\/2024\/02\/Riwal-dla-przemyslu-teaser-178x95.webp 178w, https:\/\/riwal-wpn.acceptatie.indicia-interactiv.nl\/app\/uploads\/sites\/9\/2024\/02\/Riwal-dla-przemyslu-teaser-250x133.webp 250w, https:\/\/riwal-wpn.acceptatie.indicia-interactiv.nl\/app\/uploads\/sites\/9\/2024\/02\/Riwal-dla-przemyslu-teaser-237x126.webp 237w\" sizes=\"auto, (max-width: 339px) 100vw, 339px\" \/><\/a><figcaption class=\"wp-element-caption\">Przemys\u0142<\/figcaption><\/figure>\n<\/div>\n\n\n\n<div class=\"wp-block-column is-layout-flow wp-block-column-is-layout-flow\">\n<figure class=\"wp-block-image size-full\"><a href=\"\/pl\/branze\/relokacja-maszyn\/\"><img loading=\"lazy\" decoding=\"async\" width=\"339\" height=\"180\" src=\"https:\/\/riwal-wpn.acceptatie.indicia-interactiv.nl\/app\/uploads\/sites\/9\/2024\/02\/teaser-relokacja-maszyn.webp\" alt=\"\" class=\"wp-image-5937\" srcset=\"https:\/\/riwal-wpn.acceptatie.indicia-interactiv.nl\/app\/uploads\/sites\/9\/2024\/02\/teaser-relokacja-maszyn.webp 339w, https:\/\/riwal-wpn.acceptatie.indicia-interactiv.nl\/app\/uploads\/sites\/9\/2024\/02\/teaser-relokacja-maszyn-300x159.webp 300w, https:\/\/riwal-wpn.acceptatie.indicia-interactiv.nl\/app\/uploads\/sites\/9\/2024\/02\/teaser-relokacja-maszyn-178x95.webp 178w, https:\/\/riwal-wpn.acceptatie.indicia-interactiv.nl\/app\/uploads\/sites\/9\/2024\/02\/teaser-relokacja-maszyn-250x133.webp 250w, https:\/\/riwal-wpn.acceptatie.indicia-interactiv.nl\/app\/uploads\/sites\/9\/2024\/02\/teaser-relokacja-maszyn-237x126.webp 237w\" sizes=\"auto, (max-width: 339px) 100vw, 339px\" \/><\/a><figcaption class=\"wp-element-caption\">Relokacja maszyn<\/figcaption><\/figure>\n<\/div>\n\n\n\n<div class=\"wp-block-column is-layout-flow wp-block-column-is-layout-flow\"><\/div>\n<\/div>\n<\/div>\n\t\t\t\t\t\t\t<\/div> \n\n<div class=\"container\">\n<p><\/p>\n<\/div>","protected":false},"excerpt":{"rendered":"<p>ROZWI\u0104ZANIA W PRACY NA WYSOKO\u015aCI DEDYKOWANE DLA BRAN\u017b Odniesienie sukcesu wymaga \u015bwiadomo\u015bci rynku, zaanga\u017cowania i kompleksowego dzia\u0142ania. Do realizacji naszych cel\u00f3w potrzebujemy nie tylko specjalistycznej wiedzy, ale tak\u017ce wykwalifikowanego zespo\u0142u. Powodzenie w biznesie to r\u00f3wnie\u017c posiadanie dobrych, godnych zaufania, rozwa\u017cnie wybranych partner\u00f3w. Potrzebujesz partnera, kt\u00f3ry dostosuje rozwi\u0105zania do Twoich metod pracy i spe\u0142ni Twoje oczekiwania. &hellip; <a href=\"https:\/\/riwal-wpn.acceptatie.indicia-interactiv.nl\/pl\/branze\/\">Kontynuuacja<\/a><\/p>\n","protected":false},"author":31,"featured_media":0,"parent":0,"menu_order":0,"comment_status":"closed","ping_status":"closed","template":"","meta":{"_acf_changed":false,"editor_notices":[],"footnotes":""},"class_list":["post-5814","page","type-page","status-publish","hentry"],"acf":[],"yoast_head":"<!-- This site is optimized with the Yoast SEO Premium plugin v27.1 (Yoast SEO v27.1.1) - https:\/\/yoast.com\/product\/yoast-seo-premium-wordpress\/ -->\n<title>Bran\u017ce - Riwal - Polska<\/title>\n<meta name=\"robots\" content=\"noindex, follow, max-snippet:-1, max-image-preview:large, max-video-preview:-1\" \/>\n<meta property=\"og:locale\" content=\"pl_PL\" \/>\n<meta property=\"og:type\" content=\"article\" \/>\n<meta property=\"og:title\" content=\"Bran\u017ce\" \/>\n<meta property=\"og:description\" content=\"ROZWI\u0104ZANIA W PRACY NA WYSOKO\u015aCI DEDYKOWANE DLA BRAN\u017b Odniesienie sukcesu wymaga \u015bwiadomo\u015bci rynku, zaanga\u017cowania i kompleksowego dzia\u0142ania. Do realizacji naszych cel\u00f3w potrzebujemy nie tylko specjalistycznej wiedzy, ale tak\u017ce wykwalifikowanego zespo\u0142u. Powodzenie w biznesie to r\u00f3wnie\u017c posiadanie dobrych, godnych zaufania, rozwa\u017cnie wybranych partner\u00f3w. Potrzebujesz partnera, kt\u00f3ry dostosuje rozwi\u0105zania do Twoich metod pracy i spe\u0142ni Twoje oczekiwania. &hellip; Kontynuuacja\" \/>\n<meta property=\"og:url\" content=\"https:\/\/riwal-wpn.acceptatie.indicia-interactiv.nl\/pl\/branze\/\" \/>\n<meta property=\"og:site_name\" content=\"Riwal - Polska\" \/>\n<meta property=\"article:modified_time\" content=\"2024-02-05T10:49:29+00:00\" \/>\n<meta property=\"og:image\" content=\"https:\/\/riwal-wpn.acceptatie.indicia-interactiv.nl\/app\/uploads\/sites\/9\/2024\/02\/Riwal-Industry-Solutions-teaser.webp\" \/>\n<meta name=\"twitter:card\" content=\"summary_large_image\" \/>\n<meta name=\"twitter:label1\" content=\"Est. reading time\" \/>\n\t<meta name=\"twitter:data1\" content=\"3 minuty\" \/>\n<script type=\"application\/ld+json\" class=\"yoast-schema-graph\">{\"@context\":\"https:\/\/schema.org\",\"@graph\":[{\"@type\":\"WebPage\",\"@id\":\"https:\/\/riwal-wpn.acceptatie.indicia-interactiv.nl\/pl\/branze\/\",\"url\":\"https:\/\/riwal-wpn.acceptatie.indicia-interactiv.nl\/pl\/branze\/\",\"name\":\"Bran\u017ce - Riwal - Polska\",\"isPartOf\":{\"@id\":\"https:\/\/riwal-wpn.acceptatie.indicia-interactiv.nl\/pl\/#website\"},\"primaryImageOfPage\":{\"@id\":\"https:\/\/riwal-wpn.acceptatie.indicia-interactiv.nl\/pl\/branze\/#primaryimage\"},\"image\":{\"@id\":\"https:\/\/riwal-wpn.acceptatie.indicia-interactiv.nl\/pl\/branze\/#primaryimage\"},\"thumbnailUrl\":\"https:\/\/riwal-wpn.acceptatie.indicia-interactiv.nl\/app\/uploads\/sites\/9\/2024\/02\/Riwal-Industry-Solutions-teaser.webp\",\"datePublished\":\"2024-01-25T13:07:00+00:00\",\"dateModified\":\"2024-02-05T10:49:29+00:00\",\"breadcrumb\":{\"@id\":\"https:\/\/riwal-wpn.acceptatie.indicia-interactiv.nl\/pl\/branze\/#breadcrumb\"},\"inLanguage\":\"pl-PL\",\"potentialAction\":[{\"@type\":\"ReadAction\",\"target\":[\"https:\/\/riwal-wpn.acceptatie.indicia-interactiv.nl\/pl\/branze\/\"]}]},{\"@type\":\"ImageObject\",\"inLanguage\":\"pl-PL\",\"@id\":\"https:\/\/riwal-wpn.acceptatie.indicia-interactiv.nl\/pl\/branze\/#primaryimage\",\"url\":\"https:\/\/riwal-wpn.acceptatie.indicia-interactiv.nl\/app\/uploads\/sites\/9\/2024\/02\/Riwal-Industry-Solutions-teaser.webp\",\"contentUrl\":\"https:\/\/riwal-wpn.acceptatie.indicia-interactiv.nl\/app\/uploads\/sites\/9\/2024\/02\/Riwal-Industry-Solutions-teaser.webp\"},{\"@type\":\"BreadcrumbList\",\"@id\":\"https:\/\/riwal-wpn.acceptatie.indicia-interactiv.nl\/pl\/branze\/#breadcrumb\",\"itemListElement\":[{\"@type\":\"ListItem\",\"position\":1,\"name\":\"Strona g\u0142\u00f3wna\",\"item\":\"https:\/\/riwal-wpn.acceptatie.indicia-interactiv.nl\/pl\/\"},{\"@type\":\"ListItem\",\"position\":2,\"name\":\"Bran\u017ce\"}]},{\"@type\":\"WebSite\",\"@id\":\"https:\/\/riwal-wpn.acceptatie.indicia-interactiv.nl\/pl\/#website\",\"url\":\"https:\/\/riwal-wpn.acceptatie.indicia-interactiv.nl\/pl\/\",\"name\":\"Riwal\",\"description\":\"Arial work platform &amp; Telehandler Rental\/Sales\",\"publisher\":{\"@id\":\"https:\/\/riwal-wpn.acceptatie.indicia-interactiv.nl\/pl\/#organization\"},\"potentialAction\":[{\"@type\":\"SearchAction\",\"target\":{\"@type\":\"EntryPoint\",\"urlTemplate\":\"https:\/\/riwal-wpn.acceptatie.indicia-interactiv.nl\/pl\/?s={search_term_string}\"},\"query-input\":{\"@type\":\"PropertyValueSpecification\",\"valueRequired\":true,\"valueName\":\"search_term_string\"}}],\"inLanguage\":\"pl-PL\"},{\"@type\":\"Organization\",\"@id\":\"https:\/\/riwal-wpn.acceptatie.indicia-interactiv.nl\/pl\/#organization\",\"name\":\"Riwal\",\"url\":\"https:\/\/riwal-wpn.acceptatie.indicia-interactiv.nl\/pl\/\",\"logo\":{\"@type\":\"ImageObject\",\"inLanguage\":\"pl-PL\",\"@id\":\"https:\/\/riwal-wpn.acceptatie.indicia-interactiv.nl\/pl\/#\/schema\/logo\/image\/\",\"url\":\"\",\"contentUrl\":\"\",\"caption\":\"Riwal\"},\"image\":{\"@id\":\"https:\/\/riwal-wpn.acceptatie.indicia-interactiv.nl\/pl\/#\/schema\/logo\/image\/\"}}]}<\/script>\n<!-- \/ Yoast SEO Premium plugin. -->","yoast_head_json":{"title":"Bran\u017ce - Riwal - Polska","robots":{"index":"noindex","follow":"follow","max-snippet":"max-snippet:-1","max-image-preview":"max-image-preview:large","max-video-preview":"max-video-preview:-1"},"og_locale":"pl_PL","og_type":"article","og_title":"Bran\u017ce","og_description":"ROZWI\u0104ZANIA W PRACY NA WYSOKO\u015aCI DEDYKOWANE DLA BRAN\u017b Odniesienie sukcesu wymaga \u015bwiadomo\u015bci rynku, zaanga\u017cowania i kompleksowego dzia\u0142ania. Do realizacji naszych cel\u00f3w potrzebujemy nie tylko specjalistycznej wiedzy, ale tak\u017ce wykwalifikowanego zespo\u0142u. Powodzenie w biznesie to r\u00f3wnie\u017c posiadanie dobrych, godnych zaufania, rozwa\u017cnie wybranych partner\u00f3w. Potrzebujesz partnera, kt\u00f3ry dostosuje rozwi\u0105zania do Twoich metod pracy i spe\u0142ni Twoje oczekiwania. &hellip; Kontynuuacja","og_url":"https:\/\/riwal-wpn.acceptatie.indicia-interactiv.nl\/pl\/branze\/","og_site_name":"Riwal - Polska","article_modified_time":"2024-02-05T10:49:29+00:00","og_image":[{"url":"https:\/\/riwal-wpn.acceptatie.indicia-interactiv.nl\/app\/uploads\/sites\/9\/2024\/02\/Riwal-Industry-Solutions-teaser.webp","type":"","width":"","height":""}],"twitter_card":"summary_large_image","twitter_misc":{"Est. reading time":"3 minuty"},"schema":{"@context":"https:\/\/schema.org","@graph":[{"@type":"WebPage","@id":"https:\/\/riwal-wpn.acceptatie.indicia-interactiv.nl\/pl\/branze\/","url":"https:\/\/riwal-wpn.acceptatie.indicia-interactiv.nl\/pl\/branze\/","name":"Bran\u017ce - Riwal - Polska","isPartOf":{"@id":"https:\/\/riwal-wpn.acceptatie.indicia-interactiv.nl\/pl\/#website"},"primaryImageOfPage":{"@id":"https:\/\/riwal-wpn.acceptatie.indicia-interactiv.nl\/pl\/branze\/#primaryimage"},"image":{"@id":"https:\/\/riwal-wpn.acceptatie.indicia-interactiv.nl\/pl\/branze\/#primaryimage"},"thumbnailUrl":"https:\/\/riwal-wpn.acceptatie.indicia-interactiv.nl\/app\/uploads\/sites\/9\/2024\/02\/Riwal-Industry-Solutions-teaser.webp","datePublished":"2024-01-25T13:07:00+00:00","dateModified":"2024-02-05T10:49:29+00:00","breadcrumb":{"@id":"https:\/\/riwal-wpn.acceptatie.indicia-interactiv.nl\/pl\/branze\/#breadcrumb"},"inLanguage":"pl-PL","potentialAction":[{"@type":"ReadAction","target":["https:\/\/riwal-wpn.acceptatie.indicia-interactiv.nl\/pl\/branze\/"]}]},{"@type":"ImageObject","inLanguage":"pl-PL","@id":"https:\/\/riwal-wpn.acceptatie.indicia-interactiv.nl\/pl\/branze\/#primaryimage","url":"https:\/\/riwal-wpn.acceptatie.indicia-interactiv.nl\/app\/uploads\/sites\/9\/2024\/02\/Riwal-Industry-Solutions-teaser.webp","contentUrl":"https:\/\/riwal-wpn.acceptatie.indicia-interactiv.nl\/app\/uploads\/sites\/9\/2024\/02\/Riwal-Industry-Solutions-teaser.webp"},{"@type":"BreadcrumbList","@id":"https:\/\/riwal-wpn.acceptatie.indicia-interactiv.nl\/pl\/branze\/#breadcrumb","itemListElement":[{"@type":"ListItem","position":1,"name":"Strona g\u0142\u00f3wna","item":"https:\/\/riwal-wpn.acceptatie.indicia-interactiv.nl\/pl\/"},{"@type":"ListItem","position":2,"name":"Bran\u017ce"}]},{"@type":"WebSite","@id":"https:\/\/riwal-wpn.acceptatie.indicia-interactiv.nl\/pl\/#website","url":"https:\/\/riwal-wpn.acceptatie.indicia-interactiv.nl\/pl\/","name":"Riwal","description":"Arial work platform &amp; Telehandler Rental\/Sales","publisher":{"@id":"https:\/\/riwal-wpn.acceptatie.indicia-interactiv.nl\/pl\/#organization"},"potentialAction":[{"@type":"SearchAction","target":{"@type":"EntryPoint","urlTemplate":"https:\/\/riwal-wpn.acceptatie.indicia-interactiv.nl\/pl\/?s={search_term_string}"},"query-input":{"@type":"PropertyValueSpecification","valueRequired":true,"valueName":"search_term_string"}}],"inLanguage":"pl-PL"},{"@type":"Organization","@id":"https:\/\/riwal-wpn.acceptatie.indicia-interactiv.nl\/pl\/#organization","name":"Riwal","url":"https:\/\/riwal-wpn.acceptatie.indicia-interactiv.nl\/pl\/","logo":{"@type":"ImageObject","inLanguage":"pl-PL","@id":"https:\/\/riwal-wpn.acceptatie.indicia-interactiv.nl\/pl\/#\/schema\/logo\/image\/","url":"","contentUrl":"","caption":"Riwal"},"image":{"@id":"https:\/\/riwal-wpn.acceptatie.indicia-interactiv.nl\/pl\/#\/schema\/logo\/image\/"}}]}},"_links":{"self":[{"href":"https:\/\/riwal-wpn.acceptatie.indicia-interactiv.nl\/pl\/wp-json\/wp\/v2\/pages\/5814","targetHints":{"allow":["GET"]}}],"collection":[{"href":"https:\/\/riwal-wpn.acceptatie.indicia-interactiv.nl\/pl\/wp-json\/wp\/v2\/pages"}],"about":[{"href":"https:\/\/riwal-wpn.acceptatie.indicia-interactiv.nl\/pl\/wp-json\/wp\/v2\/types\/page"}],"author":[{"embeddable":true,"href":"https:\/\/riwal-wpn.acceptatie.indicia-interactiv.nl\/pl\/wp-json\/wp\/v2\/users\/31"}],"replies":[{"embeddable":true,"href":"https:\/\/riwal-wpn.acceptatie.indicia-interactiv.nl\/pl\/wp-json\/wp\/v2\/comments?post=5814"}],"version-history":[{"count":12,"href":"https:\/\/riwal-wpn.acceptatie.indicia-interactiv.nl\/pl\/wp-json\/wp\/v2\/pages\/5814\/revisions"}],"predecessor-version":[{"id":7119,"href":"https:\/\/riwal-wpn.acceptatie.indicia-interactiv.nl\/pl\/wp-json\/wp\/v2\/pages\/5814\/revisions\/7119"}],"wp:attachment":[{"href":"https:\/\/riwal-wpn.acceptatie.indicia-interactiv.nl\/pl\/wp-json\/wp\/v2\/media?parent=5814"}],"curies":[{"name":"wp","href":"https:\/\/api.w.org\/{rel}","templated":true}]}}