{"id":5826,"date":"2024-01-25T13:17:25","date_gmt":"2024-01-25T13:17:25","guid":{"rendered":"https:\/\/riwal-wpn.acceptatie.indicia-interactiv.nl\/pl\/?page_id=5826"},"modified":"2024-01-26T08:58:55","modified_gmt":"2024-01-26T08:58:55","slug":"serwis-i-czesci","status":"publish","type":"page","link":"https:\/\/riwal-wpn.acceptatie.indicia-interactiv.nl\/pl\/serwis-i-czesci\/","title":{"rendered":"Serwis i cz\u0119\u015bci"},"content":{"rendered":"<div class=\"container\">\n<h2 class=\"wp-block-heading\" id=\"h-serwis-podnosnikow-ladowarek-podestow-ruchomych-sprzedaz-czesci-zamiennych\">SERWIS PODNO\u015aNIK\u00d3W, \u0141ADOWAREK, PODEST\u00d3W RUCHOMYCH &#8211; SPRZEDA\u017b CZ\u0118\u015aCI ZAMIENNYCH<\/h2>\n<\/div>\n\n<div class=\"container\">\n<h5 class=\"wp-block-heading\" id=\"h-naprawa-podnosnikow-koszowych-ladowarek-teleskopowych-i-podestow-ruchomych\">NAPRAWA PODNO\u015aNIK\u00d3W KOSZOWYCH, \u0141ADOWAREK TELESKOPOWYCH I PODEST\u00d3W RUCHOMYCH<\/h5>\n<\/div>\n\n<div class=\"container\">\n<p>W RIWAL wiemy, jak wa\u017cne jest zachowanie ci\u0105g\u0142o\u015bci pracy. Dlatego klienci, kt\u00f3rzy wynajmuj\u0105 od nas maszyny maj\u0105 zapewniony b\u0142yskawiczny serwis zewn\u0119trzny. Oferujemy<strong>&nbsp;serwis podno\u015bnik\u00f3w koszowych,&nbsp;<\/strong>inne dodatkowe naprawy oraz sprzeda\u017c cz\u0119\u015bci do podest\u00f3w ruchomych i \u0142adowarek teleskopowych. Zapraszamy do zapoznania si\u0119 ze szczeg\u00f3\u0142ami oferty.<\/p>\n<\/div>\n\n<div class=\"rental-wp-default-block rental-theme-block-default-margin\">\n\t\t\t\t\t\t\t\t<div class=\"container\">\n<div class=\"wp-block-columns is-layout-flex wp-container-core-columns-is-layout-28f84493 wp-block-columns-is-layout-flex\">\n<div class=\"wp-block-column is-layout-flow wp-block-column-is-layout-flow\">\n<figure class=\"wp-block-image aligncenter size-full is-resized\"><a href=\"https:\/\/riwal-wpn.acceptatie.indicia-interactiv.nl\/pl\/serwis-wynajetych-maszyn\/\"><img loading=\"lazy\" decoding=\"async\" width=\"339\" height=\"242\" src=\"https:\/\/riwal-wpn.acceptatie.indicia-interactiv.nl\/app\/uploads\/sites\/9\/2024\/01\/Serwis-RIWAL-1.jpg\" alt=\"\" class=\"wp-image-5837\" style=\"width:242px;height:auto\" srcset=\"https:\/\/riwal-wpn.acceptatie.indicia-interactiv.nl\/app\/uploads\/sites\/9\/2024\/01\/Serwis-RIWAL-1.jpg 339w, https:\/\/riwal-wpn.acceptatie.indicia-interactiv.nl\/app\/uploads\/sites\/9\/2024\/01\/Serwis-RIWAL-1-300x214.jpg 300w, https:\/\/riwal-wpn.acceptatie.indicia-interactiv.nl\/app\/uploads\/sites\/9\/2024\/01\/Serwis-RIWAL-1-178x127.jpg 178w, https:\/\/riwal-wpn.acceptatie.indicia-interactiv.nl\/app\/uploads\/sites\/9\/2024\/01\/Serwis-RIWAL-1-250x178.jpg 250w, https:\/\/riwal-wpn.acceptatie.indicia-interactiv.nl\/app\/uploads\/sites\/9\/2024\/01\/Serwis-RIWAL-1-237x169.jpg 237w\" sizes=\"auto, (max-width: 339px) 100vw, 339px\" \/><\/a><figcaption class=\"wp-element-caption\"><a href=\"https:\/\/riwal-wpn.acceptatie.indicia-interactiv.nl\/pl\/serwis-wynajetych-maszyn\/\"><strong>B\u0142yskawiczny serwis maszyn wynajmowanych od Riwal<\/strong><br>Sprawd\u017a szczeg\u00f3\u0142y<\/a> <\/figcaption><\/figure>\n<\/div>\n\n\n\n<div class=\"wp-block-column is-layout-flow wp-block-column-is-layout-flow\">\n<figure class=\"wp-block-image aligncenter size-large\"><a href=\"https:\/\/riwal-wpn.acceptatie.indicia-interactiv.nl\/pl\/serwis-zewnetrzny-resurs\/\"><img loading=\"lazy\" decoding=\"async\" width=\"2560\" height=\"1441\" src=\"https:\/\/riwal-wpn.acceptatie.indicia-interactiv.nl\/app\/uploads\/sites\/9\/2024\/01\/serwis.1-1-edited-scaled.jpg\" alt=\"\" class=\"wp-image-5860\" srcset=\"https:\/\/riwal-wpn.acceptatie.indicia-interactiv.nl\/app\/uploads\/sites\/9\/2024\/01\/serwis.1-1-edited-scaled.jpg 2560w, https:\/\/riwal-wpn.acceptatie.indicia-interactiv.nl\/app\/uploads\/sites\/9\/2024\/01\/serwis.1-1-edited-300x169.jpg 300w, https:\/\/riwal-wpn.acceptatie.indicia-interactiv.nl\/app\/uploads\/sites\/9\/2024\/01\/serwis.1-1-edited-1024x576.jpg 1024w, https:\/\/riwal-wpn.acceptatie.indicia-interactiv.nl\/app\/uploads\/sites\/9\/2024\/01\/serwis.1-1-edited-768x432.jpg 768w, https:\/\/riwal-wpn.acceptatie.indicia-interactiv.nl\/app\/uploads\/sites\/9\/2024\/01\/serwis.1-1-edited-1536x865.jpg 1536w, https:\/\/riwal-wpn.acceptatie.indicia-interactiv.nl\/app\/uploads\/sites\/9\/2024\/01\/serwis.1-1-edited-2048x1153.jpg 2048w, https:\/\/riwal-wpn.acceptatie.indicia-interactiv.nl\/app\/uploads\/sites\/9\/2024\/01\/serwis.1-1-edited-178x100.jpg 178w, https:\/\/riwal-wpn.acceptatie.indicia-interactiv.nl\/app\/uploads\/sites\/9\/2024\/01\/serwis.1-1-edited-1440x811.jpg 1440w, https:\/\/riwal-wpn.acceptatie.indicia-interactiv.nl\/app\/uploads\/sites\/9\/2024\/01\/serwis.1-1-edited-390x220.jpg 390w, https:\/\/riwal-wpn.acceptatie.indicia-interactiv.nl\/app\/uploads\/sites\/9\/2024\/01\/serwis.1-1-edited-830x467.jpg 830w, https:\/\/riwal-wpn.acceptatie.indicia-interactiv.nl\/app\/uploads\/sites\/9\/2024\/01\/serwis.1-1-edited-250x141.jpg 250w, https:\/\/riwal-wpn.acceptatie.indicia-interactiv.nl\/app\/uploads\/sites\/9\/2024\/01\/serwis.1-1-edited-620x349.jpg 620w, https:\/\/riwal-wpn.acceptatie.indicia-interactiv.nl\/app\/uploads\/sites\/9\/2024\/01\/serwis.1-1-edited-237x133.jpg 237w, https:\/\/riwal-wpn.acceptatie.indicia-interactiv.nl\/app\/uploads\/sites\/9\/2024\/01\/serwis.1-1-edited-474x267.jpg 474w\" sizes=\"auto, (max-width: 2560px) 100vw, 2560px\" \/><\/a><figcaption class=\"wp-element-caption\"><a href=\"https:\/\/riwal-wpn.acceptatie.indicia-interactiv.nl\/pl\/serwis-zewnetrzny-resurs\/\"><strong>Serwis podno\u015bnik\u00f3w &#8211; naprawy, konserwacje, <\/strong><br><strong>resurs maszyn Klient\u00f3w <\/strong><br>Sprawd\u017a szczeg\u00f3\u0142y<\/a><\/figcaption><\/figure>\n<\/div>\n\n\n\n<div class=\"wp-block-column is-layout-flow wp-block-column-is-layout-flow\">\n<figure class=\"wp-block-image aligncenter size-full is-resized\"><a href=\"https:\/\/www.myriwalparts.com\/riwalstore\/#\/user\/login\"><img loading=\"lazy\" decoding=\"async\" width=\"409\" height=\"230\" src=\"https:\/\/riwal-wpn.acceptatie.indicia-interactiv.nl\/app\/uploads\/sites\/9\/2024\/01\/my-riwal-parts-sklep-internetowy-edited.png\" alt=\"\" class=\"wp-image-5861\" style=\"width:411px;height:auto\" srcset=\"https:\/\/riwal-wpn.acceptatie.indicia-interactiv.nl\/app\/uploads\/sites\/9\/2024\/01\/my-riwal-parts-sklep-internetowy-edited.png 409w, https:\/\/riwal-wpn.acceptatie.indicia-interactiv.nl\/app\/uploads\/sites\/9\/2024\/01\/my-riwal-parts-sklep-internetowy-edited-300x169.png 300w, https:\/\/riwal-wpn.acceptatie.indicia-interactiv.nl\/app\/uploads\/sites\/9\/2024\/01\/my-riwal-parts-sklep-internetowy-edited-178x100.png 178w, https:\/\/riwal-wpn.acceptatie.indicia-interactiv.nl\/app\/uploads\/sites\/9\/2024\/01\/my-riwal-parts-sklep-internetowy-edited-390x219.png 390w, https:\/\/riwal-wpn.acceptatie.indicia-interactiv.nl\/app\/uploads\/sites\/9\/2024\/01\/my-riwal-parts-sklep-internetowy-edited-250x141.png 250w, https:\/\/riwal-wpn.acceptatie.indicia-interactiv.nl\/app\/uploads\/sites\/9\/2024\/01\/my-riwal-parts-sklep-internetowy-edited-237x133.png 237w\" sizes=\"auto, (max-width: 409px) 100vw, 409px\" \/><\/a><figcaption class=\"wp-element-caption\"><a href=\"https:\/\/www.myriwalparts.com\/riwalstore\/#\/user\/login\"><strong>My Riwal Cz\u0119\u015bci <\/strong><br>Sklep internetowy do zamawiania cz\u0119\u015bci <\/a><\/figcaption><\/figure>\n<\/div>\n<\/div>\n<\/div>\n\t\t\t\t\t\t\t<\/div> \n\n<div class=\"container\">\n<h4 class=\"wp-block-heading\">Jeste\u015b zainteresowany naszymi cz\u0119\u015bciami zamiennymi?<\/h4>\n<\/div>\n\n<div class=\"container\">\n<p>Z ch\u0119ci\u0105 pomo\u017cemy Ci w odpowiednim wyborze. Skontaktuj si\u0119 z nami pod numerem&nbsp;<strong><a href=\"tel:+48 781800162\">+48 781 800 162<\/a>&nbsp;<\/strong>lub&nbsp;<strong><a href=\"tel:+48781800244\">+48 781 800 244<\/a><\/strong>.&nbsp;Mo\u017cesz te\u017c napisa\u0107 do nas &#8211; po otrzymaniu wiadomo\u015bci natychmiast zajmiemy si\u0119 Twoim zapytaniem.<\/p>\n<\/div>\n\n<div class=\"rental-wp-default-block rental-theme-block-default-margin\">\n\t\t\t\t\t\t\t\t<div class=\"container\">\n<div class=\"wp-block-buttons is-layout-flex wp-block-buttons-is-layout-flex\">\n<div class=\"wp-block-button\"><a class=\"wp-block-button__link wp-element-button\" href=\"mailto:czesci@riwal.com\"> Napisz e-mail<\/a><\/div>\n<\/div>\n<\/div>\n\t\t\t\t\t\t\t<\/div> ","protected":false},"excerpt":{"rendered":"<p>SERWIS PODNO\u015aNIK\u00d3W, \u0141ADOWAREK, PODEST\u00d3W RUCHOMYCH &#8211; SPRZEDA\u017b CZ\u0118\u015aCI ZAMIENNYCH NAPRAWA PODNO\u015aNIK\u00d3W KOSZOWYCH, \u0141ADOWAREK TELESKOPOWYCH I PODEST\u00d3W RUCHOMYCH W RIWAL wiemy, jak wa\u017cne jest zachowanie ci\u0105g\u0142o\u015bci pracy. Dlatego klienci, kt\u00f3rzy wynajmuj\u0105 od nas maszyny maj\u0105 zapewniony b\u0142yskawiczny serwis zewn\u0119trzny. Oferujemy&nbsp;serwis podno\u015bnik\u00f3w koszowych,&nbsp;inne dodatkowe naprawy oraz sprzeda\u017c cz\u0119\u015bci do podest\u00f3w ruchomych i \u0142adowarek teleskopowych. Zapraszamy do zapoznania &hellip; <a href=\"https:\/\/riwal-wpn.acceptatie.indicia-interactiv.nl\/pl\/serwis-i-czesci\/\">Kontynuuacja<\/a><\/p>\n","protected":false},"author":31,"featured_media":0,"parent":0,"menu_order":0,"comment_status":"closed","ping_status":"closed","template":"","meta":{"_acf_changed":false,"editor_notices":[],"footnotes":""},"class_list":["post-5826","page","type-page","status-publish","hentry"],"acf":[],"yoast_head":"<!-- This site is optimized with the Yoast SEO Premium plugin v27.1 (Yoast SEO v27.1.1) - https:\/\/yoast.com\/product\/yoast-seo-premium-wordpress\/ -->\n<title>Serwis i cz\u0119\u015bci - Riwal - Polska<\/title>\n<meta name=\"robots\" content=\"noindex, follow, max-snippet:-1, max-image-preview:large, max-video-preview:-1\" \/>\n<meta property=\"og:locale\" content=\"pl_PL\" \/>\n<meta property=\"og:type\" content=\"article\" \/>\n<meta property=\"og:title\" content=\"Serwis i cz\u0119\u015bci\" \/>\n<meta property=\"og:description\" content=\"SERWIS PODNO\u015aNIK\u00d3W, \u0141ADOWAREK, PODEST\u00d3W RUCHOMYCH &#8211; SPRZEDA\u017b CZ\u0118\u015aCI ZAMIENNYCH NAPRAWA PODNO\u015aNIK\u00d3W KOSZOWYCH, \u0141ADOWAREK TELESKOPOWYCH I PODEST\u00d3W RUCHOMYCH W RIWAL wiemy, jak wa\u017cne jest zachowanie ci\u0105g\u0142o\u015bci pracy. Dlatego klienci, kt\u00f3rzy wynajmuj\u0105 od nas maszyny maj\u0105 zapewniony b\u0142yskawiczny serwis zewn\u0119trzny. Oferujemy&nbsp;serwis podno\u015bnik\u00f3w koszowych,&nbsp;inne dodatkowe naprawy oraz sprzeda\u017c cz\u0119\u015bci do podest\u00f3w ruchomych i \u0142adowarek teleskopowych. Zapraszamy do zapoznania &hellip; Kontynuuacja\" \/>\n<meta property=\"og:url\" content=\"https:\/\/riwal-wpn.acceptatie.indicia-interactiv.nl\/pl\/serwis-i-czesci\/\" \/>\n<meta property=\"og:site_name\" content=\"Riwal - Polska\" \/>\n<meta property=\"article:modified_time\" content=\"2024-01-26T08:58:55+00:00\" \/>\n<meta property=\"og:image\" content=\"https:\/\/riwal-wpn.acceptatie.indicia-interactiv.nl\/app\/uploads\/sites\/9\/2024\/01\/Serwis-RIWAL-1.jpg\" \/>\n<meta name=\"twitter:card\" content=\"summary_large_image\" \/>\n<meta name=\"twitter:label1\" content=\"Est. reading time\" \/>\n\t<meta name=\"twitter:data1\" content=\"2 minuty\" \/>\n<script type=\"application\/ld+json\" class=\"yoast-schema-graph\">{\"@context\":\"https:\/\/schema.org\",\"@graph\":[{\"@type\":\"WebPage\",\"@id\":\"https:\/\/riwal-wpn.acceptatie.indicia-interactiv.nl\/pl\/serwis-i-czesci\/\",\"url\":\"https:\/\/riwal-wpn.acceptatie.indicia-interactiv.nl\/pl\/serwis-i-czesci\/\",\"name\":\"Serwis i cz\u0119\u015bci - Riwal - Polska\",\"isPartOf\":{\"@id\":\"https:\/\/riwal-wpn.acceptatie.indicia-interactiv.nl\/pl\/#website\"},\"primaryImageOfPage\":{\"@id\":\"https:\/\/riwal-wpn.acceptatie.indicia-interactiv.nl\/pl\/serwis-i-czesci\/#primaryimage\"},\"image\":{\"@id\":\"https:\/\/riwal-wpn.acceptatie.indicia-interactiv.nl\/pl\/serwis-i-czesci\/#primaryimage\"},\"thumbnailUrl\":\"https:\/\/riwal-wpn.acceptatie.indicia-interactiv.nl\/app\/uploads\/sites\/9\/2024\/01\/Serwis-RIWAL-1.jpg\",\"datePublished\":\"2024-01-25T13:17:25+00:00\",\"dateModified\":\"2024-01-26T08:58:55+00:00\",\"breadcrumb\":{\"@id\":\"https:\/\/riwal-wpn.acceptatie.indicia-interactiv.nl\/pl\/serwis-i-czesci\/#breadcrumb\"},\"inLanguage\":\"pl-PL\",\"potentialAction\":[{\"@type\":\"ReadAction\",\"target\":[\"https:\/\/riwal-wpn.acceptatie.indicia-interactiv.nl\/pl\/serwis-i-czesci\/\"]}]},{\"@type\":\"ImageObject\",\"inLanguage\":\"pl-PL\",\"@id\":\"https:\/\/riwal-wpn.acceptatie.indicia-interactiv.nl\/pl\/serwis-i-czesci\/#primaryimage\",\"url\":\"https:\/\/riwal-wpn.acceptatie.indicia-interactiv.nl\/app\/uploads\/sites\/9\/2024\/01\/Serwis-RIWAL-1.jpg\",\"contentUrl\":\"https:\/\/riwal-wpn.acceptatie.indicia-interactiv.nl\/app\/uploads\/sites\/9\/2024\/01\/Serwis-RIWAL-1.jpg\"},{\"@type\":\"BreadcrumbList\",\"@id\":\"https:\/\/riwal-wpn.acceptatie.indicia-interactiv.nl\/pl\/serwis-i-czesci\/#breadcrumb\",\"itemListElement\":[{\"@type\":\"ListItem\",\"position\":1,\"name\":\"Strona g\u0142\u00f3wna\",\"item\":\"https:\/\/riwal-wpn.acceptatie.indicia-interactiv.nl\/pl\/\"},{\"@type\":\"ListItem\",\"position\":2,\"name\":\"Serwis i cz\u0119\u015bci\"}]},{\"@type\":\"WebSite\",\"@id\":\"https:\/\/riwal-wpn.acceptatie.indicia-interactiv.nl\/pl\/#website\",\"url\":\"https:\/\/riwal-wpn.acceptatie.indicia-interactiv.nl\/pl\/\",\"name\":\"Riwal\",\"description\":\"Arial work platform &amp; Telehandler Rental\/Sales\",\"publisher\":{\"@id\":\"https:\/\/riwal-wpn.acceptatie.indicia-interactiv.nl\/pl\/#organization\"},\"potentialAction\":[{\"@type\":\"SearchAction\",\"target\":{\"@type\":\"EntryPoint\",\"urlTemplate\":\"https:\/\/riwal-wpn.acceptatie.indicia-interactiv.nl\/pl\/?s={search_term_string}\"},\"query-input\":{\"@type\":\"PropertyValueSpecification\",\"valueRequired\":true,\"valueName\":\"search_term_string\"}}],\"inLanguage\":\"pl-PL\"},{\"@type\":\"Organization\",\"@id\":\"https:\/\/riwal-wpn.acceptatie.indicia-interactiv.nl\/pl\/#organization\",\"name\":\"Riwal\",\"url\":\"https:\/\/riwal-wpn.acceptatie.indicia-interactiv.nl\/pl\/\",\"logo\":{\"@type\":\"ImageObject\",\"inLanguage\":\"pl-PL\",\"@id\":\"https:\/\/riwal-wpn.acceptatie.indicia-interactiv.nl\/pl\/#\/schema\/logo\/image\/\",\"url\":\"\",\"contentUrl\":\"\",\"caption\":\"Riwal\"},\"image\":{\"@id\":\"https:\/\/riwal-wpn.acceptatie.indicia-interactiv.nl\/pl\/#\/schema\/logo\/image\/\"}}]}<\/script>\n<!-- \/ Yoast SEO Premium plugin. -->","yoast_head_json":{"title":"Serwis i cz\u0119\u015bci - Riwal - Polska","robots":{"index":"noindex","follow":"follow","max-snippet":"max-snippet:-1","max-image-preview":"max-image-preview:large","max-video-preview":"max-video-preview:-1"},"og_locale":"pl_PL","og_type":"article","og_title":"Serwis i cz\u0119\u015bci","og_description":"SERWIS PODNO\u015aNIK\u00d3W, \u0141ADOWAREK, PODEST\u00d3W RUCHOMYCH &#8211; SPRZEDA\u017b CZ\u0118\u015aCI ZAMIENNYCH NAPRAWA PODNO\u015aNIK\u00d3W KOSZOWYCH, \u0141ADOWAREK TELESKOPOWYCH I PODEST\u00d3W RUCHOMYCH W RIWAL wiemy, jak wa\u017cne jest zachowanie ci\u0105g\u0142o\u015bci pracy. Dlatego klienci, kt\u00f3rzy wynajmuj\u0105 od nas maszyny maj\u0105 zapewniony b\u0142yskawiczny serwis zewn\u0119trzny. Oferujemy&nbsp;serwis podno\u015bnik\u00f3w koszowych,&nbsp;inne dodatkowe naprawy oraz sprzeda\u017c cz\u0119\u015bci do podest\u00f3w ruchomych i \u0142adowarek teleskopowych. Zapraszamy do zapoznania &hellip; Kontynuuacja","og_url":"https:\/\/riwal-wpn.acceptatie.indicia-interactiv.nl\/pl\/serwis-i-czesci\/","og_site_name":"Riwal - Polska","article_modified_time":"2024-01-26T08:58:55+00:00","og_image":[{"url":"https:\/\/riwal-wpn.acceptatie.indicia-interactiv.nl\/app\/uploads\/sites\/9\/2024\/01\/Serwis-RIWAL-1.jpg","type":"","width":"","height":""}],"twitter_card":"summary_large_image","twitter_misc":{"Est. reading time":"2 minuty"},"schema":{"@context":"https:\/\/schema.org","@graph":[{"@type":"WebPage","@id":"https:\/\/riwal-wpn.acceptatie.indicia-interactiv.nl\/pl\/serwis-i-czesci\/","url":"https:\/\/riwal-wpn.acceptatie.indicia-interactiv.nl\/pl\/serwis-i-czesci\/","name":"Serwis i cz\u0119\u015bci - Riwal - Polska","isPartOf":{"@id":"https:\/\/riwal-wpn.acceptatie.indicia-interactiv.nl\/pl\/#website"},"primaryImageOfPage":{"@id":"https:\/\/riwal-wpn.acceptatie.indicia-interactiv.nl\/pl\/serwis-i-czesci\/#primaryimage"},"image":{"@id":"https:\/\/riwal-wpn.acceptatie.indicia-interactiv.nl\/pl\/serwis-i-czesci\/#primaryimage"},"thumbnailUrl":"https:\/\/riwal-wpn.acceptatie.indicia-interactiv.nl\/app\/uploads\/sites\/9\/2024\/01\/Serwis-RIWAL-1.jpg","datePublished":"2024-01-25T13:17:25+00:00","dateModified":"2024-01-26T08:58:55+00:00","breadcrumb":{"@id":"https:\/\/riwal-wpn.acceptatie.indicia-interactiv.nl\/pl\/serwis-i-czesci\/#breadcrumb"},"inLanguage":"pl-PL","potentialAction":[{"@type":"ReadAction","target":["https:\/\/riwal-wpn.acceptatie.indicia-interactiv.nl\/pl\/serwis-i-czesci\/"]}]},{"@type":"ImageObject","inLanguage":"pl-PL","@id":"https:\/\/riwal-wpn.acceptatie.indicia-interactiv.nl\/pl\/serwis-i-czesci\/#primaryimage","url":"https:\/\/riwal-wpn.acceptatie.indicia-interactiv.nl\/app\/uploads\/sites\/9\/2024\/01\/Serwis-RIWAL-1.jpg","contentUrl":"https:\/\/riwal-wpn.acceptatie.indicia-interactiv.nl\/app\/uploads\/sites\/9\/2024\/01\/Serwis-RIWAL-1.jpg"},{"@type":"BreadcrumbList","@id":"https:\/\/riwal-wpn.acceptatie.indicia-interactiv.nl\/pl\/serwis-i-czesci\/#breadcrumb","itemListElement":[{"@type":"ListItem","position":1,"name":"Strona g\u0142\u00f3wna","item":"https:\/\/riwal-wpn.acceptatie.indicia-interactiv.nl\/pl\/"},{"@type":"ListItem","position":2,"name":"Serwis i cz\u0119\u015bci"}]},{"@type":"WebSite","@id":"https:\/\/riwal-wpn.acceptatie.indicia-interactiv.nl\/pl\/#website","url":"https:\/\/riwal-wpn.acceptatie.indicia-interactiv.nl\/pl\/","name":"Riwal","description":"Arial work platform &amp; Telehandler Rental\/Sales","publisher":{"@id":"https:\/\/riwal-wpn.acceptatie.indicia-interactiv.nl\/pl\/#organization"},"potentialAction":[{"@type":"SearchAction","target":{"@type":"EntryPoint","urlTemplate":"https:\/\/riwal-wpn.acceptatie.indicia-interactiv.nl\/pl\/?s={search_term_string}"},"query-input":{"@type":"PropertyValueSpecification","valueRequired":true,"valueName":"search_term_string"}}],"inLanguage":"pl-PL"},{"@type":"Organization","@id":"https:\/\/riwal-wpn.acceptatie.indicia-interactiv.nl\/pl\/#organization","name":"Riwal","url":"https:\/\/riwal-wpn.acceptatie.indicia-interactiv.nl\/pl\/","logo":{"@type":"ImageObject","inLanguage":"pl-PL","@id":"https:\/\/riwal-wpn.acceptatie.indicia-interactiv.nl\/pl\/#\/schema\/logo\/image\/","url":"","contentUrl":"","caption":"Riwal"},"image":{"@id":"https:\/\/riwal-wpn.acceptatie.indicia-interactiv.nl\/pl\/#\/schema\/logo\/image\/"}}]}},"_links":{"self":[{"href":"https:\/\/riwal-wpn.acceptatie.indicia-interactiv.nl\/pl\/wp-json\/wp\/v2\/pages\/5826","targetHints":{"allow":["GET"]}}],"collection":[{"href":"https:\/\/riwal-wpn.acceptatie.indicia-interactiv.nl\/pl\/wp-json\/wp\/v2\/pages"}],"about":[{"href":"https:\/\/riwal-wpn.acceptatie.indicia-interactiv.nl\/pl\/wp-json\/wp\/v2\/types\/page"}],"author":[{"embeddable":true,"href":"https:\/\/riwal-wpn.acceptatie.indicia-interactiv.nl\/pl\/wp-json\/wp\/v2\/users\/31"}],"replies":[{"embeddable":true,"href":"https:\/\/riwal-wpn.acceptatie.indicia-interactiv.nl\/pl\/wp-json\/wp\/v2\/comments?post=5826"}],"version-history":[{"count":15,"href":"https:\/\/riwal-wpn.acceptatie.indicia-interactiv.nl\/pl\/wp-json\/wp\/v2\/pages\/5826\/revisions"}],"predecessor-version":[{"id":7172,"href":"https:\/\/riwal-wpn.acceptatie.indicia-interactiv.nl\/pl\/wp-json\/wp\/v2\/pages\/5826\/revisions\/7172"}],"wp:attachment":[{"href":"https:\/\/riwal-wpn.acceptatie.indicia-interactiv.nl\/pl\/wp-json\/wp\/v2\/media?parent=5826"}],"curies":[{"name":"wp","href":"https:\/\/api.w.org\/{rel}","templated":true}]}}