{"id":5912,"date":"2024-01-29T14:50:41","date_gmt":"2024-01-29T14:50:41","guid":{"rendered":"https:\/\/riwal-wpn.acceptatie.indicia-interactiv.nl\/pl\/?page_id=5912"},"modified":"2024-02-05T09:32:01","modified_gmt":"2024-02-05T09:32:01","slug":"strategia","status":"publish","type":"page","link":"https:\/\/riwal-wpn.acceptatie.indicia-interactiv.nl\/pl\/strategia\/","title":{"rendered":"STRATEGIA"},"content":{"rendered":"<div class=\"rental-wp-default-block rental-theme-block-default-margin\">\n\t\t\t\t\t\t\t\t<div class=\"container\">\n<div class=\"wp-block-columns is-layout-flex wp-container-core-columns-is-layout-28f84493 wp-block-columns-is-layout-flex\">\n<div class=\"wp-block-column is-layout-flow wp-block-column-is-layout-flow\" style=\"flex-basis:66.66%\">\n<p><strong>Nasza strategia<\/strong><\/p>\n\n\n\n<p>Osi\u0105gni\u0119cie sukcesu w biznesie nigdy nie jest proste, ale mimo to mamy bardzo jasno sprecyzowan\u0105 wizj\u0119:<\/p>\n\n\n\n<p><strong>chcemy zapewnia\u0107 najwy\u017cszy poziom zadowolenia klient\u00f3w w bran\u017cy.<\/strong><\/p>\n\n\n\n<p>Nasz\u0105 misj\u0105 jest osi\u0105gni\u0119cie najwy\u017cszych poziom\u00f3w bezpiecze\u0144stwa, produktywno\u015bci i obs\u0142ugi dzi\u0119ki pracy wykwalifikowanego personelu. Jeste\u015bmy przekonani, \u017ce je\u015bli b\u0119dziemy w stanie tego dokona\u0107, to odniesiemy d\u0142ugofalowy sukces, a tym samym b\u0119dziemy stale spe\u0142nia\u0107 potrzeby klient\u00f3w.<\/p>\n\n\n\n<p><strong>Nasz\u0105 strategi\u0119 oparli\u015bmy na trzech g\u0142\u00f3wnych filarach.&nbsp;<\/strong><strong>S\u0105 to:<\/strong><\/p>\n\n\n\n<ul class=\"wp-block-list\">\n<li><strong>Zesp\u00f3\u0142<\/strong>&nbsp;\u2013 Wynajmujemy maszyny, ale najcenniejsi s\u0105 dla nas nasi ludzie. D\u0105\u017cymy do zadowolenia klienta, kt\u00f3re jest mo\u017cliwe tylko w\u00f3wczas, gdy dysponujemy odpowiedni\u0105 za\u0142og\u0105 z w\u0142a\u015bciwym nastawieniem. Pracownikami, kt\u00f3rzy podzielaj\u0105 nasz\u0105 wizj\u0119 jako\u015bci i obs\u0142ugi klienta. Stworzyli\u015bmy firm\u0119 Riwal w duchu innowacyjno\u015bci, otwarto\u015bci oraz globalnej wsp\u00f3\u0142pracy i jeste\u015bmy przekonani, \u017ce te warto\u015bci przyci\u0105gaj\u0105 utalentowanych, ambitnych pracownik\u00f3w. A talenty, kt\u00f3re mamy w swoim zespole, stanowi\u0105 trzon firmy Riwal.<br><\/li>\n\n\n\n<li><strong>Flota<\/strong>&nbsp;\u2013 Nasza flota sprzyja zapewnianiu zadowolenia klient\u00f3w, poniewa\u017c podest do pracy na wysoko\u015bci o odpowiednich parametrach jest zawsze dost\u0119pny w miejscu i czasie wymaganym przez klienta.<br><\/li>\n\n\n\n<li><strong>Klient<\/strong>\u00a0\u2013 Staramy si\u0119 pozna\u0107 i zrozumie\u0107 klient\u00f3w oraz ich potrzeby na okre\u015blonych projektach, a tak\u017ce wsp\u00f3\u0142pracowa\u0107 z nimi, tak aby znajdowa\u0107 najbardziej wydajne, skuteczne i bezpieczne rozwi\u0105zania. W naszym interesie jest zapewnienie klientom najlepszej jako\u015bci obs\u0142ugi , a \u017ceby to realizowa\u0107, wychodzimy poza schemat, aby dotrzyma\u0107 danego s\u0142owa i zagwarantowa\u0107, \u017ce klienci otrzymaj\u0105 na czas dok\u0142adnie to, czego oczekuj\u0105. \u00a0A je\u015bli po drodze pojawi si\u0119 problem, jak najszybciej go rozwi\u0105zujemy<\/li>\n<\/ul>\n\n\n\n<p><\/p>\n<\/div>\n\n\n\n<div class=\"wp-block-column is-layout-flow wp-block-column-is-layout-flow\" style=\"flex-basis:33.33%\">\n<figure class=\"wp-block-image size-large\"><img loading=\"lazy\" decoding=\"async\" width=\"683\" height=\"1024\" src=\"https:\/\/riwal-wpn.acceptatie.indicia-interactiv.nl\/app\/uploads\/sites\/9\/2024\/02\/Wojciech-Lisicki-zdjecie-683x1024.jpg\" alt=\"\" class=\"wp-image-7048\" srcset=\"https:\/\/riwal-wpn.acceptatie.indicia-interactiv.nl\/app\/uploads\/sites\/9\/2024\/02\/Wojciech-Lisicki-zdjecie-683x1024.jpg 683w, https:\/\/riwal-wpn.acceptatie.indicia-interactiv.nl\/app\/uploads\/sites\/9\/2024\/02\/Wojciech-Lisicki-zdjecie-200x300.jpg 200w, https:\/\/riwal-wpn.acceptatie.indicia-interactiv.nl\/app\/uploads\/sites\/9\/2024\/02\/Wojciech-Lisicki-zdjecie-768x1152.jpg 768w, https:\/\/riwal-wpn.acceptatie.indicia-interactiv.nl\/app\/uploads\/sites\/9\/2024\/02\/Wojciech-Lisicki-zdjecie-1024x1536.jpg 1024w, https:\/\/riwal-wpn.acceptatie.indicia-interactiv.nl\/app\/uploads\/sites\/9\/2024\/02\/Wojciech-Lisicki-zdjecie-1365x2048.jpg 1365w, https:\/\/riwal-wpn.acceptatie.indicia-interactiv.nl\/app\/uploads\/sites\/9\/2024\/02\/Wojciech-Lisicki-zdjecie-178x267.jpg 178w, https:\/\/riwal-wpn.acceptatie.indicia-interactiv.nl\/app\/uploads\/sites\/9\/2024\/02\/Wojciech-Lisicki-zdjecie-617x925.jpg 617w, https:\/\/riwal-wpn.acceptatie.indicia-interactiv.nl\/app\/uploads\/sites\/9\/2024\/02\/Wojciech-Lisicki-zdjecie-367x550.jpg 367w, https:\/\/riwal-wpn.acceptatie.indicia-interactiv.nl\/app\/uploads\/sites\/9\/2024\/02\/Wojciech-Lisicki-zdjecie-419x628.jpg 419w, https:\/\/riwal-wpn.acceptatie.indicia-interactiv.nl\/app\/uploads\/sites\/9\/2024\/02\/Wojciech-Lisicki-zdjecie-133x200.jpg 133w, https:\/\/riwal-wpn.acceptatie.indicia-interactiv.nl\/app\/uploads\/sites\/9\/2024\/02\/Wojciech-Lisicki-zdjecie-327x490.jpg 327w, https:\/\/riwal-wpn.acceptatie.indicia-interactiv.nl\/app\/uploads\/sites\/9\/2024\/02\/Wojciech-Lisicki-zdjecie-237x355.jpg 237w, https:\/\/riwal-wpn.acceptatie.indicia-interactiv.nl\/app\/uploads\/sites\/9\/2024\/02\/Wojciech-Lisicki-zdjecie-474x711.jpg 474w, https:\/\/riwal-wpn.acceptatie.indicia-interactiv.nl\/app\/uploads\/sites\/9\/2024\/02\/Wojciech-Lisicki-zdjecie-scaled.jpg 1707w\" sizes=\"auto, (max-width: 683px) 100vw, 683px\" \/><\/figure>\n\n\n\n<p><strong>Szanowni Pa\u0144stwo! <\/strong><br><em>Nasz sukces zawdzi\u0119czamy zaanga\u017cowaniu ca\u0142ego zespo\u0142u Riwal i d\u0105\u017ceniu do ci\u0105g\u0142ego doskonalenia. Je\u015bli mo\u017cemy co\u015b zmieni\u0107 w naszym dzia\u0142aniu i dostarcza\u0107 Pa\u0144stwu jeszcze lepsze do\u015bwiadczenia, jestem do dyspozycji. <\/em><br><strong>Wojciech Lisicki, <br>Country Manager Riwal Poland <\/strong><a href=\"mailto:wojciech.lisicki@riwal.com\">wojciech.lisicki@riwal.com<\/a> <br>Zadzwo\u0144 +48 46 895 13 63<\/p>\n<\/div>\n<\/div>\n<\/div>\n\t\t\t\t\t\t\t<\/div> ","protected":false},"excerpt":{"rendered":"<p>Nasza strategia Osi\u0105gni\u0119cie sukcesu w biznesie nigdy nie jest proste, ale mimo to mamy bardzo jasno sprecyzowan\u0105 wizj\u0119: chcemy zapewnia\u0107 najwy\u017cszy poziom zadowolenia klient\u00f3w w bran\u017cy. Nasz\u0105 misj\u0105 jest osi\u0105gni\u0119cie najwy\u017cszych poziom\u00f3w bezpiecze\u0144stwa, produktywno\u015bci i obs\u0142ugi dzi\u0119ki pracy wykwalifikowanego personelu. Jeste\u015bmy przekonani, \u017ce je\u015bli b\u0119dziemy w stanie tego dokona\u0107, to odniesiemy d\u0142ugofalowy sukces, a tym &hellip; <a href=\"https:\/\/riwal-wpn.acceptatie.indicia-interactiv.nl\/pl\/strategia\/\">Kontynuuacja<\/a><\/p>\n","protected":false},"author":40,"featured_media":0,"parent":0,"menu_order":0,"comment_status":"closed","ping_status":"closed","template":"","meta":{"_acf_changed":false,"editor_notices":[],"footnotes":""},"class_list":["post-5912","page","type-page","status-publish","hentry"],"acf":[],"yoast_head":"<!-- This site is optimized with the Yoast SEO Premium plugin v27.1 (Yoast SEO v27.1.1) - https:\/\/yoast.com\/product\/yoast-seo-premium-wordpress\/ -->\n<title>STRATEGIA - Riwal - Polska<\/title>\n<meta name=\"robots\" content=\"noindex, follow, max-snippet:-1, max-image-preview:large, max-video-preview:-1\" \/>\n<meta property=\"og:locale\" content=\"pl_PL\" \/>\n<meta property=\"og:type\" content=\"article\" \/>\n<meta property=\"og:title\" content=\"STRATEGIA\" \/>\n<meta property=\"og:description\" content=\"Nasza strategia Osi\u0105gni\u0119cie sukcesu w biznesie nigdy nie jest proste, ale mimo to mamy bardzo jasno sprecyzowan\u0105 wizj\u0119: chcemy zapewnia\u0107 najwy\u017cszy poziom zadowolenia klient\u00f3w w bran\u017cy. Nasz\u0105 misj\u0105 jest osi\u0105gni\u0119cie najwy\u017cszych poziom\u00f3w bezpiecze\u0144stwa, produktywno\u015bci i obs\u0142ugi dzi\u0119ki pracy wykwalifikowanego personelu. Jeste\u015bmy przekonani, \u017ce je\u015bli b\u0119dziemy w stanie tego dokona\u0107, to odniesiemy d\u0142ugofalowy sukces, a tym &hellip; Kontynuuacja\" \/>\n<meta property=\"og:url\" content=\"https:\/\/riwal-wpn.acceptatie.indicia-interactiv.nl\/pl\/strategia\/\" \/>\n<meta property=\"og:site_name\" content=\"Riwal - Polska\" \/>\n<meta property=\"article:modified_time\" content=\"2024-02-05T09:32:01+00:00\" \/>\n<meta property=\"og:image\" content=\"https:\/\/riwal-wpn.acceptatie.indicia-interactiv.nl\/app\/uploads\/sites\/9\/2024\/02\/Wojciech-Lisicki-zdjecie-683x1024.jpg\" \/>\n<meta name=\"twitter:card\" content=\"summary_large_image\" \/>\n<meta name=\"twitter:label1\" content=\"Est. reading time\" \/>\n\t<meta name=\"twitter:data1\" content=\"2 minuty\" \/>\n<script type=\"application\/ld+json\" class=\"yoast-schema-graph\">{\"@context\":\"https:\/\/schema.org\",\"@graph\":[{\"@type\":\"WebPage\",\"@id\":\"https:\/\/riwal-wpn.acceptatie.indicia-interactiv.nl\/pl\/strategia\/\",\"url\":\"https:\/\/riwal-wpn.acceptatie.indicia-interactiv.nl\/pl\/strategia\/\",\"name\":\"STRATEGIA - Riwal - Polska\",\"isPartOf\":{\"@id\":\"https:\/\/riwal-wpn.acceptatie.indicia-interactiv.nl\/pl\/#website\"},\"primaryImageOfPage\":{\"@id\":\"https:\/\/riwal-wpn.acceptatie.indicia-interactiv.nl\/pl\/strategia\/#primaryimage\"},\"image\":{\"@id\":\"https:\/\/riwal-wpn.acceptatie.indicia-interactiv.nl\/pl\/strategia\/#primaryimage\"},\"thumbnailUrl\":\"https:\/\/riwal-wpn.acceptatie.indicia-interactiv.nl\/app\/uploads\/sites\/9\/2024\/02\/Wojciech-Lisicki-zdjecie-683x1024.jpg\",\"datePublished\":\"2024-01-29T14:50:41+00:00\",\"dateModified\":\"2024-02-05T09:32:01+00:00\",\"breadcrumb\":{\"@id\":\"https:\/\/riwal-wpn.acceptatie.indicia-interactiv.nl\/pl\/strategia\/#breadcrumb\"},\"inLanguage\":\"pl-PL\",\"potentialAction\":[{\"@type\":\"ReadAction\",\"target\":[\"https:\/\/riwal-wpn.acceptatie.indicia-interactiv.nl\/pl\/strategia\/\"]}]},{\"@type\":\"ImageObject\",\"inLanguage\":\"pl-PL\",\"@id\":\"https:\/\/riwal-wpn.acceptatie.indicia-interactiv.nl\/pl\/strategia\/#primaryimage\",\"url\":\"https:\/\/riwal-wpn.acceptatie.indicia-interactiv.nl\/app\/uploads\/sites\/9\/2024\/02\/Wojciech-Lisicki-zdjecie-683x1024.jpg\",\"contentUrl\":\"https:\/\/riwal-wpn.acceptatie.indicia-interactiv.nl\/app\/uploads\/sites\/9\/2024\/02\/Wojciech-Lisicki-zdjecie-683x1024.jpg\"},{\"@type\":\"BreadcrumbList\",\"@id\":\"https:\/\/riwal-wpn.acceptatie.indicia-interactiv.nl\/pl\/strategia\/#breadcrumb\",\"itemListElement\":[{\"@type\":\"ListItem\",\"position\":1,\"name\":\"Strona g\u0142\u00f3wna\",\"item\":\"https:\/\/riwal-wpn.acceptatie.indicia-interactiv.nl\/pl\/\"},{\"@type\":\"ListItem\",\"position\":2,\"name\":\"STRATEGIA\"}]},{\"@type\":\"WebSite\",\"@id\":\"https:\/\/riwal-wpn.acceptatie.indicia-interactiv.nl\/pl\/#website\",\"url\":\"https:\/\/riwal-wpn.acceptatie.indicia-interactiv.nl\/pl\/\",\"name\":\"Riwal\",\"description\":\"Arial work platform &amp; Telehandler Rental\/Sales\",\"publisher\":{\"@id\":\"https:\/\/riwal-wpn.acceptatie.indicia-interactiv.nl\/pl\/#organization\"},\"potentialAction\":[{\"@type\":\"SearchAction\",\"target\":{\"@type\":\"EntryPoint\",\"urlTemplate\":\"https:\/\/riwal-wpn.acceptatie.indicia-interactiv.nl\/pl\/?s={search_term_string}\"},\"query-input\":{\"@type\":\"PropertyValueSpecification\",\"valueRequired\":true,\"valueName\":\"search_term_string\"}}],\"inLanguage\":\"pl-PL\"},{\"@type\":\"Organization\",\"@id\":\"https:\/\/riwal-wpn.acceptatie.indicia-interactiv.nl\/pl\/#organization\",\"name\":\"Riwal\",\"url\":\"https:\/\/riwal-wpn.acceptatie.indicia-interactiv.nl\/pl\/\",\"logo\":{\"@type\":\"ImageObject\",\"inLanguage\":\"pl-PL\",\"@id\":\"https:\/\/riwal-wpn.acceptatie.indicia-interactiv.nl\/pl\/#\/schema\/logo\/image\/\",\"url\":\"\",\"contentUrl\":\"\",\"caption\":\"Riwal\"},\"image\":{\"@id\":\"https:\/\/riwal-wpn.acceptatie.indicia-interactiv.nl\/pl\/#\/schema\/logo\/image\/\"}}]}<\/script>\n<!-- \/ Yoast SEO Premium plugin. -->","yoast_head_json":{"title":"STRATEGIA - Riwal - Polska","robots":{"index":"noindex","follow":"follow","max-snippet":"max-snippet:-1","max-image-preview":"max-image-preview:large","max-video-preview":"max-video-preview:-1"},"og_locale":"pl_PL","og_type":"article","og_title":"STRATEGIA","og_description":"Nasza strategia Osi\u0105gni\u0119cie sukcesu w biznesie nigdy nie jest proste, ale mimo to mamy bardzo jasno sprecyzowan\u0105 wizj\u0119: chcemy zapewnia\u0107 najwy\u017cszy poziom zadowolenia klient\u00f3w w bran\u017cy. Nasz\u0105 misj\u0105 jest osi\u0105gni\u0119cie najwy\u017cszych poziom\u00f3w bezpiecze\u0144stwa, produktywno\u015bci i obs\u0142ugi dzi\u0119ki pracy wykwalifikowanego personelu. Jeste\u015bmy przekonani, \u017ce je\u015bli b\u0119dziemy w stanie tego dokona\u0107, to odniesiemy d\u0142ugofalowy sukces, a tym &hellip; Kontynuuacja","og_url":"https:\/\/riwal-wpn.acceptatie.indicia-interactiv.nl\/pl\/strategia\/","og_site_name":"Riwal - Polska","article_modified_time":"2024-02-05T09:32:01+00:00","og_image":[{"url":"https:\/\/riwal-wpn.acceptatie.indicia-interactiv.nl\/app\/uploads\/sites\/9\/2024\/02\/Wojciech-Lisicki-zdjecie-683x1024.jpg","type":"","width":"","height":""}],"twitter_card":"summary_large_image","twitter_misc":{"Est. reading time":"2 minuty"},"schema":{"@context":"https:\/\/schema.org","@graph":[{"@type":"WebPage","@id":"https:\/\/riwal-wpn.acceptatie.indicia-interactiv.nl\/pl\/strategia\/","url":"https:\/\/riwal-wpn.acceptatie.indicia-interactiv.nl\/pl\/strategia\/","name":"STRATEGIA - Riwal - Polska","isPartOf":{"@id":"https:\/\/riwal-wpn.acceptatie.indicia-interactiv.nl\/pl\/#website"},"primaryImageOfPage":{"@id":"https:\/\/riwal-wpn.acceptatie.indicia-interactiv.nl\/pl\/strategia\/#primaryimage"},"image":{"@id":"https:\/\/riwal-wpn.acceptatie.indicia-interactiv.nl\/pl\/strategia\/#primaryimage"},"thumbnailUrl":"https:\/\/riwal-wpn.acceptatie.indicia-interactiv.nl\/app\/uploads\/sites\/9\/2024\/02\/Wojciech-Lisicki-zdjecie-683x1024.jpg","datePublished":"2024-01-29T14:50:41+00:00","dateModified":"2024-02-05T09:32:01+00:00","breadcrumb":{"@id":"https:\/\/riwal-wpn.acceptatie.indicia-interactiv.nl\/pl\/strategia\/#breadcrumb"},"inLanguage":"pl-PL","potentialAction":[{"@type":"ReadAction","target":["https:\/\/riwal-wpn.acceptatie.indicia-interactiv.nl\/pl\/strategia\/"]}]},{"@type":"ImageObject","inLanguage":"pl-PL","@id":"https:\/\/riwal-wpn.acceptatie.indicia-interactiv.nl\/pl\/strategia\/#primaryimage","url":"https:\/\/riwal-wpn.acceptatie.indicia-interactiv.nl\/app\/uploads\/sites\/9\/2024\/02\/Wojciech-Lisicki-zdjecie-683x1024.jpg","contentUrl":"https:\/\/riwal-wpn.acceptatie.indicia-interactiv.nl\/app\/uploads\/sites\/9\/2024\/02\/Wojciech-Lisicki-zdjecie-683x1024.jpg"},{"@type":"BreadcrumbList","@id":"https:\/\/riwal-wpn.acceptatie.indicia-interactiv.nl\/pl\/strategia\/#breadcrumb","itemListElement":[{"@type":"ListItem","position":1,"name":"Strona g\u0142\u00f3wna","item":"https:\/\/riwal-wpn.acceptatie.indicia-interactiv.nl\/pl\/"},{"@type":"ListItem","position":2,"name":"STRATEGIA"}]},{"@type":"WebSite","@id":"https:\/\/riwal-wpn.acceptatie.indicia-interactiv.nl\/pl\/#website","url":"https:\/\/riwal-wpn.acceptatie.indicia-interactiv.nl\/pl\/","name":"Riwal","description":"Arial work platform &amp; Telehandler Rental\/Sales","publisher":{"@id":"https:\/\/riwal-wpn.acceptatie.indicia-interactiv.nl\/pl\/#organization"},"potentialAction":[{"@type":"SearchAction","target":{"@type":"EntryPoint","urlTemplate":"https:\/\/riwal-wpn.acceptatie.indicia-interactiv.nl\/pl\/?s={search_term_string}"},"query-input":{"@type":"PropertyValueSpecification","valueRequired":true,"valueName":"search_term_string"}}],"inLanguage":"pl-PL"},{"@type":"Organization","@id":"https:\/\/riwal-wpn.acceptatie.indicia-interactiv.nl\/pl\/#organization","name":"Riwal","url":"https:\/\/riwal-wpn.acceptatie.indicia-interactiv.nl\/pl\/","logo":{"@type":"ImageObject","inLanguage":"pl-PL","@id":"https:\/\/riwal-wpn.acceptatie.indicia-interactiv.nl\/pl\/#\/schema\/logo\/image\/","url":"","contentUrl":"","caption":"Riwal"},"image":{"@id":"https:\/\/riwal-wpn.acceptatie.indicia-interactiv.nl\/pl\/#\/schema\/logo\/image\/"}}]}},"_links":{"self":[{"href":"https:\/\/riwal-wpn.acceptatie.indicia-interactiv.nl\/pl\/wp-json\/wp\/v2\/pages\/5912","targetHints":{"allow":["GET"]}}],"collection":[{"href":"https:\/\/riwal-wpn.acceptatie.indicia-interactiv.nl\/pl\/wp-json\/wp\/v2\/pages"}],"about":[{"href":"https:\/\/riwal-wpn.acceptatie.indicia-interactiv.nl\/pl\/wp-json\/wp\/v2\/types\/page"}],"author":[{"embeddable":true,"href":"https:\/\/riwal-wpn.acceptatie.indicia-interactiv.nl\/pl\/wp-json\/wp\/v2\/users\/40"}],"replies":[{"embeddable":true,"href":"https:\/\/riwal-wpn.acceptatie.indicia-interactiv.nl\/pl\/wp-json\/wp\/v2\/comments?post=5912"}],"version-history":[{"count":5,"href":"https:\/\/riwal-wpn.acceptatie.indicia-interactiv.nl\/pl\/wp-json\/wp\/v2\/pages\/5912\/revisions"}],"predecessor-version":[{"id":7050,"href":"https:\/\/riwal-wpn.acceptatie.indicia-interactiv.nl\/pl\/wp-json\/wp\/v2\/pages\/5912\/revisions\/7050"}],"wp:attachment":[{"href":"https:\/\/riwal-wpn.acceptatie.indicia-interactiv.nl\/pl\/wp-json\/wp\/v2\/media?parent=5912"}],"curies":[{"name":"wp","href":"https:\/\/api.w.org\/{rel}","templated":true}]}}