{"id":7051,"date":"2024-02-05T09:40:55","date_gmt":"2024-02-05T09:40:55","guid":{"rendered":"https:\/\/riwal-wpn.acceptatie.indicia-interactiv.nl\/pl\/?page_id=7051"},"modified":"2024-02-05T09:44:16","modified_gmt":"2024-02-05T09:44:16","slug":"branza-offshore","status":"publish","type":"page","link":"https:\/\/riwal-wpn.acceptatie.indicia-interactiv.nl\/pl\/branze\/branza-offshore\/","title":{"rendered":"Bran\u017ca offshore"},"content":{"rendered":"<div class=\"container\">\n<h1 class=\"wp-block-heading\" id=\"h-bezpieczna-i-efektywna-praca-na-wysokosci-na-nabrzezach-i-morskich-farmach-wiatrowych\" style=\"font-size:40px;font-style:normal;font-weight:100\">BEZPIECZNA I EFEKTYWNA PRACA NA WYSOKO\u015aCI NA NABRZE\u017bACH I MORSKICH FARMACH WIATROWYCH<\/h1>\n<\/div>\n\n<div class=\"container\">\n<p><strong>Rozwi\u0105zania Bran\u017cowe Riwal to specjalistyczne, unikatowe rozwi\u0105zania do pracy na wysoko\u015bci w bran\u017cy morskiej. Szerokiej gamie klient\u00f3w gwarantujemy innowacyjne, szyte na miar\u0119 propozycje odpowiadaj\u0105ce ich specyficznym potrzebom. S\u0105 to mi\u0119dzy innymi wysokie podno\u015bniki koszowe o nap\u0119dzie elektrycznym czy dostosowany do wybranej pracy kszta\u0142t kosza. Dzi\u0119ki sta\u0142ym inwestycjom w personel, flot\u0119 i innowacje, Riwal sta\u0142 si\u0119 prawdziwym liderem w bran\u017cy.<\/strong><\/p>\n<\/div>\n\n<div class=\"container\">\n<p>Dysponuj\u0105c flot\u0105 ponad 19 000 maszyn na ca\u0142ym \u015bwiecie, mamy oddzia\u0142y w 16 krajach, a dzia\u0142amy na terenie 70 pa\u0144stw. Rozwi\u0105zania Bran\u017cowe Riwal to globalna sie\u0107 skupiaj\u0105ca si\u0119 na obs\u0142udze szeroko poj\u0119tej bran\u017cy morskiej (mi\u0119dzy innymi morskich farm wiatrowych). Nasz\u0105 wizj\u0105 jest by\u0107 pierwszym wyborem do pracy na wysoko\u015bci i wprowadza\u0107 innowacje do naszych maszyn, dostarczaj\u0105c bezpieczne i op\u0142acalne dla klienta rozwi\u0105zania.<\/p>\n<\/div>\n\n<div class=\"container\">\n<figure class=\"wp-block-image\"><img decoding=\"async\" src=\"https:\/\/lh7-us.googleusercontent.com\/jME5aK4Qaospz3QoH_9tXg5YdbRGw5CkOH067ZaPnIZy_uUu-6oLazTNo6KWtTsJZj5CRBFtJ_M5g6xDdeZ1U9rUCeGItZd4BPb1BBCX2kdwTaR21kGcFBO8t-0yXMllyCRP8fx2cqaBF7ls54fGYxU\" alt=\"Rozwi\u0105zania Bran\u017cowe Riwal\" \/><\/figure>\n<\/div>\n\n<div class=\"container\">\n<p><strong>Bezpiecze\u0144stwo<\/strong><\/p>\n<\/div>\n\n<div class=\"container\">\n<p>Bezpiecze\u0144stwo jest nasz\u0105 najwa\u017cniejsz\u0105 warto\u015bci\u0105 maj\u0105c\u0105 swoje odzwierciedlenie we wszystkich obszarach biznesowych, w kt\u00f3rych dzia\u0142amy. Dostarczamy tylko bezpieczne rozwi\u0105zania do pracy na wysoko\u015bci i nie idziemy na kompromis w tej kwestii. Ponad 2000 specjalist\u00f3w w Riwal dba o to, \u017ceby wszystkie dzia\u0142ania 24\/7 by\u0142y wykonywane w spos\u00f3b bezpieczny i niezawodny, zar\u00f3wno na l\u0105dzie, jak i na morzu. Dzi\u0119ki ci\u0105g\u0142ym inwestycjom w jako\u015b\u0107 i innowacje, zesp\u00f3\u0142 Rozwi\u0105zania Bran\u017cowe Riwal sta\u0142 si\u0119 wiod\u0105cym graczem mi\u0119dzynarodowym.<br><\/p>\n<\/div>\n\n<div class=\"container\">\n<p><strong>W czym Ci mo\u017cemy pom\u00f3c:<\/strong><\/p>\n<\/div>\n\n<div class=\"container\">\n<ul class=\"wp-block-list\">\n<li>Wsparcie pracy na wysoko\u015bci przy nabrze\u017cach<\/li>\n\n\n\n<li>Instalacje i budowa element\u00f3w przej\u015bciowych na nabrze\u017cu i na morzu<\/li>\n\n\n\n<li>Konserwacja i naprawa \u0142opat nabrze\u017cnych turbin wiatrowych<\/li>\n\n\n\n<li>Maszyny na platformach typu jack-up do prac konserwacyjnych na pok\u0142adzie<\/li>\n\n\n\n<li>Konserwacja i naprawa statk\u00f3w zawijaj\u0105cych do portu po\u015bredniego<\/li>\n\n\n\n<li>Maszyny na modu\u0142ach transportowych do konserwacji i naprawy<\/li>\n\n\n\n<li>Budowa konstrukcji stalowych statk\u00f3w<\/li>\n\n\n\n<li>Operacje zwi\u0105zane z wycofaniem statk\u00f3w z eksploatacji<\/li>\n<\/ul>\n<\/div>\n\n<div class=\"container\">\n<p><strong>Innowacje i modyfikacje<\/strong><\/p>\n<\/div>\n\n<div class=\"container\">\n<p>Poza dostarczaniem wysokich maszyn o nap\u0119dzie elektrycznym oferujemy szereg innych innowacji, takich jak specjalistyczny osprz\u0119t do podno\u015bnik\u00f3w oraz maszyny niskodost\u0119powe.<\/p>\n<\/div>\n\n<div class=\"container\">\n<p><strong>Rozwi\u0105zania dla du\u017cych projekt\u00f3w<\/strong><\/p>\n<\/div>\n\n<div class=\"container\">\n<p>W trakcie realizacji du\u017cego i z\u0142o\u017conego projektu pe\u0142na kontrola wykorzystania podest\u00f3w ruchomych mo\u017ce by\u0107 trudna. Aby zminimalizowa\u0107 przestoje i zapewni\u0107 szybkie rozwi\u0105zywanie problem\u00f3w w przypadku awarii maszyny, dla projekt\u00f3w d\u0142ugoterminowych oferujemy przegl\u0105dy i konserwacj\u0119 sprz\u0119tu na miejscu. Nasi mobilni mechanicy s\u0105 do dyspozycji 24\/7. Nasi klienci mog\u0105 te\u017c mie\u0107 dost\u0119p do portalu My Riwal, gdzie znajd\u0105 podgl\u0105d wszystkich wynajmowanych od Riwal maszyn.<\/p>\n<\/div>\n\n<div class=\"container\">\n<p>Rozwi\u0105zania Bran\u017cowe Riwal s\u0105 po to, aby pom\u00f3c klientom w bezpiecznej i efektywnej realizacji projekt\u00f3w. Wsz\u0119dzie!<\/p>\n<\/div>\n\n<div class=\"rental-wp-default-block rental-theme-block-default-margin\"><div class=\"container\">\n<figure class=\"wp-block-embed is-type-video is-provider-youtube wp-block-embed-youtube\"><div class=\"wp-block-embed__wrapper\">\n<iframe title=\"Riwal - Rozwi\u0105zania Bran\u017cowe Riwal\" width=\"500\" height=\"281\" data-icn-src=\"https:\/\/www.youtube.com\/embed\/ZluAHLBi_Q0?feature=oembed\" frameborder=\"0\" allow=\"accelerometer; autoplay; clipboard-write; encrypted-media; gyroscope; picture-in-picture; web-share\" referrerpolicy=\"strict-origin-when-cross-origin\" allowfullscreen><\/iframe>\n<\/div><\/figure>\n<\/div><\/div>","protected":false},"excerpt":{"rendered":"<p>BEZPIECZNA I EFEKTYWNA PRACA NA WYSOKO\u015aCI NA NABRZE\u017bACH I MORSKICH FARMACH WIATROWYCH Rozwi\u0105zania Bran\u017cowe Riwal to specjalistyczne, unikatowe rozwi\u0105zania do pracy na wysoko\u015bci w bran\u017cy morskiej. Szerokiej gamie klient\u00f3w gwarantujemy innowacyjne, szyte na miar\u0119 propozycje odpowiadaj\u0105ce ich specyficznym potrzebom. S\u0105 to mi\u0119dzy innymi wysokie podno\u015bniki koszowe o nap\u0119dzie elektrycznym czy dostosowany do wybranej pracy kszta\u0142t &hellip; <a href=\"https:\/\/riwal-wpn.acceptatie.indicia-interactiv.nl\/pl\/branze\/branza-offshore\/\">Kontynuuacja<\/a><\/p>\n","protected":false},"author":31,"featured_media":0,"parent":5814,"menu_order":0,"comment_status":"closed","ping_status":"closed","template":"","meta":{"_acf_changed":false,"editor_notices":[],"footnotes":""},"class_list":["post-7051","page","type-page","status-publish","hentry"],"acf":[],"yoast_head":"<!-- This site is optimized with the Yoast SEO Premium plugin v27.1 (Yoast SEO v27.1.1) - https:\/\/yoast.com\/product\/yoast-seo-premium-wordpress\/ -->\n<title>Bran\u017ca offshore - Riwal - Polska<\/title>\n<meta name=\"robots\" content=\"noindex, follow, max-snippet:-1, max-image-preview:large, max-video-preview:-1\" \/>\n<meta property=\"og:locale\" content=\"pl_PL\" \/>\n<meta property=\"og:type\" content=\"article\" \/>\n<meta property=\"og:title\" content=\"Bran\u017ca offshore\" \/>\n<meta property=\"og:description\" content=\"BEZPIECZNA I EFEKTYWNA PRACA NA WYSOKO\u015aCI NA NABRZE\u017bACH I MORSKICH FARMACH WIATROWYCH Rozwi\u0105zania Bran\u017cowe Riwal to specjalistyczne, unikatowe rozwi\u0105zania do pracy na wysoko\u015bci w bran\u017cy morskiej. Szerokiej gamie klient\u00f3w gwarantujemy innowacyjne, szyte na miar\u0119 propozycje odpowiadaj\u0105ce ich specyficznym potrzebom. S\u0105 to mi\u0119dzy innymi wysokie podno\u015bniki koszowe o nap\u0119dzie elektrycznym czy dostosowany do wybranej pracy kszta\u0142t &hellip; Kontynuuacja\" \/>\n<meta property=\"og:url\" content=\"https:\/\/riwal-wpn.acceptatie.indicia-interactiv.nl\/pl\/branze\/branza-offshore\/\" \/>\n<meta property=\"og:site_name\" content=\"Riwal - Polska\" \/>\n<meta property=\"article:modified_time\" content=\"2024-02-05T09:44:16+00:00\" \/>\n<meta property=\"og:image\" content=\"https:\/\/lh7-us.googleusercontent.com\/jME5aK4Qaospz3QoH_9tXg5YdbRGw5CkOH067ZaPnIZy_uUu-6oLazTNo6KWtTsJZj5CRBFtJ_M5g6xDdeZ1U9rUCeGItZd4BPb1BBCX2kdwTaR21kGcFBO8t-0yXMllyCRP8fx2cqaBF7ls54fGYxU\" \/>\n<meta name=\"twitter:card\" content=\"summary_large_image\" \/>\n<meta name=\"twitter:label1\" content=\"Est. reading time\" \/>\n\t<meta name=\"twitter:data1\" content=\"3 minuty\" \/>\n<script type=\"application\/ld+json\" class=\"yoast-schema-graph\">{\"@context\":\"https:\/\/schema.org\",\"@graph\":[{\"@type\":\"WebPage\",\"@id\":\"https:\/\/riwal-wpn.acceptatie.indicia-interactiv.nl\/pl\/branze\/branza-offshore\/\",\"url\":\"https:\/\/riwal-wpn.acceptatie.indicia-interactiv.nl\/pl\/branze\/branza-offshore\/\",\"name\":\"Bran\u017ca offshore - Riwal - Polska\",\"isPartOf\":{\"@id\":\"https:\/\/riwal-wpn.acceptatie.indicia-interactiv.nl\/pl\/#website\"},\"primaryImageOfPage\":{\"@id\":\"https:\/\/riwal-wpn.acceptatie.indicia-interactiv.nl\/pl\/branze\/branza-offshore\/#primaryimage\"},\"image\":{\"@id\":\"https:\/\/riwal-wpn.acceptatie.indicia-interactiv.nl\/pl\/branze\/branza-offshore\/#primaryimage\"},\"thumbnailUrl\":\"https:\/\/lh7-us.googleusercontent.com\/jME5aK4Qaospz3QoH_9tXg5YdbRGw5CkOH067ZaPnIZy_uUu-6oLazTNo6KWtTsJZj5CRBFtJ_M5g6xDdeZ1U9rUCeGItZd4BPb1BBCX2kdwTaR21kGcFBO8t-0yXMllyCRP8fx2cqaBF7ls54fGYxU\",\"datePublished\":\"2024-02-05T09:40:55+00:00\",\"dateModified\":\"2024-02-05T09:44:16+00:00\",\"breadcrumb\":{\"@id\":\"https:\/\/riwal-wpn.acceptatie.indicia-interactiv.nl\/pl\/branze\/branza-offshore\/#breadcrumb\"},\"inLanguage\":\"pl-PL\",\"potentialAction\":[{\"@type\":\"ReadAction\",\"target\":[\"https:\/\/riwal-wpn.acceptatie.indicia-interactiv.nl\/pl\/branze\/branza-offshore\/\"]}]},{\"@type\":\"ImageObject\",\"inLanguage\":\"pl-PL\",\"@id\":\"https:\/\/riwal-wpn.acceptatie.indicia-interactiv.nl\/pl\/branze\/branza-offshore\/#primaryimage\",\"url\":\"https:\/\/lh7-us.googleusercontent.com\/jME5aK4Qaospz3QoH_9tXg5YdbRGw5CkOH067ZaPnIZy_uUu-6oLazTNo6KWtTsJZj5CRBFtJ_M5g6xDdeZ1U9rUCeGItZd4BPb1BBCX2kdwTaR21kGcFBO8t-0yXMllyCRP8fx2cqaBF7ls54fGYxU\",\"contentUrl\":\"https:\/\/lh7-us.googleusercontent.com\/jME5aK4Qaospz3QoH_9tXg5YdbRGw5CkOH067ZaPnIZy_uUu-6oLazTNo6KWtTsJZj5CRBFtJ_M5g6xDdeZ1U9rUCeGItZd4BPb1BBCX2kdwTaR21kGcFBO8t-0yXMllyCRP8fx2cqaBF7ls54fGYxU\"},{\"@type\":\"BreadcrumbList\",\"@id\":\"https:\/\/riwal-wpn.acceptatie.indicia-interactiv.nl\/pl\/branze\/branza-offshore\/#breadcrumb\",\"itemListElement\":[{\"@type\":\"ListItem\",\"position\":1,\"name\":\"Strona g\u0142\u00f3wna\",\"item\":\"https:\/\/riwal-wpn.acceptatie.indicia-interactiv.nl\/pl\/\"},{\"@type\":\"ListItem\",\"position\":2,\"name\":\"Bran\u017ce\",\"item\":\"https:\/\/riwal-wpn.acceptatie.indicia-interactiv.nl\/pl\/branze\/\"},{\"@type\":\"ListItem\",\"position\":3,\"name\":\"Bran\u017ca offshore\"}]},{\"@type\":\"WebSite\",\"@id\":\"https:\/\/riwal-wpn.acceptatie.indicia-interactiv.nl\/pl\/#website\",\"url\":\"https:\/\/riwal-wpn.acceptatie.indicia-interactiv.nl\/pl\/\",\"name\":\"Riwal\",\"description\":\"Arial work platform &amp; Telehandler Rental\/Sales\",\"publisher\":{\"@id\":\"https:\/\/riwal-wpn.acceptatie.indicia-interactiv.nl\/pl\/#organization\"},\"potentialAction\":[{\"@type\":\"SearchAction\",\"target\":{\"@type\":\"EntryPoint\",\"urlTemplate\":\"https:\/\/riwal-wpn.acceptatie.indicia-interactiv.nl\/pl\/?s={search_term_string}\"},\"query-input\":{\"@type\":\"PropertyValueSpecification\",\"valueRequired\":true,\"valueName\":\"search_term_string\"}}],\"inLanguage\":\"pl-PL\"},{\"@type\":\"Organization\",\"@id\":\"https:\/\/riwal-wpn.acceptatie.indicia-interactiv.nl\/pl\/#organization\",\"name\":\"Riwal\",\"url\":\"https:\/\/riwal-wpn.acceptatie.indicia-interactiv.nl\/pl\/\",\"logo\":{\"@type\":\"ImageObject\",\"inLanguage\":\"pl-PL\",\"@id\":\"https:\/\/riwal-wpn.acceptatie.indicia-interactiv.nl\/pl\/#\/schema\/logo\/image\/\",\"url\":\"\",\"contentUrl\":\"\",\"caption\":\"Riwal\"},\"image\":{\"@id\":\"https:\/\/riwal-wpn.acceptatie.indicia-interactiv.nl\/pl\/#\/schema\/logo\/image\/\"}}]}<\/script>\n<!-- \/ Yoast SEO Premium plugin. -->","yoast_head_json":{"title":"Bran\u017ca offshore - Riwal - Polska","robots":{"index":"noindex","follow":"follow","max-snippet":"max-snippet:-1","max-image-preview":"max-image-preview:large","max-video-preview":"max-video-preview:-1"},"og_locale":"pl_PL","og_type":"article","og_title":"Bran\u017ca offshore","og_description":"BEZPIECZNA I EFEKTYWNA PRACA NA WYSOKO\u015aCI NA NABRZE\u017bACH I MORSKICH FARMACH WIATROWYCH Rozwi\u0105zania Bran\u017cowe Riwal to specjalistyczne, unikatowe rozwi\u0105zania do pracy na wysoko\u015bci w bran\u017cy morskiej. Szerokiej gamie klient\u00f3w gwarantujemy innowacyjne, szyte na miar\u0119 propozycje odpowiadaj\u0105ce ich specyficznym potrzebom. S\u0105 to mi\u0119dzy innymi wysokie podno\u015bniki koszowe o nap\u0119dzie elektrycznym czy dostosowany do wybranej pracy kszta\u0142t &hellip; Kontynuuacja","og_url":"https:\/\/riwal-wpn.acceptatie.indicia-interactiv.nl\/pl\/branze\/branza-offshore\/","og_site_name":"Riwal - Polska","article_modified_time":"2024-02-05T09:44:16+00:00","og_image":[{"url":"https:\/\/lh7-us.googleusercontent.com\/jME5aK4Qaospz3QoH_9tXg5YdbRGw5CkOH067ZaPnIZy_uUu-6oLazTNo6KWtTsJZj5CRBFtJ_M5g6xDdeZ1U9rUCeGItZd4BPb1BBCX2kdwTaR21kGcFBO8t-0yXMllyCRP8fx2cqaBF7ls54fGYxU","type":"","width":"","height":""}],"twitter_card":"summary_large_image","twitter_misc":{"Est. reading time":"3 minuty"},"schema":{"@context":"https:\/\/schema.org","@graph":[{"@type":"WebPage","@id":"https:\/\/riwal-wpn.acceptatie.indicia-interactiv.nl\/pl\/branze\/branza-offshore\/","url":"https:\/\/riwal-wpn.acceptatie.indicia-interactiv.nl\/pl\/branze\/branza-offshore\/","name":"Bran\u017ca offshore - Riwal - Polska","isPartOf":{"@id":"https:\/\/riwal-wpn.acceptatie.indicia-interactiv.nl\/pl\/#website"},"primaryImageOfPage":{"@id":"https:\/\/riwal-wpn.acceptatie.indicia-interactiv.nl\/pl\/branze\/branza-offshore\/#primaryimage"},"image":{"@id":"https:\/\/riwal-wpn.acceptatie.indicia-interactiv.nl\/pl\/branze\/branza-offshore\/#primaryimage"},"thumbnailUrl":"https:\/\/lh7-us.googleusercontent.com\/jME5aK4Qaospz3QoH_9tXg5YdbRGw5CkOH067ZaPnIZy_uUu-6oLazTNo6KWtTsJZj5CRBFtJ_M5g6xDdeZ1U9rUCeGItZd4BPb1BBCX2kdwTaR21kGcFBO8t-0yXMllyCRP8fx2cqaBF7ls54fGYxU","datePublished":"2024-02-05T09:40:55+00:00","dateModified":"2024-02-05T09:44:16+00:00","breadcrumb":{"@id":"https:\/\/riwal-wpn.acceptatie.indicia-interactiv.nl\/pl\/branze\/branza-offshore\/#breadcrumb"},"inLanguage":"pl-PL","potentialAction":[{"@type":"ReadAction","target":["https:\/\/riwal-wpn.acceptatie.indicia-interactiv.nl\/pl\/branze\/branza-offshore\/"]}]},{"@type":"ImageObject","inLanguage":"pl-PL","@id":"https:\/\/riwal-wpn.acceptatie.indicia-interactiv.nl\/pl\/branze\/branza-offshore\/#primaryimage","url":"https:\/\/lh7-us.googleusercontent.com\/jME5aK4Qaospz3QoH_9tXg5YdbRGw5CkOH067ZaPnIZy_uUu-6oLazTNo6KWtTsJZj5CRBFtJ_M5g6xDdeZ1U9rUCeGItZd4BPb1BBCX2kdwTaR21kGcFBO8t-0yXMllyCRP8fx2cqaBF7ls54fGYxU","contentUrl":"https:\/\/lh7-us.googleusercontent.com\/jME5aK4Qaospz3QoH_9tXg5YdbRGw5CkOH067ZaPnIZy_uUu-6oLazTNo6KWtTsJZj5CRBFtJ_M5g6xDdeZ1U9rUCeGItZd4BPb1BBCX2kdwTaR21kGcFBO8t-0yXMllyCRP8fx2cqaBF7ls54fGYxU"},{"@type":"BreadcrumbList","@id":"https:\/\/riwal-wpn.acceptatie.indicia-interactiv.nl\/pl\/branze\/branza-offshore\/#breadcrumb","itemListElement":[{"@type":"ListItem","position":1,"name":"Strona g\u0142\u00f3wna","item":"https:\/\/riwal-wpn.acceptatie.indicia-interactiv.nl\/pl\/"},{"@type":"ListItem","position":2,"name":"Bran\u017ce","item":"https:\/\/riwal-wpn.acceptatie.indicia-interactiv.nl\/pl\/branze\/"},{"@type":"ListItem","position":3,"name":"Bran\u017ca offshore"}]},{"@type":"WebSite","@id":"https:\/\/riwal-wpn.acceptatie.indicia-interactiv.nl\/pl\/#website","url":"https:\/\/riwal-wpn.acceptatie.indicia-interactiv.nl\/pl\/","name":"Riwal","description":"Arial work platform &amp; Telehandler Rental\/Sales","publisher":{"@id":"https:\/\/riwal-wpn.acceptatie.indicia-interactiv.nl\/pl\/#organization"},"potentialAction":[{"@type":"SearchAction","target":{"@type":"EntryPoint","urlTemplate":"https:\/\/riwal-wpn.acceptatie.indicia-interactiv.nl\/pl\/?s={search_term_string}"},"query-input":{"@type":"PropertyValueSpecification","valueRequired":true,"valueName":"search_term_string"}}],"inLanguage":"pl-PL"},{"@type":"Organization","@id":"https:\/\/riwal-wpn.acceptatie.indicia-interactiv.nl\/pl\/#organization","name":"Riwal","url":"https:\/\/riwal-wpn.acceptatie.indicia-interactiv.nl\/pl\/","logo":{"@type":"ImageObject","inLanguage":"pl-PL","@id":"https:\/\/riwal-wpn.acceptatie.indicia-interactiv.nl\/pl\/#\/schema\/logo\/image\/","url":"","contentUrl":"","caption":"Riwal"},"image":{"@id":"https:\/\/riwal-wpn.acceptatie.indicia-interactiv.nl\/pl\/#\/schema\/logo\/image\/"}}]}},"_links":{"self":[{"href":"https:\/\/riwal-wpn.acceptatie.indicia-interactiv.nl\/pl\/wp-json\/wp\/v2\/pages\/7051","targetHints":{"allow":["GET"]}}],"collection":[{"href":"https:\/\/riwal-wpn.acceptatie.indicia-interactiv.nl\/pl\/wp-json\/wp\/v2\/pages"}],"about":[{"href":"https:\/\/riwal-wpn.acceptatie.indicia-interactiv.nl\/pl\/wp-json\/wp\/v2\/types\/page"}],"author":[{"embeddable":true,"href":"https:\/\/riwal-wpn.acceptatie.indicia-interactiv.nl\/pl\/wp-json\/wp\/v2\/users\/31"}],"replies":[{"embeddable":true,"href":"https:\/\/riwal-wpn.acceptatie.indicia-interactiv.nl\/pl\/wp-json\/wp\/v2\/comments?post=7051"}],"version-history":[{"count":5,"href":"https:\/\/riwal-wpn.acceptatie.indicia-interactiv.nl\/pl\/wp-json\/wp\/v2\/pages\/7051\/revisions"}],"predecessor-version":[{"id":7063,"href":"https:\/\/riwal-wpn.acceptatie.indicia-interactiv.nl\/pl\/wp-json\/wp\/v2\/pages\/7051\/revisions\/7063"}],"up":[{"embeddable":true,"href":"https:\/\/riwal-wpn.acceptatie.indicia-interactiv.nl\/pl\/wp-json\/wp\/v2\/pages\/5814"}],"wp:attachment":[{"href":"https:\/\/riwal-wpn.acceptatie.indicia-interactiv.nl\/pl\/wp-json\/wp\/v2\/media?parent=7051"}],"curies":[{"name":"wp","href":"https:\/\/api.w.org\/{rel}","templated":true}]}}