{"id":7064,"date":"2024-02-05T09:47:20","date_gmt":"2024-02-05T09:47:20","guid":{"rendered":"https:\/\/riwal-wpn.acceptatie.indicia-interactiv.nl\/pl\/?page_id=7064"},"modified":"2024-02-05T10:45:08","modified_gmt":"2024-02-05T10:45:08","slug":"budownictwo","status":"publish","type":"page","link":"https:\/\/riwal-wpn.acceptatie.indicia-interactiv.nl\/pl\/branze\/budownictwo\/","title":{"rendered":"Budownictwo"},"content":{"rendered":"\n<div class=\"wp-block-rental-theme-header\">\n\t<div class=\"wp-block-rental-theme-header__lines\">\n\t\t<svg width=\"726\" height=\"442\" viewBox=\"0 0 726 442\" fill=\"none\" xmlns=\"http:\/\/www.w3.org\/2000\/svg\"><g opacity=\".5\"><mask id=\"path-1-inside-1_1_2\" fill=\"#fff\"><path fill-rule=\"evenodd\" clip-rule=\"evenodd\" d=\"M441.458.5H284.542L0 285.042v156.917l156.917-.001L363 235.876l206.083 206.082 156.917.001V285.042L441.458.5Z\"\/><\/mask><path d=\"M284.542.5v-1h-.415l-.292.293.707.707Zm156.916 0 .708-.707-.293-.293h-.415v1ZM0 285.042l-.707-.708-.293.293v.415h1Zm0 156.917h-1v1h1v-1Zm156.917-.001v1h.414l.293-.292-.707-.708ZM363 235.876l.707-.708-.707-.707-.707.707.707.708Zm206.083 206.082-.707.708.293.292h.414v-1Zm156.917.001v1h1v-1h-1Zm0-156.917h1v-.415l-.293-.293-.707.708ZM284.542 1.5h156.916v-2H284.542v2ZM.707 285.749 285.25 1.207l-1.414-1.414L-.707 284.334l1.414 1.415ZM1 441.959V285.042h-2v156.917h2Zm155.917-1.001L0 440.959v2l156.917-.001v-2Zm205.376-205.79L156.21 441.251l1.414 1.415 206.083-206.083-1.414-1.415Zm0 1.415 206.083 206.083 1.414-1.415-206.083-206.083-1.414 1.415Zm206.79 206.375 156.917.001v-2l-156.917-.001v2ZM727 441.959V285.042h-2v156.917h2Zm-.293-157.625L442.166-.206l-1.415 1.413L725.293 285.75l1.414-1.415Z\" fill=\"#5B728B\" mask=\"url(#path-1-inside-1_1_2)\"\/><\/g><\/svg>\t\t<svg width=\"726\" height=\"442\" viewBox=\"0 0 726 442\" fill=\"none\" xmlns=\"http:\/\/www.w3.org\/2000\/svg\"><g opacity=\".5\"><mask id=\"path-1-inside-1_1_2\" fill=\"#fff\"><path fill-rule=\"evenodd\" clip-rule=\"evenodd\" d=\"M441.458.5H284.542L0 285.042v156.917l156.917-.001L363 235.876l206.083 206.082 156.917.001V285.042L441.458.5Z\"\/><\/mask><path d=\"M284.542.5v-1h-.415l-.292.293.707.707Zm156.916 0 .708-.707-.293-.293h-.415v1ZM0 285.042l-.707-.708-.293.293v.415h1Zm0 156.917h-1v1h1v-1Zm156.917-.001v1h.414l.293-.292-.707-.708ZM363 235.876l.707-.708-.707-.707-.707.707.707.708Zm206.083 206.082-.707.708.293.292h.414v-1Zm156.917.001v1h1v-1h-1Zm0-156.917h1v-.415l-.293-.293-.707.708ZM284.542 1.5h156.916v-2H284.542v2ZM.707 285.749 285.25 1.207l-1.414-1.414L-.707 284.334l1.414 1.415ZM1 441.959V285.042h-2v156.917h2Zm155.917-1.001L0 440.959v2l156.917-.001v-2Zm205.376-205.79L156.21 441.251l1.414 1.415 206.083-206.083-1.414-1.415Zm0 1.415 206.083 206.083 1.414-1.415-206.083-206.083-1.414 1.415Zm206.79 206.375 156.917.001v-2l-156.917-.001v2ZM727 441.959V285.042h-2v156.917h2Zm-.293-157.625L442.166-.206l-1.415 1.413L725.293 285.75l1.414-1.415Z\" fill=\"#5B728B\" mask=\"url(#path-1-inside-1_1_2)\"\/><\/g><\/svg>\t<\/div>\n\t<img fetchpriority=\"high\" decoding=\"async\" width=\"1200\" height=\"600\" src=\"https:\/\/riwal-wpn.acceptatie.indicia-interactiv.nl\/app\/uploads\/sites\/9\/2024\/02\/Construction-Header-tabl.jpg\" class=\"wp-block-rental-theme-header__image wp-block-rental-theme-header__image--desktop\" alt=\"\" loading=\"eager\" srcset=\"https:\/\/riwal-wpn.acceptatie.indicia-interactiv.nl\/app\/uploads\/sites\/9\/2024\/02\/Construction-Header-tabl.jpg 1200w, https:\/\/riwal-wpn.acceptatie.indicia-interactiv.nl\/app\/uploads\/sites\/9\/2024\/02\/Construction-Header-tabl-300x150.jpg 300w, https:\/\/riwal-wpn.acceptatie.indicia-interactiv.nl\/app\/uploads\/sites\/9\/2024\/02\/Construction-Header-tabl-1024x512.jpg 1024w, https:\/\/riwal-wpn.acceptatie.indicia-interactiv.nl\/app\/uploads\/sites\/9\/2024\/02\/Construction-Header-tabl-768x384.jpg 768w, https:\/\/riwal-wpn.acceptatie.indicia-interactiv.nl\/app\/uploads\/sites\/9\/2024\/02\/Construction-Header-tabl-178x89.jpg 178w, https:\/\/riwal-wpn.acceptatie.indicia-interactiv.nl\/app\/uploads\/sites\/9\/2024\/02\/Construction-Header-tabl-390x195.jpg 390w, https:\/\/riwal-wpn.acceptatie.indicia-interactiv.nl\/app\/uploads\/sites\/9\/2024\/02\/Construction-Header-tabl-830x415.jpg 830w, https:\/\/riwal-wpn.acceptatie.indicia-interactiv.nl\/app\/uploads\/sites\/9\/2024\/02\/Construction-Header-tabl-250x125.jpg 250w, https:\/\/riwal-wpn.acceptatie.indicia-interactiv.nl\/app\/uploads\/sites\/9\/2024\/02\/Construction-Header-tabl-620x310.jpg 620w, https:\/\/riwal-wpn.acceptatie.indicia-interactiv.nl\/app\/uploads\/sites\/9\/2024\/02\/Construction-Header-tabl-237x119.jpg 237w, https:\/\/riwal-wpn.acceptatie.indicia-interactiv.nl\/app\/uploads\/sites\/9\/2024\/02\/Construction-Header-tabl-474x237.jpg 474w\" sizes=\"(max-width: 1200px) 100vw, 1200px\" \/>\t\t<div class=\"container\">\n\t\t<h1 class='wp-block-rental-theme-header__title' style='position: absolute; min-height: 120px'>Budownictwo<\/h1>\t<\/div>\n<\/div>\n\n\n<div class=\"container\">\n<p><\/p>\n<\/div>\n\n<div class=\"container\">\n<h1 class=\"wp-block-heading\" id=\"h-pracujesz-na-budowie-i-potrzebujesz-podestow\" style=\"font-size:40px;font-style:normal;font-weight:100\">PRACUJESZ NA BUDOWIE I POTRZEBUJESZ PODEST\u00d3W?<\/h1>\n<\/div>\n\n<div class=\"container\">\n<p>Od ponad 10 lat Riwal w Polsce wsp\u00f3\u0142pracuje z klientami z bran\u017cy budowlanej. Bazuj\u0105c na latach do\u015bwiadcze\u0144 wiemy, \u017ce na budowie kluczowe jest wykonanie pracy szybko, efektywnie i bezpiecznie. Zapewniamy, \u017ce zaspokoimy Twoje wszelkie potrzeby w zakresie wynajmu czy zakupu podest\u00f3w ruchomych, \u0142adowarek teleskopowych, a tak\u017ce przeszkolenia pracownik\u00f3w. Zakres naszych us\u0142ug to tak\u017ce serwis i konserwacja maszyn. Gwarantujemy jako\u015b\u0107 naszej pracy, poniewa\u017c przy naprawach korzystamy tylko z oryginalnych cz\u0119\u015bci.<\/p>\n<\/div>\n\n<div class=\"container\">\n<p><strong>Us\u0142ugi dopasowane do potrzeb<\/strong><\/p>\n<\/div>\n\n<div class=\"container\">\n<p>Riwal razem z klientem znajdzie rozwi\u0105zanie najlepiej odpowiadaj\u0105ce realizowanemu projektowi. Oferujemy szeroki wyb\u00f3r specjalistycznego sprz\u0119tu budowlanego do pracy na wysoko\u015bci w niemal w ka\u017cdych warunkach, w\u0142\u0105czaj\u0105c w to podesty robocze \u015bwietnie poruszaj\u0105ce si\u0119 po nier\u00f3wnym terenie. Pomo\u017cemy Ci dobra\u0107 odpowiedni sprz\u0119t na etapie planowania prac. Mo\u017cemy stworzy\u0107 te\u017c sw\u00f3j ma\u0142y oddzia\u0142 na placu budowy, aby nasze podno\u015bniki by\u0142y do Twojej dyspozycji zawsze kiedy tego potrzebujesz. W naszych dzia\u0142aniach idziemy nawet o krok dalej. Poniewa\u017c wiemy, \u017ce ka\u017cdy projekt jest inny, dostosowujemy nasz sprz\u0119t dok\u0142adnie do Twoich potrzeb, wyposa\u017caj\u0105c go w punkty zapewniaj\u0105ce zasilanie w koszu 230V, specjalne o\u015bwietlenie, czy bardzo szerok\u0105 platform\u0119. Jeste\u015bmy w stanie nawet przekonwertowa\u0107 spos\u00f3b zasilania podno\u015bnika ze spalinowego na elektryczny, aby m\u00f3g\u0142 pracowa\u0107 wewn\u0105trz budynk\u00f3w.<\/p>\n<\/div>\n\n<div class=\"container\">\n<p>Polecamy w szczeg\u00f3lno\u015bci:<\/p>\n<\/div>\n\n<div class=\"container\">\n<ul class=\"wp-block-list\">\n<li><a href=\"https:\/\/riwal-wpn.acceptatie.indicia-interactiv.nl\/poland\/pl-pl\/rental\/products\/5637179449_sd220\"><strong>Podest teleskopowy JLG 660SJ<\/strong><\/a>, wysoko\u015b\u0107 robocza 22m<\/li>\n\n\n\n<li><a href=\"https:\/\/riwal-wpn.acceptatie.indicia-interactiv.nl\/poland\/pl-pl\/rental\/products\/5637182579dss120\"><strong>Podest no\u017cycowy JLG 330LRT<\/strong><\/a>, wysoko\u015b\u0107 robocza 22m<\/li>\n\n\n\n<li><a href=\"https:\/\/riwal-wpn.acceptatie.indicia-interactiv.nl\/poland\/pl-pl\/rental\/products\/5637179465_ad260\"><strong>Podest przegubowy JLG 800AJ<\/strong><\/a>, wysoko\u015b\u0107 robocza 26m<\/li>\n\n\n\n<li><a href=\"https:\/\/riwal-wpn.acceptatie.indicia-interactiv.nl\/poland\/pl-pl\/rental\/products\/5637179466_ad400\"><strong>Podest przegubowy JLG 1250AJP<\/strong><\/a><strong>, wysoko\u015b\u0107 robocza 40m<\/strong><\/li>\n\n\n\n<li><a href=\"https:\/\/riwal-wpn.acceptatie.indicia-interactiv.nl\/poland\/pl-pl\/rental\/products\/5637179416_thr5030\"><strong>\u0141adowarka teleskopowa obrotowa Magni RTH 5.30S<\/strong><\/a><strong>, <\/strong>wysoko\u015b\u0107 robocza 30m<\/li>\n<\/ul>\n<\/div>\n\n<div class=\"container\">\n<p><strong>Jako\u015b\u0107 i bezpiecze\u0144stwo<\/strong><\/p>\n<\/div>\n\n<div class=\"container\">\n<p>Stosujemy najwy\u017csze standardy bezpiecze\u0144stwa, oferuj\u0105c tylko maszyny wiod\u0105cych w bran\u017cy producent\u00f3w, takich jaki JLG czy Magni. Podno\u015bniki podlegaj\u0105 kontroli przed ka\u017cdym wynajmem.<\/p>\n<\/div>\n\n<div class=\"container\">\n<p><strong>Warto wiedzie\u0107<\/strong><\/p>\n<\/div>\n\n<div class=\"container\">\n<ul class=\"wp-block-list\">\n<li>Posiadamy certyfikaty ISO I VCA<\/li>\n\n\n\n<li>Mamy kilka zlokalizowanych w Polsce centr\u00f3w szkoleniowych dla operator\u00f3w podest\u00f3w ruchomych i \u0142adowarek teleskopowych. Mo\u017cemy przeprowadzi\u0107 szkolenie tak\u017ce w Twojej lokalizacji.<\/li>\n<\/ul>\n<\/div>\n\n<div class=\"container\">\n<p><strong><a href=\"\/app\/uploads\/sites\/9\/2024\/02\/Budownictwo-1.pdf\">Pobierz ulotk\u0119 RIWAL dotycz\u0105c\u0105 rozwi\u0105za\u0144\u00a0dla bran\u017cy budowlanej<\/a><\/strong><\/p>\n<\/div>\n\n<div class=\"container\">\n<figure class=\"wp-block-image size-full\"><a href=\"\/app\/uploads\/sites\/9\/2024\/02\/Budownictwo-1.pdf\"><img loading=\"lazy\" decoding=\"async\" width=\"200\" height=\"281\" src=\"https:\/\/riwal-wpn.acceptatie.indicia-interactiv.nl\/app\/uploads\/sites\/9\/2024\/02\/branza-budownictwo-ulotka.webp\" alt=\"\" class=\"wp-image-7069\" srcset=\"https:\/\/riwal-wpn.acceptatie.indicia-interactiv.nl\/app\/uploads\/sites\/9\/2024\/02\/branza-budownictwo-ulotka.webp 200w, https:\/\/riwal-wpn.acceptatie.indicia-interactiv.nl\/app\/uploads\/sites\/9\/2024\/02\/branza-budownictwo-ulotka-178x250.webp 178w, https:\/\/riwal-wpn.acceptatie.indicia-interactiv.nl\/app\/uploads\/sites\/9\/2024\/02\/branza-budownictwo-ulotka-142x200.webp 142w\" sizes=\"auto, (max-width: 200px) 100vw, 200px\" \/><\/a><\/figure>\n<\/div>","protected":false},"excerpt":{"rendered":"<p>PRACUJESZ NA BUDOWIE I POTRZEBUJESZ PODEST\u00d3W? Od ponad 10 lat Riwal w Polsce wsp\u00f3\u0142pracuje z klientami z bran\u017cy budowlanej. Bazuj\u0105c na latach do\u015bwiadcze\u0144 wiemy, \u017ce na budowie kluczowe jest wykonanie pracy szybko, efektywnie i bezpiecznie. Zapewniamy, \u017ce zaspokoimy Twoje wszelkie potrzeby w zakresie wynajmu czy zakupu podest\u00f3w ruchomych, \u0142adowarek teleskopowych, a tak\u017ce przeszkolenia pracownik\u00f3w. Zakres &hellip; <a href=\"https:\/\/riwal-wpn.acceptatie.indicia-interactiv.nl\/pl\/branze\/budownictwo\/\">Kontynuuacja<\/a><\/p>\n","protected":false},"author":31,"featured_media":0,"parent":5814,"menu_order":0,"comment_status":"closed","ping_status":"closed","template":"","meta":{"_acf_changed":false,"editor_notices":[],"footnotes":""},"class_list":["post-7064","page","type-page","status-publish","hentry"],"acf":[],"yoast_head":"<!-- This site is optimized with the Yoast SEO Premium plugin v27.1 (Yoast SEO v27.1.1) - https:\/\/yoast.com\/product\/yoast-seo-premium-wordpress\/ -->\n<title>Budownictwo - Riwal - Polska<\/title>\n<meta name=\"robots\" content=\"noindex, follow, max-snippet:-1, max-image-preview:large, max-video-preview:-1\" \/>\n<meta property=\"og:locale\" content=\"pl_PL\" \/>\n<meta property=\"og:type\" content=\"article\" \/>\n<meta property=\"og:title\" content=\"Budownictwo\" \/>\n<meta property=\"og:description\" content=\"PRACUJESZ NA BUDOWIE I POTRZEBUJESZ PODEST\u00d3W? Od ponad 10 lat Riwal w Polsce wsp\u00f3\u0142pracuje z klientami z bran\u017cy budowlanej. Bazuj\u0105c na latach do\u015bwiadcze\u0144 wiemy, \u017ce na budowie kluczowe jest wykonanie pracy szybko, efektywnie i bezpiecznie. Zapewniamy, \u017ce zaspokoimy Twoje wszelkie potrzeby w zakresie wynajmu czy zakupu podest\u00f3w ruchomych, \u0142adowarek teleskopowych, a tak\u017ce przeszkolenia pracownik\u00f3w. Zakres &hellip; Kontynuuacja\" \/>\n<meta property=\"og:url\" content=\"https:\/\/riwal-wpn.acceptatie.indicia-interactiv.nl\/pl\/branze\/budownictwo\/\" \/>\n<meta property=\"og:site_name\" content=\"Riwal - Polska\" \/>\n<meta property=\"article:modified_time\" content=\"2024-02-05T10:45:08+00:00\" \/>\n<meta property=\"og:image\" content=\"https:\/\/riwal-wpn.acceptatie.indicia-interactiv.nl\/app\/uploads\/sites\/9\/2024\/02\/branza-budownictwo-ulotka.webp\" \/>\n<meta name=\"twitter:card\" content=\"summary_large_image\" \/>\n<meta name=\"twitter:label1\" content=\"Est. reading time\" \/>\n\t<meta name=\"twitter:data1\" content=\"3 minuty\" \/>\n<script type=\"application\/ld+json\" class=\"yoast-schema-graph\">{\"@context\":\"https:\/\/schema.org\",\"@graph\":[{\"@type\":\"WebPage\",\"@id\":\"https:\/\/riwal-wpn.acceptatie.indicia-interactiv.nl\/pl\/branze\/budownictwo\/\",\"url\":\"https:\/\/riwal-wpn.acceptatie.indicia-interactiv.nl\/pl\/branze\/budownictwo\/\",\"name\":\"Budownictwo - Riwal - Polska\",\"isPartOf\":{\"@id\":\"https:\/\/riwal-wpn.acceptatie.indicia-interactiv.nl\/pl\/#website\"},\"primaryImageOfPage\":{\"@id\":\"https:\/\/riwal-wpn.acceptatie.indicia-interactiv.nl\/pl\/branze\/budownictwo\/#primaryimage\"},\"image\":{\"@id\":\"https:\/\/riwal-wpn.acceptatie.indicia-interactiv.nl\/pl\/branze\/budownictwo\/#primaryimage\"},\"thumbnailUrl\":\"https:\/\/riwal-wpn.acceptatie.indicia-interactiv.nl\/app\/uploads\/sites\/9\/2024\/02\/branza-budownictwo-ulotka.webp\",\"datePublished\":\"2024-02-05T09:47:20+00:00\",\"dateModified\":\"2024-02-05T10:45:08+00:00\",\"breadcrumb\":{\"@id\":\"https:\/\/riwal-wpn.acceptatie.indicia-interactiv.nl\/pl\/branze\/budownictwo\/#breadcrumb\"},\"inLanguage\":\"pl-PL\",\"potentialAction\":[{\"@type\":\"ReadAction\",\"target\":[\"https:\/\/riwal-wpn.acceptatie.indicia-interactiv.nl\/pl\/branze\/budownictwo\/\"]}]},{\"@type\":\"ImageObject\",\"inLanguage\":\"pl-PL\",\"@id\":\"https:\/\/riwal-wpn.acceptatie.indicia-interactiv.nl\/pl\/branze\/budownictwo\/#primaryimage\",\"url\":\"https:\/\/riwal-wpn.acceptatie.indicia-interactiv.nl\/app\/uploads\/sites\/9\/2024\/02\/branza-budownictwo-ulotka.webp\",\"contentUrl\":\"https:\/\/riwal-wpn.acceptatie.indicia-interactiv.nl\/app\/uploads\/sites\/9\/2024\/02\/branza-budownictwo-ulotka.webp\"},{\"@type\":\"BreadcrumbList\",\"@id\":\"https:\/\/riwal-wpn.acceptatie.indicia-interactiv.nl\/pl\/branze\/budownictwo\/#breadcrumb\",\"itemListElement\":[{\"@type\":\"ListItem\",\"position\":1,\"name\":\"Strona g\u0142\u00f3wna\",\"item\":\"https:\/\/riwal-wpn.acceptatie.indicia-interactiv.nl\/pl\/\"},{\"@type\":\"ListItem\",\"position\":2,\"name\":\"Bran\u017ce\",\"item\":\"https:\/\/riwal-wpn.acceptatie.indicia-interactiv.nl\/pl\/branze\/\"},{\"@type\":\"ListItem\",\"position\":3,\"name\":\"Budownictwo\"}]},{\"@type\":\"WebSite\",\"@id\":\"https:\/\/riwal-wpn.acceptatie.indicia-interactiv.nl\/pl\/#website\",\"url\":\"https:\/\/riwal-wpn.acceptatie.indicia-interactiv.nl\/pl\/\",\"name\":\"Riwal\",\"description\":\"Arial work platform &amp; Telehandler Rental\/Sales\",\"publisher\":{\"@id\":\"https:\/\/riwal-wpn.acceptatie.indicia-interactiv.nl\/pl\/#organization\"},\"potentialAction\":[{\"@type\":\"SearchAction\",\"target\":{\"@type\":\"EntryPoint\",\"urlTemplate\":\"https:\/\/riwal-wpn.acceptatie.indicia-interactiv.nl\/pl\/?s={search_term_string}\"},\"query-input\":{\"@type\":\"PropertyValueSpecification\",\"valueRequired\":true,\"valueName\":\"search_term_string\"}}],\"inLanguage\":\"pl-PL\"},{\"@type\":\"Organization\",\"@id\":\"https:\/\/riwal-wpn.acceptatie.indicia-interactiv.nl\/pl\/#organization\",\"name\":\"Riwal\",\"url\":\"https:\/\/riwal-wpn.acceptatie.indicia-interactiv.nl\/pl\/\",\"logo\":{\"@type\":\"ImageObject\",\"inLanguage\":\"pl-PL\",\"@id\":\"https:\/\/riwal-wpn.acceptatie.indicia-interactiv.nl\/pl\/#\/schema\/logo\/image\/\",\"url\":\"\",\"contentUrl\":\"\",\"caption\":\"Riwal\"},\"image\":{\"@id\":\"https:\/\/riwal-wpn.acceptatie.indicia-interactiv.nl\/pl\/#\/schema\/logo\/image\/\"}}]}<\/script>\n<!-- \/ Yoast SEO Premium plugin. -->","yoast_head_json":{"title":"Budownictwo - Riwal - Polska","robots":{"index":"noindex","follow":"follow","max-snippet":"max-snippet:-1","max-image-preview":"max-image-preview:large","max-video-preview":"max-video-preview:-1"},"og_locale":"pl_PL","og_type":"article","og_title":"Budownictwo","og_description":"PRACUJESZ NA BUDOWIE I POTRZEBUJESZ PODEST\u00d3W? Od ponad 10 lat Riwal w Polsce wsp\u00f3\u0142pracuje z klientami z bran\u017cy budowlanej. Bazuj\u0105c na latach do\u015bwiadcze\u0144 wiemy, \u017ce na budowie kluczowe jest wykonanie pracy szybko, efektywnie i bezpiecznie. Zapewniamy, \u017ce zaspokoimy Twoje wszelkie potrzeby w zakresie wynajmu czy zakupu podest\u00f3w ruchomych, \u0142adowarek teleskopowych, a tak\u017ce przeszkolenia pracownik\u00f3w. Zakres &hellip; Kontynuuacja","og_url":"https:\/\/riwal-wpn.acceptatie.indicia-interactiv.nl\/pl\/branze\/budownictwo\/","og_site_name":"Riwal - Polska","article_modified_time":"2024-02-05T10:45:08+00:00","og_image":[{"url":"https:\/\/riwal-wpn.acceptatie.indicia-interactiv.nl\/app\/uploads\/sites\/9\/2024\/02\/branza-budownictwo-ulotka.webp","type":"","width":"","height":""}],"twitter_card":"summary_large_image","twitter_misc":{"Est. reading time":"3 minuty"},"schema":{"@context":"https:\/\/schema.org","@graph":[{"@type":"WebPage","@id":"https:\/\/riwal-wpn.acceptatie.indicia-interactiv.nl\/pl\/branze\/budownictwo\/","url":"https:\/\/riwal-wpn.acceptatie.indicia-interactiv.nl\/pl\/branze\/budownictwo\/","name":"Budownictwo - Riwal - Polska","isPartOf":{"@id":"https:\/\/riwal-wpn.acceptatie.indicia-interactiv.nl\/pl\/#website"},"primaryImageOfPage":{"@id":"https:\/\/riwal-wpn.acceptatie.indicia-interactiv.nl\/pl\/branze\/budownictwo\/#primaryimage"},"image":{"@id":"https:\/\/riwal-wpn.acceptatie.indicia-interactiv.nl\/pl\/branze\/budownictwo\/#primaryimage"},"thumbnailUrl":"https:\/\/riwal-wpn.acceptatie.indicia-interactiv.nl\/app\/uploads\/sites\/9\/2024\/02\/branza-budownictwo-ulotka.webp","datePublished":"2024-02-05T09:47:20+00:00","dateModified":"2024-02-05T10:45:08+00:00","breadcrumb":{"@id":"https:\/\/riwal-wpn.acceptatie.indicia-interactiv.nl\/pl\/branze\/budownictwo\/#breadcrumb"},"inLanguage":"pl-PL","potentialAction":[{"@type":"ReadAction","target":["https:\/\/riwal-wpn.acceptatie.indicia-interactiv.nl\/pl\/branze\/budownictwo\/"]}]},{"@type":"ImageObject","inLanguage":"pl-PL","@id":"https:\/\/riwal-wpn.acceptatie.indicia-interactiv.nl\/pl\/branze\/budownictwo\/#primaryimage","url":"https:\/\/riwal-wpn.acceptatie.indicia-interactiv.nl\/app\/uploads\/sites\/9\/2024\/02\/branza-budownictwo-ulotka.webp","contentUrl":"https:\/\/riwal-wpn.acceptatie.indicia-interactiv.nl\/app\/uploads\/sites\/9\/2024\/02\/branza-budownictwo-ulotka.webp"},{"@type":"BreadcrumbList","@id":"https:\/\/riwal-wpn.acceptatie.indicia-interactiv.nl\/pl\/branze\/budownictwo\/#breadcrumb","itemListElement":[{"@type":"ListItem","position":1,"name":"Strona g\u0142\u00f3wna","item":"https:\/\/riwal-wpn.acceptatie.indicia-interactiv.nl\/pl\/"},{"@type":"ListItem","position":2,"name":"Bran\u017ce","item":"https:\/\/riwal-wpn.acceptatie.indicia-interactiv.nl\/pl\/branze\/"},{"@type":"ListItem","position":3,"name":"Budownictwo"}]},{"@type":"WebSite","@id":"https:\/\/riwal-wpn.acceptatie.indicia-interactiv.nl\/pl\/#website","url":"https:\/\/riwal-wpn.acceptatie.indicia-interactiv.nl\/pl\/","name":"Riwal","description":"Arial work platform &amp; Telehandler Rental\/Sales","publisher":{"@id":"https:\/\/riwal-wpn.acceptatie.indicia-interactiv.nl\/pl\/#organization"},"potentialAction":[{"@type":"SearchAction","target":{"@type":"EntryPoint","urlTemplate":"https:\/\/riwal-wpn.acceptatie.indicia-interactiv.nl\/pl\/?s={search_term_string}"},"query-input":{"@type":"PropertyValueSpecification","valueRequired":true,"valueName":"search_term_string"}}],"inLanguage":"pl-PL"},{"@type":"Organization","@id":"https:\/\/riwal-wpn.acceptatie.indicia-interactiv.nl\/pl\/#organization","name":"Riwal","url":"https:\/\/riwal-wpn.acceptatie.indicia-interactiv.nl\/pl\/","logo":{"@type":"ImageObject","inLanguage":"pl-PL","@id":"https:\/\/riwal-wpn.acceptatie.indicia-interactiv.nl\/pl\/#\/schema\/logo\/image\/","url":"","contentUrl":"","caption":"Riwal"},"image":{"@id":"https:\/\/riwal-wpn.acceptatie.indicia-interactiv.nl\/pl\/#\/schema\/logo\/image\/"}}]}},"_links":{"self":[{"href":"https:\/\/riwal-wpn.acceptatie.indicia-interactiv.nl\/pl\/wp-json\/wp\/v2\/pages\/7064","targetHints":{"allow":["GET"]}}],"collection":[{"href":"https:\/\/riwal-wpn.acceptatie.indicia-interactiv.nl\/pl\/wp-json\/wp\/v2\/pages"}],"about":[{"href":"https:\/\/riwal-wpn.acceptatie.indicia-interactiv.nl\/pl\/wp-json\/wp\/v2\/types\/page"}],"author":[{"embeddable":true,"href":"https:\/\/riwal-wpn.acceptatie.indicia-interactiv.nl\/pl\/wp-json\/wp\/v2\/users\/31"}],"replies":[{"embeddable":true,"href":"https:\/\/riwal-wpn.acceptatie.indicia-interactiv.nl\/pl\/wp-json\/wp\/v2\/comments?post=7064"}],"version-history":[{"count":6,"href":"https:\/\/riwal-wpn.acceptatie.indicia-interactiv.nl\/pl\/wp-json\/wp\/v2\/pages\/7064\/revisions"}],"predecessor-version":[{"id":7073,"href":"https:\/\/riwal-wpn.acceptatie.indicia-interactiv.nl\/pl\/wp-json\/wp\/v2\/pages\/7064\/revisions\/7073"}],"up":[{"embeddable":true,"href":"https:\/\/riwal-wpn.acceptatie.indicia-interactiv.nl\/pl\/wp-json\/wp\/v2\/pages\/5814"}],"wp:attachment":[{"href":"https:\/\/riwal-wpn.acceptatie.indicia-interactiv.nl\/pl\/wp-json\/wp\/v2\/media?parent=7064"}],"curies":[{"name":"wp","href":"https:\/\/api.w.org\/{rel}","templated":true}]}}